



{"id":10637,"date":"2019-03-25T03:19:32","date_gmt":"2019-03-25T01:19:32","guid":{"rendered":"https:\/\/www.whisker.lv\/?page_id=10637"},"modified":"2019-04-24T20:25:38","modified_gmt":"2019-04-24T18:25:38","slug":"abesinijas-kakis","status":"publish","type":"page","link":"https:\/\/www.whisker.lv\/en\/kaku-skirnes\/abesinijas-kakis\/","title":{"rendered":"Abes\u012bnijas ka\u0137is"},"content":{"rendered":"[vc_row][vc_column][vc_text_separator title=&#8221;Abest\u012bnijas ka\u0137is&#8221; border_width=&#8221;8&#8243;][\/vc_column][\/vc_row][vc_row content_placement=&#8221;middle&#8221;][vc_column width=&#8221;1\/4&#8243;][vc_single_image image=&#8221;9932&#8243; img_size=&#8221;full&#8221; style=&#8221;vc_box_rounded&#8221; onclick=&#8221;link_image&#8221;][\/vc_column][vc_column width=&#8221;3\/4&#8243;][vc_column_text]<span style=\"color: #000000;\"><strong>Izcelsme:<\/strong> \u0112\u0123ipte<\/span><\/p>\n<p><span style=\"color: #000000;\"><strong>Svars:<\/strong> 3.5-4 kg<\/span><\/p>\n<p><span style=\"color: #000000;\"><strong>Dz\u012bves ilgums:<\/strong> 9-15 gadi<\/span>[\/vc_column_text][\/vc_column][\/vc_row][vc_row][vc_column][vc_column_text]<span style=\"color: #000000;\">P\u0113c \u0137erme\u0146a uzb\u016bves Abes\u012bnijas ka\u0137i ir vid\u0113ja izm\u0113ra, majest\u0101tiska izskata, ar sp\u0113c\u012bgiem, lokaniem augumiem un gar\u0101m, slaid\u0101m k\u0101j\u0101m. Run\u010di ir izm\u0113r\u0101 liel\u0101ki par ka\u0137en\u0113m. Svar\u0101 run\u010di sasniedz gandr\u012bz \u010detrus kilogramus, bet ka\u0137enes tr\u012bsarpus. Ka\u0137u \u0137epas ir nelielas un ov\u0101las, bet galvas izteikti st\u016brainas, ar spic\u0101m aus\u012bm, kas atrodas t\u0101lu viena no otras. Ac\u012bm ir izteikta mande\u013cu forma un t\u0101s visbie\u017e\u0101k ir dzelteni br\u016bnas. Abes\u012bnie\u0161iem ir sam\u0113r\u0101 ilgs m\u016b\u017es \u2013 tie var nodz\u012bvot l\u012bdz pat 15 gadu vecumam. Vid\u0113ji vien\u0101 metien\u0101 var piedzimt pat se\u0161i ka\u0137\u0113ni. <\/span><\/p>\n<p><span style=\"color: #000000;\">Abes\u012bnijas ka\u0137i p\u0113c to person\u012bbas un rakstura ir inteli\u0123enti un \u013coti zin\u0101tk\u0101ri. Tie ir \u0101rk\u0101rt\u012bgi uzticami un pie\u0137eras savai \u0123imenei \u2013 tie pat \u017e\u0113losies, ja tiks no\u0161\u0137irti no ierast\u0101s komp\u0101nijas. Tos var ar\u012b viegli dres\u0113t, jo tie ir paklaus\u012bgi.<\/span><\/p>\n<p><span style=\"color: #000000;\">Run\u010di labi saprotas ar citiem ka\u0137iem, bet ka\u0137enes ir ietiep\u012bg\u0101kas, jo v\u0113las b\u016bt vien\u012bg\u0101s m\u0101jas saimnieces. Abi dzimumi gan ir sp\u0113j\u012bgi saprasties un \u013coti pie\u0137eras su\u0146iem. Abes\u012bnie\u0161iem ir svar\u012bgi, lai vienm\u0113r b\u016btu m\u0101j\u0101s cilv\u0113ki, kas sast\u0101da vi\u0146iem komp\u0101niju. Tiem nepat\u012bk ierobe\u017eo\u0161ana, t\u0101p\u0113c ir nepiecie\u0161am\u012bba p\u0113c telpas, k\u0101 jau ka\u0137iem, kuriem pat\u012bk br\u012bvi staig\u0101t pa visu teritoriju.<\/span><\/p>\n<p><span style=\"color: #000000;\"><strong>V\u0113sture:<\/strong>\u00a0Abes\u012bnie\u0161u ka\u0137u \u0161\u0137irne tiek uzskat\u012bta par vienu no vissen\u0101kaj\u0101m, tom\u0113r par to tie\u0161o izcelsmes vietu ka\u0137u \u0161\u0137ir\u0146u pazin\u0113ji v\u0113l str\u012bdas. Past\u0101v uzskats, ka abes\u012bnie\u0161u dzimtene ir \u0112\u0123ipte, ta\u010du p\u0113tot ka\u0137u izcelsmi dzi\u013c\u0101k, noskaidroj\u0101s, ka tie n\u0101k no Indijas oke\u0101na krastiem. Abes\u012bnija, kas izmantota \u0161\u0137irnes nosaukum\u0101, gan ir cie\u0161i saist\u012bta ar Etiopiju, no kurienes tad ar\u012b \u0161ie eksotiskie ka\u0137i ce\u013coju\u0161i uz Eiropu, pateicoties britu karav\u012briem, kuri tos 19.gadsimt\u0101 ievedu\u0161i.<\/span><\/p>\n<p><span style=\"color: #000000;\"><strong>Piez\u012bme:\u00a0<\/strong>Abes\u012bnie\u0161iem pat\u012bk b\u016bt uzman\u012bbas centr\u0101, bet nav ska\u013ci \u2013 to \u0146aud\u0113\u0161ana ir dr\u012bz\u0101k klusa. Tie m\u0113dz ar\u012b atdarin\u0101t cilv\u0113ka veikt\u0101s darb\u012bbas, t\u0101p\u0113c ir \u012bpa\u0161i draudz\u012bgi ar durvju kli\u0146\u0137iem \u2013 \u0101tri iem\u0101c\u0101s attais\u012bt durvis, t\u0101p\u0113c da\u017eiem \u0161\u012bs \u0161\u0137irnes ka\u0137u saimniekiem j\u0101r\u0113\u0137in\u0101s ar to, ka b\u016bs nepiecie\u0161ams t\u0101ds durvju kli\u0146\u0137is, kuru ka\u0137is nevar\u0113s atv\u0113rt.<\/span>[\/vc_column_text][\/vc_column][\/vc_row]\n","protected":false},"excerpt":{"rendered":"<p>[vc_row][vc_column][vc_text_separator title=&#8221;Abest\u012bnijas ka\u0137is&#8221; border_width=&#8221;8&#8243;][\/vc_column][\/vc_row][vc_row content_placement=&#8221;middle&#8221;][vc_column width=&#8221;1\/4&#8243;][vc_single_image image=&#8221;9932&#8243; img_size=&#8221;full&#8221; style=&#8221;vc_box_rounded&#8221; onclick=&#8221;link_image&#8221;][\/vc_column][vc_column width=&#8221;3\/4&#8243;][vc_column_text]Izcelsme: \u0112\u0123ipte Svars: 3.5-4 kg Dz\u012bves ilgums: 9-15 gadi[\/vc_column_text][\/vc_column][\/vc_row][vc_row][vc_column][vc_column_text]P\u0113c \u0137erme\u0146a uzb\u016bves Abes\u012bnijas ka\u0137i ir vid\u0113ja izm\u0113ra, majest\u0101tiska izskata, ar sp\u0113c\u012bgiem, lokaniem augumiem un gar\u0101m, slaid\u0101m k\u0101j\u0101m. Run\u010di ir izm\u0113r\u0101 liel\u0101ki par ka\u0137en\u0113m. Svar\u0101 run\u010di sasniedz gandr\u012bz \u010detrus kilogramus, bet ka\u0137enes tr\u012bsarpus. Ka\u0137u \u0137epas ir nelielas [&hellip;]<\/p>\n","protected":false},"author":1,"featured_media":0,"parent":9927,"menu_order":0,"comment_status":"closed","ping_status":"closed","template":"page-fullwidth.php","meta":{"_acf_changed":false,"_glsr_average":0,"_glsr_ranking":0,"_glsr_reviews":0,"footnotes":""},"translation":{"provider":"WPGlobus","version":"2.12.2","language":"en","enabled_languages":["lv","en","ru"],"languages":{"lv":{"title":true,"content":true,"excerpt":false},"en":{"title":false,"content":false,"excerpt":false},"ru":{"title":false,"content":false,"excerpt":false}}},"acf":[],"yoast_head":"<!-- This site is optimized with the Yoast SEO plugin v22.5 - https:\/\/yoast.com\/wordpress\/plugins\/seo\/ -->\n<title>Abes\u012bnijas ka\u0137is (Abyssinian) - Whisker.lv | Ka\u0137u \u0161\u0137irnes<\/title>\n<meta name=\"robots\" content=\"index, follow, max-snippet:-1, max-image-preview:large, max-video-preview:-1\" \/>\n<link rel=\"canonical\" href=\"https:\/\/www.whisker.lv\/kaku-skirnes\/abesinijas-kakis\/\" \/>\n<meta property=\"og:locale\" content=\"en_US\" \/>\n<meta property=\"og:type\" content=\"article\" \/>\n<meta property=\"og:title\" content=\"Abes\u012bnijas ka\u0137is - Whisker\" \/>\n<meta property=\"og:url\" content=\"https:\/\/www.whisker.lv\/kaku-skirnes\/abesinijas-kakis\/\" \/>\n<meta property=\"og:site_name\" content=\"Whisker\" \/>\n<meta property=\"article:publisher\" content=\"https:\/\/www.facebook.com\/whisker.lv\/\" \/>\n<meta property=\"article:modified_time\" content=\"2019-04-24T18:25:38+00:00\" \/>\n<meta name=\"twitter:card\" content=\"summary_large_image\" \/>\n<meta name=\"twitter:label1\" content=\"Est. reading time\" \/>\n\t<meta name=\"twitter:data1\" content=\"3 minutes\" \/>\n<script type=\"application\/ld+json\" class=\"yoast-schema-graph\">{\"@context\":\"https:\/\/schema.org\",\"@graph\":[{\"@type\":\"WebPage\",\"@id\":\"https:\/\/www.whisker.lv\/kaku-skirnes\/abesinijas-kakis\/\",\"url\":\"https:\/\/www.whisker.lv\/kaku-skirnes\/abesinijas-kakis\/\",\"name\":\"Abes\u012bnijas ka\u0137is (Abyssinian) - Whisker.lv | Ka\u0137u \u0161\u0137irnes\",\"isPartOf\":{\"@id\":\"https:\/\/www.whisker.lv\/#website\"},\"datePublished\":\"2019-03-25T01:19:32+00:00\",\"dateModified\":\"2019-04-24T18:25:38+00:00\",\"description\":\"Abes\u012bnijas ka\u0137is - p\u0113c to person\u012bbas un rakstura ir inteli\u0123enti un \u013coti zin\u0101tk\u0101ri. Tie ir \u0101rk\u0101rt\u012bgi uzticami un pie\u0137eras savai \u0123imenei.\",\"breadcrumb\":{\"@id\":\"https:\/\/www.whisker.lv\/kaku-skirnes\/abesinijas-kakis\/#breadcrumb\"},\"inLanguage\":\"en-US\",\"potentialAction\":[{\"@type\":\"ReadAction\",\"target\":[\"https:\/\/www.whisker.lv\/kaku-skirnes\/abesinijas-kakis\/\"]}]},{\"@type\":\"BreadcrumbList\",\"@id\":\"https:\/\/www.whisker.lv\/kaku-skirnes\/abesinijas-kakis\/#breadcrumb\",\"itemListElement\":[{\"@type\":\"ListItem\",\"position\":1,\"name\":\"S\u0101kums\",\"item\":\"https:\/\/www.whisker.lv\/\"},{\"@type\":\"ListItem\",\"position\":2,\"name\":\"Ka\u0137u \u0161\u0137irnes\",\"item\":\"https:\/\/www.whisker.lv\/kaku-skirnes\/\"},{\"@type\":\"ListItem\",\"position\":3,\"name\":\"Abes\u012bnijas ka\u0137is\"}]},{\"@type\":\"WebSite\",\"@id\":\"https:\/\/www.whisker.lv\/#website\",\"url\":\"https:\/\/www.whisker.lv\/\",\"name\":\"Whisker\",\"description\":\"Tavs pal\u012bgs m\u0101jdzivnieku pieskat\u012b\u0161an\u0101\",\"potentialAction\":[{\"@type\":\"SearchAction\",\"target\":{\"@type\":\"EntryPoint\",\"urlTemplate\":\"https:\/\/www.whisker.lv\/?s={search_term_string}\"},\"query-input\":\"required name=search_term_string\"}],\"inLanguage\":\"en-US\"}]}<\/script>\n<!-- \/ Yoast SEO plugin. -->","yoast_head_json":{"title":"Abes\u012bnijas ka\u0137is (Abyssinian) - Whisker.lv | Ka\u0137u \u0161\u0137irnes","robots":{"index":"index","follow":"follow","max-snippet":"max-snippet:-1","max-image-preview":"max-image-preview:large","max-video-preview":"max-video-preview:-1"},"canonical":"https:\/\/www.whisker.lv\/kaku-skirnes\/abesinijas-kakis\/","og_locale":"en_US","og_type":"article","og_title":"Abes\u012bnijas ka\u0137is - Whisker","og_url":"https:\/\/www.whisker.lv\/kaku-skirnes\/abesinijas-kakis\/","og_site_name":"Whisker","article_publisher":"https:\/\/www.facebook.com\/whisker.lv\/","article_modified_time":"2019-04-24T18:25:38+00:00","twitter_card":"summary_large_image","twitter_misc":{"Est. reading time":"3 minutes"},"schema":{"@context":"https:\/\/schema.org","@graph":[{"@type":"WebPage","@id":"https:\/\/www.whisker.lv\/kaku-skirnes\/abesinijas-kakis\/","url":"https:\/\/www.whisker.lv\/kaku-skirnes\/abesinijas-kakis\/","name":"Abes\u012bnijas ka\u0137is (Abyssinian) - Whisker.lv | Ka\u0137u \u0161\u0137irnes","isPartOf":{"@id":"https:\/\/www.whisker.lv\/#website"},"datePublished":"2019-03-25T01:19:32+00:00","dateModified":"2019-04-24T18:25:38+00:00","description":"Abes\u012bnijas ka\u0137is - p\u0113c to person\u012bbas un rakstura ir inteli\u0123enti un \u013coti zin\u0101tk\u0101ri. Tie ir \u0101rk\u0101rt\u012bgi uzticami un pie\u0137eras savai \u0123imenei.","breadcrumb":{"@id":"https:\/\/www.whisker.lv\/kaku-skirnes\/abesinijas-kakis\/#breadcrumb"},"inLanguage":"en-US","potentialAction":[{"@type":"ReadAction","target":["https:\/\/www.whisker.lv\/kaku-skirnes\/abesinijas-kakis\/"]}]},{"@type":"BreadcrumbList","@id":"https:\/\/www.whisker.lv\/kaku-skirnes\/abesinijas-kakis\/#breadcrumb","itemListElement":[{"@type":"ListItem","position":1,"name":"S\u0101kums","item":"https:\/\/www.whisker.lv\/"},{"@type":"ListItem","position":2,"name":"Ka\u0137u \u0161\u0137irnes","item":"https:\/\/www.whisker.lv\/kaku-skirnes\/"},{"@type":"ListItem","position":3,"name":"Abes\u012bnijas ka\u0137is"}]},{"@type":"WebSite","@id":"https:\/\/www.whisker.lv\/#website","url":"https:\/\/www.whisker.lv\/","name":"Whisker","description":"Tavs pal\u012bgs m\u0101jdzivnieku pieskat\u012b\u0161an\u0101","potentialAction":[{"@type":"SearchAction","target":{"@type":"EntryPoint","urlTemplate":"https:\/\/www.whisker.lv\/?s={search_term_string}"},"query-input":"required name=search_term_string"}],"inLanguage":"en-US"}]}},"_links":{"self":[{"href":"https:\/\/www.whisker.lv\/en\/wp-json\/wp\/v2\/pages\/10637"}],"collection":[{"href":"https:\/\/www.whisker.lv\/en\/wp-json\/wp\/v2\/pages"}],"about":[{"href":"https:\/\/www.whisker.lv\/en\/wp-json\/wp\/v2\/types\/page"}],"author":[{"embeddable":true,"href":"https:\/\/www.whisker.lv\/en\/wp-json\/wp\/v2\/users\/1"}],"replies":[{"embeddable":true,"href":"https:\/\/www.whisker.lv\/en\/wp-json\/wp\/v2\/comments?post=10637"}],"version-history":[{"count":5,"href":"https:\/\/www.whisker.lv\/en\/wp-json\/wp\/v2\/pages\/10637\/revisions"}],"predecessor-version":[{"id":12638,"href":"https:\/\/www.whisker.lv\/en\/wp-json\/wp\/v2\/pages\/10637\/revisions\/12638"}],"up":[{"embeddable":true,"href":"https:\/\/www.whisker.lv\/en\/wp-json\/wp\/v2\/pages\/9927"}],"wp:attachment":[{"href":"https:\/\/www.whisker.lv\/en\/wp-json\/wp\/v2\/media?parent=10637"}],"curies":[{"name":"wp","href":"https:\/\/api.w.org\/{rel}","templated":true}]}}