



{"id":11879,"date":"2019-04-24T19:30:02","date_gmt":"2019-04-24T17:30:02","guid":{"rendered":"https:\/\/www.whisker.lv\/?page_id=11879"},"modified":"2019-04-24T22:48:51","modified_gmt":"2019-04-24T20:48:51","slug":"norvegijas-meza-kakis","status":"publish","type":"page","link":"https:\/\/www.whisker.lv\/en\/kaku-skirnes\/norvegijas-meza-kakis\/","title":{"rendered":"Norv\u0113\u0123ijas me\u017ea ka\u0137is"},"content":{"rendered":"[vc_row][vc_column][vc_text_separator title=&#8221;Norv\u0113\u0123ijas me\u017ea ka\u0137is&#8221; border_width=&#8221;8&#8243;][\/vc_column][\/vc_row][vc_row content_placement=&#8221;middle&#8221;][vc_column width=&#8221;1\/4&#8243;][vc_single_image image=&#8221;10077&#8243; img_size=&#8221;large&#8221; style=&#8221;vc_box_rounded&#8221; onclick=&#8221;link_image&#8221;][\/vc_column][vc_column width=&#8221;3\/4&#8243;][vc_column_text]<span style=\"color: #000000;\"><strong>Izcelsme:<\/strong> Norv\u0113\u0123ija<\/span><\/p>\n<p><span style=\"color: #000000;\"><strong>Svars:<\/strong>\u00a06-10 kg<\/span><\/p>\n<p><span style=\"color: #000000;\"><strong>Dz\u012bves ilgums:<\/strong> 10-12 gadi<\/span>[\/vc_column_text][\/vc_column][\/vc_row][vc_row][vc_column][vc_column_text]<span style=\"color: #000000;\">Biezais apmatojums nodro\u0161ina ka\u0137im siltumu pat visaukst\u0101kajos laikapst\u0101k\u013cos. \u0160ai \u0161\u0137irnei rakstur\u012bgs sp\u0113c\u012bgs \u0137ermenis ar vid\u0113ji gar\u0101m k\u0101jam, turkl\u0101t paka\u013ck\u0101jas nedaudz gar\u0101kas par priek\u0161\u0137ep\u0101m. Galva \u2013 tr\u012bsst\u016brveida, ar sp\u0113c\u012bgu zodu un taisnu, garu degunu. Garas ausis, tuvu novietotas, galos \u2013 pu\u0161\u0137\u012b\u0161i. Gara, kupla aste. \u0160iem ka\u0137iem rakstur\u012bgais apmatojums veidojies skarbu klimatisko laikapst\u0101k\u013cu ietekm\u0113. Gada siltajos m\u0113ne\u0161os Norv\u0113\u0123ijas me\u017ea ka\u0137iem vilna k\u013c\u016bst \u012bs\u0101ka, parasti bez apkakles. Apmatojuma un acu kr\u0101sai ierobe\u017eojumi nav. <\/span><\/p>\n<p><span style=\"color: #000000;\">\u0160iem ka\u0137iem ir mierm\u012bl\u012bgs raksturs, ta\u010du sastopami eksempl\u0101ri ar izteikt\u0101m individu\u0101lisma iez\u012bm\u0113m, kas slikti sadz\u012bvo ar citiem ka\u0137iem. Ja radina no mazotnes, tad labi sadz\u012bvo ar citiem m\u0101jdz\u012bvniekiem. Tie ir akt\u012bvi un neatkar\u012bgi dz\u012bvnieki, labi mednieki. Lieliski k\u0101pj kokos un sp\u0113j iek\u013c\u016bt viet\u0101s, kas vairumam ka\u0137u nav pieejamas. Pateicoties biezajam, \u016bdens necaurlaid\u012bgajam apmatojumam, \u0161ie ka\u0137i jebkuros apst\u0101k\u013cos labpr\u0101t bauda pastaigu pa sniegu.<\/span><\/p>\n<p><span style=\"color: #000000;\"><strong>V\u0113sture.\u00a0<\/strong>Konkr\u0113tu liec\u012bbu par to, k\u0101 radies Norv\u0113\u0123ijas me\u017ea ka\u0137is, nav. Tiek pie\u013cauts, ka tas var\u0113tu b\u016bt c\u0113lies no Turcijas garspalvainajiem ka\u0137iem vai no vizu\u0101li l\u012bdz\u012bgajiem Sib\u012brijas ka\u0137iem.<\/span><\/p>\n<p><span style=\"color: #000000;\"><strong>Piez\u012bme.<\/strong> \u0160ie \u0161\u0137irnes ka\u0137i dod priek\u0161roku cilv\u0113ku sabiedr\u012bbai, nelabpr\u0101t paliek vieni ilg\u0101ku laiku.<\/span>[\/vc_column_text][\/vc_column][\/vc_row]\n","protected":false},"excerpt":{"rendered":"<p>[vc_row][vc_column][vc_text_separator title=&#8221;Norv\u0113\u0123ijas me\u017ea ka\u0137is&#8221; border_width=&#8221;8&#8243;][\/vc_column][\/vc_row][vc_row content_placement=&#8221;middle&#8221;][vc_column width=&#8221;1\/4&#8243;][vc_single_image image=&#8221;10077&#8243; img_size=&#8221;large&#8221; style=&#8221;vc_box_rounded&#8221; onclick=&#8221;link_image&#8221;][\/vc_column][vc_column width=&#8221;3\/4&#8243;][vc_column_text]Izcelsme: Norv\u0113\u0123ija Svars:\u00a06-10 kg Dz\u012bves ilgums: 10-12 gadi[\/vc_column_text][\/vc_column][\/vc_row][vc_row][vc_column][vc_column_text]Biezais apmatojums nodro\u0161ina ka\u0137im siltumu pat visaukst\u0101kajos laikapst\u0101k\u013cos. \u0160ai \u0161\u0137irnei rakstur\u012bgs sp\u0113c\u012bgs \u0137ermenis ar vid\u0113ji gar\u0101m k\u0101jam, turkl\u0101t paka\u013ck\u0101jas nedaudz gar\u0101kas par priek\u0161\u0137ep\u0101m. Galva \u2013 tr\u012bsst\u016brveida, ar sp\u0113c\u012bgu zodu un taisnu, garu degunu. Garas ausis, tuvu novietotas, [&hellip;]<\/p>\n","protected":false},"author":1,"featured_media":0,"parent":9927,"menu_order":0,"comment_status":"closed","ping_status":"closed","template":"page-fullwidth.php","meta":{"_acf_changed":false,"_glsr_average":0,"_glsr_ranking":0,"_glsr_reviews":0,"footnotes":""},"translation":{"provider":"WPGlobus","version":"2.12.2","language":"en","enabled_languages":["lv","en","ru"],"languages":{"lv":{"title":true,"content":true,"excerpt":false},"en":{"title":false,"content":false,"excerpt":false},"ru":{"title":false,"content":false,"excerpt":false}}},"acf":[],"yoast_head":"<!-- This site is optimized with the Yoast SEO plugin v22.5 - https:\/\/yoast.com\/wordpress\/plugins\/seo\/ -->\n<title>Norv\u0113\u0123ijas me\u017ea ka\u0137is (Norwegian Forest Cat) - Whisker.lv | Ka\u0137u \u0161\u0137irnes<\/title>\n<meta name=\"robots\" content=\"index, follow, max-snippet:-1, max-image-preview:large, max-video-preview:-1\" \/>\n<link rel=\"canonical\" href=\"https:\/\/www.whisker.lv\/kaku-skirnes\/norvegijas-meza-kakis\/\" \/>\n<meta property=\"og:locale\" content=\"en_US\" \/>\n<meta property=\"og:type\" content=\"article\" \/>\n<meta property=\"og:title\" content=\"Norv\u0113\u0123ijas me\u017ea ka\u0137is - Whisker\" \/>\n<meta property=\"og:url\" content=\"https:\/\/www.whisker.lv\/kaku-skirnes\/norvegijas-meza-kakis\/\" \/>\n<meta property=\"og:site_name\" content=\"Whisker\" \/>\n<meta property=\"article:publisher\" content=\"https:\/\/www.facebook.com\/whisker.lv\/\" \/>\n<meta property=\"article:modified_time\" content=\"2019-04-24T20:48:51+00:00\" \/>\n<meta name=\"twitter:card\" content=\"summary_large_image\" \/>\n<meta name=\"twitter:label1\" content=\"Est. reading time\" \/>\n\t<meta name=\"twitter:data1\" content=\"2 minutes\" \/>\n<script type=\"application\/ld+json\" class=\"yoast-schema-graph\">{\"@context\":\"https:\/\/schema.org\",\"@graph\":[{\"@type\":\"WebPage\",\"@id\":\"https:\/\/www.whisker.lv\/kaku-skirnes\/norvegijas-meza-kakis\/\",\"url\":\"https:\/\/www.whisker.lv\/kaku-skirnes\/norvegijas-meza-kakis\/\",\"name\":\"Norv\u0113\u0123ijas me\u017ea ka\u0137is (Norwegian Forest Cat) - Whisker.lv | Ka\u0137u \u0161\u0137irnes\",\"isPartOf\":{\"@id\":\"https:\/\/www.whisker.lv\/#website\"},\"datePublished\":\"2019-04-24T17:30:02+00:00\",\"dateModified\":\"2019-04-24T20:48:51+00:00\",\"description\":\"Norv\u0113\u0123ijas me\u017ea ka\u0137is ir mierm\u012bl\u012bgs, ta\u010du sastopami eksempl\u0101ri ar izteikt\u0101m individu\u0101lisma iez\u012bm\u0113m, kas slikti sadz\u012bvo ar citiem ka\u0137iem.\",\"breadcrumb\":{\"@id\":\"https:\/\/www.whisker.lv\/kaku-skirnes\/norvegijas-meza-kakis\/#breadcrumb\"},\"inLanguage\":\"en-US\",\"potentialAction\":[{\"@type\":\"ReadAction\",\"target\":[\"https:\/\/www.whisker.lv\/kaku-skirnes\/norvegijas-meza-kakis\/\"]}]},{\"@type\":\"BreadcrumbList\",\"@id\":\"https:\/\/www.whisker.lv\/kaku-skirnes\/norvegijas-meza-kakis\/#breadcrumb\",\"itemListElement\":[{\"@type\":\"ListItem\",\"position\":1,\"name\":\"S\u0101kums\",\"item\":\"https:\/\/www.whisker.lv\/\"},{\"@type\":\"ListItem\",\"position\":2,\"name\":\"Ka\u0137u \u0161\u0137irnes\",\"item\":\"https:\/\/www.whisker.lv\/kaku-skirnes\/\"},{\"@type\":\"ListItem\",\"position\":3,\"name\":\"Norv\u0113\u0123ijas me\u017ea ka\u0137is\"}]},{\"@type\":\"WebSite\",\"@id\":\"https:\/\/www.whisker.lv\/#website\",\"url\":\"https:\/\/www.whisker.lv\/\",\"name\":\"Whisker\",\"description\":\"Tavs pal\u012bgs m\u0101jdzivnieku pieskat\u012b\u0161an\u0101\",\"potentialAction\":[{\"@type\":\"SearchAction\",\"target\":{\"@type\":\"EntryPoint\",\"urlTemplate\":\"https:\/\/www.whisker.lv\/?s={search_term_string}\"},\"query-input\":\"required name=search_term_string\"}],\"inLanguage\":\"en-US\"}]}<\/script>\n<!-- \/ Yoast SEO plugin. -->","yoast_head_json":{"title":"Norv\u0113\u0123ijas me\u017ea ka\u0137is (Norwegian Forest Cat) - Whisker.lv | Ka\u0137u \u0161\u0137irnes","robots":{"index":"index","follow":"follow","max-snippet":"max-snippet:-1","max-image-preview":"max-image-preview:large","max-video-preview":"max-video-preview:-1"},"canonical":"https:\/\/www.whisker.lv\/kaku-skirnes\/norvegijas-meza-kakis\/","og_locale":"en_US","og_type":"article","og_title":"Norv\u0113\u0123ijas me\u017ea ka\u0137is - Whisker","og_url":"https:\/\/www.whisker.lv\/kaku-skirnes\/norvegijas-meza-kakis\/","og_site_name":"Whisker","article_publisher":"https:\/\/www.facebook.com\/whisker.lv\/","article_modified_time":"2019-04-24T20:48:51+00:00","twitter_card":"summary_large_image","twitter_misc":{"Est. reading time":"2 minutes"},"schema":{"@context":"https:\/\/schema.org","@graph":[{"@type":"WebPage","@id":"https:\/\/www.whisker.lv\/kaku-skirnes\/norvegijas-meza-kakis\/","url":"https:\/\/www.whisker.lv\/kaku-skirnes\/norvegijas-meza-kakis\/","name":"Norv\u0113\u0123ijas me\u017ea ka\u0137is (Norwegian Forest Cat) - Whisker.lv | Ka\u0137u \u0161\u0137irnes","isPartOf":{"@id":"https:\/\/www.whisker.lv\/#website"},"datePublished":"2019-04-24T17:30:02+00:00","dateModified":"2019-04-24T20:48:51+00:00","description":"Norv\u0113\u0123ijas me\u017ea ka\u0137is ir mierm\u012bl\u012bgs, ta\u010du sastopami eksempl\u0101ri ar izteikt\u0101m individu\u0101lisma iez\u012bm\u0113m, kas slikti sadz\u012bvo ar citiem ka\u0137iem.","breadcrumb":{"@id":"https:\/\/www.whisker.lv\/kaku-skirnes\/norvegijas-meza-kakis\/#breadcrumb"},"inLanguage":"en-US","potentialAction":[{"@type":"ReadAction","target":["https:\/\/www.whisker.lv\/kaku-skirnes\/norvegijas-meza-kakis\/"]}]},{"@type":"BreadcrumbList","@id":"https:\/\/www.whisker.lv\/kaku-skirnes\/norvegijas-meza-kakis\/#breadcrumb","itemListElement":[{"@type":"ListItem","position":1,"name":"S\u0101kums","item":"https:\/\/www.whisker.lv\/"},{"@type":"ListItem","position":2,"name":"Ka\u0137u \u0161\u0137irnes","item":"https:\/\/www.whisker.lv\/kaku-skirnes\/"},{"@type":"ListItem","position":3,"name":"Norv\u0113\u0123ijas me\u017ea ka\u0137is"}]},{"@type":"WebSite","@id":"https:\/\/www.whisker.lv\/#website","url":"https:\/\/www.whisker.lv\/","name":"Whisker","description":"Tavs pal\u012bgs m\u0101jdzivnieku pieskat\u012b\u0161an\u0101","potentialAction":[{"@type":"SearchAction","target":{"@type":"EntryPoint","urlTemplate":"https:\/\/www.whisker.lv\/?s={search_term_string}"},"query-input":"required name=search_term_string"}],"inLanguage":"en-US"}]}},"_links":{"self":[{"href":"https:\/\/www.whisker.lv\/en\/wp-json\/wp\/v2\/pages\/11879"}],"collection":[{"href":"https:\/\/www.whisker.lv\/en\/wp-json\/wp\/v2\/pages"}],"about":[{"href":"https:\/\/www.whisker.lv\/en\/wp-json\/wp\/v2\/types\/page"}],"author":[{"embeddable":true,"href":"https:\/\/www.whisker.lv\/en\/wp-json\/wp\/v2\/users\/1"}],"replies":[{"embeddable":true,"href":"https:\/\/www.whisker.lv\/en\/wp-json\/wp\/v2\/comments?post=11879"}],"version-history":[{"count":5,"href":"https:\/\/www.whisker.lv\/en\/wp-json\/wp\/v2\/pages\/11879\/revisions"}],"predecessor-version":[{"id":12662,"href":"https:\/\/www.whisker.lv\/en\/wp-json\/wp\/v2\/pages\/11879\/revisions\/12662"}],"up":[{"embeddable":true,"href":"https:\/\/www.whisker.lv\/en\/wp-json\/wp\/v2\/pages\/9927"}],"wp:attachment":[{"href":"https:\/\/www.whisker.lv\/en\/wp-json\/wp\/v2\/media?parent=11879"}],"curies":[{"name":"wp","href":"https:\/\/api.w.org\/{rel}","templated":true}]}}