



{"id":11890,"date":"2019-04-24T19:36:02","date_gmt":"2019-04-24T17:36:02","guid":{"rendered":"https:\/\/www.whisker.lv\/?page_id=11890"},"modified":"2019-04-25T00:18:19","modified_gmt":"2019-04-24T22:18:19","slug":"sibirijas-kakis","status":"publish","type":"page","link":"https:\/\/www.whisker.lv\/en\/kaku-skirnes\/sibirijas-kakis\/","title":{"rendered":"Sib\u012brijas ka\u0137is"},"content":{"rendered":"[vc_row][vc_column][vc_text_separator title=&#8221;Sib\u012brijas ka\u0137is&#8221; border_width=&#8221;8&#8243;][\/vc_column][\/vc_row][vc_row content_placement=&#8221;middle&#8221;][vc_column width=&#8221;1\/4&#8243;][vc_single_image image=&#8221;10150&#8243; img_size=&#8221;large&#8221; style=&#8221;vc_box_rounded&#8221; onclick=&#8221;link_image&#8221;][\/vc_column][vc_column width=&#8221;3\/4&#8243;][vc_column_text]<span style=\"color: #000000;\"><strong>Izcelsme:<\/strong>\u00a0Krievija<\/span><\/p>\n<p><span style=\"color: #000000;\"><strong>Svars:<\/strong>\u00a04-7 kg<\/span><\/p>\n<p><span style=\"color: #000000;\"><strong>Dz\u012bves ilgums:<\/strong>\u00a010-18 gadi<\/span>[\/vc_column_text][\/vc_column][\/vc_row][vc_row][vc_column][vc_column_text]<span style=\"color: #000000;\">\u0160iem ka\u0137iem rakstur\u012bgs vid\u0113ji liels vai liels, mas\u012bvs \u0137ermenis, aste &#8211; kupla, k\u0101jas sp\u0113c\u012bgas, vid\u0113ji garas. Galva \u2013 ieapa\u013ca un ar taisnu profilu. Plats, vid\u0113ji gar\u0161 deguns. Ausis ar pu\u0161\u0137\u012b\u0161iem galos. Pie\u013caujama jebkura acu kr\u0101sa, ta\u010du priek\u0161roka &#8211; za\u013cajai. P\u0113c rakstura \u0161ie ka\u0137i ir \u013coti nopietni, neuzticas sve\u0161iniekiem, sve\u0161\u0101 vid\u0113 var k\u013c\u016bst agres\u012bvi, t\u0101d\u0113\u013c liela v\u0113r\u012bba j\u0101piev\u0113r\u0161 audzin\u0101\u0161anai.<\/span><\/p>\n<p><span style=\"color: #000000;\"><strong>V\u0113sture.\u00a0<\/strong>\u0160\u0137irnes izcelsme nav noskaidrota, dom\u0101jams, ka tas var\u0113tu b\u016bt Eiropas \u012bsspalvaino ka\u0137u paveids.\u00a0Sib\u012brijas ka\u0137u \u0161\u0137irne izveidojusies sam\u0113r\u0101 nesen, ap 1986. gadu, kad biju\u0161aj\u0101 PSRS s\u0101ka veidoties pirmie ka\u0137u klubi.<\/span><\/p>\n<p><span style=\"color: #000000;\"><strong>Piez\u012bme.<\/strong> Ja v\u0113las ka\u0137i, lai tas piedal\u0101s izst\u0101d\u0113s, tas j\u0101radina pie izst\u0101\u017eu atmosf\u0113ras no agra vecuma.<\/span>[\/vc_column_text][\/vc_column][\/vc_row]\n","protected":false},"excerpt":{"rendered":"<p>[vc_row][vc_column][vc_text_separator title=&#8221;Sib\u012brijas ka\u0137is&#8221; border_width=&#8221;8&#8243;][\/vc_column][\/vc_row][vc_row content_placement=&#8221;middle&#8221;][vc_column width=&#8221;1\/4&#8243;][vc_single_image image=&#8221;10150&#8243; img_size=&#8221;large&#8221; style=&#8221;vc_box_rounded&#8221; onclick=&#8221;link_image&#8221;][\/vc_column][vc_column width=&#8221;3\/4&#8243;][vc_column_text]Izcelsme:\u00a0Krievija Svars:\u00a04-7 kg Dz\u012bves ilgums:\u00a010-18 gadi[\/vc_column_text][\/vc_column][\/vc_row][vc_row][vc_column][vc_column_text]\u0160iem ka\u0137iem rakstur\u012bgs vid\u0113ji liels vai liels, mas\u012bvs \u0137ermenis, aste &#8211; kupla, k\u0101jas sp\u0113c\u012bgas, vid\u0113ji garas. Galva \u2013 ieapa\u013ca un ar taisnu profilu. Plats, vid\u0113ji gar\u0161 deguns. Ausis ar pu\u0161\u0137\u012b\u0161iem galos. Pie\u013caujama jebkura acu kr\u0101sa, ta\u010du priek\u0161roka &#8211; za\u013cajai. P\u0113c [&hellip;]<\/p>\n","protected":false},"author":1,"featured_media":0,"parent":9927,"menu_order":0,"comment_status":"closed","ping_status":"closed","template":"page-fullwidth.php","meta":{"_acf_changed":false,"_glsr_average":0,"_glsr_ranking":0,"_glsr_reviews":0,"footnotes":""},"translation":{"provider":"WPGlobus","version":"2.12.2","language":"en","enabled_languages":["lv","en","ru"],"languages":{"lv":{"title":true,"content":true,"excerpt":false},"en":{"title":false,"content":false,"excerpt":false},"ru":{"title":false,"content":false,"excerpt":false}}},"acf":[],"yoast_head":"<!-- This site is optimized with the Yoast SEO plugin v22.5 - https:\/\/yoast.com\/wordpress\/plugins\/seo\/ -->\n<title>Sib\u012brijas ka\u0137is (Siberian) - Whisker.lv | Ka\u0137u \u0161\u0137irnes<\/title>\n<meta name=\"robots\" content=\"index, follow, max-snippet:-1, max-image-preview:large, max-video-preview:-1\" \/>\n<link rel=\"canonical\" href=\"https:\/\/www.whisker.lv\/kaku-skirnes\/sibirijas-kakis\/\" \/>\n<meta property=\"og:locale\" content=\"en_US\" \/>\n<meta property=\"og:type\" content=\"article\" \/>\n<meta property=\"og:title\" content=\"Sib\u012brijas ka\u0137is - Whisker\" \/>\n<meta property=\"og:url\" content=\"https:\/\/www.whisker.lv\/kaku-skirnes\/sibirijas-kakis\/\" \/>\n<meta property=\"og:site_name\" content=\"Whisker\" \/>\n<meta property=\"article:publisher\" content=\"https:\/\/www.facebook.com\/whisker.lv\/\" \/>\n<meta property=\"article:modified_time\" content=\"2019-04-24T22:18:19+00:00\" \/>\n<meta name=\"twitter:card\" content=\"summary_large_image\" \/>\n<meta name=\"twitter:label1\" content=\"Est. reading time\" \/>\n\t<meta name=\"twitter:data1\" content=\"1 minute\" \/>\n<script type=\"application\/ld+json\" class=\"yoast-schema-graph\">{\"@context\":\"https:\/\/schema.org\",\"@graph\":[{\"@type\":\"WebPage\",\"@id\":\"https:\/\/www.whisker.lv\/kaku-skirnes\/sibirijas-kakis\/\",\"url\":\"https:\/\/www.whisker.lv\/kaku-skirnes\/sibirijas-kakis\/\",\"name\":\"Sib\u012brijas ka\u0137is (Siberian) - Whisker.lv | Ka\u0137u \u0161\u0137irnes\",\"isPartOf\":{\"@id\":\"https:\/\/www.whisker.lv\/#website\"},\"datePublished\":\"2019-04-24T17:36:02+00:00\",\"dateModified\":\"2019-04-24T22:18:19+00:00\",\"description\":\"Sib\u012brijas ka\u0137is p\u0113c rakstura ir \u013coti nopietns, neuzticas sve\u0161iniekiem, sve\u0161\u0101 vid\u0113 var k\u013c\u016bst agres\u012bvs, t\u0101d\u0113\u013c liela v\u0113r\u012bba j\u0101piev\u0113r\u0161 audzin\u0101\u0161anai.\",\"breadcrumb\":{\"@id\":\"https:\/\/www.whisker.lv\/kaku-skirnes\/sibirijas-kakis\/#breadcrumb\"},\"inLanguage\":\"en-US\",\"potentialAction\":[{\"@type\":\"ReadAction\",\"target\":[\"https:\/\/www.whisker.lv\/kaku-skirnes\/sibirijas-kakis\/\"]}]},{\"@type\":\"BreadcrumbList\",\"@id\":\"https:\/\/www.whisker.lv\/kaku-skirnes\/sibirijas-kakis\/#breadcrumb\",\"itemListElement\":[{\"@type\":\"ListItem\",\"position\":1,\"name\":\"S\u0101kums\",\"item\":\"https:\/\/www.whisker.lv\/\"},{\"@type\":\"ListItem\",\"position\":2,\"name\":\"Ka\u0137u \u0161\u0137irnes\",\"item\":\"https:\/\/www.whisker.lv\/kaku-skirnes\/\"},{\"@type\":\"ListItem\",\"position\":3,\"name\":\"Sib\u012brijas ka\u0137is\"}]},{\"@type\":\"WebSite\",\"@id\":\"https:\/\/www.whisker.lv\/#website\",\"url\":\"https:\/\/www.whisker.lv\/\",\"name\":\"Whisker\",\"description\":\"Tavs pal\u012bgs m\u0101jdzivnieku pieskat\u012b\u0161an\u0101\",\"potentialAction\":[{\"@type\":\"SearchAction\",\"target\":{\"@type\":\"EntryPoint\",\"urlTemplate\":\"https:\/\/www.whisker.lv\/?s={search_term_string}\"},\"query-input\":\"required name=search_term_string\"}],\"inLanguage\":\"en-US\"}]}<\/script>\n<!-- \/ Yoast SEO plugin. -->","yoast_head_json":{"title":"Sib\u012brijas ka\u0137is (Siberian) - Whisker.lv | Ka\u0137u \u0161\u0137irnes","robots":{"index":"index","follow":"follow","max-snippet":"max-snippet:-1","max-image-preview":"max-image-preview:large","max-video-preview":"max-video-preview:-1"},"canonical":"https:\/\/www.whisker.lv\/kaku-skirnes\/sibirijas-kakis\/","og_locale":"en_US","og_type":"article","og_title":"Sib\u012brijas ka\u0137is - Whisker","og_url":"https:\/\/www.whisker.lv\/kaku-skirnes\/sibirijas-kakis\/","og_site_name":"Whisker","article_publisher":"https:\/\/www.facebook.com\/whisker.lv\/","article_modified_time":"2019-04-24T22:18:19+00:00","twitter_card":"summary_large_image","twitter_misc":{"Est. reading time":"1 minute"},"schema":{"@context":"https:\/\/schema.org","@graph":[{"@type":"WebPage","@id":"https:\/\/www.whisker.lv\/kaku-skirnes\/sibirijas-kakis\/","url":"https:\/\/www.whisker.lv\/kaku-skirnes\/sibirijas-kakis\/","name":"Sib\u012brijas ka\u0137is (Siberian) - Whisker.lv | Ka\u0137u \u0161\u0137irnes","isPartOf":{"@id":"https:\/\/www.whisker.lv\/#website"},"datePublished":"2019-04-24T17:36:02+00:00","dateModified":"2019-04-24T22:18:19+00:00","description":"Sib\u012brijas ka\u0137is p\u0113c rakstura ir \u013coti nopietns, neuzticas sve\u0161iniekiem, sve\u0161\u0101 vid\u0113 var k\u013c\u016bst agres\u012bvs, t\u0101d\u0113\u013c liela v\u0113r\u012bba j\u0101piev\u0113r\u0161 audzin\u0101\u0161anai.","breadcrumb":{"@id":"https:\/\/www.whisker.lv\/kaku-skirnes\/sibirijas-kakis\/#breadcrumb"},"inLanguage":"en-US","potentialAction":[{"@type":"ReadAction","target":["https:\/\/www.whisker.lv\/kaku-skirnes\/sibirijas-kakis\/"]}]},{"@type":"BreadcrumbList","@id":"https:\/\/www.whisker.lv\/kaku-skirnes\/sibirijas-kakis\/#breadcrumb","itemListElement":[{"@type":"ListItem","position":1,"name":"S\u0101kums","item":"https:\/\/www.whisker.lv\/"},{"@type":"ListItem","position":2,"name":"Ka\u0137u \u0161\u0137irnes","item":"https:\/\/www.whisker.lv\/kaku-skirnes\/"},{"@type":"ListItem","position":3,"name":"Sib\u012brijas ka\u0137is"}]},{"@type":"WebSite","@id":"https:\/\/www.whisker.lv\/#website","url":"https:\/\/www.whisker.lv\/","name":"Whisker","description":"Tavs pal\u012bgs m\u0101jdzivnieku pieskat\u012b\u0161an\u0101","potentialAction":[{"@type":"SearchAction","target":{"@type":"EntryPoint","urlTemplate":"https:\/\/www.whisker.lv\/?s={search_term_string}"},"query-input":"required name=search_term_string"}],"inLanguage":"en-US"}]}},"_links":{"self":[{"href":"https:\/\/www.whisker.lv\/en\/wp-json\/wp\/v2\/pages\/11890"}],"collection":[{"href":"https:\/\/www.whisker.lv\/en\/wp-json\/wp\/v2\/pages"}],"about":[{"href":"https:\/\/www.whisker.lv\/en\/wp-json\/wp\/v2\/types\/page"}],"author":[{"embeddable":true,"href":"https:\/\/www.whisker.lv\/en\/wp-json\/wp\/v2\/users\/1"}],"replies":[{"embeddable":true,"href":"https:\/\/www.whisker.lv\/en\/wp-json\/wp\/v2\/comments?post=11890"}],"version-history":[{"count":4,"href":"https:\/\/www.whisker.lv\/en\/wp-json\/wp\/v2\/pages\/11890\/revisions"}],"predecessor-version":[{"id":12676,"href":"https:\/\/www.whisker.lv\/en\/wp-json\/wp\/v2\/pages\/11890\/revisions\/12676"}],"up":[{"embeddable":true,"href":"https:\/\/www.whisker.lv\/en\/wp-json\/wp\/v2\/pages\/9927"}],"wp:attachment":[{"href":"https:\/\/www.whisker.lv\/en\/wp-json\/wp\/v2\/media?parent=11890"}],"curies":[{"name":"wp","href":"https:\/\/api.w.org\/{rel}","templated":true}]}}