



{"id":11995,"date":"2019-04-24T19:39:07","date_gmt":"2019-04-24T17:39:07","guid":{"rendered":"https:\/\/www.whisker.lv\/?page_id=11995"},"modified":"2019-04-25T00:52:40","modified_gmt":"2019-04-24T22:52:40","slug":"turcijas-vana-kakis","status":"publish","type":"page","link":"https:\/\/www.whisker.lv\/en\/kaku-skirnes\/turcijas-vana-kakis\/","title":{"rendered":"Turcijas Vana ka\u0137is"},"content":{"rendered":"[vc_row][vc_column][vc_text_separator title=&#8221;Turcijas Vana ka\u0137is&#8221; border_width=&#8221;8&#8243;][\/vc_column][\/vc_row][vc_row content_placement=&#8221;middle&#8221;][vc_column width=&#8221;1\/4&#8243;][vc_single_image image=&#8221;10157&#8243; img_size=&#8221;large&#8221; style=&#8221;vc_box_rounded&#8221; onclick=&#8221;link_image&#8221;][\/vc_column][vc_column width=&#8221;3\/4&#8243;][vc_column_text]<span style=\"color: #000000;\"><strong>Izcelsme:<\/strong>\u00a0Turcija<\/span><\/p>\n<p><span style=\"color: #000000;\"><strong>Svars:<\/strong> 3-8.5 kg<\/span><\/p>\n<p><span style=\"color: #000000;\"><strong>Dz\u012bves ilgums:<\/strong>\u00a012-14 gadi<\/span>[\/vc_column_text][\/vc_column][\/vc_row][vc_row][vc_column][vc_column_text]<span style=\"color: #000000;\">\u0160ai \u0161\u0137irnei ir dabiska izcel\u0161an\u0101s. Pirmoreiz t\u0101 tika konstat\u0113ta att\u0101l\u0101 Turcijas apvid\u016b pie Vana ezera. \u0160ie ka\u0137i p\u0101rsteidz ar to, ka ne tikai nebaid\u0101s no \u016bdens, bet tiem pat\u012bk peldes, tie pat \u0137er zivis. \u00a0Turcijas Vans at\u0161\u0137iras no Angoras ka\u0137iem vien\u012bgi ar apmatojuma kr\u0101su \u2013 sniegbaltajiem ka\u0137iem uz galvas un astes ir kasta\u0146kr\u0101sas atz\u012bmes. Starp aus\u012bm \u2013 balta \u201cpirksta z\u012bme\u201d, kas ka\u0137u dzimten\u0113 tiek uzskat\u012bta par All\u0101ha z\u012bmi. Gadu gait\u0101 tika ieg\u016bti ar\u012b ka\u0137i ar citu kr\u0101sojumu un pa\u0161laik ir atz\u012bta ar\u012b kasta\u0146br\u016bna un kr\u0113mkr\u0101sas variet\u0101te ar dzintardzelten\u0101m, zil\u0101m vai da\u017e\u0101d\u0101m ac\u012bm. Turcijas Vanam ir sp\u0113c\u012bgs, musku\u013cots, gar\u0161 \u0137ermenis ar vid\u0113ja garuma k\u0101j\u0101m. \u012asa, \u0137\u012b\u013cveida galva, gar\u0161, taisns deguns. Proporcion\u0101la garuma, kupla aste.<\/span><\/p>\n<p><span style=\"color: #000000;\"><strong>V\u0113sture.\u00a0<\/strong>\u0160\u0137irne c\u0113lusies Ararata kalna pak\u0101j\u0113. Tas ir atsevi\u0161\u0137s apgabals pie Vana ezera Turcijas austrumos. Iesp\u0113jams, ka \u0161ie ka\u0137i c\u0113lu\u0161ies no Angoras ka\u0137iem, vienas no sen\u0101kaj\u0101m garspalvaino ka\u0137u \u0161\u0137irn\u0113m.<\/span><\/p>\n<p><span style=\"color: #000000;\"><strong>Piez\u012bme.<\/strong> Turcijas Vani ir loti draudz\u012bgi, sabiedriski un gudri. \u0160iem ka\u0137iem ir klusa balss. Vi\u0146iem pat\u012bk peld\u0113t \u2013 ja nav m\u0101j\u0101s baseina, tad var peld\u0113m izmantot vannu.<\/span>[\/vc_column_text][\/vc_column][\/vc_row]\n","protected":false},"excerpt":{"rendered":"<p>[vc_row][vc_column][vc_text_separator title=&#8221;Turcijas Vana ka\u0137is&#8221; border_width=&#8221;8&#8243;][\/vc_column][\/vc_row][vc_row content_placement=&#8221;middle&#8221;][vc_column width=&#8221;1\/4&#8243;][vc_single_image image=&#8221;10157&#8243; img_size=&#8221;large&#8221; style=&#8221;vc_box_rounded&#8221; onclick=&#8221;link_image&#8221;][\/vc_column][vc_column width=&#8221;3\/4&#8243;][vc_column_text]Izcelsme:\u00a0Turcija Svars: 3-8.5 kg Dz\u012bves ilgums:\u00a012-14 gadi[\/vc_column_text][\/vc_column][\/vc_row][vc_row][vc_column][vc_column_text]\u0160ai \u0161\u0137irnei ir dabiska izcel\u0161an\u0101s. Pirmoreiz t\u0101 tika konstat\u0113ta att\u0101l\u0101 Turcijas apvid\u016b pie Vana ezera. \u0160ie ka\u0137i p\u0101rsteidz ar to, ka ne tikai nebaid\u0101s no \u016bdens, bet tiem pat\u012bk peldes, tie pat \u0137er zivis. \u00a0Turcijas Vans at\u0161\u0137iras no [&hellip;]<\/p>\n","protected":false},"author":1,"featured_media":0,"parent":9927,"menu_order":0,"comment_status":"closed","ping_status":"closed","template":"page-fullwidth.php","meta":{"_acf_changed":false,"_glsr_average":0,"_glsr_ranking":0,"_glsr_reviews":0,"footnotes":""},"translation":{"provider":"WPGlobus","version":"2.12.2","language":"en","enabled_languages":["lv","en","ru"],"languages":{"lv":{"title":true,"content":true,"excerpt":false},"en":{"title":false,"content":false,"excerpt":false},"ru":{"title":false,"content":false,"excerpt":false}}},"acf":[],"yoast_head":"<!-- This site is optimized with the Yoast SEO plugin v22.5 - https:\/\/yoast.com\/wordpress\/plugins\/seo\/ -->\n<title>Turcijas Vana ka\u0137is (Turkish Van) - Whisker.lv | Ka\u0137u \u0161\u0137irnes<\/title>\n<meta name=\"robots\" content=\"index, follow, max-snippet:-1, max-image-preview:large, max-video-preview:-1\" \/>\n<link rel=\"canonical\" href=\"https:\/\/www.whisker.lv\/kaku-skirnes\/turcijas-vana-kakis\/\" \/>\n<meta property=\"og:locale\" content=\"en_US\" \/>\n<meta property=\"og:type\" content=\"article\" \/>\n<meta property=\"og:title\" content=\"Turcijas Vana ka\u0137is - Whisker\" \/>\n<meta property=\"og:url\" content=\"https:\/\/www.whisker.lv\/kaku-skirnes\/turcijas-vana-kakis\/\" \/>\n<meta property=\"og:site_name\" content=\"Whisker\" \/>\n<meta property=\"article:publisher\" content=\"https:\/\/www.facebook.com\/whisker.lv\/\" \/>\n<meta property=\"article:modified_time\" content=\"2019-04-24T22:52:40+00:00\" \/>\n<meta name=\"twitter:card\" content=\"summary_large_image\" \/>\n<meta name=\"twitter:label1\" content=\"Est. reading time\" \/>\n\t<meta name=\"twitter:data1\" content=\"2 minutes\" \/>\n<script type=\"application\/ld+json\" class=\"yoast-schema-graph\">{\"@context\":\"https:\/\/schema.org\",\"@graph\":[{\"@type\":\"WebPage\",\"@id\":\"https:\/\/www.whisker.lv\/kaku-skirnes\/turcijas-vana-kakis\/\",\"url\":\"https:\/\/www.whisker.lv\/kaku-skirnes\/turcijas-vana-kakis\/\",\"name\":\"Turcijas Vana ka\u0137is (Turkish Van) - Whisker.lv | Ka\u0137u \u0161\u0137irnes\",\"isPartOf\":{\"@id\":\"https:\/\/www.whisker.lv\/#website\"},\"datePublished\":\"2019-04-24T17:39:07+00:00\",\"dateModified\":\"2019-04-24T22:52:40+00:00\",\"description\":\"Turcijas Vana ka\u0137is ir sp\u0113c\u012bgs, musku\u013cots, garu \u0137ermeni un vid\u0113ja garuma k\u0101j\u0101m. \u012asa, \u0137\u012b\u013cveida galva, gar\u0161, taisns deguns. Proporcion\u0101la garuma, kupla aste.\",\"breadcrumb\":{\"@id\":\"https:\/\/www.whisker.lv\/kaku-skirnes\/turcijas-vana-kakis\/#breadcrumb\"},\"inLanguage\":\"en-US\",\"potentialAction\":[{\"@type\":\"ReadAction\",\"target\":[\"https:\/\/www.whisker.lv\/kaku-skirnes\/turcijas-vana-kakis\/\"]}]},{\"@type\":\"BreadcrumbList\",\"@id\":\"https:\/\/www.whisker.lv\/kaku-skirnes\/turcijas-vana-kakis\/#breadcrumb\",\"itemListElement\":[{\"@type\":\"ListItem\",\"position\":1,\"name\":\"S\u0101kums\",\"item\":\"https:\/\/www.whisker.lv\/\"},{\"@type\":\"ListItem\",\"position\":2,\"name\":\"Ka\u0137u \u0161\u0137irnes\",\"item\":\"https:\/\/www.whisker.lv\/kaku-skirnes\/\"},{\"@type\":\"ListItem\",\"position\":3,\"name\":\"Turcijas Vana ka\u0137is\"}]},{\"@type\":\"WebSite\",\"@id\":\"https:\/\/www.whisker.lv\/#website\",\"url\":\"https:\/\/www.whisker.lv\/\",\"name\":\"Whisker\",\"description\":\"Tavs pal\u012bgs m\u0101jdzivnieku pieskat\u012b\u0161an\u0101\",\"potentialAction\":[{\"@type\":\"SearchAction\",\"target\":{\"@type\":\"EntryPoint\",\"urlTemplate\":\"https:\/\/www.whisker.lv\/?s={search_term_string}\"},\"query-input\":\"required name=search_term_string\"}],\"inLanguage\":\"en-US\"}]}<\/script>\n<!-- \/ Yoast SEO plugin. -->","yoast_head_json":{"title":"Turcijas Vana ka\u0137is (Turkish Van) - Whisker.lv | Ka\u0137u \u0161\u0137irnes","robots":{"index":"index","follow":"follow","max-snippet":"max-snippet:-1","max-image-preview":"max-image-preview:large","max-video-preview":"max-video-preview:-1"},"canonical":"https:\/\/www.whisker.lv\/kaku-skirnes\/turcijas-vana-kakis\/","og_locale":"en_US","og_type":"article","og_title":"Turcijas Vana ka\u0137is - Whisker","og_url":"https:\/\/www.whisker.lv\/kaku-skirnes\/turcijas-vana-kakis\/","og_site_name":"Whisker","article_publisher":"https:\/\/www.facebook.com\/whisker.lv\/","article_modified_time":"2019-04-24T22:52:40+00:00","twitter_card":"summary_large_image","twitter_misc":{"Est. reading time":"2 minutes"},"schema":{"@context":"https:\/\/schema.org","@graph":[{"@type":"WebPage","@id":"https:\/\/www.whisker.lv\/kaku-skirnes\/turcijas-vana-kakis\/","url":"https:\/\/www.whisker.lv\/kaku-skirnes\/turcijas-vana-kakis\/","name":"Turcijas Vana ka\u0137is (Turkish Van) - Whisker.lv | Ka\u0137u \u0161\u0137irnes","isPartOf":{"@id":"https:\/\/www.whisker.lv\/#website"},"datePublished":"2019-04-24T17:39:07+00:00","dateModified":"2019-04-24T22:52:40+00:00","description":"Turcijas Vana ka\u0137is ir sp\u0113c\u012bgs, musku\u013cots, garu \u0137ermeni un vid\u0113ja garuma k\u0101j\u0101m. \u012asa, \u0137\u012b\u013cveida galva, gar\u0161, taisns deguns. Proporcion\u0101la garuma, kupla aste.","breadcrumb":{"@id":"https:\/\/www.whisker.lv\/kaku-skirnes\/turcijas-vana-kakis\/#breadcrumb"},"inLanguage":"en-US","potentialAction":[{"@type":"ReadAction","target":["https:\/\/www.whisker.lv\/kaku-skirnes\/turcijas-vana-kakis\/"]}]},{"@type":"BreadcrumbList","@id":"https:\/\/www.whisker.lv\/kaku-skirnes\/turcijas-vana-kakis\/#breadcrumb","itemListElement":[{"@type":"ListItem","position":1,"name":"S\u0101kums","item":"https:\/\/www.whisker.lv\/"},{"@type":"ListItem","position":2,"name":"Ka\u0137u \u0161\u0137irnes","item":"https:\/\/www.whisker.lv\/kaku-skirnes\/"},{"@type":"ListItem","position":3,"name":"Turcijas Vana ka\u0137is"}]},{"@type":"WebSite","@id":"https:\/\/www.whisker.lv\/#website","url":"https:\/\/www.whisker.lv\/","name":"Whisker","description":"Tavs pal\u012bgs m\u0101jdzivnieku pieskat\u012b\u0161an\u0101","potentialAction":[{"@type":"SearchAction","target":{"@type":"EntryPoint","urlTemplate":"https:\/\/www.whisker.lv\/?s={search_term_string}"},"query-input":"required name=search_term_string"}],"inLanguage":"en-US"}]}},"_links":{"self":[{"href":"https:\/\/www.whisker.lv\/en\/wp-json\/wp\/v2\/pages\/11995"}],"collection":[{"href":"https:\/\/www.whisker.lv\/en\/wp-json\/wp\/v2\/pages"}],"about":[{"href":"https:\/\/www.whisker.lv\/en\/wp-json\/wp\/v2\/types\/page"}],"author":[{"embeddable":true,"href":"https:\/\/www.whisker.lv\/en\/wp-json\/wp\/v2\/users\/1"}],"replies":[{"embeddable":true,"href":"https:\/\/www.whisker.lv\/en\/wp-json\/wp\/v2\/comments?post=11995"}],"version-history":[{"count":4,"href":"https:\/\/www.whisker.lv\/en\/wp-json\/wp\/v2\/pages\/11995\/revisions"}],"predecessor-version":[{"id":12682,"href":"https:\/\/www.whisker.lv\/en\/wp-json\/wp\/v2\/pages\/11995\/revisions\/12682"}],"up":[{"embeddable":true,"href":"https:\/\/www.whisker.lv\/en\/wp-json\/wp\/v2\/pages\/9927"}],"wp:attachment":[{"href":"https:\/\/www.whisker.lv\/en\/wp-json\/wp\/v2\/media?parent=11995"}],"curies":[{"name":"wp","href":"https:\/\/api.w.org\/{rel}","templated":true}]}}