



{"id":12067,"date":"2019-04-24T19:17:37","date_gmt":"2019-04-24T17:17:37","guid":{"rendered":"https:\/\/www.whisker.lv\/?page_id=12067"},"modified":"2019-04-24T20:40:33","modified_gmt":"2019-04-24T18:40:33","slug":"amerikas-isspalvainais-kakis","status":"publish","type":"page","link":"https:\/\/www.whisker.lv\/en\/kaku-skirnes\/amerikas-isspalvainais-kakis\/","title":{"rendered":"Amerikas \u012bsspalvainais ka\u0137is"},"content":{"rendered":"[vc_row][vc_column][vc_text_separator title=&#8221;Amerikas \u012bsspalvainais ka\u0137is&#8221; border_width=&#8221;8&#8243;][\/vc_column][\/vc_row][vc_row content_placement=&#8221;middle&#8221;][vc_column width=&#8221;1\/4&#8243;][vc_single_image image=&#8221;9935&#8243; img_size=&#8221;large&#8221; style=&#8221;vc_box_rounded&#8221; onclick=&#8221;link_image&#8221;][\/vc_column][vc_column width=&#8221;3\/4&#8243;][vc_column_text]<span style=\"color: #000000;\"><strong>Izcelsme:<\/strong>\u00a0ASV<\/span><\/p>\n<p><span style=\"color: #000000;\"><strong>Svars:<\/strong>\u00a03-7 kg<\/span><\/p>\n<p><span style=\"color: #000000;\"><strong>Dz\u012bves ilgums:<\/strong> 9-15 gadi<\/span>[\/vc_column_text][\/vc_column][\/vc_row][vc_row][vc_column][vc_column_text]<span style=\"color: #000000;\">Amerikas \u012bsspalvainajiem ka\u0137iem ir proporcion\u0101li veidots \u0137ermenis un k\u0101jas. Galva &#8211; apa\u013ca, piln\u012bgiem vaigiem, taisnu vid\u0113ja garuma degumu, k\u0101 ar\u012b noapa\u013cotas ausis. Biezais, \u012bsais, bl\u012bvais apmatojums labi pasarg\u0101 ka\u0137i no aukstuma un mitruma, ta\u010du nav tik samtains ka britu radiniekiem. Aukstaj\u0101 sezon\u0101 ka\u0137a apmatojums k\u013c\u016bst biez\u0101ks. Kop\u0161ana aprobe\u017eojas ar regul\u0101ru atmiru\u0161o matu iz\u0137emm\u0113\u0161anu un ka\u017eoka sp\u012bduma atjauno\u0161anu. <\/span><\/p>\n<p><span style=\"color: #000000;\">Amerikas \u012bsspalvainie ka\u0137i var lepoties ar vair\u0101k nek\u0101 simts kr\u0101su variet\u0101t\u0113m. Lielo, apa\u013co acu kr\u0101sa ir saskan\u012bga ar apmatojuma kr\u0101su. \u0160ie ir \u012bsti darba ka\u0137i \u2013 vi\u0146i savu pirmatn\u0113jo uzdevumu \u2013 \u0137ert peles \u2013 c\u012bt\u012bgi pilda v\u0113l \u0161odien. Neskatoties uz to, Amerikas \u012bsspalvainajiem ka\u0137iem piem\u012bt mier\u012bgs, draudz\u012bgs raksturs, rota\u013c\u012bga daba. Tie ir labi kompanjoni. Amerikas \u012bsspalvainie var b\u016bt tikai m\u0101j\u0101s ka\u0137i, gan t\u0101di, kuri dodas ar\u012b pastaig\u0101s.<\/span><\/p>\n<p><span style=\"color: #000000;\"><strong>V\u0113sture.\u00a0<\/strong>K\u0101 uzskata speci\u0101listi, Amerikas \u012bsspalvainie ka\u0137i c\u0113lu\u0161ies no Eiropas \u012bsspalvainajiem ka\u0137iem, kurus ar ku\u0123iem 17. gadsimt\u0101 ieveda Zieme\u013camerik\u0101. Nopietna \u0161\u0137irnes selekcija tika uzs\u0101kta ap 1900. gadu, bet standarts tika apstiprin\u0101ts 1966. gad\u0101.<\/span><\/p>\n<p><span style=\"color: #000000;\"><strong>Piez\u012bme.<\/strong> Tikai 1980. gad\u0101 \u0161\u0137irne tika nodal\u012bta no Britu \u012bsspalvainajiem ka\u0137iem. Eirop\u0101 Amerikas \u012bsspalvainie ka\u0137i diem\u017e\u0113l nav p\u0101r\u0101k izplat\u012bti.<\/span>[\/vc_column_text][\/vc_column][\/vc_row]\n","protected":false},"excerpt":{"rendered":"<p>[vc_row][vc_column][vc_text_separator title=&#8221;Amerikas \u012bsspalvainais ka\u0137is&#8221; border_width=&#8221;8&#8243;][\/vc_column][\/vc_row][vc_row content_placement=&#8221;middle&#8221;][vc_column width=&#8221;1\/4&#8243;][vc_single_image image=&#8221;9935&#8243; img_size=&#8221;large&#8221; style=&#8221;vc_box_rounded&#8221; onclick=&#8221;link_image&#8221;][\/vc_column][vc_column width=&#8221;3\/4&#8243;][vc_column_text]Izcelsme:\u00a0ASV Svars:\u00a03-7 kg Dz\u012bves ilgums: 9-15 gadi[\/vc_column_text][\/vc_column][\/vc_row][vc_row][vc_column][vc_column_text]Amerikas \u012bsspalvainajiem ka\u0137iem ir proporcion\u0101li veidots \u0137ermenis un k\u0101jas. Galva &#8211; apa\u013ca, piln\u012bgiem vaigiem, taisnu vid\u0113ja garuma degumu, k\u0101 ar\u012b noapa\u013cotas ausis. Biezais, \u012bsais, bl\u012bvais apmatojums labi pasarg\u0101 ka\u0137i no aukstuma un mitruma, ta\u010du nav tik samtains ka [&hellip;]<\/p>\n","protected":false},"author":1,"featured_media":0,"parent":9927,"menu_order":0,"comment_status":"closed","ping_status":"closed","template":"page-fullwidth.php","meta":{"_acf_changed":false,"_glsr_average":0,"_glsr_ranking":0,"_glsr_reviews":0,"footnotes":""},"translation":{"provider":"WPGlobus","version":"2.12.2","language":"en","enabled_languages":["lv","en","ru"],"languages":{"lv":{"title":true,"content":true,"excerpt":false},"en":{"title":false,"content":false,"excerpt":false},"ru":{"title":false,"content":false,"excerpt":false}}},"acf":[],"yoast_head":"<!-- This site is optimized with the Yoast SEO plugin v22.5 - https:\/\/yoast.com\/wordpress\/plugins\/seo\/ -->\n<title>Amerikas \u012bsspalvainais ka\u0137is - Whisker<\/title>\n<meta name=\"robots\" content=\"index, follow, max-snippet:-1, max-image-preview:large, max-video-preview:-1\" \/>\n<link rel=\"canonical\" href=\"https:\/\/www.whisker.lv\/ru\/kaku-skirnes\/amerikas-isspalvainais-kakis\/\" \/>\n<meta property=\"og:locale\" content=\"en_US\" \/>\n<meta property=\"og:type\" content=\"article\" \/>\n<meta property=\"og:title\" content=\"Amerikas \u012bsspalvainais ka\u0137is - Whisker\" \/>\n<meta property=\"og:url\" content=\"https:\/\/www.whisker.lv\/ru\/kaku-skirnes\/amerikas-isspalvainais-kakis\/\" \/>\n<meta property=\"og:site_name\" content=\"Whisker\" \/>\n<meta property=\"article:publisher\" content=\"https:\/\/www.facebook.com\/whisker.lv\/\" \/>\n<meta property=\"article:modified_time\" content=\"2019-04-24T18:40:33+00:00\" \/>\n<meta name=\"twitter:card\" content=\"summary_large_image\" \/>\n<meta name=\"twitter:label1\" content=\"Est. reading time\" \/>\n\t<meta name=\"twitter:data1\" content=\"2 minutes\" \/>\n<script type=\"application\/ld+json\" class=\"yoast-schema-graph\">{\"@context\":\"https:\/\/schema.org\",\"@graph\":[{\"@type\":\"WebPage\",\"@id\":\"https:\/\/www.whisker.lv\/ru\/kaku-skirnes\/amerikas-isspalvainais-kakis\/\",\"url\":\"https:\/\/www.whisker.lv\/ru\/kaku-skirnes\/amerikas-isspalvainais-kakis\/\",\"name\":\"Amerikas \u012bsspalvainais ka\u0137is - Whisker\",\"isPartOf\":{\"@id\":\"https:\/\/www.whisker.lv\/#website\"},\"datePublished\":\"2019-04-24T17:17:37+00:00\",\"dateModified\":\"2019-04-24T18:40:33+00:00\",\"description\":\"Amerikas \u012bsspalvainais ka\u0137is var lepoties ar vair\u0101k nek\u0101 simts kr\u0101su variet\u0101t\u0113m. Lielo, apa\u013co acu kr\u0101sa ir saskan\u012bga ar apmatojuma kr\u0101su.\",\"breadcrumb\":{\"@id\":\"https:\/\/www.whisker.lv\/ru\/kaku-skirnes\/amerikas-isspalvainais-kakis\/#breadcrumb\"},\"inLanguage\":\"en-US\",\"potentialAction\":[{\"@type\":\"ReadAction\",\"target\":[\"https:\/\/www.whisker.lv\/ru\/kaku-skirnes\/amerikas-isspalvainais-kakis\/\"]}]},{\"@type\":\"BreadcrumbList\",\"@id\":\"https:\/\/www.whisker.lv\/ru\/kaku-skirnes\/amerikas-isspalvainais-kakis\/#breadcrumb\",\"itemListElement\":[{\"@type\":\"ListItem\",\"position\":1,\"name\":\"S\u0101kums\",\"item\":\"https:\/\/www.whisker.lv\/\"},{\"@type\":\"ListItem\",\"position\":2,\"name\":\"Ka\u0137u \u0161\u0137irnes\",\"item\":\"https:\/\/www.whisker.lv\/kaku-skirnes\/\"},{\"@type\":\"ListItem\",\"position\":3,\"name\":\"Amerikas \u012bsspalvainais ka\u0137is\"}]},{\"@type\":\"WebSite\",\"@id\":\"https:\/\/www.whisker.lv\/#website\",\"url\":\"https:\/\/www.whisker.lv\/\",\"name\":\"Whisker\",\"description\":\"Tavs pal\u012bgs m\u0101jdzivnieku pieskat\u012b\u0161an\u0101\",\"potentialAction\":[{\"@type\":\"SearchAction\",\"target\":{\"@type\":\"EntryPoint\",\"urlTemplate\":\"https:\/\/www.whisker.lv\/?s={search_term_string}\"},\"query-input\":\"required name=search_term_string\"}],\"inLanguage\":\"en-US\"}]}<\/script>\n<!-- \/ Yoast SEO plugin. -->","yoast_head_json":{"title":"Amerikas \u012bsspalvainais ka\u0137is - Whisker","robots":{"index":"index","follow":"follow","max-snippet":"max-snippet:-1","max-image-preview":"max-image-preview:large","max-video-preview":"max-video-preview:-1"},"canonical":"https:\/\/www.whisker.lv\/ru\/kaku-skirnes\/amerikas-isspalvainais-kakis\/","og_locale":"en_US","og_type":"article","og_title":"Amerikas \u012bsspalvainais ka\u0137is - Whisker","og_url":"https:\/\/www.whisker.lv\/ru\/kaku-skirnes\/amerikas-isspalvainais-kakis\/","og_site_name":"Whisker","article_publisher":"https:\/\/www.facebook.com\/whisker.lv\/","article_modified_time":"2019-04-24T18:40:33+00:00","twitter_card":"summary_large_image","twitter_misc":{"Est. reading time":"2 minutes"},"schema":{"@context":"https:\/\/schema.org","@graph":[{"@type":"WebPage","@id":"https:\/\/www.whisker.lv\/ru\/kaku-skirnes\/amerikas-isspalvainais-kakis\/","url":"https:\/\/www.whisker.lv\/ru\/kaku-skirnes\/amerikas-isspalvainais-kakis\/","name":"Amerikas \u012bsspalvainais ka\u0137is - Whisker","isPartOf":{"@id":"https:\/\/www.whisker.lv\/#website"},"datePublished":"2019-04-24T17:17:37+00:00","dateModified":"2019-04-24T18:40:33+00:00","description":"Amerikas \u012bsspalvainais ka\u0137is var lepoties ar vair\u0101k nek\u0101 simts kr\u0101su variet\u0101t\u0113m. Lielo, apa\u013co acu kr\u0101sa ir saskan\u012bga ar apmatojuma kr\u0101su.","breadcrumb":{"@id":"https:\/\/www.whisker.lv\/ru\/kaku-skirnes\/amerikas-isspalvainais-kakis\/#breadcrumb"},"inLanguage":"en-US","potentialAction":[{"@type":"ReadAction","target":["https:\/\/www.whisker.lv\/ru\/kaku-skirnes\/amerikas-isspalvainais-kakis\/"]}]},{"@type":"BreadcrumbList","@id":"https:\/\/www.whisker.lv\/ru\/kaku-skirnes\/amerikas-isspalvainais-kakis\/#breadcrumb","itemListElement":[{"@type":"ListItem","position":1,"name":"S\u0101kums","item":"https:\/\/www.whisker.lv\/"},{"@type":"ListItem","position":2,"name":"Ka\u0137u \u0161\u0137irnes","item":"https:\/\/www.whisker.lv\/kaku-skirnes\/"},{"@type":"ListItem","position":3,"name":"Amerikas \u012bsspalvainais ka\u0137is"}]},{"@type":"WebSite","@id":"https:\/\/www.whisker.lv\/#website","url":"https:\/\/www.whisker.lv\/","name":"Whisker","description":"Tavs pal\u012bgs m\u0101jdzivnieku pieskat\u012b\u0161an\u0101","potentialAction":[{"@type":"SearchAction","target":{"@type":"EntryPoint","urlTemplate":"https:\/\/www.whisker.lv\/?s={search_term_string}"},"query-input":"required name=search_term_string"}],"inLanguage":"en-US"}]}},"_links":{"self":[{"href":"https:\/\/www.whisker.lv\/en\/wp-json\/wp\/v2\/pages\/12067"}],"collection":[{"href":"https:\/\/www.whisker.lv\/en\/wp-json\/wp\/v2\/pages"}],"about":[{"href":"https:\/\/www.whisker.lv\/en\/wp-json\/wp\/v2\/types\/page"}],"author":[{"embeddable":true,"href":"https:\/\/www.whisker.lv\/en\/wp-json\/wp\/v2\/users\/1"}],"replies":[{"embeddable":true,"href":"https:\/\/www.whisker.lv\/en\/wp-json\/wp\/v2\/comments?post=12067"}],"version-history":[{"count":5,"href":"https:\/\/www.whisker.lv\/en\/wp-json\/wp\/v2\/pages\/12067\/revisions"}],"predecessor-version":[{"id":12641,"href":"https:\/\/www.whisker.lv\/en\/wp-json\/wp\/v2\/pages\/12067\/revisions\/12641"}],"up":[{"embeddable":true,"href":"https:\/\/www.whisker.lv\/en\/wp-json\/wp\/v2\/pages\/9927"}],"wp:attachment":[{"href":"https:\/\/www.whisker.lv\/en\/wp-json\/wp\/v2\/media?parent=12067"}],"curies":[{"name":"wp","href":"https:\/\/api.w.org\/{rel}","templated":true}]}}