



{"id":12072,"date":"2019-04-24T19:30:34","date_gmt":"2019-04-24T17:30:34","guid":{"rendered":"https:\/\/www.whisker.lv\/?page_id=12072"},"modified":"2019-04-24T22:57:35","modified_gmt":"2019-04-24T20:57:35","slug":"orientalais-kakis","status":"publish","type":"page","link":"https:\/\/www.whisker.lv\/en\/kaku-skirnes\/orientalais-kakis\/","title":{"rendered":"Orient\u0101lais ka\u0137is"},"content":{"rendered":"[vc_row][vc_column][vc_text_separator title=&#8221;Orient\u0101lais ka\u0137is&#8221; border_width=&#8221;8&#8243;][\/vc_column][\/vc_row][vc_row content_placement=&#8221;middle&#8221;][vc_column width=&#8221;1\/4&#8243;][vc_single_image image=&#8221;10139&#8243; img_size=&#8221;large&#8221; style=&#8221;vc_box_rounded&#8221; onclick=&#8221;link_image&#8221;][\/vc_column][vc_column width=&#8221;3\/4&#8243;][vc_column_text]<span style=\"color: #000000;\"><strong>Izcelsme:<\/strong>\u00a0Lielbrit\u0101nija<\/span><\/p>\n<p><span style=\"color: #000000;\"><strong>Svars:<\/strong>\u00a04-8 kg<\/span><\/p>\n<p><span style=\"color: #000000;\"><strong>Dz\u012bves ilgums:<\/strong>\u00a010-15 gadi<\/span>[\/vc_column_text][\/vc_column][\/vc_row][vc_row][vc_column][vc_column_text]<span style=\"color: #000000;\">Orient\u0101lie ka\u0137i ar Si\u0101mas ka\u0137iem rakstur\u012bgo \u0137erme\u0146a uzb\u016bvi, ta\u010du bez si\u0101mie\u0161iem rakstur\u012bg\u0101 kr\u0101sojuma, ir cilv\u0113ka m\u0113r\u0137tiec\u012bgi izveidota \u0161\u0137irne. Austrumu ka\u0137i piln\u012bb\u0101 l\u012bdzin\u0101s Si\u0101mas ka\u0137iem &#8211; tie ir vid\u0113ji lieli, slaidi ka\u0137i ar gar\u0101m k\u0101j\u0101m,turkl\u0101t paka\u013ck\u0101jas ir gar\u0101kas par priek\u0161\u0113j\u0101m. Neatvair\u0101mi pievilc\u012bgus un elegantus tos dara garais, slaidais kakls un \u0137\u012b\u013cveid\u012bg\u0101 galva ar lielaj\u0101m aus\u012bm un sl\u012bpaj\u0101m dzidri za\u013caj\u0101m ac\u012bm. Vienkr\u0101sainais apmatojums ir \u012bss, piegulo\u0161s, m\u012bksts un sp\u012bd\u012bgs. Kr\u0101su variet\u0101tes \u2013 visda\u017e\u0101d\u0101k\u0101s. \u012apa\u0161i efekt\u012bgi izskat\u0101s ka\u0137i br\u016bn\u0101 kr\u0101s\u0101, ko ASV ka\u0137u audz\u0113t\u0101ji izdal\u012bju\u0161i atsevi\u0161\u0137\u0101 \u0161\u0137irn\u0113.<\/span><\/p>\n<p><span style=\"color: #000000;\"><strong>V\u0113sture.<\/strong>\u00a0Ka\u0137a izcelsmes valsts ir Lielbrit\u0101nija, kur tie 19.gadsimt\u0101 tik ievesti no Taizemes.<\/span><\/p>\n<p><span style=\"color: #000000;\"><strong>Piez\u012bme.<\/strong> Inteli\u0123entie ka\u0137i ir gudri, maigi, labi satiek ar citiem dz\u012bvniekiem. \u0160ie ka\u0137i \u013coti m\u012bl savu saimnieku, v\u0113las baud\u012bt t\u0101 sabiedr\u012bbu un garlaikojas paliku\u0161i vienatn\u0113. Elegantie dz\u012bvnieki ir t\u012br\u012bgi un nav apvelt\u012bti ar tik ska\u013cu balsi k\u0101 Si\u0101mas ka\u0137iem. \u0160\u012b \u0161\u0137irne ir izplat\u012bta ar\u012b Latvij\u0101.<\/span>[\/vc_column_text][\/vc_column][\/vc_row]\n","protected":false},"excerpt":{"rendered":"<p>[vc_row][vc_column][vc_text_separator title=&#8221;Orient\u0101lais ka\u0137is&#8221; border_width=&#8221;8&#8243;][\/vc_column][\/vc_row][vc_row content_placement=&#8221;middle&#8221;][vc_column width=&#8221;1\/4&#8243;][vc_single_image image=&#8221;10139&#8243; img_size=&#8221;large&#8221; style=&#8221;vc_box_rounded&#8221; onclick=&#8221;link_image&#8221;][\/vc_column][vc_column width=&#8221;3\/4&#8243;][vc_column_text]Izcelsme:\u00a0Lielbrit\u0101nija Svars:\u00a04-8 kg Dz\u012bves ilgums:\u00a010-15 gadi[\/vc_column_text][\/vc_column][\/vc_row][vc_row][vc_column][vc_column_text]Orient\u0101lie ka\u0137i ar Si\u0101mas ka\u0137iem rakstur\u012bgo \u0137erme\u0146a uzb\u016bvi, ta\u010du bez si\u0101mie\u0161iem rakstur\u012bg\u0101 kr\u0101sojuma, ir cilv\u0113ka m\u0113r\u0137tiec\u012bgi izveidota \u0161\u0137irne. Austrumu ka\u0137i piln\u012bb\u0101 l\u012bdzin\u0101s Si\u0101mas ka\u0137iem &#8211; tie ir vid\u0113ji lieli, slaidi ka\u0137i ar gar\u0101m k\u0101j\u0101m,turkl\u0101t paka\u013ck\u0101jas ir gar\u0101kas par priek\u0161\u0113j\u0101m. Neatvair\u0101mi [&hellip;]<\/p>\n","protected":false},"author":1,"featured_media":0,"parent":9927,"menu_order":0,"comment_status":"closed","ping_status":"closed","template":"page-fullwidth.php","meta":{"_acf_changed":false,"_glsr_average":0,"_glsr_ranking":0,"_glsr_reviews":0,"footnotes":""},"translation":{"provider":"WPGlobus","version":"2.12.2","language":"en","enabled_languages":["lv","en","ru"],"languages":{"lv":{"title":true,"content":true,"excerpt":false},"en":{"title":false,"content":false,"excerpt":false},"ru":{"title":false,"content":false,"excerpt":false}}},"acf":[],"yoast_head":"<!-- This site is optimized with the Yoast SEO plugin v22.5 - https:\/\/yoast.com\/wordpress\/plugins\/seo\/ -->\n<title>Orient\u0101lais ka\u0137is (Oriental) - Whisker.lv | Ka\u0137u \u0161\u0137irnes<\/title>\n<meta name=\"robots\" content=\"index, follow, max-snippet:-1, max-image-preview:large, max-video-preview:-1\" \/>\n<link rel=\"canonical\" href=\"https:\/\/www.whisker.lv\/kaku-skirnes\/orientalais-kakis\/\" \/>\n<meta property=\"og:locale\" content=\"en_US\" \/>\n<meta property=\"og:type\" content=\"article\" \/>\n<meta property=\"og:title\" content=\"Orient\u0101lais ka\u0137is - Whisker\" \/>\n<meta property=\"og:url\" content=\"https:\/\/www.whisker.lv\/kaku-skirnes\/orientalais-kakis\/\" \/>\n<meta property=\"og:site_name\" content=\"Whisker\" \/>\n<meta property=\"article:publisher\" content=\"https:\/\/www.facebook.com\/whisker.lv\/\" \/>\n<meta property=\"article:modified_time\" content=\"2019-04-24T20:57:35+00:00\" \/>\n<meta name=\"twitter:card\" content=\"summary_large_image\" \/>\n<meta name=\"twitter:label1\" content=\"Est. reading time\" \/>\n\t<meta name=\"twitter:data1\" content=\"2 minutes\" \/>\n<script type=\"application\/ld+json\" class=\"yoast-schema-graph\">{\"@context\":\"https:\/\/schema.org\",\"@graph\":[{\"@type\":\"WebPage\",\"@id\":\"https:\/\/www.whisker.lv\/kaku-skirnes\/orientalais-kakis\/\",\"url\":\"https:\/\/www.whisker.lv\/kaku-skirnes\/orientalais-kakis\/\",\"name\":\"Orient\u0101lais ka\u0137is (Oriental) - Whisker.lv | Ka\u0137u \u0161\u0137irnes\",\"isPartOf\":{\"@id\":\"https:\/\/www.whisker.lv\/#website\"},\"datePublished\":\"2019-04-24T17:30:34+00:00\",\"dateModified\":\"2019-04-24T20:57:35+00:00\",\"description\":\"Orient\u0101lais ka\u0137is \u013coti m\u012bl savu saimnieku, v\u0113las baud\u012bt t\u0101 sabiedr\u012bbu un garlaikojas paliku\u0161i vienatn\u0113. Ka\u0137i ir gudri un labi satiek ar citiem dz\u012bvniekiem.\",\"breadcrumb\":{\"@id\":\"https:\/\/www.whisker.lv\/kaku-skirnes\/orientalais-kakis\/#breadcrumb\"},\"inLanguage\":\"en-US\",\"potentialAction\":[{\"@type\":\"ReadAction\",\"target\":[\"https:\/\/www.whisker.lv\/kaku-skirnes\/orientalais-kakis\/\"]}]},{\"@type\":\"BreadcrumbList\",\"@id\":\"https:\/\/www.whisker.lv\/kaku-skirnes\/orientalais-kakis\/#breadcrumb\",\"itemListElement\":[{\"@type\":\"ListItem\",\"position\":1,\"name\":\"S\u0101kums\",\"item\":\"https:\/\/www.whisker.lv\/\"},{\"@type\":\"ListItem\",\"position\":2,\"name\":\"Ka\u0137u \u0161\u0137irnes\",\"item\":\"https:\/\/www.whisker.lv\/kaku-skirnes\/\"},{\"@type\":\"ListItem\",\"position\":3,\"name\":\"Orient\u0101lais ka\u0137is\"}]},{\"@type\":\"WebSite\",\"@id\":\"https:\/\/www.whisker.lv\/#website\",\"url\":\"https:\/\/www.whisker.lv\/\",\"name\":\"Whisker\",\"description\":\"Tavs pal\u012bgs m\u0101jdzivnieku pieskat\u012b\u0161an\u0101\",\"potentialAction\":[{\"@type\":\"SearchAction\",\"target\":{\"@type\":\"EntryPoint\",\"urlTemplate\":\"https:\/\/www.whisker.lv\/?s={search_term_string}\"},\"query-input\":\"required name=search_term_string\"}],\"inLanguage\":\"en-US\"}]}<\/script>\n<!-- \/ Yoast SEO plugin. -->","yoast_head_json":{"title":"Orient\u0101lais ka\u0137is (Oriental) - Whisker.lv | Ka\u0137u \u0161\u0137irnes","robots":{"index":"index","follow":"follow","max-snippet":"max-snippet:-1","max-image-preview":"max-image-preview:large","max-video-preview":"max-video-preview:-1"},"canonical":"https:\/\/www.whisker.lv\/kaku-skirnes\/orientalais-kakis\/","og_locale":"en_US","og_type":"article","og_title":"Orient\u0101lais ka\u0137is - Whisker","og_url":"https:\/\/www.whisker.lv\/kaku-skirnes\/orientalais-kakis\/","og_site_name":"Whisker","article_publisher":"https:\/\/www.facebook.com\/whisker.lv\/","article_modified_time":"2019-04-24T20:57:35+00:00","twitter_card":"summary_large_image","twitter_misc":{"Est. reading time":"2 minutes"},"schema":{"@context":"https:\/\/schema.org","@graph":[{"@type":"WebPage","@id":"https:\/\/www.whisker.lv\/kaku-skirnes\/orientalais-kakis\/","url":"https:\/\/www.whisker.lv\/kaku-skirnes\/orientalais-kakis\/","name":"Orient\u0101lais ka\u0137is (Oriental) - Whisker.lv | Ka\u0137u \u0161\u0137irnes","isPartOf":{"@id":"https:\/\/www.whisker.lv\/#website"},"datePublished":"2019-04-24T17:30:34+00:00","dateModified":"2019-04-24T20:57:35+00:00","description":"Orient\u0101lais ka\u0137is \u013coti m\u012bl savu saimnieku, v\u0113las baud\u012bt t\u0101 sabiedr\u012bbu un garlaikojas paliku\u0161i vienatn\u0113. Ka\u0137i ir gudri un labi satiek ar citiem dz\u012bvniekiem.","breadcrumb":{"@id":"https:\/\/www.whisker.lv\/kaku-skirnes\/orientalais-kakis\/#breadcrumb"},"inLanguage":"en-US","potentialAction":[{"@type":"ReadAction","target":["https:\/\/www.whisker.lv\/kaku-skirnes\/orientalais-kakis\/"]}]},{"@type":"BreadcrumbList","@id":"https:\/\/www.whisker.lv\/kaku-skirnes\/orientalais-kakis\/#breadcrumb","itemListElement":[{"@type":"ListItem","position":1,"name":"S\u0101kums","item":"https:\/\/www.whisker.lv\/"},{"@type":"ListItem","position":2,"name":"Ka\u0137u \u0161\u0137irnes","item":"https:\/\/www.whisker.lv\/kaku-skirnes\/"},{"@type":"ListItem","position":3,"name":"Orient\u0101lais ka\u0137is"}]},{"@type":"WebSite","@id":"https:\/\/www.whisker.lv\/#website","url":"https:\/\/www.whisker.lv\/","name":"Whisker","description":"Tavs pal\u012bgs m\u0101jdzivnieku pieskat\u012b\u0161an\u0101","potentialAction":[{"@type":"SearchAction","target":{"@type":"EntryPoint","urlTemplate":"https:\/\/www.whisker.lv\/?s={search_term_string}"},"query-input":"required name=search_term_string"}],"inLanguage":"en-US"}]}},"_links":{"self":[{"href":"https:\/\/www.whisker.lv\/en\/wp-json\/wp\/v2\/pages\/12072"}],"collection":[{"href":"https:\/\/www.whisker.lv\/en\/wp-json\/wp\/v2\/pages"}],"about":[{"href":"https:\/\/www.whisker.lv\/en\/wp-json\/wp\/v2\/types\/page"}],"author":[{"embeddable":true,"href":"https:\/\/www.whisker.lv\/en\/wp-json\/wp\/v2\/users\/1"}],"replies":[{"embeddable":true,"href":"https:\/\/www.whisker.lv\/en\/wp-json\/wp\/v2\/comments?post=12072"}],"version-history":[{"count":4,"href":"https:\/\/www.whisker.lv\/en\/wp-json\/wp\/v2\/pages\/12072\/revisions"}],"predecessor-version":[{"id":12663,"href":"https:\/\/www.whisker.lv\/en\/wp-json\/wp\/v2\/pages\/12072\/revisions\/12663"}],"up":[{"embeddable":true,"href":"https:\/\/www.whisker.lv\/en\/wp-json\/wp\/v2\/pages\/9927"}],"wp:attachment":[{"href":"https:\/\/www.whisker.lv\/en\/wp-json\/wp\/v2\/media?parent=12072"}],"curies":[{"name":"wp","href":"https:\/\/api.w.org\/{rel}","templated":true}]}}