



{"id":12077,"date":"2019-04-24T19:19:59","date_gmt":"2019-04-24T17:19:59","guid":{"rendered":"https:\/\/www.whisker.lv\/?page_id=12077"},"modified":"2019-04-24T21:30:07","modified_gmt":"2019-04-24T19:30:07","slug":"burmas-kakis","status":"publish","type":"page","link":"https:\/\/www.whisker.lv\/en\/kaku-skirnes\/burmas-kakis\/","title":{"rendered":"Burmas ka\u0137is"},"content":{"rendered":"[vc_row][vc_column][vc_text_separator title=&#8221;Burmas ka\u0137is&#8221; border_width=&#8221;8&#8243;][\/vc_column][\/vc_row][vc_row content_placement=&#8221;middle&#8221;][vc_column width=&#8221;1\/4&#8243;][vc_single_image image=&#8221;9946&#8243; img_size=&#8221;large&#8221; style=&#8221;vc_box_rounded&#8221; onclick=&#8221;link_image&#8221;][\/vc_column][vc_column width=&#8221;3\/4&#8243;][vc_column_text]<span style=\"color: #000000;\"><strong>Izcelsme:<\/strong>\u00a0ASV<\/span><\/p>\n<p><span style=\"color: #000000;\"><strong>Svars:<\/strong> 3-6 kg<\/span><\/p>\n<p><span style=\"color: #000000;\"><strong>Dz\u012bves ilgums:<\/strong>\u00a016-18 gadi<\/span>[\/vc_column_text][\/vc_column][\/vc_row][vc_row][vc_column][vc_column_text]<span style=\"color: #000000;\">Sav\u0101 dzimten\u0113 burm\u0101m l\u012bdz\u012bgi ka\u0137i paz\u012bstami jau vair\u0101k nek\u0101\u00a0500 gadus. Burmas tika uzskat\u012bti par sv\u0113tiem dz\u012bvniekiem. Anglijas ka\u0137u audz\u0113t\u0101ji bez br\u016bn\u0101s kr\u0101su variet\u0101tes ieguva ar\u012b zilo variet\u0101ti, v\u0113l\u0101k violeto un citas. Druknais \u0137ermenis labi veidots, musku\u013cots. Apmatojums \u2013 \u012bss, piegulo\u0161s, t\u012br\u0101 kr\u0101s\u0101. Ka\u0137\u0113niem m\u0113dz b\u016bt sv\u012btras uz k\u0101j\u0101m. Pieaugu\u0161iem dz\u012bvniekiem tas nav pie\u013caujams. T\u0101pat nav pie\u013caujami atsevi\u0161\u0137i balti mati vai plankumi ka\u017eok\u0101. Burv\u012bga \u0161\u0137irne rakstura zi\u0146\u0101. Burm\u0101m piem\u012bt spilgti izteikta individualit\u0101te. K\u0101dreiz tie tika d\u0113v\u0113ti par \u201csu\u0146u ka\u0137i\u201d, d\u0113\u013c liel\u0101s pie\u0137er\u0161an\u0101s saimniekam un v\u0113l \u2013 burm\u0101m pat\u012bk atrast un pienest priek\u0161metus. Ska\u013ca balss, lai gan ne tik uzst\u0101j\u012bga k\u0101 si\u0101<\/span><span style=\"color: #000000;\">mie\u0161iem. Burmas ka\u0137iem ilgi nepat\u012bk\u00a0palikt vienatn\u0113, lai gan cilv\u0113ka sabiedr\u012bba nav oblig\u0101ta. Cits ka\u0137is vai pat suns veidos labu komp\u0101niju saimnieka promb\u016btnes laik\u0101.<\/span><\/p>\n<p><span style=\"color: #000000;\"><strong>V\u0113sture.<\/strong> M\u016bsdienu \u0161\u0137irnes pirms\u0101kumi mekl\u0113jami 20. gadsimta 30. gados\u00a0ASV, kur no Birmas ievest\u0101s ka\u0137enes Vong Mau p\u0113cn\u0101c\u0113jiem att\u012bst\u012bta \u0161\u0137irne, kas guvusi popularit\u0101ti vis\u0101 pasaul\u0113. <\/span><\/p>\n<p><span style=\"color: #000000;\"><strong>Piez\u012bme.<\/strong> Burmas piem\u0113roti tur\u0113\u0161anai dz\u012bvok\u013cos, jo tiem nav nepiecie\u0161ama pla\u0161a teritorija. Nevar noliegt, ka Burmas ka\u0137i ir diezgan pras\u012bgi \u2013 tie nev\u0113l\u0113sies palikt mal\u0101 \u0123imenes pas\u0101kumos \u2013 tiem pat\u012bk b\u016bt \u0123imenes locek\u013cu vid\u016b.<\/span>[\/vc_column_text][\/vc_column][\/vc_row]\n","protected":false},"excerpt":{"rendered":"<p>[vc_row][vc_column][vc_text_separator title=&#8221;Burmas ka\u0137is&#8221; border_width=&#8221;8&#8243;][\/vc_column][\/vc_row][vc_row content_placement=&#8221;middle&#8221;][vc_column width=&#8221;1\/4&#8243;][vc_single_image image=&#8221;9946&#8243; img_size=&#8221;large&#8221; style=&#8221;vc_box_rounded&#8221; onclick=&#8221;link_image&#8221;][\/vc_column][vc_column width=&#8221;3\/4&#8243;][vc_column_text]Izcelsme:\u00a0ASV Svars: 3-6 kg Dz\u012bves ilgums:\u00a016-18 gadi[\/vc_column_text][\/vc_column][\/vc_row][vc_row][vc_column][vc_column_text]Sav\u0101 dzimten\u0113 burm\u0101m l\u012bdz\u012bgi ka\u0137i paz\u012bstami jau vair\u0101k nek\u0101\u00a0500 gadus. Burmas tika uzskat\u012bti par sv\u0113tiem dz\u012bvniekiem. Anglijas ka\u0137u audz\u0113t\u0101ji bez br\u016bn\u0101s kr\u0101su variet\u0101tes ieguva ar\u012b zilo variet\u0101ti, v\u0113l\u0101k violeto un citas. Druknais \u0137ermenis labi veidots, musku\u013cots. Apmatojums \u2013 \u012bss, [&hellip;]<\/p>\n","protected":false},"author":1,"featured_media":0,"parent":9927,"menu_order":0,"comment_status":"closed","ping_status":"closed","template":"page-fullwidth.php","meta":{"_acf_changed":false,"_glsr_average":0,"_glsr_ranking":0,"_glsr_reviews":0,"footnotes":""},"translation":{"provider":"WPGlobus","version":"2.12.2","language":"en","enabled_languages":["lv","en","ru"],"languages":{"lv":{"title":true,"content":true,"excerpt":false},"en":{"title":false,"content":false,"excerpt":false},"ru":{"title":false,"content":false,"excerpt":false}}},"acf":[],"yoast_head":"<!-- This site is optimized with the Yoast SEO plugin v22.5 - https:\/\/yoast.com\/wordpress\/plugins\/seo\/ -->\n<title>Burmas ka\u0137is (Burmese) - Whisker.lv | Ka\u0137u \u0161\u0137irnes<\/title>\n<meta name=\"robots\" content=\"index, follow, max-snippet:-1, max-image-preview:large, max-video-preview:-1\" \/>\n<link rel=\"canonical\" href=\"https:\/\/www.whisker.lv\/kaku-skirnes\/burmas-kakis\/\" \/>\n<meta property=\"og:locale\" content=\"en_US\" \/>\n<meta property=\"og:type\" content=\"article\" \/>\n<meta property=\"og:title\" content=\"Burmas ka\u0137is - Whisker\" \/>\n<meta property=\"og:url\" content=\"https:\/\/www.whisker.lv\/kaku-skirnes\/burmas-kakis\/\" \/>\n<meta property=\"og:site_name\" content=\"Whisker\" \/>\n<meta property=\"article:publisher\" content=\"https:\/\/www.facebook.com\/whisker.lv\/\" \/>\n<meta property=\"article:modified_time\" content=\"2019-04-24T19:30:07+00:00\" \/>\n<meta name=\"twitter:card\" content=\"summary_large_image\" \/>\n<meta name=\"twitter:label1\" content=\"Est. reading time\" \/>\n\t<meta name=\"twitter:data1\" content=\"2 minutes\" \/>\n<script type=\"application\/ld+json\" class=\"yoast-schema-graph\">{\"@context\":\"https:\/\/schema.org\",\"@graph\":[{\"@type\":\"WebPage\",\"@id\":\"https:\/\/www.whisker.lv\/kaku-skirnes\/burmas-kakis\/\",\"url\":\"https:\/\/www.whisker.lv\/kaku-skirnes\/burmas-kakis\/\",\"name\":\"Burmas ka\u0137is (Burmese) - Whisker.lv | Ka\u0137u \u0161\u0137irnes\",\"isPartOf\":{\"@id\":\"https:\/\/www.whisker.lv\/#website\"},\"datePublished\":\"2019-04-24T17:19:59+00:00\",\"dateModified\":\"2019-04-24T19:30:07+00:00\",\"description\":\"K\u0101dreiz Burmas ka\u0137is tika d\u0113v\u0113ts par \u201csu\u0146u ka\u0137i\u201d, d\u0113\u013c liel\u0101s pie\u0137er\u0161an\u0101s saimniekam un v\u0113l \u2013 burm\u0101m pat\u012bk atrast un pienest priek\u0161metus.\",\"breadcrumb\":{\"@id\":\"https:\/\/www.whisker.lv\/kaku-skirnes\/burmas-kakis\/#breadcrumb\"},\"inLanguage\":\"en-US\",\"potentialAction\":[{\"@type\":\"ReadAction\",\"target\":[\"https:\/\/www.whisker.lv\/kaku-skirnes\/burmas-kakis\/\"]}]},{\"@type\":\"BreadcrumbList\",\"@id\":\"https:\/\/www.whisker.lv\/kaku-skirnes\/burmas-kakis\/#breadcrumb\",\"itemListElement\":[{\"@type\":\"ListItem\",\"position\":1,\"name\":\"S\u0101kums\",\"item\":\"https:\/\/www.whisker.lv\/\"},{\"@type\":\"ListItem\",\"position\":2,\"name\":\"Ka\u0137u \u0161\u0137irnes\",\"item\":\"https:\/\/www.whisker.lv\/kaku-skirnes\/\"},{\"@type\":\"ListItem\",\"position\":3,\"name\":\"Burmas ka\u0137is\"}]},{\"@type\":\"WebSite\",\"@id\":\"https:\/\/www.whisker.lv\/#website\",\"url\":\"https:\/\/www.whisker.lv\/\",\"name\":\"Whisker\",\"description\":\"Tavs pal\u012bgs m\u0101jdzivnieku pieskat\u012b\u0161an\u0101\",\"potentialAction\":[{\"@type\":\"SearchAction\",\"target\":{\"@type\":\"EntryPoint\",\"urlTemplate\":\"https:\/\/www.whisker.lv\/?s={search_term_string}\"},\"query-input\":\"required name=search_term_string\"}],\"inLanguage\":\"en-US\"}]}<\/script>\n<!-- \/ Yoast SEO plugin. -->","yoast_head_json":{"title":"Burmas ka\u0137is (Burmese) - Whisker.lv | Ka\u0137u \u0161\u0137irnes","robots":{"index":"index","follow":"follow","max-snippet":"max-snippet:-1","max-image-preview":"max-image-preview:large","max-video-preview":"max-video-preview:-1"},"canonical":"https:\/\/www.whisker.lv\/kaku-skirnes\/burmas-kakis\/","og_locale":"en_US","og_type":"article","og_title":"Burmas ka\u0137is - Whisker","og_url":"https:\/\/www.whisker.lv\/kaku-skirnes\/burmas-kakis\/","og_site_name":"Whisker","article_publisher":"https:\/\/www.facebook.com\/whisker.lv\/","article_modified_time":"2019-04-24T19:30:07+00:00","twitter_card":"summary_large_image","twitter_misc":{"Est. reading time":"2 minutes"},"schema":{"@context":"https:\/\/schema.org","@graph":[{"@type":"WebPage","@id":"https:\/\/www.whisker.lv\/kaku-skirnes\/burmas-kakis\/","url":"https:\/\/www.whisker.lv\/kaku-skirnes\/burmas-kakis\/","name":"Burmas ka\u0137is (Burmese) - Whisker.lv | Ka\u0137u \u0161\u0137irnes","isPartOf":{"@id":"https:\/\/www.whisker.lv\/#website"},"datePublished":"2019-04-24T17:19:59+00:00","dateModified":"2019-04-24T19:30:07+00:00","description":"K\u0101dreiz Burmas ka\u0137is tika d\u0113v\u0113ts par \u201csu\u0146u ka\u0137i\u201d, d\u0113\u013c liel\u0101s pie\u0137er\u0161an\u0101s saimniekam un v\u0113l \u2013 burm\u0101m pat\u012bk atrast un pienest priek\u0161metus.","breadcrumb":{"@id":"https:\/\/www.whisker.lv\/kaku-skirnes\/burmas-kakis\/#breadcrumb"},"inLanguage":"en-US","potentialAction":[{"@type":"ReadAction","target":["https:\/\/www.whisker.lv\/kaku-skirnes\/burmas-kakis\/"]}]},{"@type":"BreadcrumbList","@id":"https:\/\/www.whisker.lv\/kaku-skirnes\/burmas-kakis\/#breadcrumb","itemListElement":[{"@type":"ListItem","position":1,"name":"S\u0101kums","item":"https:\/\/www.whisker.lv\/"},{"@type":"ListItem","position":2,"name":"Ka\u0137u \u0161\u0137irnes","item":"https:\/\/www.whisker.lv\/kaku-skirnes\/"},{"@type":"ListItem","position":3,"name":"Burmas ka\u0137is"}]},{"@type":"WebSite","@id":"https:\/\/www.whisker.lv\/#website","url":"https:\/\/www.whisker.lv\/","name":"Whisker","description":"Tavs pal\u012bgs m\u0101jdzivnieku pieskat\u012b\u0161an\u0101","potentialAction":[{"@type":"SearchAction","target":{"@type":"EntryPoint","urlTemplate":"https:\/\/www.whisker.lv\/?s={search_term_string}"},"query-input":"required name=search_term_string"}],"inLanguage":"en-US"}]}},"_links":{"self":[{"href":"https:\/\/www.whisker.lv\/en\/wp-json\/wp\/v2\/pages\/12077"}],"collection":[{"href":"https:\/\/www.whisker.lv\/en\/wp-json\/wp\/v2\/pages"}],"about":[{"href":"https:\/\/www.whisker.lv\/en\/wp-json\/wp\/v2\/types\/page"}],"author":[{"embeddable":true,"href":"https:\/\/www.whisker.lv\/en\/wp-json\/wp\/v2\/users\/1"}],"replies":[{"embeddable":true,"href":"https:\/\/www.whisker.lv\/en\/wp-json\/wp\/v2\/comments?post=12077"}],"version-history":[{"count":3,"href":"https:\/\/www.whisker.lv\/en\/wp-json\/wp\/v2\/pages\/12077\/revisions"}],"predecessor-version":[{"id":12081,"href":"https:\/\/www.whisker.lv\/en\/wp-json\/wp\/v2\/pages\/12077\/revisions\/12081"}],"up":[{"embeddable":true,"href":"https:\/\/www.whisker.lv\/en\/wp-json\/wp\/v2\/pages\/9927"}],"wp:attachment":[{"href":"https:\/\/www.whisker.lv\/en\/wp-json\/wp\/v2\/media?parent=12077"}],"curies":[{"name":"wp","href":"https:\/\/api.w.org\/{rel}","templated":true}]}}