



{"id":12082,"date":"2019-04-24T19:20:28","date_gmt":"2019-04-24T17:20:28","guid":{"rendered":"https:\/\/www.whisker.lv\/?page_id=12082"},"modified":"2019-04-24T21:07:30","modified_gmt":"2019-04-24T19:07:30","slug":"bombejas-kakis","status":"publish","type":"page","link":"https:\/\/www.whisker.lv\/en\/kaku-skirnes\/bombejas-kakis\/","title":{"rendered":"Bombejas ka\u0137is"},"content":{"rendered":"[vc_row][vc_column][vc_text_separator title=&#8221;Bombejas ka\u0137is&#8221; border_width=&#8221;8&#8243;][\/vc_column][\/vc_row][vc_row content_placement=&#8221;middle&#8221;][vc_column width=&#8221;1\/4&#8243;][vc_single_image image=&#8221;9942&#8243; img_size=&#8221;large&#8221; style=&#8221;vc_box_rounded&#8221; onclick=&#8221;link_image&#8221;][\/vc_column][vc_column width=&#8221;3\/4&#8243;][vc_column_text]<span style=\"color: #000000;\"><strong>Izcelsme:<\/strong>\u00a0ASV<\/span><\/p>\n<p><span style=\"color: #000000;\"><strong>Svars:<\/strong>\u00a04-7 kg<\/span><\/p>\n<p><span style=\"color: #000000;\"><strong>Dz\u012bves ilgums:<\/strong>\u00a015-20 gadi<\/span>[\/vc_column_text][\/vc_column][\/vc_row][vc_row][vc_column][vc_column_text]<span style=\"color: #000000;\">Bombejas ka\u0137i ir vid\u0113ji lieli, apa\u013cu galvu. Ausis &#8211; noapa\u013cotiem galiem, izveidotas t\u0101lu viena no otras. Acis &#8211; apa\u013cas, zeltainas vai vara kr\u0101s\u0101. Apmatojums &#8211; melns, \u012bss, piegulo\u0161s, bez pavilnas, sp\u012bd\u012bgs. \u0160\u0101du ka\u017eoku ir \u013coti viegli kopt &#8211; nepiecie\u0161ama tikai regul\u0101ra \u0137emm\u0113\u0161ana. Akt\u012bvajiem, draudz\u012bgajiem un atsauc\u012bgajiem ka\u0137iem piem\u0113rota ir vien\u012bgi dz\u012bve m\u0101j\u0101s, br\u012bvais dz\u012bves veids bombejie\u0161iem nav dom\u0101ts. Bombejas ka\u0137i Latvij\u0101 \u012bpa\u0161i nav sastopami, Eirop\u0101 tie ir izplat\u012bti neliel\u0101 skait\u0101.<\/span><\/p>\n<p><span style=\"color: #000000;\"><strong>V\u0113sture.\u00a0<\/strong>\u0160\u0137irni izveidoja amerik\u0101\u0146u ka\u0137u m\u012b\u013cot\u0101ji 20. gadsimta 50. gados, ASV, ar m\u0113r\u0137i izveidot miniat\u016bru meln\u0101s panteras ka\u0137a kopiju. Ofici\u0101li\u00a0\u0161\u0137irne re\u0123istr\u0113ta 1958. gad\u0101.\u00a0<\/span><\/p>\n<p><span style=\"color: #000000;\"><strong>Piez\u012bme.<\/strong>\u00a0Pievilc\u012bgie m\u012bl\u012bgie ka\u0137i, kas atg\u0101dina melnos leopardus ieg\u016bti, krustojot melnu Amerikas \u012bsspalvaino ka\u0137i ar tum\u0161i br\u016bnas kr\u0101sas burmu.<\/span>[\/vc_column_text][\/vc_column][\/vc_row]\n","protected":false},"excerpt":{"rendered":"<p>[vc_row][vc_column][vc_text_separator title=&#8221;Bombejas ka\u0137is&#8221; border_width=&#8221;8&#8243;][\/vc_column][\/vc_row][vc_row content_placement=&#8221;middle&#8221;][vc_column width=&#8221;1\/4&#8243;][vc_single_image image=&#8221;9942&#8243; img_size=&#8221;large&#8221; style=&#8221;vc_box_rounded&#8221; onclick=&#8221;link_image&#8221;][\/vc_column][vc_column width=&#8221;3\/4&#8243;][vc_column_text]Izcelsme:\u00a0ASV Svars:\u00a04-7 kg Dz\u012bves ilgums:\u00a015-20 gadi[\/vc_column_text][\/vc_column][\/vc_row][vc_row][vc_column][vc_column_text]Bombejas ka\u0137i ir vid\u0113ji lieli, apa\u013cu galvu. Ausis &#8211; noapa\u013cotiem galiem, izveidotas t\u0101lu viena no otras. Acis &#8211; apa\u013cas, zeltainas vai vara kr\u0101s\u0101. Apmatojums &#8211; melns, \u012bss, piegulo\u0161s, bez pavilnas, sp\u012bd\u012bgs. \u0160\u0101du ka\u017eoku ir \u013coti viegli kopt &#8211; nepiecie\u0161ama tikai [&hellip;]<\/p>\n","protected":false},"author":1,"featured_media":0,"parent":9927,"menu_order":0,"comment_status":"closed","ping_status":"closed","template":"page-fullwidth.php","meta":{"_acf_changed":false,"_glsr_average":0,"_glsr_ranking":0,"_glsr_reviews":0,"footnotes":""},"translation":{"provider":"WPGlobus","version":"2.12.2","language":"en","enabled_languages":["lv","en","ru"],"languages":{"lv":{"title":true,"content":true,"excerpt":false},"en":{"title":false,"content":false,"excerpt":false},"ru":{"title":false,"content":false,"excerpt":false}}},"acf":[],"yoast_head":"<!-- This site is optimized with the Yoast SEO plugin v22.5 - https:\/\/yoast.com\/wordpress\/plugins\/seo\/ -->\n<title>Bombejas ka\u0137is (Bombay) - Whisker.lv | Ka\u0137u \u0161\u0137irnes<\/title>\n<meta name=\"robots\" content=\"index, follow, max-snippet:-1, max-image-preview:large, max-video-preview:-1\" \/>\n<link rel=\"canonical\" href=\"https:\/\/www.whisker.lv\/kaku-skirnes\/bombejas-kakis\/\" \/>\n<meta property=\"og:locale\" content=\"en_US\" \/>\n<meta property=\"og:type\" content=\"article\" \/>\n<meta property=\"og:title\" content=\"Bombejas ka\u0137is - Whisker\" \/>\n<meta property=\"og:url\" content=\"https:\/\/www.whisker.lv\/kaku-skirnes\/bombejas-kakis\/\" \/>\n<meta property=\"og:site_name\" content=\"Whisker\" \/>\n<meta property=\"article:publisher\" content=\"https:\/\/www.facebook.com\/whisker.lv\/\" \/>\n<meta property=\"article:modified_time\" content=\"2019-04-24T19:07:30+00:00\" \/>\n<meta name=\"twitter:card\" content=\"summary_large_image\" \/>\n<meta name=\"twitter:label1\" content=\"Est. reading time\" \/>\n\t<meta name=\"twitter:data1\" content=\"1 minute\" \/>\n<script type=\"application\/ld+json\" class=\"yoast-schema-graph\">{\"@context\":\"https:\/\/schema.org\",\"@graph\":[{\"@type\":\"WebPage\",\"@id\":\"https:\/\/www.whisker.lv\/kaku-skirnes\/bombejas-kakis\/\",\"url\":\"https:\/\/www.whisker.lv\/kaku-skirnes\/bombejas-kakis\/\",\"name\":\"Bombejas ka\u0137is (Bombay) - Whisker.lv | Ka\u0137u \u0161\u0137irnes\",\"isPartOf\":{\"@id\":\"https:\/\/www.whisker.lv\/#website\"},\"datePublished\":\"2019-04-24T17:20:28+00:00\",\"dateModified\":\"2019-04-24T19:07:30+00:00\",\"description\":\"Bombejas ka\u0137is ir vid\u0113ji liels, apa\u013cu galvu. Ausis \u2013 noapa\u013cotiem galiem, izveidotas t\u0101lu viena no otras. Acis \u2013 apa\u013cas, zeltainas vai vara kr\u0101s\u0101.\",\"breadcrumb\":{\"@id\":\"https:\/\/www.whisker.lv\/kaku-skirnes\/bombejas-kakis\/#breadcrumb\"},\"inLanguage\":\"en-US\",\"potentialAction\":[{\"@type\":\"ReadAction\",\"target\":[\"https:\/\/www.whisker.lv\/kaku-skirnes\/bombejas-kakis\/\"]}]},{\"@type\":\"BreadcrumbList\",\"@id\":\"https:\/\/www.whisker.lv\/kaku-skirnes\/bombejas-kakis\/#breadcrumb\",\"itemListElement\":[{\"@type\":\"ListItem\",\"position\":1,\"name\":\"S\u0101kums\",\"item\":\"https:\/\/www.whisker.lv\/\"},{\"@type\":\"ListItem\",\"position\":2,\"name\":\"Ka\u0137u \u0161\u0137irnes\",\"item\":\"https:\/\/www.whisker.lv\/kaku-skirnes\/\"},{\"@type\":\"ListItem\",\"position\":3,\"name\":\"Bombejas ka\u0137is\"}]},{\"@type\":\"WebSite\",\"@id\":\"https:\/\/www.whisker.lv\/#website\",\"url\":\"https:\/\/www.whisker.lv\/\",\"name\":\"Whisker\",\"description\":\"Tavs pal\u012bgs m\u0101jdzivnieku pieskat\u012b\u0161an\u0101\",\"potentialAction\":[{\"@type\":\"SearchAction\",\"target\":{\"@type\":\"EntryPoint\",\"urlTemplate\":\"https:\/\/www.whisker.lv\/?s={search_term_string}\"},\"query-input\":\"required name=search_term_string\"}],\"inLanguage\":\"en-US\"}]}<\/script>\n<!-- \/ Yoast SEO plugin. -->","yoast_head_json":{"title":"Bombejas ka\u0137is (Bombay) - Whisker.lv | Ka\u0137u \u0161\u0137irnes","robots":{"index":"index","follow":"follow","max-snippet":"max-snippet:-1","max-image-preview":"max-image-preview:large","max-video-preview":"max-video-preview:-1"},"canonical":"https:\/\/www.whisker.lv\/kaku-skirnes\/bombejas-kakis\/","og_locale":"en_US","og_type":"article","og_title":"Bombejas ka\u0137is - Whisker","og_url":"https:\/\/www.whisker.lv\/kaku-skirnes\/bombejas-kakis\/","og_site_name":"Whisker","article_publisher":"https:\/\/www.facebook.com\/whisker.lv\/","article_modified_time":"2019-04-24T19:07:30+00:00","twitter_card":"summary_large_image","twitter_misc":{"Est. reading time":"1 minute"},"schema":{"@context":"https:\/\/schema.org","@graph":[{"@type":"WebPage","@id":"https:\/\/www.whisker.lv\/kaku-skirnes\/bombejas-kakis\/","url":"https:\/\/www.whisker.lv\/kaku-skirnes\/bombejas-kakis\/","name":"Bombejas ka\u0137is (Bombay) - Whisker.lv | Ka\u0137u \u0161\u0137irnes","isPartOf":{"@id":"https:\/\/www.whisker.lv\/#website"},"datePublished":"2019-04-24T17:20:28+00:00","dateModified":"2019-04-24T19:07:30+00:00","description":"Bombejas ka\u0137is ir vid\u0113ji liels, apa\u013cu galvu. Ausis \u2013 noapa\u013cotiem galiem, izveidotas t\u0101lu viena no otras. Acis \u2013 apa\u013cas, zeltainas vai vara kr\u0101s\u0101.","breadcrumb":{"@id":"https:\/\/www.whisker.lv\/kaku-skirnes\/bombejas-kakis\/#breadcrumb"},"inLanguage":"en-US","potentialAction":[{"@type":"ReadAction","target":["https:\/\/www.whisker.lv\/kaku-skirnes\/bombejas-kakis\/"]}]},{"@type":"BreadcrumbList","@id":"https:\/\/www.whisker.lv\/kaku-skirnes\/bombejas-kakis\/#breadcrumb","itemListElement":[{"@type":"ListItem","position":1,"name":"S\u0101kums","item":"https:\/\/www.whisker.lv\/"},{"@type":"ListItem","position":2,"name":"Ka\u0137u \u0161\u0137irnes","item":"https:\/\/www.whisker.lv\/kaku-skirnes\/"},{"@type":"ListItem","position":3,"name":"Bombejas ka\u0137is"}]},{"@type":"WebSite","@id":"https:\/\/www.whisker.lv\/#website","url":"https:\/\/www.whisker.lv\/","name":"Whisker","description":"Tavs pal\u012bgs m\u0101jdzivnieku pieskat\u012b\u0161an\u0101","potentialAction":[{"@type":"SearchAction","target":{"@type":"EntryPoint","urlTemplate":"https:\/\/www.whisker.lv\/?s={search_term_string}"},"query-input":"required name=search_term_string"}],"inLanguage":"en-US"}]}},"_links":{"self":[{"href":"https:\/\/www.whisker.lv\/en\/wp-json\/wp\/v2\/pages\/12082"}],"collection":[{"href":"https:\/\/www.whisker.lv\/en\/wp-json\/wp\/v2\/pages"}],"about":[{"href":"https:\/\/www.whisker.lv\/en\/wp-json\/wp\/v2\/types\/page"}],"author":[{"embeddable":true,"href":"https:\/\/www.whisker.lv\/en\/wp-json\/wp\/v2\/users\/1"}],"replies":[{"embeddable":true,"href":"https:\/\/www.whisker.lv\/en\/wp-json\/wp\/v2\/comments?post=12082"}],"version-history":[{"count":4,"href":"https:\/\/www.whisker.lv\/en\/wp-json\/wp\/v2\/pages\/12082\/revisions"}],"predecessor-version":[{"id":12647,"href":"https:\/\/www.whisker.lv\/en\/wp-json\/wp\/v2\/pages\/12082\/revisions\/12647"}],"up":[{"embeddable":true,"href":"https:\/\/www.whisker.lv\/en\/wp-json\/wp\/v2\/pages\/9927"}],"wp:attachment":[{"href":"https:\/\/www.whisker.lv\/en\/wp-json\/wp\/v2\/media?parent=12082"}],"curies":[{"name":"wp","href":"https:\/\/api.w.org\/{rel}","templated":true}]}}