



{"id":12108,"date":"2019-04-24T19:25:17","date_gmt":"2019-04-24T17:25:17","guid":{"rendered":"https:\/\/www.whisker.lv\/?page_id=12108"},"modified":"2019-04-24T22:11:42","modified_gmt":"2019-04-24T20:11:42","slug":"japanu-bobteils","status":"publish","type":"page","link":"https:\/\/www.whisker.lv\/en\/kaku-skirnes\/japanu-bobteils\/","title":{"rendered":"Jap\u0101\u0146u bobteils"},"content":{"rendered":"[vc_row][vc_column][vc_text_separator title=&#8221;Jap\u0101\u0146u bobteils&#8221; border_width=&#8221;8&#8243;][\/vc_column][\/vc_row][vc_row content_placement=&#8221;middle&#8221;][vc_column width=&#8221;1\/4&#8243;][vc_single_image image=&#8221;10070&#8243; img_size=&#8221;large&#8221; style=&#8221;vc_box_rounded&#8221; onclick=&#8221;link_image&#8221;][\/vc_column][vc_column width=&#8221;3\/4&#8243;][vc_column_text]<span style=\"color: #000000;\"><strong>Izcelsme:<\/strong>\u00a0Jap\u0101na<\/span><\/p>\n<p><span style=\"color: #000000;\"><strong>Svars:<\/strong>\u00a02.5-4 kg<\/span><\/p>\n<p><span style=\"color: #000000;\"><strong>Dz\u012bves ilgums:<\/strong>\u00a015-18 gadi<\/span>[\/vc_column_text][\/vc_column][\/vc_row][vc_row][vc_column][vc_column_text]<span style=\"color: #000000;\">\u0160\u012bs \u0161\u0137irnes p\u0101rst\u0101vji ir vislabdab\u012bg\u0101kie pla\u0161aj\u0101 ka\u0137u saim\u0113 \u2013 ide\u0101li m\u0101jas m\u012blu\u013ci. Gudri, maigu raksturu, labi sadz\u012bvo ar citiem m\u0101jdz\u012bvniekiem, m\u012bl b\u0113rnus un sabiedr\u012bbu. Jap\u0101nas bobteilim ir slaids vid\u0113ja izm\u0113ra sp\u0113c\u012bgs \u0137ermenis. Paka\u013ck\u0101jas ir gar\u0101kas par priek\u0161\u0113j\u0101m. At\u0161\u0137ir\u012bb\u0101 no Menas salas ka\u0137iem, Jap\u0101nas bobteilim ir \u012bsa ast\u012bte, kurai j\u0101st\u0101v gais\u0101. Galva \u2013 noapa\u013cota, \u0137\u012b\u013cveida, ausis un deguns veido vien\u0101dmalu trijst\u016bri. Acis \u2013 lielas, ov\u0101las, sl\u012bpas. Apmatojums \u2013 \u012bss, m\u012bksts un z\u012bdains. Garspalvainajai variet\u0101tei apmatojums gar\u0101ks, ar\u012b m\u012bksts un z\u012bdains. Tradicion\u0101lais kr\u0101sojums \u2013 melns, balts un sarkans vai bru\u0146rupu\u010da kr\u0101sojums ar baltu. Piem\u0113roti tur\u0113\u0161anai tikai telp\u0101s.<\/span><\/p>\n<p><span style=\"color: #000000;\"><strong>V\u0113sture.\u00a0<\/strong>1968. gad\u0101 amerik\u0101niete Elizabete Frereta ieveda pirmos tr\u012bs jap\u0101\u0146u bobteilus, 1971. gad\u0101 \u0161\u0137irne jau bija pamat\u0101 izveidojusies, un 1976. gad\u0101 t\u0101 tika atz\u012bta.<\/span><\/p>\n<p><span style=\"color: #000000;\"><strong>Piez\u012bme.<\/strong>\u00a0Japan\u0101 bebteili tiek uzskat\u012bti par draudz\u012bguma un viesm\u012bl\u012bbas simbolu, to fig\u016bri\u0146as rot\u0101 jap\u0101\u0146u m\u0101jas.<\/span>[\/vc_column_text][\/vc_column][\/vc_row]\n","protected":false},"excerpt":{"rendered":"<p>[vc_row][vc_column][vc_text_separator title=&#8221;Jap\u0101\u0146u bobteils&#8221; border_width=&#8221;8&#8243;][\/vc_column][\/vc_row][vc_row content_placement=&#8221;middle&#8221;][vc_column width=&#8221;1\/4&#8243;][vc_single_image image=&#8221;10070&#8243; img_size=&#8221;large&#8221; style=&#8221;vc_box_rounded&#8221; onclick=&#8221;link_image&#8221;][\/vc_column][vc_column width=&#8221;3\/4&#8243;][vc_column_text]Izcelsme:\u00a0Jap\u0101na Svars:\u00a02.5-4 kg Dz\u012bves ilgums:\u00a015-18 gadi[\/vc_column_text][\/vc_column][\/vc_row][vc_row][vc_column][vc_column_text]\u0160\u012bs \u0161\u0137irnes p\u0101rst\u0101vji ir vislabdab\u012bg\u0101kie pla\u0161aj\u0101 ka\u0137u saim\u0113 \u2013 ide\u0101li m\u0101jas m\u012blu\u013ci. Gudri, maigu raksturu, labi sadz\u012bvo ar citiem m\u0101jdz\u012bvniekiem, m\u012bl b\u0113rnus un sabiedr\u012bbu. Jap\u0101nas bobteilim ir slaids vid\u0113ja izm\u0113ra sp\u0113c\u012bgs \u0137ermenis. Paka\u013ck\u0101jas ir gar\u0101kas par priek\u0161\u0113j\u0101m. At\u0161\u0137ir\u012bb\u0101 no Menas [&hellip;]<\/p>\n","protected":false},"author":1,"featured_media":0,"parent":9927,"menu_order":0,"comment_status":"closed","ping_status":"closed","template":"page-fullwidth.php","meta":{"_acf_changed":false,"_glsr_average":0,"_glsr_ranking":0,"_glsr_reviews":0,"footnotes":""},"translation":{"provider":"WPGlobus","version":"2.12.2","language":"en","enabled_languages":["lv","en","ru"],"languages":{"lv":{"title":true,"content":true,"excerpt":false},"en":{"title":false,"content":false,"excerpt":false},"ru":{"title":false,"content":false,"excerpt":false}}},"acf":[],"yoast_head":"<!-- This site is optimized with the Yoast SEO plugin v22.5 - https:\/\/yoast.com\/wordpress\/plugins\/seo\/ -->\n<title>Jap\u0101\u0146u bobteils (Japanese Bobtail) - Whisker.lv | Su\u0146u \u0161\u0137irnes<\/title>\n<meta name=\"robots\" content=\"index, follow, max-snippet:-1, max-image-preview:large, max-video-preview:-1\" \/>\n<link rel=\"canonical\" href=\"https:\/\/www.whisker.lv\/kaku-skirnes\/japanu-bobteils\/\" \/>\n<meta property=\"og:locale\" content=\"en_US\" \/>\n<meta property=\"og:type\" content=\"article\" \/>\n<meta property=\"og:title\" content=\"Jap\u0101\u0146u bobteils - Whisker\" \/>\n<meta property=\"og:url\" content=\"https:\/\/www.whisker.lv\/kaku-skirnes\/japanu-bobteils\/\" \/>\n<meta property=\"og:site_name\" content=\"Whisker\" \/>\n<meta property=\"article:publisher\" content=\"https:\/\/www.facebook.com\/whisker.lv\/\" \/>\n<meta property=\"article:modified_time\" content=\"2019-04-24T20:11:42+00:00\" \/>\n<meta name=\"twitter:card\" content=\"summary_large_image\" \/>\n<meta name=\"twitter:label1\" content=\"Est. reading time\" \/>\n\t<meta name=\"twitter:data1\" content=\"1 minute\" \/>\n<script type=\"application\/ld+json\" class=\"yoast-schema-graph\">{\"@context\":\"https:\/\/schema.org\",\"@graph\":[{\"@type\":\"WebPage\",\"@id\":\"https:\/\/www.whisker.lv\/kaku-skirnes\/japanu-bobteils\/\",\"url\":\"https:\/\/www.whisker.lv\/kaku-skirnes\/japanu-bobteils\/\",\"name\":\"Jap\u0101\u0146u bobteils (Japanese Bobtail) - Whisker.lv | Su\u0146u \u0161\u0137irnes\",\"isPartOf\":{\"@id\":\"https:\/\/www.whisker.lv\/#website\"},\"datePublished\":\"2019-04-24T17:25:17+00:00\",\"dateModified\":\"2019-04-24T20:11:42+00:00\",\"description\":\"Jap\u0101\u0146u bobteils - ide\u0101li m\u0101jas m\u012blu\u013ci. Gudri, maigu raksturu, labi sadz\u012bvo ar citiem m\u0101jdz\u012bvniekiem, m\u012bl b\u0113rnus un sabiedr\u012bbu.\",\"breadcrumb\":{\"@id\":\"https:\/\/www.whisker.lv\/kaku-skirnes\/japanu-bobteils\/#breadcrumb\"},\"inLanguage\":\"en-US\",\"potentialAction\":[{\"@type\":\"ReadAction\",\"target\":[\"https:\/\/www.whisker.lv\/kaku-skirnes\/japanu-bobteils\/\"]}]},{\"@type\":\"BreadcrumbList\",\"@id\":\"https:\/\/www.whisker.lv\/kaku-skirnes\/japanu-bobteils\/#breadcrumb\",\"itemListElement\":[{\"@type\":\"ListItem\",\"position\":1,\"name\":\"S\u0101kums\",\"item\":\"https:\/\/www.whisker.lv\/\"},{\"@type\":\"ListItem\",\"position\":2,\"name\":\"Ka\u0137u \u0161\u0137irnes\",\"item\":\"https:\/\/www.whisker.lv\/kaku-skirnes\/\"},{\"@type\":\"ListItem\",\"position\":3,\"name\":\"Jap\u0101\u0146u bobteils\"}]},{\"@type\":\"WebSite\",\"@id\":\"https:\/\/www.whisker.lv\/#website\",\"url\":\"https:\/\/www.whisker.lv\/\",\"name\":\"Whisker\",\"description\":\"Tavs pal\u012bgs m\u0101jdzivnieku pieskat\u012b\u0161an\u0101\",\"potentialAction\":[{\"@type\":\"SearchAction\",\"target\":{\"@type\":\"EntryPoint\",\"urlTemplate\":\"https:\/\/www.whisker.lv\/?s={search_term_string}\"},\"query-input\":\"required name=search_term_string\"}],\"inLanguage\":\"en-US\"}]}<\/script>\n<!-- \/ Yoast SEO plugin. -->","yoast_head_json":{"title":"Jap\u0101\u0146u bobteils (Japanese Bobtail) - Whisker.lv | Su\u0146u \u0161\u0137irnes","robots":{"index":"index","follow":"follow","max-snippet":"max-snippet:-1","max-image-preview":"max-image-preview:large","max-video-preview":"max-video-preview:-1"},"canonical":"https:\/\/www.whisker.lv\/kaku-skirnes\/japanu-bobteils\/","og_locale":"en_US","og_type":"article","og_title":"Jap\u0101\u0146u bobteils - Whisker","og_url":"https:\/\/www.whisker.lv\/kaku-skirnes\/japanu-bobteils\/","og_site_name":"Whisker","article_publisher":"https:\/\/www.facebook.com\/whisker.lv\/","article_modified_time":"2019-04-24T20:11:42+00:00","twitter_card":"summary_large_image","twitter_misc":{"Est. reading time":"1 minute"},"schema":{"@context":"https:\/\/schema.org","@graph":[{"@type":"WebPage","@id":"https:\/\/www.whisker.lv\/kaku-skirnes\/japanu-bobteils\/","url":"https:\/\/www.whisker.lv\/kaku-skirnes\/japanu-bobteils\/","name":"Jap\u0101\u0146u bobteils (Japanese Bobtail) - Whisker.lv | Su\u0146u \u0161\u0137irnes","isPartOf":{"@id":"https:\/\/www.whisker.lv\/#website"},"datePublished":"2019-04-24T17:25:17+00:00","dateModified":"2019-04-24T20:11:42+00:00","description":"Jap\u0101\u0146u bobteils - ide\u0101li m\u0101jas m\u012blu\u013ci. Gudri, maigu raksturu, labi sadz\u012bvo ar citiem m\u0101jdz\u012bvniekiem, m\u012bl b\u0113rnus un sabiedr\u012bbu.","breadcrumb":{"@id":"https:\/\/www.whisker.lv\/kaku-skirnes\/japanu-bobteils\/#breadcrumb"},"inLanguage":"en-US","potentialAction":[{"@type":"ReadAction","target":["https:\/\/www.whisker.lv\/kaku-skirnes\/japanu-bobteils\/"]}]},{"@type":"BreadcrumbList","@id":"https:\/\/www.whisker.lv\/kaku-skirnes\/japanu-bobteils\/#breadcrumb","itemListElement":[{"@type":"ListItem","position":1,"name":"S\u0101kums","item":"https:\/\/www.whisker.lv\/"},{"@type":"ListItem","position":2,"name":"Ka\u0137u \u0161\u0137irnes","item":"https:\/\/www.whisker.lv\/kaku-skirnes\/"},{"@type":"ListItem","position":3,"name":"Jap\u0101\u0146u bobteils"}]},{"@type":"WebSite","@id":"https:\/\/www.whisker.lv\/#website","url":"https:\/\/www.whisker.lv\/","name":"Whisker","description":"Tavs pal\u012bgs m\u0101jdzivnieku pieskat\u012b\u0161an\u0101","potentialAction":[{"@type":"SearchAction","target":{"@type":"EntryPoint","urlTemplate":"https:\/\/www.whisker.lv\/?s={search_term_string}"},"query-input":"required name=search_term_string"}],"inLanguage":"en-US"}]}},"_links":{"self":[{"href":"https:\/\/www.whisker.lv\/en\/wp-json\/wp\/v2\/pages\/12108"}],"collection":[{"href":"https:\/\/www.whisker.lv\/en\/wp-json\/wp\/v2\/pages"}],"about":[{"href":"https:\/\/www.whisker.lv\/en\/wp-json\/wp\/v2\/types\/page"}],"author":[{"embeddable":true,"href":"https:\/\/www.whisker.lv\/en\/wp-json\/wp\/v2\/users\/1"}],"replies":[{"embeddable":true,"href":"https:\/\/www.whisker.lv\/en\/wp-json\/wp\/v2\/comments?post=12108"}],"version-history":[{"count":5,"href":"https:\/\/www.whisker.lv\/en\/wp-json\/wp\/v2\/pages\/12108\/revisions"}],"predecessor-version":[{"id":12654,"href":"https:\/\/www.whisker.lv\/en\/wp-json\/wp\/v2\/pages\/12108\/revisions\/12654"}],"up":[{"embeddable":true,"href":"https:\/\/www.whisker.lv\/en\/wp-json\/wp\/v2\/pages\/9927"}],"wp:attachment":[{"href":"https:\/\/www.whisker.lv\/en\/wp-json\/wp\/v2\/media?parent=12108"}],"curies":[{"name":"wp","href":"https:\/\/api.w.org\/{rel}","templated":true}]}}