



{"id":12118,"date":"2019-04-24T19:28:32","date_gmt":"2019-04-24T17:28:32","guid":{"rendered":"https:\/\/www.whisker.lv\/?page_id=12118"},"modified":"2019-04-24T22:33:05","modified_gmt":"2019-04-24T20:33:05","slug":"krievu-zilais-kakis","status":"publish","type":"page","link":"https:\/\/www.whisker.lv\/en\/kaku-skirnes\/krievu-zilais-kakis\/","title":{"rendered":"Krievu zilais ka\u0137is"},"content":{"rendered":"[vc_row][vc_column][vc_text_separator title=&#8221;Krievu zilais ka\u0137is&#8221; border_width=&#8221;8&#8243;][\/vc_column][\/vc_row][vc_row content_placement=&#8221;middle&#8221;][vc_column width=&#8221;1\/4&#8243;][vc_single_image image=&#8221;10074&#8243; img_size=&#8221;large&#8221; style=&#8221;vc_box_rounded&#8221; onclick=&#8221;link_image&#8221;][\/vc_column][vc_column width=&#8221;3\/4&#8243;][vc_column_text]<span style=\"color: #000000;\"><strong>Izcelsme:<\/strong>\u00a0Krievija<\/span><\/p>\n<p><span style=\"color: #000000;\"><strong>Svars:<\/strong>\u00a04-8 kg<\/span><\/p>\n<p><span style=\"color: #000000;\"><strong>Dz\u012bves ilgums:<\/strong>\u00a015-20 gadi<\/span>[\/vc_column_text][\/vc_column][\/vc_row][vc_row][vc_column][vc_column_text]<span style=\"color: #000000;\">Krievu\u00a0zilajiem ka\u0137iem ir slaids, iegarens \u0137ermenis, garas k\u0101jas ar \u0161aur\u0101m \u0137ep\u0101m. Gaita eleganta \u2013 ka\u0137is iet \u201cuz pirkstu gali\u0146iem\u201d. Galva \u2013 \u0137\u012b\u013cveida, piere \u2013 taisna, deguns \u2013 ar nelielu ieliekumu. Ausis \u2013 lielas, smailiem galiem. Acis \u2013 mande\u013cveida, izvietotas t\u0101lu viena no otras, za\u013cas. Apmatojums Krievu zilajiem ka\u0137iem ir \u012bpatn\u0113js \u2013 \u012bss un samtains, divsl\u0101\u0146ains, kas pal\u012bdz saglab\u0101t siltumu bargaj\u0101s ziem\u0101s. K\u0101 jau \u0161\u0137irnes nosaukums r\u0101da &#8211; tie ir tikai zil\u0101 kr\u0101s\u0101. Priek\u0161roka tiek dota gai\u0161aj\u0101m nokr\u0101s\u0101m. Pak\u013c\u0101v\u012bgie ka\u0137i \u013coti pie\u0137eras saimniekam, bet neuzticas sve\u0161iniekiem. Labi satiek ar b\u0113rniem un citiem m\u0101jdz\u012bvniekiem. Inteli\u0123entie dz\u012bvnieki interes\u0113jas par visu, kas m\u0101j\u0101s notiek. Piem\u0113roti tur\u0113\u0161anai pils\u0113tas dz\u012bvok\u013cos.<\/span><\/p>\n<p><span style=\"color: #000000;\"><strong>V\u0113sture.\u00a0<\/strong>Simp\u0101tiskie, ar maigu raksturu apvelt\u012btie elegantie ka\u0137i ir vien\u012bg\u0101 Krievijas ka\u0137u nacion\u0101l\u0101 \u0161\u0137irne, kura c\u0113lusies no Arhange\u013cskas. \u0160ie ka\u0137i ir biju\u0161i popul\u0101ri \u0137eizarienes Katr\u012bnas II laik\u0101 augstma\u0146u galmos.<\/span><\/p>\n<p><span style=\"color: #000000;\"><strong>Piez\u012bme.\u00a0<\/strong>Krievu zilajiem ka\u0137iem ir klusa, melodiska balss.<\/span>[\/vc_column_text][\/vc_column][\/vc_row]\n","protected":false},"excerpt":{"rendered":"<p>[vc_row][vc_column][vc_text_separator title=&#8221;Krievu zilais ka\u0137is&#8221; border_width=&#8221;8&#8243;][\/vc_column][\/vc_row][vc_row content_placement=&#8221;middle&#8221;][vc_column width=&#8221;1\/4&#8243;][vc_single_image image=&#8221;10074&#8243; img_size=&#8221;large&#8221; style=&#8221;vc_box_rounded&#8221; onclick=&#8221;link_image&#8221;][\/vc_column][vc_column width=&#8221;3\/4&#8243;][vc_column_text]Izcelsme:\u00a0Krievija Svars:\u00a04-8 kg Dz\u012bves ilgums:\u00a015-20 gadi[\/vc_column_text][\/vc_column][\/vc_row][vc_row][vc_column][vc_column_text]Krievu\u00a0zilajiem ka\u0137iem ir slaids, iegarens \u0137ermenis, garas k\u0101jas ar \u0161aur\u0101m \u0137ep\u0101m. Gaita eleganta \u2013 ka\u0137is iet \u201cuz pirkstu gali\u0146iem\u201d. Galva \u2013 \u0137\u012b\u013cveida, piere \u2013 taisna, deguns \u2013 ar nelielu ieliekumu. Ausis \u2013 lielas, smailiem galiem. Acis \u2013 mande\u013cveida, izvietotas [&hellip;]<\/p>\n","protected":false},"author":1,"featured_media":0,"parent":9927,"menu_order":0,"comment_status":"closed","ping_status":"closed","template":"page-fullwidth.php","meta":{"_acf_changed":false,"_glsr_average":0,"_glsr_ranking":0,"_glsr_reviews":0,"footnotes":""},"translation":{"provider":"WPGlobus","version":"2.12.2","language":"en","enabled_languages":["lv","en","ru"],"languages":{"lv":{"title":true,"content":true,"excerpt":false},"en":{"title":false,"content":false,"excerpt":false},"ru":{"title":false,"content":false,"excerpt":false}}},"acf":[],"yoast_head":"<!-- This site is optimized with the Yoast SEO plugin v22.5 - https:\/\/yoast.com\/wordpress\/plugins\/seo\/ -->\n<title>Krievu zilais ka\u0137is (Russian Blue) - Whisker.lv | Ka\u0137u \u0161\u0137irnes<\/title>\n<meta name=\"robots\" content=\"index, follow, max-snippet:-1, max-image-preview:large, max-video-preview:-1\" \/>\n<link rel=\"canonical\" href=\"https:\/\/www.whisker.lv\/kaku-skirnes\/krievu-zilais-kakis\/\" \/>\n<meta property=\"og:locale\" content=\"en_US\" \/>\n<meta property=\"og:type\" content=\"article\" \/>\n<meta property=\"og:title\" content=\"Krievu zilais ka\u0137is - Whisker\" \/>\n<meta property=\"og:url\" content=\"https:\/\/www.whisker.lv\/kaku-skirnes\/krievu-zilais-kakis\/\" \/>\n<meta property=\"og:site_name\" content=\"Whisker\" \/>\n<meta property=\"article:publisher\" content=\"https:\/\/www.facebook.com\/whisker.lv\/\" \/>\n<meta property=\"article:modified_time\" content=\"2019-04-24T20:33:05+00:00\" \/>\n<meta name=\"twitter:card\" content=\"summary_large_image\" \/>\n<meta name=\"twitter:label1\" content=\"Est. reading time\" \/>\n\t<meta name=\"twitter:data1\" content=\"1 minute\" \/>\n<script type=\"application\/ld+json\" class=\"yoast-schema-graph\">{\"@context\":\"https:\/\/schema.org\",\"@graph\":[{\"@type\":\"WebPage\",\"@id\":\"https:\/\/www.whisker.lv\/kaku-skirnes\/krievu-zilais-kakis\/\",\"url\":\"https:\/\/www.whisker.lv\/kaku-skirnes\/krievu-zilais-kakis\/\",\"name\":\"Krievu zilais ka\u0137is (Russian Blue) - Whisker.lv | Ka\u0137u \u0161\u0137irnes\",\"isPartOf\":{\"@id\":\"https:\/\/www.whisker.lv\/#website\"},\"datePublished\":\"2019-04-24T17:28:32+00:00\",\"dateModified\":\"2019-04-24T20:33:05+00:00\",\"description\":\"Krievu zilais ka\u0137is \u013coti pie\u0137eras saimniekam, bet neuzticas sve\u0161iniekiem. Inteli\u0123entie dz\u012bvnieki interes\u0113jas par visu, kas m\u0101j\u0101s notiek.\",\"breadcrumb\":{\"@id\":\"https:\/\/www.whisker.lv\/kaku-skirnes\/krievu-zilais-kakis\/#breadcrumb\"},\"inLanguage\":\"en-US\",\"potentialAction\":[{\"@type\":\"ReadAction\",\"target\":[\"https:\/\/www.whisker.lv\/kaku-skirnes\/krievu-zilais-kakis\/\"]}]},{\"@type\":\"BreadcrumbList\",\"@id\":\"https:\/\/www.whisker.lv\/kaku-skirnes\/krievu-zilais-kakis\/#breadcrumb\",\"itemListElement\":[{\"@type\":\"ListItem\",\"position\":1,\"name\":\"S\u0101kums\",\"item\":\"https:\/\/www.whisker.lv\/\"},{\"@type\":\"ListItem\",\"position\":2,\"name\":\"Ka\u0137u \u0161\u0137irnes\",\"item\":\"https:\/\/www.whisker.lv\/kaku-skirnes\/\"},{\"@type\":\"ListItem\",\"position\":3,\"name\":\"Krievu zilais ka\u0137is\"}]},{\"@type\":\"WebSite\",\"@id\":\"https:\/\/www.whisker.lv\/#website\",\"url\":\"https:\/\/www.whisker.lv\/\",\"name\":\"Whisker\",\"description\":\"Tavs pal\u012bgs m\u0101jdzivnieku pieskat\u012b\u0161an\u0101\",\"potentialAction\":[{\"@type\":\"SearchAction\",\"target\":{\"@type\":\"EntryPoint\",\"urlTemplate\":\"https:\/\/www.whisker.lv\/?s={search_term_string}\"},\"query-input\":\"required name=search_term_string\"}],\"inLanguage\":\"en-US\"}]}<\/script>\n<!-- \/ Yoast SEO plugin. -->","yoast_head_json":{"title":"Krievu zilais ka\u0137is (Russian Blue) - Whisker.lv | Ka\u0137u \u0161\u0137irnes","robots":{"index":"index","follow":"follow","max-snippet":"max-snippet:-1","max-image-preview":"max-image-preview:large","max-video-preview":"max-video-preview:-1"},"canonical":"https:\/\/www.whisker.lv\/kaku-skirnes\/krievu-zilais-kakis\/","og_locale":"en_US","og_type":"article","og_title":"Krievu zilais ka\u0137is - Whisker","og_url":"https:\/\/www.whisker.lv\/kaku-skirnes\/krievu-zilais-kakis\/","og_site_name":"Whisker","article_publisher":"https:\/\/www.facebook.com\/whisker.lv\/","article_modified_time":"2019-04-24T20:33:05+00:00","twitter_card":"summary_large_image","twitter_misc":{"Est. reading time":"1 minute"},"schema":{"@context":"https:\/\/schema.org","@graph":[{"@type":"WebPage","@id":"https:\/\/www.whisker.lv\/kaku-skirnes\/krievu-zilais-kakis\/","url":"https:\/\/www.whisker.lv\/kaku-skirnes\/krievu-zilais-kakis\/","name":"Krievu zilais ka\u0137is (Russian Blue) - Whisker.lv | Ka\u0137u \u0161\u0137irnes","isPartOf":{"@id":"https:\/\/www.whisker.lv\/#website"},"datePublished":"2019-04-24T17:28:32+00:00","dateModified":"2019-04-24T20:33:05+00:00","description":"Krievu zilais ka\u0137is \u013coti pie\u0137eras saimniekam, bet neuzticas sve\u0161iniekiem. Inteli\u0123entie dz\u012bvnieki interes\u0113jas par visu, kas m\u0101j\u0101s notiek.","breadcrumb":{"@id":"https:\/\/www.whisker.lv\/kaku-skirnes\/krievu-zilais-kakis\/#breadcrumb"},"inLanguage":"en-US","potentialAction":[{"@type":"ReadAction","target":["https:\/\/www.whisker.lv\/kaku-skirnes\/krievu-zilais-kakis\/"]}]},{"@type":"BreadcrumbList","@id":"https:\/\/www.whisker.lv\/kaku-skirnes\/krievu-zilais-kakis\/#breadcrumb","itemListElement":[{"@type":"ListItem","position":1,"name":"S\u0101kums","item":"https:\/\/www.whisker.lv\/"},{"@type":"ListItem","position":2,"name":"Ka\u0137u \u0161\u0137irnes","item":"https:\/\/www.whisker.lv\/kaku-skirnes\/"},{"@type":"ListItem","position":3,"name":"Krievu zilais ka\u0137is"}]},{"@type":"WebSite","@id":"https:\/\/www.whisker.lv\/#website","url":"https:\/\/www.whisker.lv\/","name":"Whisker","description":"Tavs pal\u012bgs m\u0101jdzivnieku pieskat\u012b\u0161an\u0101","potentialAction":[{"@type":"SearchAction","target":{"@type":"EntryPoint","urlTemplate":"https:\/\/www.whisker.lv\/?s={search_term_string}"},"query-input":"required name=search_term_string"}],"inLanguage":"en-US"}]}},"_links":{"self":[{"href":"https:\/\/www.whisker.lv\/en\/wp-json\/wp\/v2\/pages\/12118"}],"collection":[{"href":"https:\/\/www.whisker.lv\/en\/wp-json\/wp\/v2\/pages"}],"about":[{"href":"https:\/\/www.whisker.lv\/en\/wp-json\/wp\/v2\/types\/page"}],"author":[{"embeddable":true,"href":"https:\/\/www.whisker.lv\/en\/wp-json\/wp\/v2\/users\/1"}],"replies":[{"embeddable":true,"href":"https:\/\/www.whisker.lv\/en\/wp-json\/wp\/v2\/comments?post=12118"}],"version-history":[{"count":3,"href":"https:\/\/www.whisker.lv\/en\/wp-json\/wp\/v2\/pages\/12118\/revisions"}],"predecessor-version":[{"id":12122,"href":"https:\/\/www.whisker.lv\/en\/wp-json\/wp\/v2\/pages\/12118\/revisions\/12122"}],"up":[{"embeddable":true,"href":"https:\/\/www.whisker.lv\/en\/wp-json\/wp\/v2\/pages\/9927"}],"wp:attachment":[{"href":"https:\/\/www.whisker.lv\/en\/wp-json\/wp\/v2\/media?parent=12118"}],"curies":[{"name":"wp","href":"https:\/\/api.w.org\/{rel}","templated":true}]}}