



{"id":12123,"date":"2019-04-24T19:29:06","date_gmt":"2019-04-24T17:29:06","guid":{"rendered":"https:\/\/www.whisker.lv\/?page_id=12123"},"modified":"2019-04-24T22:38:23","modified_gmt":"2019-04-24T20:38:23","slug":"mankss","status":"publish","type":"page","link":"https:\/\/www.whisker.lv\/en\/kaku-skirnes\/mankss\/","title":{"rendered":"Mankss"},"content":{"rendered":"[vc_row][vc_column][vc_text_separator title=&#8221;Mankss&#8221; border_width=&#8221;8&#8243;][\/vc_column][\/vc_row][vc_row content_placement=&#8221;middle&#8221;][vc_column width=&#8221;1\/4&#8243;][vc_single_image image=&#8221;10075&#8243; img_size=&#8221;large&#8221; style=&#8221;vc_box_rounded&#8221; onclick=&#8221;link_image&#8221;][\/vc_column][vc_column width=&#8221;3\/4&#8243;][vc_column_text]<span style=\"color: #000000;\"><strong>Izcelsme:<\/strong>\u00a0Lielbrit\u0101nija<\/span><\/p>\n<p><span style=\"color: #000000;\"><strong>Svars:<\/strong>\u00a04-7 kg<\/span><\/p>\n<p><span style=\"color: #000000;\"><strong>Dz\u012bves ilgums:<\/strong>\u00a010-12 gadi<\/span>[\/vc_column_text][\/vc_column][\/vc_row][vc_row][vc_column][vc_column_text]<span style=\"color: #000000;\">Mankss jeb Menas salas ka\u0137is nav l\u012bdz\u012bgs citiem britu \u012bsspalvainajiem ka\u0137iem, jo tam nav astes. \u0160\u012bs \u0161\u0137irnes ka\u0137iem netiek piem\u0113rotas tik stingras pras\u012bbas k\u0101 vairumam Eiropas un Amerikas ka\u0137u. T\u0101, piem\u0113ram,\u00a0<\/span><span style=\"color: #000000;\">deguns manksiem var b\u016bt nedaudz gar\u0101ks. Pie\u013caujama jebkura apmatojuma kr\u0101su vari\u0101cija. Ka\u017eoks ir biezs, viegli save\u013cas, t\u0101d\u0113\u013c nepiecie\u0161ama r\u016bp\u012bga kop\u0161ana. \u0160\u0137irne izveidojusies Menas sal\u0101 pie Anglijas krastiem mut\u0101cijas ce\u013c\u0101. Da\u013cai Menas salas ka\u0137u astes vieta ir neliels padzi\u013cin\u0101jums, bet otram paveidam ir \u012bsa aste ar da\u017eiem skrieme\u013ciem. Izst\u0101d\u0113s Anglij\u0101 tiek v\u0113rt\u0113ti ka\u0137i bez astes, ta\u010du selekcij\u0101 tiek izmantoti abu paveidu dz\u012bvnieki un tre\u0161\u0101 paveida eksempl\u0101ri ar \u012bsu asti, lai samazin\u0101tu risku dzemd\u0113t nedz\u012bvus ka\u0137\u0113nus.<\/span><\/p>\n<p><span style=\"color: #000000;\"><strong>V\u0113sture.<\/strong>\u00a0Menas salas ka\u0137i jeb manksi ir zin\u0101mi jau vair\u0101kus simtus gadu. Pamat\u0101 \u0161\u0137irne veidojusies Menas sal\u0101, kas atrodas \u012arijas j\u016br\u0101 pie Lielbrit\u0101nijas krastiem.\u00a0<\/span><\/p>\n<p><span style=\"color: #000000;\"><strong>Piez\u012bme. <\/strong>Interesanti dz\u012bvnieki, rota\u013c\u012bgi, pat\u012bk sp\u0113l\u0113ties ar rota\u013cliet\u0101m k\u0101 su\u0146iem. Vair\u0101k izplat\u012bti Lielbrit\u0101nij\u0101. Eirop\u0101 sastopami maz, sakar\u0101 ar probl\u0113m\u0101m p\u0101ro\u0161an\u0101.<\/span>[\/vc_column_text][\/vc_column][\/vc_row]\n","protected":false},"excerpt":{"rendered":"<p>[vc_row][vc_column][vc_text_separator title=&#8221;Mankss&#8221; border_width=&#8221;8&#8243;][\/vc_column][\/vc_row][vc_row content_placement=&#8221;middle&#8221;][vc_column width=&#8221;1\/4&#8243;][vc_single_image image=&#8221;10075&#8243; img_size=&#8221;large&#8221; style=&#8221;vc_box_rounded&#8221; onclick=&#8221;link_image&#8221;][\/vc_column][vc_column width=&#8221;3\/4&#8243;][vc_column_text]Izcelsme:\u00a0Lielbrit\u0101nija Svars:\u00a04-7 kg Dz\u012bves ilgums:\u00a010-12 gadi[\/vc_column_text][\/vc_column][\/vc_row][vc_row][vc_column][vc_column_text]Mankss jeb Menas salas ka\u0137is nav l\u012bdz\u012bgs citiem britu \u012bsspalvainajiem ka\u0137iem, jo tam nav astes. \u0160\u012bs \u0161\u0137irnes ka\u0137iem netiek piem\u0113rotas tik stingras pras\u012bbas k\u0101 vairumam Eiropas un Amerikas ka\u0137u. T\u0101, piem\u0113ram,\u00a0deguns manksiem var b\u016bt nedaudz gar\u0101ks. Pie\u013caujama jebkura apmatojuma kr\u0101su vari\u0101cija. [&hellip;]<\/p>\n","protected":false},"author":1,"featured_media":0,"parent":9927,"menu_order":0,"comment_status":"closed","ping_status":"closed","template":"page-fullwidth.php","meta":{"_acf_changed":false,"_glsr_average":0,"_glsr_ranking":0,"_glsr_reviews":0,"footnotes":""},"translation":{"provider":"WPGlobus","version":"2.12.2","language":"en","enabled_languages":["lv","en","ru"],"languages":{"lv":{"title":true,"content":true,"excerpt":false},"en":{"title":false,"content":false,"excerpt":false},"ru":{"title":false,"content":false,"excerpt":false}}},"acf":[],"yoast_head":"<!-- This site is optimized with the Yoast SEO plugin v22.5 - https:\/\/yoast.com\/wordpress\/plugins\/seo\/ -->\n<title>Mankss (Manx) - Whisker.lv | Ka\u0137u \u0161\u0137irnes<\/title>\n<meta name=\"robots\" content=\"index, follow, max-snippet:-1, max-image-preview:large, max-video-preview:-1\" \/>\n<link rel=\"canonical\" href=\"https:\/\/www.whisker.lv\/kaku-skirnes\/mankss\/\" \/>\n<meta property=\"og:locale\" content=\"en_US\" \/>\n<meta property=\"og:type\" content=\"article\" \/>\n<meta property=\"og:title\" content=\"Mankss - Whisker\" \/>\n<meta property=\"og:url\" content=\"https:\/\/www.whisker.lv\/kaku-skirnes\/mankss\/\" \/>\n<meta property=\"og:site_name\" content=\"Whisker\" \/>\n<meta property=\"article:publisher\" content=\"https:\/\/www.facebook.com\/whisker.lv\/\" \/>\n<meta property=\"article:modified_time\" content=\"2019-04-24T20:38:23+00:00\" \/>\n<meta name=\"twitter:card\" content=\"summary_large_image\" \/>\n<meta name=\"twitter:label1\" content=\"Est. reading time\" \/>\n\t<meta name=\"twitter:data1\" content=\"1 minute\" \/>\n<script type=\"application\/ld+json\" class=\"yoast-schema-graph\">{\"@context\":\"https:\/\/schema.org\",\"@graph\":[{\"@type\":\"WebPage\",\"@id\":\"https:\/\/www.whisker.lv\/kaku-skirnes\/mankss\/\",\"url\":\"https:\/\/www.whisker.lv\/kaku-skirnes\/mankss\/\",\"name\":\"Mankss (Manx) - Whisker.lv | Ka\u0137u \u0161\u0137irnes\",\"isPartOf\":{\"@id\":\"https:\/\/www.whisker.lv\/#website\"},\"datePublished\":\"2019-04-24T17:29:06+00:00\",\"dateModified\":\"2019-04-24T20:38:23+00:00\",\"description\":\"Mankss jeb Menas salas ka\u0137is nav l\u012bdz\u012bgs citiem britu \u012bsspalvainajiem ka\u0137iem, jo tam nav astes. Pie\u013caujama jebkura apmatojuma kr\u0101su vari\u0101cija.\",\"breadcrumb\":{\"@id\":\"https:\/\/www.whisker.lv\/kaku-skirnes\/mankss\/#breadcrumb\"},\"inLanguage\":\"en-US\",\"potentialAction\":[{\"@type\":\"ReadAction\",\"target\":[\"https:\/\/www.whisker.lv\/kaku-skirnes\/mankss\/\"]}]},{\"@type\":\"BreadcrumbList\",\"@id\":\"https:\/\/www.whisker.lv\/kaku-skirnes\/mankss\/#breadcrumb\",\"itemListElement\":[{\"@type\":\"ListItem\",\"position\":1,\"name\":\"S\u0101kums\",\"item\":\"https:\/\/www.whisker.lv\/\"},{\"@type\":\"ListItem\",\"position\":2,\"name\":\"Ka\u0137u \u0161\u0137irnes\",\"item\":\"https:\/\/www.whisker.lv\/kaku-skirnes\/\"},{\"@type\":\"ListItem\",\"position\":3,\"name\":\"Mankss\"}]},{\"@type\":\"WebSite\",\"@id\":\"https:\/\/www.whisker.lv\/#website\",\"url\":\"https:\/\/www.whisker.lv\/\",\"name\":\"Whisker\",\"description\":\"Tavs pal\u012bgs m\u0101jdzivnieku pieskat\u012b\u0161an\u0101\",\"potentialAction\":[{\"@type\":\"SearchAction\",\"target\":{\"@type\":\"EntryPoint\",\"urlTemplate\":\"https:\/\/www.whisker.lv\/?s={search_term_string}\"},\"query-input\":\"required name=search_term_string\"}],\"inLanguage\":\"en-US\"}]}<\/script>\n<!-- \/ Yoast SEO plugin. -->","yoast_head_json":{"title":"Mankss (Manx) - Whisker.lv | Ka\u0137u \u0161\u0137irnes","robots":{"index":"index","follow":"follow","max-snippet":"max-snippet:-1","max-image-preview":"max-image-preview:large","max-video-preview":"max-video-preview:-1"},"canonical":"https:\/\/www.whisker.lv\/kaku-skirnes\/mankss\/","og_locale":"en_US","og_type":"article","og_title":"Mankss - Whisker","og_url":"https:\/\/www.whisker.lv\/kaku-skirnes\/mankss\/","og_site_name":"Whisker","article_publisher":"https:\/\/www.facebook.com\/whisker.lv\/","article_modified_time":"2019-04-24T20:38:23+00:00","twitter_card":"summary_large_image","twitter_misc":{"Est. reading time":"1 minute"},"schema":{"@context":"https:\/\/schema.org","@graph":[{"@type":"WebPage","@id":"https:\/\/www.whisker.lv\/kaku-skirnes\/mankss\/","url":"https:\/\/www.whisker.lv\/kaku-skirnes\/mankss\/","name":"Mankss (Manx) - Whisker.lv | Ka\u0137u \u0161\u0137irnes","isPartOf":{"@id":"https:\/\/www.whisker.lv\/#website"},"datePublished":"2019-04-24T17:29:06+00:00","dateModified":"2019-04-24T20:38:23+00:00","description":"Mankss jeb Menas salas ka\u0137is nav l\u012bdz\u012bgs citiem britu \u012bsspalvainajiem ka\u0137iem, jo tam nav astes. Pie\u013caujama jebkura apmatojuma kr\u0101su vari\u0101cija.","breadcrumb":{"@id":"https:\/\/www.whisker.lv\/kaku-skirnes\/mankss\/#breadcrumb"},"inLanguage":"en-US","potentialAction":[{"@type":"ReadAction","target":["https:\/\/www.whisker.lv\/kaku-skirnes\/mankss\/"]}]},{"@type":"BreadcrumbList","@id":"https:\/\/www.whisker.lv\/kaku-skirnes\/mankss\/#breadcrumb","itemListElement":[{"@type":"ListItem","position":1,"name":"S\u0101kums","item":"https:\/\/www.whisker.lv\/"},{"@type":"ListItem","position":2,"name":"Ka\u0137u \u0161\u0137irnes","item":"https:\/\/www.whisker.lv\/kaku-skirnes\/"},{"@type":"ListItem","position":3,"name":"Mankss"}]},{"@type":"WebSite","@id":"https:\/\/www.whisker.lv\/#website","url":"https:\/\/www.whisker.lv\/","name":"Whisker","description":"Tavs pal\u012bgs m\u0101jdzivnieku pieskat\u012b\u0161an\u0101","potentialAction":[{"@type":"SearchAction","target":{"@type":"EntryPoint","urlTemplate":"https:\/\/www.whisker.lv\/?s={search_term_string}"},"query-input":"required name=search_term_string"}],"inLanguage":"en-US"}]}},"_links":{"self":[{"href":"https:\/\/www.whisker.lv\/en\/wp-json\/wp\/v2\/pages\/12123"}],"collection":[{"href":"https:\/\/www.whisker.lv\/en\/wp-json\/wp\/v2\/pages"}],"about":[{"href":"https:\/\/www.whisker.lv\/en\/wp-json\/wp\/v2\/types\/page"}],"author":[{"embeddable":true,"href":"https:\/\/www.whisker.lv\/en\/wp-json\/wp\/v2\/users\/1"}],"replies":[{"embeddable":true,"href":"https:\/\/www.whisker.lv\/en\/wp-json\/wp\/v2\/comments?post=12123"}],"version-history":[{"count":4,"href":"https:\/\/www.whisker.lv\/en\/wp-json\/wp\/v2\/pages\/12123\/revisions"}],"predecessor-version":[{"id":12659,"href":"https:\/\/www.whisker.lv\/en\/wp-json\/wp\/v2\/pages\/12123\/revisions\/12659"}],"up":[{"embeddable":true,"href":"https:\/\/www.whisker.lv\/en\/wp-json\/wp\/v2\/pages\/9927"}],"wp:attachment":[{"href":"https:\/\/www.whisker.lv\/en\/wp-json\/wp\/v2\/media?parent=12123"}],"curies":[{"name":"wp","href":"https:\/\/api.w.org\/{rel}","templated":true}]}}