



{"id":12128,"date":"2019-04-24T19:35:28","date_gmt":"2019-04-24T17:35:28","guid":{"rendered":"https:\/\/www.whisker.lv\/?page_id=12128"},"modified":"2019-04-25T00:11:03","modified_gmt":"2019-04-24T22:11:03","slug":"siamas-kakis","status":"publish","type":"page","link":"https:\/\/www.whisker.lv\/en\/kaku-skirnes\/siamas-kakis\/","title":{"rendered":"Si\u0101mas ka\u0137is"},"content":{"rendered":"[vc_row][vc_column][vc_text_separator title=&#8221;Si\u0101mas ka\u0137is&#8221; border_width=&#8221;8&#8243;][\/vc_column][\/vc_row][vc_row content_placement=&#8221;middle&#8221;][vc_column width=&#8221;1\/4&#8243;][vc_single_image image=&#8221;10149&#8243; img_size=&#8221;large&#8221; style=&#8221;vc_box_rounded&#8221; onclick=&#8221;link_image&#8221;][\/vc_column][vc_column width=&#8221;3\/4&#8243;][vc_column_text]<span style=\"color: #000000;\"><strong>Izcelsme:<\/strong>\u00a0Taizeme<\/span><\/p>\n<p><span style=\"color: #000000;\"><strong>Svars:<\/strong> 3-7 kg<\/span><\/p>\n<p><span style=\"color: #000000;\"><strong>Dz\u012bves ilgums:<\/strong>\u00a015-20 gadi<\/span>[\/vc_column_text][\/vc_column][\/vc_row][vc_row][vc_column][vc_column_text]<span style=\"color: #000000;\">No vis\u0101m ka\u0137u \u0161\u0137irn\u0113m si\u0101mie\u0161i ir visvair\u0101k atpaz\u012bstami. Garais, lokanais\u00a0\u0137ermenis ir ar rakstur\u012bgaj\u0101m tum\u0161aj\u0101m iez\u012bm\u0113m. \u0160ie elegantie ka\u0137i cilv\u0113kiem vienm\u0113r liku\u0161ies pievilc\u012bgi. \u00a0Si\u0101mas ka\u0137i ir ar sp\u0113c\u012bgu, mas\u012bvu \u0137ermeni, \u0137\u012b\u013cveid\u012bgu papla\u0161in\u0101tu galvu ar nelielu\u00a0p\u0101reju no pieres uz degunu, pa\u012bsu asti.\u00a0<\/span><span style=\"color: #000000;\">M\u016bsdien\u0101s ka\u0137is ir elegants, slaids, gar\u0101m tiev\u0101m k\u0101j\u0101m, garu kaklu, garu tievu asti. Tiem ir gluds, \u012bss, m\u012bksts un piegulo\u0161s apmatojums. \u0136ermenis kr\u0101sots gai\u0161\u0101 ton\u012b &#8211; no pel\u0113c\u012bgi b\u0113\u0161a l\u012bdz zilo\u0146kaulam. <\/span><\/p>\n<p><span style=\"color: #000000;\">Seja, ausis, k\u0101jas un aste ir ar tum\u0161\u0101k\u0101m iez\u012bm\u0113m. To kr\u0101sojums var b\u016bt no \u0161okol\u0101des kr\u0101sas l\u012bdz sarkanai, zilai un cit\u0101m, bet saskan\u012bgs ar pamatkr\u0101su. Si\u0101mas ka\u0137i ir \u013coti gudri, tie pie\u0137eras saimniekam, nav agres\u012bvi. Spilgtas individualit\u0101tes, \u013coti run\u012bgi, apvelt\u012bti ska\u013cu balsi. T\u0101pat k\u0101 Birmas ka\u0137i, si\u0101mie\u0161i negaida uzman\u012bbu \u2013 vi\u0146i to pieprasa. Vi\u0146i var b\u016bt pras\u012bgi, ska\u013ci, pretend\u0113 uz \u0123imenes locek\u013ca statusu. Komunikabli.\u00a0<\/span><\/p>\n<p><span style=\"color: #000000;\"><strong>V\u0113sture.\u00a0<\/strong>Si\u0101mas ka\u0137i ir viena no sen\u0101kaj\u0101m \u0161\u0137irn\u0113m pasaul\u0113. Jau sen\u0101s Taizemes (Si\u0101mas) fresk\u0101s att\u0113loti ka\u0137i ar gai\u0161u \u0137ermeni un tum\u0161\u0101k kr\u0101sotu galvu un k\u0101j\u0101m. Agr\u012bnajiem si\u0101mie\u0161u\u00a0p\u0101rst\u0101vjiem bija \u0161\u0137iel\u0113jo\u0161as acis un aste ar ielauzumiem, kas m\u016bsdien\u0101s tiek uzskat\u012bti par nopietniem tr\u016bkumiem. M\u016bsdienu Si\u0101mas ka\u0137iem,\u00a0pateicoties selekcijai, \u0161ie tr\u016bkumi ir nov\u0113rsti. 60.-70.\u00a0gados Latvij\u0101 tika ievesti pirmie Si\u0101mas ka\u0137i.<\/span><\/p>\n<p><span style=\"color: #000000;\"><strong>Piez\u012bme.<\/strong> Si\u0101mie\u0161iem\u00a0\u013coti nepat\u012bk palikt vieniem. Ja saimnieks pl\u0101no b\u016bt proj\u0101m visu dienu un v\u0113las tur\u0113t tikai vienu Si\u0101mas ka\u0137i, \u0161\u012b \u0161\u0137irne nav dom\u0101ta vi\u0146am.<\/span>[\/vc_column_text][\/vc_column][\/vc_row]\n","protected":false},"excerpt":{"rendered":"<p>[vc_row][vc_column][vc_text_separator title=&#8221;Si\u0101mas ka\u0137is&#8221; border_width=&#8221;8&#8243;][\/vc_column][\/vc_row][vc_row content_placement=&#8221;middle&#8221;][vc_column width=&#8221;1\/4&#8243;][vc_single_image image=&#8221;10149&#8243; img_size=&#8221;large&#8221; style=&#8221;vc_box_rounded&#8221; onclick=&#8221;link_image&#8221;][\/vc_column][vc_column width=&#8221;3\/4&#8243;][vc_column_text]Izcelsme:\u00a0Taizeme Svars: 3-7 kg Dz\u012bves ilgums:\u00a015-20 gadi[\/vc_column_text][\/vc_column][\/vc_row][vc_row][vc_column][vc_column_text]No vis\u0101m ka\u0137u \u0161\u0137irn\u0113m si\u0101mie\u0161i ir visvair\u0101k atpaz\u012bstami. Garais, lokanais\u00a0\u0137ermenis ir ar rakstur\u012bgaj\u0101m tum\u0161aj\u0101m iez\u012bm\u0113m. \u0160ie elegantie ka\u0137i cilv\u0113kiem vienm\u0113r liku\u0161ies pievilc\u012bgi. \u00a0Si\u0101mas ka\u0137i ir ar sp\u0113c\u012bgu, mas\u012bvu \u0137ermeni, \u0137\u012b\u013cveid\u012bgu papla\u0161in\u0101tu galvu ar nelielu\u00a0p\u0101reju no pieres uz degunu, pa\u012bsu [&hellip;]<\/p>\n","protected":false},"author":1,"featured_media":0,"parent":9927,"menu_order":0,"comment_status":"closed","ping_status":"closed","template":"page-fullwidth.php","meta":{"_acf_changed":false,"_glsr_average":0,"_glsr_ranking":0,"_glsr_reviews":0,"footnotes":""},"translation":{"provider":"WPGlobus","version":"2.12.2","language":"en","enabled_languages":["lv","en","ru"],"languages":{"lv":{"title":true,"content":true,"excerpt":false},"en":{"title":false,"content":false,"excerpt":false},"ru":{"title":false,"content":false,"excerpt":false}}},"acf":[],"yoast_head":"<!-- This site is optimized with the Yoast SEO plugin v22.5 - https:\/\/yoast.com\/wordpress\/plugins\/seo\/ -->\n<title>Si\u0101mas ka\u0137is (Siamese) - Whisker.lv | Ka\u0137u \u0161\u0137irnes<\/title>\n<meta name=\"robots\" content=\"index, follow, max-snippet:-1, max-image-preview:large, max-video-preview:-1\" \/>\n<link rel=\"canonical\" href=\"https:\/\/www.whisker.lv\/kaku-skirnes\/siamas-kakis\/\" \/>\n<meta property=\"og:locale\" content=\"en_US\" \/>\n<meta property=\"og:type\" content=\"article\" \/>\n<meta property=\"og:title\" content=\"Si\u0101mas ka\u0137is - Whisker\" \/>\n<meta property=\"og:url\" content=\"https:\/\/www.whisker.lv\/kaku-skirnes\/siamas-kakis\/\" \/>\n<meta property=\"og:site_name\" content=\"Whisker\" \/>\n<meta property=\"article:publisher\" content=\"https:\/\/www.facebook.com\/whisker.lv\/\" \/>\n<meta property=\"article:modified_time\" content=\"2019-04-24T22:11:03+00:00\" \/>\n<meta name=\"twitter:card\" content=\"summary_large_image\" \/>\n<meta name=\"twitter:label1\" content=\"Est. reading time\" \/>\n\t<meta name=\"twitter:data1\" content=\"2 minutes\" \/>\n<script type=\"application\/ld+json\" class=\"yoast-schema-graph\">{\"@context\":\"https:\/\/schema.org\",\"@graph\":[{\"@type\":\"WebPage\",\"@id\":\"https:\/\/www.whisker.lv\/kaku-skirnes\/siamas-kakis\/\",\"url\":\"https:\/\/www.whisker.lv\/kaku-skirnes\/siamas-kakis\/\",\"name\":\"Si\u0101mas ka\u0137is (Siamese) - Whisker.lv | Ka\u0137u \u0161\u0137irnes\",\"isPartOf\":{\"@id\":\"https:\/\/www.whisker.lv\/#website\"},\"datePublished\":\"2019-04-24T17:35:28+00:00\",\"dateModified\":\"2019-04-24T22:11:03+00:00\",\"description\":\"Si\u0101mas ka\u0137is ir elegants, slaids, gar\u0101m tiev\u0101m k\u0101j\u0101m, garu kaklu, garu tievu asti. Tiem ir gluds, \u012bss, m\u012bksts un piegulo\u0161s apmatojums.\",\"breadcrumb\":{\"@id\":\"https:\/\/www.whisker.lv\/kaku-skirnes\/siamas-kakis\/#breadcrumb\"},\"inLanguage\":\"en-US\",\"potentialAction\":[{\"@type\":\"ReadAction\",\"target\":[\"https:\/\/www.whisker.lv\/kaku-skirnes\/siamas-kakis\/\"]}]},{\"@type\":\"BreadcrumbList\",\"@id\":\"https:\/\/www.whisker.lv\/kaku-skirnes\/siamas-kakis\/#breadcrumb\",\"itemListElement\":[{\"@type\":\"ListItem\",\"position\":1,\"name\":\"S\u0101kums\",\"item\":\"https:\/\/www.whisker.lv\/\"},{\"@type\":\"ListItem\",\"position\":2,\"name\":\"Ka\u0137u \u0161\u0137irnes\",\"item\":\"https:\/\/www.whisker.lv\/kaku-skirnes\/\"},{\"@type\":\"ListItem\",\"position\":3,\"name\":\"Si\u0101mas ka\u0137is\"}]},{\"@type\":\"WebSite\",\"@id\":\"https:\/\/www.whisker.lv\/#website\",\"url\":\"https:\/\/www.whisker.lv\/\",\"name\":\"Whisker\",\"description\":\"Tavs pal\u012bgs m\u0101jdzivnieku pieskat\u012b\u0161an\u0101\",\"potentialAction\":[{\"@type\":\"SearchAction\",\"target\":{\"@type\":\"EntryPoint\",\"urlTemplate\":\"https:\/\/www.whisker.lv\/?s={search_term_string}\"},\"query-input\":\"required name=search_term_string\"}],\"inLanguage\":\"en-US\"}]}<\/script>\n<!-- \/ Yoast SEO plugin. -->","yoast_head_json":{"title":"Si\u0101mas ka\u0137is (Siamese) - Whisker.lv | Ka\u0137u \u0161\u0137irnes","robots":{"index":"index","follow":"follow","max-snippet":"max-snippet:-1","max-image-preview":"max-image-preview:large","max-video-preview":"max-video-preview:-1"},"canonical":"https:\/\/www.whisker.lv\/kaku-skirnes\/siamas-kakis\/","og_locale":"en_US","og_type":"article","og_title":"Si\u0101mas ka\u0137is - Whisker","og_url":"https:\/\/www.whisker.lv\/kaku-skirnes\/siamas-kakis\/","og_site_name":"Whisker","article_publisher":"https:\/\/www.facebook.com\/whisker.lv\/","article_modified_time":"2019-04-24T22:11:03+00:00","twitter_card":"summary_large_image","twitter_misc":{"Est. reading time":"2 minutes"},"schema":{"@context":"https:\/\/schema.org","@graph":[{"@type":"WebPage","@id":"https:\/\/www.whisker.lv\/kaku-skirnes\/siamas-kakis\/","url":"https:\/\/www.whisker.lv\/kaku-skirnes\/siamas-kakis\/","name":"Si\u0101mas ka\u0137is (Siamese) - Whisker.lv | Ka\u0137u \u0161\u0137irnes","isPartOf":{"@id":"https:\/\/www.whisker.lv\/#website"},"datePublished":"2019-04-24T17:35:28+00:00","dateModified":"2019-04-24T22:11:03+00:00","description":"Si\u0101mas ka\u0137is ir elegants, slaids, gar\u0101m tiev\u0101m k\u0101j\u0101m, garu kaklu, garu tievu asti. Tiem ir gluds, \u012bss, m\u012bksts un piegulo\u0161s apmatojums.","breadcrumb":{"@id":"https:\/\/www.whisker.lv\/kaku-skirnes\/siamas-kakis\/#breadcrumb"},"inLanguage":"en-US","potentialAction":[{"@type":"ReadAction","target":["https:\/\/www.whisker.lv\/kaku-skirnes\/siamas-kakis\/"]}]},{"@type":"BreadcrumbList","@id":"https:\/\/www.whisker.lv\/kaku-skirnes\/siamas-kakis\/#breadcrumb","itemListElement":[{"@type":"ListItem","position":1,"name":"S\u0101kums","item":"https:\/\/www.whisker.lv\/"},{"@type":"ListItem","position":2,"name":"Ka\u0137u \u0161\u0137irnes","item":"https:\/\/www.whisker.lv\/kaku-skirnes\/"},{"@type":"ListItem","position":3,"name":"Si\u0101mas ka\u0137is"}]},{"@type":"WebSite","@id":"https:\/\/www.whisker.lv\/#website","url":"https:\/\/www.whisker.lv\/","name":"Whisker","description":"Tavs pal\u012bgs m\u0101jdzivnieku pieskat\u012b\u0161an\u0101","potentialAction":[{"@type":"SearchAction","target":{"@type":"EntryPoint","urlTemplate":"https:\/\/www.whisker.lv\/?s={search_term_string}"},"query-input":"required name=search_term_string"}],"inLanguage":"en-US"}]}},"_links":{"self":[{"href":"https:\/\/www.whisker.lv\/en\/wp-json\/wp\/v2\/pages\/12128"}],"collection":[{"href":"https:\/\/www.whisker.lv\/en\/wp-json\/wp\/v2\/pages"}],"about":[{"href":"https:\/\/www.whisker.lv\/en\/wp-json\/wp\/v2\/types\/page"}],"author":[{"embeddable":true,"href":"https:\/\/www.whisker.lv\/en\/wp-json\/wp\/v2\/users\/1"}],"replies":[{"embeddable":true,"href":"https:\/\/www.whisker.lv\/en\/wp-json\/wp\/v2\/comments?post=12128"}],"version-history":[{"count":4,"href":"https:\/\/www.whisker.lv\/en\/wp-json\/wp\/v2\/pages\/12128\/revisions"}],"predecessor-version":[{"id":12133,"href":"https:\/\/www.whisker.lv\/en\/wp-json\/wp\/v2\/pages\/12128\/revisions\/12133"}],"up":[{"embeddable":true,"href":"https:\/\/www.whisker.lv\/en\/wp-json\/wp\/v2\/pages\/9927"}],"wp:attachment":[{"href":"https:\/\/www.whisker.lv\/en\/wp-json\/wp\/v2\/media?parent=12128"}],"curies":[{"name":"wp","href":"https:\/\/api.w.org\/{rel}","templated":true}]}}