



{"id":12139,"date":"2019-04-24T19:36:58","date_gmt":"2019-04-24T17:36:58","guid":{"rendered":"https:\/\/www.whisker.lv\/?page_id=12139"},"modified":"2019-04-25T00:28:34","modified_gmt":"2019-04-24T22:28:34","slug":"skotu-nokareno-ausu-kakis","status":"publish","type":"page","link":"https:\/\/www.whisker.lv\/en\/kaku-skirnes\/skotu-nokareno-ausu-kakis\/","title":{"rendered":"Skotu nokareno ausu ka\u0137is"},"content":{"rendered":"[vc_row][vc_column][vc_text_separator title=&#8221;Skotu nokareno ausu ka\u0137is&#8221; border_width=&#8221;8&#8243;][\/vc_column][\/vc_row][vc_row content_placement=&#8221;middle&#8221;][vc_column width=&#8221;1\/4&#8243;][vc_single_image image=&#8221;10152&#8243; img_size=&#8221;large&#8221; style=&#8221;vc_box_rounded&#8221; onclick=&#8221;link_image&#8221;][\/vc_column][vc_column width=&#8221;3\/4&#8243;][vc_column_text]<span style=\"color: #000000;\"><strong>Izcelsme:<\/strong>\u00a0Skotija<\/span><\/p>\n<p><span style=\"color: #000000;\"><strong>Svars:<\/strong>\u00a04-6 kg<\/span><\/p>\n<p><span style=\"color: #000000;\"><strong>Dz\u012bves ilgums:<\/strong>\u00a012-14 gadi<\/span>[\/vc_column_text][\/vc_column][\/vc_row][vc_row][vc_column][vc_column_text]<span style=\"color: #000000;\">Lielbrit\u0101nij\u0101 \u0161ie ka\u0137i nav popul\u0101ri deform\u0113to ausu d\u0113\u013c, kas tiek uzskat\u012bts par nepie\u0146emamu defektu, kait\u0113jo\u0161u ka\u0137a vesel\u012bbai. Paties\u012bb\u0101 ka\u0137a vesel\u012bbai tas nekait\u0113 ne maz\u0101kaj\u0101 m\u0113r\u0101 un dzirdes sp\u0113ja \u0161iem ka\u0137iem nek\u0101d\u0101 zi\u0146a nav trauc\u0113ta. <\/span><span style=\"color: #000000;\">ASV \u0161\u012b ka\u0137u \u0161\u0137irne ir izplat\u012bta un popul\u0101ra. T\u0101pat k\u0101 reksi, ar\u012b nokareno ausu ka\u0137i radu\u0161ies dabiskas mut\u0101cijas ce\u013c\u0101 un pirmoreiz par\u0101d\u012bju\u0161ies Skotij\u0101, kas ir noprotams no \u0161\u0137irnes nosaukuma.\u00a0<\/span><\/p>\n<p><span style=\"color: #000000;\">Skotijas nokareno ausu ka\u0137im rakstur\u012bga britu ka\u0137u \u0137erme\u0146a uzb\u016bve \u2013 vid\u0113ji liels musku\u013cots \u0137ermenis ar sp\u0113c\u012bg\u0101m k\u0101j\u0101m. Galva &#8211; apa\u013ca, ausis plati novietotas, to noapa\u013cotie gali\u0146i noliekti uz priek\u0161u. Apmatojums \u2013 l\u012bdz\u012bgs britu ka\u0137u apmatojumam &#8211; biezs, \u012bss vai pusgar\u0161. Lai gan \u0161o ka\u0137u izskats ir visai savdab\u012bgs, to raksturs ir maigs. Vi\u0146i labi satiek ar citiem m\u0101jdz\u012bvniekiem, ka\u0137iem un b\u0113rniem. M\u012bl cilv\u0113ku sabiedr\u012bbu. Ka\u0137i ar maigu, klusu balsi. Interesant\u0101 izskata d\u0113\u013c \u0161ie ka\u0137i pasaul\u0113 ir diezgan izplat\u012bti, sastopami ar\u012b Latvij\u0101.<\/span><\/p>\n<p><span style=\"color: #000000;\"><strong>V\u0113sture.<\/strong>\u00a01961. gad\u0101 ka\u0137i ar nokaren\u0101m aus\u012bm tika atkl\u0101ti Skotij\u0101, kur aitu gans Viljams Ross k\u0101d\u0101 ferm\u0101 uzg\u0101ja ka\u0137\u0113nus ar \u0161\u0101d\u0101m aus\u012bm.\u00a0Pag\u0101ju\u0161\u0101 gadsimta 70. gados \u0161\u0137irne p\u0101rvesta ar\u012b uz ASV, kur to v\u0113l\u0101kajos gados atzina vair\u0101kas ka\u0137u \u0161\u0137ir\u0146u asoci\u0101cijas.<\/span><\/p>\n<p><span style=\"color: #000000;\"><strong>Piez\u012bme.<\/strong> Iesp\u0113jami divu tipu \u0161\u012bs \u0161\u0137irnes dz\u012bvnieki &#8211; ar nokaren\u0101m aus\u012bm vai ar parast\u0101m, st\u0101v\u0101m aus\u012bm. Ka\u0137\u0113ni visi piedzimst ar st\u0101v\u0101m austi\u0146\u0101m, bet tr\u012bs vai \u010detru ned\u0113\u013cu vecum\u0101 ausis vai nu k\u013c\u016bst nokarenas, vai paliek st\u0101vas.\u00a0<\/span>[\/vc_column_text][\/vc_column][\/vc_row]\n","protected":false},"excerpt":{"rendered":"<p>[vc_row][vc_column][vc_text_separator title=&#8221;Skotu nokareno ausu ka\u0137is&#8221; border_width=&#8221;8&#8243;][\/vc_column][\/vc_row][vc_row content_placement=&#8221;middle&#8221;][vc_column width=&#8221;1\/4&#8243;][vc_single_image image=&#8221;10152&#8243; img_size=&#8221;large&#8221; style=&#8221;vc_box_rounded&#8221; onclick=&#8221;link_image&#8221;][\/vc_column][vc_column width=&#8221;3\/4&#8243;][vc_column_text]Izcelsme:\u00a0Skotija Svars:\u00a04-6 kg Dz\u012bves ilgums:\u00a012-14 gadi[\/vc_column_text][\/vc_column][\/vc_row][vc_row][vc_column][vc_column_text]Lielbrit\u0101nij\u0101 \u0161ie ka\u0137i nav popul\u0101ri deform\u0113to ausu d\u0113\u013c, kas tiek uzskat\u012bts par nepie\u0146emamu defektu, kait\u0113jo\u0161u ka\u0137a vesel\u012bbai. Paties\u012bb\u0101 ka\u0137a vesel\u012bbai tas nekait\u0113 ne maz\u0101kaj\u0101 m\u0113r\u0101 un dzirdes sp\u0113ja \u0161iem ka\u0137iem nek\u0101d\u0101 zi\u0146a nav trauc\u0113ta. ASV \u0161\u012b ka\u0137u \u0161\u0137irne [&hellip;]<\/p>\n","protected":false},"author":1,"featured_media":0,"parent":9927,"menu_order":0,"comment_status":"closed","ping_status":"closed","template":"page-fullwidth.php","meta":{"_acf_changed":false,"_glsr_average":0,"_glsr_ranking":0,"_glsr_reviews":0,"footnotes":""},"translation":{"provider":"WPGlobus","version":"2.12.2","language":"en","enabled_languages":["lv","en","ru"],"languages":{"lv":{"title":true,"content":true,"excerpt":false},"en":{"title":false,"content":false,"excerpt":false},"ru":{"title":false,"content":false,"excerpt":false}}},"acf":[],"yoast_head":"<!-- This site is optimized with the Yoast SEO plugin v22.5 - https:\/\/yoast.com\/wordpress\/plugins\/seo\/ -->\n<title>Skotu nokareno ausu ka\u0137is (Scottish Fold) - Whisker.lv | Kaku \u0161\u0137irnes<\/title>\n<meta name=\"robots\" content=\"index, follow, max-snippet:-1, max-image-preview:large, max-video-preview:-1\" \/>\n<link rel=\"canonical\" href=\"https:\/\/www.whisker.lv\/kaku-skirnes\/skotu-nokareno-ausu-kakis\/\" \/>\n<meta property=\"og:locale\" content=\"en_US\" \/>\n<meta property=\"og:type\" content=\"article\" \/>\n<meta property=\"og:title\" content=\"Skotu nokareno ausu ka\u0137is - Whisker\" \/>\n<meta property=\"og:url\" content=\"https:\/\/www.whisker.lv\/kaku-skirnes\/skotu-nokareno-ausu-kakis\/\" \/>\n<meta property=\"og:site_name\" content=\"Whisker\" \/>\n<meta property=\"article:publisher\" content=\"https:\/\/www.facebook.com\/whisker.lv\/\" \/>\n<meta property=\"article:modified_time\" content=\"2019-04-24T22:28:34+00:00\" \/>\n<meta name=\"twitter:card\" content=\"summary_large_image\" \/>\n<meta name=\"twitter:label1\" content=\"Est. reading time\" \/>\n\t<meta name=\"twitter:data1\" content=\"2 minutes\" \/>\n<script type=\"application\/ld+json\" class=\"yoast-schema-graph\">{\"@context\":\"https:\/\/schema.org\",\"@graph\":[{\"@type\":\"WebPage\",\"@id\":\"https:\/\/www.whisker.lv\/kaku-skirnes\/skotu-nokareno-ausu-kakis\/\",\"url\":\"https:\/\/www.whisker.lv\/kaku-skirnes\/skotu-nokareno-ausu-kakis\/\",\"name\":\"Skotu nokareno ausu ka\u0137is (Scottish Fold) - Whisker.lv | Kaku \u0161\u0137irnes\",\"isPartOf\":{\"@id\":\"https:\/\/www.whisker.lv\/#website\"},\"datePublished\":\"2019-04-24T17:36:58+00:00\",\"dateModified\":\"2019-04-24T22:28:34+00:00\",\"description\":\"Skotu nokareno ausu ka\u0137is labi satiek ar citiem m\u0101jdz\u012bvniekiem, ka\u0137iem un b\u0113rniem. M\u012bl cilv\u0113ku sabiedr\u012bbu. Ka\u0137i ar maigu, klusu balsi.\",\"breadcrumb\":{\"@id\":\"https:\/\/www.whisker.lv\/kaku-skirnes\/skotu-nokareno-ausu-kakis\/#breadcrumb\"},\"inLanguage\":\"en-US\",\"potentialAction\":[{\"@type\":\"ReadAction\",\"target\":[\"https:\/\/www.whisker.lv\/kaku-skirnes\/skotu-nokareno-ausu-kakis\/\"]}]},{\"@type\":\"BreadcrumbList\",\"@id\":\"https:\/\/www.whisker.lv\/kaku-skirnes\/skotu-nokareno-ausu-kakis\/#breadcrumb\",\"itemListElement\":[{\"@type\":\"ListItem\",\"position\":1,\"name\":\"S\u0101kums\",\"item\":\"https:\/\/www.whisker.lv\/\"},{\"@type\":\"ListItem\",\"position\":2,\"name\":\"Ka\u0137u \u0161\u0137irnes\",\"item\":\"https:\/\/www.whisker.lv\/kaku-skirnes\/\"},{\"@type\":\"ListItem\",\"position\":3,\"name\":\"Skotu nokareno ausu ka\u0137is\"}]},{\"@type\":\"WebSite\",\"@id\":\"https:\/\/www.whisker.lv\/#website\",\"url\":\"https:\/\/www.whisker.lv\/\",\"name\":\"Whisker\",\"description\":\"Tavs pal\u012bgs m\u0101jdzivnieku pieskat\u012b\u0161an\u0101\",\"potentialAction\":[{\"@type\":\"SearchAction\",\"target\":{\"@type\":\"EntryPoint\",\"urlTemplate\":\"https:\/\/www.whisker.lv\/?s={search_term_string}\"},\"query-input\":\"required name=search_term_string\"}],\"inLanguage\":\"en-US\"}]}<\/script>\n<!-- \/ Yoast SEO plugin. -->","yoast_head_json":{"title":"Skotu nokareno ausu ka\u0137is (Scottish Fold) - Whisker.lv | Kaku \u0161\u0137irnes","robots":{"index":"index","follow":"follow","max-snippet":"max-snippet:-1","max-image-preview":"max-image-preview:large","max-video-preview":"max-video-preview:-1"},"canonical":"https:\/\/www.whisker.lv\/kaku-skirnes\/skotu-nokareno-ausu-kakis\/","og_locale":"en_US","og_type":"article","og_title":"Skotu nokareno ausu ka\u0137is - Whisker","og_url":"https:\/\/www.whisker.lv\/kaku-skirnes\/skotu-nokareno-ausu-kakis\/","og_site_name":"Whisker","article_publisher":"https:\/\/www.facebook.com\/whisker.lv\/","article_modified_time":"2019-04-24T22:28:34+00:00","twitter_card":"summary_large_image","twitter_misc":{"Est. reading time":"2 minutes"},"schema":{"@context":"https:\/\/schema.org","@graph":[{"@type":"WebPage","@id":"https:\/\/www.whisker.lv\/kaku-skirnes\/skotu-nokareno-ausu-kakis\/","url":"https:\/\/www.whisker.lv\/kaku-skirnes\/skotu-nokareno-ausu-kakis\/","name":"Skotu nokareno ausu ka\u0137is (Scottish Fold) - Whisker.lv | Kaku \u0161\u0137irnes","isPartOf":{"@id":"https:\/\/www.whisker.lv\/#website"},"datePublished":"2019-04-24T17:36:58+00:00","dateModified":"2019-04-24T22:28:34+00:00","description":"Skotu nokareno ausu ka\u0137is labi satiek ar citiem m\u0101jdz\u012bvniekiem, ka\u0137iem un b\u0113rniem. M\u012bl cilv\u0113ku sabiedr\u012bbu. Ka\u0137i ar maigu, klusu balsi.","breadcrumb":{"@id":"https:\/\/www.whisker.lv\/kaku-skirnes\/skotu-nokareno-ausu-kakis\/#breadcrumb"},"inLanguage":"en-US","potentialAction":[{"@type":"ReadAction","target":["https:\/\/www.whisker.lv\/kaku-skirnes\/skotu-nokareno-ausu-kakis\/"]}]},{"@type":"BreadcrumbList","@id":"https:\/\/www.whisker.lv\/kaku-skirnes\/skotu-nokareno-ausu-kakis\/#breadcrumb","itemListElement":[{"@type":"ListItem","position":1,"name":"S\u0101kums","item":"https:\/\/www.whisker.lv\/"},{"@type":"ListItem","position":2,"name":"Ka\u0137u \u0161\u0137irnes","item":"https:\/\/www.whisker.lv\/kaku-skirnes\/"},{"@type":"ListItem","position":3,"name":"Skotu nokareno ausu ka\u0137is"}]},{"@type":"WebSite","@id":"https:\/\/www.whisker.lv\/#website","url":"https:\/\/www.whisker.lv\/","name":"Whisker","description":"Tavs pal\u012bgs m\u0101jdzivnieku pieskat\u012b\u0161an\u0101","potentialAction":[{"@type":"SearchAction","target":{"@type":"EntryPoint","urlTemplate":"https:\/\/www.whisker.lv\/?s={search_term_string}"},"query-input":"required name=search_term_string"}],"inLanguage":"en-US"}]}},"_links":{"self":[{"href":"https:\/\/www.whisker.lv\/en\/wp-json\/wp\/v2\/pages\/12139"}],"collection":[{"href":"https:\/\/www.whisker.lv\/en\/wp-json\/wp\/v2\/pages"}],"about":[{"href":"https:\/\/www.whisker.lv\/en\/wp-json\/wp\/v2\/types\/page"}],"author":[{"embeddable":true,"href":"https:\/\/www.whisker.lv\/en\/wp-json\/wp\/v2\/users\/1"}],"replies":[{"embeddable":true,"href":"https:\/\/www.whisker.lv\/en\/wp-json\/wp\/v2\/comments?post=12139"}],"version-history":[{"count":4,"href":"https:\/\/www.whisker.lv\/en\/wp-json\/wp\/v2\/pages\/12139\/revisions"}],"predecessor-version":[{"id":12678,"href":"https:\/\/www.whisker.lv\/en\/wp-json\/wp\/v2\/pages\/12139\/revisions\/12678"}],"up":[{"embeddable":true,"href":"https:\/\/www.whisker.lv\/en\/wp-json\/wp\/v2\/pages\/9927"}],"wp:attachment":[{"href":"https:\/\/www.whisker.lv\/en\/wp-json\/wp\/v2\/media?parent=12139"}],"curies":[{"name":"wp","href":"https:\/\/api.w.org\/{rel}","templated":true}]}}