



{"id":12267,"date":"2019-04-24T19:18:42","date_gmt":"2019-04-24T17:18:42","guid":{"rendered":"https:\/\/www.whisker.lv\/?page_id=12267"},"modified":"2019-04-24T20:47:49","modified_gmt":"2019-04-24T18:47:49","slug":"balinezijas-kakis","status":"publish","type":"page","link":"https:\/\/www.whisker.lv\/en\/kaku-skirnes\/balinezijas-kakis\/","title":{"rendered":"Balin\u0113zijas ka\u0137is"},"content":{"rendered":"[vc_row][vc_column][vc_text_separator title=&#8221;Balin\u0113zijas ka\u0137is&#8221; border_width=&#8221;8&#8243;][\/vc_column][\/vc_row][vc_row content_placement=&#8221;middle&#8221;][vc_column width=&#8221;1\/4&#8243;][vc_single_image image=&#8221;9939&#8243; img_size=&#8221;large&#8221; style=&#8221;vc_box_rounded&#8221; onclick=&#8221;link_image&#8221;][\/vc_column][vc_column width=&#8221;3\/4&#8243;][vc_column_text]<span style=\"color: #000000;\"><strong>Izcelsme: <\/strong>ASV<\/span><\/p>\n<p><span style=\"color: #000000;\"><strong>Svars:<\/strong> 2.3-4.1 kg<\/span><\/p>\n<p><span style=\"color: #000000;\"><strong>Dz\u012bves ilgums:<\/strong> 18-22 gadi<\/span>[\/vc_column_text][\/vc_column][\/vc_row][vc_row][vc_column][vc_column_text]<span style=\"color: #000000;\">Balin\u0113zijas ka\u0137i ir \u013coti inteli\u0123enti, dz\u012bv\u012bgi, izklaid\u0113jo\u0161i ka\u0137i. Tie var b\u016bt \u013coti pras\u012bgi un piln\u012bb\u0101 iesaist\u012bti vi\u0146u saimnieku dz\u012bv\u0113. \u0160iem ka\u0137iem nepat\u012bk b\u016bt ignor\u0113tiem un vienm\u0113r v\u0113las b\u016bt uzman\u012bbas centr\u0101. Balin\u0113zie\u0161iem ir sp\u0113c\u012bga person\u012bba un parasti ir \u013coti run\u012bgi, \u0161iem ka\u0137iem ir ska\u013ca balss. Tie ir \u013coti sirsn\u012bgi un br\u012bni\u0161\u0137\u012bgi ka\u0137i. Izklaid\u0113jo\u0161i, bet ar\u012b domin\u0113jo\u0161i m\u0101jdz\u012bvnieki. Vi\u0146i ir \u013coti loj\u0101li un m\u012blo\u0161i. \u0160ie ka\u0137i parasti ir akt\u012bvi un rota\u013c\u012bgi, pat pieaugot. <\/span><\/p>\n<p><span style=\"color: #000000;\">Ka\u0137i ar daudz ener\u0123iju, kuri vienm\u0113r ir gatavi da\u017e\u0101d\u0101m nodarb\u0113m. Neatkar\u012bgi no aktivit\u0101t\u0113m, kur\u0101s darbosies, vari b\u016bt p\u0101rliecin\u0101ts, ka Balin\u0113zietis vienm\u0113r iesaist\u012bsies. Balin\u0113zijas ka\u0137is ir vid\u0113ja izm\u0113ra, slaids, elegants ar gar\u0101m k\u0101j\u0101m. \u013boti labi att\u012bst\u012bta muskulat\u016bra. Spalvas pusgaras, smalkas un z\u012bdainas, bez pavilnas. Ka\u0137u \u0137erme\u0146a uzb\u016bve atbilst si\u0101mie\u0161u standartam, ta\u010du rakstur\u0101 tie ir mier\u012bg\u0101ki.<\/span><\/p>\n<p><span style=\"color: #000000;\"><strong>V\u0113sture.<\/strong> Balin\u0113zijas \u0161\u0137irnes pamat\u0101 izmantoja Si\u0101mas ka\u0137us, kurus krustoja ar da\u017e\u0101d\u0101m cit\u0101m ka\u0137u \u0161\u0137irn\u0113m. Visas pasaules felinolo\u0123isk\u0101s organiz\u0101cijas atzina \u0161o \u0161\u0137irni 1972.gad\u0101.\u00a0<\/span><\/p>\n<p><span style=\"color: #000000;\"><strong>Piez\u012bme.<\/strong> \u0160\u012bs \u0161\u0137irnes ka\u0137i ir akt\u012bvi, akrob\u0101tiski dz\u012bvnieki, kam pat\u012bk k\u0101pt un lekt, rota\u013c\u0101ties. Garlaikojas vienatn\u0113, t\u0101d\u0113\u013c iesaka tur\u0113t divus ka\u0137us. <\/span>[\/vc_column_text][\/vc_column][\/vc_row]\n","protected":false},"excerpt":{"rendered":"<p>[vc_row][vc_column][vc_text_separator title=&#8221;Balin\u0113zijas ka\u0137is&#8221; border_width=&#8221;8&#8243;][\/vc_column][\/vc_row][vc_row content_placement=&#8221;middle&#8221;][vc_column width=&#8221;1\/4&#8243;][vc_single_image image=&#8221;9939&#8243; img_size=&#8221;large&#8221; style=&#8221;vc_box_rounded&#8221; onclick=&#8221;link_image&#8221;][\/vc_column][vc_column width=&#8221;3\/4&#8243;][vc_column_text]Izcelsme: ASV Svars: 2.3-4.1 kg Dz\u012bves ilgums: 18-22 gadi[\/vc_column_text][\/vc_column][\/vc_row][vc_row][vc_column][vc_column_text]Balin\u0113zijas ka\u0137i ir \u013coti inteli\u0123enti, dz\u012bv\u012bgi, izklaid\u0113jo\u0161i ka\u0137i. Tie var b\u016bt \u013coti pras\u012bgi un piln\u012bb\u0101 iesaist\u012bti vi\u0146u saimnieku dz\u012bv\u0113. \u0160iem ka\u0137iem nepat\u012bk b\u016bt ignor\u0113tiem un vienm\u0113r v\u0113las b\u016bt uzman\u012bbas centr\u0101. Balin\u0113zie\u0161iem ir sp\u0113c\u012bga person\u012bba un parasti ir [&hellip;]<\/p>\n","protected":false},"author":1,"featured_media":0,"parent":9927,"menu_order":0,"comment_status":"closed","ping_status":"closed","template":"page-fullwidth.php","meta":{"_acf_changed":false,"_glsr_average":0,"_glsr_ranking":0,"_glsr_reviews":0,"footnotes":""},"translation":{"provider":"WPGlobus","version":"2.12.2","language":"en","enabled_languages":["lv","en","ru"],"languages":{"lv":{"title":true,"content":true,"excerpt":false},"en":{"title":false,"content":false,"excerpt":false},"ru":{"title":false,"content":false,"excerpt":false}}},"acf":[],"yoast_head":"<!-- This site is optimized with the Yoast SEO plugin v22.5 - https:\/\/yoast.com\/wordpress\/plugins\/seo\/ -->\n<title>Balin\u0113zijas ka\u0137is (Balinese) - Whisker.lv | Ka\u0137u \u0161\u0137irnes<\/title>\n<meta name=\"robots\" content=\"index, follow, max-snippet:-1, max-image-preview:large, max-video-preview:-1\" \/>\n<link rel=\"canonical\" href=\"https:\/\/www.whisker.lv\/kaku-skirnes\/balinezijas-kakis\/\" \/>\n<meta property=\"og:locale\" content=\"en_US\" \/>\n<meta property=\"og:type\" content=\"article\" \/>\n<meta property=\"og:title\" content=\"Balin\u0113zijas ka\u0137is - Whisker\" \/>\n<meta property=\"og:url\" content=\"https:\/\/www.whisker.lv\/kaku-skirnes\/balinezijas-kakis\/\" \/>\n<meta property=\"og:site_name\" content=\"Whisker\" \/>\n<meta property=\"article:publisher\" content=\"https:\/\/www.facebook.com\/whisker.lv\/\" \/>\n<meta property=\"article:modified_time\" content=\"2019-04-24T18:47:49+00:00\" \/>\n<meta name=\"twitter:card\" content=\"summary_large_image\" \/>\n<meta name=\"twitter:label1\" content=\"Est. reading time\" \/>\n\t<meta name=\"twitter:data1\" content=\"2 minutes\" \/>\n<script type=\"application\/ld+json\" class=\"yoast-schema-graph\">{\"@context\":\"https:\/\/schema.org\",\"@graph\":[{\"@type\":\"WebPage\",\"@id\":\"https:\/\/www.whisker.lv\/kaku-skirnes\/balinezijas-kakis\/\",\"url\":\"https:\/\/www.whisker.lv\/kaku-skirnes\/balinezijas-kakis\/\",\"name\":\"Balin\u0113zijas ka\u0137is (Balinese) - Whisker.lv | Ka\u0137u \u0161\u0137irnes\",\"isPartOf\":{\"@id\":\"https:\/\/www.whisker.lv\/#website\"},\"datePublished\":\"2019-04-24T17:18:42+00:00\",\"dateModified\":\"2019-04-24T18:47:49+00:00\",\"description\":\"Balin\u0113zijas ka\u0137is ir \u013coti inteli\u0123ents, dz\u012bv\u012bgs un izklaid\u0113jo\u0161s. \u0160iem ka\u0137iem nepat\u012bk b\u016bt ignor\u0113tiem un vienm\u0113r v\u0113las b\u016bt uzman\u012bbas centr\u0101.\",\"breadcrumb\":{\"@id\":\"https:\/\/www.whisker.lv\/kaku-skirnes\/balinezijas-kakis\/#breadcrumb\"},\"inLanguage\":\"en-US\",\"potentialAction\":[{\"@type\":\"ReadAction\",\"target\":[\"https:\/\/www.whisker.lv\/kaku-skirnes\/balinezijas-kakis\/\"]}]},{\"@type\":\"BreadcrumbList\",\"@id\":\"https:\/\/www.whisker.lv\/kaku-skirnes\/balinezijas-kakis\/#breadcrumb\",\"itemListElement\":[{\"@type\":\"ListItem\",\"position\":1,\"name\":\"S\u0101kums\",\"item\":\"https:\/\/www.whisker.lv\/\"},{\"@type\":\"ListItem\",\"position\":2,\"name\":\"Ka\u0137u \u0161\u0137irnes\",\"item\":\"https:\/\/www.whisker.lv\/kaku-skirnes\/\"},{\"@type\":\"ListItem\",\"position\":3,\"name\":\"Balin\u0113zijas ka\u0137is\"}]},{\"@type\":\"WebSite\",\"@id\":\"https:\/\/www.whisker.lv\/#website\",\"url\":\"https:\/\/www.whisker.lv\/\",\"name\":\"Whisker\",\"description\":\"Tavs pal\u012bgs m\u0101jdzivnieku pieskat\u012b\u0161an\u0101\",\"potentialAction\":[{\"@type\":\"SearchAction\",\"target\":{\"@type\":\"EntryPoint\",\"urlTemplate\":\"https:\/\/www.whisker.lv\/?s={search_term_string}\"},\"query-input\":\"required name=search_term_string\"}],\"inLanguage\":\"en-US\"}]}<\/script>\n<!-- \/ Yoast SEO plugin. -->","yoast_head_json":{"title":"Balin\u0113zijas ka\u0137is (Balinese) - Whisker.lv | Ka\u0137u \u0161\u0137irnes","robots":{"index":"index","follow":"follow","max-snippet":"max-snippet:-1","max-image-preview":"max-image-preview:large","max-video-preview":"max-video-preview:-1"},"canonical":"https:\/\/www.whisker.lv\/kaku-skirnes\/balinezijas-kakis\/","og_locale":"en_US","og_type":"article","og_title":"Balin\u0113zijas ka\u0137is - Whisker","og_url":"https:\/\/www.whisker.lv\/kaku-skirnes\/balinezijas-kakis\/","og_site_name":"Whisker","article_publisher":"https:\/\/www.facebook.com\/whisker.lv\/","article_modified_time":"2019-04-24T18:47:49+00:00","twitter_card":"summary_large_image","twitter_misc":{"Est. reading time":"2 minutes"},"schema":{"@context":"https:\/\/schema.org","@graph":[{"@type":"WebPage","@id":"https:\/\/www.whisker.lv\/kaku-skirnes\/balinezijas-kakis\/","url":"https:\/\/www.whisker.lv\/kaku-skirnes\/balinezijas-kakis\/","name":"Balin\u0113zijas ka\u0137is (Balinese) - Whisker.lv | Ka\u0137u \u0161\u0137irnes","isPartOf":{"@id":"https:\/\/www.whisker.lv\/#website"},"datePublished":"2019-04-24T17:18:42+00:00","dateModified":"2019-04-24T18:47:49+00:00","description":"Balin\u0113zijas ka\u0137is ir \u013coti inteli\u0123ents, dz\u012bv\u012bgs un izklaid\u0113jo\u0161s. \u0160iem ka\u0137iem nepat\u012bk b\u016bt ignor\u0113tiem un vienm\u0113r v\u0113las b\u016bt uzman\u012bbas centr\u0101.","breadcrumb":{"@id":"https:\/\/www.whisker.lv\/kaku-skirnes\/balinezijas-kakis\/#breadcrumb"},"inLanguage":"en-US","potentialAction":[{"@type":"ReadAction","target":["https:\/\/www.whisker.lv\/kaku-skirnes\/balinezijas-kakis\/"]}]},{"@type":"BreadcrumbList","@id":"https:\/\/www.whisker.lv\/kaku-skirnes\/balinezijas-kakis\/#breadcrumb","itemListElement":[{"@type":"ListItem","position":1,"name":"S\u0101kums","item":"https:\/\/www.whisker.lv\/"},{"@type":"ListItem","position":2,"name":"Ka\u0137u \u0161\u0137irnes","item":"https:\/\/www.whisker.lv\/kaku-skirnes\/"},{"@type":"ListItem","position":3,"name":"Balin\u0113zijas ka\u0137is"}]},{"@type":"WebSite","@id":"https:\/\/www.whisker.lv\/#website","url":"https:\/\/www.whisker.lv\/","name":"Whisker","description":"Tavs pal\u012bgs m\u0101jdzivnieku pieskat\u012b\u0161an\u0101","potentialAction":[{"@type":"SearchAction","target":{"@type":"EntryPoint","urlTemplate":"https:\/\/www.whisker.lv\/?s={search_term_string}"},"query-input":"required name=search_term_string"}],"inLanguage":"en-US"}]}},"_links":{"self":[{"href":"https:\/\/www.whisker.lv\/en\/wp-json\/wp\/v2\/pages\/12267"}],"collection":[{"href":"https:\/\/www.whisker.lv\/en\/wp-json\/wp\/v2\/pages"}],"about":[{"href":"https:\/\/www.whisker.lv\/en\/wp-json\/wp\/v2\/types\/page"}],"author":[{"embeddable":true,"href":"https:\/\/www.whisker.lv\/en\/wp-json\/wp\/v2\/users\/1"}],"replies":[{"embeddable":true,"href":"https:\/\/www.whisker.lv\/en\/wp-json\/wp\/v2\/comments?post=12267"}],"version-history":[{"count":4,"href":"https:\/\/www.whisker.lv\/en\/wp-json\/wp\/v2\/pages\/12267\/revisions"}],"predecessor-version":[{"id":12645,"href":"https:\/\/www.whisker.lv\/en\/wp-json\/wp\/v2\/pages\/12267\/revisions\/12645"}],"up":[{"embeddable":true,"href":"https:\/\/www.whisker.lv\/en\/wp-json\/wp\/v2\/pages\/9927"}],"wp:attachment":[{"href":"https:\/\/www.whisker.lv\/en\/wp-json\/wp\/v2\/media?parent=12267"}],"curies":[{"name":"wp","href":"https:\/\/api.w.org\/{rel}","templated":true}]}}