



{"id":12274,"date":"2019-04-24T19:23:29","date_gmt":"2019-04-24T17:23:29","guid":{"rendered":"https:\/\/www.whisker.lv\/?page_id=12274"},"modified":"2019-04-24T21:43:10","modified_gmt":"2019-04-24T19:43:10","slug":"eksotiskais-isspalvu-kakis","status":"publish","type":"page","link":"https:\/\/www.whisker.lv\/en\/kaku-skirnes\/eksotiskais-isspalvu-kakis\/","title":{"rendered":"Eksotiskais \u012bsspalvu ka\u0137is"},"content":{"rendered":"[vc_row][vc_column][vc_text_separator title=&#8221;Eksotiskais \u012bsspalvu ka\u0137is&#8221; border_width=&#8221;8&#8243;][\/vc_column][\/vc_row][vc_row content_placement=&#8221;middle&#8221;][vc_column width=&#8221;1\/4&#8243;][vc_single_image image=&#8221;10068&#8243; img_size=&#8221;large&#8221; style=&#8221;vc_box_rounded&#8221; onclick=&#8221;link_image&#8221;][\/vc_column][vc_column width=&#8221;3\/4&#8243;][vc_column_text]<span style=\"color: #000000;\"><strong>Izcelsme:<\/strong> ASV<\/span><\/p>\n<p><span style=\"color: #000000;\"><strong>Svars:<\/strong> 3-7 kg<\/span><\/p>\n<p><span style=\"color: #000000;\"><strong>Dz\u012bves ilgums:<\/strong> 12-14 gadi<\/span>[\/vc_column_text][\/vc_column][\/vc_row][vc_row][vc_column][vc_column_text]<span style=\"color: #000000;\">P\u0113c dabas eksotiskajiem \u012bsspalvu ka\u0137iem ir jauka un maiga daba. Tie vegli piel\u0101gojas m\u0101jas apst\u0101k\u013ciem un \u0113rti j\u016btas jaun\u0101 vid\u0113. Dod priek\u0161roku mier\u012bgai atmosf\u0113rai un maigai r\u012bc\u012bbai. Vi\u0146i priec\u0101jas, ja b\u0113rni tos nogl\u0101sta, bet maz ticams, ka piedal\u012bsies kop\u012bg\u0101s rota\u013c\u0101s. Vi\u0146iem ir klusas, muzik\u0101las balsis, bet ka\u0137i galvenok\u0101rt sazin\u0101s ar sav\u0101m lielaj\u0101m, izteiksm\u012bgaj\u0101m ac\u012bm. <\/span><\/p>\n<p><span style=\"color: #000000;\">Vi\u0146iem pat\u012bk dro\u0161\u012bba, t\u0101d\u0113\u013c, visticam\u0101k, neb\u016bs redzami lecam uz gr\u0101matu plauktu. Labpr\u0101t sp\u0113l\u0113jas ar rota\u013cliet\u0101m, bet ir vienl\u012bdz priec\u012bgi atrasties snau\u017eam sav\u0101 iecien\u012bt\u0101kaj\u0101 viet\u0101. Eksotiskais ka\u0137is nepiepras\u012bs nedal\u012btu uzman\u012bbu, bet izbaud\u012bs br\u012b\u017eus, kad b\u016bsi gatavs tam velt\u012bt laiku. \u0160ie maigie ka\u0137i j\u016btas labi, neatkar\u012bgi no t\u0101, vai saimnieks ir m\u0101j\u0101s vai nav, bet vienm\u0113r ar prieku sagaid\u012bs p\u0101rn\u0101kam.<\/span><\/p>\n<p><span style=\"color: #000000;\"><strong>V\u0113sture.<\/strong> 20. gadsimta vid\u016b ASV tika sap\u0101rots Amerikas \u012bsspalvainais ka\u0137is ar persieti. Rezult\u0101ts p\u0101rsteidza selekcion\u0101rus, jo ka\u0137\u0113ni \u013coti atg\u0101din\u0101ja persie\u0161us, tikai to spalva bija \u012bsa un \u013coti bieza. 1966.gad\u0101 Amerik\u0101 rad\u0101s eksotisk\u0101 \u012bsspalvu ka\u0137u \u0161\u0137irne. Jau 1999.gad\u0101 eksoti bija ceturt\u0101 popul\u0101r\u0101k\u0101 ka\u0137u \u0161\u0137irne Amerik\u0101.<\/span><\/p>\n<p><span style=\"color: #000000;\"><strong>Piez\u012bme.<\/strong> \u012assplavianajam eksotiskajam ka\u0137im j\u0101atbilst persie\u0161u ka\u0137a standartam attiec\u012bb\u0101 uz degunu, ac\u012bm, aus\u012bm, zodu un \u0137erme\u0146a veidojumu.\u00a0<\/span>[\/vc_column_text][\/vc_column][\/vc_row]\n","protected":false},"excerpt":{"rendered":"<p>[vc_row][vc_column][vc_text_separator title=&#8221;Eksotiskais \u012bsspalvu ka\u0137is&#8221; border_width=&#8221;8&#8243;][\/vc_column][\/vc_row][vc_row content_placement=&#8221;middle&#8221;][vc_column width=&#8221;1\/4&#8243;][vc_single_image image=&#8221;10068&#8243; img_size=&#8221;large&#8221; style=&#8221;vc_box_rounded&#8221; onclick=&#8221;link_image&#8221;][\/vc_column][vc_column width=&#8221;3\/4&#8243;][vc_column_text]Izcelsme: ASV Svars: 3-7 kg Dz\u012bves ilgums: 12-14 gadi[\/vc_column_text][\/vc_column][\/vc_row][vc_row][vc_column][vc_column_text]P\u0113c dabas eksotiskajiem \u012bsspalvu ka\u0137iem ir jauka un maiga daba. Tie vegli piel\u0101gojas m\u0101jas apst\u0101k\u013ciem un \u0113rti j\u016btas jaun\u0101 vid\u0113. Dod priek\u0161roku mier\u012bgai atmosf\u0113rai un maigai r\u012bc\u012bbai. Vi\u0146i priec\u0101jas, ja b\u0113rni tos nogl\u0101sta, bet maz ticams, [&hellip;]<\/p>\n","protected":false},"author":1,"featured_media":0,"parent":9927,"menu_order":0,"comment_status":"closed","ping_status":"closed","template":"page-fullwidth.php","meta":{"_acf_changed":false,"_glsr_average":0,"_glsr_ranking":0,"_glsr_reviews":0,"footnotes":""},"translation":{"provider":"WPGlobus","version":"2.12.2","language":"en","enabled_languages":["lv","en","ru"],"languages":{"lv":{"title":true,"content":true,"excerpt":false},"en":{"title":false,"content":false,"excerpt":false},"ru":{"title":false,"content":false,"excerpt":false}}},"acf":[],"yoast_head":"<!-- This site is optimized with the Yoast SEO plugin v22.5 - https:\/\/yoast.com\/wordpress\/plugins\/seo\/ -->\n<title>Eksotiskais \u012bsspalvu ka\u0137is (Exotic Shorthair) - Whisker.lv | Ka\u0137u \u0161\u0137irnes<\/title>\n<meta name=\"robots\" content=\"index, follow, max-snippet:-1, max-image-preview:large, max-video-preview:-1\" \/>\n<link rel=\"canonical\" href=\"https:\/\/www.whisker.lv\/kaku-skirnes\/eksotiskais-isspalvu-kakis\/\" \/>\n<meta property=\"og:locale\" content=\"en_US\" \/>\n<meta property=\"og:type\" content=\"article\" \/>\n<meta property=\"og:title\" content=\"Eksotiskais \u012bsspalvu ka\u0137is - Whisker\" \/>\n<meta property=\"og:url\" content=\"https:\/\/www.whisker.lv\/kaku-skirnes\/eksotiskais-isspalvu-kakis\/\" \/>\n<meta property=\"og:site_name\" content=\"Whisker\" \/>\n<meta property=\"article:publisher\" content=\"https:\/\/www.facebook.com\/whisker.lv\/\" \/>\n<meta property=\"article:modified_time\" content=\"2019-04-24T19:43:10+00:00\" \/>\n<meta name=\"twitter:card\" content=\"summary_large_image\" \/>\n<meta name=\"twitter:label1\" content=\"Est. reading time\" \/>\n\t<meta name=\"twitter:data1\" content=\"2 minutes\" \/>\n<script type=\"application\/ld+json\" class=\"yoast-schema-graph\">{\"@context\":\"https:\/\/schema.org\",\"@graph\":[{\"@type\":\"WebPage\",\"@id\":\"https:\/\/www.whisker.lv\/kaku-skirnes\/eksotiskais-isspalvu-kakis\/\",\"url\":\"https:\/\/www.whisker.lv\/kaku-skirnes\/eksotiskais-isspalvu-kakis\/\",\"name\":\"Eksotiskais \u012bsspalvu ka\u0137is (Exotic Shorthair) - Whisker.lv | Ka\u0137u \u0161\u0137irnes\",\"isPartOf\":{\"@id\":\"https:\/\/www.whisker.lv\/#website\"},\"datePublished\":\"2019-04-24T17:23:29+00:00\",\"dateModified\":\"2019-04-24T19:43:10+00:00\",\"description\":\"Eksotiskais \u012bsspalvu ka\u0137is - p\u0113c dabas tam ir jauka un maiga daba. Vi\u0146i vegli piel\u0101gojas m\u0101jas apst\u0101k\u013ciem un \u0113rti j\u016btas jaun\u0101 vid\u0113.\",\"breadcrumb\":{\"@id\":\"https:\/\/www.whisker.lv\/kaku-skirnes\/eksotiskais-isspalvu-kakis\/#breadcrumb\"},\"inLanguage\":\"en-US\",\"potentialAction\":[{\"@type\":\"ReadAction\",\"target\":[\"https:\/\/www.whisker.lv\/kaku-skirnes\/eksotiskais-isspalvu-kakis\/\"]}]},{\"@type\":\"BreadcrumbList\",\"@id\":\"https:\/\/www.whisker.lv\/kaku-skirnes\/eksotiskais-isspalvu-kakis\/#breadcrumb\",\"itemListElement\":[{\"@type\":\"ListItem\",\"position\":1,\"name\":\"S\u0101kums\",\"item\":\"https:\/\/www.whisker.lv\/\"},{\"@type\":\"ListItem\",\"position\":2,\"name\":\"Ka\u0137u \u0161\u0137irnes\",\"item\":\"https:\/\/www.whisker.lv\/kaku-skirnes\/\"},{\"@type\":\"ListItem\",\"position\":3,\"name\":\"Eksotiskais \u012bsspalvu ka\u0137is\"}]},{\"@type\":\"WebSite\",\"@id\":\"https:\/\/www.whisker.lv\/#website\",\"url\":\"https:\/\/www.whisker.lv\/\",\"name\":\"Whisker\",\"description\":\"Tavs pal\u012bgs m\u0101jdzivnieku pieskat\u012b\u0161an\u0101\",\"potentialAction\":[{\"@type\":\"SearchAction\",\"target\":{\"@type\":\"EntryPoint\",\"urlTemplate\":\"https:\/\/www.whisker.lv\/?s={search_term_string}\"},\"query-input\":\"required name=search_term_string\"}],\"inLanguage\":\"en-US\"}]}<\/script>\n<!-- \/ Yoast SEO plugin. -->","yoast_head_json":{"title":"Eksotiskais \u012bsspalvu ka\u0137is (Exotic Shorthair) - Whisker.lv | Ka\u0137u \u0161\u0137irnes","robots":{"index":"index","follow":"follow","max-snippet":"max-snippet:-1","max-image-preview":"max-image-preview:large","max-video-preview":"max-video-preview:-1"},"canonical":"https:\/\/www.whisker.lv\/kaku-skirnes\/eksotiskais-isspalvu-kakis\/","og_locale":"en_US","og_type":"article","og_title":"Eksotiskais \u012bsspalvu ka\u0137is - Whisker","og_url":"https:\/\/www.whisker.lv\/kaku-skirnes\/eksotiskais-isspalvu-kakis\/","og_site_name":"Whisker","article_publisher":"https:\/\/www.facebook.com\/whisker.lv\/","article_modified_time":"2019-04-24T19:43:10+00:00","twitter_card":"summary_large_image","twitter_misc":{"Est. reading time":"2 minutes"},"schema":{"@context":"https:\/\/schema.org","@graph":[{"@type":"WebPage","@id":"https:\/\/www.whisker.lv\/kaku-skirnes\/eksotiskais-isspalvu-kakis\/","url":"https:\/\/www.whisker.lv\/kaku-skirnes\/eksotiskais-isspalvu-kakis\/","name":"Eksotiskais \u012bsspalvu ka\u0137is (Exotic Shorthair) - Whisker.lv | Ka\u0137u \u0161\u0137irnes","isPartOf":{"@id":"https:\/\/www.whisker.lv\/#website"},"datePublished":"2019-04-24T17:23:29+00:00","dateModified":"2019-04-24T19:43:10+00:00","description":"Eksotiskais \u012bsspalvu ka\u0137is - p\u0113c dabas tam ir jauka un maiga daba. Vi\u0146i vegli piel\u0101gojas m\u0101jas apst\u0101k\u013ciem un \u0113rti j\u016btas jaun\u0101 vid\u0113.","breadcrumb":{"@id":"https:\/\/www.whisker.lv\/kaku-skirnes\/eksotiskais-isspalvu-kakis\/#breadcrumb"},"inLanguage":"en-US","potentialAction":[{"@type":"ReadAction","target":["https:\/\/www.whisker.lv\/kaku-skirnes\/eksotiskais-isspalvu-kakis\/"]}]},{"@type":"BreadcrumbList","@id":"https:\/\/www.whisker.lv\/kaku-skirnes\/eksotiskais-isspalvu-kakis\/#breadcrumb","itemListElement":[{"@type":"ListItem","position":1,"name":"S\u0101kums","item":"https:\/\/www.whisker.lv\/"},{"@type":"ListItem","position":2,"name":"Ka\u0137u \u0161\u0137irnes","item":"https:\/\/www.whisker.lv\/kaku-skirnes\/"},{"@type":"ListItem","position":3,"name":"Eksotiskais \u012bsspalvu ka\u0137is"}]},{"@type":"WebSite","@id":"https:\/\/www.whisker.lv\/#website","url":"https:\/\/www.whisker.lv\/","name":"Whisker","description":"Tavs pal\u012bgs m\u0101jdzivnieku pieskat\u012b\u0161an\u0101","potentialAction":[{"@type":"SearchAction","target":{"@type":"EntryPoint","urlTemplate":"https:\/\/www.whisker.lv\/?s={search_term_string}"},"query-input":"required name=search_term_string"}],"inLanguage":"en-US"}]}},"_links":{"self":[{"href":"https:\/\/www.whisker.lv\/en\/wp-json\/wp\/v2\/pages\/12274"}],"collection":[{"href":"https:\/\/www.whisker.lv\/en\/wp-json\/wp\/v2\/pages"}],"about":[{"href":"https:\/\/www.whisker.lv\/en\/wp-json\/wp\/v2\/types\/page"}],"author":[{"embeddable":true,"href":"https:\/\/www.whisker.lv\/en\/wp-json\/wp\/v2\/users\/1"}],"replies":[{"embeddable":true,"href":"https:\/\/www.whisker.lv\/en\/wp-json\/wp\/v2\/comments?post=12274"}],"version-history":[{"count":4,"href":"https:\/\/www.whisker.lv\/en\/wp-json\/wp\/v2\/pages\/12274\/revisions"}],"predecessor-version":[{"id":12651,"href":"https:\/\/www.whisker.lv\/en\/wp-json\/wp\/v2\/pages\/12274\/revisions\/12651"}],"up":[{"embeddable":true,"href":"https:\/\/www.whisker.lv\/en\/wp-json\/wp\/v2\/pages\/9927"}],"wp:attachment":[{"href":"https:\/\/www.whisker.lv\/en\/wp-json\/wp\/v2\/media?parent=12274"}],"curies":[{"name":"wp","href":"https:\/\/api.w.org\/{rel}","templated":true}]}}