



{"id":12585,"date":"2019-04-24T19:32:24","date_gmt":"2019-04-24T17:32:24","guid":{"rendered":"https:\/\/www.whisker.lv\/?page_id=12585"},"modified":"2019-04-24T23:59:32","modified_gmt":"2019-04-24T21:59:32","slug":"piterbolds","status":"publish","type":"page","link":"https:\/\/www.whisker.lv\/en\/kaku-skirnes\/piterbolds\/","title":{"rendered":"P\u012bterbolds"},"content":{"rendered":"[vc_row][vc_column][vc_text_separator title=&#8221;P\u012bterbolds&#8221; border_width=&#8221;8&#8243;][\/vc_column][\/vc_row][vc_row content_placement=&#8221;middle&#8221;][vc_column width=&#8221;1\/4&#8243;][vc_single_image image=&#8221;10143&#8243; img_size=&#8221;large&#8221; style=&#8221;vc_box_rounded&#8221; onclick=&#8221;link_image&#8221;][\/vc_column][vc_column width=&#8221;3\/4&#8243;][vc_column_text]<span style=\"color: #000000;\"><strong>Izcelsme: <\/strong>Krievija<\/span><\/p>\n<p><span style=\"color: #000000;\"><strong>Svars:<\/strong>\u00a03.5-5 kg<\/span><\/p>\n<p><span style=\"color: #000000;\"><strong>Dz\u012bves ilgums:<\/strong> 12-14 gadi<\/span>[\/vc_column_text][\/vc_column][\/vc_row][vc_row][vc_column][vc_column_text]<span style=\"color: #000000;\">\u0160ie ka\u0137i ir slaveni ar savu sunim l\u012bdz\u012bgo lojalit\u0101ti pret saviem saimniekiem. Vi\u0146i \u013coti pie\u0137eras saviem saimniekiem, ir sirsn\u012bgi un soci\u0101li. Bie\u017ei v\u0113las sekot savam saimniekiem pa m\u0101ju, lai atrastos p\u0113c iesp\u0113jas tuv\u0101k. \u0160ie ka\u0137i alkst uzman\u012bbas. Bie\u017ei sagaida savus saimniekus p\u0101rn\u0101kam m\u0101j\u0101s un ir \u013coti ska\u013ci komunik\u0101cij\u0101 ar savu favor\u012btpersonu.\u00a0<\/span><span style=\"color: #000000;\">P\u012bterbolds ir sabiedrisks, draudz\u012bgs, zi\u0146k\u0101r\u012bgs, uztic\u012bgs un rota\u013c\u012bgs. Labi satiek ar ka\u0137iem, k\u0101 ar\u012b b\u0113rniem un citiem m\u0101jdz\u012bvniekiem. \u0160ie ka\u0137i pat v\u0113las satikt un k\u013c\u016bt par draugiem ar sve\u0161iniekiem. <\/span><\/p>\n<p><span style=\"color: #000000;\">P\u012bterboldam parasti nav apmatojuma, bet da\u017eiem \u0161\u0137irnes p\u0101rst\u0101vjiem ir \u012bss, p\u016bkains ka\u017eoks, kas nedaudz atg\u0101dina ka\u0161miru. P\u012bterboldam ir mande\u013cu formas acis un lielas ausis, kas ir mantotas no Orient\u0101lajiem ka\u0137iem. \u0160iem ka\u0137iem ir ar\u012b tievs, gar\u0161 \u0137ermenis, un vi\u0146u galva ir k\u0101 apgriezts tr\u012bsst\u016bris. D\u0113\u013c t\u0101, ka \u0161iem ka\u0137iem nav apmatojuma, \u0137ermen\u012b b\u016bs redzamas daudz grumbas.<\/span><\/p>\n<p><span style=\"color: #000000;\"><strong>V\u0113sture.\u00a0<\/strong>P\u012bterbolds ir jauna ka\u0137u \u0161\u0137irne, kurai nav apmatojuma un kuras izcelsme ir mekl\u0113jama 90. gadu s\u0101kum\u0101 Krievij\u0101. 1994. gad\u0101 tika izaudz\u0113ta \u0161\u0137irne, kas bija paz\u012bstama k\u0101 Donskoj. T\u0101 k\u0101 t\u0101 k\u013cuva \u013coti popul\u0101ra Sanktp\u0113terburg\u0101, Krievij\u0101, \u0161ai jaunajai un unik\u0101lajai ka\u0137u \u0161\u0137irnei tika dots nosaukums P\u012bterbolds.<\/span><\/p>\n<p><span style=\"color: #000000;\"><strong>Piez\u012bme. <\/strong>\u0160os ka\u0137us b\u016btu nepiecie\u0161ams mazg\u0101t ik ned\u0101\u013cu, lai atbr\u012bvotos no e\u013c\u013cas, kas atrodas uz vi\u0146u \u0101das. \u0160\u012b e\u013c\u013ca var veicin\u0101t net\u012brumu uzkr\u0101\u0161anos un padar\u012bt lip\u012bgu ka\u0137a \u0101du.\u00a0<\/span>[\/vc_column_text][\/vc_column][\/vc_row]\n","protected":false},"excerpt":{"rendered":"<p>[vc_row][vc_column][vc_text_separator title=&#8221;P\u012bterbolds&#8221; border_width=&#8221;8&#8243;][\/vc_column][\/vc_row][vc_row content_placement=&#8221;middle&#8221;][vc_column width=&#8221;1\/4&#8243;][vc_single_image image=&#8221;10143&#8243; img_size=&#8221;large&#8221; style=&#8221;vc_box_rounded&#8221; onclick=&#8221;link_image&#8221;][\/vc_column][vc_column width=&#8221;3\/4&#8243;][vc_column_text]Izcelsme: Krievija Svars:\u00a03.5-5 kg Dz\u012bves ilgums: 12-14 gadi[\/vc_column_text][\/vc_column][\/vc_row][vc_row][vc_column][vc_column_text]\u0160ie ka\u0137i ir slaveni ar savu sunim l\u012bdz\u012bgo lojalit\u0101ti pret saviem saimniekiem. Vi\u0146i \u013coti pie\u0137eras saviem saimniekiem, ir sirsn\u012bgi un soci\u0101li. Bie\u017ei v\u0113las sekot savam saimniekiem pa m\u0101ju, lai atrastos p\u0113c iesp\u0113jas tuv\u0101k. \u0160ie ka\u0137i alkst uzman\u012bbas. Bie\u017ei sagaida [&hellip;]<\/p>\n","protected":false},"author":1,"featured_media":0,"parent":9927,"menu_order":0,"comment_status":"closed","ping_status":"closed","template":"page-fullwidth.php","meta":{"_acf_changed":false,"_glsr_average":0,"_glsr_ranking":0,"_glsr_reviews":0,"footnotes":""},"translation":{"provider":"WPGlobus","version":"2.12.2","language":"en","enabled_languages":["lv","en","ru"],"languages":{"lv":{"title":true,"content":true,"excerpt":false},"en":{"title":false,"content":false,"excerpt":false},"ru":{"title":false,"content":false,"excerpt":false}}},"acf":[],"yoast_head":"<!-- This site is optimized with the Yoast SEO plugin v22.5 - https:\/\/yoast.com\/wordpress\/plugins\/seo\/ -->\n<title>P\u012bterbolds (Peterbald) - Whisker.lv | Ka\u0137u \u0161\u0137irnes<\/title>\n<meta name=\"robots\" content=\"index, follow, max-snippet:-1, max-image-preview:large, max-video-preview:-1\" \/>\n<link rel=\"canonical\" href=\"https:\/\/www.whisker.lv\/kaku-skirnes\/piterbolds\/\" \/>\n<meta property=\"og:locale\" content=\"en_US\" \/>\n<meta property=\"og:type\" content=\"article\" \/>\n<meta property=\"og:title\" content=\"P\u012bterbolds - Whisker\" \/>\n<meta property=\"og:url\" content=\"https:\/\/www.whisker.lv\/kaku-skirnes\/piterbolds\/\" \/>\n<meta property=\"og:site_name\" content=\"Whisker\" \/>\n<meta property=\"article:publisher\" content=\"https:\/\/www.facebook.com\/whisker.lv\/\" \/>\n<meta property=\"article:modified_time\" content=\"2019-04-24T21:59:32+00:00\" \/>\n<meta name=\"twitter:card\" content=\"summary_large_image\" \/>\n<meta name=\"twitter:label1\" content=\"Est. reading time\" \/>\n\t<meta name=\"twitter:data1\" content=\"2 minutes\" \/>\n<script type=\"application\/ld+json\" class=\"yoast-schema-graph\">{\"@context\":\"https:\/\/schema.org\",\"@graph\":[{\"@type\":\"WebPage\",\"@id\":\"https:\/\/www.whisker.lv\/kaku-skirnes\/piterbolds\/\",\"url\":\"https:\/\/www.whisker.lv\/kaku-skirnes\/piterbolds\/\",\"name\":\"P\u012bterbolds (Peterbald) - Whisker.lv | Ka\u0137u \u0161\u0137irnes\",\"isPartOf\":{\"@id\":\"https:\/\/www.whisker.lv\/#website\"},\"datePublished\":\"2019-04-24T17:32:24+00:00\",\"dateModified\":\"2019-04-24T21:59:32+00:00\",\"description\":\"P\u012bterbolds - \u0161ie ka\u0137i ir slaveni ar savu sunim l\u012bdz\u012bgo lojalit\u0101ti pret saviem saimniekiem. Vi\u0146i \u013coti pie\u0137eras saviem saimniekiem, ir sirsn\u012bgi un soci\u0101li.\",\"breadcrumb\":{\"@id\":\"https:\/\/www.whisker.lv\/kaku-skirnes\/piterbolds\/#breadcrumb\"},\"inLanguage\":\"en-US\",\"potentialAction\":[{\"@type\":\"ReadAction\",\"target\":[\"https:\/\/www.whisker.lv\/kaku-skirnes\/piterbolds\/\"]}]},{\"@type\":\"BreadcrumbList\",\"@id\":\"https:\/\/www.whisker.lv\/kaku-skirnes\/piterbolds\/#breadcrumb\",\"itemListElement\":[{\"@type\":\"ListItem\",\"position\":1,\"name\":\"S\u0101kums\",\"item\":\"https:\/\/www.whisker.lv\/\"},{\"@type\":\"ListItem\",\"position\":2,\"name\":\"Ka\u0137u \u0161\u0137irnes\",\"item\":\"https:\/\/www.whisker.lv\/kaku-skirnes\/\"},{\"@type\":\"ListItem\",\"position\":3,\"name\":\"P\u012bterbolds\"}]},{\"@type\":\"WebSite\",\"@id\":\"https:\/\/www.whisker.lv\/#website\",\"url\":\"https:\/\/www.whisker.lv\/\",\"name\":\"Whisker\",\"description\":\"Tavs pal\u012bgs m\u0101jdzivnieku pieskat\u012b\u0161an\u0101\",\"potentialAction\":[{\"@type\":\"SearchAction\",\"target\":{\"@type\":\"EntryPoint\",\"urlTemplate\":\"https:\/\/www.whisker.lv\/?s={search_term_string}\"},\"query-input\":\"required name=search_term_string\"}],\"inLanguage\":\"en-US\"}]}<\/script>\n<!-- \/ Yoast SEO plugin. -->","yoast_head_json":{"title":"P\u012bterbolds (Peterbald) - Whisker.lv | Ka\u0137u \u0161\u0137irnes","robots":{"index":"index","follow":"follow","max-snippet":"max-snippet:-1","max-image-preview":"max-image-preview:large","max-video-preview":"max-video-preview:-1"},"canonical":"https:\/\/www.whisker.lv\/kaku-skirnes\/piterbolds\/","og_locale":"en_US","og_type":"article","og_title":"P\u012bterbolds - Whisker","og_url":"https:\/\/www.whisker.lv\/kaku-skirnes\/piterbolds\/","og_site_name":"Whisker","article_publisher":"https:\/\/www.facebook.com\/whisker.lv\/","article_modified_time":"2019-04-24T21:59:32+00:00","twitter_card":"summary_large_image","twitter_misc":{"Est. reading time":"2 minutes"},"schema":{"@context":"https:\/\/schema.org","@graph":[{"@type":"WebPage","@id":"https:\/\/www.whisker.lv\/kaku-skirnes\/piterbolds\/","url":"https:\/\/www.whisker.lv\/kaku-skirnes\/piterbolds\/","name":"P\u012bterbolds (Peterbald) - Whisker.lv | Ka\u0137u \u0161\u0137irnes","isPartOf":{"@id":"https:\/\/www.whisker.lv\/#website"},"datePublished":"2019-04-24T17:32:24+00:00","dateModified":"2019-04-24T21:59:32+00:00","description":"P\u012bterbolds - \u0161ie ka\u0137i ir slaveni ar savu sunim l\u012bdz\u012bgo lojalit\u0101ti pret saviem saimniekiem. Vi\u0146i \u013coti pie\u0137eras saviem saimniekiem, ir sirsn\u012bgi un soci\u0101li.","breadcrumb":{"@id":"https:\/\/www.whisker.lv\/kaku-skirnes\/piterbolds\/#breadcrumb"},"inLanguage":"en-US","potentialAction":[{"@type":"ReadAction","target":["https:\/\/www.whisker.lv\/kaku-skirnes\/piterbolds\/"]}]},{"@type":"BreadcrumbList","@id":"https:\/\/www.whisker.lv\/kaku-skirnes\/piterbolds\/#breadcrumb","itemListElement":[{"@type":"ListItem","position":1,"name":"S\u0101kums","item":"https:\/\/www.whisker.lv\/"},{"@type":"ListItem","position":2,"name":"Ka\u0137u \u0161\u0137irnes","item":"https:\/\/www.whisker.lv\/kaku-skirnes\/"},{"@type":"ListItem","position":3,"name":"P\u012bterbolds"}]},{"@type":"WebSite","@id":"https:\/\/www.whisker.lv\/#website","url":"https:\/\/www.whisker.lv\/","name":"Whisker","description":"Tavs pal\u012bgs m\u0101jdzivnieku pieskat\u012b\u0161an\u0101","potentialAction":[{"@type":"SearchAction","target":{"@type":"EntryPoint","urlTemplate":"https:\/\/www.whisker.lv\/?s={search_term_string}"},"query-input":"required name=search_term_string"}],"inLanguage":"en-US"}]}},"_links":{"self":[{"href":"https:\/\/www.whisker.lv\/en\/wp-json\/wp\/v2\/pages\/12585"}],"collection":[{"href":"https:\/\/www.whisker.lv\/en\/wp-json\/wp\/v2\/pages"}],"about":[{"href":"https:\/\/www.whisker.lv\/en\/wp-json\/wp\/v2\/types\/page"}],"author":[{"embeddable":true,"href":"https:\/\/www.whisker.lv\/en\/wp-json\/wp\/v2\/users\/1"}],"replies":[{"embeddable":true,"href":"https:\/\/www.whisker.lv\/en\/wp-json\/wp\/v2\/comments?post=12585"}],"version-history":[{"count":4,"href":"https:\/\/www.whisker.lv\/en\/wp-json\/wp\/v2\/pages\/12585\/revisions"}],"predecessor-version":[{"id":12668,"href":"https:\/\/www.whisker.lv\/en\/wp-json\/wp\/v2\/pages\/12585\/revisions\/12668"}],"up":[{"embeddable":true,"href":"https:\/\/www.whisker.lv\/en\/wp-json\/wp\/v2\/pages\/9927"}],"wp:attachment":[{"href":"https:\/\/www.whisker.lv\/en\/wp-json\/wp\/v2\/media?parent=12585"}],"curies":[{"name":"wp","href":"https:\/\/api.w.org\/{rel}","templated":true}]}}