



{"id":12614,"date":"2019-04-24T18:45:35","date_gmt":"2019-04-24T16:45:35","guid":{"rendered":"https:\/\/www.whisker.lv\/?page_id=12614"},"modified":"2019-04-25T00:42:01","modified_gmt":"2019-04-24T22:42:01","slug":"tonkinas-kakis","status":"publish","type":"page","link":"https:\/\/www.whisker.lv\/en\/kaku-skirnes\/tonkinas-kakis\/","title":{"rendered":"Tonkinas ka\u0137is"},"content":{"rendered":"[vc_row][vc_column][vc_text_separator title=&#8221;Tonkinas ka\u0137is&#8221; border_width=&#8221;8&#8243;][\/vc_column][\/vc_row][vc_row content_placement=&#8221;middle&#8221;][vc_column width=&#8221;1\/4&#8243;][vc_single_image image=&#8221;10155&#8243; img_size=&#8221;large&#8221; style=&#8221;vc_box_rounded&#8221; onclick=&#8221;link_image&#8221;][\/vc_column][vc_column width=&#8221;3\/4&#8243;][vc_column_text]<span style=\"color: #000000;\"><strong>Izcelsme: <\/strong>ASV<\/span><\/p>\n<p><span style=\"color: #000000;\"><strong>Svars:<\/strong> 4-5 kg<\/span><\/p>\n<p><span style=\"color: #000000;\"><strong>Dz\u012bves ilgums:<\/strong> 10-16 gadi<\/span>[\/vc_column_text][\/vc_column][\/vc_row][vc_row][vc_column][vc_column_text]<span style=\"color: #000000;\">Tonkinas ka\u0137i ir tik pat sirsn\u012bgi, draudz\u012bgas dabas, k\u0101 vi\u0146u tuv\u0101kie radinieki Burmas un Si\u0101mas ka\u0137i. Ka\u0137i ir \u013coti orient\u0113ti uz cilv\u0113kiem un ir ide\u0101li \u0123imenes m\u012blu\u013ci. Tonkinietis ir \u013coti zin\u0101tk\u0101rs un sapr\u0101t\u012bgs. Vi\u0146us var apm\u0101c\u012bt, lai veiktu trikus. \u0160ie ka\u0137i izbauda sabiedr\u012bbu, t\u0101d\u0113\u013c, ja paliek vieni uz ilg\u0101ku laiku, b\u016btu nepiecie\u0161ams k\u0101ds kompanjons. Vi\u0146iem ir klusa balss, ka\u0137i labpr\u0101t &#8220;p\u013c\u0101p\u0101&#8221;, k\u0101 ar\u012b seko saimniekiem pa p\u0113d\u0101m. Vi\u0146u dabisk\u0101s zi\u0146k\u0101r\u012bbas d\u0113\u013c, ka\u0137i var nok\u013c\u016bt sare\u017e\u0123\u012bt\u0101s situ\u0101cij\u0101s, t\u0101d\u0113\u013c vislab\u0101k vi\u0146us tur\u0113t m\u0101jas apst\u0101k\u013cos. Tonkinas ka\u0137iem nav iebildumu b\u016bt par m\u0101jas ka\u0137iem, ja vien ir kompanjons un izklaides iesp\u0113jas.<\/span><\/p>\n<p><span style=\"color: #000000;\">Tonkinas ka\u0137i ir sp\u0113c\u012bgi un tie ir smag\u0101ki, nek\u0101 s\u0101kotn\u0113ji \u0161\u0137iet, vi\u0146u musku\u013cot\u0101 \u0137erme\u0146a d\u0113\u013c. Vi\u0146iem ir savdab\u012bgi ov\u0101las \u0137epas un \u0137\u012b\u013cveida galva, ar liel\u0101m aus\u012bm, kas novietotas uz galvas \u0101rpusi.<\/span><\/p>\n<p><span style=\"color: #000000;\"><strong>V\u0113sture.<\/strong>\u00a0Tonkinas ka\u0137i ir nesen izveidota ka\u0137u \u0161\u0137irne, kas radusies p\u0101rojot Si\u0101mas un Burmas ka\u0137u \u0161\u0137irnes. Lai gan zin\u0101t\u0101ji apgalvo, ka tonkinie\u0161iem l\u012bdz\u012bgi ka\u0137i ir past\u0101v\u0113ju\u0161i vismaz no 1800. gada.<\/span><\/p>\n<p><span style=\"color: #000000;\"><strong>Piez\u012bme.<\/strong>\u00a0Tonkinietis p\u0113c rakstura vair\u0101k l\u012bdzin\u0101s Burmas ka\u0137im nek\u0101 si\u0101mietim. Vi\u0146i ir maz\u0101k pras\u012bgi, ar\u012b balss ir klus\u0101ka. Tom\u0113r liel\u0101k\u0101 da\u013ca nov\u0113rot\u0101ju uzskata, ka vi\u0146i apvieno abu sen\u010du pievilc\u012bg\u0101k\u0101s iez\u012bmes.<\/span>[\/vc_column_text][\/vc_column][\/vc_row]\n","protected":false},"excerpt":{"rendered":"<p>[vc_row][vc_column][vc_text_separator title=&#8221;Tonkinas ka\u0137is&#8221; border_width=&#8221;8&#8243;][\/vc_column][\/vc_row][vc_row content_placement=&#8221;middle&#8221;][vc_column width=&#8221;1\/4&#8243;][vc_single_image image=&#8221;10155&#8243; img_size=&#8221;large&#8221; style=&#8221;vc_box_rounded&#8221; onclick=&#8221;link_image&#8221;][\/vc_column][vc_column width=&#8221;3\/4&#8243;][vc_column_text]Izcelsme: ASV Svars: 4-5 kg Dz\u012bves ilgums: 10-16 gadi[\/vc_column_text][\/vc_column][\/vc_row][vc_row][vc_column][vc_column_text]Tonkinas ka\u0137i ir tik pat sirsn\u012bgi, draudz\u012bgas dabas, k\u0101 vi\u0146u tuv\u0101kie radinieki Burmas un Si\u0101mas ka\u0137i. Ka\u0137i ir \u013coti orient\u0113ti uz cilv\u0113kiem un ir ide\u0101li \u0123imenes m\u012blu\u013ci. Tonkinietis ir \u013coti zin\u0101tk\u0101rs un sapr\u0101t\u012bgs. Vi\u0146us var apm\u0101c\u012bt, lai [&hellip;]<\/p>\n","protected":false},"author":1,"featured_media":0,"parent":9927,"menu_order":0,"comment_status":"closed","ping_status":"closed","template":"page-fullwidth.php","meta":{"_acf_changed":false,"_glsr_average":0,"_glsr_ranking":0,"_glsr_reviews":0,"footnotes":""},"translation":{"provider":"WPGlobus","version":"2.12.2","language":"en","enabled_languages":["lv","en","ru"],"languages":{"lv":{"title":true,"content":true,"excerpt":false},"en":{"title":false,"content":false,"excerpt":false},"ru":{"title":false,"content":false,"excerpt":false}}},"acf":[],"yoast_head":"<!-- This site is optimized with the Yoast SEO plugin v22.5 - https:\/\/yoast.com\/wordpress\/plugins\/seo\/ -->\n<title>Tonkinas ka\u0137is (Tonkinese) - Whisker.lv | Ka\u0137u \u0161\u0137irnes<\/title>\n<meta name=\"robots\" content=\"index, follow, max-snippet:-1, max-image-preview:large, max-video-preview:-1\" \/>\n<link rel=\"canonical\" href=\"https:\/\/www.whisker.lv\/kaku-skirnes\/tonkinas-kakis\/\" \/>\n<meta property=\"og:locale\" content=\"en_US\" \/>\n<meta property=\"og:type\" content=\"article\" \/>\n<meta property=\"og:title\" content=\"Tonkinas ka\u0137is - Whisker\" \/>\n<meta property=\"og:url\" content=\"https:\/\/www.whisker.lv\/kaku-skirnes\/tonkinas-kakis\/\" \/>\n<meta property=\"og:site_name\" content=\"Whisker\" \/>\n<meta property=\"article:publisher\" content=\"https:\/\/www.facebook.com\/whisker.lv\/\" \/>\n<meta property=\"article:modified_time\" content=\"2019-04-24T22:42:01+00:00\" \/>\n<meta name=\"twitter:card\" content=\"summary_large_image\" \/>\n<meta name=\"twitter:label1\" content=\"Est. reading time\" \/>\n\t<meta name=\"twitter:data1\" content=\"2 minutes\" \/>\n<script type=\"application\/ld+json\" class=\"yoast-schema-graph\">{\"@context\":\"https:\/\/schema.org\",\"@graph\":[{\"@type\":\"WebPage\",\"@id\":\"https:\/\/www.whisker.lv\/kaku-skirnes\/tonkinas-kakis\/\",\"url\":\"https:\/\/www.whisker.lv\/kaku-skirnes\/tonkinas-kakis\/\",\"name\":\"Tonkinas ka\u0137is (Tonkinese) - Whisker.lv | Ka\u0137u \u0161\u0137irnes\",\"isPartOf\":{\"@id\":\"https:\/\/www.whisker.lv\/#website\"},\"datePublished\":\"2019-04-24T16:45:35+00:00\",\"dateModified\":\"2019-04-24T22:42:01+00:00\",\"description\":\"Tonkinas ka\u0137is ir sirsn\u012bgs, draudz\u012bgas dabas. Ka\u0137i ir \u013coti orient\u0113ti uz cilv\u0113kiem un ir ide\u0101li \u0123imenes m\u012blu\u013ci. Tonkinietis ir \u013coti zin\u0101tk\u0101rs un sapr\u0101t\u012bgs.\",\"breadcrumb\":{\"@id\":\"https:\/\/www.whisker.lv\/kaku-skirnes\/tonkinas-kakis\/#breadcrumb\"},\"inLanguage\":\"en-US\",\"potentialAction\":[{\"@type\":\"ReadAction\",\"target\":[\"https:\/\/www.whisker.lv\/kaku-skirnes\/tonkinas-kakis\/\"]}]},{\"@type\":\"BreadcrumbList\",\"@id\":\"https:\/\/www.whisker.lv\/kaku-skirnes\/tonkinas-kakis\/#breadcrumb\",\"itemListElement\":[{\"@type\":\"ListItem\",\"position\":1,\"name\":\"S\u0101kums\",\"item\":\"https:\/\/www.whisker.lv\/\"},{\"@type\":\"ListItem\",\"position\":2,\"name\":\"Ka\u0137u \u0161\u0137irnes\",\"item\":\"https:\/\/www.whisker.lv\/kaku-skirnes\/\"},{\"@type\":\"ListItem\",\"position\":3,\"name\":\"Tonkinas ka\u0137is\"}]},{\"@type\":\"WebSite\",\"@id\":\"https:\/\/www.whisker.lv\/#website\",\"url\":\"https:\/\/www.whisker.lv\/\",\"name\":\"Whisker\",\"description\":\"Tavs pal\u012bgs m\u0101jdzivnieku pieskat\u012b\u0161an\u0101\",\"potentialAction\":[{\"@type\":\"SearchAction\",\"target\":{\"@type\":\"EntryPoint\",\"urlTemplate\":\"https:\/\/www.whisker.lv\/?s={search_term_string}\"},\"query-input\":\"required name=search_term_string\"}],\"inLanguage\":\"en-US\"}]}<\/script>\n<!-- \/ Yoast SEO plugin. -->","yoast_head_json":{"title":"Tonkinas ka\u0137is (Tonkinese) - Whisker.lv | Ka\u0137u \u0161\u0137irnes","robots":{"index":"index","follow":"follow","max-snippet":"max-snippet:-1","max-image-preview":"max-image-preview:large","max-video-preview":"max-video-preview:-1"},"canonical":"https:\/\/www.whisker.lv\/kaku-skirnes\/tonkinas-kakis\/","og_locale":"en_US","og_type":"article","og_title":"Tonkinas ka\u0137is - Whisker","og_url":"https:\/\/www.whisker.lv\/kaku-skirnes\/tonkinas-kakis\/","og_site_name":"Whisker","article_publisher":"https:\/\/www.facebook.com\/whisker.lv\/","article_modified_time":"2019-04-24T22:42:01+00:00","twitter_card":"summary_large_image","twitter_misc":{"Est. reading time":"2 minutes"},"schema":{"@context":"https:\/\/schema.org","@graph":[{"@type":"WebPage","@id":"https:\/\/www.whisker.lv\/kaku-skirnes\/tonkinas-kakis\/","url":"https:\/\/www.whisker.lv\/kaku-skirnes\/tonkinas-kakis\/","name":"Tonkinas ka\u0137is (Tonkinese) - Whisker.lv | Ka\u0137u \u0161\u0137irnes","isPartOf":{"@id":"https:\/\/www.whisker.lv\/#website"},"datePublished":"2019-04-24T16:45:35+00:00","dateModified":"2019-04-24T22:42:01+00:00","description":"Tonkinas ka\u0137is ir sirsn\u012bgs, draudz\u012bgas dabas. Ka\u0137i ir \u013coti orient\u0113ti uz cilv\u0113kiem un ir ide\u0101li \u0123imenes m\u012blu\u013ci. Tonkinietis ir \u013coti zin\u0101tk\u0101rs un sapr\u0101t\u012bgs.","breadcrumb":{"@id":"https:\/\/www.whisker.lv\/kaku-skirnes\/tonkinas-kakis\/#breadcrumb"},"inLanguage":"en-US","potentialAction":[{"@type":"ReadAction","target":["https:\/\/www.whisker.lv\/kaku-skirnes\/tonkinas-kakis\/"]}]},{"@type":"BreadcrumbList","@id":"https:\/\/www.whisker.lv\/kaku-skirnes\/tonkinas-kakis\/#breadcrumb","itemListElement":[{"@type":"ListItem","position":1,"name":"S\u0101kums","item":"https:\/\/www.whisker.lv\/"},{"@type":"ListItem","position":2,"name":"Ka\u0137u \u0161\u0137irnes","item":"https:\/\/www.whisker.lv\/kaku-skirnes\/"},{"@type":"ListItem","position":3,"name":"Tonkinas ka\u0137is"}]},{"@type":"WebSite","@id":"https:\/\/www.whisker.lv\/#website","url":"https:\/\/www.whisker.lv\/","name":"Whisker","description":"Tavs pal\u012bgs m\u0101jdzivnieku pieskat\u012b\u0161an\u0101","potentialAction":[{"@type":"SearchAction","target":{"@type":"EntryPoint","urlTemplate":"https:\/\/www.whisker.lv\/?s={search_term_string}"},"query-input":"required name=search_term_string"}],"inLanguage":"en-US"}]}},"_links":{"self":[{"href":"https:\/\/www.whisker.lv\/en\/wp-json\/wp\/v2\/pages\/12614"}],"collection":[{"href":"https:\/\/www.whisker.lv\/en\/wp-json\/wp\/v2\/pages"}],"about":[{"href":"https:\/\/www.whisker.lv\/en\/wp-json\/wp\/v2\/types\/page"}],"author":[{"embeddable":true,"href":"https:\/\/www.whisker.lv\/en\/wp-json\/wp\/v2\/users\/1"}],"replies":[{"embeddable":true,"href":"https:\/\/www.whisker.lv\/en\/wp-json\/wp\/v2\/comments?post=12614"}],"version-history":[{"count":4,"href":"https:\/\/www.whisker.lv\/en\/wp-json\/wp\/v2\/pages\/12614\/revisions"}],"predecessor-version":[{"id":12619,"href":"https:\/\/www.whisker.lv\/en\/wp-json\/wp\/v2\/pages\/12614\/revisions\/12619"}],"up":[{"embeddable":true,"href":"https:\/\/www.whisker.lv\/en\/wp-json\/wp\/v2\/pages\/9927"}],"wp:attachment":[{"href":"https:\/\/www.whisker.lv\/en\/wp-json\/wp\/v2\/media?parent=12614"}],"curies":[{"name":"wp","href":"https:\/\/api.w.org\/{rel}","templated":true}]}}