



{"id":15304,"date":"2019-06-30T02:56:50","date_gmt":"2019-06-30T00:56:50","guid":{"rendered":"https:\/\/www.whisker.lv\/?page_id=15304"},"modified":"2019-06-30T03:05:27","modified_gmt":"2019-06-30T01:05:27","slug":"kakis","status":"publish","type":"page","link":"https:\/\/www.whisker.lv\/en\/kakis\/","title":{"rendered":"Ka\u0137is"},"content":{"rendered":"[vc_row css=&#8221;.vc_custom_1526911646432{padding-top: 65px !important;}&#8221;][vc_column][petsitter_heading_separator subtitle=&#8221;&#8221;]Ka\u0137is[\/petsitter_heading_separator][\/vc_column][\/vc_row][vc_column][\/vc_column][vc_row][vc_column][vc_column_text]\n<p>Ir pag\u0101ju\u0161i vismaz \u010detri t\u016bksto\u0161i gadu kop\u0161 ka\u0137i pirmo reizi ien\u0101ku\u0161i cilv\u0113ka m\u0101j\u0101s un, visticam\u0101k, t\u0101d\u0113\u013c, lai \u0137ertu \u017eurkas un peles. M\u016bsdien\u0101s ka\u0137us liel\u0101koties tur k\u0101 m\u0101jdz\u012bvniekus un cilv\u0113ku kompanjonus. Cilv\u0113ki vis\u0101 pasaul\u0113 m\u012bl ka\u0137us t\u0101d\u0113\u013c, ka tie ir skaisti, maigi un m\u012blo\u0161i. Ka\u0137a uztur\u0113\u0161anas izmaksas nav lielas un vi\u0146i ir \u013coti t\u012br\u012bgi. Ka\u0137i stund\u0101m ilgi sevi kopj un vi\u0146us ir viegli iem\u0101c\u012bt iet uz kast\u012bti.<\/p>\n<p>Ka\u0137i ir pievilc\u012bgi ar savu neatkar\u012bgo dabu. Ka\u0137i nedar\u012bs neko t\u0101du, ko pa\u0161i nev\u0113l\u0113sies. Liel\u0101koties ka\u0137iem ir gr\u016bti iem\u0101c\u012bt da\u017e\u0101dus trikus vai vest pastaig\u0101 pie pavadas. T\u0101 viet\u0101 vi\u0146i izv\u0113l\u0113sies mier\u012bgi nosnausties. Ka\u0137iem pat\u012bk n\u0101kt un iet, kad grib. Pat, ja visa \u0123imene m\u0101j\u0101s neb\u016bs visu dienu, ka\u0137im, visticam\u0101k, neb\u016bs iebildumu, tom\u0113r priec\u0101sies redzam j\u016bs p\u0101rn\u0101kam m\u0101j\u0101s.<\/p>\n<p>Ja nekad iepriek\u0161 jums nav bijis ka\u0137is, \u0161eit b\u016bs p\u0101ris lietas, ko vajadz\u0113tu zin\u0101t pirms izlemsiet m\u012bluli ieg\u0101d\u0101ties.<\/p>\n<p>&nbsp;<\/p>\n<h4 style=\"text-align: left;\"><span style=\"color: #000000;\"><strong>K\u0101das ir ka\u0137a uztur\u0113\u0161anas izmaksas?<\/strong><\/span><\/h4>\n<p>Ka\u0137a uztur\u0113\u0161anas izmaksas nav lielas, tom\u0113r t\u0101das lietas k\u0101 bar\u012bba un smiltis ka\u0137a tualetei b\u016bs nepiecie\u0161amas. K\u0101 ar\u012b, b\u016bs vakcin\u0101cijas izmaksas un, iesp\u0113jams, ka\u0137a dz\u012bves laik\u0101 k\u0101das viz\u012btes pie veterin\u0101r\u0101rsta.<\/p>\n<h4><span style=\"color: #000000;\"><strong>Cik daudz r\u016bpes j\u0101velta ka\u0137im?<\/strong><\/span><\/h4>\n<p>Ka\u0137is ir j\u0101baro divas reizes dien\u0101 un ka\u0137a tualeti j\u0101t\u012bra katru dienu. Ja dodaties ce\u013cojum\u0101, tad nevariet ka\u0137i atst\u0101t vienu pa\u0161u. Tad b\u016bs nepiecie\u0161ams k\u0101ds \u0123imenes loceklis vai <a href=\"https:\/\/www.whisker.lv\/visi-paligi\/\" target=\"_blank\" rel=\"noopener noreferrer\">Whisker pal\u012bgs<\/a>, kur\u0161 atn\u0101ks pabarot, izt\u012br\u012bt kast\u012bti un pasp\u0113l\u0113sies ar m\u012bluli.<\/p>\n<h4><span style=\"color: #000000;\"><strong>Vai cilv\u0113kiem no ka\u0137iem ir aler\u0123ijas?<\/strong><\/span><\/h4>\n<p>Ir cilv\u0113ki, kuriem par\u0101d\u0101s astma vai izsitumi uz \u0101das, t\u0101d\u0113\u013c \u0161iem cilv\u0113kiem tur\u0113t m\u0101j\u0101s ka\u0137i ir diezgan apgr\u016btino\u0161i.<\/p>\n<p><img decoding=\"async\" class=\"aligncenter wp-image-15314\" src=\"https:\/\/www.whisker.lv\/wp-content\/uploads\/2019\/06\/animalia-3208412_640-400x266.jpg\" alt=\"\" width=\"900\" height=\"599\" srcset=\"https:\/\/www.whisker.lv\/wp-content\/uploads\/2019\/06\/animalia-3208412_640-400x266.jpg 400w, https:\/\/www.whisker.lv\/wp-content\/uploads\/2019\/06\/animalia-3208412_640.jpg 640w\" sizes=\"(max-width: 900px) 100vw, 900px\" \/><\/p>\n<h2 style=\"text-align: center;\"><span style=\"color: #000000;\"><strong>K\u0101du ka\u0137i izv\u0113l\u0113ties?<\/strong><\/span><\/h2>\n<p>\u0160\u0137irnes ka\u0137is ir t\u0101ds ka\u0137is, kura abi vec\u0101ki ir no vienas \u0161\u0137irnes. Bez\u0161\u0137irnes ka\u0137is ir t\u0101ds, kura vec\u0101kiem nav viena un t\u0101 pati \u0161\u0137irne vai abi ir bez \u0161kirnes. Gandr\u012bz 90% visas pasaules ka\u0137u ir bez\u0161\u0137irnes.<\/p>\n<p>Ieg\u0101d\u0101ties \u0161\u0137irnes ka\u0137us ir sal\u012bdzino\u0161i d\u0101rgi. Cilv\u0113ki izv\u0113las \u0161\u0137irnes ka\u0137us t\u0101d\u0113\u013c, ka vi\u0146iem pat\u012bk vi\u0146u \u0101r\u0113jais veidols un konkr\u0113t\u0101s \u0161\u0137irnes rakstura iez\u012bmes. Ar \u0161\u0137irnes ka\u0137i vari b\u016bt dro\u0161\u0101ks par to, k\u0101ds b\u016bs \u0161is ka\u0137is, kad izaugs liels.<\/p>\n<h4><\/h4>\n<h4><span style=\"color: #000000;\"><strong>Runci vai ka\u0137eni?<\/strong><\/span><\/h4>\n<p>Ka\u0137enes vair\u0101k paliek m\u0101j\u0101s, bet run\u010diem pat\u012bk ar\u012b doties \u0101rpus m\u0101jas un mekl\u0113\u0161an\u0101s laik\u0101 var p\u0101rrasties p\u0113c vair\u0101k\u0101m dien\u0101m. Ka\u0137enes un run\u010di ir vienl\u012bdz m\u012blo\u0161i m\u012blu\u013ci.<\/p>\n<p>Tom\u0113r vislab\u0101k laic\u012bgi sak\u0101rtot, lai j\u016bsu ka\u0137i b\u016btu steriliz\u0113ti un nevairotu jau t\u0101 eso\u0161o ka\u0137u armiju.<\/p>\n<p><span style=\"color: #000000;\"><strong>Garspalvainu vai \u012bsspalvainu?<\/strong><\/span><\/p>\n<p>Garspalvaini ka\u0137i ir \u013coti skaisti, tom\u0113r tiem ir nepiecie\u0161ama regul\u0101ra un bie\u017ea \u0137emm\u0113\u0161ana, lai uztur\u0113tu ka\u017eoku lab\u0101 kond\u012bcij\u0101.<\/p>\n<p><span style=\"color: #000000;\"><strong>Nepiecie\u0161am\u0101s lietas ka\u0137a ien\u0101k\u0161anai \u0123imen\u0113:<\/strong><\/span> \u0113damtrauks un dzeramtrauks, gulta, ka\u0137a tualete, p\u0101rn\u0113s\u0101jam\u0101 kaste un rota\u013clietas. Jums nav j\u0101p\u0113rk ka\u0137im gulta, bet to variet izveidot no kartona kastes, kur iek\u0161\u0101 iekl\u0101tas k\u0101das dr\u0113bes vai sega. T\u0101pat p\u0101rn\u0113s\u0101jam\u0101 kaste noder\u0113s gad\u012bjumos, kad dosieties, piem\u0113ram, pie veterin\u0101r\u0101rsta.<\/p>\n<h4><span style=\"color: #000000;\"><strong><img decoding=\"async\" class=\"aligncenter wp-image-15313\" src=\"https:\/\/www.whisker.lv\/wp-content\/uploads\/2019\/06\/kittens-1824367_640-400x266.jpg\" alt=\"\" width=\"900\" height=\"599\" srcset=\"https:\/\/www.whisker.lv\/wp-content\/uploads\/2019\/06\/kittens-1824367_640-400x266.jpg 400w, https:\/\/www.whisker.lv\/wp-content\/uploads\/2019\/06\/kittens-1824367_640.jpg 640w\" sizes=\"(max-width: 900px) 100vw, 900px\" \/><\/strong><\/span><\/h4>\n<h4><span style=\"color: #000000;\"><strong>Vislab\u0101k mazo ka\u0137\u0113nu p\u0101rvest m\u0101j\u0101s, tad, kad pa\u0161iem p\u0101ris dienas nekur nav j\u0101dodas. Tom\u0113r pirms ka\u0137\u0113nu ieg\u0101d\u0101ties vai adopt\u0113t, b\u016btu j\u0101zina vair\u0101kas lietas.<\/strong><\/span><\/h4>\n<h4><span style=\"color: #000000;\"><strong>Cik vecs ir ka\u0137\u0113ns?<\/strong><\/span><\/h4>\n<p>8-12 ned\u0113\u013cas ir laiks, kad ka\u0137\u0113ns var doties uz sav\u0101m jaunaj\u0101m m\u0101j\u0101m. Patst\u0101v\u012bgi jau \u0113d\u012bs un b\u016bs pietiekami neatkar\u012bgs, lai adapt\u0113tos jaunajos apst\u0101k\u013cos.<\/p>\n<h4><span style=\"color: #000000;\"><strong>Vai ka\u0137\u0113ns ir vesels?<\/strong><\/span><\/h4>\n<p>Vesels ka\u0137\u0113ns ir dz\u012bvespriec\u012bgs un rota\u013c\u012bgs, acis ir spo\u017eas, t\u012bras un neasaro. Ka\u017eoks ir t\u012brs, sp\u012bd\u012bgs un bez pl\u0101n\u0101kiem plankumiem. K\u0101 ar\u012b nevajadz\u0113tu b\u016bt melniem ple\u0137iem vai tum\u0161iem s\u0113riem ka\u0137a aus\u012bs \u2013 ausu s\u0113n\u012btes paz\u012bmei.<\/p>\n<p><span style=\"color: #000000;\"><strong>K\u0101du bar\u012bbu ka\u0137\u0113ns \u0113d?<\/strong><\/span><\/p>\n<p>Pajaut\u0101jiet, k\u0101du \u0113dienu ka\u0137\u0113ns lieto uztur\u0101, cik daudz un cik bie\u017ei. Divas ned\u0113\u013cas vajadz\u0113tu lietot uztur\u0101 to pa\u0161u p\u0101rtiku un tad l\u0113n\u0101m var main\u012bt uz citu.<\/p>\n<h4><span style=\"color: #000000;\"><strong>Vai ka\u0137\u0113ns patst\u0101v\u012bgi dodas uz kast\u012bti?<\/strong><\/span><\/h4>\n<p>Pajaut\u0101jiet, vai ka\u0137\u0113ns patst\u0101v\u012bgi dodas uz kast\u012bti un k\u0101das smiltis izmanto.<\/p>\n<p><strong>Ja j\u016bsu noskat\u012btais m\u012blulis ir \u0161\u0137irnes ka\u0137is, tad l\u012bdzi b\u016btu j\u0101dod sertifik\u0101ts ar dzim\u0161anas laiku un sen\u010du radurakstiem.<\/strong><\/p>\n<h4><span style=\"color: #000000;\"><strong>Ka\u0137a rota\u013c\u0101\u0161an\u0101s<\/strong><\/span><\/h4>\n<p>L\u012bdz aptuveni piecu m\u0113ne\u0161u vecumam ka\u0137is liel\u0101ko da\u013cu laika, kam\u0113r atrodas nomod\u0101, izmantos, lai rota\u013c\u0101tos. Pat tad, kad b\u016bs jau pieaugu\u0161i, da\u017ek\u0101rt v\u0113l\u0113sies sp\u0113l\u0113ties. Ka\u0137i p\u0113c dabas ir mednieki un ka\u0137\u0113na sp\u0113les vienm\u0113r ir med\u012bbu vai c\u012b\u0146as imit\u0101cija. Pa\u0161upojiet k\u0101du priek\u0161metu ka\u0137a priek\u0161\u0101 un vi\u0146\u0161 noteikti v\u0113l\u0113sies to no\u0137ert. Ka\u0137i &#8220;atdz\u012bvin\u0101s&#8221; savas rota\u013clietas pa t\u0101m viegli uzsitot ar \u0137epu vai pametot gais\u0101 un, tad \u0137ers un skries paka\u013c.<\/p>\n<p>&nbsp;<\/p>\n<h2 style=\"text-align: center;\"><span style=\"color: #000000;\"><strong>Apm\u0101c\u012bba<\/strong><\/span><\/h2>\n<p>Ka\u0137i vislab\u0101k apm\u0101c\u012bt tad, kad tas v\u0113l ir jauns, jo main\u012bt pieaugu\u0161a ka\u0137a ieradumus ir daudz gr\u016bt\u0101k. Ka\u0137is nezina, kad ir izdar\u012bjis, ko nepareizi un nesaprat\u012bs to ar\u012b tad, ja tiks sod\u012bts. T\u0101d\u0113\u013c ir svar\u012bgi atcer\u0113ties, ka ka\u0137enus sod\u012bt nedr\u012bkst, tikai m\u0101c\u012bt labos ieradumus.<\/p>\n<p>&nbsp;<\/p>\n<h4><span style=\"color: #000000;\"><strong>K\u0101 iem\u0101c\u012bt ka\u0137im neiet aizliegtaj\u0101s viet\u0101s?<\/strong><\/span><\/h4>\n<p>M\u0101j\u0101s, iesp\u0113jams, ir telpas, kur ka\u0137is nav v\u0113lams vai ar\u012b ka\u0137is v\u0113las k\u0101pt uz galda, t\u0101d\u0113\u013c b\u016btu j\u0101iem\u0101ca nep\u0101rk\u0101pt \u0161\u012bs robe\u017eas. Lai to iem\u0101c\u012btu, paceliet ka\u0137i tad, kad vi\u0146\u0161 ir p\u0101rk\u0101pis \u0161\u012bs robe\u017eas, uz\u0161\u0146\u0101ciet vi\u0146am un pasakiet \u201cN\u0113!\u201d. Tikai nep\u0101rcentieties, lai nesabied\u0113tu ka\u0137\u0113nu, aizr\u0101diet tikai tik daudz, lai vi\u0146\u0161 b\u016btu br\u012bdin\u0101ts un rastos nepatika pret \u0161o vietu. Ka\u0137im b\u016btu j\u0101saj\u016bt, ka esiet stingrs un ne\u013causiet p\u0101rk\u0101pt robe\u017eas.<\/p>\n<p>T\u0101d\u0101 pa\u0161\u0101 veid\u0101 var apm\u0101c\u012bt ka\u0137i neasin\u0101t nagus pret m\u0113bel\u0113m un durvju stender\u0113m. Tom\u0113r, lai ka\u0137i nagus uztur\u0113tu lab\u0101 st\u0101vokl\u012b, b\u016bs nepiecie\u0161ams kas t\u0101ds, kur ka\u0137is var\u0113s asin\u0101t nagus. Vislab\u0101k ka\u0137im iem\u0101c\u012bt asin\u0101t nagus uz tam paredz\u0113tas virsmas.<\/p>\n<p>&nbsp;<\/p>\n<h4><span style=\"color: #000000;\"><strong>K\u0101 apm\u0101c\u012bt ka\u0137i doties uz kast\u012bti?<\/strong><\/span><\/h4>\n<p>Ka\u0137im b\u016btu j\u0101iem\u0101c\u0101s, ka tam paredz\u0113t\u0101 tualete ir vien\u012bg\u0101 vieta, kur vi\u0146\u0161 var k\u0101rtot savas vajadz\u012bbas. Ja ka\u0137\u0113ns nok\u0101rtojas \u0101rpus kastes, paceliet vi\u0146u, uz\u0161\u0146\u0101ciet un ielieciet kast\u012bt\u0113.<\/p>\n<p>Ja ka\u0137is jau nok\u0101rtojies \u0101rpus kastes, r\u016bp\u012bgi uzkopiet \u0161o vietu ar tam paredz\u0113tajiem l\u012bdzek\u013ciem, lai nom\u0101ktu smaku un ka\u0137is neatgrieztos taj\u0101 pa\u0161\u0101 viet\u0101 ar t\u0101diem pa\u0161iem nodomiem.<\/p>\n<p>&nbsp;<\/p>\n<p><span style=\"color: #000000;\"><strong>Atcerieties! Esiet konsekvents. Nepie\u013caujiet iesp\u0113ju, ka vien\u0101 dien\u0101 \u013caujiet ka\u0137im k\u0101pt uz galda un otr\u0101 n\u0113.<\/strong><\/span><\/p>\n<p>Neiekaustiet ka\u0137i. Vi\u0146\u0161 ne tikai nesaprat\u012bs par ko sa\u0146em sodu, bet ar\u012b var tikt savainots.<\/p>\n<p>Nesodiet ka\u0137i p\u0113c tam, kad ko sastr\u0101d\u0101jis. M\u0113\u0123iniet pie\u0137ert darb\u012bbas laik\u0101.<\/p>\n<p>Ka\u0137is neizmantos net\u012bru tualeti. Ka\u0137a fek\u0101lijas b\u016btu j\u0101izv\u0101c tikko k\u0101 paman\u0101t, ka t\u0101s tur atrodas. Reizi ned\u0113\u013c\u0101 izmazg\u0101jiet kast\u012bti ar tam paredz\u0113tajiem l\u012bdzek\u013ciem, k\u0101 ar\u012b p\u0113c tam k\u0101rt\u012bgi izskalojiet.<\/p>\n<h2 style=\"text-align: center;\"><span style=\"color: #000000;\"><strong><img decoding=\"async\" class=\"aligncenter wp-image-15312\" src=\"https:\/\/www.whisker.lv\/wp-content\/uploads\/2019\/06\/pot-3054289_640-400x225.jpg\" alt=\"\" width=\"900\" height=\"506\" srcset=\"https:\/\/www.whisker.lv\/wp-content\/uploads\/2019\/06\/pot-3054289_640-400x225.jpg 400w, https:\/\/www.whisker.lv\/wp-content\/uploads\/2019\/06\/pot-3054289_640.jpg 640w\" sizes=\"(max-width: 900px) 100vw, 900px\" \/><\/strong><\/span><\/h2>\n<h2><\/h2>\n<h2 style=\"text-align: center;\"><span style=\"color: #000000;\"><strong>Vesel\u012bbas apr\u016bpe<\/strong><\/span><\/h2>\n<p>Ka\u0137iem liel\u0101koties ir laba vesel\u012bba, tom\u0113r ir p\u0101ris lietas, kuras b\u016btu j\u0101izdara, lai nov\u0113rstu ka\u0137a saslim\u0161anu un p\u0101rliecin\u0101tos, ka ka\u0137is ir pie labas vesel\u012bbas.<\/p>\n<p><span style=\"color: #000000;\"><strong>Vakcin\u0101cija.<\/strong><\/span> Ka\u0137im b\u016btu j\u0101veic visas nepiecie\u0161am\u0101s vakcin\u0101cijas divu m\u0113ne\u0161u vecum\u0101. K\u0101 ar\u012b ikgad\u0113j\u0101s vakcin\u0101cijas.<\/p>\n<p><span style=\"color: #000000;\"><strong>Blusas.<\/strong> <\/span>P\u0101rbaudiet ka\u0137a ka\u017eoku regul\u0101ri, pat ja nedom\u0101jiet, ka var\u0113tu b\u016bt blusas. Veterin\u0101raj\u0101s kl\u012bnikas vai m\u0101jdz\u012bvnieku pre\u010du veikalos var ieg\u0101d\u0101ties pretblusu l\u012bdzek\u013cus, k\u0101 ar\u012b gultasvietai var lietot izsmidzin\u0101mos l\u012bdzek\u013cus.<\/p>\n<p><span style=\"color: #000000;\"><strong>Prett\u0101rpu z\u0101les. <\/strong><\/span>T\u0101rpi ir nelieli paraz\u012bti, kuri var dz\u012bvot ka\u0137u zarn\u0101s un var izrais\u012bt nopietnas saslim\u0161anas. Tas neattiecas uz ka\u0137\u0113niem, tom\u0113r neviens ka\u0137is ar paraz\u012btiem nevar justies labi. Ka\u0137is vienm\u0113r b\u016bs izsalcis, k\u0101 ar\u012b ka\u0137im var b\u016bt caureja un vem\u0161ana. T\u0101d\u0113\u013c ka\u0137iem un ka\u0137\u0113niem regul\u0101ri j\u0101b\u016bt att\u0101rpotiem. Veterin\u0101raj\u0101s kl\u012bnik\u0101s ir iesp\u0113jams ieg\u0101d\u0101ties pulveri vai tabletes, lai pasarg\u0101tu ka\u0137i no \u0161iem paraz\u012btiem.<\/p>\n<p>&nbsp;<\/p>\n<h2 style=\"text-align: center;\"><span style=\"color: #000000;\"><strong>Saslim\u0161anas<\/strong><\/span><\/h2>\n<h4><span style=\"color: #000000;\"><strong>K\u0101 zin\u0101t vai ka\u0137is ir saslimis?<\/strong><\/span><\/h4>\n<p>Ir vair\u0101ki simptomi, kuri nor\u0101da vai ka\u0137is ir salimis. Tom\u0113r, ja \u0161is simptoms ir viens bez citiem, tas uzreiz nenoz\u012bm\u0113, ka ka\u0137is ir slims. Piem\u0113ram, ka\u0137is var vemt, bet, ja vis\u0101di cit\u0101di j\u016btas labi, tad tas, iesp\u0113jams, noz\u012bm\u0113, ka ap\u0113dis, ko sliktu. V\u0113rojiet ka\u0137i uzman\u012bgi un, ja simptomi pasliktin\u0101s vai turpin\u0101s vair\u0101kas dienas, vai ar\u012b, ja ka\u0137is izskat\u0101s slims un par\u0101d\u0101s citi simptomi, nekav\u0113joties dodieties pie veterin\u0101r\u0101rsta. Da\u017ek\u0101rt cilv\u0113ki neved savus m\u012blu\u013cus pie veterin\u0101r\u0101rsta, baidoties par izmaks\u0101m, tom\u0113r ka\u0137is nevar pateikt jums k\u0101 j\u016btas un tikai veterin\u0101r\u0101rstam ir nepiecie\u0161am\u0101s zin\u0101\u0161anas, lai pal\u012bdz\u0113tu m\u012blulim.<\/p>\n<p><span style=\"color: #000000;\"><strong>Slim\u012bbas paz\u012bmes:<\/strong><\/span><\/p>\n<ul>\n<li>Apet\u012btes zudums vai piln\u012bga atteik\u0161an\u0101s no \u0113diena;<\/li>\n<li>Maz\u0101ks \u016bdens pat\u0113ri\u0146\u0161;<\/li>\n<li>Vem\u0161ana;<\/li>\n<li>Caureja;<\/li>\n<li>Sasprindzin\u0101jums nok\u0101rtojoties;<\/li>\n<li>Bl\u0101vs un ass ka\u017eoks;<\/li>\n<li>Elpo\u0161anas probl\u0113mas;<\/li>\n<li>Bl\u0101vas un asarojo\u0161as acis;<\/li>\n<li>Teko\u0161s deguns;<\/li>\n<li>Nev\u0113l\u0113\u0161an\u0101s sevi kopt;<\/li>\n<\/ul>\n<p>&nbsp;<\/p>\n<p><span style=\"color: #000000;\">R\u016bp\u012bgi izv\u0113rt\u0113jiet vai var\u0113siet m\u012blulim dot \u012bst\u0101s un vien\u012bg\u0101s m\u0101jas un, ja esiet p\u0101rliecin\u0101ts, ka sp\u0113siet, tad lai izdodas skaista kop\u0101 b\u016b\u0161ana!<\/span><\/p>\n<p>&nbsp;<\/p>\n<p><strong>Par murr\u0101t\u0101jiem,<\/strong><\/p>\n<p><strong>Tavs <em>Whisker<\/em><\/strong><\/p>\n<p><iframe style=\"border: none; overflow: hidden;\" src=\"https:\/\/www.facebook.com\/plugins\/like.php?href=https%3A%2F%2Fwww.whisker.lv%2Fkakis%2F&amp;width=450&amp;layout=standard&amp;action=like&amp;size=small&amp;show_faces=false&amp;share=true&amp;height=35&amp;appId=237477320393317\" width=\"450\" height=\"35\" frameborder=\"0\" scrolling=\"no\"><\/iframe><\/p>\n","protected":false},"excerpt":{"rendered":"<p>[vc_row css=&#8221;.vc_custom_1526911646432{padding-top: 65px !important;}&#8221;][vc_column][petsitter_heading_separator subtitle=&#8221;&#8221;]Ka\u0137is[\/petsitter_heading_separator][\/vc_column][\/vc_row][vc_column][\/vc_column][vc_row][vc_column][vc_column_text] Ir pag\u0101ju\u0161i vismaz \u010detri t\u016bksto\u0161i gadu kop\u0161 ka\u0137i pirmo reizi ien\u0101ku\u0161i cilv\u0113ka m\u0101j\u0101s un, visticam\u0101k, t\u0101d\u0113\u013c, lai \u0137ertu \u017eurkas un peles. M\u016bsdien\u0101s ka\u0137us liel\u0101koties tur k\u0101 m\u0101jdz\u012bvniekus un cilv\u0113ku kompanjonus. Cilv\u0113ki vis\u0101 pasaul\u0113 m\u012bl ka\u0137us t\u0101d\u0113\u013c, ka tie ir skaisti, maigi un m\u012blo\u0161i. Ka\u0137a uztur\u0113\u0161anas izmaksas nav lielas un vi\u0146i [&hellip;]<\/p>\n","protected":false},"author":1,"featured_media":0,"parent":0,"menu_order":0,"comment_status":"closed","ping_status":"closed","template":"page-fullwidth.php","meta":{"_acf_changed":false,"_glsr_average":0,"_glsr_ranking":0,"_glsr_reviews":0,"footnotes":""},"translation":{"provider":"WPGlobus","version":"2.12.2","language":"en","enabled_languages":["lv","en","ru"],"languages":{"lv":{"title":true,"content":true,"excerpt":false},"en":{"title":false,"content":false,"excerpt":false},"ru":{"title":false,"content":false,"excerpt":false}}},"acf":[],"yoast_head":"<!-- This site is optimized with the Yoast SEO plugin v22.5 - https:\/\/yoast.com\/wordpress\/plugins\/seo\/ -->\n<title>Ka\u0137is - Whisker.lv | M\u0101jdz\u012bvnieku pieskat\u012b\u0161anas un pastaigu serviss<\/title>\n<meta name=\"robots\" content=\"index, follow, max-snippet:-1, max-image-preview:large, max-video-preview:-1\" \/>\n<link rel=\"canonical\" href=\"https:\/\/www.whisker.lv\/kakis\/\" \/>\n<meta property=\"og:locale\" content=\"en_US\" \/>\n<meta property=\"og:type\" content=\"article\" \/>\n<meta property=\"og:title\" content=\"Ka\u0137is\" \/>\n<meta property=\"og:description\" content=\"Cilv\u0113ki vis\u0101 pasaul\u0113 m\u012bl ka\u0137us t\u0101d\u0113\u013c, ka tie ir skaisti, maigi un m\u012blo\u0161i. Ka\u0137a uztur\u0113\u0161anas izmaksas nav lielas un vi\u0146i ir \u013coti t\u012br\u012bgi. Ka\u0137i stund\u0101m ilgi sevi kopj un vi\u0146us ir viegli iem\u0101c\u012bt iet uz kast\u012bti.\" \/>\n<meta property=\"og:url\" content=\"https:\/\/www.whisker.lv\/kakis\/\" \/>\n<meta property=\"og:site_name\" content=\"Whisker\" \/>\n<meta property=\"article:publisher\" content=\"https:\/\/www.facebook.com\/whisker.lv\/\" \/>\n<meta property=\"article:modified_time\" content=\"2019-06-30T01:05:27+00:00\" \/>\n<meta property=\"og:image\" content=\"https:\/\/www.whisker.lv\/wp-content\/uploads\/2019\/06\/animalia-3208412_640.jpg\" \/>\n\t<meta property=\"og:image:width\" content=\"640\" \/>\n\t<meta property=\"og:image:height\" content=\"426\" \/>\n\t<meta property=\"og:image:type\" content=\"image\/jpeg\" \/>\n<meta name=\"twitter:card\" content=\"summary_large_image\" \/>\n<meta name=\"twitter:label1\" content=\"Est. reading time\" \/>\n\t<meta name=\"twitter:data1\" content=\"10 minutes\" \/>\n<script type=\"application\/ld+json\" class=\"yoast-schema-graph\">{\"@context\":\"https:\/\/schema.org\",\"@graph\":[{\"@type\":\"WebPage\",\"@id\":\"https:\/\/www.whisker.lv\/kakis\/\",\"url\":\"https:\/\/www.whisker.lv\/kakis\/\",\"name\":\"Ka\u0137is - Whisker.lv | M\u0101jdz\u012bvnieku pieskat\u012b\u0161anas un pastaigu serviss\",\"isPartOf\":{\"@id\":\"https:\/\/www.whisker.lv\/#website\"},\"primaryImageOfPage\":{\"@id\":\"https:\/\/www.whisker.lv\/kakis\/#primaryimage\"},\"image\":{\"@id\":\"https:\/\/www.whisker.lv\/kakis\/#primaryimage\"},\"thumbnailUrl\":\"https:\/\/www.whisker.lv\/wp-content\/uploads\/2019\/06\/animalia-3208412_640-400x266.jpg\",\"datePublished\":\"2019-06-30T00:56:50+00:00\",\"dateModified\":\"2019-06-30T01:05:27+00:00\",\"description\":\"Ka\u0137is - m\u016bsdien\u0101s ka\u0137us liel\u0101koties tur k\u0101 m\u0101jdz\u012bvniekus un cilv\u0113ku kompanjonus. Cilv\u0113ki vis\u0101 pasaul\u0113 m\u012bl ka\u0137us t\u0101d\u0113\u013c, ka tie ir skaisti, maigi un m\u012blo\u0161i.\",\"breadcrumb\":{\"@id\":\"https:\/\/www.whisker.lv\/kakis\/#breadcrumb\"},\"inLanguage\":\"en-US\",\"potentialAction\":[{\"@type\":\"ReadAction\",\"target\":[\"https:\/\/www.whisker.lv\/kakis\/\"]}]},{\"@type\":\"ImageObject\",\"inLanguage\":\"en-US\",\"@id\":\"https:\/\/www.whisker.lv\/kakis\/#primaryimage\",\"url\":\"https:\/\/www.whisker.lv\/wp-content\/uploads\/2019\/06\/animalia-3208412_640-400x266.jpg\",\"contentUrl\":\"https:\/\/www.whisker.lv\/wp-content\/uploads\/2019\/06\/animalia-3208412_640-400x266.jpg\"},{\"@type\":\"BreadcrumbList\",\"@id\":\"https:\/\/www.whisker.lv\/kakis\/#breadcrumb\",\"itemListElement\":[{\"@type\":\"ListItem\",\"position\":1,\"name\":\"S\u0101kums\",\"item\":\"https:\/\/www.whisker.lv\/\"},{\"@type\":\"ListItem\",\"position\":2,\"name\":\"Ka\u0137is\"}]},{\"@type\":\"WebSite\",\"@id\":\"https:\/\/www.whisker.lv\/#website\",\"url\":\"https:\/\/www.whisker.lv\/\",\"name\":\"Whisker\",\"description\":\"Tavs pal\u012bgs m\u0101jdzivnieku pieskat\u012b\u0161an\u0101\",\"potentialAction\":[{\"@type\":\"SearchAction\",\"target\":{\"@type\":\"EntryPoint\",\"urlTemplate\":\"https:\/\/www.whisker.lv\/?s={search_term_string}\"},\"query-input\":\"required name=search_term_string\"}],\"inLanguage\":\"en-US\"}]}<\/script>\n<!-- \/ Yoast SEO plugin. -->","yoast_head_json":{"title":"Ka\u0137is - Whisker.lv | M\u0101jdz\u012bvnieku pieskat\u012b\u0161anas un pastaigu serviss","robots":{"index":"index","follow":"follow","max-snippet":"max-snippet:-1","max-image-preview":"max-image-preview:large","max-video-preview":"max-video-preview:-1"},"canonical":"https:\/\/www.whisker.lv\/kakis\/","og_locale":"en_US","og_type":"article","og_title":"Ka\u0137is","og_description":"Cilv\u0113ki vis\u0101 pasaul\u0113 m\u012bl ka\u0137us t\u0101d\u0113\u013c, ka tie ir skaisti, maigi un m\u012blo\u0161i. Ka\u0137a uztur\u0113\u0161anas izmaksas nav lielas un vi\u0146i ir \u013coti t\u012br\u012bgi. Ka\u0137i stund\u0101m ilgi sevi kopj un vi\u0146us ir viegli iem\u0101c\u012bt iet uz kast\u012bti.","og_url":"https:\/\/www.whisker.lv\/kakis\/","og_site_name":"Whisker","article_publisher":"https:\/\/www.facebook.com\/whisker.lv\/","article_modified_time":"2019-06-30T01:05:27+00:00","og_image":[{"width":640,"height":426,"url":"https:\/\/www.whisker.lv\/wp-content\/uploads\/2019\/06\/animalia-3208412_640.jpg","type":"image\/jpeg"}],"twitter_card":"summary_large_image","twitter_misc":{"Est. reading time":"10 minutes"},"schema":{"@context":"https:\/\/schema.org","@graph":[{"@type":"WebPage","@id":"https:\/\/www.whisker.lv\/kakis\/","url":"https:\/\/www.whisker.lv\/kakis\/","name":"Ka\u0137is - Whisker.lv | M\u0101jdz\u012bvnieku pieskat\u012b\u0161anas un pastaigu serviss","isPartOf":{"@id":"https:\/\/www.whisker.lv\/#website"},"primaryImageOfPage":{"@id":"https:\/\/www.whisker.lv\/kakis\/#primaryimage"},"image":{"@id":"https:\/\/www.whisker.lv\/kakis\/#primaryimage"},"thumbnailUrl":"https:\/\/www.whisker.lv\/wp-content\/uploads\/2019\/06\/animalia-3208412_640-400x266.jpg","datePublished":"2019-06-30T00:56:50+00:00","dateModified":"2019-06-30T01:05:27+00:00","description":"Ka\u0137is - m\u016bsdien\u0101s ka\u0137us liel\u0101koties tur k\u0101 m\u0101jdz\u012bvniekus un cilv\u0113ku kompanjonus. Cilv\u0113ki vis\u0101 pasaul\u0113 m\u012bl ka\u0137us t\u0101d\u0113\u013c, ka tie ir skaisti, maigi un m\u012blo\u0161i.","breadcrumb":{"@id":"https:\/\/www.whisker.lv\/kakis\/#breadcrumb"},"inLanguage":"en-US","potentialAction":[{"@type":"ReadAction","target":["https:\/\/www.whisker.lv\/kakis\/"]}]},{"@type":"ImageObject","inLanguage":"en-US","@id":"https:\/\/www.whisker.lv\/kakis\/#primaryimage","url":"https:\/\/www.whisker.lv\/wp-content\/uploads\/2019\/06\/animalia-3208412_640-400x266.jpg","contentUrl":"https:\/\/www.whisker.lv\/wp-content\/uploads\/2019\/06\/animalia-3208412_640-400x266.jpg"},{"@type":"BreadcrumbList","@id":"https:\/\/www.whisker.lv\/kakis\/#breadcrumb","itemListElement":[{"@type":"ListItem","position":1,"name":"S\u0101kums","item":"https:\/\/www.whisker.lv\/"},{"@type":"ListItem","position":2,"name":"Ka\u0137is"}]},{"@type":"WebSite","@id":"https:\/\/www.whisker.lv\/#website","url":"https:\/\/www.whisker.lv\/","name":"Whisker","description":"Tavs pal\u012bgs m\u0101jdzivnieku pieskat\u012b\u0161an\u0101","potentialAction":[{"@type":"SearchAction","target":{"@type":"EntryPoint","urlTemplate":"https:\/\/www.whisker.lv\/?s={search_term_string}"},"query-input":"required name=search_term_string"}],"inLanguage":"en-US"}]}},"_links":{"self":[{"href":"https:\/\/www.whisker.lv\/en\/wp-json\/wp\/v2\/pages\/15304"}],"collection":[{"href":"https:\/\/www.whisker.lv\/en\/wp-json\/wp\/v2\/pages"}],"about":[{"href":"https:\/\/www.whisker.lv\/en\/wp-json\/wp\/v2\/types\/page"}],"author":[{"embeddable":true,"href":"https:\/\/www.whisker.lv\/en\/wp-json\/wp\/v2\/users\/1"}],"replies":[{"embeddable":true,"href":"https:\/\/www.whisker.lv\/en\/wp-json\/wp\/v2\/comments?post=15304"}],"version-history":[{"count":19,"href":"https:\/\/www.whisker.lv\/en\/wp-json\/wp\/v2\/pages\/15304\/revisions"}],"predecessor-version":[{"id":15327,"href":"https:\/\/www.whisker.lv\/en\/wp-json\/wp\/v2\/pages\/15304\/revisions\/15327"}],"wp:attachment":[{"href":"https:\/\/www.whisker.lv\/en\/wp-json\/wp\/v2\/media?parent=15304"}],"curies":[{"name":"wp","href":"https:\/\/api.w.org\/{rel}","templated":true}]}}