



{"id":15816,"date":"2019-07-14T07:05:30","date_gmt":"2019-07-14T05:05:30","guid":{"rendered":"https:\/\/www.whisker.lv\/?page_id=15816"},"modified":"2019-07-14T15:32:23","modified_gmt":"2019-07-14T13:32:23","slug":"divi-suni-majas","status":"publish","type":"page","link":"https:\/\/www.whisker.lv\/en\/blog\/divi-suni-majas\/","title":{"rendered":"Divi su\u0146i m\u0101j\u0101s"},"content":{"rendered":"<h3 style=\"text-align: center;\">[vc_row css=&#8221;.vc_custom_1526911646432{padding-top: 65px !important;}&#8221;][vc_column][petsitter_heading_separator subtitle=&#8221;&#8221;]6 iemesli, k\u0101p\u0113c divi su\u0146i ir lab\u0101k par vienu [\/petsitter_heading_separator][\/vc_column][\/vc_row][vc_row][vc_column width=&#8221;2\/3&#8243;][vc_column_text]<\/h3>\n<p>Su\u0146i sniedz daudz prieka m\u016bsu dz\u012bv\u0113: vi\u0146i ir m\u012blo\u0161i, loj\u0101li, interesanti un daudzi m\u012blu\u013cu saimnieki patie\u0161\u0101m vi\u0146us uztver par saviem \u0123imenes locek\u013ciem. Tad, kas var\u0113tu b\u016bt lab\u0101ks par suni? K\u0101 b\u016btu ar diviem su\u0146iem?<\/p>\n<p>Tom\u0113r j\u0101saka, ka nav ieteicams vienlaic\u012bgi pie\u0146emt \u0123imen\u0113 divus kuc\u0113nus, vislab\u0101k, ja vienlaic\u012bgi ir divi vec\u0101ki su\u0146i, vai viens vec\u0101ks un otrs kuc\u0113ns. Tas n\u0101ks par labu ne tikai jums, bet ar\u012b m\u012blu\u013ciem. Esam sagatavoju\u0161i 6 iemeslus, k\u0101p\u0113c b\u016btu v\u0113rts apsv\u0113rt v\u0113l viena astai\u0146a pievieno\u0161anu jau eso\u0161ajam m\u012blulim.<\/p>\n<h3><span style=\"color: #000000;\"><strong>1. Izklaide un vingrin\u0101\u0161\u0101n\u0101s<\/strong><\/span><\/h3>\n<p>Rota\u013cu laiks ir svar\u012bgs ikviena su\u0146a vesel\u012bbai, laimei, socializ\u0101cijai un visp\u0101r\u0113jai att\u012bst\u012bbai, tom\u0113r \u0161\u012bs nosaukt\u0101s lietas var aiz\u0146emt lielu da\u013cu no j\u016bsu laika. Aptuveni no 30 min\u016bt\u0113m l\u012bdz 2 stund\u0101m dien\u0101 b\u016bs japavada laiks ar suni akt\u012bvi darbojoties un \u0161is ieguld\u012btais laiks ir atkar\u012bgs no su\u0146a vecuma, lieluma, \u0161\u0137irnes un ener\u0123ijas l\u012bme\u0146a.<\/p>\n<p>Vienk\u0101r\u0161s veids k\u0101 nodro\u0161in\u0101t j\u016bsu m\u012blulim nepiecie\u0161am\u0101s aktivit\u0101tes &#8211; ieg\u0101d\u0101ties otru suni! Neskatoties uz otra m\u012blu\u013ca ien\u0101k\u0161anu \u0123imen\u0113, ar katru suni b\u016bs j\u0101pavada kop\u0101 ar\u012b individu\u0101ls laiks \u2013 tas ir \u013coti svar\u012bgi socializ\u0101cijai un att\u012bst\u012bbai.<\/p>\n<p>K\u0101 ar\u012b m\u012blu\u013ci sav\u0101 starp\u0101 viens otru vingrin\u0101s un izklaid\u0113s. Vi\u0146i sast\u0101d\u012bs viens otram komp\u0101niju, kam\u0113r b\u016bsiet darb\u0101 vai skol\u0101. Un m\u012blu\u013ci neb\u016bs garlaikoti, jo, k\u0101 zin\u0101ms, garlaikots suns var b\u016bt destrukt\u012bvs suns.<\/p>\n<h3><span style=\"color: #000000;\"><strong><img decoding=\"async\" class=\"aligncenter wp-image-15821\" src=\"https:\/\/www.whisker.lv\/wp-content\/uploads\/2019\/07\/dogs-2556820_1920-400x267.jpg\" alt=\"\" width=\"900\" height=\"600\" srcset=\"https:\/\/www.whisker.lv\/wp-content\/uploads\/2019\/07\/dogs-2556820_1920-400x267.jpg 400w, https:\/\/www.whisker.lv\/wp-content\/uploads\/2019\/07\/dogs-2556820_1920-768x512.jpg 768w, https:\/\/www.whisker.lv\/wp-content\/uploads\/2019\/07\/dogs-2556820_1920-1024x683.jpg 1024w, https:\/\/www.whisker.lv\/wp-content\/uploads\/2019\/07\/dogs-2556820_1920.jpg 1920w\" sizes=\"(max-width: 900px) 100vw, 900px\" \/><\/strong><\/span><\/h3>\n<h3><span style=\"color: #000000;\"><strong>2. Viegl\u0101k apmac\u0101ms kuc\u0113ns<\/strong><\/span><\/h3>\n<p>Saka, ka vecam sunim ir gr\u016bti iem\u0101c\u012bt jaunus trikus, tom\u0113r ir pavisam skaidrs, ka vecs suns var daudz ko iem\u0101c\u012bt jaunam sunim. Su\u0146i ir bara dz\u012bvnieki un gaida sava l\u012bdera nor\u0101d\u012bjumus. T\u0101d\u0113\u013c \u0123imenes vec\u0101kais m\u012blulis uz\u0146emsies l\u012bdera lomu un iepaz\u012bstin\u0101s kuc\u0113nu ar \u0123imen\u0113 valdo\u0161ajiem noteikumiem.<\/p>\n<p>Ja \u0123imen\u0113 b\u016bs vec\u0101ks suns un kuc\u0113ns, tad apm\u0101c\u012bba b\u016bs nedaudz vienk\u0101r\u0161\u0101ka. Kuc\u0113ns v\u0113ros savu vec\u0101ko sugas br\u0101li, lai sa\u0146emtu nor\u0101d\u012bjumus un model\u0113s savu uzved\u012bbu p\u0113c vi\u0146a. T\u0101 k\u0101 visi su\u0146i k\u0101rto savas dabisk\u0101s vajadz\u012bbas tur, kur to jau dar\u012bjis k\u0101ds cits no \u010detrk\u0101jainajiem draugiem, tad, visticam\u0101k, ar\u012b kuc\u0113ns cent\u012bsies kop\u0113t vec\u0101k\u0101 su\u0146a darb\u012bbas un k\u0101rtosies tur, kur tam pien\u0101kas.<\/p>\n<h3><span style=\"color: #000000;\"><strong><img decoding=\"async\" class=\"aligncenter wp-image-15820\" src=\"https:\/\/www.whisker.lv\/wp-content\/uploads\/2019\/07\/jametlene-reskp-642910-unsplash-400x267.jpg\" alt=\"\" width=\"900\" height=\"600\" srcset=\"https:\/\/www.whisker.lv\/wp-content\/uploads\/2019\/07\/jametlene-reskp-642910-unsplash-400x267.jpg 400w, https:\/\/www.whisker.lv\/wp-content\/uploads\/2019\/07\/jametlene-reskp-642910-unsplash-768x512.jpg 768w, https:\/\/www.whisker.lv\/wp-content\/uploads\/2019\/07\/jametlene-reskp-642910-unsplash-1024x683.jpg 1024w\" sizes=\"(max-width: 900px) 100vw, 900px\" \/><\/strong><\/span><\/h3>\n<h3><span style=\"color: #000000;\"><strong>3. Vieg\u0101k p\u0101rvar\u0113t no\u0161\u0137irt\u012bbas trauksmi<\/strong><\/span><\/h3>\n<p>Daudzi su\u0146i cie\u0161 no no\u0161\u0137irt\u012bbas trauksmes vai intens\u012bvas trauksmes saj\u016btas, kad vi\u0146i paliek vieni. Lai gan, da\u017ei su\u0146i vienk\u0101r\u0161i izaug no \u0161\u012bs trauksmes saj\u016btas, citos gad\u012bjumos nepiecie\u0161ama \u012bpa\u0161a uzman\u012bba un risin\u0101jumi, piem\u0113ram, specializ\u0113ta apm\u0101c\u012bba, emocion\u0101l\u0101 terapija vai pat medikamenti.<\/p>\n<p>Viens no veidiem k\u0101 samazin\u0101t su\u0146a no\u0161\u0137irt\u012bbas trauksmi ir ar otra m\u012blu\u013ca ien\u0101k\u0161anu \u0123imen\u0113. Kam\u0113r b\u016bsiet prom no m\u0101j\u0101m, su\u0146i sast\u0101d\u012bs viens otram komp\u0101niju, sniegs emocion\u0101lu atbalstu un uzman\u012bbu, kas tik \u013coti ir nepiecie\u0161ams, lai saglab\u0101tu mieru. Turkl\u0101t, vi\u0146iem b\u016bs jauns rota\u013cu biedrs!<\/p>\n<h3><span style=\"color: #000000;\"><strong><img decoding=\"async\" class=\"aligncenter wp-image-15823\" src=\"https:\/\/www.whisker.lv\/wp-content\/uploads\/2019\/07\/animals-bed-calm-57627-400x267.jpg\" alt=\"\" width=\"900\" height=\"600\" srcset=\"https:\/\/www.whisker.lv\/wp-content\/uploads\/2019\/07\/animals-bed-calm-57627-400x267.jpg 400w, https:\/\/www.whisker.lv\/wp-content\/uploads\/2019\/07\/animals-bed-calm-57627-768x512.jpg 768w, https:\/\/www.whisker.lv\/wp-content\/uploads\/2019\/07\/animals-bed-calm-57627-1024x683.jpg 1024w\" sizes=\"(max-width: 900px) 100vw, 900px\" \/><\/strong><\/span><\/h3>\n<h3><span style=\"color: #000000;\"><strong>4. Izgl\u0101bsiet k\u0101dam dz\u012bv\u012bbu<\/strong><\/span><\/h3>\n<p>Ja esiet nol\u0113mis suni adopt\u0113t, tad viens no lab\u0101kajiem iemesliem, k\u0101p\u0113c izlemt par labu diviem, nevis vienam sunim ir tas, ka izgl\u0101bsiet k\u0101dam dz\u012bv\u012bbu. Katru gadu patversm\u0113s nok\u013c\u016bst simtiem su\u0146u un da\u013ca no vi\u0146iem tiek eitan\u0101z\u0113ti. J\u016bs patie\u0161\u0101m variet gl\u0101bt su\u0146a dz\u012bv\u012bbu, dodot vi\u0146am dro\u0161u un laim\u012bgu m\u0101ju. Turkl\u0101t adopt\u0113jot no patversmes, j\u016bs atbr\u012bvojiet vietu k\u0101dam citam m\u012blulim.<\/p>\n<h3><span style=\"color: #000000;\"><strong><img decoding=\"async\" class=\"wp-image-15824 aligncenter\" src=\"https:\/\/www.whisker.lv\/wp-content\/uploads\/2019\/07\/animals-blur-canine-800406-400x267.jpg\" alt=\"\" width=\"900\" height=\"600\" srcset=\"https:\/\/www.whisker.lv\/wp-content\/uploads\/2019\/07\/animals-blur-canine-800406-400x267.jpg 400w, https:\/\/www.whisker.lv\/wp-content\/uploads\/2019\/07\/animals-blur-canine-800406-768x512.jpg 768w, https:\/\/www.whisker.lv\/wp-content\/uploads\/2019\/07\/animals-blur-canine-800406-1024x683.jpg 1024w\" sizes=\"(max-width: 900px) 100vw, 900px\" \/><\/strong><\/span><\/h3>\n<h3><span style=\"color: #000000;\"><strong>5. Izmaksas nav daudz liel\u0101kas<\/strong><\/span><\/h3>\n<p>J\u016bs variet ienest m\u0101j\u0101s daudz vair\u0101k m\u012b\u013cuma, nepalielinot uztur\u0113\u0161anas izmaksas. Neskaitot vakcin\u0101cijas un veterin\u0101r\u0101rstu apmekl\u0113jumus, divu su\u0146u izmaksas nav daudz liel\u0101kas.<\/p>\n<p>Su\u0146i var dal\u012bties ar piederumiem, tostarp, rota\u013cliet\u0101m, gult\u0101m, kop\u0161anas l\u012bdzek\u013ciem, \u016bdens b\u013cod\u0101m, liel\u0101kiem p\u0101rtikas iepakojumiem un gardumiem. Svar\u012bgi atz\u012bm\u0113t, ka da\u017eu kuc\u0113nu bar\u012bba ir at\u0161\u0137ir\u012bga no pieaugu\u0161u su\u0146u bar\u012bbas, t\u0101p\u0113c konsult\u0113jieties ar savu veterin\u0101r\u0101rstu vai kuc\u0113ns un pieaugu\u0161ais suns var dal\u012bt vienu un to pa\u0161u p\u0101rtiku.<\/p>\n<h3><span style=\"color: #000000;\"><strong><img decoding=\"async\" class=\"aligncenter wp-image-15819\" src=\"https:\/\/www.whisker.lv\/wp-content\/uploads\/2019\/07\/james-haworth-w6a9MogbV9I-unsplash-400x300.jpg\" alt=\"\" width=\"900\" height=\"674\" srcset=\"https:\/\/www.whisker.lv\/wp-content\/uploads\/2019\/07\/james-haworth-w6a9MogbV9I-unsplash-400x300.jpg 400w, https:\/\/www.whisker.lv\/wp-content\/uploads\/2019\/07\/james-haworth-w6a9MogbV9I-unsplash-768x575.jpg 768w, https:\/\/www.whisker.lv\/wp-content\/uploads\/2019\/07\/james-haworth-w6a9MogbV9I-unsplash-1024x767.jpg 1024w, https:\/\/www.whisker.lv\/wp-content\/uploads\/2019\/07\/james-haworth-w6a9MogbV9I-unsplash-560x420.jpg 560w\" sizes=\"(max-width: 900px) 100vw, 900px\" \/><\/strong><\/span><\/h3>\n<h3><span style=\"color: #000000;\"><strong>6. Divreiz vair\u0101k m\u012blest\u012bbas<\/strong><\/span><\/h3>\n<p>K\u0101p\u0113c daudzi cilv\u0113ki izv\u0113las ieg\u0101d\u0101ties otru suni? Jo pirmais suns devis tik daudz prieka un m\u012blest\u012bbas, ka vi\u0146i v\u0113las vair\u0101k. Nekas nevar b\u016bt lab\u0101ks par p\u0101rn\u0101k\u0161anu m\u0101j\u0101s, kur j\u016bs gaida m\u012blulis ar savu beznosac\u012bjuma m\u012blest\u012bbu. Un j\u016bs variet dubultot \u0161o m\u012blest\u012bbu, ieg\u0101d\u0101joties v\u0113l vienu suni.<\/p>\n<p>Var \u0161\u0137ist, ka divi su\u0146i prasa daudz uzman\u012bbas, tom\u0113r plusu ir vair\u0101k, nek\u0101 m\u012bnusu. S\u0101kot ar viegl\u0101ku apm\u0101c\u012bbu l\u012bdz lab\u0101kai gar\u012bgajai un emocion\u0101lajai vesel\u012bbai (ar\u012b jums). K\u0101 ar\u012b, su\u0146u adopt\u0113\u0161ana &#8211; m\u0101ju do\u0161ana k\u0101dam, kuram tas ir visvair\u0101k nepiecie\u0161ams.<\/p>\n<p>&nbsp;<\/p>\n<p>Par divk\u0101r\u0161u m\u012blest\u012bbu,<\/p>\n<p><span style=\"color: #000000;\"><strong>Tavs <em>Whisker<\/em><\/strong><\/span><\/p>\n<p><iframe style=\"border: none; overflow: hidden;\" src=\"https:\/\/www.facebook.com\/plugins\/like.php?href=https%3A%2F%2Fwww.whisker.lv%2Fblog%2Fdivi-suni-majas%2F&amp;width=450&amp;layout=standard&amp;action=like&amp;size=small&amp;show_faces=true&amp;share=false&amp;height=80&amp;appId=237477320393317\" width=\"450\" height=\"80\" frameborder=\"0\" scrolling=\"no\"><\/iframe><\/p>\n","protected":false},"excerpt":{"rendered":"<p>[vc_row css=&#8221;.vc_custom_1526911646432{padding-top: 65px !important;}&#8221;][vc_column][petsitter_heading_separator subtitle=&#8221;&#8221;]6 iemesli, k\u0101p\u0113c divi su\u0146i ir lab\u0101k par vienu [\/petsitter_heading_separator][\/vc_column][\/vc_row][vc_row][vc_column width=&#8221;2\/3&#8243;][vc_column_text] Su\u0146i sniedz daudz prieka m\u016bsu dz\u012bv\u0113: vi\u0146i ir m\u012blo\u0161i, loj\u0101li, interesanti un daudzi m\u012blu\u013cu saimnieki patie\u0161\u0101m vi\u0146us uztver par saviem \u0123imenes locek\u013ciem. Tad, kas var\u0113tu b\u016bt lab\u0101ks par suni? K\u0101 b\u016btu ar diviem su\u0146iem? Tom\u0113r j\u0101saka, ka nav ieteicams vienlaic\u012bgi [&hellip;]<\/p>\n","protected":false},"author":1,"featured_media":0,"parent":5331,"menu_order":0,"comment_status":"closed","ping_status":"closed","template":"page-fullwidth.php","meta":{"_acf_changed":false,"_glsr_average":0,"_glsr_ranking":0,"_glsr_reviews":0,"footnotes":""},"translation":{"provider":"WPGlobus","version":"2.12.2","language":"en","enabled_languages":["lv","en","ru"],"languages":{"lv":{"title":true,"content":true,"excerpt":false},"en":{"title":false,"content":false,"excerpt":false},"ru":{"title":false,"content":false,"excerpt":false}}},"acf":[],"yoast_head":"<!-- This site is optimized with the Yoast SEO plugin v22.5 - https:\/\/yoast.com\/wordpress\/plugins\/seo\/ -->\n<title>Divi su\u0146i m\u0101j\u0101s - Whisker.lv | Blogs par su\u0146iem un ka\u0137iem<\/title>\n<meta name=\"robots\" content=\"index, follow, max-snippet:-1, max-image-preview:large, max-video-preview:-1\" \/>\n<link rel=\"canonical\" href=\"https:\/\/www.whisker.lv\/blog\/divi-suni-majas\/\" \/>\n<meta property=\"og:locale\" content=\"en_US\" \/>\n<meta property=\"og:type\" content=\"article\" \/>\n<meta property=\"og:title\" content=\"6 iemesli, k\u0101p\u0113c divi su\u0146i ir lab\u0101k par vienu\" \/>\n<meta property=\"og:description\" content=\"Su\u0146i sniedz daudz prieka m\u016bsu dz\u012bv\u0113: vi\u0146i ir m\u012blo\u0161i, loj\u0101li, interesanti un daudzi m\u012blu\u013cu saimnieki patie\u0161\u0101m vi\u0146us uztver par saviem \u0123imenes locek\u013ciem.\" \/>\n<meta property=\"og:url\" content=\"https:\/\/www.whisker.lv\/blog\/divi-suni-majas\/\" \/>\n<meta property=\"og:site_name\" content=\"Whisker\" \/>\n<meta property=\"article:publisher\" content=\"https:\/\/www.facebook.com\/whisker.lv\/\" \/>\n<meta property=\"article:modified_time\" content=\"2019-07-14T13:32:23+00:00\" \/>\n<meta property=\"og:image\" content=\"https:\/\/www.whisker.lv\/wp-content\/uploads\/2019\/07\/animals-bed-calm-57627.jpg\" \/>\n\t<meta property=\"og:image:width\" content=\"1024\" \/>\n\t<meta property=\"og:image:height\" content=\"683\" \/>\n\t<meta property=\"og:image:type\" content=\"image\/jpeg\" \/>\n<meta name=\"twitter:card\" content=\"summary_large_image\" \/>\n<meta name=\"twitter:label1\" content=\"Est. reading time\" \/>\n\t<meta name=\"twitter:data1\" content=\"5 minutes\" \/>\n<script type=\"application\/ld+json\" class=\"yoast-schema-graph\">{\"@context\":\"https:\/\/schema.org\",\"@graph\":[{\"@type\":\"WebPage\",\"@id\":\"https:\/\/www.whisker.lv\/blog\/divi-suni-majas\/\",\"url\":\"https:\/\/www.whisker.lv\/blog\/divi-suni-majas\/\",\"name\":\"Divi su\u0146i m\u0101j\u0101s - Whisker.lv | Blogs par su\u0146iem un ka\u0137iem\",\"isPartOf\":{\"@id\":\"https:\/\/www.whisker.lv\/#website\"},\"primaryImageOfPage\":{\"@id\":\"https:\/\/www.whisker.lv\/blog\/divi-suni-majas\/#primaryimage\"},\"image\":{\"@id\":\"https:\/\/www.whisker.lv\/blog\/divi-suni-majas\/#primaryimage\"},\"thumbnailUrl\":\"https:\/\/www.whisker.lv\/wp-content\/uploads\/2019\/07\/dogs-2556820_1920-400x267.jpg\",\"datePublished\":\"2019-07-14T05:05:30+00:00\",\"dateModified\":\"2019-07-14T13:32:23+00:00\",\"description\":\"Su\u0146i sniedz daudz prieka m\u016bsu dz\u012bv\u0113, tad, kas var\u0113tu b\u016bt lab\u0101ks par suni? K\u0101 b\u016btu ar diviem su\u0146iem? Apl\u016bkosim, k\u0101p\u0113c divi su\u0146i m\u0101j\u0101s ir lab\u0101k par vienu.\",\"breadcrumb\":{\"@id\":\"https:\/\/www.whisker.lv\/blog\/divi-suni-majas\/#breadcrumb\"},\"inLanguage\":\"en-US\",\"potentialAction\":[{\"@type\":\"ReadAction\",\"target\":[\"https:\/\/www.whisker.lv\/blog\/divi-suni-majas\/\"]}]},{\"@type\":\"ImageObject\",\"inLanguage\":\"en-US\",\"@id\":\"https:\/\/www.whisker.lv\/blog\/divi-suni-majas\/#primaryimage\",\"url\":\"https:\/\/www.whisker.lv\/wp-content\/uploads\/2019\/07\/dogs-2556820_1920-400x267.jpg\",\"contentUrl\":\"https:\/\/www.whisker.lv\/wp-content\/uploads\/2019\/07\/dogs-2556820_1920-400x267.jpg\"},{\"@type\":\"BreadcrumbList\",\"@id\":\"https:\/\/www.whisker.lv\/blog\/divi-suni-majas\/#breadcrumb\",\"itemListElement\":[{\"@type\":\"ListItem\",\"position\":1,\"name\":\"S\u0101kums\",\"item\":\"https:\/\/www.whisker.lv\/\"},{\"@type\":\"ListItem\",\"position\":2,\"name\":\"Blog\",\"item\":\"https:\/\/www.whisker.lv\/blog\/\"},{\"@type\":\"ListItem\",\"position\":3,\"name\":\"Divi su\u0146i m\u0101j\u0101s\"}]},{\"@type\":\"WebSite\",\"@id\":\"https:\/\/www.whisker.lv\/#website\",\"url\":\"https:\/\/www.whisker.lv\/\",\"name\":\"Whisker\",\"description\":\"Tavs pal\u012bgs m\u0101jdzivnieku pieskat\u012b\u0161an\u0101\",\"potentialAction\":[{\"@type\":\"SearchAction\",\"target\":{\"@type\":\"EntryPoint\",\"urlTemplate\":\"https:\/\/www.whisker.lv\/?s={search_term_string}\"},\"query-input\":\"required name=search_term_string\"}],\"inLanguage\":\"en-US\"}]}<\/script>\n<!-- \/ Yoast SEO plugin. -->","yoast_head_json":{"title":"Divi su\u0146i m\u0101j\u0101s - Whisker.lv | Blogs par su\u0146iem un ka\u0137iem","robots":{"index":"index","follow":"follow","max-snippet":"max-snippet:-1","max-image-preview":"max-image-preview:large","max-video-preview":"max-video-preview:-1"},"canonical":"https:\/\/www.whisker.lv\/blog\/divi-suni-majas\/","og_locale":"en_US","og_type":"article","og_title":"6 iemesli, k\u0101p\u0113c divi su\u0146i ir lab\u0101k par vienu","og_description":"Su\u0146i sniedz daudz prieka m\u016bsu dz\u012bv\u0113: vi\u0146i ir m\u012blo\u0161i, loj\u0101li, interesanti un daudzi m\u012blu\u013cu saimnieki patie\u0161\u0101m vi\u0146us uztver par saviem \u0123imenes locek\u013ciem.","og_url":"https:\/\/www.whisker.lv\/blog\/divi-suni-majas\/","og_site_name":"Whisker","article_publisher":"https:\/\/www.facebook.com\/whisker.lv\/","article_modified_time":"2019-07-14T13:32:23+00:00","og_image":[{"width":1024,"height":683,"url":"https:\/\/www.whisker.lv\/wp-content\/uploads\/2019\/07\/animals-bed-calm-57627.jpg","type":"image\/jpeg"}],"twitter_card":"summary_large_image","twitter_misc":{"Est. reading time":"5 minutes"},"schema":{"@context":"https:\/\/schema.org","@graph":[{"@type":"WebPage","@id":"https:\/\/www.whisker.lv\/blog\/divi-suni-majas\/","url":"https:\/\/www.whisker.lv\/blog\/divi-suni-majas\/","name":"Divi su\u0146i m\u0101j\u0101s - Whisker.lv | Blogs par su\u0146iem un ka\u0137iem","isPartOf":{"@id":"https:\/\/www.whisker.lv\/#website"},"primaryImageOfPage":{"@id":"https:\/\/www.whisker.lv\/blog\/divi-suni-majas\/#primaryimage"},"image":{"@id":"https:\/\/www.whisker.lv\/blog\/divi-suni-majas\/#primaryimage"},"thumbnailUrl":"https:\/\/www.whisker.lv\/wp-content\/uploads\/2019\/07\/dogs-2556820_1920-400x267.jpg","datePublished":"2019-07-14T05:05:30+00:00","dateModified":"2019-07-14T13:32:23+00:00","description":"Su\u0146i sniedz daudz prieka m\u016bsu dz\u012bv\u0113, tad, kas var\u0113tu b\u016bt lab\u0101ks par suni? K\u0101 b\u016btu ar diviem su\u0146iem? Apl\u016bkosim, k\u0101p\u0113c divi su\u0146i m\u0101j\u0101s ir lab\u0101k par vienu.","breadcrumb":{"@id":"https:\/\/www.whisker.lv\/blog\/divi-suni-majas\/#breadcrumb"},"inLanguage":"en-US","potentialAction":[{"@type":"ReadAction","target":["https:\/\/www.whisker.lv\/blog\/divi-suni-majas\/"]}]},{"@type":"ImageObject","inLanguage":"en-US","@id":"https:\/\/www.whisker.lv\/blog\/divi-suni-majas\/#primaryimage","url":"https:\/\/www.whisker.lv\/wp-content\/uploads\/2019\/07\/dogs-2556820_1920-400x267.jpg","contentUrl":"https:\/\/www.whisker.lv\/wp-content\/uploads\/2019\/07\/dogs-2556820_1920-400x267.jpg"},{"@type":"BreadcrumbList","@id":"https:\/\/www.whisker.lv\/blog\/divi-suni-majas\/#breadcrumb","itemListElement":[{"@type":"ListItem","position":1,"name":"S\u0101kums","item":"https:\/\/www.whisker.lv\/"},{"@type":"ListItem","position":2,"name":"Blog","item":"https:\/\/www.whisker.lv\/blog\/"},{"@type":"ListItem","position":3,"name":"Divi su\u0146i m\u0101j\u0101s"}]},{"@type":"WebSite","@id":"https:\/\/www.whisker.lv\/#website","url":"https:\/\/www.whisker.lv\/","name":"Whisker","description":"Tavs pal\u012bgs m\u0101jdzivnieku pieskat\u012b\u0161an\u0101","potentialAction":[{"@type":"SearchAction","target":{"@type":"EntryPoint","urlTemplate":"https:\/\/www.whisker.lv\/?s={search_term_string}"},"query-input":"required name=search_term_string"}],"inLanguage":"en-US"}]}},"_links":{"self":[{"href":"https:\/\/www.whisker.lv\/en\/wp-json\/wp\/v2\/pages\/15816"}],"collection":[{"href":"https:\/\/www.whisker.lv\/en\/wp-json\/wp\/v2\/pages"}],"about":[{"href":"https:\/\/www.whisker.lv\/en\/wp-json\/wp\/v2\/types\/page"}],"author":[{"embeddable":true,"href":"https:\/\/www.whisker.lv\/en\/wp-json\/wp\/v2\/users\/1"}],"replies":[{"embeddable":true,"href":"https:\/\/www.whisker.lv\/en\/wp-json\/wp\/v2\/comments?post=15816"}],"version-history":[{"count":10,"href":"https:\/\/www.whisker.lv\/en\/wp-json\/wp\/v2\/pages\/15816\/revisions"}],"predecessor-version":[{"id":15836,"href":"https:\/\/www.whisker.lv\/en\/wp-json\/wp\/v2\/pages\/15816\/revisions\/15836"}],"up":[{"embeddable":true,"href":"https:\/\/www.whisker.lv\/en\/wp-json\/wp\/v2\/pages\/5331"}],"wp:attachment":[{"href":"https:\/\/www.whisker.lv\/en\/wp-json\/wp\/v2\/media?parent=15816"}],"curies":[{"name":"wp","href":"https:\/\/api.w.org\/{rel}","templated":true}]}}