



{"id":19949,"date":"2019-10-29T20:09:02","date_gmt":"2019-10-29T18:09:02","guid":{"rendered":"https:\/\/www.whisker.lv\/?page_id=19949"},"modified":"2021-10-10T02:27:42","modified_gmt":"2021-10-10T00:27:42","slug":"mazo-dzivnieku-pieskatisana","status":"publish","type":"page","link":"https:\/\/www.whisker.lv\/en\/mazo-dzivnieku-pieskatisana\/","title":{"rendered":"Mazo dz\u012bvnieku pieskat\u012b\u0161ana"},"content":{"rendered":"[vc_row][vc_column][vc_column_text]\n<h2 style=\"text-align: center;\"><span style=\"color: #333300;\"><strong>Small pet boarding and drop-in visits<\/strong><\/span><\/h2>\n[\/vc_column_text][\/vc_column][\/vc_row][vc_row equal_height=&#8221;yes&#8221;][vc_column width=&#8221;2\/3&#8243;][vc_single_image image=&#8221;19951&#8243; img_size=&#8221;large&#8221; alignment=&#8221;center&#8221; style=&#8221;vc_box_rounded&#8221;][\/vc_column][vc_column width=&#8221;1\/3&#8243;][vc_cta h2=&#8221;&#8221; style=&#8221;flat&#8221; add_button=&#8221;bottom&#8221; btn_title=&#8221;Contact us&#8221; btn_style=&#8221;modern&#8221; btn_color=&#8221;primary&#8221; btn_align=&#8221;center&#8221; btn_link=&#8221;url:https%3A%2F%2Fwww.whisker.lv%2Fen%2Fkontakti%2F||target:%20_blank|&#8221;]\n<p style=\"text-align: center;\"><span style=\"color: #000000;\">Our rate starts at <span class=\"orange-color\">5\u20ac per day. For a<\/span>dditional fees or to request the service please call or send us an e-mail. Small pet boarding and drop-in visits are available in Riga and other Latvian cities.<\/span><\/p>\n<p style=\"text-align: center;\"><strong><span style=\"font-size: 14pt; color: #000000;\">Call us: 24 882 422<\/span><\/strong><\/p>\n[\/vc_cta][\/vc_column][\/vc_row][vc_row][vc_column][vc_column_text]Small Pet Boarding is an great option for critters such as\u00a0<strong>guinea pigs, bunnies, hamsters, mice, ferrets, turtles, small birds, and small reptiles<\/strong>.<\/p>\n<p>We offer small pet boarding and drop-in visits.<\/p>\n<h3><span style=\"color: #000000;\"><strong>Our service includes, but is not limited to:<\/strong><\/span><\/h3>\n<ul>\n<li>Keeping your small pets safe in our home until you return;<\/li>\n<li>Human interaction and play time (certain conditions apply);<\/li>\n<li>Cleaning up cages and enclosures;<\/li>\n<li>Feeding, fresh water, veggies and treats as per instructions.<\/li>\n<\/ul>\n[\/vc_column_text][\/vc_column][\/vc_row][vc_row][vc_column][vc_column_text]<iframe style=\"border: none; overflow: hidden;\" src=\"https:\/\/www.facebook.com\/plugins\/like.php?href=https%3A%2F%2Fwww.whisker.lv%2Fmazo-dzivnieku-pieskatisana%2F&#038;width=450&#038;layout=standard&#038;action=like&#038;size=small&#038;show_faces=false&#038;share=true&#038;height=35&#038;appId=237477320393317\" width=\"450\" height=\"35\" frameborder=\"0\" scrolling=\"no\"><\/iframe>[\/vc_column_text][\/vc_column][\/vc_row]\n","protected":false},"excerpt":{"rendered":"<p>[vc_row][vc_column][vc_column_text] Small pet boarding and drop-in visits [\/vc_column_text][\/vc_column][\/vc_row][vc_row equal_height=&#8221;yes&#8221;][vc_column width=&#8221;2\/3&#8243;][vc_single_image image=&#8221;19951&#8243; img_size=&#8221;large&#8221; alignment=&#8221;center&#8221; style=&#8221;vc_box_rounded&#8221;][\/vc_column][vc_column width=&#8221;1\/3&#8243;][vc_cta h2=&#8221;&#8221; style=&#8221;flat&#8221; add_button=&#8221;bottom&#8221; btn_title=&#8221;Contact us&#8221; btn_style=&#8221;modern&#8221; btn_color=&#8221;primary&#8221; btn_align=&#8221;center&#8221; btn_link=&#8221;url:https%3A%2F%2Fwww.whisker.lv%2Fen%2Fkontakti%2F||target:%20_blank|&#8221;] Our rate starts at 5\u20ac per day. For additional fees or to request the service please call or send us an e-mail. Small pet boarding and drop-in visits are available in [&hellip;]<\/p>\n","protected":false},"author":1,"featured_media":19951,"parent":0,"menu_order":0,"comment_status":"closed","ping_status":"closed","template":"page-fullwidth.php","meta":{"_acf_changed":false,"_glsr_average":0,"_glsr_ranking":0,"_glsr_reviews":0,"footnotes":""},"translation":{"provider":"WPGlobus","version":"2.12.2","language":"en","enabled_languages":["lv","en","ru"],"languages":{"lv":{"title":true,"content":true,"excerpt":false},"en":{"title":false,"content":true,"excerpt":false},"ru":{"title":true,"content":true,"excerpt":false}}},"acf":[],"yoast_head":"<!-- This site is optimized with the Yoast SEO plugin v22.5 - https:\/\/yoast.com\/wordpress\/plugins\/seo\/ -->\n<title>Pet sitter Riga - cats, dogs and other small pets | Whisker.lv<\/title>\n<meta name=\"description\" content=\"Pet sitter Riga - Whisker.lv provides cat and dog sitting, boarding and drop-in visits. We also offer small pet boarding and drop-in visits.\" \/>\n<meta name=\"robots\" content=\"index, follow, max-snippet:-1, max-image-preview:large, max-video-preview:-1\" \/>\n<link rel=\"canonical\" href=\"https:\/\/www.whisker.lv\/mazo-dzivnieku-pieskatisana\/\" \/>\n<meta property=\"og:locale\" content=\"en_US\" \/>\n<meta property=\"og:type\" content=\"article\" \/>\n<meta property=\"og:title\" content=\"Mazo m\u0101jdz\u012bvnieku pieskat\u012b\u0161ana\" \/>\n<meta property=\"og:description\" content=\"Whisker pieskata t\u0101dus mazos m\u0101jdz\u012bvniekus k\u0101 j\u016brasc\u016bci\u0146as, k\u0101mjus, \u0161in\u0161ilas, peles, \u017eurkas, tru\u0161us, papagai\u013cus, m\u0101jas seskus, akv\u0101rija iem\u012btniekus, bru\u0146urupu\u010dus, rept\u012b\u013cus un citus mazos dz\u012bvniekus.\" \/>\n<meta property=\"og:url\" content=\"https:\/\/www.whisker.lv\/mazo-dzivnieku-pieskatisana\/\" \/>\n<meta property=\"og:site_name\" content=\"Whisker\" \/>\n<meta property=\"article:publisher\" content=\"https:\/\/www.facebook.com\/whisker.lv\/\" \/>\n<meta property=\"article:modified_time\" content=\"2021-10-10T00:27:42+00:00\" \/>\n<meta property=\"og:image\" content=\"https:\/\/www.whisker.lv\/wp-content\/uploads\/2019\/10\/karlijn-prot-5hMlxeWjVCo-unsplash.jpg\" \/>\n\t<meta property=\"og:image:width\" content=\"4928\" \/>\n\t<meta property=\"og:image:height\" content=\"3264\" \/>\n\t<meta property=\"og:image:type\" content=\"image\/jpeg\" \/>\n<meta name=\"twitter:card\" content=\"summary_large_image\" \/>\n<meta name=\"twitter:label1\" content=\"Est. reading time\" \/>\n\t<meta name=\"twitter:data1\" content=\"3 minutes\" \/>\n<script type=\"application\/ld+json\" class=\"yoast-schema-graph\">{\"@context\":\"https:\/\/schema.org\",\"@graph\":[{\"@type\":\"WebPage\",\"@id\":\"https:\/\/www.whisker.lv\/mazo-dzivnieku-pieskatisana\/\",\"url\":\"https:\/\/www.whisker.lv\/mazo-dzivnieku-pieskatisana\/\",\"name\":\"Mazo dz\u012bvnieku pieskat\u012b\u0161ana - \u0161in\u0161ilas, tru\u0161i, j\u016brasc\u016bci\u0146as u.c | Whisker.lv\",\"isPartOf\":{\"@id\":\"https:\/\/www.whisker.lv\/#website\"},\"primaryImageOfPage\":{\"@id\":\"https:\/\/www.whisker.lv\/mazo-dzivnieku-pieskatisana\/#primaryimage\"},\"image\":{\"@id\":\"https:\/\/www.whisker.lv\/mazo-dzivnieku-pieskatisana\/#primaryimage\"},\"thumbnailUrl\":\"https:\/\/www.whisker.lv\/wp-content\/uploads\/2019\/10\/karlijn-prot-5hMlxeWjVCo-unsplash.jpg\",\"datePublished\":\"2019-10-29T18:09:02+00:00\",\"dateModified\":\"2021-10-10T00:27:42+00:00\",\"description\":\"Pet sitter Riga - Whisker.lv provides cat and dog sitting, boarding and drop-in visits. We also offer small pet boarding and drop-in visits.\",\"breadcrumb\":{\"@id\":\"https:\/\/www.whisker.lv\/mazo-dzivnieku-pieskatisana\/#breadcrumb\"},\"inLanguage\":\"en-US\",\"potentialAction\":[{\"@type\":\"ReadAction\",\"target\":[\"https:\/\/www.whisker.lv\/mazo-dzivnieku-pieskatisana\/\"]}]},{\"@type\":\"ImageObject\",\"inLanguage\":\"en-US\",\"@id\":\"https:\/\/www.whisker.lv\/mazo-dzivnieku-pieskatisana\/#primaryimage\",\"url\":\"https:\/\/www.whisker.lv\/wp-content\/uploads\/2019\/10\/karlijn-prot-5hMlxeWjVCo-unsplash.jpg\",\"contentUrl\":\"https:\/\/www.whisker.lv\/wp-content\/uploads\/2019\/10\/karlijn-prot-5hMlxeWjVCo-unsplash.jpg\",\"width\":4928,\"height\":3264,\"caption\":\"Mazo dz\u012bvnieku pieskat\u012b\u0161ana - j\u016brasc\u016bci\u0146as, k\u0101mjus, \u0161in\u0161ilas, peles, \u017eurkas, tru\u0161us, papagai\u013cus, m\u0101jas seskus, akv\u0101rija iem\u012btniekus, bru\u0146urupu\u010dus, rept\u012b\u013cus un citus mazos dz\u012bvniekus.\"},{\"@type\":\"BreadcrumbList\",\"@id\":\"https:\/\/www.whisker.lv\/mazo-dzivnieku-pieskatisana\/#breadcrumb\",\"itemListElement\":[{\"@type\":\"ListItem\",\"position\":1,\"name\":\"S\u0101kums\",\"item\":\"https:\/\/www.whisker.lv\/\"},{\"@type\":\"ListItem\",\"position\":2,\"name\":\"Mazo dz\u012bvnieku pieskat\u012b\u0161ana\"}]},{\"@type\":\"WebSite\",\"@id\":\"https:\/\/www.whisker.lv\/#website\",\"url\":\"https:\/\/www.whisker.lv\/\",\"name\":\"Whisker\",\"description\":\"Tavs pal\u012bgs m\u0101jdzivnieku pieskat\u012b\u0161an\u0101\",\"potentialAction\":[{\"@type\":\"SearchAction\",\"target\":{\"@type\":\"EntryPoint\",\"urlTemplate\":\"https:\/\/www.whisker.lv\/?s={search_term_string}\"},\"query-input\":\"required name=search_term_string\"}],\"inLanguage\":\"en-US\"}]}<\/script>\n<!-- \/ Yoast SEO plugin. -->","yoast_head_json":{"title":"Pet sitter Riga - cats, dogs and other small pets | Whisker.lv","description":"Pet sitter Riga - Whisker.lv provides cat and dog sitting, boarding and drop-in visits. We also offer small pet boarding and drop-in visits.","robots":{"index":"index","follow":"follow","max-snippet":"max-snippet:-1","max-image-preview":"max-image-preview:large","max-video-preview":"max-video-preview:-1"},"canonical":"https:\/\/www.whisker.lv\/mazo-dzivnieku-pieskatisana\/","og_locale":"en_US","og_type":"article","og_title":"Mazo m\u0101jdz\u012bvnieku pieskat\u012b\u0161ana","og_description":"Whisker pieskata t\u0101dus mazos m\u0101jdz\u012bvniekus k\u0101 j\u016brasc\u016bci\u0146as, k\u0101mjus, \u0161in\u0161ilas, peles, \u017eurkas, tru\u0161us, papagai\u013cus, m\u0101jas seskus, akv\u0101rija iem\u012btniekus, bru\u0146urupu\u010dus, rept\u012b\u013cus un citus mazos dz\u012bvniekus.","og_url":"https:\/\/www.whisker.lv\/mazo-dzivnieku-pieskatisana\/","og_site_name":"Whisker","article_publisher":"https:\/\/www.facebook.com\/whisker.lv\/","article_modified_time":"2021-10-10T00:27:42+00:00","og_image":[{"width":4928,"height":3264,"url":"https:\/\/www.whisker.lv\/wp-content\/uploads\/2019\/10\/karlijn-prot-5hMlxeWjVCo-unsplash.jpg","type":"image\/jpeg"}],"twitter_card":"summary_large_image","twitter_misc":{"Est. reading time":"3 minutes"},"schema":{"@context":"https:\/\/schema.org","@graph":[{"@type":"WebPage","@id":"https:\/\/www.whisker.lv\/mazo-dzivnieku-pieskatisana\/","url":"https:\/\/www.whisker.lv\/mazo-dzivnieku-pieskatisana\/","name":"Mazo dz\u012bvnieku pieskat\u012b\u0161ana - \u0161in\u0161ilas, tru\u0161i, j\u016brasc\u016bci\u0146as u.c | Whisker.lv","isPartOf":{"@id":"https:\/\/www.whisker.lv\/#website"},"primaryImageOfPage":{"@id":"https:\/\/www.whisker.lv\/mazo-dzivnieku-pieskatisana\/#primaryimage"},"image":{"@id":"https:\/\/www.whisker.lv\/mazo-dzivnieku-pieskatisana\/#primaryimage"},"thumbnailUrl":"https:\/\/www.whisker.lv\/wp-content\/uploads\/2019\/10\/karlijn-prot-5hMlxeWjVCo-unsplash.jpg","datePublished":"2019-10-29T18:09:02+00:00","dateModified":"2021-10-10T00:27:42+00:00","description":"Pet sitter Riga - Whisker.lv provides cat and dog sitting, boarding and drop-in visits. We also offer small pet boarding and drop-in visits.","breadcrumb":{"@id":"https:\/\/www.whisker.lv\/mazo-dzivnieku-pieskatisana\/#breadcrumb"},"inLanguage":"en-US","potentialAction":[{"@type":"ReadAction","target":["https:\/\/www.whisker.lv\/mazo-dzivnieku-pieskatisana\/"]}]},{"@type":"ImageObject","inLanguage":"en-US","@id":"https:\/\/www.whisker.lv\/mazo-dzivnieku-pieskatisana\/#primaryimage","url":"https:\/\/www.whisker.lv\/wp-content\/uploads\/2019\/10\/karlijn-prot-5hMlxeWjVCo-unsplash.jpg","contentUrl":"https:\/\/www.whisker.lv\/wp-content\/uploads\/2019\/10\/karlijn-prot-5hMlxeWjVCo-unsplash.jpg","width":4928,"height":3264,"caption":"Mazo dz\u012bvnieku pieskat\u012b\u0161ana - j\u016brasc\u016bci\u0146as, k\u0101mjus, \u0161in\u0161ilas, peles, \u017eurkas, tru\u0161us, papagai\u013cus, m\u0101jas seskus, akv\u0101rija iem\u012btniekus, bru\u0146urupu\u010dus, rept\u012b\u013cus un citus mazos dz\u012bvniekus."},{"@type":"BreadcrumbList","@id":"https:\/\/www.whisker.lv\/mazo-dzivnieku-pieskatisana\/#breadcrumb","itemListElement":[{"@type":"ListItem","position":1,"name":"S\u0101kums","item":"https:\/\/www.whisker.lv\/"},{"@type":"ListItem","position":2,"name":"Mazo dz\u012bvnieku pieskat\u012b\u0161ana"}]},{"@type":"WebSite","@id":"https:\/\/www.whisker.lv\/#website","url":"https:\/\/www.whisker.lv\/","name":"Whisker","description":"Tavs pal\u012bgs m\u0101jdzivnieku pieskat\u012b\u0161an\u0101","potentialAction":[{"@type":"SearchAction","target":{"@type":"EntryPoint","urlTemplate":"https:\/\/www.whisker.lv\/?s={search_term_string}"},"query-input":"required name=search_term_string"}],"inLanguage":"en-US"}]}},"_links":{"self":[{"href":"https:\/\/www.whisker.lv\/en\/wp-json\/wp\/v2\/pages\/19949"}],"collection":[{"href":"https:\/\/www.whisker.lv\/en\/wp-json\/wp\/v2\/pages"}],"about":[{"href":"https:\/\/www.whisker.lv\/en\/wp-json\/wp\/v2\/types\/page"}],"author":[{"embeddable":true,"href":"https:\/\/www.whisker.lv\/en\/wp-json\/wp\/v2\/users\/1"}],"replies":[{"embeddable":true,"href":"https:\/\/www.whisker.lv\/en\/wp-json\/wp\/v2\/comments?post=19949"}],"version-history":[{"count":47,"href":"https:\/\/www.whisker.lv\/en\/wp-json\/wp\/v2\/pages\/19949\/revisions"}],"predecessor-version":[{"id":36388,"href":"https:\/\/www.whisker.lv\/en\/wp-json\/wp\/v2\/pages\/19949\/revisions\/36388"}],"wp:featuredmedia":[{"embeddable":true,"href":"https:\/\/www.whisker.lv\/en\/wp-json\/wp\/v2\/media\/19951"}],"wp:attachment":[{"href":"https:\/\/www.whisker.lv\/en\/wp-json\/wp\/v2\/media?parent=19949"}],"curies":[{"name":"wp","href":"https:\/\/api.w.org\/{rel}","templated":true}]}}