



{"id":2475,"date":"2018-05-21T16:26:42","date_gmt":"2018-05-21T13:56:42","guid":{"rendered":"https:\/\/www.whisker.lv\/demo\/?page_id=2475"},"modified":"2019-03-03T10:10:21","modified_gmt":"2019-03-03T08:10:21","slug":"sunu-apmacibas-skola","status":"publish","type":"page","link":"https:\/\/www.whisker.lv\/en\/sunu-apmacibas-skola\/","title":{"rendered":"Su\u0146u apm\u0101c\u012bbas skola"},"content":{"rendered":"[vc_row css=&#8221;.vc_custom_1526911646432{padding-top: 65px !important;}&#8221;][vc_column][petsitter_heading_separator subtitle=&#8221;Su\u0146u apm\u0101c\u012bbas skola&#8221;]Whisker iesaka[\/petsitter_heading_separator][\/vc_column][\/vc_row][vc_row][vc_column width=&#8221;2\/3&#8243;][vc_column_text]BEZMAKSAS IEPAZ\u012a\u0160ANAS NODARB\u012aBA:<\/p>\n<p><strong>Bezmaksas iepaz\u012b\u0161an\u0101s nodarb\u012bba<\/strong> SIA \u201cSu\u0146u apm\u0101c\u012bbas skolas \u201d dres\u016bras laukum\u0101 dos jums iesp\u0113ju uzzin\u0101t par su\u0146u apm\u0101c\u012bbas metod\u0113m un t\u0101s organiz\u0101cijas principiem, apm\u0101c\u012bbai nepiecie\u0161amu invent\u0101ru. Profesion\u0101ls kinologs notest\u0113s j\u016bsu kuc\u0113nu vai suni, past\u0101st\u012bs par \u0161\u0137irnes apm\u0101c\u012bbas \u012bpatn\u012bb\u0101m un par j\u016bsu su\u0146a apm\u0101c\u012bbas perspekt\u012bv\u0101m. Redz\u0113siet \u201cizgl\u012btota\u201d su\u0146a paklaus\u012bbas elementu paraugdemonstr\u0113jumu. K\u0101 ar\u012b var\u0113siet uzdod j\u016bs interes\u0113jo\u0161os jaut\u0101jumus par m\u016bsu skol\u0101 pied\u0101v\u0101tajiem pakalpojumiem.<\/p>\n<p>\u2013 Izbraukuma KONSULT\u0100CIJA \/ APM\u0100C\u012aBA;<\/p>\n<p>\u2013 Apm\u0101c\u012bba (uzved\u012bbas korekcija) pansij\u0101;<\/p>\n<p>\u2013 Apm\u0101c\u012bba laukum\u0101 (Krasta 103, R\u012bga);<\/p>\n[\/vc_column_text][\/vc_column][vc_column width=&#8221;1\/3&#8243;][vc_single_image image=&#8221;2660&#8243; img_size=&#8221;medium&#8221;][\/vc_column][\/vc_row][vc_row][vc_column][petsitter_heading_separator subtitle=&#8221;Jevge\u0146ijs Novikovs, SIA \u201cSu\u0146u apm\u0101c\u012bbas skola\u201d \u012bpa\u0161nieks&#8221;]Kinologs[\/petsitter_heading_separator][vc_column_text]\n<p style=\"text-align: center;\">Profesion\u0101lo kvalifik\u0101ciju guvis vair\u0101k par 15 gadiem str\u0101d\u0101jot Valsts policijas dienesta kinolo\u0123ijas amatos. Vair\u0101kus gadus Jevge\u0146ijs vad\u012bjis Valsts Policijas koled\u017eas Kinolo\u0123ijas noda\u013cu. Organiz\u0113ja un vad\u012bja m\u0101c\u012bbu pas\u0101kumus Valsts policijas kinologiem ar dienesta su\u0146iem. Piedal\u012bjies vair\u0101kos m\u0101c\u012bbu kursos un semin\u0101ros k\u0101 Latvij\u0101, t\u0101 ar\u012b Eiropas valst\u012bs. No 2009.gada sniedz konsult\u0101cijas par m\u0101jdz\u012bvnieku audzin\u0101\u0161anu un su\u0146u uzved\u012bbas probl\u0113m\u0101m, k\u0101 ar\u012b vada su\u0146u apm\u0101c\u012bbas nodarboj\u0101s priv\u0101tperson\u0101m.<\/p>\n<p style=\"text-align: center;\">Kontakti:<\/p>\n<p style=\"text-align: center;\">info@sunuskola.lv<br \/>\nt: +371 29\u00a0222 668<br \/>\n<a href=\"http:\/\/sunuskola.lv\/\">www.sunuskola.lv<\/a><\/p>\n[\/vc_column_text][\/vc_column][\/vc_row]\n","protected":false},"excerpt":{"rendered":"<p>[vc_row css=&#8221;.vc_custom_1526911646432{padding-top: 65px !important;}&#8221;][vc_column][petsitter_heading_separator subtitle=&#8221;Su\u0146u apm\u0101c\u012bbas skola&#8221;]Whisker iesaka[\/petsitter_heading_separator][\/vc_column][\/vc_row][vc_row][vc_column width=&#8221;2\/3&#8243;][vc_column_text]BEZMAKSAS IEPAZ\u012a\u0160ANAS NODARB\u012aBA: Bezmaksas iepaz\u012b\u0161an\u0101s nodarb\u012bba SIA \u201cSu\u0146u apm\u0101c\u012bbas skolas \u201d dres\u016bras laukum\u0101 dos jums iesp\u0113ju uzzin\u0101t par su\u0146u apm\u0101c\u012bbas metod\u0113m un t\u0101s organiz\u0101cijas principiem, apm\u0101c\u012bbai nepiecie\u0161amu invent\u0101ru. Profesion\u0101ls kinologs notest\u0113s j\u016bsu kuc\u0113nu vai suni, past\u0101st\u012bs par \u0161\u0137irnes apm\u0101c\u012bbas \u012bpatn\u012bb\u0101m un par j\u016bsu su\u0146a apm\u0101c\u012bbas perspekt\u012bv\u0101m. Redz\u0113siet [&hellip;]<\/p>\n","protected":false},"author":1,"featured_media":0,"parent":0,"menu_order":0,"comment_status":"closed","ping_status":"closed","template":"page-fullwidth.php","meta":{"_acf_changed":false,"_glsr_average":0,"_glsr_ranking":0,"_glsr_reviews":0,"footnotes":""},"translation":{"provider":"WPGlobus","version":"2.12.2","language":"en","enabled_languages":["lv","en","ru"],"languages":{"lv":{"title":true,"content":true,"excerpt":false},"en":{"title":false,"content":false,"excerpt":false},"ru":{"title":true,"content":true,"excerpt":false}}},"acf":[],"yoast_head":"<!-- This site is optimized with the Yoast SEO plugin v22.5 - https:\/\/yoast.com\/wordpress\/plugins\/seo\/ -->\n<title>- Whisker<\/title>\n<meta name=\"robots\" content=\"index, follow, max-snippet:-1, max-image-preview:large, max-video-preview:-1\" \/>\n<link rel=\"canonical\" href=\"https:\/\/www.whisker.lv\/ru\/sunu-apmacibas-skola\/\" \/>\n<meta property=\"og:locale\" content=\"en_US\" \/>\n<meta property=\"og:type\" content=\"article\" \/>\n<meta property=\"og:title\" content=\"- Whisker\" \/>\n<meta property=\"og:url\" content=\"https:\/\/www.whisker.lv\/ru\/sunu-apmacibas-skola\/\" \/>\n<meta property=\"og:site_name\" content=\"Whisker\" \/>\n<meta property=\"article:publisher\" content=\"https:\/\/www.facebook.com\/whisker.lv\/\" \/>\n<meta property=\"article:modified_time\" content=\"2019-03-03T08:10:21+00:00\" \/>\n<meta name=\"twitter:card\" content=\"summary_large_image\" \/>\n<meta name=\"twitter:label1\" content=\"Est. reading time\" \/>\n\t<meta name=\"twitter:data1\" content=\"2 minutes\" \/>\n<script type=\"application\/ld+json\" class=\"yoast-schema-graph\">{\"@context\":\"https:\/\/schema.org\",\"@graph\":[{\"@type\":\"WebPage\",\"@id\":\"https:\/\/www.whisker.lv\/ru\/sunu-apmacibas-skola\/\",\"url\":\"https:\/\/www.whisker.lv\/ru\/sunu-apmacibas-skola\/\",\"name\":\"- Whisker\",\"isPartOf\":{\"@id\":\"https:\/\/www.whisker.lv\/#website\"},\"datePublished\":\"2018-05-21T13:56:42+00:00\",\"dateModified\":\"2019-03-03T08:10:21+00:00\",\"description\":\"Whisker iesaka - Su\u0146u apm\u0101c\u012bbas skola. Kinologs Jevge\u0146ijs Novikovs. Izbraukuma konsult\u0101cija\/apm\u0101c\u012bba. Apm\u0101c\u012bba (uzved\u012bbas korekcija) pansij\u0101.\",\"breadcrumb\":{\"@id\":\"https:\/\/www.whisker.lv\/ru\/sunu-apmacibas-skola\/#breadcrumb\"},\"inLanguage\":\"en-US\",\"potentialAction\":[{\"@type\":\"ReadAction\",\"target\":[\"https:\/\/www.whisker.lv\/ru\/sunu-apmacibas-skola\/\"]}]},{\"@type\":\"BreadcrumbList\",\"@id\":\"https:\/\/www.whisker.lv\/ru\/sunu-apmacibas-skola\/#breadcrumb\",\"itemListElement\":[{\"@type\":\"ListItem\",\"position\":1,\"name\":\"S\u0101kums\",\"item\":\"https:\/\/www.whisker.lv\/\"},{\"@type\":\"ListItem\",\"position\":2,\"name\":\"\u041a\u0438\u043d\u043e\u043b\u043e\u0433\u0438\"}]},{\"@type\":\"WebSite\",\"@id\":\"https:\/\/www.whisker.lv\/#website\",\"url\":\"https:\/\/www.whisker.lv\/\",\"name\":\"Whisker\",\"description\":\"Tavs pal\u012bgs m\u0101jdzivnieku pieskat\u012b\u0161an\u0101\",\"potentialAction\":[{\"@type\":\"SearchAction\",\"target\":{\"@type\":\"EntryPoint\",\"urlTemplate\":\"https:\/\/www.whisker.lv\/?s={search_term_string}\"},\"query-input\":\"required name=search_term_string\"}],\"inLanguage\":\"en-US\"}]}<\/script>\n<!-- \/ Yoast SEO plugin. -->","yoast_head_json":{"title":"- Whisker","robots":{"index":"index","follow":"follow","max-snippet":"max-snippet:-1","max-image-preview":"max-image-preview:large","max-video-preview":"max-video-preview:-1"},"canonical":"https:\/\/www.whisker.lv\/ru\/sunu-apmacibas-skola\/","og_locale":"en_US","og_type":"article","og_title":"- Whisker","og_url":"https:\/\/www.whisker.lv\/ru\/sunu-apmacibas-skola\/","og_site_name":"Whisker","article_publisher":"https:\/\/www.facebook.com\/whisker.lv\/","article_modified_time":"2019-03-03T08:10:21+00:00","twitter_card":"summary_large_image","twitter_misc":{"Est. reading time":"2 minutes"},"schema":{"@context":"https:\/\/schema.org","@graph":[{"@type":"WebPage","@id":"https:\/\/www.whisker.lv\/ru\/sunu-apmacibas-skola\/","url":"https:\/\/www.whisker.lv\/ru\/sunu-apmacibas-skola\/","name":"- Whisker","isPartOf":{"@id":"https:\/\/www.whisker.lv\/#website"},"datePublished":"2018-05-21T13:56:42+00:00","dateModified":"2019-03-03T08:10:21+00:00","description":"Whisker iesaka - Su\u0146u apm\u0101c\u012bbas skola. Kinologs Jevge\u0146ijs Novikovs. Izbraukuma konsult\u0101cija\/apm\u0101c\u012bba. Apm\u0101c\u012bba (uzved\u012bbas korekcija) pansij\u0101.","breadcrumb":{"@id":"https:\/\/www.whisker.lv\/ru\/sunu-apmacibas-skola\/#breadcrumb"},"inLanguage":"en-US","potentialAction":[{"@type":"ReadAction","target":["https:\/\/www.whisker.lv\/ru\/sunu-apmacibas-skola\/"]}]},{"@type":"BreadcrumbList","@id":"https:\/\/www.whisker.lv\/ru\/sunu-apmacibas-skola\/#breadcrumb","itemListElement":[{"@type":"ListItem","position":1,"name":"S\u0101kums","item":"https:\/\/www.whisker.lv\/"},{"@type":"ListItem","position":2,"name":"\u041a\u0438\u043d\u043e\u043b\u043e\u0433\u0438"}]},{"@type":"WebSite","@id":"https:\/\/www.whisker.lv\/#website","url":"https:\/\/www.whisker.lv\/","name":"Whisker","description":"Tavs pal\u012bgs m\u0101jdzivnieku pieskat\u012b\u0161an\u0101","potentialAction":[{"@type":"SearchAction","target":{"@type":"EntryPoint","urlTemplate":"https:\/\/www.whisker.lv\/?s={search_term_string}"},"query-input":"required name=search_term_string"}],"inLanguage":"en-US"}]}},"_links":{"self":[{"href":"https:\/\/www.whisker.lv\/en\/wp-json\/wp\/v2\/pages\/2475"}],"collection":[{"href":"https:\/\/www.whisker.lv\/en\/wp-json\/wp\/v2\/pages"}],"about":[{"href":"https:\/\/www.whisker.lv\/en\/wp-json\/wp\/v2\/types\/page"}],"author":[{"embeddable":true,"href":"https:\/\/www.whisker.lv\/en\/wp-json\/wp\/v2\/users\/1"}],"replies":[{"embeddable":true,"href":"https:\/\/www.whisker.lv\/en\/wp-json\/wp\/v2\/comments?post=2475"}],"version-history":[{"count":21,"href":"https:\/\/www.whisker.lv\/en\/wp-json\/wp\/v2\/pages\/2475\/revisions"}],"predecessor-version":[{"id":8474,"href":"https:\/\/www.whisker.lv\/en\/wp-json\/wp\/v2\/pages\/2475\/revisions\/8474"}],"wp:attachment":[{"href":"https:\/\/www.whisker.lv\/en\/wp-json\/wp\/v2\/media?parent=2475"}],"curies":[{"name":"wp","href":"https:\/\/api.w.org\/{rel}","templated":true}]}}