



{"id":2483,"date":"2018-05-21T16:48:55","date_gmt":"2018-05-21T14:18:55","guid":{"rendered":"https:\/\/www.whisker.lv\/demo\/?page_id=2483"},"modified":"2018-06-15T16:54:51","modified_gmt":"2018-06-15T14:24:51","slug":"buj-2","status":"publish","type":"page","link":"https:\/\/www.whisker.lv\/en\/buj-2\/","title":{"rendered":"Questions And Answers"},"content":{"rendered":"[vc_row][vc_column][vc_toggle title=&#8221;Who is going to walk my dog?&#8221; css=&#8221;.vc_custom_1526912360948{padding-top: 65px !important;}&#8221;]Your dog will be walked by a treined Whisker caretaker, who is experienced in working with<br \/>\npets.[\/vc_toggle][vc_toggle title=&#8221;Is my dog going to be walked with other dogs at the same time?&#8221;]No, we do not walk more than one dog, unless they belong to the same owner.[\/vc_toggle][\/vc_column][\/vc_row][vc_row][vc_column][vc_toggle title=&#8221;If I have two or more dogs do I have to pay full price for each of them?&#8221;]You have to pay full price for the first dog. The price for every additional dog you would have to<br \/>\narrange with the caretaker.[\/vc_toggle][\/vc_column][\/vc_row][vc_row][vc_column][vc_toggle title=&#8221;Is my pet going to be with other pets during the sitting time?&#8221;]It all depends on yours and your pet\u2019s priorities. When searching for a caretaker you can look<br \/>\nin one\u2019s profile and see whether he\/she has any pets. If a caretaker owns a pet and yours would<br \/>\nnot mind, you can go ahead and choose the caretaker. However, if you would prefer to request<br \/>\na caretaker who does not have pets, then choose a caretaker who suits your expectations.[\/vc_toggle][\/vc_column][\/vc_row][vc_row][vc_column][vc_toggle title=&#8221;Can I choose who is going to take care of my pet?&#8221;]You can choose any of our caretakers.[\/vc_toggle][\/vc_column][\/vc_row][vc_row][vc_column][vc_toggle title=&#8221;Can I choose who is going to sit my pet?&#8221;]Yes, you can choose a caretaker, and a place where you would like your pet to be watched<br \/>\neither your own or caretaker\u2019s place.[\/vc_toggle][\/vc_column][\/vc_row][vc_row][vc_column][vc_toggle title=&#8221;Are off leash dog walks available?&#8221;]All of our dog walking sessions are on-leash.[\/vc_toggle][\/vc_column][\/vc_row][vc_row][vc_column][vc_toggle title=&#8221;How can I add a new dog to my existing profile?&#8221;]Get in contact with the customer services and we will add a new pet to your existing profile.[\/vc_toggle][\/vc_column][\/vc_row][vc_row][vc_column][vc_toggle title=&#8221;How can I cancel the reservation for sitting or dog walking?&#8221;]How can I cancel the reservation for sitting or dog walking?[\/vc_toggle][\/vc_column][\/vc_row]\n[vc_row][vc_column][vc_toggle title=&#8221;Is pet food included in the price of sitting? &#8220;]The food for your pet is not included in the price, therefore you have to provide the food and snacks. Be aware of the kind and amount of food that is needed for the length of the sitting.[\/vc_toggle][\/vc_column][\/vc_row]\n[vc_row][vc_column][vc_toggle title=&#8221;How do I leave a review about the Whisker caretaker? &#8220;]After every walk or sitting you can rate your caretaker with five stars or leave a comment.[\/vc_toggle][\/vc_column][\/vc_row]\n[vc_row][vc_column][vc_toggle title=&#8221;How can I cancel the reservation for sitting or dog walking?&#8221;]Get in touch with us and your Whisker caretaker. [\/vc_toggle][\/vc_column][\/vc_row]\n","protected":false},"excerpt":{"rendered":"<p>[vc_row][vc_column][vc_toggle title=&#8221;Who is going to walk my dog?&#8221; css=&#8221;.vc_custom_1526912360948{padding-top: 65px !important;}&#8221;]Your dog will be walked by a treined Whisker caretaker, who is experienced in working with pets.[\/vc_toggle][vc_toggle title=&#8221;Is my dog going to be walked with other dogs at the same time?&#8221;]No, we do not walk more than one dog, unless they belong to the same [&hellip;]<\/p>\n","protected":false},"author":1,"featured_media":0,"parent":0,"menu_order":0,"comment_status":"closed","ping_status":"closed","template":"page-fullwidth.php","meta":{"_acf_changed":false,"_glsr_average":0,"_glsr_ranking":0,"_glsr_reviews":0,"footnotes":""},"translation":{"provider":"WPGlobus","version":"2.12.2","language":"en","enabled_languages":["lv","en","ru"],"languages":{"lv":{"title":true,"content":true,"excerpt":false},"en":{"title":true,"content":true,"excerpt":false},"ru":{"title":true,"content":true,"excerpt":false}}},"acf":[],"yoast_head":"<!-- This site is optimized with the Yoast SEO plugin v22.5 - https:\/\/yoast.com\/wordpress\/plugins\/seo\/ -->\n<title>Questions And Answers - Whisker<\/title>\n<meta name=\"robots\" content=\"index, follow, max-snippet:-1, max-image-preview:large, max-video-preview:-1\" \/>\n<link rel=\"canonical\" href=\"https:\/\/www.whisker.lv\/buj-2\/\" \/>\n<meta property=\"og:locale\" content=\"en_US\" \/>\n<meta property=\"og:type\" content=\"article\" \/>\n<meta property=\"og:title\" content=\"Questions And Answers - Whisker\" \/>\n<meta property=\"og:url\" content=\"https:\/\/www.whisker.lv\/buj-2\/\" \/>\n<meta property=\"og:site_name\" content=\"Whisker\" \/>\n<meta property=\"article:publisher\" content=\"https:\/\/www.facebook.com\/whisker.lv\/\" \/>\n<meta property=\"article:modified_time\" content=\"2018-06-15T14:24:51+00:00\" \/>\n<meta name=\"twitter:card\" content=\"summary_large_image\" \/>\n<meta name=\"twitter:label1\" content=\"Est. reading time\" \/>\n\t<meta name=\"twitter:data1\" content=\"6 minutes\" \/>\n<script type=\"application\/ld+json\" class=\"yoast-schema-graph\">{\"@context\":\"https:\/\/schema.org\",\"@graph\":[{\"@type\":\"WebPage\",\"@id\":\"https:\/\/www.whisker.lv\/buj-2\/\",\"url\":\"https:\/\/www.whisker.lv\/buj-2\/\",\"name\":\"Questions And Answers - Whisker\",\"isPartOf\":{\"@id\":\"https:\/\/www.whisker.lv\/#website\"},\"datePublished\":\"2018-05-21T14:18:55+00:00\",\"dateModified\":\"2018-06-15T14:24:51+00:00\",\"breadcrumb\":{\"@id\":\"https:\/\/www.whisker.lv\/buj-2\/#breadcrumb\"},\"inLanguage\":\"en-US\",\"potentialAction\":[{\"@type\":\"ReadAction\",\"target\":[\"https:\/\/www.whisker.lv\/buj-2\/\"]}]},{\"@type\":\"BreadcrumbList\",\"@id\":\"https:\/\/www.whisker.lv\/buj-2\/#breadcrumb\",\"itemListElement\":[{\"@type\":\"ListItem\",\"position\":1,\"name\":\"S\u0101kums\",\"item\":\"https:\/\/www.whisker.lv\/\"},{\"@type\":\"ListItem\",\"position\":2,\"name\":\"BUJ\"}]},{\"@type\":\"WebSite\",\"@id\":\"https:\/\/www.whisker.lv\/#website\",\"url\":\"https:\/\/www.whisker.lv\/\",\"name\":\"Whisker\",\"description\":\"Tavs pal\u012bgs m\u0101jdzivnieku pieskat\u012b\u0161an\u0101\",\"potentialAction\":[{\"@type\":\"SearchAction\",\"target\":{\"@type\":\"EntryPoint\",\"urlTemplate\":\"https:\/\/www.whisker.lv\/?s={search_term_string}\"},\"query-input\":\"required name=search_term_string\"}],\"inLanguage\":\"en-US\"}]}<\/script>\n<!-- \/ Yoast SEO plugin. -->","yoast_head_json":{"title":"Questions And Answers - Whisker","robots":{"index":"index","follow":"follow","max-snippet":"max-snippet:-1","max-image-preview":"max-image-preview:large","max-video-preview":"max-video-preview:-1"},"canonical":"https:\/\/www.whisker.lv\/buj-2\/","og_locale":"en_US","og_type":"article","og_title":"Questions And Answers - Whisker","og_url":"https:\/\/www.whisker.lv\/buj-2\/","og_site_name":"Whisker","article_publisher":"https:\/\/www.facebook.com\/whisker.lv\/","article_modified_time":"2018-06-15T14:24:51+00:00","twitter_card":"summary_large_image","twitter_misc":{"Est. reading time":"6 minutes"},"schema":{"@context":"https:\/\/schema.org","@graph":[{"@type":"WebPage","@id":"https:\/\/www.whisker.lv\/buj-2\/","url":"https:\/\/www.whisker.lv\/buj-2\/","name":"Questions And Answers - Whisker","isPartOf":{"@id":"https:\/\/www.whisker.lv\/#website"},"datePublished":"2018-05-21T14:18:55+00:00","dateModified":"2018-06-15T14:24:51+00:00","breadcrumb":{"@id":"https:\/\/www.whisker.lv\/buj-2\/#breadcrumb"},"inLanguage":"en-US","potentialAction":[{"@type":"ReadAction","target":["https:\/\/www.whisker.lv\/buj-2\/"]}]},{"@type":"BreadcrumbList","@id":"https:\/\/www.whisker.lv\/buj-2\/#breadcrumb","itemListElement":[{"@type":"ListItem","position":1,"name":"S\u0101kums","item":"https:\/\/www.whisker.lv\/"},{"@type":"ListItem","position":2,"name":"BUJ"}]},{"@type":"WebSite","@id":"https:\/\/www.whisker.lv\/#website","url":"https:\/\/www.whisker.lv\/","name":"Whisker","description":"Tavs pal\u012bgs m\u0101jdzivnieku pieskat\u012b\u0161an\u0101","potentialAction":[{"@type":"SearchAction","target":{"@type":"EntryPoint","urlTemplate":"https:\/\/www.whisker.lv\/?s={search_term_string}"},"query-input":"required name=search_term_string"}],"inLanguage":"en-US"}]}},"_links":{"self":[{"href":"https:\/\/www.whisker.lv\/en\/wp-json\/wp\/v2\/pages\/2483"}],"collection":[{"href":"https:\/\/www.whisker.lv\/en\/wp-json\/wp\/v2\/pages"}],"about":[{"href":"https:\/\/www.whisker.lv\/en\/wp-json\/wp\/v2\/types\/page"}],"author":[{"embeddable":true,"href":"https:\/\/www.whisker.lv\/en\/wp-json\/wp\/v2\/users\/1"}],"replies":[{"embeddable":true,"href":"https:\/\/www.whisker.lv\/en\/wp-json\/wp\/v2\/comments?post=2483"}],"version-history":[{"count":18,"href":"https:\/\/www.whisker.lv\/en\/wp-json\/wp\/v2\/pages\/2483\/revisions"}],"predecessor-version":[{"id":3522,"href":"https:\/\/www.whisker.lv\/en\/wp-json\/wp\/v2\/pages\/2483\/revisions\/3522"}],"wp:attachment":[{"href":"https:\/\/www.whisker.lv\/en\/wp-json\/wp\/v2\/media?parent=2483"}],"curies":[{"name":"wp","href":"https:\/\/api.w.org\/{rel}","templated":true}]}}