



{"id":407,"date":"2014-10-02T01:02:29","date_gmt":"2014-10-02T01:02:29","guid":{"rendered":"http:\/\/petsitterwp.dan-fisher.com\/?page_id=407"},"modified":"2019-01-17T03:46:07","modified_gmt":"2019-01-17T01:16:07","slug":"klientu-serviss","status":"publish","type":"page","link":"https:\/\/www.whisker.lv\/en\/klientu-serviss\/","title":{"rendered":"Customer Service"},"content":{"rendered":"[vc_row][vc_column][vc_empty_space][\/vc_column][\/vc_row][vc_row][vc_column width=&#8221;1\/2&#8243;][vc_empty_space][vc_single_image image=&#8221;1894&#8243; img_size=&#8221;large&#8221; style=&#8221;vc_box_shadow_border&#8221;][\/vc_column][vc_column width=&#8221;1\/2&#8243;][vc_empty_space height=&#8221;64px&#8221;]\n<div class=\"wpcf7 no-js\" id=\"wpcf7-f2927-o1\" lang=\"en-US\" dir=\"ltr\">\n<div class=\"screen-reader-response\"><p role=\"status\" aria-live=\"polite\" aria-atomic=\"true\"><\/p> <ul><\/ul><\/div>\n<form action=\"\/en\/wp-json\/wp\/v2\/pages\/407#wpcf7-f2927-o1\" method=\"post\" class=\"wpcf7-form init\" aria-label=\"Contact form\" novalidate=\"novalidate\" data-status=\"init\">\n<div style=\"display: none;\">\n<input type=\"hidden\" name=\"_wpcf7\" value=\"2927\" \/>\n<input type=\"hidden\" name=\"_wpcf7_version\" value=\"5.9.3\" \/>\n<input type=\"hidden\" name=\"_wpcf7_locale\" value=\"en_US\" \/>\n<input type=\"hidden\" name=\"_wpcf7_unit_tag\" value=\"wpcf7-f2927-o1\" \/>\n<input type=\"hidden\" name=\"_wpcf7_container_post\" value=\"0\" \/>\n<input type=\"hidden\" name=\"_wpcf7_posted_data_hash\" value=\"\" \/>\n<\/div>\n<div class=\"row\">\n\t<div class=\"col-md-6\">\n\t\t<div class=\"form-group\">\n\t\t\t<p><label>Full name<span class=\"required\">*<\/span><\/label><br \/>\n<span class=\"wpcf7-form-control-wrap\" data-name=\"your-name\"><input size=\"40\" class=\"wpcf7-form-control wpcf7-text wpcf7-validates-as-required form-control\" aria-required=\"true\" aria-invalid=\"false\" value=\"\" type=\"text\" name=\"your-name\" \/><\/span>\n\t\t\t<\/p>\n\t\t<\/div>\n\t<\/div>\n\t<div class=\"col-md-6\">\n\t\t<div class=\"form-group\">\n\t\t\t<p><label>E-Mail <span class=\"required\">*<\/span><\/label><br \/>\n<span class=\"wpcf7-form-control-wrap\" data-name=\"your-email\"><input size=\"40\" class=\"wpcf7-form-control wpcf7-email wpcf7-validates-as-required wpcf7-text wpcf7-validates-as-email form-control\" aria-required=\"true\" aria-invalid=\"false\" value=\"\" type=\"email\" name=\"your-email\" \/><\/span>\n\t\t\t<\/p>\n\t\t<\/div>\n\t<\/div>\n\t<div class=\"col-md-6\">\n\t\t<div class=\"form-group\">\n\t\t\t<p><label>Subject<\/label><br \/>\n<span class=\"wpcf7-form-control-wrap\" data-name=\"your-subject\"><input size=\"40\" class=\"wpcf7-form-control wpcf7-text form-control\" aria-invalid=\"false\" value=\"\" type=\"text\" name=\"your-subject\" \/><\/span>\n\t\t\t<\/p>\n\t\t<\/div>\n\t<\/div>\n\t<div class=\"col-md-6\">\n\t\t<div class=\"form-group\">\n\t\t\t<p><label>Phone nr.<span class=\"required\">*<\/span><\/label><br \/>\n<span class=\"wpcf7-form-control-wrap\" data-name=\"your-phone\"><input size=\"40\" class=\"wpcf7-form-control wpcf7-text wpcf7-validates-as-required form-control\" aria-required=\"true\" aria-invalid=\"false\" value=\"\" type=\"text\" name=\"your-phone\" \/><\/span>\n\t\t\t<\/p>\n\t\t<\/div>\n\t<\/div>\n<\/div>\n<div class=\"row\">\n\t<div class=\"col-md-12\">\n\t\t<div class=\"form-group\">\n\t\t\t<p><label>Message <span class=\"required\">*<\/span><\/label><br \/>\n<span class=\"wpcf7-form-control-wrap\" data-name=\"your-message\"><textarea cols=\"30\" rows=\"10\" class=\"wpcf7-form-control wpcf7-textarea wpcf7-validates-as-required form-control\" aria-required=\"true\" aria-invalid=\"false\" name=\"your-message\"><\/textarea><\/span>\n\t\t\t<\/p>\n\t\t<\/div>\n\t<\/div>\n<\/div>\n<div class=\"col-md-12\">\n\t<div class=\"row\">\n\t\t<div class=\"form-group\">\n\t\t\t<p>[anr_nocaptcha g-recaptcha-response]\n\t\t\t<\/p>\n\t\t<\/div>\n\t<\/div>\n<\/div>\n<div class=\"row\">\n\t<div class=\"col-md-12\">\n\t\t<p><input class=\"wpcf7-form-control wpcf7-submit has-spinner btn btn-primary\" id=\"submit\" type=\"submit\" value=\"Send\" \/>\n\t\t<\/p>\n\t<\/div>\n<\/div>\n<p><span id=\"wpcf7-69e22adae7024-wrapper\" class=\"wpcf7-form-control-wrap adress-540-wrap\" style=\"display:none !important; visibility:hidden !important;\"><label for=\"wpcf7-69e22adae7024-field\" class=\"hp-message\">Please leave this field empty.<\/label><input id=\"wpcf7-69e22adae7024-field\"  class=\"wpcf7-form-control wpcf7-text\" type=\"text\" name=\"adress-540\" value=\"\" size=\"40\" tabindex=\"-1\" autocomplete=\"new-password\" \/><\/span>\n<\/p><div class=\"wpcf7-response-output\" aria-hidden=\"true\"><\/div>\n<\/form>\n<\/div>\n[\/vc_column][\/vc_row][vc_row][vc_column][vc_empty_space height=&#8221;64px&#8221;][vc_empty_space height=&#8221;64px&#8221;][\/vc_column][\/vc_row][vc_row][vc_column][petsitter_heading_separator subtitle=&#8221;&#8221;]Customer Service[\/petsitter_heading_separator][\/vc_column][\/vc_row][vc_row][vc_column width=&#8221;1\/3&#8243;][vc_row_inner][vc_column_inner][petsitter_icobox title=&#8221;Convenient&#8221; shape=&#8221;circled&#8221; icon_type=&#8221;entypo&#8221; icon_entypo=&#8221;entypo-icon entypo-icon-pencil&#8221; centered=&#8221;true&#8221; animated=&#8221;true&#8221; size=&#8221;lg&#8221;]If you have to find a caretaker for your pet then use our Whisker\u00a0website!<br \/><\/br><br \/><\/br><\/br><\/p>\n[\/petsitter_icobox][\/vc_column_inner][\/vc_row_inner][vc_row_inner][vc_column_inner][petsitter_icobox title=&#8221;Get In Touch&#8221; shape=&#8221;circled&#8221; icon_type=&#8221;entypo&#8221; icon_entypo=&#8221;entypo-icon entypo-icon-doc-text&#8221; centered=&#8221;true&#8221; animated=&#8221;true&#8221; size=&#8221;lg&#8221;]You can get in contact with the caretaker via our website. To<br \/>\ncontact Whisker customer service go to \u201cCustomer service\u201d or<br \/>\n\u201cGet In Touch\u201d.[\/petsitter_icobox][\/vc_column_inner][\/vc_row_inner][vc_empty_space height=&#8221;64px&#8221;][\/vc_column][vc_column width=&#8221;1\/3&#8243;][petsitter_icobox title=&#8221;Reliable&#8221; shape=&#8221;circled&#8221; icon_type=&#8221;entypo&#8221; icon_entypo=&#8221;entypo-icon entypo-icon-air&#8221; centered=&#8221;true&#8221; animated=&#8221;true&#8221; size=&#8221;lg&#8221;]Our caretakers are prepared for different situations because they<br \/>\nhave taken course taught by a certified cynologist.<\/p>\n<p><\/br><\/p>\n[\/petsitter_icobox][petsitter_icobox title=&#8221;Great Choice&#8221; shape=&#8221;circled&#8221; icon_type=&#8221;entypo&#8221; icon_entypo=&#8221;entypo-icon entypo-icon-heart&#8221; centered=&#8221;true&#8221; animated=&#8221;true&#8221; size=&#8221;lg&#8221;]Whisker is the only platform that connects pet owners with<br \/>\ntrained caretakers who will make sure your pet is in good<br \/>\nhands.[\/petsitter_icobox][\/vc_column][vc_column width=&#8221;1\/3&#8243;][petsitter_icobox title=&#8221;Travel Without Worry&#8221; shape=&#8221;circled&#8221; icon_type=&#8221;entypo&#8221; icon_entypo=&#8221;entypo-icon entypo-icon-suitcase&#8221; centered=&#8221;true&#8221; animated=&#8221;true&#8221; size=&#8221;lg&#8221;]The question, where to leave your pet when you are planning to<br \/>\ntravel is not a problem anymore. Whisker is the platform where<br \/>\nyou will be able to conveniently find the caretaker.[\/petsitter_icobox][petsitter_icobox title=&#8221;Easy To Use&#8221; shape=&#8221;circled&#8221; icon_type=&#8221;entypo&#8221; icon_entypo=&#8221;entypo-icon entypo-icon-lamp&#8221; centered=&#8221;true&#8221; animated=&#8221;true&#8221; size=&#8221;lg&#8221;]Whisker website can be easily accessed both on computer and<br \/>\nmobile device. Reserve our service without limitations![\/petsitter_icobox][\/vc_column][\/vc_row]\n","protected":false},"excerpt":{"rendered":"<p>[vc_row][vc_column][vc_empty_space][\/vc_column][\/vc_row][vc_row][vc_column width=&#8221;1\/2&#8243;][vc_empty_space][vc_single_image image=&#8221;1894&#8243; img_size=&#8221;large&#8221; style=&#8221;vc_box_shadow_border&#8221;][\/vc_column][vc_column width=&#8221;1\/2&#8243;][vc_empty_space height=&#8221;64px&#8221;][\/vc_column][\/vc_row][vc_row][vc_column][vc_empty_space height=&#8221;64px&#8221;][vc_empty_space height=&#8221;64px&#8221;][\/vc_column][\/vc_row][vc_row][vc_column][petsitter_heading_separator subtitle=&#8221;&#8221;]Customer Service[\/petsitter_heading_separator][\/vc_column][\/vc_row][vc_row][vc_column width=&#8221;1\/3&#8243;][vc_row_inner][vc_column_inner][petsitter_icobox title=&#8221;Convenient&#8221; shape=&#8221;circled&#8221; icon_type=&#8221;entypo&#8221; icon_entypo=&#8221;entypo-icon entypo-icon-pencil&#8221; centered=&#8221;true&#8221; animated=&#8221;true&#8221; size=&#8221;lg&#8221;]If you have to find a caretaker for your pet then use our Whisker\u00a0website! [\/petsitter_icobox][\/vc_column_inner][\/vc_row_inner][vc_row_inner][vc_column_inner][petsitter_icobox title=&#8221;Get In Touch&#8221; shape=&#8221;circled&#8221; icon_type=&#8221;entypo&#8221; icon_entypo=&#8221;entypo-icon entypo-icon-doc-text&#8221; centered=&#8221;true&#8221; animated=&#8221;true&#8221; size=&#8221;lg&#8221;]You can get in contact with the caretaker via our website. To [&hellip;]<\/p>\n","protected":false},"author":1,"featured_media":0,"parent":0,"menu_order":0,"comment_status":"open","ping_status":"open","template":"page-fullwidth.php","meta":{"_acf_changed":false,"_glsr_average":0,"_glsr_ranking":0,"_glsr_reviews":0,"footnotes":""},"translation":{"provider":"WPGlobus","version":"2.12.2","language":"en","enabled_languages":["lv","en","ru"],"languages":{"lv":{"title":true,"content":true,"excerpt":false},"en":{"title":true,"content":true,"excerpt":false},"ru":{"title":true,"content":true,"excerpt":false}}},"acf":[],"yoast_head":"<!-- This site is optimized with the Yoast SEO plugin v22.5 - https:\/\/yoast.com\/wordpress\/plugins\/seo\/ -->\n<title>Ka\u0137u pieskat\u012b\u0161ana. Su\u0146u piesat\u012b\u0161ana. Dz\u012bvnieku viesn\u012bca. Whisker<\/title>\n<meta name=\"robots\" content=\"index, follow, max-snippet:-1, max-image-preview:large, max-video-preview:-1\" \/>\n<link rel=\"canonical\" href=\"https:\/\/www.whisker.lv\/klientu-serviss\/\" \/>\n<meta property=\"og:locale\" content=\"en_US\" \/>\n<meta property=\"og:type\" content=\"article\" \/>\n<meta property=\"og:title\" content=\"Customer Service - Whisker\" \/>\n<meta property=\"og:url\" content=\"https:\/\/www.whisker.lv\/klientu-serviss\/\" \/>\n<meta property=\"og:site_name\" content=\"Whisker\" \/>\n<meta property=\"article:publisher\" content=\"https:\/\/www.facebook.com\/whisker.lv\/\" \/>\n<meta property=\"article:modified_time\" content=\"2019-01-17T01:16:07+00:00\" \/>\n<meta name=\"twitter:card\" content=\"summary_large_image\" \/>\n<meta name=\"twitter:label1\" content=\"Est. reading time\" \/>\n\t<meta name=\"twitter:data1\" content=\"6 minutes\" \/>\n<script type=\"application\/ld+json\" class=\"yoast-schema-graph\">{\"@context\":\"https:\/\/schema.org\",\"@graph\":[{\"@type\":\"WebPage\",\"@id\":\"https:\/\/www.whisker.lv\/klientu-serviss\/\",\"url\":\"https:\/\/www.whisker.lv\/klientu-serviss\/\",\"name\":\"Ka\u0137u pieskat\u012b\u0161ana. Su\u0146u piesat\u012b\u0161ana. Dz\u012bvnieku viesn\u012bca. Whisker\",\"isPartOf\":{\"@id\":\"https:\/\/www.whisker.lv\/#website\"},\"datePublished\":\"2014-10-02T01:02:29+00:00\",\"dateModified\":\"2019-01-17T01:16:07+00:00\",\"description\":\"M\u0113s nodro\u0161inam su\u0146u pastaigas, su\u0146u un ka\u0137u pieskat\u012b\u0161anu pie jums m\u0101j\u0101s vai ar\u012b pie m\u016bsu pal\u012bgiem. Vienm\u0113r b\u016bs k\u0101ds, kas par\u016bp\u0113sies par Tavu m\u012bluli.\",\"breadcrumb\":{\"@id\":\"https:\/\/www.whisker.lv\/klientu-serviss\/#breadcrumb\"},\"inLanguage\":\"en-US\",\"potentialAction\":[{\"@type\":\"ReadAction\",\"target\":[\"https:\/\/www.whisker.lv\/klientu-serviss\/\"]}]},{\"@type\":\"BreadcrumbList\",\"@id\":\"https:\/\/www.whisker.lv\/klientu-serviss\/#breadcrumb\",\"itemListElement\":[{\"@type\":\"ListItem\",\"position\":1,\"name\":\"S\u0101kums\",\"item\":\"https:\/\/www.whisker.lv\/\"},{\"@type\":\"ListItem\",\"position\":2,\"name\":\"Klientu serviss\"}]},{\"@type\":\"WebSite\",\"@id\":\"https:\/\/www.whisker.lv\/#website\",\"url\":\"https:\/\/www.whisker.lv\/\",\"name\":\"Whisker\",\"description\":\"Tavs pal\u012bgs m\u0101jdzivnieku pieskat\u012b\u0161an\u0101\",\"potentialAction\":[{\"@type\":\"SearchAction\",\"target\":{\"@type\":\"EntryPoint\",\"urlTemplate\":\"https:\/\/www.whisker.lv\/?s={search_term_string}\"},\"query-input\":\"required name=search_term_string\"}],\"inLanguage\":\"en-US\"}]}<\/script>\n<!-- \/ Yoast SEO plugin. -->","yoast_head_json":{"title":"Ka\u0137u pieskat\u012b\u0161ana. Su\u0146u piesat\u012b\u0161ana. Dz\u012bvnieku viesn\u012bca. Whisker","robots":{"index":"index","follow":"follow","max-snippet":"max-snippet:-1","max-image-preview":"max-image-preview:large","max-video-preview":"max-video-preview:-1"},"canonical":"https:\/\/www.whisker.lv\/klientu-serviss\/","og_locale":"en_US","og_type":"article","og_title":"Customer Service - Whisker","og_url":"https:\/\/www.whisker.lv\/klientu-serviss\/","og_site_name":"Whisker","article_publisher":"https:\/\/www.facebook.com\/whisker.lv\/","article_modified_time":"2019-01-17T01:16:07+00:00","twitter_card":"summary_large_image","twitter_misc":{"Est. reading time":"6 minutes"},"schema":{"@context":"https:\/\/schema.org","@graph":[{"@type":"WebPage","@id":"https:\/\/www.whisker.lv\/klientu-serviss\/","url":"https:\/\/www.whisker.lv\/klientu-serviss\/","name":"Ka\u0137u pieskat\u012b\u0161ana. Su\u0146u piesat\u012b\u0161ana. Dz\u012bvnieku viesn\u012bca. Whisker","isPartOf":{"@id":"https:\/\/www.whisker.lv\/#website"},"datePublished":"2014-10-02T01:02:29+00:00","dateModified":"2019-01-17T01:16:07+00:00","description":"M\u0113s nodro\u0161inam su\u0146u pastaigas, su\u0146u un ka\u0137u pieskat\u012b\u0161anu pie jums m\u0101j\u0101s vai ar\u012b pie m\u016bsu pal\u012bgiem. Vienm\u0113r b\u016bs k\u0101ds, kas par\u016bp\u0113sies par Tavu m\u012bluli.","breadcrumb":{"@id":"https:\/\/www.whisker.lv\/klientu-serviss\/#breadcrumb"},"inLanguage":"en-US","potentialAction":[{"@type":"ReadAction","target":["https:\/\/www.whisker.lv\/klientu-serviss\/"]}]},{"@type":"BreadcrumbList","@id":"https:\/\/www.whisker.lv\/klientu-serviss\/#breadcrumb","itemListElement":[{"@type":"ListItem","position":1,"name":"S\u0101kums","item":"https:\/\/www.whisker.lv\/"},{"@type":"ListItem","position":2,"name":"Klientu serviss"}]},{"@type":"WebSite","@id":"https:\/\/www.whisker.lv\/#website","url":"https:\/\/www.whisker.lv\/","name":"Whisker","description":"Tavs pal\u012bgs m\u0101jdzivnieku pieskat\u012b\u0161an\u0101","potentialAction":[{"@type":"SearchAction","target":{"@type":"EntryPoint","urlTemplate":"https:\/\/www.whisker.lv\/?s={search_term_string}"},"query-input":"required name=search_term_string"}],"inLanguage":"en-US"}]}},"_links":{"self":[{"href":"https:\/\/www.whisker.lv\/en\/wp-json\/wp\/v2\/pages\/407"}],"collection":[{"href":"https:\/\/www.whisker.lv\/en\/wp-json\/wp\/v2\/pages"}],"about":[{"href":"https:\/\/www.whisker.lv\/en\/wp-json\/wp\/v2\/types\/page"}],"author":[{"embeddable":true,"href":"https:\/\/www.whisker.lv\/en\/wp-json\/wp\/v2\/users\/1"}],"replies":[{"embeddable":true,"href":"https:\/\/www.whisker.lv\/en\/wp-json\/wp\/v2\/comments?post=407"}],"version-history":[{"count":67,"href":"https:\/\/www.whisker.lv\/en\/wp-json\/wp\/v2\/pages\/407\/revisions"}],"predecessor-version":[{"id":7384,"href":"https:\/\/www.whisker.lv\/en\/wp-json\/wp\/v2\/pages\/407\/revisions\/7384"}],"wp:attachment":[{"href":"https:\/\/www.whisker.lv\/en\/wp-json\/wp\/v2\/media?parent=407"}],"curies":[{"name":"wp","href":"https:\/\/api.w.org\/{rel}","templated":true}]}}