



{"id":7425,"date":"2019-01-21T22:21:20","date_gmt":"2019-01-21T19:51:20","guid":{"rendered":"https:\/\/www.whisker.lv\/?page_id=7425"},"modified":"2019-10-29T19:27:36","modified_gmt":"2019-10-29T17:27:36","slug":"dzivnieku-viesnica","status":"publish","type":"page","link":"https:\/\/www.whisker.lv\/en\/dzivnieku-viesnica\/","title":{"rendered":"Better than pet hotel"},"content":{"rendered":"[vc_row css=&#8221;.vc_custom_1526911646432{padding-top: 65px !important;}&#8221;][vc_column][petsitter_heading_separator subtitle=&#8221;&#8221;]Better than pet hotel[\/petsitter_heading_separator][\/vc_column][vc_column][vc_column_text]\n<h3 style=\"text-align: center;\"><span style=\"color: #000000;\"><strong>Whisker &#8211; dog hotel in home conditions.<\/strong><\/span><\/h3>\n<p>&nbsp;<\/p>\n<p class=\"_d41d8cd98f00b204e9800998ecf8427e \"><span class=\"_d41d8cd98f00b204e9800998ecf8427e \" style=\"color: #000000; font-family: 'Helvetica Neue'; font-size: medium;\">Very often people are in situations in which wondering where to leave one\u2019s pets while the owner is gone or who could take a dog for a walk, while everyone is busy? If relatives or friends cannot help in these situations then an alternatives are considered. Mostly there are animal hotels in which pets are put into restricted area in which case, they are limited in their freedom and contact with humans. Not for every owner and their pets this is acceptable, therefore, Whisker offers animal hotel in home conditions in which pets can stay either at caretaker\u2019s place or at their own place which would lead to less stress and habitual conditions.<span class=\"Apple-converted-space_35a79bcaad0f138bae2ed46f5bb6d3dd \">\u00a0<\/span><\/span><\/p>\n<p class=\"_d41d8cd98f00b204e9800998ecf8427e \"><span class=\"_d41d8cd98f00b204e9800998ecf8427e \" style=\"color: #000000; font-family: 'Helvetica Neue'; font-size: medium;\">Whisker caretakers offer dog walkings, short-term and long-term dog sitting at one\u2019s place or at caretaker\u2019s, as well as, dog sittings during the day and visits. Whisker will make sure your pet is healthy, loved and gets lots of attention. We will take care of special needs and administration of medicine, if necessary. This \u201cprivate\u201d pet hotel and dog walking service is offered in <strong>Riga and other Latvian cities.<\/strong><\/span><\/p>\n[\/vc_column_text][\/vc_column][vc_column][vc_row_inner][vc_column_inner width=&#8221;1\/2&#8243;][vc_column_text]\n<h4 style=\"text-align: center;\"><span style=\"color: #000000;\"><strong>Whisker dog &#8220;hotel&#8221;<\/strong><\/span><\/h4>\n<ul>\n<li class=\"_d41d8cd98f00b204e9800998ecf8427e \"><span class=\"_d41d8cd98f00b204e9800998ecf8427e \" style=\"color: #000000; font-family: 'Helvetica Neue'; font-size: medium;\">Free first visit and introduction to the caretaker;<\/span><\/li>\n<li class=\"_d41d8cd98f00b204e9800998ecf8427e \"><span class=\"_d41d8cd98f00b204e9800998ecf8427e \" style=\"color: #000000; font-family: 'Helvetica Neue'; font-size: medium;\">Lower prices compared to other dog hotels;<\/span><\/li>\n<li class=\"_d41d8cd98f00b204e9800998ecf8427e \"><span class=\"_d41d8cd98f00b204e9800998ecf8427e \" style=\"color: #000000; font-family: 'Helvetica Neue'; font-size: medium;\">Insurance for pets;<\/span><\/li>\n<li class=\"_d41d8cd98f00b204e9800998ecf8427e \"><span class=\"_d41d8cd98f00b204e9800998ecf8427e \" style=\"color: #000000; font-family: 'Helvetica Neue'; font-size: medium;\">Educated and animal loving caretakers;<\/span><\/li>\n<li class=\"_d41d8cd98f00b204e9800998ecf8427e \"><span class=\"_d41d8cd98f00b204e9800998ecf8427e \" style=\"color: #000000; font-family: 'Helvetica Neue'; font-size: medium;\">Home conditions at owner\u2019s or caretaker\u2019s place;<\/span><\/li>\n<li class=\"_d41d8cd98f00b204e9800998ecf8427e \"><span class=\"_d41d8cd98f00b204e9800998ecf8427e \" style=\"color: #000000; font-family: 'Helvetica Neue'; font-size: medium;\">Individual care;<\/span><\/li>\n<li class=\"_d41d8cd98f00b204e9800998ecf8427e \"><span class=\"_d41d8cd98f00b204e9800998ecf8427e \" style=\"color: #000000; font-family: 'Helvetica Neue'; font-size: medium;\">Daily routine performance;<span class=\"Apple-converted-space_35a79bcaad0f138bae2ed46f5bb6d3dd \">\u00a0<\/span><\/span><\/li>\n<li class=\"_d41d8cd98f00b204e9800998ecf8427e \"><span class=\"_d41d8cd98f00b204e9800998ecf8427e \" style=\"color: #000000; font-family: 'Helvetica Neue'; font-size: medium;\">Regular dog walks;<\/span><\/li>\n<li class=\"_d41d8cd98f00b204e9800998ecf8427e \"><span class=\"_d41d8cd98f00b204e9800998ecf8427e \" style=\"color: #454545; font-family: Helvetica Neue; font-size: medium;\">Photo updates on how your pet is doing;<\/span><\/li>\n<\/ul>\n[\/vc_column_text][\/vc_column_inner][vc_column_inner width=&#8221;1\/2&#8243;][vc_single_image image=&#8221;7429&#8243; img_size=&#8221;full&#8221; style=&#8221;vc_box_rounded&#8221;][\/vc_column_inner][\/vc_row_inner][\/vc_column][vc_column][vc_btn title=&#8221;Register&#8221; style=&#8221;modern&#8221; color=&#8221;primary&#8221; align=&#8221;center&#8221; link=&#8221;url:https%3A%2F%2Fwww.whisker.lv%2Fen%2Flietotaju-registracija%2F|||&#8221;][\/vc_column][\/vc_row][vc_row][vc_column][vc_column_text]\n<h4><\/h4>\n<h3 style=\"text-align: center;\"><span style=\"color: #000000;\"><strong>Cat hotel in home conditions.<\/strong><\/span><\/h3>\n<p class=\"_d41d8cd98f00b204e9800998ecf8427e \"><span class=\"_d41d8cd98f00b204e9800998ecf8427e \" style=\"color: #000000; font-family: 'Helvetica Neue'; font-size: medium;\">Even though cats are less sociable than dogs, they need attention and care as well. If you have planned to leave for a couple of days, probably, you may leave your cat at home with the conditions that cat has food and water. However, if you are leaving for more than couple of days, your cat needs special care.<span class=\"Apple-converted-space_35a79bcaad0f138bae2ed46f5bb6d3dd \">\u00a0<\/span><\/span><\/p>\n<p class=\"_d41d8cd98f00b204e9800998ecf8427e \"><span class=\"_d41d8cd98f00b204e9800998ecf8427e \" style=\"color: #000000; font-family: 'Helvetica Neue'; font-size: medium;\">With changes in environment and adaptations to new conditions, such as animal hotel can be very stressful. The best you can do is to give home conditions to your pet so there is no stress attached. Whisker offers to take care of your pet at caretaker\u2019s place or a caretaker can come to your place for vista and provide all necessities &#8211; food, water, clean litter, and activities such as playing and attention. We will take care of special needs and administration of medicine, if necessary. We provide service in <strong>Riga and other Latvian cities.<\/strong><\/span><\/p>\n[\/vc_column_text][\/vc_column][\/vc_row][vc_row][vc_column width=&#8221;1\/2&#8243;][vc_column_text]\n<h4 style=\"text-align: center;\"><span style=\"color: #000000;\"><strong>Whisker cat \u201chotel\u201d<span class=\"Apple-converted-space_35a79bcaad0f138bae2ed46f5bb6d3dd \">\u00a0<\/span><\/strong><\/span><\/h4>\n<ul>\n<li class=\"_d41d8cd98f00b204e9800998ecf8427e \"><span class=\"_d41d8cd98f00b204e9800998ecf8427e \" style=\"color: #000000; font-family: 'Helvetica Neue'; font-size: medium;\">Free first visit and introduction to the caretaker;<\/span><\/li>\n<li class=\"_d41d8cd98f00b204e9800998ecf8427e \"><span class=\"_d41d8cd98f00b204e9800998ecf8427e \" style=\"color: #000000; font-family: 'Helvetica Neue'; font-size: medium;\">Lower prices compared to other cat hotels;<\/span><\/li>\n<li class=\"_d41d8cd98f00b204e9800998ecf8427e \"><span class=\"_d41d8cd98f00b204e9800998ecf8427e \" style=\"color: #000000; font-family: 'Helvetica Neue'; font-size: medium;\">Insurance for pets;<\/span><\/li>\n<li class=\"_d41d8cd98f00b204e9800998ecf8427e \"><span class=\"_d41d8cd98f00b204e9800998ecf8427e \" style=\"color: #000000; font-family: 'Helvetica Neue'; font-size: medium;\">Educated and animal loving caretakers;<\/span><\/li>\n<li class=\"_d41d8cd98f00b204e9800998ecf8427e \"><span class=\"_d41d8cd98f00b204e9800998ecf8427e \" style=\"color: #000000; font-family: 'Helvetica Neue'; font-size: medium;\">Home conditions at owner\u2019s or caretaker\u2019s place;<\/span><\/li>\n<li class=\"_d41d8cd98f00b204e9800998ecf8427e \"><span class=\"_d41d8cd98f00b204e9800998ecf8427e \" style=\"color: #000000; font-family: 'Helvetica Neue'; font-size: medium;\">Daily routine performance;<span class=\"Apple-converted-space_35a79bcaad0f138bae2ed46f5bb6d3dd \">\u00a0<\/span><\/span><\/li>\n<li class=\"_d41d8cd98f00b204e9800998ecf8427e \"><span class=\"_d41d8cd98f00b204e9800998ecf8427e \" style=\"color: #000000; font-family: 'Helvetica Neue'; font-size: medium;\">Communication with the caretaker;<\/span><\/li>\n<li class=\"_d41d8cd98f00b204e9800998ecf8427e \"><span class=\"_d41d8cd98f00b204e9800998ecf8427e \" style=\"color: #000000; font-family: 'Helvetica Neue'; font-size: medium;\">Activities;<\/span><\/li>\n<li class=\"_d41d8cd98f00b204e9800998ecf8427e \"><span class=\"_d41d8cd98f00b204e9800998ecf8427e \" style=\"color: #000000; font-family: 'Helvetica Neue'; font-size: medium;\">Photo updates on how your pet is doing;<\/span><\/li>\n<\/ul>\n[\/vc_column_text][\/vc_column][vc_column width=&#8221;1\/2&#8243;][vc_single_image image=&#8221;7430&#8243; img_size=&#8221;full&#8221; style=&#8221;vc_box_rounded&#8221;][\/vc_column][\/vc_row][vc_row][vc_column][vc_btn title=&#8221;Register&#8221; style=&#8221;modern&#8221; color=&#8221;primary&#8221; align=&#8221;center&#8221; link=&#8221;url:https%3A%2F%2Fwww.whisker.lv%2Fen%2Flietotaju-registracija%2F|||&#8221;][\/vc_column][\/vc_row][vc_row][vc_column][vc_column_text]<span style=\"color: #000000;\"><strong>If you are gone for longer, than Whisker caretakers can not only pet sit and dog walk, but also, if needed, take out your mail, water plants, take out trash and look after your place.<\/strong><span class=\"Apple-converted-space_35a79bcaad0f138bae2ed46f5bb6d3dd \">\u00a0<\/span><\/span><\/p>\n<p><iframe style=\"border: none; overflow: hidden;\" src=\"https:\/\/www.facebook.com\/plugins\/like.php?href=https%3A%2F%2Fwww.whisker.lv%2Fen%2Fdzivnieku-viesnica%2F&#038;width=450&#038;layout=standard&#038;action=like&#038;size=small&#038;show_faces=false&#038;share=true&#038;height=35&#038;appId=237477320393317\" width=\"450\" height=\"35\" frameborder=\"0\" scrolling=\"no\"><\/iframe>[\/vc_column_text][\/vc_column][\/vc_row]\n","protected":false},"excerpt":{"rendered":"<p>[vc_row css=&#8221;.vc_custom_1526911646432{padding-top: 65px !important;}&#8221;][vc_column][petsitter_heading_separator subtitle=&#8221;&#8221;]Better than pet hotel[\/petsitter_heading_separator][\/vc_column][vc_column][vc_column_text] Whisker &#8211; dog hotel in home conditions. &nbsp; Very often people are in situations in which wondering where to leave one\u2019s pets while the owner is gone or who could take a dog for a walk, while everyone is busy? If relatives or friends cannot help in [&hellip;]<\/p>\n","protected":false},"author":1,"featured_media":0,"parent":0,"menu_order":0,"comment_status":"closed","ping_status":"closed","template":"page-fullwidth.php","meta":{"_acf_changed":false,"_glsr_average":0,"_glsr_ranking":0,"_glsr_reviews":0,"footnotes":""},"translation":{"provider":"WPGlobus","version":"2.12.2","language":"en","enabled_languages":["lv","en","ru"],"languages":{"lv":{"title":true,"content":true,"excerpt":false},"en":{"title":true,"content":true,"excerpt":false},"ru":{"title":true,"content":true,"excerpt":false}}},"acf":[],"yoast_head":"<!-- This site is optimized with the Yoast SEO plugin v22.5 - https:\/\/yoast.com\/wordpress\/plugins\/seo\/ -->\n<title>Better than pet hotel - Whisker.lv | Pet hotel, dog hotel, cat hotel<\/title>\n<meta name=\"robots\" content=\"index, follow, max-snippet:-1, max-image-preview:large, max-video-preview:-1\" \/>\n<link rel=\"canonical\" href=\"https:\/\/www.whisker.lv\/dzivnieku-viesnica\/\" \/>\n<meta property=\"og:locale\" content=\"en_US\" \/>\n<meta property=\"og:type\" content=\"article\" \/>\n<meta property=\"og:title\" content=\"Better than pet hotel - Whisker\" \/>\n<meta property=\"og:url\" content=\"https:\/\/www.whisker.lv\/dzivnieku-viesnica\/\" \/>\n<meta property=\"og:site_name\" content=\"Whisker\" \/>\n<meta property=\"article:publisher\" content=\"https:\/\/www.facebook.com\/whisker.lv\/\" \/>\n<meta property=\"article:modified_time\" content=\"2019-10-29T17:27:36+00:00\" \/>\n<meta name=\"twitter:card\" content=\"summary_large_image\" \/>\n<meta name=\"twitter:label1\" content=\"Est. reading time\" \/>\n\t<meta name=\"twitter:data1\" content=\"9 minutes\" \/>\n<script type=\"application\/ld+json\" class=\"yoast-schema-graph\">{\"@context\":\"https:\/\/schema.org\",\"@graph\":[{\"@type\":\"WebPage\",\"@id\":\"https:\/\/www.whisker.lv\/dzivnieku-viesnica\/\",\"url\":\"https:\/\/www.whisker.lv\/dzivnieku-viesnica\/\",\"name\":\"Better than pet hotel - Whisker.lv | Pet hotel, dog hotel, cat hotel\",\"isPartOf\":{\"@id\":\"https:\/\/www.whisker.lv\/#website\"},\"datePublished\":\"2019-01-21T19:51:20+00:00\",\"dateModified\":\"2019-10-29T17:27:36+00:00\",\"description\":\"Does your pet needs cosy and friendly environment while you are away? Our services are much better than pet hotel with safe and friendly conditions.\",\"breadcrumb\":{\"@id\":\"https:\/\/www.whisker.lv\/dzivnieku-viesnica\/#breadcrumb\"},\"inLanguage\":\"en-US\",\"potentialAction\":[{\"@type\":\"ReadAction\",\"target\":[\"https:\/\/www.whisker.lv\/dzivnieku-viesnica\/\"]}]},{\"@type\":\"BreadcrumbList\",\"@id\":\"https:\/\/www.whisker.lv\/dzivnieku-viesnica\/#breadcrumb\",\"itemListElement\":[{\"@type\":\"ListItem\",\"position\":1,\"name\":\"S\u0101kums\",\"item\":\"https:\/\/www.whisker.lv\/\"},{\"@type\":\"ListItem\",\"position\":2,\"name\":\"Dz\u012bvnieku viesn\u012bca\"}]},{\"@type\":\"WebSite\",\"@id\":\"https:\/\/www.whisker.lv\/#website\",\"url\":\"https:\/\/www.whisker.lv\/\",\"name\":\"Whisker\",\"description\":\"Tavs pal\u012bgs m\u0101jdzivnieku pieskat\u012b\u0161an\u0101\",\"potentialAction\":[{\"@type\":\"SearchAction\",\"target\":{\"@type\":\"EntryPoint\",\"urlTemplate\":\"https:\/\/www.whisker.lv\/?s={search_term_string}\"},\"query-input\":\"required name=search_term_string\"}],\"inLanguage\":\"en-US\"}]}<\/script>\n<!-- \/ Yoast SEO plugin. -->","yoast_head_json":{"title":"Better than pet hotel - Whisker.lv | Pet hotel, dog hotel, cat hotel","robots":{"index":"index","follow":"follow","max-snippet":"max-snippet:-1","max-image-preview":"max-image-preview:large","max-video-preview":"max-video-preview:-1"},"canonical":"https:\/\/www.whisker.lv\/dzivnieku-viesnica\/","og_locale":"en_US","og_type":"article","og_title":"Better than pet hotel - Whisker","og_url":"https:\/\/www.whisker.lv\/dzivnieku-viesnica\/","og_site_name":"Whisker","article_publisher":"https:\/\/www.facebook.com\/whisker.lv\/","article_modified_time":"2019-10-29T17:27:36+00:00","twitter_card":"summary_large_image","twitter_misc":{"Est. reading time":"9 minutes"},"schema":{"@context":"https:\/\/schema.org","@graph":[{"@type":"WebPage","@id":"https:\/\/www.whisker.lv\/dzivnieku-viesnica\/","url":"https:\/\/www.whisker.lv\/dzivnieku-viesnica\/","name":"Better than pet hotel - Whisker.lv | Pet hotel, dog hotel, cat hotel","isPartOf":{"@id":"https:\/\/www.whisker.lv\/#website"},"datePublished":"2019-01-21T19:51:20+00:00","dateModified":"2019-10-29T17:27:36+00:00","description":"Does your pet needs cosy and friendly environment while you are away? Our services are much better than pet hotel with safe and friendly conditions.","breadcrumb":{"@id":"https:\/\/www.whisker.lv\/dzivnieku-viesnica\/#breadcrumb"},"inLanguage":"en-US","potentialAction":[{"@type":"ReadAction","target":["https:\/\/www.whisker.lv\/dzivnieku-viesnica\/"]}]},{"@type":"BreadcrumbList","@id":"https:\/\/www.whisker.lv\/dzivnieku-viesnica\/#breadcrumb","itemListElement":[{"@type":"ListItem","position":1,"name":"S\u0101kums","item":"https:\/\/www.whisker.lv\/"},{"@type":"ListItem","position":2,"name":"Dz\u012bvnieku viesn\u012bca"}]},{"@type":"WebSite","@id":"https:\/\/www.whisker.lv\/#website","url":"https:\/\/www.whisker.lv\/","name":"Whisker","description":"Tavs pal\u012bgs m\u0101jdzivnieku pieskat\u012b\u0161an\u0101","potentialAction":[{"@type":"SearchAction","target":{"@type":"EntryPoint","urlTemplate":"https:\/\/www.whisker.lv\/?s={search_term_string}"},"query-input":"required name=search_term_string"}],"inLanguage":"en-US"}]}},"_links":{"self":[{"href":"https:\/\/www.whisker.lv\/en\/wp-json\/wp\/v2\/pages\/7425"}],"collection":[{"href":"https:\/\/www.whisker.lv\/en\/wp-json\/wp\/v2\/pages"}],"about":[{"href":"https:\/\/www.whisker.lv\/en\/wp-json\/wp\/v2\/types\/page"}],"author":[{"embeddable":true,"href":"https:\/\/www.whisker.lv\/en\/wp-json\/wp\/v2\/users\/1"}],"replies":[{"embeddable":true,"href":"https:\/\/www.whisker.lv\/en\/wp-json\/wp\/v2\/comments?post=7425"}],"version-history":[{"count":68,"href":"https:\/\/www.whisker.lv\/en\/wp-json\/wp\/v2\/pages\/7425\/revisions"}],"predecessor-version":[{"id":19947,"href":"https:\/\/www.whisker.lv\/en\/wp-json\/wp\/v2\/pages\/7425\/revisions\/19947"}],"wp:attachment":[{"href":"https:\/\/www.whisker.lv\/en\/wp-json\/wp\/v2\/media?parent=7425"}],"curies":[{"name":"wp","href":"https:\/\/api.w.org\/{rel}","templated":true}]}}