



{"id":7822,"date":"2019-02-22T04:34:32","date_gmt":"2019-02-22T02:04:32","guid":{"rendered":"https:\/\/www.whisker.lv\/?page_id=7822"},"modified":"2019-10-29T22:36:54","modified_gmt":"2019-10-29T20:36:54","slug":"pakalpojumi","status":"publish","type":"page","link":"https:\/\/www.whisker.lv\/en\/pakalpojumi\/","title":{"rendered":"Pakalpojumi"},"content":{"rendered":"[vc_row][vc_column width=&#8221;1\/2&#8243;][vc_single_image image=&#8221;7824&#8243; alignment=&#8221;center&#8221; style=&#8221;vc_box_circle_2&#8243; title=&#8221;Dog walking&#8221;][vc_column_text]\n<p style=\"text-align: center;\"><span style=\"color: #000000;\">Every dog needs daily walks. Whisker caretakers will take for a walk your dog and will provide all necessary activities. <\/span><\/p>\n[\/vc_column_text][vc_btn title=&#8221;Learn more&#8221; style=&#8221;modern&#8221; color=&#8221;primary&#8221; align=&#8221;center&#8221; link=&#8221;url:http%3A%2F%2Fwww.whisker.lv%2Fen%2Fservices%2Fdog-walking%2F|||&#8221;][\/vc_column][vc_column width=&#8221;1\/2&#8243;][vc_single_image image=&#8221;7831&#8243; alignment=&#8221;center&#8221; style=&#8221;vc_box_circle_2&#8243; title=&#8221;Pet sitting at caretakers place&#8221;][vc_column_text]\n<p style=\"text-align: center;\"><span style=\"color: #000000;\">Does your pet needs cosy and friendly environment while you are away? Choose pet sitting at caretaker\u2019s place. <\/span><\/p>\n[\/vc_column_text][vc_btn title=&#8221;Learn more&#8221; style=&#8221;modern&#8221; color=&#8221;primary&#8221; align=&#8221;center&#8221; link=&#8221;url:http%3A%2F%2Fwww.whisker.lv%2Fen%2Fpet-sitting-at-caretakers-place%2F|||&#8221;][\/vc_column][\/vc_row][vc_row][vc_column width=&#8221;1\/2&#8243;][vc_single_image image=&#8221;7832&#8243; alignment=&#8221;center&#8221; style=&#8221;vc_box_circle_2&#8243; title=&#8221;Pet sitting at client\u2019s place&#8221;][vc_column_text]\n<p style=\"text-align: center;\"><span style=\"color: #000000;\">Pet sitting at client\u2019s place offers conditions to which your pet is used to, while you are away.<\/span><\/p>\n[\/vc_column_text][vc_btn title=&#8221;Learn more&#8221; style=&#8221;modern&#8221; color=&#8221;primary&#8221; align=&#8221;center&#8221; link=&#8221;url:http%3A%2F%2Fwww.whisker.lv%2Fen%2Fpet-sitting-at-clients-place%2F|||&#8221;][\/vc_column][vc_column width=&#8221;1\/2&#8243;][vc_single_image image=&#8221;7417&#8243; alignment=&#8221;center&#8221; style=&#8221;vc_box_circle_2&#8243; title=&#8221;Home visits&#8221;][vc_column_text]\n<p style=\"text-align: center;\"><span style=\"color: #000000;\">While you are away, we will visit your cat and make sure to provide needed care, attention and love.<\/span><\/p>\n[\/vc_column_text][vc_btn title=&#8221;Learn more&#8221; style=&#8221;modern&#8221; color=&#8221;primary&#8221; align=&#8221;center&#8221; link=&#8221;url:http%3A%2F%2Fwww.whisker.lv%2Fen%2Fhome-visits%2F|||&#8221;][\/vc_column][\/vc_row][vc_row][vc_column width=&#8221;1\/2&#8243;][vc_single_image image=&#8221;2300&#8243; alignment=&#8221;center&#8221; style=&#8221;vc_box_circle_2&#8243; title=&#8221;Pet sitting during the day&#8221;][vc_column_text]\n<p style=\"text-align: center;\"><span style=\"color: #000000;\">We provide pet sitting during the day, to make sure your dog gets some company, goes for a walk and happily waits for you to come home. <\/span><\/p>\n[\/vc_column_text][vc_btn title=&#8221;Learn more&#8221; style=&#8221;modern&#8221; color=&#8221;primary&#8221; align=&#8221;center&#8221; link=&#8221;url:http%3A%2F%2Fwww.whisker.lv%2Fen%2Fday-care%2F|||&#8221;][\/vc_column][vc_column width=&#8221;1\/2&#8243;][vc_single_image image=&#8221;19951&#8243; alignment=&#8221;center&#8221; style=&#8221;vc_box_circle_2&#8243; title=&#8221;Small pet boarding and drop-in visits&#8221;][vc_column_text]\n<p style=\"text-align: center;\">Small Pet Boarding is an great option for critters such as\u00a0guinea pigs, bunnies, hamsters, mice, ferrets, turtles, small birds, and small reptiles.<\/p>\n[\/vc_column_text][vc_btn title=&#8221;Learn more&#8221; style=&#8221;modern&#8221; color=&#8221;primary&#8221; align=&#8221;center&#8221; link=&#8221;url:https%3A%2F%2Fwww.whisker.lv%2Fen%2Fmazo-dzivnieku-pieskatisana%2F||target:%20_blank|&#8221;][\/vc_column][\/vc_row]\n","protected":false},"excerpt":{"rendered":"<p>[vc_row][vc_column width=&#8221;1\/2&#8243;][vc_single_image image=&#8221;7824&#8243; alignment=&#8221;center&#8221; style=&#8221;vc_box_circle_2&#8243; title=&#8221;Dog walking&#8221;][vc_column_text] Every dog needs daily walks. Whisker caretakers will take for a walk your dog and will provide all necessary activities. [\/vc_column_text][vc_btn title=&#8221;Learn more&#8221; style=&#8221;modern&#8221; color=&#8221;primary&#8221; align=&#8221;center&#8221; link=&#8221;url:http%3A%2F%2Fwww.whisker.lv%2Fen%2Fservices%2Fdog-walking%2F|||&#8221;][\/vc_column][vc_column width=&#8221;1\/2&#8243;][vc_single_image image=&#8221;7831&#8243; alignment=&#8221;center&#8221; style=&#8221;vc_box_circle_2&#8243; title=&#8221;Pet sitting at caretakers place&#8221;][vc_column_text] Does your pet needs cosy and friendly environment while you are away? [&hellip;]<\/p>\n","protected":false},"author":1,"featured_media":0,"parent":0,"menu_order":0,"comment_status":"closed","ping_status":"closed","template":"page-fullwidth.php","meta":{"_acf_changed":false,"_glsr_average":0,"_glsr_ranking":0,"_glsr_reviews":0,"footnotes":""},"translation":{"provider":"WPGlobus","version":"2.12.2","language":"en","enabled_languages":["lv","en","ru"],"languages":{"lv":{"title":true,"content":true,"excerpt":false},"en":{"title":false,"content":true,"excerpt":false},"ru":{"title":false,"content":true,"excerpt":false}}},"acf":[],"yoast_head":"<!-- This site is optimized with the Yoast SEO plugin v22.5 - https:\/\/yoast.com\/wordpress\/plugins\/seo\/ -->\n<title>Dog hotel, pet sitting, dog walkingPakalpojumi - Whisker.lv the best choise for your pet<\/title>\n<meta name=\"description\" content=\"Looking for someone who will take care of your cat or dog? Find the best sitter in our platform and we will take the best care of your pet. Dog hotel.\" \/>\n<meta name=\"robots\" content=\"index, follow, max-snippet:-1, max-image-preview:large, max-video-preview:-1\" \/>\n<link rel=\"canonical\" href=\"https:\/\/www.whisker.lv\/pakalpojumi\/\" \/>\n<meta property=\"og:locale\" content=\"en_US\" \/>\n<meta property=\"og:type\" content=\"article\" \/>\n<meta property=\"og:title\" content=\"Whisker pakalpojumi\" \/>\n<meta property=\"og:description\" content=\"Nepiecie\u0161amas su\u0146u un ka\u0137u pieskat\u012b\u0161ana? Su\u0146u pastaigas? Ien\u0101c Whisker platform\u0101 un atrodi zino\u0161u pal\u012bgu, kur\u0161 par\u016bp\u0113sies par tavu m\u012bluli.\" \/>\n<meta property=\"og:url\" content=\"https:\/\/www.whisker.lv\/pakalpojumi\/\" \/>\n<meta property=\"og:site_name\" content=\"Whisker\" \/>\n<meta property=\"article:publisher\" content=\"https:\/\/www.facebook.com\/whisker.lv\/\" \/>\n<meta property=\"article:modified_time\" content=\"2019-10-29T20:36:54+00:00\" \/>\n<meta property=\"og:image\" content=\"https:\/\/www.whisker.lv\/wp-content\/uploads\/2019\/02\/IMG_0474.jpg\" \/>\n\t<meta property=\"og:image:width\" content=\"683\" \/>\n\t<meta property=\"og:image:height\" content=\"1024\" \/>\n\t<meta property=\"og:image:type\" content=\"image\/jpeg\" \/>\n<meta name=\"twitter:card\" content=\"summary_large_image\" \/>\n<meta name=\"twitter:label1\" content=\"Est. reading time\" \/>\n\t<meta name=\"twitter:data1\" content=\"7 minutes\" \/>\n<script type=\"application\/ld+json\" class=\"yoast-schema-graph\">{\"@context\":\"https:\/\/schema.org\",\"@graph\":[{\"@type\":\"WebPage\",\"@id\":\"https:\/\/www.whisker.lv\/pakalpojumi\/\",\"url\":\"https:\/\/www.whisker.lv\/pakalpojumi\/\",\"name\":\"Pakalpojumi - Whisker.lv Su\u0146u un ka\u0137u pieskat\u012b\u0161ana, su\u0146u pastaigas\",\"isPartOf\":{\"@id\":\"https:\/\/www.whisker.lv\/#website\"},\"datePublished\":\"2019-02-22T02:04:32+00:00\",\"dateModified\":\"2019-10-29T20:36:54+00:00\",\"description\":\"Looking for someone who will take care of your cat or dog? Find the best sitter in our platform and we will take the best care of your pet. Dog hotel.\",\"breadcrumb\":{\"@id\":\"https:\/\/www.whisker.lv\/pakalpojumi\/#breadcrumb\"},\"inLanguage\":\"en-US\",\"potentialAction\":[{\"@type\":\"ReadAction\",\"target\":[\"https:\/\/www.whisker.lv\/pakalpojumi\/\"]}]},{\"@type\":\"BreadcrumbList\",\"@id\":\"https:\/\/www.whisker.lv\/pakalpojumi\/#breadcrumb\",\"itemListElement\":[{\"@type\":\"ListItem\",\"position\":1,\"name\":\"S\u0101kums\",\"item\":\"https:\/\/www.whisker.lv\/\"},{\"@type\":\"ListItem\",\"position\":2,\"name\":\"Pakalpojumi\"}]},{\"@type\":\"WebSite\",\"@id\":\"https:\/\/www.whisker.lv\/#website\",\"url\":\"https:\/\/www.whisker.lv\/\",\"name\":\"Whisker\",\"description\":\"Tavs pal\u012bgs m\u0101jdzivnieku pieskat\u012b\u0161an\u0101\",\"potentialAction\":[{\"@type\":\"SearchAction\",\"target\":{\"@type\":\"EntryPoint\",\"urlTemplate\":\"https:\/\/www.whisker.lv\/?s={search_term_string}\"},\"query-input\":\"required name=search_term_string\"}],\"inLanguage\":\"en-US\"}]}<\/script>\n<!-- \/ Yoast SEO plugin. -->","yoast_head_json":{"title":"Dog hotel, pet sitting, dog walkingPakalpojumi - Whisker.lv the best choise for your pet","description":"Looking for someone who will take care of your cat or dog? Find the best sitter in our platform and we will take the best care of your pet. Dog hotel.","robots":{"index":"index","follow":"follow","max-snippet":"max-snippet:-1","max-image-preview":"max-image-preview:large","max-video-preview":"max-video-preview:-1"},"canonical":"https:\/\/www.whisker.lv\/pakalpojumi\/","og_locale":"en_US","og_type":"article","og_title":"Whisker pakalpojumi","og_description":"Nepiecie\u0161amas su\u0146u un ka\u0137u pieskat\u012b\u0161ana? Su\u0146u pastaigas? Ien\u0101c Whisker platform\u0101 un atrodi zino\u0161u pal\u012bgu, kur\u0161 par\u016bp\u0113sies par tavu m\u012bluli.","og_url":"https:\/\/www.whisker.lv\/pakalpojumi\/","og_site_name":"Whisker","article_publisher":"https:\/\/www.facebook.com\/whisker.lv\/","article_modified_time":"2019-10-29T20:36:54+00:00","og_image":[{"width":683,"height":1024,"url":"https:\/\/www.whisker.lv\/wp-content\/uploads\/2019\/02\/IMG_0474.jpg","type":"image\/jpeg"}],"twitter_card":"summary_large_image","twitter_misc":{"Est. reading time":"7 minutes"},"schema":{"@context":"https:\/\/schema.org","@graph":[{"@type":"WebPage","@id":"https:\/\/www.whisker.lv\/pakalpojumi\/","url":"https:\/\/www.whisker.lv\/pakalpojumi\/","name":"Pakalpojumi - Whisker.lv Su\u0146u un ka\u0137u pieskat\u012b\u0161ana, su\u0146u pastaigas","isPartOf":{"@id":"https:\/\/www.whisker.lv\/#website"},"datePublished":"2019-02-22T02:04:32+00:00","dateModified":"2019-10-29T20:36:54+00:00","description":"Looking for someone who will take care of your cat or dog? Find the best sitter in our platform and we will take the best care of your pet. Dog hotel.","breadcrumb":{"@id":"https:\/\/www.whisker.lv\/pakalpojumi\/#breadcrumb"},"inLanguage":"en-US","potentialAction":[{"@type":"ReadAction","target":["https:\/\/www.whisker.lv\/pakalpojumi\/"]}]},{"@type":"BreadcrumbList","@id":"https:\/\/www.whisker.lv\/pakalpojumi\/#breadcrumb","itemListElement":[{"@type":"ListItem","position":1,"name":"S\u0101kums","item":"https:\/\/www.whisker.lv\/"},{"@type":"ListItem","position":2,"name":"Pakalpojumi"}]},{"@type":"WebSite","@id":"https:\/\/www.whisker.lv\/#website","url":"https:\/\/www.whisker.lv\/","name":"Whisker","description":"Tavs pal\u012bgs m\u0101jdzivnieku pieskat\u012b\u0161an\u0101","potentialAction":[{"@type":"SearchAction","target":{"@type":"EntryPoint","urlTemplate":"https:\/\/www.whisker.lv\/?s={search_term_string}"},"query-input":"required name=search_term_string"}],"inLanguage":"en-US"}]}},"_links":{"self":[{"href":"https:\/\/www.whisker.lv\/en\/wp-json\/wp\/v2\/pages\/7822"}],"collection":[{"href":"https:\/\/www.whisker.lv\/en\/wp-json\/wp\/v2\/pages"}],"about":[{"href":"https:\/\/www.whisker.lv\/en\/wp-json\/wp\/v2\/types\/page"}],"author":[{"embeddable":true,"href":"https:\/\/www.whisker.lv\/en\/wp-json\/wp\/v2\/users\/1"}],"replies":[{"embeddable":true,"href":"https:\/\/www.whisker.lv\/en\/wp-json\/wp\/v2\/comments?post=7822"}],"version-history":[{"count":44,"href":"https:\/\/www.whisker.lv\/en\/wp-json\/wp\/v2\/pages\/7822\/revisions"}],"predecessor-version":[{"id":20007,"href":"https:\/\/www.whisker.lv\/en\/wp-json\/wp\/v2\/pages\/7822\/revisions\/20007"}],"wp:attachment":[{"href":"https:\/\/www.whisker.lv\/en\/wp-json\/wp\/v2\/media?parent=7822"}],"curies":[{"name":"wp","href":"https:\/\/api.w.org\/{rel}","templated":true}]}}