



{"id":7840,"date":"2019-02-22T06:41:54","date_gmt":"2019-02-22T04:11:54","guid":{"rendered":"https:\/\/www.whisker.lv\/?page_id=7840"},"modified":"2019-03-04T01:35:07","modified_gmt":"2019-03-03T23:35:07","slug":"sunu-pastaigas","status":"publish","type":"page","link":"https:\/\/www.whisker.lv\/en\/sunu-pastaigas\/","title":{"rendered":"Su\u0146u pastaigas"},"content":{"rendered":"<h2 style=\"text-align: center;\"><strong>Su\u0146u pastaigas<\/strong><\/h2>\n<p>&nbsp;<\/p>\n<p><span style=\"color: #000000;\">Esi aiz\u0146emts savos ikdienas darbos? Gr\u016bti iev\u0113rot su\u0146a ikdienas pastaigu rut\u012bnu? M\u0113s to izdar\u012bsim tav\u0101 viet\u0101. Neatkar\u012bgi vai ir r\u012bts, diena vai vakars, tas ir lielisks veids k\u0101 nodro\u0161in\u0101t m\u012blulim nepiecie\u0161am\u0101s aktivit\u0101tes un \u013caut nok\u0101rtot dabisk\u0101s vajadz\u012bbas. <\/span><\/p>\n<p><span style=\"color: #000000;\">Whisker zino\u0161ie un dz\u012bvniekus m\u012blo\u0161ie pal\u012bgi izstaidzin\u0101s tavu \u010detrk\u0101jaino draugu 30 vai 60 min\u016b\u0161u gar\u0101s pastaig\u0101s. Pirm\u0101 iepaz\u012b\u0161an\u0101s viz\u012bte ar Whisker pal\u012bgu ir bezmaksas. Visi m\u0101jdz\u012bvnieki uz pakalpojuma laiku ir apdro\u0161in\u0101ti.<\/span><\/p>\n<p>&nbsp;<\/p>\n<h4 style=\"text-align: left;\"><span style=\"color: #000000;\">\u00a0 \u00a0 <strong>\u00a0 Ieguvumi izmantojot Whisker pastaigas:<\/strong><\/span><\/h4>\n<ul>\n<li style=\"text-align: left;\"><span style=\"color: #000000;\">Zino\u0161i un dz\u012bvniekus m\u012blo\u0161i pal\u012bgi;<\/span><\/li>\n<li style=\"text-align: left;\"><span style=\"color: #000000;\">Individu\u0101la pieeja;<\/span><\/li>\n<li style=\"text-align: left;\"><span style=\"color: #000000;\">Aktivit\u0101tes;<\/span><\/li>\n<li style=\"text-align: left;\"><span style=\"color: #000000;\">Pastaigu rut\u012bnas iev\u0113ro\u0161ana;<\/span><\/li>\n<li style=\"text-align: left;\"><span style=\"color: #000000;\">\u0112diena un \u016bdens atjauno\u0161ana (ja tas nepiecie\u0161ams);<\/span><\/li>\n<li style=\"text-align: left;\"><span style=\"color: #000000;\">Sazi\u0146a ar saimniekiem;<\/span><\/li>\n<li style=\"text-align: left;\"><span style=\"color: #000000;\">M\u0101jok\u013ca dro\u0161\u012bbas saglab\u0101\u0161ana;<\/span><\/li>\n<\/ul>\n<h3 style=\"text-align: center;\"><a href=\"https:\/\/www.whisker.lv\/paligi-r\/\" target=\"_blank\" rel=\"noopener\">Visi Whisker pal\u012bgi<\/a><\/h3>\n<p>&nbsp;<\/p>\n<p><img decoding=\"async\" class=\"aligncenter wp-image-7824\" src=\"https:\/\/www.whisker.lv\/wp-content\/uploads\/2019\/02\/IMG_4584.jpg\" alt=\"Su\u0146u pastaigas\" width=\"1000\" height=\"667\" srcset=\"https:\/\/www.whisker.lv\/wp-content\/uploads\/2019\/02\/IMG_4584.jpg 3500w, https:\/\/www.whisker.lv\/wp-content\/uploads\/2019\/02\/IMG_4584-768x512.jpg 768w, https:\/\/www.whisker.lv\/wp-content\/uploads\/2019\/02\/IMG_4584-1024x683.jpg 1024w, https:\/\/www.whisker.lv\/wp-content\/uploads\/2019\/02\/IMG_4584-300x200.jpg 300w\" sizes=\"(max-width: 1000px) 100vw, 1000px\" \/><\/p>\n","protected":false},"excerpt":{"rendered":"<p>Su\u0146u pastaigas &nbsp; Esi aiz\u0146emts savos ikdienas darbos? Gr\u016bti iev\u0113rot su\u0146a ikdienas pastaigu rut\u012bnu? M\u0113s to izdar\u012bsim tav\u0101 viet\u0101. Neatkar\u012bgi vai ir r\u012bts, diena vai vakars, tas ir lielisks veids k\u0101 nodro\u0161in\u0101t m\u012blulim nepiecie\u0161am\u0101s aktivit\u0101tes un \u013caut nok\u0101rtot dabisk\u0101s vajadz\u012bbas. Whisker zino\u0161ie un dz\u012bvniekus m\u012blo\u0161ie pal\u012bgi izstaidzin\u0101s tavu \u010detrk\u0101jaino draugu 30 vai 60 min\u016b\u0161u gar\u0101s [&hellip;]<\/p>\n","protected":false},"author":1,"featured_media":0,"parent":0,"menu_order":0,"comment_status":"closed","ping_status":"closed","template":"page-fullwidth.php","meta":{"_acf_changed":false,"_glsr_average":0,"_glsr_ranking":0,"_glsr_reviews":0,"footnotes":""},"translation":{"provider":"WPGlobus","version":"2.12.2","language":"en","enabled_languages":["lv","en","ru"],"languages":{"lv":{"title":true,"content":true,"excerpt":false},"en":{"title":false,"content":false,"excerpt":false},"ru":{"title":false,"content":false,"excerpt":false}}},"acf":[],"yoast_head":"<!-- This site is optimized with the Yoast SEO plugin v22.5 - https:\/\/yoast.com\/wordpress\/plugins\/seo\/ -->\n<title>Su\u0146u pastaigas - Whisker .lv Su\u0146u pastaigu serviss<\/title>\n<meta name=\"robots\" content=\"index, follow, max-snippet:-1, max-image-preview:large, max-video-preview:-1\" \/>\n<link rel=\"canonical\" href=\"https:\/\/www.whisker.lv\/sunu-pastaigas\/\" \/>\n<meta property=\"og:locale\" content=\"en_US\" \/>\n<meta property=\"og:type\" content=\"article\" \/>\n<meta property=\"og:title\" content=\"Su\u0146u pastaigas - Whisker\" \/>\n<meta property=\"og:url\" content=\"https:\/\/www.whisker.lv\/sunu-pastaigas\/\" \/>\n<meta property=\"og:site_name\" content=\"Whisker\" \/>\n<meta property=\"article:publisher\" content=\"https:\/\/www.facebook.com\/whisker.lv\/\" \/>\n<meta property=\"article:modified_time\" content=\"2019-03-03T23:35:07+00:00\" \/>\n<meta property=\"og:image\" content=\"https:\/\/www.whisker.lv\/wp-content\/uploads\/2019\/02\/IMG_4584.jpg\" \/>\n<meta name=\"twitter:card\" content=\"summary_large_image\" \/>\n<meta name=\"twitter:label1\" content=\"Est. reading time\" \/>\n\t<meta name=\"twitter:data1\" content=\"1 minute\" \/>\n<script type=\"application\/ld+json\" class=\"yoast-schema-graph\">{\"@context\":\"https:\/\/schema.org\",\"@graph\":[{\"@type\":\"WebPage\",\"@id\":\"https:\/\/www.whisker.lv\/sunu-pastaigas\/\",\"url\":\"https:\/\/www.whisker.lv\/sunu-pastaigas\/\",\"name\":\"Su\u0146u pastaigas - Whisker .lv Su\u0146u pastaigu serviss\",\"isPartOf\":{\"@id\":\"https:\/\/www.whisker.lv\/#website\"},\"primaryImageOfPage\":{\"@id\":\"https:\/\/www.whisker.lv\/sunu-pastaigas\/#primaryimage\"},\"image\":{\"@id\":\"https:\/\/www.whisker.lv\/sunu-pastaigas\/#primaryimage\"},\"thumbnailUrl\":\"https:\/\/www.whisker.lv\/wp-content\/uploads\/2019\/02\/IMG_4584.jpg\",\"datePublished\":\"2019-02-22T04:11:54+00:00\",\"dateModified\":\"2019-03-03T23:35:07+00:00\",\"description\":\"Su\u0146u pastaigas. Katram sunim ir nepiecie\u0161amas ikdienas pastaigas. Whisker pal\u012bgi izved\u012bs pastaig\u0101 tavu suni un nodro\u0161in\u0101s nepiecie\u0161am\u0101s aktivit\u0101tes.\",\"breadcrumb\":{\"@id\":\"https:\/\/www.whisker.lv\/sunu-pastaigas\/#breadcrumb\"},\"inLanguage\":\"en-US\",\"potentialAction\":[{\"@type\":\"ReadAction\",\"target\":[\"https:\/\/www.whisker.lv\/sunu-pastaigas\/\"]}]},{\"@type\":\"ImageObject\",\"inLanguage\":\"en-US\",\"@id\":\"https:\/\/www.whisker.lv\/sunu-pastaigas\/#primaryimage\",\"url\":\"https:\/\/www.whisker.lv\/wp-content\/uploads\/2019\/02\/IMG_4584.jpg\",\"contentUrl\":\"https:\/\/www.whisker.lv\/wp-content\/uploads\/2019\/02\/IMG_4584.jpg\"},{\"@type\":\"BreadcrumbList\",\"@id\":\"https:\/\/www.whisker.lv\/sunu-pastaigas\/#breadcrumb\",\"itemListElement\":[{\"@type\":\"ListItem\",\"position\":1,\"name\":\"S\u0101kums\",\"item\":\"https:\/\/www.whisker.lv\/\"},{\"@type\":\"ListItem\",\"position\":2,\"name\":\"Su\u0146u pastaigas\"}]},{\"@type\":\"WebSite\",\"@id\":\"https:\/\/www.whisker.lv\/#website\",\"url\":\"https:\/\/www.whisker.lv\/\",\"name\":\"Whisker\",\"description\":\"Tavs pal\u012bgs m\u0101jdzivnieku pieskat\u012b\u0161an\u0101\",\"potentialAction\":[{\"@type\":\"SearchAction\",\"target\":{\"@type\":\"EntryPoint\",\"urlTemplate\":\"https:\/\/www.whisker.lv\/?s={search_term_string}\"},\"query-input\":\"required name=search_term_string\"}],\"inLanguage\":\"en-US\"}]}<\/script>\n<!-- \/ Yoast SEO plugin. -->","yoast_head_json":{"title":"Su\u0146u pastaigas - Whisker .lv Su\u0146u pastaigu serviss","robots":{"index":"index","follow":"follow","max-snippet":"max-snippet:-1","max-image-preview":"max-image-preview:large","max-video-preview":"max-video-preview:-1"},"canonical":"https:\/\/www.whisker.lv\/sunu-pastaigas\/","og_locale":"en_US","og_type":"article","og_title":"Su\u0146u pastaigas - Whisker","og_url":"https:\/\/www.whisker.lv\/sunu-pastaigas\/","og_site_name":"Whisker","article_publisher":"https:\/\/www.facebook.com\/whisker.lv\/","article_modified_time":"2019-03-03T23:35:07+00:00","og_image":[{"url":"https:\/\/www.whisker.lv\/wp-content\/uploads\/2019\/02\/IMG_4584.jpg"}],"twitter_card":"summary_large_image","twitter_misc":{"Est. reading time":"1 minute"},"schema":{"@context":"https:\/\/schema.org","@graph":[{"@type":"WebPage","@id":"https:\/\/www.whisker.lv\/sunu-pastaigas\/","url":"https:\/\/www.whisker.lv\/sunu-pastaigas\/","name":"Su\u0146u pastaigas - Whisker .lv Su\u0146u pastaigu serviss","isPartOf":{"@id":"https:\/\/www.whisker.lv\/#website"},"primaryImageOfPage":{"@id":"https:\/\/www.whisker.lv\/sunu-pastaigas\/#primaryimage"},"image":{"@id":"https:\/\/www.whisker.lv\/sunu-pastaigas\/#primaryimage"},"thumbnailUrl":"https:\/\/www.whisker.lv\/wp-content\/uploads\/2019\/02\/IMG_4584.jpg","datePublished":"2019-02-22T04:11:54+00:00","dateModified":"2019-03-03T23:35:07+00:00","description":"Su\u0146u pastaigas. Katram sunim ir nepiecie\u0161amas ikdienas pastaigas. Whisker pal\u012bgi izved\u012bs pastaig\u0101 tavu suni un nodro\u0161in\u0101s nepiecie\u0161am\u0101s aktivit\u0101tes.","breadcrumb":{"@id":"https:\/\/www.whisker.lv\/sunu-pastaigas\/#breadcrumb"},"inLanguage":"en-US","potentialAction":[{"@type":"ReadAction","target":["https:\/\/www.whisker.lv\/sunu-pastaigas\/"]}]},{"@type":"ImageObject","inLanguage":"en-US","@id":"https:\/\/www.whisker.lv\/sunu-pastaigas\/#primaryimage","url":"https:\/\/www.whisker.lv\/wp-content\/uploads\/2019\/02\/IMG_4584.jpg","contentUrl":"https:\/\/www.whisker.lv\/wp-content\/uploads\/2019\/02\/IMG_4584.jpg"},{"@type":"BreadcrumbList","@id":"https:\/\/www.whisker.lv\/sunu-pastaigas\/#breadcrumb","itemListElement":[{"@type":"ListItem","position":1,"name":"S\u0101kums","item":"https:\/\/www.whisker.lv\/"},{"@type":"ListItem","position":2,"name":"Su\u0146u pastaigas"}]},{"@type":"WebSite","@id":"https:\/\/www.whisker.lv\/#website","url":"https:\/\/www.whisker.lv\/","name":"Whisker","description":"Tavs pal\u012bgs m\u0101jdzivnieku pieskat\u012b\u0161an\u0101","potentialAction":[{"@type":"SearchAction","target":{"@type":"EntryPoint","urlTemplate":"https:\/\/www.whisker.lv\/?s={search_term_string}"},"query-input":"required name=search_term_string"}],"inLanguage":"en-US"}]}},"_links":{"self":[{"href":"https:\/\/www.whisker.lv\/en\/wp-json\/wp\/v2\/pages\/7840"}],"collection":[{"href":"https:\/\/www.whisker.lv\/en\/wp-json\/wp\/v2\/pages"}],"about":[{"href":"https:\/\/www.whisker.lv\/en\/wp-json\/wp\/v2\/types\/page"}],"author":[{"embeddable":true,"href":"https:\/\/www.whisker.lv\/en\/wp-json\/wp\/v2\/users\/1"}],"replies":[{"embeddable":true,"href":"https:\/\/www.whisker.lv\/en\/wp-json\/wp\/v2\/comments?post=7840"}],"version-history":[{"count":11,"href":"https:\/\/www.whisker.lv\/en\/wp-json\/wp\/v2\/pages\/7840\/revisions"}],"predecessor-version":[{"id":8505,"href":"https:\/\/www.whisker.lv\/en\/wp-json\/wp\/v2\/pages\/7840\/revisions\/8505"}],"wp:attachment":[{"href":"https:\/\/www.whisker.lv\/en\/wp-json\/wp\/v2\/media?parent=7840"}],"curies":[{"name":"wp","href":"https:\/\/api.w.org\/{rel}","templated":true}]}}