



{"id":7845,"date":"2019-02-22T07:04:40","date_gmt":"2019-02-22T04:34:40","guid":{"rendered":"https:\/\/www.whisker.lv\/?page_id=7845"},"modified":"2019-03-04T01:31:51","modified_gmt":"2019-03-03T23:31:51","slug":"sunu-un-kaku-pieskatisana","status":"publish","type":"page","link":"https:\/\/www.whisker.lv\/en\/sunu-un-kaku-pieskatisana\/","title":{"rendered":"Su\u0146u un ka\u0137u pieskat\u012b\u0161ana"},"content":{"rendered":"<h3 style=\"text-align: center;\"><span style=\"color: #000000;\"><strong>Su\u0146u un ka\u0137u \u012bstermi\u0146a vai ilgtermi\u0146a pieskat\u012b\u0161ana pie Whisker pal\u012bga<\/strong><\/span><\/h3>\n<p>&nbsp;<\/p>\n<p><span style=\"color: #000000;\">Vai tavam m\u012blulim ir nepiecie\u0161ama m\u0101j\u012bga un draudz\u012bga palik\u0161ana tav\u0101 promb\u016btnes laik\u0101? Pieskat\u012b\u0161anas laik\u0101 tavs m\u012blulis b\u016bs dro\u0161\u012bb\u0101 un komfort\u0101 pie Whisker pal\u012bga m\u0101j\u0101s. Nodro\u0161in\u0101sim m\u012blulim t\u0101dus apst\u0101k\u013cus, lai vi\u0146\u0161 b\u016btu laim\u012bgs un sa\u0146emtu daudz uzman\u012bbas. Pirm\u0101 iepaz\u012b\u0161an\u0101s viz\u012bte ar Whisker pal\u012bgu ir bezmaksas. Visi m\u0101jdz\u012bvnieki uz pakalpojuma laiku ir apdro\u0161in\u0101ti.<\/span><\/p>\n<p>&nbsp;<\/p>\n<h4><span style=\"color: #000000;\"><strong>\u00a0 \u00a0 \u00a0 \u00a0 \u00a0Pieskat\u012b\u0161anas ieguvumi:<\/strong><\/span><\/h4>\n<ul>\n<li><span style=\"color: #000000;\">Zino\u0161i un dz\u012bvniekus m\u012blo\u0161i pal\u012bgi;<\/span><\/li>\n<li><span style=\"color: #000000;\">Dro\u0161i un draudz\u012bgi m\u0101jas apst\u0101k\u013ci;<\/span><\/li>\n<li><span style=\"color: #000000;\">Zem\u0101kas cenas k\u0101 dz\u012bvnieku viesn\u012bc\u0101s;<\/span><\/li>\n<li><span style=\"color: #000000;\">Individu\u0101la pieeja;<\/span><\/li>\n<li><span style=\"color: #000000;\">Ikdienas rut\u012bnas iev\u0113ro\u0161ana;<\/span><\/li>\n<li><span style=\"color: #000000;\">Regul\u0101ras pastaigas;<\/span><\/li>\n<li><span style=\"color: #000000;\">Aktivit\u0101tes;<\/span><\/li>\n<li><span style=\"color: #000000;\">Foto atskaites k\u0101 m\u012blulim kl\u0101jas;<\/span><\/li>\n<\/ul>\n<h3 style=\"text-align: center;\"><a href=\"https:\/\/www.whisker.lv\/paligi-r\/\" target=\"_blank\" rel=\"noopener\">Visi Whisker pal\u012bgi<\/a><\/h3>\n<p>&nbsp;<\/p>\n<h4><span style=\"color: #000000;\"><strong><img decoding=\"async\" class=\"aligncenter wp-image-8499\" src=\"https:\/\/www.whisker.lv\/wp-content\/uploads\/2019\/03\/IMG_0134.jpg\" alt=\"Su\u0146u un ka\u0137u pieskat\u012b\u0161ana\" width=\"1000\" height=\"667\" srcset=\"https:\/\/www.whisker.lv\/wp-content\/uploads\/2019\/03\/IMG_0134.jpg 3500w, https:\/\/www.whisker.lv\/wp-content\/uploads\/2019\/03\/IMG_0134-300x200.jpg 300w, https:\/\/www.whisker.lv\/wp-content\/uploads\/2019\/03\/IMG_0134-768x512.jpg 768w, https:\/\/www.whisker.lv\/wp-content\/uploads\/2019\/03\/IMG_0134-1024x683.jpg 1024w\" sizes=\"(max-width: 1000px) 100vw, 1000px\" \/>\u00a0 \u00a0 \u00a0 \u00a0 \u00a0 <\/strong><\/span><\/h4>\n","protected":false},"excerpt":{"rendered":"<p>Su\u0146u un ka\u0137u \u012bstermi\u0146a vai ilgtermi\u0146a pieskat\u012b\u0161ana pie Whisker pal\u012bga &nbsp; Vai tavam m\u012blulim ir nepiecie\u0161ama m\u0101j\u012bga un draudz\u012bga palik\u0161ana tav\u0101 promb\u016btnes laik\u0101? Pieskat\u012b\u0161anas laik\u0101 tavs m\u012blulis b\u016bs dro\u0161\u012bb\u0101 un komfort\u0101 pie Whisker pal\u012bga m\u0101j\u0101s. Nodro\u0161in\u0101sim m\u012blulim t\u0101dus apst\u0101k\u013cus, lai vi\u0146\u0161 b\u016btu laim\u012bgs un sa\u0146emtu daudz uzman\u012bbas. Pirm\u0101 iepaz\u012b\u0161an\u0101s viz\u012bte ar Whisker pal\u012bgu ir bezmaksas. [&hellip;]<\/p>\n","protected":false},"author":1,"featured_media":0,"parent":0,"menu_order":0,"comment_status":"closed","ping_status":"closed","template":"page-fullwidth.php","meta":{"_acf_changed":false,"_glsr_average":0,"_glsr_ranking":0,"_glsr_reviews":0,"footnotes":""},"translation":{"provider":"WPGlobus","version":"2.12.2","language":"en","enabled_languages":["lv","en","ru"],"languages":{"lv":{"title":true,"content":true,"excerpt":false},"en":{"title":false,"content":false,"excerpt":false},"ru":{"title":false,"content":false,"excerpt":false}}},"acf":[],"yoast_head":"<!-- This site is optimized with the Yoast SEO plugin v22.5 - https:\/\/yoast.com\/wordpress\/plugins\/seo\/ -->\n<title>Su\u0146u un ka\u0137u pieskat\u012b\u0161ana - Whisker<\/title>\n<meta name=\"robots\" content=\"index, follow, max-snippet:-1, max-image-preview:large, max-video-preview:-1\" \/>\n<link rel=\"canonical\" href=\"https:\/\/www.whisker.lv\/ru\/sunu-un-kaku-pieskatisana\/\" \/>\n<meta property=\"og:locale\" content=\"en_US\" \/>\n<meta property=\"og:type\" content=\"article\" \/>\n<meta property=\"og:title\" content=\"Su\u0146u un ka\u0137u pieskat\u012b\u0161ana - Whisker\" \/>\n<meta property=\"og:url\" content=\"https:\/\/www.whisker.lv\/ru\/sunu-un-kaku-pieskatisana\/\" \/>\n<meta property=\"og:site_name\" content=\"Whisker\" \/>\n<meta property=\"article:publisher\" content=\"https:\/\/www.facebook.com\/whisker.lv\/\" \/>\n<meta property=\"article:modified_time\" content=\"2019-03-03T23:31:51+00:00\" \/>\n<meta property=\"og:image\" content=\"https:\/\/www.whisker.lv\/wp-content\/uploads\/2019\/03\/IMG_0134.jpg\" \/>\n<meta name=\"twitter:card\" content=\"summary_large_image\" \/>\n<meta name=\"twitter:label1\" content=\"Est. reading time\" \/>\n\t<meta name=\"twitter:data1\" content=\"1 minute\" \/>\n<script type=\"application\/ld+json\" class=\"yoast-schema-graph\">{\"@context\":\"https:\/\/schema.org\",\"@graph\":[{\"@type\":\"WebPage\",\"@id\":\"https:\/\/www.whisker.lv\/ru\/sunu-un-kaku-pieskatisana\/\",\"url\":\"https:\/\/www.whisker.lv\/ru\/sunu-un-kaku-pieskatisana\/\",\"name\":\"Su\u0146u un ka\u0137u pieskat\u012b\u0161ana - Whisker\",\"isPartOf\":{\"@id\":\"https:\/\/www.whisker.lv\/#website\"},\"primaryImageOfPage\":{\"@id\":\"https:\/\/www.whisker.lv\/ru\/sunu-un-kaku-pieskatisana\/#primaryimage\"},\"image\":{\"@id\":\"https:\/\/www.whisker.lv\/ru\/sunu-un-kaku-pieskatisana\/#primaryimage\"},\"thumbnailUrl\":\"https:\/\/www.whisker.lv\/wp-content\/uploads\/2019\/03\/IMG_0134.jpg\",\"datePublished\":\"2019-02-22T04:34:40+00:00\",\"dateModified\":\"2019-03-03T23:31:51+00:00\",\"description\":\"Su\u0146u pieskat\u012b\u0161ana. Vai tavam m\u012blulim ir nepiecie\u0161ama m\u0101j\u012bga un draudz\u012bga palik\u0161ana tav\u0101 promb\u016btnes laik\u0101? Izv\u0113lies pieskat\u012b\u0161anu pie Whisker pal\u012bga m\u0101j\u0101s.\",\"breadcrumb\":{\"@id\":\"https:\/\/www.whisker.lv\/ru\/sunu-un-kaku-pieskatisana\/#breadcrumb\"},\"inLanguage\":\"en-US\",\"potentialAction\":[{\"@type\":\"ReadAction\",\"target\":[\"https:\/\/www.whisker.lv\/ru\/sunu-un-kaku-pieskatisana\/\"]}]},{\"@type\":\"ImageObject\",\"inLanguage\":\"en-US\",\"@id\":\"https:\/\/www.whisker.lv\/ru\/sunu-un-kaku-pieskatisana\/#primaryimage\",\"url\":\"https:\/\/www.whisker.lv\/wp-content\/uploads\/2019\/03\/IMG_0134.jpg\",\"contentUrl\":\"https:\/\/www.whisker.lv\/wp-content\/uploads\/2019\/03\/IMG_0134.jpg\"},{\"@type\":\"BreadcrumbList\",\"@id\":\"https:\/\/www.whisker.lv\/ru\/sunu-un-kaku-pieskatisana\/#breadcrumb\",\"itemListElement\":[{\"@type\":\"ListItem\",\"position\":1,\"name\":\"S\u0101kums\",\"item\":\"https:\/\/www.whisker.lv\/\"},{\"@type\":\"ListItem\",\"position\":2,\"name\":\"Su\u0146u un ka\u0137u pieskat\u012b\u0161ana\"}]},{\"@type\":\"WebSite\",\"@id\":\"https:\/\/www.whisker.lv\/#website\",\"url\":\"https:\/\/www.whisker.lv\/\",\"name\":\"Whisker\",\"description\":\"Tavs pal\u012bgs m\u0101jdzivnieku pieskat\u012b\u0161an\u0101\",\"potentialAction\":[{\"@type\":\"SearchAction\",\"target\":{\"@type\":\"EntryPoint\",\"urlTemplate\":\"https:\/\/www.whisker.lv\/?s={search_term_string}\"},\"query-input\":\"required name=search_term_string\"}],\"inLanguage\":\"en-US\"}]}<\/script>\n<!-- \/ Yoast SEO plugin. -->","yoast_head_json":{"title":"Su\u0146u un ka\u0137u pieskat\u012b\u0161ana - Whisker","robots":{"index":"index","follow":"follow","max-snippet":"max-snippet:-1","max-image-preview":"max-image-preview:large","max-video-preview":"max-video-preview:-1"},"canonical":"https:\/\/www.whisker.lv\/ru\/sunu-un-kaku-pieskatisana\/","og_locale":"en_US","og_type":"article","og_title":"Su\u0146u un ka\u0137u pieskat\u012b\u0161ana - Whisker","og_url":"https:\/\/www.whisker.lv\/ru\/sunu-un-kaku-pieskatisana\/","og_site_name":"Whisker","article_publisher":"https:\/\/www.facebook.com\/whisker.lv\/","article_modified_time":"2019-03-03T23:31:51+00:00","og_image":[{"url":"https:\/\/www.whisker.lv\/wp-content\/uploads\/2019\/03\/IMG_0134.jpg"}],"twitter_card":"summary_large_image","twitter_misc":{"Est. reading time":"1 minute"},"schema":{"@context":"https:\/\/schema.org","@graph":[{"@type":"WebPage","@id":"https:\/\/www.whisker.lv\/ru\/sunu-un-kaku-pieskatisana\/","url":"https:\/\/www.whisker.lv\/ru\/sunu-un-kaku-pieskatisana\/","name":"Su\u0146u un ka\u0137u pieskat\u012b\u0161ana - Whisker","isPartOf":{"@id":"https:\/\/www.whisker.lv\/#website"},"primaryImageOfPage":{"@id":"https:\/\/www.whisker.lv\/ru\/sunu-un-kaku-pieskatisana\/#primaryimage"},"image":{"@id":"https:\/\/www.whisker.lv\/ru\/sunu-un-kaku-pieskatisana\/#primaryimage"},"thumbnailUrl":"https:\/\/www.whisker.lv\/wp-content\/uploads\/2019\/03\/IMG_0134.jpg","datePublished":"2019-02-22T04:34:40+00:00","dateModified":"2019-03-03T23:31:51+00:00","description":"Su\u0146u pieskat\u012b\u0161ana. Vai tavam m\u012blulim ir nepiecie\u0161ama m\u0101j\u012bga un draudz\u012bga palik\u0161ana tav\u0101 promb\u016btnes laik\u0101? Izv\u0113lies pieskat\u012b\u0161anu pie Whisker pal\u012bga m\u0101j\u0101s.","breadcrumb":{"@id":"https:\/\/www.whisker.lv\/ru\/sunu-un-kaku-pieskatisana\/#breadcrumb"},"inLanguage":"en-US","potentialAction":[{"@type":"ReadAction","target":["https:\/\/www.whisker.lv\/ru\/sunu-un-kaku-pieskatisana\/"]}]},{"@type":"ImageObject","inLanguage":"en-US","@id":"https:\/\/www.whisker.lv\/ru\/sunu-un-kaku-pieskatisana\/#primaryimage","url":"https:\/\/www.whisker.lv\/wp-content\/uploads\/2019\/03\/IMG_0134.jpg","contentUrl":"https:\/\/www.whisker.lv\/wp-content\/uploads\/2019\/03\/IMG_0134.jpg"},{"@type":"BreadcrumbList","@id":"https:\/\/www.whisker.lv\/ru\/sunu-un-kaku-pieskatisana\/#breadcrumb","itemListElement":[{"@type":"ListItem","position":1,"name":"S\u0101kums","item":"https:\/\/www.whisker.lv\/"},{"@type":"ListItem","position":2,"name":"Su\u0146u un ka\u0137u pieskat\u012b\u0161ana"}]},{"@type":"WebSite","@id":"https:\/\/www.whisker.lv\/#website","url":"https:\/\/www.whisker.lv\/","name":"Whisker","description":"Tavs pal\u012bgs m\u0101jdzivnieku pieskat\u012b\u0161an\u0101","potentialAction":[{"@type":"SearchAction","target":{"@type":"EntryPoint","urlTemplate":"https:\/\/www.whisker.lv\/?s={search_term_string}"},"query-input":"required name=search_term_string"}],"inLanguage":"en-US"}]}},"_links":{"self":[{"href":"https:\/\/www.whisker.lv\/en\/wp-json\/wp\/v2\/pages\/7845"}],"collection":[{"href":"https:\/\/www.whisker.lv\/en\/wp-json\/wp\/v2\/pages"}],"about":[{"href":"https:\/\/www.whisker.lv\/en\/wp-json\/wp\/v2\/types\/page"}],"author":[{"embeddable":true,"href":"https:\/\/www.whisker.lv\/en\/wp-json\/wp\/v2\/users\/1"}],"replies":[{"embeddable":true,"href":"https:\/\/www.whisker.lv\/en\/wp-json\/wp\/v2\/comments?post=7845"}],"version-history":[{"count":10,"href":"https:\/\/www.whisker.lv\/en\/wp-json\/wp\/v2\/pages\/7845\/revisions"}],"predecessor-version":[{"id":8517,"href":"https:\/\/www.whisker.lv\/en\/wp-json\/wp\/v2\/pages\/7845\/revisions\/8517"}],"wp:attachment":[{"href":"https:\/\/www.whisker.lv\/en\/wp-json\/wp\/v2\/media?parent=7845"}],"curies":[{"name":"wp","href":"https:\/\/api.w.org\/{rel}","templated":true}]}}