



{"id":8558,"date":"2019-03-04T22:00:55","date_gmt":"2019-03-04T20:00:55","guid":{"rendered":"https:\/\/www.whisker.lv\/?page_id=8558"},"modified":"2019-03-05T02:58:57","modified_gmt":"2019-03-05T00:58:57","slug":"%d0%b3%d0%be%d1%81%d1%82%d0%b8%d0%bd%d0%b8%d1%86%d0%b0-%d0%b4%d0%bb%d1%8f-%d0%b6%d0%b8%d0%b2%d0%be%d1%82%d0%bd%d1%8b%d1%85","status":"publish","type":"page","link":"https:\/\/www.whisker.lv\/en\/%d0%b3%d0%be%d1%81%d1%82%d0%b8%d0%bd%d0%b8%d1%86%d0%b0-%d0%b4%d0%bb%d1%8f-%d0%b6%d0%b8%d0%b2%d0%be%d1%82%d0%bd%d1%8b%d1%85\/","title":{"rendered":"\u041f\u0440\u0438\u0441\u043c\u043e\u0442\u0440 \u0437\u0430 \u0441\u043e\u0431\u0430\u043a\u0430\u043c\u0438 \u0438 \u043a\u043e\u0448\u043a\u0430\u043c\u0438"},"content":{"rendered":"<h2 style=\"text-align: center;\"><strong><span style=\"color: #000000;\">\u041f<\/span>\u0440\u0438\u0441\u043c\u043e\u0442\u0440 \u0437\u0430 \u0441\u043e\u0431\u0430\u043a\u0430\u043c\u0438 \u0438 \u043a\u043e\u0448\u043a\u0430\u043c\u0438 \u0443 \u043f\u043e\u043c\u043e\u0449\u043d\u0438\u043a\u0430 Whisker<\/strong><\/h2>\n<p>&nbsp;<\/p>\n<p><span style=\"color: #000000;\">\u0415\u0441\u0442\u044c \u043b\u0438 \u0443 \u0422\u0435\u0431\u044f \u0443\u044e\u0442\u043d\u043e\u0435 \u0438 \u0434\u0440\u0443\u0436\u0435\u0441\u0442\u0432\u0435\u043d\u043d\u043e\u0435 \u043c\u0435\u0441\u0442\u043e, \u0433\u0434\u0435 \u0441\u043c\u043e\u0436\u0435\u0442 \u043e\u0441\u0442\u0430\u0442\u044c\u0441\u044f \u0422\u0432\u043e\u0439 \u043f\u0438\u0442\u043e\u043c\u0435\u0446 \u0432 \u0422\u0432\u043e\u0451 \u043e\u0442\u0441\u0443\u0442\u0441\u0442\u0432\u0438\u0435? \u041d\u0430\u0445\u043e\u0434\u044f\u0441\u044c \u043f\u043e\u0434 \u043f\u0440\u0438\u0441\u043c\u043e\u0442\u0440\u043e\u043c \u0432 \u0434\u043e\u043c\u0435 \u0443 \u043f\u043e\u043c\u043e\u0449\u043d\u0438\u043a\u0430 Whisker, \u0422\u0432\u043e\u0439 \u043f\u0438\u0442\u043e\u043c\u0435\u0446 \u0431\u0443\u0434\u0435\u0442 \u0432 \u0431\u0435\u0437\u043e\u043f\u0430\u0441\u043d\u043e\u0441\u0442\u0438 \u0438 \u043a\u043e\u043c\u0444\u043e\u0440\u0442\u0435. <\/span><\/p>\n<p><span style=\"color: #000000;\">\u041c\u044b \u043e\u0431\u0435\u0441\u043f\u0435\u0447\u0438\u043c \u0422\u0432\u043e\u0435\u043c\u0443 \u043f\u0438\u0442\u043e\u043c\u0446\u0443 \u0442\u0430\u043a\u0438\u0435 \u0443\u0441\u043b\u043e\u0432\u0438\u044f, \u0432 \u043a\u043e\u0442\u043e\u0440\u044b\u0445 \u043e\u043d \u0431\u0443\u0434\u0435\u0442 \u0441\u0447\u0430\u0441\u0442\u043b\u0438\u0432 \u0438 \u0431\u0443\u0434\u0435\u0442 \u043f\u043e\u043b\u0443\u0447\u0430\u0442\u044c \u043c\u043d\u043e\u0433\u043e \u0432\u043d\u0438\u043c\u0430\u043d\u0438\u044f. \u041f\u0435\u0440\u0432\u044b\u0439 \u043e\u0437\u043d\u0430\u043a\u043e\u043c\u0438\u0442\u0435\u043b\u044c\u043d\u044b\u0439 \u0432\u0438\u0437\u0438\u0442 \u0441 \u043f\u043e\u043c\u043e\u0449\u043d\u0438\u043a\u043e\u043c Whisker \u044f\u0432\u043b\u044f\u0435\u0442\u0441\u044f \u0431\u0435\u0441\u043f\u043b\u0430\u0442\u043d\u044b\u043c. \u0412\u0441\u0435 \u0434\u043e\u043c\u0430\u0448\u043d\u0438\u0435 \u0436\u0438\u0432\u043e\u0442\u043d\u044b\u0435 \u043d\u0430 \u0432\u0440\u0435\u043c\u044f \u043e\u043a\u0430\u0437\u0430\u043d\u0438\u044f \u0443\u0441\u043b\u0443\u0433\u0438 \u044f\u0432\u043b\u044f\u044e\u0442\u0441\u044f \u0437\u0430\u0441\u0442\u0440\u0430\u0445\u043e\u0432\u0430\u043d\u043d\u044b\u043c\u0438.<\/span><\/p>\n<p>&nbsp;<\/p>\n<h4><strong><span style=\"color: #000000;\">\u0427\u0442\u043e \u0422\u044b \u043f\u0440\u0438\u043e\u0431\u0440\u0435\u0442\u0430\u0435\u0448\u044c, \u0438\u0441\u043f\u043e\u043b\u044c\u0437\u0443\u044f \u043f\u0440\u0438\u0441\u043c\u043e\u0442\u0440 Whisker:<\/span><\/strong><\/h4>\n<ul>\n<li><span style=\"color: #000000;\">\u0417\u043d\u0430\u044e\u0449\u0438\u0435 \u0438 \u043b\u044e\u0431\u044f\u0449\u0438\u0435 \u0436\u0438\u0432\u043e\u0442\u043d\u044b\u0445 \u043f\u043e\u043c\u043e\u0449\u043d\u0438\u043a\u0438;<\/span><\/li>\n<li><span style=\"color: #000000;\">\u0411\u0435\u0437\u043e\u043f\u0430\u0441\u043d\u044b\u0435 \u0438 \u0434\u0440\u0443\u0436\u0435\u0441\u0442\u0432\u0435\u043d\u043d\u044b\u0435 \u0434\u043e\u043c\u0430\u0448\u043d\u0438\u0435 \u0443\u0441\u043b\u043e\u0432\u0438\u044f;<\/span><\/li>\n<li><span style=\"color: #000000;\">\u0426\u0435\u043d\u044b \u043d\u0438\u0436\u0435, \u0447\u0435\u043c \u0432 \u0433\u043e\u0441\u0442\u0438\u043d\u0438\u0446\u0435 \u0434\u043b\u044f \u0436\u0438\u0432\u043e\u0442\u043d\u044b\u0445;<\/span><\/li>\n<li><span style=\"color: #000000;\">\u0418\u043d\u0434\u0438\u0432\u0438\u0434\u0443\u0430\u043b\u044c\u043d\u044b\u0439 \u043f\u043e\u0434\u0445\u043e\u0434;<\/span><\/li>\n<li><span style=\"color: #000000;\">\u0421\u043e\u0431\u043b\u044e\u0434\u0435\u043d\u0438\u0435 \u0435\u0436\u0435\u0434\u043d\u0435\u0432\u043d\u043e\u0439 \u0440\u0443\u0442\u0438\u043d\u044b;<\/span><\/li>\n<li><span style=\"color: #000000;\">\u0420\u0435\u0433\u0443\u043b\u044f\u0440\u043d\u044b\u0435 \u043f\u0440\u043e\u0433\u0443\u043b\u043a\u0438;<\/span><\/li>\n<li><span style=\"color: #000000;\">\u0424\u0438\u0437\u0438\u0447\u0435\u0441\u043a\u0430\u044f \u0430\u043a\u0442\u0438\u0432\u043d\u043e\u0441\u0442\u044c;<\/span><\/li>\n<li><span style=\"color: #000000;\">\u0412\u0432\u0435\u0434\u0435\u043d\u0438\u0435 \u043c\u0435\u0434\u0438\u043a\u0430\u043c\u0435\u043d\u0442\u043e\u0432 (\u0435\u0441\u043b\u0438 \u043d\u0435\u043e\u0431\u0445\u043e\u0434\u0438\u043c\u043e);<\/span><\/li>\n<li><span style=\"color: #000000;\">\u0424\u043e\u0442\u043e\u043e\u0442\u0447\u0451\u0442\u044b \u043e \u0442\u043e\u043c, \u043a\u0430\u043a \u043f\u043e\u0436\u0438\u0432\u0430\u0435\u0442 \u043f\u0438\u0442\u043e\u043c\u0435\u0446;<\/span><\/li>\n<\/ul>\n<h3 style=\"text-align: center;\"><strong><a href=\"https:\/\/www.whisker.lv\/ru\/paligi-r\/\" target=\"_blank\" rel=\"noopener\">B\u0441\u0435 \u043f\u043e\u043c\u043e\u0449\u043d\u0438\u043a\u0438 Whisker<\/a><\/strong><\/h3>\n<p>&nbsp;<\/p>\n<p><img decoding=\"async\" class=\"aligncenter wp-image-8499\" src=\"https:\/\/www.whisker.lv\/wp-content\/uploads\/2019\/03\/IMG_0134.jpg\" alt=\"Su\u0146u un ka\u0137u pieskat\u012b\u0161ana\" width=\"1000\" height=\"667\" srcset=\"https:\/\/www.whisker.lv\/wp-content\/uploads\/2019\/03\/IMG_0134.jpg 3500w, https:\/\/www.whisker.lv\/wp-content\/uploads\/2019\/03\/IMG_0134-300x200.jpg 300w, https:\/\/www.whisker.lv\/wp-content\/uploads\/2019\/03\/IMG_0134-768x512.jpg 768w, https:\/\/www.whisker.lv\/wp-content\/uploads\/2019\/03\/IMG_0134-1024x683.jpg 1024w\" sizes=\"(max-width: 1000px) 100vw, 1000px\" \/><\/p>\n","protected":false},"excerpt":{"rendered":"<p>\u041f\u0440\u0438\u0441\u043c\u043e\u0442\u0440 \u0437\u0430 \u0441\u043e\u0431\u0430\u043a\u0430\u043c\u0438 \u0438 \u043a\u043e\u0448\u043a\u0430\u043c\u0438 \u0443 \u043f\u043e\u043c\u043e\u0449\u043d\u0438\u043a\u0430 Whisker &nbsp; \u0415\u0441\u0442\u044c \u043b\u0438 \u0443 \u0422\u0435\u0431\u044f \u0443\u044e\u0442\u043d\u043e\u0435 \u0438 \u0434\u0440\u0443\u0436\u0435\u0441\u0442\u0432\u0435\u043d\u043d\u043e\u0435 \u043c\u0435\u0441\u0442\u043e, \u0433\u0434\u0435 \u0441\u043c\u043e\u0436\u0435\u0442 \u043e\u0441\u0442\u0430\u0442\u044c\u0441\u044f \u0422\u0432\u043e\u0439 \u043f\u0438\u0442\u043e\u043c\u0435\u0446 \u0432 \u0422\u0432\u043e\u0451 \u043e\u0442\u0441\u0443\u0442\u0441\u0442\u0432\u0438\u0435? \u041d\u0430\u0445\u043e\u0434\u044f\u0441\u044c \u043f\u043e\u0434 \u043f\u0440\u0438\u0441\u043c\u043e\u0442\u0440\u043e\u043c \u0432 \u0434\u043e\u043c\u0435 \u0443 \u043f\u043e\u043c\u043e\u0449\u043d\u0438\u043a\u0430 Whisker, \u0422\u0432\u043e\u0439 \u043f\u0438\u0442\u043e\u043c\u0435\u0446 \u0431\u0443\u0434\u0435\u0442 \u0432 \u0431\u0435\u0437\u043e\u043f\u0430\u0441\u043d\u043e\u0441\u0442\u0438 \u0438 \u043a\u043e\u043c\u0444\u043e\u0440\u0442\u0435. \u041c\u044b \u043e\u0431\u0435\u0441\u043f\u0435\u0447\u0438\u043c \u0422\u0432\u043e\u0435\u043c\u0443 \u043f\u0438\u0442\u043e\u043c\u0446\u0443 \u0442\u0430\u043a\u0438\u0435 \u0443\u0441\u043b\u043e\u0432\u0438\u044f, \u0432 \u043a\u043e\u0442\u043e\u0440\u044b\u0445 \u043e\u043d \u0431\u0443\u0434\u0435\u0442 \u0441\u0447\u0430\u0441\u0442\u043b\u0438\u0432 \u0438 \u0431\u0443\u0434\u0435\u0442 \u043f\u043e\u043b\u0443\u0447\u0430\u0442\u044c \u043c\u043d\u043e\u0433\u043e [&hellip;]<\/p>\n","protected":false},"author":1,"featured_media":0,"parent":0,"menu_order":0,"comment_status":"closed","ping_status":"closed","template":"page-fullwidth.php","meta":{"_acf_changed":false,"_glsr_average":0,"_glsr_ranking":0,"_glsr_reviews":0,"footnotes":""},"translation":{"provider":"WPGlobus","version":"2.12.2","language":"en","enabled_languages":["lv","en","ru"],"languages":{"lv":{"title":true,"content":true,"excerpt":false},"en":{"title":false,"content":false,"excerpt":false},"ru":{"title":false,"content":false,"excerpt":false}}},"acf":[],"yoast_head":"<!-- This site is optimized with the Yoast SEO plugin v22.5 - https:\/\/yoast.com\/wordpress\/plugins\/seo\/ -->\n<title>\u041f\u0440\u0438\u0441\u043c\u043e\u0442\u0440 \u0437\u0430 \u0441\u043e\u0431\u0430\u043a\u0430\u043c\u0438 \u0438 \u043a\u043e\u0448\u043a\u0430\u043c\u0438 - Whisker \u0413\u043e\u0441\u0442\u0438\u043d\u0438\u0446\u0430 \u0434\u043b\u044f \u0436\u0438\u0432\u043e\u0442\u043d\u044b\u0445<\/title>\n<meta name=\"robots\" content=\"index, follow, max-snippet:-1, max-image-preview:large, max-video-preview:-1\" \/>\n<link rel=\"canonical\" href=\"https:\/\/www.whisker.lv\/\u0433\u043e\u0441\u0442\u0438\u043d\u0438\u0446\u0430-\u0434\u043b\u044f-\u0436\u0438\u0432\u043e\u0442\u043d\u044b\u0445\/\" \/>\n<meta property=\"og:locale\" content=\"en_US\" \/>\n<meta property=\"og:type\" content=\"article\" \/>\n<meta property=\"og:title\" content=\"\u041f\u0440\u0438\u0441\u043c\u043e\u0442\u0440 \u0437\u0430 \u0441\u043e\u0431\u0430\u043a\u0430\u043c\u0438 \u0438 \u043a\u043e\u0448\u043a\u0430\u043c\u0438 - Whisker\" \/>\n<meta property=\"og:url\" content=\"https:\/\/www.whisker.lv\/\u0433\u043e\u0441\u0442\u0438\u043d\u0438\u0446\u0430-\u0434\u043b\u044f-\u0436\u0438\u0432\u043e\u0442\u043d\u044b\u0445\/\" \/>\n<meta property=\"og:site_name\" content=\"Whisker\" \/>\n<meta property=\"article:publisher\" content=\"https:\/\/www.facebook.com\/whisker.lv\/\" \/>\n<meta property=\"article:modified_time\" content=\"2019-03-05T00:58:57+00:00\" \/>\n<meta property=\"og:image\" content=\"https:\/\/www.whisker.lv\/wp-content\/uploads\/2019\/03\/IMG_0134.jpg\" \/>\n<meta name=\"twitter:card\" content=\"summary_large_image\" \/>\n<script type=\"application\/ld+json\" class=\"yoast-schema-graph\">{\"@context\":\"https:\/\/schema.org\",\"@graph\":[{\"@type\":\"WebPage\",\"@id\":\"https:\/\/www.whisker.lv\/%d0%b3%d0%be%d1%81%d1%82%d0%b8%d0%bd%d0%b8%d1%86%d0%b0-%d0%b4%d0%bb%d1%8f-%d0%b6%d0%b8%d0%b2%d0%be%d1%82%d0%bd%d1%8b%d1%85\/\",\"url\":\"https:\/\/www.whisker.lv\/%d0%b3%d0%be%d1%81%d1%82%d0%b8%d0%bd%d0%b8%d1%86%d0%b0-%d0%b4%d0%bb%d1%8f-%d0%b6%d0%b8%d0%b2%d0%be%d1%82%d0%bd%d1%8b%d1%85\/\",\"name\":\"\u041f\u0440\u0438\u0441\u043c\u043e\u0442\u0440 \u0437\u0430 \u0441\u043e\u0431\u0430\u043a\u0430\u043c\u0438 \u0438 \u043a\u043e\u0448\u043a\u0430\u043c\u0438 - Whisker \u0413\u043e\u0441\u0442\u0438\u043d\u0438\u0446\u0430 \u0434\u043b\u044f \u0436\u0438\u0432\u043e\u0442\u043d\u044b\u0445\",\"isPartOf\":{\"@id\":\"https:\/\/www.whisker.lv\/#website\"},\"primaryImageOfPage\":{\"@id\":\"https:\/\/www.whisker.lv\/%d0%b3%d0%be%d1%81%d1%82%d0%b8%d0%bd%d0%b8%d1%86%d0%b0-%d0%b4%d0%bb%d1%8f-%d0%b6%d0%b8%d0%b2%d0%be%d1%82%d0%bd%d1%8b%d1%85\/#primaryimage\"},\"image\":{\"@id\":\"https:\/\/www.whisker.lv\/%d0%b3%d0%be%d1%81%d1%82%d0%b8%d0%bd%d0%b8%d1%86%d0%b0-%d0%b4%d0%bb%d1%8f-%d0%b6%d0%b8%d0%b2%d0%be%d1%82%d0%bd%d1%8b%d1%85\/#primaryimage\"},\"thumbnailUrl\":\"https:\/\/www.whisker.lv\/wp-content\/uploads\/2019\/03\/IMG_0134.jpg\",\"datePublished\":\"2019-03-04T20:00:55+00:00\",\"dateModified\":\"2019-03-05T00:58:57+00:00\",\"description\":\"\u0414\u043e\u043c\u0430\u0448\u043d\u0435\u0435 \u0433\u043e\u0441\u0442\u0438\u043d\u0438\u0446\u0430 \u0434\u043b\u044f \u0436\u0438\u0432\u043e\u0442\u043d\u044b\u0445. \u041c\u044b \u043e\u0431\u0435\u0441\u043f\u0435\u0447\u0438\u043c \u0422\u0432\u043e\u0435\u043c\u0443 \u043f\u0438\u0442\u043e\u043c\u0446\u0443 \u0442\u0430\u043a\u0438\u0435 \u0443\u0441\u043b\u043e\u0432\u0438\u044f, \u0432 \u043a\u043e\u0442\u043e\u0440\u044b\u0445 \u043e\u043d \u0431\u0443\u0434\u0435\u0442 \u0441\u0447\u0430\u0441\u0442\u043b\u0438\u0432 \u0438 \u0431\u0443\u0434\u0435\u0442 \u043f\u043e\u043b\u0443\u0447\u0430\u0442\u044c \u043c\u043d\u043e\u0433\u043e \u0432\u043d\u0438\u043c\u0430\u043d\u0438\u044f.\",\"breadcrumb\":{\"@id\":\"https:\/\/www.whisker.lv\/%d0%b3%d0%be%d1%81%d1%82%d0%b8%d0%bd%d0%b8%d1%86%d0%b0-%d0%b4%d0%bb%d1%8f-%d0%b6%d0%b8%d0%b2%d0%be%d1%82%d0%bd%d1%8b%d1%85\/#breadcrumb\"},\"inLanguage\":\"en-US\",\"potentialAction\":[{\"@type\":\"ReadAction\",\"target\":[\"https:\/\/www.whisker.lv\/%d0%b3%d0%be%d1%81%d1%82%d0%b8%d0%bd%d0%b8%d1%86%d0%b0-%d0%b4%d0%bb%d1%8f-%d0%b6%d0%b8%d0%b2%d0%be%d1%82%d0%bd%d1%8b%d1%85\/\"]}]},{\"@type\":\"ImageObject\",\"inLanguage\":\"en-US\",\"@id\":\"https:\/\/www.whisker.lv\/%d0%b3%d0%be%d1%81%d1%82%d0%b8%d0%bd%d0%b8%d1%86%d0%b0-%d0%b4%d0%bb%d1%8f-%d0%b6%d0%b8%d0%b2%d0%be%d1%82%d0%bd%d1%8b%d1%85\/#primaryimage\",\"url\":\"https:\/\/www.whisker.lv\/wp-content\/uploads\/2019\/03\/IMG_0134.jpg\",\"contentUrl\":\"https:\/\/www.whisker.lv\/wp-content\/uploads\/2019\/03\/IMG_0134.jpg\"},{\"@type\":\"BreadcrumbList\",\"@id\":\"https:\/\/www.whisker.lv\/%d0%b3%d0%be%d1%81%d1%82%d0%b8%d0%bd%d0%b8%d1%86%d0%b0-%d0%b4%d0%bb%d1%8f-%d0%b6%d0%b8%d0%b2%d0%be%d1%82%d0%bd%d1%8b%d1%85\/#breadcrumb\",\"itemListElement\":[{\"@type\":\"ListItem\",\"position\":1,\"name\":\"S\u0101kums\",\"item\":\"https:\/\/www.whisker.lv\/\"},{\"@type\":\"ListItem\",\"position\":2,\"name\":\"\u041f\u0440\u0438\u0441\u043c\u043e\u0442\u0440 \u0437\u0430 \u0441\u043e\u0431\u0430\u043a\u0430\u043c\u0438 \u0438 \u043a\u043e\u0448\u043a\u0430\u043c\u0438\"}]},{\"@type\":\"WebSite\",\"@id\":\"https:\/\/www.whisker.lv\/#website\",\"url\":\"https:\/\/www.whisker.lv\/\",\"name\":\"Whisker\",\"description\":\"Tavs pal\u012bgs m\u0101jdzivnieku pieskat\u012b\u0161an\u0101\",\"potentialAction\":[{\"@type\":\"SearchAction\",\"target\":{\"@type\":\"EntryPoint\",\"urlTemplate\":\"https:\/\/www.whisker.lv\/?s={search_term_string}\"},\"query-input\":\"required name=search_term_string\"}],\"inLanguage\":\"en-US\"}]}<\/script>\n<!-- \/ Yoast SEO plugin. -->","yoast_head_json":{"title":"\u041f\u0440\u0438\u0441\u043c\u043e\u0442\u0440 \u0437\u0430 \u0441\u043e\u0431\u0430\u043a\u0430\u043c\u0438 \u0438 \u043a\u043e\u0448\u043a\u0430\u043c\u0438 - Whisker \u0413\u043e\u0441\u0442\u0438\u043d\u0438\u0446\u0430 \u0434\u043b\u044f \u0436\u0438\u0432\u043e\u0442\u043d\u044b\u0445","robots":{"index":"index","follow":"follow","max-snippet":"max-snippet:-1","max-image-preview":"max-image-preview:large","max-video-preview":"max-video-preview:-1"},"canonical":"https:\/\/www.whisker.lv\/\u0433\u043e\u0441\u0442\u0438\u043d\u0438\u0446\u0430-\u0434\u043b\u044f-\u0436\u0438\u0432\u043e\u0442\u043d\u044b\u0445\/","og_locale":"en_US","og_type":"article","og_title":"\u041f\u0440\u0438\u0441\u043c\u043e\u0442\u0440 \u0437\u0430 \u0441\u043e\u0431\u0430\u043a\u0430\u043c\u0438 \u0438 \u043a\u043e\u0448\u043a\u0430\u043c\u0438 - Whisker","og_url":"https:\/\/www.whisker.lv\/\u0433\u043e\u0441\u0442\u0438\u043d\u0438\u0446\u0430-\u0434\u043b\u044f-\u0436\u0438\u0432\u043e\u0442\u043d\u044b\u0445\/","og_site_name":"Whisker","article_publisher":"https:\/\/www.facebook.com\/whisker.lv\/","article_modified_time":"2019-03-05T00:58:57+00:00","og_image":[{"url":"https:\/\/www.whisker.lv\/wp-content\/uploads\/2019\/03\/IMG_0134.jpg"}],"twitter_card":"summary_large_image","schema":{"@context":"https:\/\/schema.org","@graph":[{"@type":"WebPage","@id":"https:\/\/www.whisker.lv\/%d0%b3%d0%be%d1%81%d1%82%d0%b8%d0%bd%d0%b8%d1%86%d0%b0-%d0%b4%d0%bb%d1%8f-%d0%b6%d0%b8%d0%b2%d0%be%d1%82%d0%bd%d1%8b%d1%85\/","url":"https:\/\/www.whisker.lv\/%d0%b3%d0%be%d1%81%d1%82%d0%b8%d0%bd%d0%b8%d1%86%d0%b0-%d0%b4%d0%bb%d1%8f-%d0%b6%d0%b8%d0%b2%d0%be%d1%82%d0%bd%d1%8b%d1%85\/","name":"\u041f\u0440\u0438\u0441\u043c\u043e\u0442\u0440 \u0437\u0430 \u0441\u043e\u0431\u0430\u043a\u0430\u043c\u0438 \u0438 \u043a\u043e\u0448\u043a\u0430\u043c\u0438 - Whisker \u0413\u043e\u0441\u0442\u0438\u043d\u0438\u0446\u0430 \u0434\u043b\u044f \u0436\u0438\u0432\u043e\u0442\u043d\u044b\u0445","isPartOf":{"@id":"https:\/\/www.whisker.lv\/#website"},"primaryImageOfPage":{"@id":"https:\/\/www.whisker.lv\/%d0%b3%d0%be%d1%81%d1%82%d0%b8%d0%bd%d0%b8%d1%86%d0%b0-%d0%b4%d0%bb%d1%8f-%d0%b6%d0%b8%d0%b2%d0%be%d1%82%d0%bd%d1%8b%d1%85\/#primaryimage"},"image":{"@id":"https:\/\/www.whisker.lv\/%d0%b3%d0%be%d1%81%d1%82%d0%b8%d0%bd%d0%b8%d1%86%d0%b0-%d0%b4%d0%bb%d1%8f-%d0%b6%d0%b8%d0%b2%d0%be%d1%82%d0%bd%d1%8b%d1%85\/#primaryimage"},"thumbnailUrl":"https:\/\/www.whisker.lv\/wp-content\/uploads\/2019\/03\/IMG_0134.jpg","datePublished":"2019-03-04T20:00:55+00:00","dateModified":"2019-03-05T00:58:57+00:00","description":"\u0414\u043e\u043c\u0430\u0448\u043d\u0435\u0435 \u0433\u043e\u0441\u0442\u0438\u043d\u0438\u0446\u0430 \u0434\u043b\u044f \u0436\u0438\u0432\u043e\u0442\u043d\u044b\u0445. \u041c\u044b \u043e\u0431\u0435\u0441\u043f\u0435\u0447\u0438\u043c \u0422\u0432\u043e\u0435\u043c\u0443 \u043f\u0438\u0442\u043e\u043c\u0446\u0443 \u0442\u0430\u043a\u0438\u0435 \u0443\u0441\u043b\u043e\u0432\u0438\u044f, \u0432 \u043a\u043e\u0442\u043e\u0440\u044b\u0445 \u043e\u043d \u0431\u0443\u0434\u0435\u0442 \u0441\u0447\u0430\u0441\u0442\u043b\u0438\u0432 \u0438 \u0431\u0443\u0434\u0435\u0442 \u043f\u043e\u043b\u0443\u0447\u0430\u0442\u044c \u043c\u043d\u043e\u0433\u043e \u0432\u043d\u0438\u043c\u0430\u043d\u0438\u044f.","breadcrumb":{"@id":"https:\/\/www.whisker.lv\/%d0%b3%d0%be%d1%81%d1%82%d0%b8%d0%bd%d0%b8%d1%86%d0%b0-%d0%b4%d0%bb%d1%8f-%d0%b6%d0%b8%d0%b2%d0%be%d1%82%d0%bd%d1%8b%d1%85\/#breadcrumb"},"inLanguage":"en-US","potentialAction":[{"@type":"ReadAction","target":["https:\/\/www.whisker.lv\/%d0%b3%d0%be%d1%81%d1%82%d0%b8%d0%bd%d0%b8%d1%86%d0%b0-%d0%b4%d0%bb%d1%8f-%d0%b6%d0%b8%d0%b2%d0%be%d1%82%d0%bd%d1%8b%d1%85\/"]}]},{"@type":"ImageObject","inLanguage":"en-US","@id":"https:\/\/www.whisker.lv\/%d0%b3%d0%be%d1%81%d1%82%d0%b8%d0%bd%d0%b8%d1%86%d0%b0-%d0%b4%d0%bb%d1%8f-%d0%b6%d0%b8%d0%b2%d0%be%d1%82%d0%bd%d1%8b%d1%85\/#primaryimage","url":"https:\/\/www.whisker.lv\/wp-content\/uploads\/2019\/03\/IMG_0134.jpg","contentUrl":"https:\/\/www.whisker.lv\/wp-content\/uploads\/2019\/03\/IMG_0134.jpg"},{"@type":"BreadcrumbList","@id":"https:\/\/www.whisker.lv\/%d0%b3%d0%be%d1%81%d1%82%d0%b8%d0%bd%d0%b8%d1%86%d0%b0-%d0%b4%d0%bb%d1%8f-%d0%b6%d0%b8%d0%b2%d0%be%d1%82%d0%bd%d1%8b%d1%85\/#breadcrumb","itemListElement":[{"@type":"ListItem","position":1,"name":"S\u0101kums","item":"https:\/\/www.whisker.lv\/"},{"@type":"ListItem","position":2,"name":"\u041f\u0440\u0438\u0441\u043c\u043e\u0442\u0440 \u0437\u0430 \u0441\u043e\u0431\u0430\u043a\u0430\u043c\u0438 \u0438 \u043a\u043e\u0448\u043a\u0430\u043c\u0438"}]},{"@type":"WebSite","@id":"https:\/\/www.whisker.lv\/#website","url":"https:\/\/www.whisker.lv\/","name":"Whisker","description":"Tavs pal\u012bgs m\u0101jdzivnieku pieskat\u012b\u0161an\u0101","potentialAction":[{"@type":"SearchAction","target":{"@type":"EntryPoint","urlTemplate":"https:\/\/www.whisker.lv\/?s={search_term_string}"},"query-input":"required name=search_term_string"}],"inLanguage":"en-US"}]}},"_links":{"self":[{"href":"https:\/\/www.whisker.lv\/en\/wp-json\/wp\/v2\/pages\/8558"}],"collection":[{"href":"https:\/\/www.whisker.lv\/en\/wp-json\/wp\/v2\/pages"}],"about":[{"href":"https:\/\/www.whisker.lv\/en\/wp-json\/wp\/v2\/types\/page"}],"author":[{"embeddable":true,"href":"https:\/\/www.whisker.lv\/en\/wp-json\/wp\/v2\/users\/1"}],"replies":[{"embeddable":true,"href":"https:\/\/www.whisker.lv\/en\/wp-json\/wp\/v2\/comments?post=8558"}],"version-history":[{"count":6,"href":"https:\/\/www.whisker.lv\/en\/wp-json\/wp\/v2\/pages\/8558\/revisions"}],"predecessor-version":[{"id":8586,"href":"https:\/\/www.whisker.lv\/en\/wp-json\/wp\/v2\/pages\/8558\/revisions\/8586"}],"wp:attachment":[{"href":"https:\/\/www.whisker.lv\/en\/wp-json\/wp\/v2\/media?parent=8558"}],"curies":[{"name":"wp","href":"https:\/\/api.w.org\/{rel}","templated":true}]}}