



{"id":8673,"date":"2019-03-06T21:09:19","date_gmt":"2019-03-06T19:09:19","guid":{"rendered":"https:\/\/www.whisker.lv\/?page_id=8673"},"modified":"2019-04-03T21:33:55","modified_gmt":"2019-04-03T19:33:55","slug":"akita-inu","status":"publish","type":"page","link":"https:\/\/www.whisker.lv\/en\/sunu-skirnes\/akita-inu\/","title":{"rendered":"Akita-inu"},"content":{"rendered":"[vc_row][vc_column][vc_text_separator title=&#8221;Akita-inu&#8221; border_width=&#8221;8&#8243;][\/vc_column][\/vc_row][vc_row][vc_column width=&#8221;1\/2&#8243;][vc_single_image image=&#8221;8675&#8243; img_size=&#8221;full&#8221; alignment=&#8221;center&#8221; style=&#8221;vc_box_rounded&#8221;][\/vc_column][vc_column width=&#8221;1\/2&#8243;][vc_column_text]<span style=\"color: #000000;\"><strong>Dzimtene:<\/strong> Jap\u0101na<\/span><\/p>\n<p><span style=\"color: #000000;\"><strong>Funkcija:<\/strong> med\u012bbu suns<\/span><\/p>\n<p><span style=\"color: #000000;\"><strong>Izcel\u0161an\u0101s:<\/strong> ap 1600. g.<\/span><\/p>\n<p><span style=\"color: #000000;\"><strong>Skausta augstums:<\/strong> 60-71 cm<\/span><\/p>\n<p><span style=\"color: #000000;\"><strong>Masa:<\/strong> 34-50 kg<\/span><\/p>\n<p><span style=\"color: #000000;\"><strong>Raksturs:<\/strong> akt\u012bvs, neatkar\u012bgs<\/span><\/p>\n<p><span style=\"color: #000000;\"><strong>Dz\u012bves ilgums:<\/strong> 10-13 gadi<\/span>[\/vc_column_text][\/vc_column][\/vc_row][vc_row][vc_column][vc_column_text]<span style=\"color: #000000;\">Sp\u0113c\u012bgais akita-inu c\u0113lies no \u0161piciem. Vi\u0146a rakstur\u012bg\u0101k\u0101s iez\u012bmes ir st\u0101vas ausis un aste, kas kl\u0101jas p\u0101ri mugurai. Akita-inu ir smails purns, galva ir liela un plata.<\/span><\/p>\n<p><span style=\"color: #000000;\"><strong>V\u0113sture.<\/strong> Akita-inu \u0161\u0137irni izveidojis k\u0101ds jap\u0101\u0146u augstmanis, kur\u0161 bija izs\u016bt\u012bts trimd\u0101 Akitas provinc\u0113. \u0160os su\u0146us izmanto b\u012bstamo un gr\u016bti nomed\u012bjamo l\u0101\u010du med\u012bb\u0101s.<\/span><\/p>\n<p><span style=\"color: #000000;\"><strong>Piez\u012bme.<\/strong> 1931. gad\u0101 \u0161\u0137irne tika ofici\u0101li iek\u013cauta Jap\u0101nas nacion\u0101l\u0101 mantojuma sarakst\u0101.<\/span><\/p>\n<p><span style=\"color: #000000;\"><strong>Citi nosaukumi.<\/strong> Akita. Jap\u0101\u0146u akita.<\/span>[\/vc_column_text][\/vc_column][\/vc_row]\n","protected":false},"excerpt":{"rendered":"<p>[vc_row][vc_column][vc_text_separator title=&#8221;Akita-inu&#8221; border_width=&#8221;8&#8243;][\/vc_column][\/vc_row][vc_row][vc_column width=&#8221;1\/2&#8243;][vc_single_image image=&#8221;8675&#8243; img_size=&#8221;full&#8221; alignment=&#8221;center&#8221; style=&#8221;vc_box_rounded&#8221;][\/vc_column][vc_column width=&#8221;1\/2&#8243;][vc_column_text]Dzimtene: Jap\u0101na Funkcija: med\u012bbu suns Izcel\u0161an\u0101s: ap 1600. g. Skausta augstums: 60-71 cm Masa: 34-50 kg Raksturs: akt\u012bvs, neatkar\u012bgs Dz\u012bves ilgums: 10-13 gadi[\/vc_column_text][\/vc_column][\/vc_row][vc_row][vc_column][vc_column_text]Sp\u0113c\u012bgais akita-inu c\u0113lies no \u0161piciem. Vi\u0146a rakstur\u012bg\u0101k\u0101s iez\u012bmes ir st\u0101vas ausis un aste, kas kl\u0101jas p\u0101ri mugurai. Akita-inu ir smails purns, galva ir liela un [&hellip;]<\/p>\n","protected":false},"author":1,"featured_media":0,"parent":8016,"menu_order":0,"comment_status":"closed","ping_status":"closed","template":"page-fullwidth.php","meta":{"_acf_changed":false,"_glsr_average":0,"_glsr_ranking":0,"_glsr_reviews":0,"footnotes":""},"translation":{"provider":"WPGlobus","version":"2.12.2","language":"en","enabled_languages":["lv","en","ru"],"languages":{"lv":{"title":true,"content":true,"excerpt":false},"en":{"title":false,"content":false,"excerpt":false},"ru":{"title":false,"content":false,"excerpt":false}}},"acf":[],"yoast_head":"<!-- This site is optimized with the Yoast SEO plugin v22.5 - https:\/\/yoast.com\/wordpress\/plugins\/seo\/ -->\n<title>Akita-inu - Whisker.lv | Su\u0146u \u0161\u0137irnes - Akita-inu<\/title>\n<meta name=\"robots\" content=\"index, follow, max-snippet:-1, max-image-preview:large, max-video-preview:-1\" \/>\n<link rel=\"canonical\" href=\"https:\/\/www.whisker.lv\/sunu-skirnes\/akita-inu\/\" \/>\n<meta property=\"og:locale\" content=\"en_US\" \/>\n<meta property=\"og:type\" content=\"article\" \/>\n<meta property=\"og:title\" content=\"Akita-inu - Whisker\" \/>\n<meta property=\"og:url\" content=\"https:\/\/www.whisker.lv\/sunu-skirnes\/akita-inu\/\" \/>\n<meta property=\"og:site_name\" content=\"Whisker\" \/>\n<meta property=\"article:publisher\" content=\"https:\/\/www.facebook.com\/whisker.lv\/\" \/>\n<meta property=\"article:modified_time\" content=\"2019-04-03T19:33:55+00:00\" \/>\n<meta name=\"twitter:card\" content=\"summary_large_image\" \/>\n<meta name=\"twitter:label1\" content=\"Est. reading time\" \/>\n\t<meta name=\"twitter:data1\" content=\"1 minute\" \/>\n<script type=\"application\/ld+json\" class=\"yoast-schema-graph\">{\"@context\":\"https:\/\/schema.org\",\"@graph\":[{\"@type\":\"WebPage\",\"@id\":\"https:\/\/www.whisker.lv\/sunu-skirnes\/akita-inu\/\",\"url\":\"https:\/\/www.whisker.lv\/sunu-skirnes\/akita-inu\/\",\"name\":\"Akita-inu - Whisker.lv | Su\u0146u \u0161\u0137irnes - Akita-inu\",\"isPartOf\":{\"@id\":\"https:\/\/www.whisker.lv\/#website\"},\"datePublished\":\"2019-03-06T19:09:19+00:00\",\"dateModified\":\"2019-04-03T19:33:55+00:00\",\"description\":\"Akita-inu rakstur\u012bg\u0101k\u0101s iez\u012bmes ir st\u0101vas ausis un aste, kas kl\u0101jas p\u0101ri mugurai. Akita-inu ir smails purns, galva ir liela un plata.\",\"breadcrumb\":{\"@id\":\"https:\/\/www.whisker.lv\/sunu-skirnes\/akita-inu\/#breadcrumb\"},\"inLanguage\":\"en-US\",\"potentialAction\":[{\"@type\":\"ReadAction\",\"target\":[\"https:\/\/www.whisker.lv\/sunu-skirnes\/akita-inu\/\"]}]},{\"@type\":\"BreadcrumbList\",\"@id\":\"https:\/\/www.whisker.lv\/sunu-skirnes\/akita-inu\/#breadcrumb\",\"itemListElement\":[{\"@type\":\"ListItem\",\"position\":1,\"name\":\"S\u0101kums\",\"item\":\"https:\/\/www.whisker.lv\/\"},{\"@type\":\"ListItem\",\"position\":2,\"name\":\"Su\u0146u \u0161\u0137irnes\",\"item\":\"https:\/\/www.whisker.lv\/sunu-skirnes\/\"},{\"@type\":\"ListItem\",\"position\":3,\"name\":\"Akita-inu\"}]},{\"@type\":\"WebSite\",\"@id\":\"https:\/\/www.whisker.lv\/#website\",\"url\":\"https:\/\/www.whisker.lv\/\",\"name\":\"Whisker\",\"description\":\"Tavs pal\u012bgs m\u0101jdzivnieku pieskat\u012b\u0161an\u0101\",\"potentialAction\":[{\"@type\":\"SearchAction\",\"target\":{\"@type\":\"EntryPoint\",\"urlTemplate\":\"https:\/\/www.whisker.lv\/?s={search_term_string}\"},\"query-input\":\"required name=search_term_string\"}],\"inLanguage\":\"en-US\"}]}<\/script>\n<!-- \/ Yoast SEO plugin. -->","yoast_head_json":{"title":"Akita-inu - Whisker.lv | Su\u0146u \u0161\u0137irnes - Akita-inu","robots":{"index":"index","follow":"follow","max-snippet":"max-snippet:-1","max-image-preview":"max-image-preview:large","max-video-preview":"max-video-preview:-1"},"canonical":"https:\/\/www.whisker.lv\/sunu-skirnes\/akita-inu\/","og_locale":"en_US","og_type":"article","og_title":"Akita-inu - Whisker","og_url":"https:\/\/www.whisker.lv\/sunu-skirnes\/akita-inu\/","og_site_name":"Whisker","article_publisher":"https:\/\/www.facebook.com\/whisker.lv\/","article_modified_time":"2019-04-03T19:33:55+00:00","twitter_card":"summary_large_image","twitter_misc":{"Est. reading time":"1 minute"},"schema":{"@context":"https:\/\/schema.org","@graph":[{"@type":"WebPage","@id":"https:\/\/www.whisker.lv\/sunu-skirnes\/akita-inu\/","url":"https:\/\/www.whisker.lv\/sunu-skirnes\/akita-inu\/","name":"Akita-inu - Whisker.lv | Su\u0146u \u0161\u0137irnes - Akita-inu","isPartOf":{"@id":"https:\/\/www.whisker.lv\/#website"},"datePublished":"2019-03-06T19:09:19+00:00","dateModified":"2019-04-03T19:33:55+00:00","description":"Akita-inu rakstur\u012bg\u0101k\u0101s iez\u012bmes ir st\u0101vas ausis un aste, kas kl\u0101jas p\u0101ri mugurai. Akita-inu ir smails purns, galva ir liela un plata.","breadcrumb":{"@id":"https:\/\/www.whisker.lv\/sunu-skirnes\/akita-inu\/#breadcrumb"},"inLanguage":"en-US","potentialAction":[{"@type":"ReadAction","target":["https:\/\/www.whisker.lv\/sunu-skirnes\/akita-inu\/"]}]},{"@type":"BreadcrumbList","@id":"https:\/\/www.whisker.lv\/sunu-skirnes\/akita-inu\/#breadcrumb","itemListElement":[{"@type":"ListItem","position":1,"name":"S\u0101kums","item":"https:\/\/www.whisker.lv\/"},{"@type":"ListItem","position":2,"name":"Su\u0146u \u0161\u0137irnes","item":"https:\/\/www.whisker.lv\/sunu-skirnes\/"},{"@type":"ListItem","position":3,"name":"Akita-inu"}]},{"@type":"WebSite","@id":"https:\/\/www.whisker.lv\/#website","url":"https:\/\/www.whisker.lv\/","name":"Whisker","description":"Tavs pal\u012bgs m\u0101jdzivnieku pieskat\u012b\u0161an\u0101","potentialAction":[{"@type":"SearchAction","target":{"@type":"EntryPoint","urlTemplate":"https:\/\/www.whisker.lv\/?s={search_term_string}"},"query-input":"required name=search_term_string"}],"inLanguage":"en-US"}]}},"_links":{"self":[{"href":"https:\/\/www.whisker.lv\/en\/wp-json\/wp\/v2\/pages\/8673"}],"collection":[{"href":"https:\/\/www.whisker.lv\/en\/wp-json\/wp\/v2\/pages"}],"about":[{"href":"https:\/\/www.whisker.lv\/en\/wp-json\/wp\/v2\/types\/page"}],"author":[{"embeddable":true,"href":"https:\/\/www.whisker.lv\/en\/wp-json\/wp\/v2\/users\/1"}],"replies":[{"embeddable":true,"href":"https:\/\/www.whisker.lv\/en\/wp-json\/wp\/v2\/comments?post=8673"}],"version-history":[{"count":5,"href":"https:\/\/www.whisker.lv\/en\/wp-json\/wp\/v2\/pages\/8673\/revisions"}],"predecessor-version":[{"id":11142,"href":"https:\/\/www.whisker.lv\/en\/wp-json\/wp\/v2\/pages\/8673\/revisions\/11142"}],"up":[{"embeddable":true,"href":"https:\/\/www.whisker.lv\/en\/wp-json\/wp\/v2\/pages\/8016"}],"wp:attachment":[{"href":"https:\/\/www.whisker.lv\/en\/wp-json\/wp\/v2\/media?parent=8673"}],"curies":[{"name":"wp","href":"https:\/\/api.w.org\/{rel}","templated":true}]}}