



{"id":8706,"date":"2019-03-07T00:43:23","date_gmt":"2019-03-06T22:43:23","guid":{"rendered":"https:\/\/www.whisker.lv\/?page_id=8706"},"modified":"2019-04-03T21:42:11","modified_gmt":"2019-04-03T19:42:11","slug":"australijas-ganu-suns","status":"publish","type":"page","link":"https:\/\/www.whisker.lv\/en\/sunu-skirnes\/australijas-ganu-suns\/","title":{"rendered":"Austr\u0101lijas ganu suns"},"content":{"rendered":"[vc_row][vc_column][vc_text_separator title=&#8221;Austr\u0101lijas ganu suns&#8221; border_width=&#8221;8&#8243;][\/vc_column][\/vc_row][vc_row][vc_column width=&#8221;1\/2&#8243;][vc_single_image image=&#8221;8708&#8243; img_size=&#8221;full&#8221; alignment=&#8221;center&#8221; style=&#8221;vc_box_rounded&#8221;][\/vc_column][vc_column width=&#8221;1\/2&#8243;][vc_column_text]<span style=\"color: #000000;\"><strong>Dzimtene:<\/strong> Austr\u0101lija<\/span><\/p>\n<p><span style=\"color: #000000;\"><strong>Funkcija:<\/strong> ganu suns<\/span><\/p>\n<p><span style=\"color: #000000;\"><strong>Izcel\u0161an\u0101s:<\/strong> ap 1800. g.<\/span><\/p>\n<p><span style=\"color: #000000;\"><strong>Skausta augstums:<\/strong> 43-51 cm<\/span><\/p>\n<p><span style=\"color: #000000;\"><strong>Masa:<\/strong> 16-20 kg<\/span><\/p>\n<p><span style=\"color: #000000;\"><strong>Raksturs:<\/strong> drosm\u012bgs, noteikts<\/span><\/p>\n<p><span style=\"color: #000000;\"><strong>Dz\u012bves ilgums:<\/strong> 12-16 gadi<\/span>[\/vc_column_text][\/vc_column][\/vc_row][vc_row][vc_column][vc_column_text]<span style=\"color: #000000;\">Sp\u0113c\u012bg\u0101, kompakt\u0101 su\u0146a galvenais uzdevums ir lopu dz\u012b\u0161ana uz tirgiem, turkl\u0101t bie\u017ei vien pa st\u0101viem, kalnainiem ce\u013ciem. Austr\u0101lijas ganu su\u0146i ir \u013coti kust\u012bgi, p\u0101rsteidzo\u0161i iztur\u012bgi un paciet\u012bgi. Kad suns str\u0101d\u0101, vi\u0146\u0161 ir \u013coti kluss, ta\u010du sp\u0113j prec\u012bzi un bez liekas piep\u016bles vad\u012bt gan\u0101mpulku.<\/span><\/p>\n<p><span style=\"color: #000000;\"><strong>V\u0113sture.<\/strong> Par Austr\u0101lijas ganu su\u0146u sen\u010diem uzskata da\u017e\u0101du \u0161\u0137ir\u0146u su\u0146us. Viens no vi\u0146iem ir dingo, kur\u0161 bija p\u0101r\u0101k nevald\u0101ms un strauj\u0161, lai uzraudz\u012btu gan\u0101mpulku.<\/span><\/p>\n<p><span style=\"color: #000000;\"><strong>Piez\u012bmes.<\/strong> \u0160\u012bs \u0161\u0137irnes su\u0146i ir sasniegu\u0161i su\u0146iem neparastu ilgdz\u012bvo\u0161anas rekordu \u2013 vi\u0146u m\u016b\u017es ir 29 gadi.<\/span><\/p>\n<p><span style=\"color: #000000;\"><strong>Citi nosaukumi<\/strong>. Austr\u0101lijas Kv\u012bnslendas h\u012blers, zilais h\u012blers.<\/span>[\/vc_column_text][\/vc_column][\/vc_row]\n","protected":false},"excerpt":{"rendered":"<p>[vc_row][vc_column][vc_text_separator title=&#8221;Austr\u0101lijas ganu suns&#8221; border_width=&#8221;8&#8243;][\/vc_column][\/vc_row][vc_row][vc_column width=&#8221;1\/2&#8243;][vc_single_image image=&#8221;8708&#8243; img_size=&#8221;full&#8221; alignment=&#8221;center&#8221; style=&#8221;vc_box_rounded&#8221;][\/vc_column][vc_column width=&#8221;1\/2&#8243;][vc_column_text]Dzimtene: Austr\u0101lija Funkcija: ganu suns Izcel\u0161an\u0101s: ap 1800. g. Skausta augstums: 43-51 cm Masa: 16-20 kg Raksturs: drosm\u012bgs, noteikts Dz\u012bves ilgums: 12-16 gadi[\/vc_column_text][\/vc_column][\/vc_row][vc_row][vc_column][vc_column_text]Sp\u0113c\u012bg\u0101, kompakt\u0101 su\u0146a galvenais uzdevums ir lopu dz\u012b\u0161ana uz tirgiem, turkl\u0101t bie\u017ei vien pa st\u0101viem, kalnainiem ce\u013ciem. Austr\u0101lijas ganu su\u0146i ir \u013coti kust\u012bgi, [&hellip;]<\/p>\n","protected":false},"author":1,"featured_media":0,"parent":8016,"menu_order":0,"comment_status":"closed","ping_status":"closed","template":"page-fullwidth.php","meta":{"_acf_changed":false,"_glsr_average":0,"_glsr_ranking":0,"_glsr_reviews":0,"footnotes":""},"translation":{"provider":"WPGlobus","version":"2.12.2","language":"en","enabled_languages":["lv","en","ru"],"languages":{"lv":{"title":true,"content":true,"excerpt":false},"en":{"title":false,"content":false,"excerpt":false},"ru":{"title":false,"content":false,"excerpt":false}}},"acf":[],"yoast_head":"<!-- This site is optimized with the Yoast SEO plugin v22.5 - https:\/\/yoast.com\/wordpress\/plugins\/seo\/ -->\n<title>Austr\u0101lijas ganu suns - Whisker.lv | Su\u0146u \u0161\u0137irnes - Austr\u0101lijas ganu suns<\/title>\n<meta name=\"robots\" content=\"index, follow, max-snippet:-1, max-image-preview:large, max-video-preview:-1\" \/>\n<link rel=\"canonical\" href=\"https:\/\/www.whisker.lv\/sunu-skirnes\/australijas-ganu-suns\/\" \/>\n<meta property=\"og:locale\" content=\"en_US\" \/>\n<meta property=\"og:type\" content=\"article\" \/>\n<meta property=\"og:title\" content=\"Austr\u0101lijas ganu suns - Whisker\" \/>\n<meta property=\"og:url\" content=\"https:\/\/www.whisker.lv\/sunu-skirnes\/australijas-ganu-suns\/\" \/>\n<meta property=\"og:site_name\" content=\"Whisker\" \/>\n<meta property=\"article:publisher\" content=\"https:\/\/www.facebook.com\/whisker.lv\/\" \/>\n<meta property=\"article:modified_time\" content=\"2019-04-03T19:42:11+00:00\" \/>\n<meta name=\"twitter:card\" content=\"summary_large_image\" \/>\n<meta name=\"twitter:label1\" content=\"Est. reading time\" \/>\n\t<meta name=\"twitter:data1\" content=\"1 minute\" \/>\n<script type=\"application\/ld+json\" class=\"yoast-schema-graph\">{\"@context\":\"https:\/\/schema.org\",\"@graph\":[{\"@type\":\"WebPage\",\"@id\":\"https:\/\/www.whisker.lv\/sunu-skirnes\/australijas-ganu-suns\/\",\"url\":\"https:\/\/www.whisker.lv\/sunu-skirnes\/australijas-ganu-suns\/\",\"name\":\"Austr\u0101lijas ganu suns - Whisker.lv | Su\u0146u \u0161\u0137irnes - Austr\u0101lijas ganu suns\",\"isPartOf\":{\"@id\":\"https:\/\/www.whisker.lv\/#website\"},\"datePublished\":\"2019-03-06T22:43:23+00:00\",\"dateModified\":\"2019-04-03T19:42:11+00:00\",\"description\":\"Austr\u0101lijas ganu suns - \u013coti kust\u012bgs, p\u0101rsteidzo\u0161i iztur\u012bgs un paciet\u012bgs. Sp\u0113j prec\u012bzi un bez liekas piep\u016bles vad\u012bt gan\u0101mpulku.\",\"breadcrumb\":{\"@id\":\"https:\/\/www.whisker.lv\/sunu-skirnes\/australijas-ganu-suns\/#breadcrumb\"},\"inLanguage\":\"en-US\",\"potentialAction\":[{\"@type\":\"ReadAction\",\"target\":[\"https:\/\/www.whisker.lv\/sunu-skirnes\/australijas-ganu-suns\/\"]}]},{\"@type\":\"BreadcrumbList\",\"@id\":\"https:\/\/www.whisker.lv\/sunu-skirnes\/australijas-ganu-suns\/#breadcrumb\",\"itemListElement\":[{\"@type\":\"ListItem\",\"position\":1,\"name\":\"S\u0101kums\",\"item\":\"https:\/\/www.whisker.lv\/\"},{\"@type\":\"ListItem\",\"position\":2,\"name\":\"Su\u0146u \u0161\u0137irnes\",\"item\":\"https:\/\/www.whisker.lv\/sunu-skirnes\/\"},{\"@type\":\"ListItem\",\"position\":3,\"name\":\"Austr\u0101lijas ganu suns\"}]},{\"@type\":\"WebSite\",\"@id\":\"https:\/\/www.whisker.lv\/#website\",\"url\":\"https:\/\/www.whisker.lv\/\",\"name\":\"Whisker\",\"description\":\"Tavs pal\u012bgs m\u0101jdzivnieku pieskat\u012b\u0161an\u0101\",\"potentialAction\":[{\"@type\":\"SearchAction\",\"target\":{\"@type\":\"EntryPoint\",\"urlTemplate\":\"https:\/\/www.whisker.lv\/?s={search_term_string}\"},\"query-input\":\"required name=search_term_string\"}],\"inLanguage\":\"en-US\"}]}<\/script>\n<!-- \/ Yoast SEO plugin. -->","yoast_head_json":{"title":"Austr\u0101lijas ganu suns - Whisker.lv | Su\u0146u \u0161\u0137irnes - Austr\u0101lijas ganu suns","robots":{"index":"index","follow":"follow","max-snippet":"max-snippet:-1","max-image-preview":"max-image-preview:large","max-video-preview":"max-video-preview:-1"},"canonical":"https:\/\/www.whisker.lv\/sunu-skirnes\/australijas-ganu-suns\/","og_locale":"en_US","og_type":"article","og_title":"Austr\u0101lijas ganu suns - Whisker","og_url":"https:\/\/www.whisker.lv\/sunu-skirnes\/australijas-ganu-suns\/","og_site_name":"Whisker","article_publisher":"https:\/\/www.facebook.com\/whisker.lv\/","article_modified_time":"2019-04-03T19:42:11+00:00","twitter_card":"summary_large_image","twitter_misc":{"Est. reading time":"1 minute"},"schema":{"@context":"https:\/\/schema.org","@graph":[{"@type":"WebPage","@id":"https:\/\/www.whisker.lv\/sunu-skirnes\/australijas-ganu-suns\/","url":"https:\/\/www.whisker.lv\/sunu-skirnes\/australijas-ganu-suns\/","name":"Austr\u0101lijas ganu suns - Whisker.lv | Su\u0146u \u0161\u0137irnes - Austr\u0101lijas ganu suns","isPartOf":{"@id":"https:\/\/www.whisker.lv\/#website"},"datePublished":"2019-03-06T22:43:23+00:00","dateModified":"2019-04-03T19:42:11+00:00","description":"Austr\u0101lijas ganu suns - \u013coti kust\u012bgs, p\u0101rsteidzo\u0161i iztur\u012bgs un paciet\u012bgs. Sp\u0113j prec\u012bzi un bez liekas piep\u016bles vad\u012bt gan\u0101mpulku.","breadcrumb":{"@id":"https:\/\/www.whisker.lv\/sunu-skirnes\/australijas-ganu-suns\/#breadcrumb"},"inLanguage":"en-US","potentialAction":[{"@type":"ReadAction","target":["https:\/\/www.whisker.lv\/sunu-skirnes\/australijas-ganu-suns\/"]}]},{"@type":"BreadcrumbList","@id":"https:\/\/www.whisker.lv\/sunu-skirnes\/australijas-ganu-suns\/#breadcrumb","itemListElement":[{"@type":"ListItem","position":1,"name":"S\u0101kums","item":"https:\/\/www.whisker.lv\/"},{"@type":"ListItem","position":2,"name":"Su\u0146u \u0161\u0137irnes","item":"https:\/\/www.whisker.lv\/sunu-skirnes\/"},{"@type":"ListItem","position":3,"name":"Austr\u0101lijas ganu suns"}]},{"@type":"WebSite","@id":"https:\/\/www.whisker.lv\/#website","url":"https:\/\/www.whisker.lv\/","name":"Whisker","description":"Tavs pal\u012bgs m\u0101jdzivnieku pieskat\u012b\u0161an\u0101","potentialAction":[{"@type":"SearchAction","target":{"@type":"EntryPoint","urlTemplate":"https:\/\/www.whisker.lv\/?s={search_term_string}"},"query-input":"required name=search_term_string"}],"inLanguage":"en-US"}]}},"_links":{"self":[{"href":"https:\/\/www.whisker.lv\/en\/wp-json\/wp\/v2\/pages\/8706"}],"collection":[{"href":"https:\/\/www.whisker.lv\/en\/wp-json\/wp\/v2\/pages"}],"about":[{"href":"https:\/\/www.whisker.lv\/en\/wp-json\/wp\/v2\/types\/page"}],"author":[{"embeddable":true,"href":"https:\/\/www.whisker.lv\/en\/wp-json\/wp\/v2\/users\/1"}],"replies":[{"embeddable":true,"href":"https:\/\/www.whisker.lv\/en\/wp-json\/wp\/v2\/comments?post=8706"}],"version-history":[{"count":4,"href":"https:\/\/www.whisker.lv\/en\/wp-json\/wp\/v2\/pages\/8706\/revisions"}],"predecessor-version":[{"id":11154,"href":"https:\/\/www.whisker.lv\/en\/wp-json\/wp\/v2\/pages\/8706\/revisions\/11154"}],"up":[{"embeddable":true,"href":"https:\/\/www.whisker.lv\/en\/wp-json\/wp\/v2\/pages\/8016"}],"wp:attachment":[{"href":"https:\/\/www.whisker.lv\/en\/wp-json\/wp\/v2\/media?parent=8706"}],"curies":[{"name":"wp","href":"https:\/\/api.w.org\/{rel}","templated":true}]}}