



{"id":8716,"date":"2019-03-07T01:03:53","date_gmt":"2019-03-06T23:03:53","guid":{"rendered":"https:\/\/www.whisker.lv\/?page_id=8716"},"modified":"2019-04-03T21:43:17","modified_gmt":"2019-04-03T19:43:17","slug":"australijas-zidspalvas-terjers","status":"publish","type":"page","link":"https:\/\/www.whisker.lv\/en\/sunu-skirnes\/australijas-zidspalvas-terjers\/","title":{"rendered":"Austr\u0101lijas z\u012bdspalvas terjers"},"content":{"rendered":"[vc_row][vc_column][vc_text_separator title=&#8221;Austr\u0101lijas z\u012bdspalvas terjers&#8221; border_width=&#8221;8&#8243;][\/vc_column][\/vc_row][vc_row][vc_column width=&#8221;1\/2&#8243;][vc_single_image image=&#8221;8720&#8243; img_size=&#8221;full&#8221; alignment=&#8221;center&#8221; style=&#8221;vc_box_rounded&#8221;][\/vc_column][vc_column width=&#8221;1\/2&#8243;][vc_column_text]<span style=\"color: #000000;\"><strong>Dzimtene:<\/strong> Austr\u0101lija<\/span><\/p>\n<p><span style=\"color: #000000;\"><strong>Funkcija:<\/strong> dekorat\u012bvais suns<\/span><\/p>\n<p><span style=\"color: #000000;\"><strong>Izcel\u0161an\u0101s:<\/strong> ap 1800. g.<\/span><\/p>\n<p><span style=\"color: #000000;\"><strong>Skausta augstums:<\/strong> 23 cm<\/span><\/p>\n<p><span style=\"color: #000000;\"><strong>Masa:<\/strong> 4-5 kg<\/span><\/p>\n<p><span style=\"color: #000000;\"><strong>Raksturs:<\/strong> draudz\u012bgs, ener\u0123isks<\/span><\/p>\n<p><span style=\"color: #000000;\"><strong>Dz\u012bves ilgums:<\/strong> 13-15 gadi<\/span>[\/vc_column_text][\/vc_column][\/vc_row][vc_row][vc_column][vc_column_text]<span style=\"color: #000000;\">Kompaktajam, smalki veidotajam terjeram taisnie, z\u012bdainie mati uz l\u012bdzen\u0101s muguras veido \u0161\u0137irtni, bet ausis ir smailas un st\u0101vas.<\/span><\/p>\n<p><span style=\"color: #000000;\"><strong>V\u0113sture.<\/strong> Austr\u0101lijas z\u012bda terjers tika izveidots 19. gadsimt\u0101, krustojot britu terjerus, piem\u0113ram, Jork\u0161\u012bras terjeru un Austr\u0101lijas terjeru.<\/span><\/p>\n<p><span style=\"color: #000000;\"><strong>Piez\u012bme.<\/strong> Austr\u0101lijas z\u012bdspalvas terjeri veidoti tikai k\u0101 dekorat\u012bvie su\u0146i.<\/span><\/p>\n<p><span style=\"color: #000000;\"><strong>Citi nosaukumi.<\/strong> Z\u012bdspalvas terjers, Sidnejas z\u012bdspalvas terjers.<\/span><\/p>\n[\/vc_column_text][\/vc_column][\/vc_row]\n","protected":false},"excerpt":{"rendered":"<p>[vc_row][vc_column][vc_text_separator title=&#8221;Austr\u0101lijas z\u012bdspalvas terjers&#8221; border_width=&#8221;8&#8243;][\/vc_column][\/vc_row][vc_row][vc_column width=&#8221;1\/2&#8243;][vc_single_image image=&#8221;8720&#8243; img_size=&#8221;full&#8221; alignment=&#8221;center&#8221; style=&#8221;vc_box_rounded&#8221;][\/vc_column][vc_column width=&#8221;1\/2&#8243;][vc_column_text]Dzimtene: Austr\u0101lija Funkcija: dekorat\u012bvais suns Izcel\u0161an\u0101s: ap 1800. g. Skausta augstums: 23 cm Masa: 4-5 kg Raksturs: draudz\u012bgs, ener\u0123isks Dz\u012bves ilgums: 13-15 gadi[\/vc_column_text][\/vc_column][\/vc_row][vc_row][vc_column][vc_column_text]Kompaktajam, smalki veidotajam terjeram taisnie, z\u012bdainie mati uz l\u012bdzen\u0101s muguras veido \u0161\u0137irtni, bet ausis ir smailas un st\u0101vas. V\u0113sture. Austr\u0101lijas z\u012bda terjers tika [&hellip;]<\/p>\n","protected":false},"author":1,"featured_media":0,"parent":8016,"menu_order":0,"comment_status":"closed","ping_status":"closed","template":"page-fullwidth.php","meta":{"_acf_changed":false,"_glsr_average":0,"_glsr_ranking":0,"_glsr_reviews":0,"footnotes":""},"translation":{"provider":"WPGlobus","version":"2.12.2","language":"en","enabled_languages":["lv","en","ru"],"languages":{"lv":{"title":true,"content":true,"excerpt":false},"en":{"title":false,"content":false,"excerpt":false},"ru":{"title":false,"content":false,"excerpt":false}}},"acf":[],"yoast_head":"<!-- This site is optimized with the Yoast SEO plugin v22.5 - https:\/\/yoast.com\/wordpress\/plugins\/seo\/ -->\n<title>Austr\u0101lijas z\u012bdspalvas terjers - Whisker.lv | Su\u0146u \u0161\u0137irnes<\/title>\n<meta name=\"robots\" content=\"index, follow, max-snippet:-1, max-image-preview:large, max-video-preview:-1\" \/>\n<link rel=\"canonical\" href=\"https:\/\/www.whisker.lv\/sunu-skirnes\/australijas-zidspalvas-terjers\/\" \/>\n<meta property=\"og:locale\" content=\"en_US\" \/>\n<meta property=\"og:type\" content=\"article\" \/>\n<meta property=\"og:title\" content=\"Austr\u0101lijas z\u012bdspalvas terjers - Whisker\" \/>\n<meta property=\"og:url\" content=\"https:\/\/www.whisker.lv\/sunu-skirnes\/australijas-zidspalvas-terjers\/\" \/>\n<meta property=\"og:site_name\" content=\"Whisker\" \/>\n<meta property=\"article:publisher\" content=\"https:\/\/www.facebook.com\/whisker.lv\/\" \/>\n<meta property=\"article:modified_time\" content=\"2019-04-03T19:43:17+00:00\" \/>\n<meta name=\"twitter:card\" content=\"summary_large_image\" \/>\n<meta name=\"twitter:label1\" content=\"Est. reading time\" \/>\n\t<meta name=\"twitter:data1\" content=\"1 minute\" \/>\n<script type=\"application\/ld+json\" class=\"yoast-schema-graph\">{\"@context\":\"https:\/\/schema.org\",\"@graph\":[{\"@type\":\"WebPage\",\"@id\":\"https:\/\/www.whisker.lv\/sunu-skirnes\/australijas-zidspalvas-terjers\/\",\"url\":\"https:\/\/www.whisker.lv\/sunu-skirnes\/australijas-zidspalvas-terjers\/\",\"name\":\"Austr\u0101lijas z\u012bdspalvas terjers - Whisker.lv | Su\u0146u \u0161\u0137irnes\",\"isPartOf\":{\"@id\":\"https:\/\/www.whisker.lv\/#website\"},\"datePublished\":\"2019-03-06T23:03:53+00:00\",\"dateModified\":\"2019-04-03T19:43:17+00:00\",\"description\":\"Austr\u0101lijas z\u012bdspalvas terjers - kompakts, smalki veidotajam terjers. Z\u012bdainie mati uz l\u012bdzen\u0101s muguras veido \u0161\u0137irtni, bet ausis ir smailas un st\u0101vas.\",\"breadcrumb\":{\"@id\":\"https:\/\/www.whisker.lv\/sunu-skirnes\/australijas-zidspalvas-terjers\/#breadcrumb\"},\"inLanguage\":\"en-US\",\"potentialAction\":[{\"@type\":\"ReadAction\",\"target\":[\"https:\/\/www.whisker.lv\/sunu-skirnes\/australijas-zidspalvas-terjers\/\"]}]},{\"@type\":\"BreadcrumbList\",\"@id\":\"https:\/\/www.whisker.lv\/sunu-skirnes\/australijas-zidspalvas-terjers\/#breadcrumb\",\"itemListElement\":[{\"@type\":\"ListItem\",\"position\":1,\"name\":\"S\u0101kums\",\"item\":\"https:\/\/www.whisker.lv\/\"},{\"@type\":\"ListItem\",\"position\":2,\"name\":\"Su\u0146u \u0161\u0137irnes\",\"item\":\"https:\/\/www.whisker.lv\/sunu-skirnes\/\"},{\"@type\":\"ListItem\",\"position\":3,\"name\":\"Austr\u0101lijas z\u012bdspalvas terjers\"}]},{\"@type\":\"WebSite\",\"@id\":\"https:\/\/www.whisker.lv\/#website\",\"url\":\"https:\/\/www.whisker.lv\/\",\"name\":\"Whisker\",\"description\":\"Tavs pal\u012bgs m\u0101jdzivnieku pieskat\u012b\u0161an\u0101\",\"potentialAction\":[{\"@type\":\"SearchAction\",\"target\":{\"@type\":\"EntryPoint\",\"urlTemplate\":\"https:\/\/www.whisker.lv\/?s={search_term_string}\"},\"query-input\":\"required name=search_term_string\"}],\"inLanguage\":\"en-US\"}]}<\/script>\n<!-- \/ Yoast SEO plugin. -->","yoast_head_json":{"title":"Austr\u0101lijas z\u012bdspalvas terjers - Whisker.lv | Su\u0146u \u0161\u0137irnes","robots":{"index":"index","follow":"follow","max-snippet":"max-snippet:-1","max-image-preview":"max-image-preview:large","max-video-preview":"max-video-preview:-1"},"canonical":"https:\/\/www.whisker.lv\/sunu-skirnes\/australijas-zidspalvas-terjers\/","og_locale":"en_US","og_type":"article","og_title":"Austr\u0101lijas z\u012bdspalvas terjers - Whisker","og_url":"https:\/\/www.whisker.lv\/sunu-skirnes\/australijas-zidspalvas-terjers\/","og_site_name":"Whisker","article_publisher":"https:\/\/www.facebook.com\/whisker.lv\/","article_modified_time":"2019-04-03T19:43:17+00:00","twitter_card":"summary_large_image","twitter_misc":{"Est. reading time":"1 minute"},"schema":{"@context":"https:\/\/schema.org","@graph":[{"@type":"WebPage","@id":"https:\/\/www.whisker.lv\/sunu-skirnes\/australijas-zidspalvas-terjers\/","url":"https:\/\/www.whisker.lv\/sunu-skirnes\/australijas-zidspalvas-terjers\/","name":"Austr\u0101lijas z\u012bdspalvas terjers - Whisker.lv | Su\u0146u \u0161\u0137irnes","isPartOf":{"@id":"https:\/\/www.whisker.lv\/#website"},"datePublished":"2019-03-06T23:03:53+00:00","dateModified":"2019-04-03T19:43:17+00:00","description":"Austr\u0101lijas z\u012bdspalvas terjers - kompakts, smalki veidotajam terjers. Z\u012bdainie mati uz l\u012bdzen\u0101s muguras veido \u0161\u0137irtni, bet ausis ir smailas un st\u0101vas.","breadcrumb":{"@id":"https:\/\/www.whisker.lv\/sunu-skirnes\/australijas-zidspalvas-terjers\/#breadcrumb"},"inLanguage":"en-US","potentialAction":[{"@type":"ReadAction","target":["https:\/\/www.whisker.lv\/sunu-skirnes\/australijas-zidspalvas-terjers\/"]}]},{"@type":"BreadcrumbList","@id":"https:\/\/www.whisker.lv\/sunu-skirnes\/australijas-zidspalvas-terjers\/#breadcrumb","itemListElement":[{"@type":"ListItem","position":1,"name":"S\u0101kums","item":"https:\/\/www.whisker.lv\/"},{"@type":"ListItem","position":2,"name":"Su\u0146u \u0161\u0137irnes","item":"https:\/\/www.whisker.lv\/sunu-skirnes\/"},{"@type":"ListItem","position":3,"name":"Austr\u0101lijas z\u012bdspalvas terjers"}]},{"@type":"WebSite","@id":"https:\/\/www.whisker.lv\/#website","url":"https:\/\/www.whisker.lv\/","name":"Whisker","description":"Tavs pal\u012bgs m\u0101jdzivnieku pieskat\u012b\u0161an\u0101","potentialAction":[{"@type":"SearchAction","target":{"@type":"EntryPoint","urlTemplate":"https:\/\/www.whisker.lv\/?s={search_term_string}"},"query-input":"required name=search_term_string"}],"inLanguage":"en-US"}]}},"_links":{"self":[{"href":"https:\/\/www.whisker.lv\/en\/wp-json\/wp\/v2\/pages\/8716"}],"collection":[{"href":"https:\/\/www.whisker.lv\/en\/wp-json\/wp\/v2\/pages"}],"about":[{"href":"https:\/\/www.whisker.lv\/en\/wp-json\/wp\/v2\/types\/page"}],"author":[{"embeddable":true,"href":"https:\/\/www.whisker.lv\/en\/wp-json\/wp\/v2\/users\/1"}],"replies":[{"embeddable":true,"href":"https:\/\/www.whisker.lv\/en\/wp-json\/wp\/v2\/comments?post=8716"}],"version-history":[{"count":3,"href":"https:\/\/www.whisker.lv\/en\/wp-json\/wp\/v2\/pages\/8716\/revisions"}],"predecessor-version":[{"id":8721,"href":"https:\/\/www.whisker.lv\/en\/wp-json\/wp\/v2\/pages\/8716\/revisions\/8721"}],"up":[{"embeddable":true,"href":"https:\/\/www.whisker.lv\/en\/wp-json\/wp\/v2\/pages\/8016"}],"wp:attachment":[{"href":"https:\/\/www.whisker.lv\/en\/wp-json\/wp\/v2\/media?parent=8716"}],"curies":[{"name":"wp","href":"https:\/\/api.w.org\/{rel}","templated":true}]}}