



{"id":8757,"date":"2019-03-08T01:40:20","date_gmt":"2019-03-07T23:40:20","guid":{"rendered":"https:\/\/www.whisker.lv\/?page_id=8757"},"modified":"2019-04-02T04:02:59","modified_gmt":"2019-04-02T02:02:59","slug":"pet-sitting-at-caretakers-place","status":"publish","type":"page","link":"https:\/\/www.whisker.lv\/en\/pet-sitting-at-caretakers-place\/","title":{"rendered":"Pet sitting at caretakers place"},"content":{"rendered":"<h3 style=\"text-align: center;\"><span style=\"color: #000000;\"><strong>Dog and Cat short-term or long-term sitting at caretaker\u2019s place<\/strong><\/span><\/h3>\n<p>&nbsp;<\/p>\n<p><span style=\"color: #000000;\">Does your pet needs cosy and friendly environment while you are away? During this service your pet will stay in safe and comfortable caretaker\u2019s place. We will provide conditions so your pet would get a lot of attention and feel happy. First introductory visit is for free. All pets are insured at the time of the service.<\/span><\/p>\n<p><strong><span style=\"color: #000000;\">Benefits of using Whisker service: <\/span><\/strong><\/p>\n<ul>\n<li><span style=\"color: #000000;\">Knowledgeable and animal loving caretakers;<\/span><\/li>\n<li><span style=\"color: #000000;\">Safe and friendly conditions;<\/span><\/li>\n<li><span style=\"color: #000000;\">Lower costs compared to animal hotels;<\/span><\/li>\n<li><span style=\"color: #000000;\">Individual care;<\/span><\/li>\n<li><span style=\"color: #000000;\">Service based on the routine;<\/span><\/li>\n<li><span style=\"color: #000000;\">Regular walks;<\/span><\/li>\n<li><span style=\"color: #000000;\">Activities;<\/span><\/li>\n<li><span style=\"color: #000000;\">Photo updates on how your pet is doing;\u00a0<\/span><\/li>\n<\/ul>\n<h3 style=\"text-align: center;\"><span style=\"color: #88b949;\"><strong>All Whisker caretakers<\/strong><\/span><\/h3>\n<p>&nbsp;<\/p>\n<p><img decoding=\"async\" class=\"aligncenter wp-image-8499\" src=\"https:\/\/www.whisker.lv\/wp-content\/uploads\/2019\/03\/IMG_0134.jpg\" alt=\"Su\u0146u un ka\u0137u pieskat\u012b\u0161ana\" width=\"1000\" height=\"667\" srcset=\"https:\/\/www.whisker.lv\/wp-content\/uploads\/2019\/03\/IMG_0134.jpg 3500w, https:\/\/www.whisker.lv\/wp-content\/uploads\/2019\/03\/IMG_0134-300x200.jpg 300w, https:\/\/www.whisker.lv\/wp-content\/uploads\/2019\/03\/IMG_0134-768x512.jpg 768w, https:\/\/www.whisker.lv\/wp-content\/uploads\/2019\/03\/IMG_0134-1024x683.jpg 1024w\" sizes=\"(max-width: 1000px) 100vw, 1000px\" \/><\/p>\n","protected":false},"excerpt":{"rendered":"<p>Dog and Cat short-term or long-term sitting at caretaker\u2019s place &nbsp; Does your pet needs cosy and friendly environment while you are away? During this service your pet will stay in safe and comfortable caretaker\u2019s place. We will provide conditions so your pet would get a lot of attention and feel happy. First introductory visit [&hellip;]<\/p>\n","protected":false},"author":1,"featured_media":0,"parent":0,"menu_order":0,"comment_status":"closed","ping_status":"closed","template":"page-fullwidth.php","meta":{"_acf_changed":false,"_glsr_average":0,"_glsr_ranking":0,"_glsr_reviews":0,"footnotes":""},"translation":{"provider":"WPGlobus","version":"2.12.2","language":"en","enabled_languages":["lv","en","ru"],"languages":{"lv":{"title":true,"content":true,"excerpt":false},"en":{"title":false,"content":false,"excerpt":false},"ru":{"title":false,"content":false,"excerpt":false}}},"acf":[],"yoast_head":"<!-- This site is optimized with the Yoast SEO plugin v22.5 - https:\/\/yoast.com\/wordpress\/plugins\/seo\/ -->\n<title>Pet sitting at caretakers place - Whisker.lv | Pet hotel. Dog hotel<\/title>\n<meta name=\"robots\" content=\"index, follow, max-snippet:-1, max-image-preview:large, max-video-preview:-1\" \/>\n<link rel=\"canonical\" href=\"https:\/\/www.whisker.lv\/pet-sitting-at-caretakers-place\/\" \/>\n<meta property=\"og:locale\" content=\"en_US\" \/>\n<meta property=\"og:type\" content=\"article\" \/>\n<meta property=\"og:title\" content=\"Pet sitting at caretakers place - Whisker\" \/>\n<meta property=\"og:url\" content=\"https:\/\/www.whisker.lv\/pet-sitting-at-caretakers-place\/\" \/>\n<meta property=\"og:site_name\" content=\"Whisker\" \/>\n<meta property=\"article:publisher\" content=\"https:\/\/www.facebook.com\/whisker.lv\/\" \/>\n<meta property=\"article:modified_time\" content=\"2019-04-02T02:02:59+00:00\" \/>\n<meta property=\"og:image\" content=\"https:\/\/www.whisker.lv\/wp-content\/uploads\/2019\/03\/IMG_0134.jpg\" \/>\n<meta name=\"twitter:card\" content=\"summary_large_image\" \/>\n<meta name=\"twitter:label1\" content=\"Est. reading time\" \/>\n\t<meta name=\"twitter:data1\" content=\"1 minute\" \/>\n<script type=\"application\/ld+json\" class=\"yoast-schema-graph\">{\"@context\":\"https:\/\/schema.org\",\"@graph\":[{\"@type\":\"WebPage\",\"@id\":\"https:\/\/www.whisker.lv\/pet-sitting-at-caretakers-place\/\",\"url\":\"https:\/\/www.whisker.lv\/pet-sitting-at-caretakers-place\/\",\"name\":\"Pet sitting at caretakers place - Whisker.lv | Pet hotel. Dog hotel\",\"isPartOf\":{\"@id\":\"https:\/\/www.whisker.lv\/#website\"},\"primaryImageOfPage\":{\"@id\":\"https:\/\/www.whisker.lv\/pet-sitting-at-caretakers-place\/#primaryimage\"},\"image\":{\"@id\":\"https:\/\/www.whisker.lv\/pet-sitting-at-caretakers-place\/#primaryimage\"},\"thumbnailUrl\":\"https:\/\/www.whisker.lv\/wp-content\/uploads\/2019\/03\/IMG_0134.jpg\",\"datePublished\":\"2019-03-07T23:40:20+00:00\",\"dateModified\":\"2019-04-02T02:02:59+00:00\",\"description\":\"Does your pet needs cosy and friendly environment while you are away? Choose pet sitting at caretaker\u2019s place. Pets are insured at the time of the service.\",\"breadcrumb\":{\"@id\":\"https:\/\/www.whisker.lv\/pet-sitting-at-caretakers-place\/#breadcrumb\"},\"inLanguage\":\"en-US\",\"potentialAction\":[{\"@type\":\"ReadAction\",\"target\":[\"https:\/\/www.whisker.lv\/pet-sitting-at-caretakers-place\/\"]}]},{\"@type\":\"ImageObject\",\"inLanguage\":\"en-US\",\"@id\":\"https:\/\/www.whisker.lv\/pet-sitting-at-caretakers-place\/#primaryimage\",\"url\":\"https:\/\/www.whisker.lv\/wp-content\/uploads\/2019\/03\/IMG_0134.jpg\",\"contentUrl\":\"https:\/\/www.whisker.lv\/wp-content\/uploads\/2019\/03\/IMG_0134.jpg\"},{\"@type\":\"BreadcrumbList\",\"@id\":\"https:\/\/www.whisker.lv\/pet-sitting-at-caretakers-place\/#breadcrumb\",\"itemListElement\":[{\"@type\":\"ListItem\",\"position\":1,\"name\":\"S\u0101kums\",\"item\":\"https:\/\/www.whisker.lv\/\"},{\"@type\":\"ListItem\",\"position\":2,\"name\":\"Pet sitting at caretakers place\"}]},{\"@type\":\"WebSite\",\"@id\":\"https:\/\/www.whisker.lv\/#website\",\"url\":\"https:\/\/www.whisker.lv\/\",\"name\":\"Whisker\",\"description\":\"Tavs pal\u012bgs m\u0101jdzivnieku pieskat\u012b\u0161an\u0101\",\"potentialAction\":[{\"@type\":\"SearchAction\",\"target\":{\"@type\":\"EntryPoint\",\"urlTemplate\":\"https:\/\/www.whisker.lv\/?s={search_term_string}\"},\"query-input\":\"required name=search_term_string\"}],\"inLanguage\":\"en-US\"}]}<\/script>\n<!-- \/ Yoast SEO plugin. -->","yoast_head_json":{"title":"Pet sitting at caretakers place - Whisker.lv | Pet hotel. Dog hotel","robots":{"index":"index","follow":"follow","max-snippet":"max-snippet:-1","max-image-preview":"max-image-preview:large","max-video-preview":"max-video-preview:-1"},"canonical":"https:\/\/www.whisker.lv\/pet-sitting-at-caretakers-place\/","og_locale":"en_US","og_type":"article","og_title":"Pet sitting at caretakers place - Whisker","og_url":"https:\/\/www.whisker.lv\/pet-sitting-at-caretakers-place\/","og_site_name":"Whisker","article_publisher":"https:\/\/www.facebook.com\/whisker.lv\/","article_modified_time":"2019-04-02T02:02:59+00:00","og_image":[{"url":"https:\/\/www.whisker.lv\/wp-content\/uploads\/2019\/03\/IMG_0134.jpg"}],"twitter_card":"summary_large_image","twitter_misc":{"Est. reading time":"1 minute"},"schema":{"@context":"https:\/\/schema.org","@graph":[{"@type":"WebPage","@id":"https:\/\/www.whisker.lv\/pet-sitting-at-caretakers-place\/","url":"https:\/\/www.whisker.lv\/pet-sitting-at-caretakers-place\/","name":"Pet sitting at caretakers place - Whisker.lv | Pet hotel. Dog hotel","isPartOf":{"@id":"https:\/\/www.whisker.lv\/#website"},"primaryImageOfPage":{"@id":"https:\/\/www.whisker.lv\/pet-sitting-at-caretakers-place\/#primaryimage"},"image":{"@id":"https:\/\/www.whisker.lv\/pet-sitting-at-caretakers-place\/#primaryimage"},"thumbnailUrl":"https:\/\/www.whisker.lv\/wp-content\/uploads\/2019\/03\/IMG_0134.jpg","datePublished":"2019-03-07T23:40:20+00:00","dateModified":"2019-04-02T02:02:59+00:00","description":"Does your pet needs cosy and friendly environment while you are away? Choose pet sitting at caretaker\u2019s place. Pets are insured at the time of the service.","breadcrumb":{"@id":"https:\/\/www.whisker.lv\/pet-sitting-at-caretakers-place\/#breadcrumb"},"inLanguage":"en-US","potentialAction":[{"@type":"ReadAction","target":["https:\/\/www.whisker.lv\/pet-sitting-at-caretakers-place\/"]}]},{"@type":"ImageObject","inLanguage":"en-US","@id":"https:\/\/www.whisker.lv\/pet-sitting-at-caretakers-place\/#primaryimage","url":"https:\/\/www.whisker.lv\/wp-content\/uploads\/2019\/03\/IMG_0134.jpg","contentUrl":"https:\/\/www.whisker.lv\/wp-content\/uploads\/2019\/03\/IMG_0134.jpg"},{"@type":"BreadcrumbList","@id":"https:\/\/www.whisker.lv\/pet-sitting-at-caretakers-place\/#breadcrumb","itemListElement":[{"@type":"ListItem","position":1,"name":"S\u0101kums","item":"https:\/\/www.whisker.lv\/"},{"@type":"ListItem","position":2,"name":"Pet sitting at caretakers place"}]},{"@type":"WebSite","@id":"https:\/\/www.whisker.lv\/#website","url":"https:\/\/www.whisker.lv\/","name":"Whisker","description":"Tavs pal\u012bgs m\u0101jdzivnieku pieskat\u012b\u0161an\u0101","potentialAction":[{"@type":"SearchAction","target":{"@type":"EntryPoint","urlTemplate":"https:\/\/www.whisker.lv\/?s={search_term_string}"},"query-input":"required name=search_term_string"}],"inLanguage":"en-US"}]}},"_links":{"self":[{"href":"https:\/\/www.whisker.lv\/en\/wp-json\/wp\/v2\/pages\/8757"}],"collection":[{"href":"https:\/\/www.whisker.lv\/en\/wp-json\/wp\/v2\/pages"}],"about":[{"href":"https:\/\/www.whisker.lv\/en\/wp-json\/wp\/v2\/types\/page"}],"author":[{"embeddable":true,"href":"https:\/\/www.whisker.lv\/en\/wp-json\/wp\/v2\/users\/1"}],"replies":[{"embeddable":true,"href":"https:\/\/www.whisker.lv\/en\/wp-json\/wp\/v2\/comments?post=8757"}],"version-history":[{"count":3,"href":"https:\/\/www.whisker.lv\/en\/wp-json\/wp\/v2\/pages\/8757\/revisions"}],"predecessor-version":[{"id":8760,"href":"https:\/\/www.whisker.lv\/en\/wp-json\/wp\/v2\/pages\/8757\/revisions\/8760"}],"wp:attachment":[{"href":"https:\/\/www.whisker.lv\/en\/wp-json\/wp\/v2\/media?parent=8757"}],"curies":[{"name":"wp","href":"https:\/\/api.w.org\/{rel}","templated":true}]}}