



{"id":8771,"date":"2019-03-08T02:47:56","date_gmt":"2019-03-08T00:47:56","guid":{"rendered":"https:\/\/www.whisker.lv\/?page_id=8771"},"modified":"2019-04-02T03:54:39","modified_gmt":"2019-04-02T01:54:39","slug":"day-care","status":"publish","type":"page","link":"https:\/\/www.whisker.lv\/en\/day-care\/","title":{"rendered":"Day care"},"content":{"rendered":"<h3 style=\"text-align: center;\"><strong><span style=\"color: #000000;\">Pet sitting during the day<\/span><\/strong><\/h3>\n<p>&nbsp;<\/p>\n<p><span style=\"color: #000000;\">Don\u2019t leave your pet home alone for the whole day. Regardless of whether Whisker\u2019 care is at your place or at Whisker caretaker\u2019s place, we will assure that your dog gets everything needed, such as walks, playtime and water.<\/span><\/p>\n<h4><strong><span style=\"color: #000000;\">Benefits of using home visits: <\/span><\/strong><\/h4>\n<ul>\n<li><span style=\"color: #000000;\">Knowledgeable and animal loving caretakers;<\/span><\/li>\n<li><span style=\"color: #000000;\">Individual care;<\/span><\/li>\n<li><span style=\"color: #000000;\">Service based on the routine;<\/span><\/li>\n<li><span style=\"color: #000000;\">Activities;<\/span><\/li>\n<li><span style=\"color: #000000;\">Walks;<\/span><\/li>\n<li><span style=\"color: #000000;\">Communication with caretaker;<\/span><\/li>\n<li><span style=\"color: #000000;\">Administration of medication, if needed;<\/span><\/li>\n<li><span style=\"color: #000000;\">Home safety (while at client\u2019s place);<\/span><\/li>\n<\/ul>\n<h3 style=\"text-align: center;\"><a href=\"https:\/\/www.whisker.lv\/en\/paligi-r\/\"><span style=\"color: #88b949;\"><strong>All Whisker caretakers<\/strong><\/span><\/a><\/h3>\n<p>&nbsp;<\/p>\n<p><img decoding=\"async\" class=\"aligncenter wp-image-8515\" src=\"https:\/\/www.whisker.lv\/wp-content\/uploads\/2019\/03\/IMG_4981.jpg\" alt=\"Su\u0146u pieskat\u012b\u0161ana\" width=\"1000\" height=\"667\" srcset=\"https:\/\/www.whisker.lv\/wp-content\/uploads\/2019\/03\/IMG_4981.jpg 3500w, https:\/\/www.whisker.lv\/wp-content\/uploads\/2019\/03\/IMG_4981-300x200.jpg 300w, https:\/\/www.whisker.lv\/wp-content\/uploads\/2019\/03\/IMG_4981-768x512.jpg 768w, https:\/\/www.whisker.lv\/wp-content\/uploads\/2019\/03\/IMG_4981-1024x683.jpg 1024w\" sizes=\"(max-width: 1000px) 100vw, 1000px\" \/><\/p>\n","protected":false},"excerpt":{"rendered":"<p>Pet sitting during the day &nbsp; Don\u2019t leave your pet home alone for the whole day. Regardless of whether Whisker\u2019 care is at your place or at Whisker caretaker\u2019s place, we will assure that your dog gets everything needed, such as walks, playtime and water. Benefits of using home visits: Knowledgeable and animal loving caretakers; [&hellip;]<\/p>\n","protected":false},"author":1,"featured_media":0,"parent":0,"menu_order":0,"comment_status":"closed","ping_status":"closed","template":"page-fullwidth.php","meta":{"_acf_changed":false,"_glsr_average":0,"_glsr_ranking":0,"_glsr_reviews":0,"footnotes":""},"translation":{"provider":"WPGlobus","version":"2.12.2","language":"en","enabled_languages":["lv","en","ru"],"languages":{"lv":{"title":true,"content":true,"excerpt":false},"en":{"title":false,"content":false,"excerpt":false},"ru":{"title":false,"content":false,"excerpt":false}}},"acf":[],"yoast_head":"<!-- This site is optimized with the Yoast SEO plugin v22.5 - https:\/\/yoast.com\/wordpress\/plugins\/seo\/ -->\n<title>Day care - Whisker.lv | Dog walking and pet sitting service<\/title>\n<meta name=\"robots\" content=\"index, follow, max-snippet:-1, max-image-preview:large, max-video-preview:-1\" \/>\n<link rel=\"canonical\" href=\"https:\/\/www.whisker.lv\/day-care\/\" \/>\n<meta property=\"og:locale\" content=\"en_US\" \/>\n<meta property=\"og:type\" content=\"article\" \/>\n<meta property=\"og:title\" content=\"Day care - Whisker\" \/>\n<meta property=\"og:url\" content=\"https:\/\/www.whisker.lv\/day-care\/\" \/>\n<meta property=\"og:site_name\" content=\"Whisker\" \/>\n<meta property=\"article:publisher\" content=\"https:\/\/www.facebook.com\/whisker.lv\/\" \/>\n<meta property=\"article:modified_time\" content=\"2019-04-02T01:54:39+00:00\" \/>\n<meta property=\"og:image\" content=\"https:\/\/www.whisker.lv\/wp-content\/uploads\/2019\/03\/IMG_4981.jpg\" \/>\n<meta name=\"twitter:card\" content=\"summary_large_image\" \/>\n<script type=\"application\/ld+json\" class=\"yoast-schema-graph\">{\"@context\":\"https:\/\/schema.org\",\"@graph\":[{\"@type\":\"WebPage\",\"@id\":\"https:\/\/www.whisker.lv\/day-care\/\",\"url\":\"https:\/\/www.whisker.lv\/day-care\/\",\"name\":\"Day care - Whisker.lv | Dog walking and pet sitting service\",\"isPartOf\":{\"@id\":\"https:\/\/www.whisker.lv\/#website\"},\"primaryImageOfPage\":{\"@id\":\"https:\/\/www.whisker.lv\/day-care\/#primaryimage\"},\"image\":{\"@id\":\"https:\/\/www.whisker.lv\/day-care\/#primaryimage\"},\"thumbnailUrl\":\"https:\/\/www.whisker.lv\/wp-content\/uploads\/2019\/03\/IMG_4981.jpg\",\"datePublished\":\"2019-03-08T00:47:56+00:00\",\"dateModified\":\"2019-04-02T01:54:39+00:00\",\"description\":\"Day care - we provide pet sitting during the day, to make sure your dog gets some company, goes for a walk and happily waits for you to come home.\",\"breadcrumb\":{\"@id\":\"https:\/\/www.whisker.lv\/day-care\/#breadcrumb\"},\"inLanguage\":\"en-US\",\"potentialAction\":[{\"@type\":\"ReadAction\",\"target\":[\"https:\/\/www.whisker.lv\/day-care\/\"]}]},{\"@type\":\"ImageObject\",\"inLanguage\":\"en-US\",\"@id\":\"https:\/\/www.whisker.lv\/day-care\/#primaryimage\",\"url\":\"https:\/\/www.whisker.lv\/wp-content\/uploads\/2019\/03\/IMG_4981.jpg\",\"contentUrl\":\"https:\/\/www.whisker.lv\/wp-content\/uploads\/2019\/03\/IMG_4981.jpg\"},{\"@type\":\"BreadcrumbList\",\"@id\":\"https:\/\/www.whisker.lv\/day-care\/#breadcrumb\",\"itemListElement\":[{\"@type\":\"ListItem\",\"position\":1,\"name\":\"S\u0101kums\",\"item\":\"https:\/\/www.whisker.lv\/\"},{\"@type\":\"ListItem\",\"position\":2,\"name\":\"Day care\"}]},{\"@type\":\"WebSite\",\"@id\":\"https:\/\/www.whisker.lv\/#website\",\"url\":\"https:\/\/www.whisker.lv\/\",\"name\":\"Whisker\",\"description\":\"Tavs pal\u012bgs m\u0101jdzivnieku pieskat\u012b\u0161an\u0101\",\"potentialAction\":[{\"@type\":\"SearchAction\",\"target\":{\"@type\":\"EntryPoint\",\"urlTemplate\":\"https:\/\/www.whisker.lv\/?s={search_term_string}\"},\"query-input\":\"required name=search_term_string\"}],\"inLanguage\":\"en-US\"}]}<\/script>\n<!-- \/ Yoast SEO plugin. -->","yoast_head_json":{"title":"Day care - Whisker.lv | Dog walking and pet sitting service","robots":{"index":"index","follow":"follow","max-snippet":"max-snippet:-1","max-image-preview":"max-image-preview:large","max-video-preview":"max-video-preview:-1"},"canonical":"https:\/\/www.whisker.lv\/day-care\/","og_locale":"en_US","og_type":"article","og_title":"Day care - Whisker","og_url":"https:\/\/www.whisker.lv\/day-care\/","og_site_name":"Whisker","article_publisher":"https:\/\/www.facebook.com\/whisker.lv\/","article_modified_time":"2019-04-02T01:54:39+00:00","og_image":[{"url":"https:\/\/www.whisker.lv\/wp-content\/uploads\/2019\/03\/IMG_4981.jpg"}],"twitter_card":"summary_large_image","schema":{"@context":"https:\/\/schema.org","@graph":[{"@type":"WebPage","@id":"https:\/\/www.whisker.lv\/day-care\/","url":"https:\/\/www.whisker.lv\/day-care\/","name":"Day care - Whisker.lv | Dog walking and pet sitting service","isPartOf":{"@id":"https:\/\/www.whisker.lv\/#website"},"primaryImageOfPage":{"@id":"https:\/\/www.whisker.lv\/day-care\/#primaryimage"},"image":{"@id":"https:\/\/www.whisker.lv\/day-care\/#primaryimage"},"thumbnailUrl":"https:\/\/www.whisker.lv\/wp-content\/uploads\/2019\/03\/IMG_4981.jpg","datePublished":"2019-03-08T00:47:56+00:00","dateModified":"2019-04-02T01:54:39+00:00","description":"Day care - we provide pet sitting during the day, to make sure your dog gets some company, goes for a walk and happily waits for you to come home.","breadcrumb":{"@id":"https:\/\/www.whisker.lv\/day-care\/#breadcrumb"},"inLanguage":"en-US","potentialAction":[{"@type":"ReadAction","target":["https:\/\/www.whisker.lv\/day-care\/"]}]},{"@type":"ImageObject","inLanguage":"en-US","@id":"https:\/\/www.whisker.lv\/day-care\/#primaryimage","url":"https:\/\/www.whisker.lv\/wp-content\/uploads\/2019\/03\/IMG_4981.jpg","contentUrl":"https:\/\/www.whisker.lv\/wp-content\/uploads\/2019\/03\/IMG_4981.jpg"},{"@type":"BreadcrumbList","@id":"https:\/\/www.whisker.lv\/day-care\/#breadcrumb","itemListElement":[{"@type":"ListItem","position":1,"name":"S\u0101kums","item":"https:\/\/www.whisker.lv\/"},{"@type":"ListItem","position":2,"name":"Day care"}]},{"@type":"WebSite","@id":"https:\/\/www.whisker.lv\/#website","url":"https:\/\/www.whisker.lv\/","name":"Whisker","description":"Tavs pal\u012bgs m\u0101jdzivnieku pieskat\u012b\u0161an\u0101","potentialAction":[{"@type":"SearchAction","target":{"@type":"EntryPoint","urlTemplate":"https:\/\/www.whisker.lv\/?s={search_term_string}"},"query-input":"required name=search_term_string"}],"inLanguage":"en-US"}]}},"_links":{"self":[{"href":"https:\/\/www.whisker.lv\/en\/wp-json\/wp\/v2\/pages\/8771"}],"collection":[{"href":"https:\/\/www.whisker.lv\/en\/wp-json\/wp\/v2\/pages"}],"about":[{"href":"https:\/\/www.whisker.lv\/en\/wp-json\/wp\/v2\/types\/page"}],"author":[{"embeddable":true,"href":"https:\/\/www.whisker.lv\/en\/wp-json\/wp\/v2\/users\/1"}],"replies":[{"embeddable":true,"href":"https:\/\/www.whisker.lv\/en\/wp-json\/wp\/v2\/comments?post=8771"}],"version-history":[{"count":4,"href":"https:\/\/www.whisker.lv\/en\/wp-json\/wp\/v2\/pages\/8771\/revisions"}],"predecessor-version":[{"id":8777,"href":"https:\/\/www.whisker.lv\/en\/wp-json\/wp\/v2\/pages\/8771\/revisions\/8777"}],"wp:attachment":[{"href":"https:\/\/www.whisker.lv\/en\/wp-json\/wp\/v2\/media?parent=8771"}],"curies":[{"name":"wp","href":"https:\/\/api.w.org\/{rel}","templated":true}]}}