



{"id":8780,"date":"2019-03-08T03:42:19","date_gmt":"2019-03-08T01:42:19","guid":{"rendered":"https:\/\/www.whisker.lv\/?page_id=8780"},"modified":"2019-04-03T21:46:10","modified_gmt":"2019-04-03T19:46:10","slug":"basendzi","status":"publish","type":"page","link":"https:\/\/www.whisker.lv\/en\/sunu-skirnes\/basendzi\/","title":{"rendered":"Basend\u017ei"},"content":{"rendered":"[vc_row][vc_column][vc_text_separator title=&#8221;Basend\u017ei&#8221; border_width=&#8221;8&#8243;][\/vc_column][\/vc_row][vc_row][vc_column width=&#8221;1\/2&#8243;][vc_single_image image=&#8221;8782&#8243; img_size=&#8221;full&#8221; alignment=&#8221;center&#8221; style=&#8221;vc_box_rounded&#8221;][\/vc_column][vc_column width=&#8221;1\/2&#8243;][vc_column_text]<span style=\"color: #000000;\"><strong>Dzimtene:<\/strong> Zaira<\/span><\/p>\n<p><span style=\"color: #000000;\"><strong>Funkcija:<\/strong> med\u012bbu suns<\/span><\/p>\n<p><span style=\"color: #000000;\"><strong>Izcel\u0161an\u0101s:<\/strong> ap 1500. g.<\/span><\/p>\n<p><span style=\"color: #000000;\"><strong>Skausta augstums:<\/strong> 41-43 cm<\/span><\/p>\n<p><span style=\"color: #000000;\"><strong>Masa:<\/strong> 9,5-11 kg<\/span><\/p>\n<p><span style=\"color: #000000;\"><strong>Raksturs:<\/strong> inteli\u0123ents, sirsn\u012bgs<\/span><\/p>\n<p><span style=\"color: #000000;\"><strong>Dz\u012bves ilgums:<\/strong> 13-14 gadi<\/span><\/p>\n[\/vc_column_text][\/vc_column][\/vc_row][vc_row][vc_column][vc_column_text]<span style=\"color: #000000;\">Basend\u017ei ir veikls suns ar sp\u0113c\u012bgu miesasb\u016bvi. Kad basend\u017ei ir satraucies, vi\u0146\u0161 nevis rej, bet raida savdab\u012bgas ska\u0146as, kas l\u012bdzin\u0101s jodel\u0113\u0161anai. T\u0101 ir \u0161\u012bs \u0161\u0137irnes visrakstur\u012bg\u0101k\u0101 \u012bpa\u0161\u012bba.<\/span><\/p>\n<p><span style=\"color: #000000;\"><strong>V\u0113sture.<\/strong> Besend\u017ei izveidoti Kongo k\u0101 med\u012bbu su\u0146u \u0161\u0137irne. Vizu\u0101li vi\u0146i l\u012bdzin\u0101s tiem su\u0146iem, kuri att\u0113loti seno \u0113\u0123iptie\u0161u gleznojumos. Basend\u017ei \u0161\u0137irnes su\u0146u pirm\u0101 piedal\u012b\u0161an\u0101s Krafta izst\u0101d\u0113 1937. gad\u0101 rad\u012bja sens\u0101ciju. \u0160\u0137irnes nosaukums vien\u0101 no afrik\u0101\u0146u valod\u0101m noz\u012bm\u0113 \u201ckr\u016bmu b\u016btne\u201d.<\/span><\/p>\n<p><span style=\"color: #000000;\"><strong>Piez\u012bme.<\/strong> Basend\u017ei \u013coti gar\u0161o d\u0101rze\u0146i, t\u0101p\u0113c vi\u0146u saimniekam tie noteikti j\u0101iek\u013cauj su\u0146a \u0113dienkart\u0113. Kuces mekl\u0113jas nevis divas reizes gad\u0101, k\u0101 to dara citas kuces, bet tikai vienu reizi.<\/span><\/p>\n<p><span style=\"color: #000000;\"><strong>Otrs nosaukums.<\/strong> Kongo suns.<\/span>[\/vc_column_text][\/vc_column][\/vc_row]\n","protected":false},"excerpt":{"rendered":"<p>[vc_row][vc_column][vc_text_separator title=&#8221;Basend\u017ei&#8221; border_width=&#8221;8&#8243;][\/vc_column][\/vc_row][vc_row][vc_column width=&#8221;1\/2&#8243;][vc_single_image image=&#8221;8782&#8243; img_size=&#8221;full&#8221; alignment=&#8221;center&#8221; style=&#8221;vc_box_rounded&#8221;][\/vc_column][vc_column width=&#8221;1\/2&#8243;][vc_column_text]Dzimtene: Zaira Funkcija: med\u012bbu suns Izcel\u0161an\u0101s: ap 1500. g. Skausta augstums: 41-43 cm Masa: 9,5-11 kg Raksturs: inteli\u0123ents, sirsn\u012bgs Dz\u012bves ilgums: 13-14 gadi [\/vc_column_text][\/vc_column][\/vc_row][vc_row][vc_column][vc_column_text]Basend\u017ei ir veikls suns ar sp\u0113c\u012bgu miesasb\u016bvi. Kad basend\u017ei ir satraucies, vi\u0146\u0161 nevis rej, bet raida savdab\u012bgas ska\u0146as, kas l\u012bdzin\u0101s jodel\u0113\u0161anai. T\u0101 ir \u0161\u012bs [&hellip;]<\/p>\n","protected":false},"author":1,"featured_media":0,"parent":8016,"menu_order":0,"comment_status":"closed","ping_status":"closed","template":"page-fullwidth.php","meta":{"_acf_changed":false,"_glsr_average":0,"_glsr_ranking":0,"_glsr_reviews":0,"footnotes":""},"translation":{"provider":"WPGlobus","version":"2.12.2","language":"en","enabled_languages":["lv","en","ru"],"languages":{"lv":{"title":true,"content":true,"excerpt":false},"en":{"title":false,"content":false,"excerpt":false},"ru":{"title":false,"content":false,"excerpt":false}}},"acf":[],"yoast_head":"<!-- This site is optimized with the Yoast SEO plugin v22.5 - https:\/\/yoast.com\/wordpress\/plugins\/seo\/ -->\n<title>Basend\u017ei - Whisker<\/title>\n<meta name=\"robots\" content=\"index, follow, max-snippet:-1, max-image-preview:large, max-video-preview:-1\" \/>\n<link rel=\"canonical\" href=\"https:\/\/www.whisker.lv\/ru\/sunu-skirnes\/basendzi\/\" \/>\n<meta property=\"og:locale\" content=\"en_US\" \/>\n<meta property=\"og:type\" content=\"article\" \/>\n<meta property=\"og:title\" content=\"Basend\u017ei - Whisker\" \/>\n<meta property=\"og:url\" content=\"https:\/\/www.whisker.lv\/ru\/sunu-skirnes\/basendzi\/\" \/>\n<meta property=\"og:site_name\" content=\"Whisker\" \/>\n<meta property=\"article:publisher\" content=\"https:\/\/www.facebook.com\/whisker.lv\/\" \/>\n<meta property=\"article:modified_time\" content=\"2019-04-03T19:46:10+00:00\" \/>\n<meta name=\"twitter:card\" content=\"summary_large_image\" \/>\n<meta name=\"twitter:label1\" content=\"Est. reading time\" \/>\n\t<meta name=\"twitter:data1\" content=\"1 minute\" \/>\n<script type=\"application\/ld+json\" class=\"yoast-schema-graph\">{\"@context\":\"https:\/\/schema.org\",\"@graph\":[{\"@type\":\"WebPage\",\"@id\":\"https:\/\/www.whisker.lv\/ru\/sunu-skirnes\/basendzi\/\",\"url\":\"https:\/\/www.whisker.lv\/ru\/sunu-skirnes\/basendzi\/\",\"name\":\"Basend\u017ei - Whisker\",\"isPartOf\":{\"@id\":\"https:\/\/www.whisker.lv\/#website\"},\"datePublished\":\"2019-03-08T01:42:19+00:00\",\"dateModified\":\"2019-04-03T19:46:10+00:00\",\"description\":\"Basend\u017ei ir veikls suns ar sp\u0113c\u012bgu miesasb\u016bvi. Kad basend\u017ei ir satraucies, vi\u0146\u0161 nevis rej, bet raida savdab\u012bgas ska\u0146as, kas l\u012bdzin\u0101s jodel\u0113\u0161anai.\",\"breadcrumb\":{\"@id\":\"https:\/\/www.whisker.lv\/ru\/sunu-skirnes\/basendzi\/#breadcrumb\"},\"inLanguage\":\"en-US\",\"potentialAction\":[{\"@type\":\"ReadAction\",\"target\":[\"https:\/\/www.whisker.lv\/ru\/sunu-skirnes\/basendzi\/\"]}]},{\"@type\":\"BreadcrumbList\",\"@id\":\"https:\/\/www.whisker.lv\/ru\/sunu-skirnes\/basendzi\/#breadcrumb\",\"itemListElement\":[{\"@type\":\"ListItem\",\"position\":1,\"name\":\"S\u0101kums\",\"item\":\"https:\/\/www.whisker.lv\/\"},{\"@type\":\"ListItem\",\"position\":2,\"name\":\"Su\u0146u \u0161\u0137irnes\",\"item\":\"https:\/\/www.whisker.lv\/sunu-skirnes\/\"},{\"@type\":\"ListItem\",\"position\":3,\"name\":\"Basend\u017ei\"}]},{\"@type\":\"WebSite\",\"@id\":\"https:\/\/www.whisker.lv\/#website\",\"url\":\"https:\/\/www.whisker.lv\/\",\"name\":\"Whisker\",\"description\":\"Tavs pal\u012bgs m\u0101jdzivnieku pieskat\u012b\u0161an\u0101\",\"potentialAction\":[{\"@type\":\"SearchAction\",\"target\":{\"@type\":\"EntryPoint\",\"urlTemplate\":\"https:\/\/www.whisker.lv\/?s={search_term_string}\"},\"query-input\":\"required name=search_term_string\"}],\"inLanguage\":\"en-US\"}]}<\/script>\n<!-- \/ Yoast SEO plugin. -->","yoast_head_json":{"title":"Basend\u017ei - Whisker","robots":{"index":"index","follow":"follow","max-snippet":"max-snippet:-1","max-image-preview":"max-image-preview:large","max-video-preview":"max-video-preview:-1"},"canonical":"https:\/\/www.whisker.lv\/ru\/sunu-skirnes\/basendzi\/","og_locale":"en_US","og_type":"article","og_title":"Basend\u017ei - Whisker","og_url":"https:\/\/www.whisker.lv\/ru\/sunu-skirnes\/basendzi\/","og_site_name":"Whisker","article_publisher":"https:\/\/www.facebook.com\/whisker.lv\/","article_modified_time":"2019-04-03T19:46:10+00:00","twitter_card":"summary_large_image","twitter_misc":{"Est. reading time":"1 minute"},"schema":{"@context":"https:\/\/schema.org","@graph":[{"@type":"WebPage","@id":"https:\/\/www.whisker.lv\/ru\/sunu-skirnes\/basendzi\/","url":"https:\/\/www.whisker.lv\/ru\/sunu-skirnes\/basendzi\/","name":"Basend\u017ei - Whisker","isPartOf":{"@id":"https:\/\/www.whisker.lv\/#website"},"datePublished":"2019-03-08T01:42:19+00:00","dateModified":"2019-04-03T19:46:10+00:00","description":"Basend\u017ei ir veikls suns ar sp\u0113c\u012bgu miesasb\u016bvi. Kad basend\u017ei ir satraucies, vi\u0146\u0161 nevis rej, bet raida savdab\u012bgas ska\u0146as, kas l\u012bdzin\u0101s jodel\u0113\u0161anai.","breadcrumb":{"@id":"https:\/\/www.whisker.lv\/ru\/sunu-skirnes\/basendzi\/#breadcrumb"},"inLanguage":"en-US","potentialAction":[{"@type":"ReadAction","target":["https:\/\/www.whisker.lv\/ru\/sunu-skirnes\/basendzi\/"]}]},{"@type":"BreadcrumbList","@id":"https:\/\/www.whisker.lv\/ru\/sunu-skirnes\/basendzi\/#breadcrumb","itemListElement":[{"@type":"ListItem","position":1,"name":"S\u0101kums","item":"https:\/\/www.whisker.lv\/"},{"@type":"ListItem","position":2,"name":"Su\u0146u \u0161\u0137irnes","item":"https:\/\/www.whisker.lv\/sunu-skirnes\/"},{"@type":"ListItem","position":3,"name":"Basend\u017ei"}]},{"@type":"WebSite","@id":"https:\/\/www.whisker.lv\/#website","url":"https:\/\/www.whisker.lv\/","name":"Whisker","description":"Tavs pal\u012bgs m\u0101jdzivnieku pieskat\u012b\u0161an\u0101","potentialAction":[{"@type":"SearchAction","target":{"@type":"EntryPoint","urlTemplate":"https:\/\/www.whisker.lv\/?s={search_term_string}"},"query-input":"required name=search_term_string"}],"inLanguage":"en-US"}]}},"_links":{"self":[{"href":"https:\/\/www.whisker.lv\/en\/wp-json\/wp\/v2\/pages\/8780"}],"collection":[{"href":"https:\/\/www.whisker.lv\/en\/wp-json\/wp\/v2\/pages"}],"about":[{"href":"https:\/\/www.whisker.lv\/en\/wp-json\/wp\/v2\/types\/page"}],"author":[{"embeddable":true,"href":"https:\/\/www.whisker.lv\/en\/wp-json\/wp\/v2\/users\/1"}],"replies":[{"embeddable":true,"href":"https:\/\/www.whisker.lv\/en\/wp-json\/wp\/v2\/comments?post=8780"}],"version-history":[{"count":3,"href":"https:\/\/www.whisker.lv\/en\/wp-json\/wp\/v2\/pages\/8780\/revisions"}],"predecessor-version":[{"id":8784,"href":"https:\/\/www.whisker.lv\/en\/wp-json\/wp\/v2\/pages\/8780\/revisions\/8784"}],"up":[{"embeddable":true,"href":"https:\/\/www.whisker.lv\/en\/wp-json\/wp\/v2\/pages\/8016"}],"wp:attachment":[{"href":"https:\/\/www.whisker.lv\/en\/wp-json\/wp\/v2\/media?parent=8780"}],"curies":[{"name":"wp","href":"https:\/\/api.w.org\/{rel}","templated":true}]}}