



{"id":8785,"date":"2019-03-08T03:58:23","date_gmt":"2019-03-08T01:58:23","guid":{"rendered":"https:\/\/www.whisker.lv\/?page_id=8785"},"modified":"2019-04-03T21:46:36","modified_gmt":"2019-04-03T19:46:36","slug":"basets","status":"publish","type":"page","link":"https:\/\/www.whisker.lv\/en\/sunu-skirnes\/basets\/","title":{"rendered":"Basets"},"content":{"rendered":"[vc_row][vc_column][vc_text_separator title=&#8221;Basets&#8221; border_width=&#8221;8&#8243;][\/vc_column][\/vc_row][vc_row][vc_column width=&#8221;1\/2&#8243;][vc_single_image image=&#8221;8787&#8243; img_size=&#8221;full&#8221; alignment=&#8221;center&#8221; style=&#8221;vc_box_rounded&#8221;][\/vc_column][vc_column width=&#8221;1\/2&#8243;][vc_column_text]<span style=\"color: #000000;\"><strong>Dzimtene:<\/strong> Lielbrit\u0101nija<\/span><\/p>\n<p><span style=\"color: #000000;\"><strong>Funkcija<\/strong>: tru\u0161u un za\u0137u dzin\u0113js<\/span><\/p>\n<p><span style=\"color: #000000;\"><strong>Izcel\u0161an\u0101s:<\/strong> ap 1800. g.<\/span><\/p>\n<p><span style=\"color: #000000;\"><strong>Skausta augstums:<\/strong> 33-38 cm<\/span><\/p>\n<p><span style=\"color: #000000;\"><strong>Masa:<\/strong> 18-27 kg<\/span><\/p>\n<p><span style=\"color: #000000;\"><strong>Raksturs:<\/strong> akt\u012bvs, neatkar\u012bgs<\/span><\/p>\n<p><span style=\"color: #000000;\"><strong>Dz\u012bves ilgums<\/strong>: 12-13 gadi<\/span>[\/vc_column_text][\/vc_column][\/vc_row][vc_row][vc_column][vc_column_text]<span style=\"color: #000000;\">Basetu visrakstur\u012bg\u0101k\u0101 iez\u012bme ir \u012bs\u0101s k\u0101jas. Vi\u0146u kauli sal\u012bdzin\u0101jum\u0101 ar \u0137erme\u0146a apm\u0113riem ir sp\u0113c\u012bg\u0101ki nek\u0101 jebkuras citas \u0161\u0137irnes su\u0146iem. Ka\u017eoks var b\u016bt gan divkr\u0101sains, gan tr\u012bskr\u0101sains.<\/span><\/p>\n<p><span style=\"color: #000000;\"><strong>V\u0113sture.<\/strong> Basetu sen\u010di c\u0113lu\u0161ies Francij\u0101, tom\u0113r m\u0113r\u0137tiec\u012bga \u0161\u0137irnes izkop\u0161ana tika uzs\u0101kta Lielbrit\u0101nij\u0101 19. gadsimta beig\u0101s.<\/span><\/p>\n<p><span style=\"color: #000000;\"><strong>Piez\u012bme.<\/strong> \u0160\u0137irnes nosaukums c\u0113lies no fran\u010du valodas v\u0101rda <em>bas, <\/em>kas tulkojum\u0101 noz\u012bm\u0113 \u201c\u012bss\u201d.<\/span><\/p>\n[\/vc_column_text][\/vc_column][\/vc_row]\n","protected":false},"excerpt":{"rendered":"<p>[vc_row][vc_column][vc_text_separator title=&#8221;Basets&#8221; border_width=&#8221;8&#8243;][\/vc_column][\/vc_row][vc_row][vc_column width=&#8221;1\/2&#8243;][vc_single_image image=&#8221;8787&#8243; img_size=&#8221;full&#8221; alignment=&#8221;center&#8221; style=&#8221;vc_box_rounded&#8221;][\/vc_column][vc_column width=&#8221;1\/2&#8243;][vc_column_text]Dzimtene: Lielbrit\u0101nija Funkcija: tru\u0161u un za\u0137u dzin\u0113js Izcel\u0161an\u0101s: ap 1800. g. Skausta augstums: 33-38 cm Masa: 18-27 kg Raksturs: akt\u012bvs, neatkar\u012bgs Dz\u012bves ilgums: 12-13 gadi[\/vc_column_text][\/vc_column][\/vc_row][vc_row][vc_column][vc_column_text]Basetu visrakstur\u012bg\u0101k\u0101 iez\u012bme ir \u012bs\u0101s k\u0101jas. Vi\u0146u kauli sal\u012bdzin\u0101jum\u0101 ar \u0137erme\u0146a apm\u0113riem ir sp\u0113c\u012bg\u0101ki nek\u0101 jebkuras citas \u0161\u0137irnes su\u0146iem. Ka\u017eoks var b\u016bt gan [&hellip;]<\/p>\n","protected":false},"author":1,"featured_media":0,"parent":8016,"menu_order":0,"comment_status":"closed","ping_status":"closed","template":"page-fullwidth.php","meta":{"_acf_changed":false,"_glsr_average":0,"_glsr_ranking":0,"_glsr_reviews":0,"footnotes":""},"translation":{"provider":"WPGlobus","version":"2.12.2","language":"en","enabled_languages":["lv","en","ru"],"languages":{"lv":{"title":true,"content":true,"excerpt":false},"en":{"title":false,"content":false,"excerpt":false},"ru":{"title":false,"content":false,"excerpt":false}}},"acf":[],"yoast_head":"<!-- This site is optimized with the Yoast SEO plugin v22.5 - https:\/\/yoast.com\/wordpress\/plugins\/seo\/ -->\n<title>Basets - Whisker.v | Su\u0146u \u0161\u0137irnes - basets<\/title>\n<meta name=\"robots\" content=\"index, follow, max-snippet:-1, max-image-preview:large, max-video-preview:-1\" \/>\n<link rel=\"canonical\" href=\"https:\/\/www.whisker.lv\/sunu-skirnes\/basets\/\" \/>\n<meta property=\"og:locale\" content=\"en_US\" \/>\n<meta property=\"og:type\" content=\"article\" \/>\n<meta property=\"og:title\" content=\"Basets - Whisker\" \/>\n<meta property=\"og:url\" content=\"https:\/\/www.whisker.lv\/sunu-skirnes\/basets\/\" \/>\n<meta property=\"og:site_name\" content=\"Whisker\" \/>\n<meta property=\"article:publisher\" content=\"https:\/\/www.facebook.com\/whisker.lv\/\" \/>\n<meta property=\"article:modified_time\" content=\"2019-04-03T19:46:36+00:00\" \/>\n<meta name=\"twitter:card\" content=\"summary_large_image\" \/>\n<meta name=\"twitter:label1\" content=\"Est. reading time\" \/>\n\t<meta name=\"twitter:data1\" content=\"1 minute\" \/>\n<script type=\"application\/ld+json\" class=\"yoast-schema-graph\">{\"@context\":\"https:\/\/schema.org\",\"@graph\":[{\"@type\":\"WebPage\",\"@id\":\"https:\/\/www.whisker.lv\/sunu-skirnes\/basets\/\",\"url\":\"https:\/\/www.whisker.lv\/sunu-skirnes\/basets\/\",\"name\":\"Basets - Whisker.v | Su\u0146u \u0161\u0137irnes - basets\",\"isPartOf\":{\"@id\":\"https:\/\/www.whisker.lv\/#website\"},\"datePublished\":\"2019-03-08T01:58:23+00:00\",\"dateModified\":\"2019-04-03T19:46:36+00:00\",\"description\":\"Basets - visrakstur\u012bg\u0101k\u0101 iez\u012bme ir \u012bs\u0101s k\u0101jas. Vi\u0146u kauli sal\u012bdzin\u0101jum\u0101 ar \u0137erme\u0146a apm\u0113riem ir sp\u0113c\u012bg\u0101ki nek\u0101 jebkuras citas \u0161\u0137irnes su\u0146iem.\",\"breadcrumb\":{\"@id\":\"https:\/\/www.whisker.lv\/sunu-skirnes\/basets\/#breadcrumb\"},\"inLanguage\":\"en-US\",\"potentialAction\":[{\"@type\":\"ReadAction\",\"target\":[\"https:\/\/www.whisker.lv\/sunu-skirnes\/basets\/\"]}]},{\"@type\":\"BreadcrumbList\",\"@id\":\"https:\/\/www.whisker.lv\/sunu-skirnes\/basets\/#breadcrumb\",\"itemListElement\":[{\"@type\":\"ListItem\",\"position\":1,\"name\":\"S\u0101kums\",\"item\":\"https:\/\/www.whisker.lv\/\"},{\"@type\":\"ListItem\",\"position\":2,\"name\":\"Su\u0146u \u0161\u0137irnes\",\"item\":\"https:\/\/www.whisker.lv\/sunu-skirnes\/\"},{\"@type\":\"ListItem\",\"position\":3,\"name\":\"Basets\"}]},{\"@type\":\"WebSite\",\"@id\":\"https:\/\/www.whisker.lv\/#website\",\"url\":\"https:\/\/www.whisker.lv\/\",\"name\":\"Whisker\",\"description\":\"Tavs pal\u012bgs m\u0101jdzivnieku pieskat\u012b\u0161an\u0101\",\"potentialAction\":[{\"@type\":\"SearchAction\",\"target\":{\"@type\":\"EntryPoint\",\"urlTemplate\":\"https:\/\/www.whisker.lv\/?s={search_term_string}\"},\"query-input\":\"required name=search_term_string\"}],\"inLanguage\":\"en-US\"}]}<\/script>\n<!-- \/ Yoast SEO plugin. -->","yoast_head_json":{"title":"Basets - Whisker.v | Su\u0146u \u0161\u0137irnes - basets","robots":{"index":"index","follow":"follow","max-snippet":"max-snippet:-1","max-image-preview":"max-image-preview:large","max-video-preview":"max-video-preview:-1"},"canonical":"https:\/\/www.whisker.lv\/sunu-skirnes\/basets\/","og_locale":"en_US","og_type":"article","og_title":"Basets - Whisker","og_url":"https:\/\/www.whisker.lv\/sunu-skirnes\/basets\/","og_site_name":"Whisker","article_publisher":"https:\/\/www.facebook.com\/whisker.lv\/","article_modified_time":"2019-04-03T19:46:36+00:00","twitter_card":"summary_large_image","twitter_misc":{"Est. reading time":"1 minute"},"schema":{"@context":"https:\/\/schema.org","@graph":[{"@type":"WebPage","@id":"https:\/\/www.whisker.lv\/sunu-skirnes\/basets\/","url":"https:\/\/www.whisker.lv\/sunu-skirnes\/basets\/","name":"Basets - Whisker.v | Su\u0146u \u0161\u0137irnes - basets","isPartOf":{"@id":"https:\/\/www.whisker.lv\/#website"},"datePublished":"2019-03-08T01:58:23+00:00","dateModified":"2019-04-03T19:46:36+00:00","description":"Basets - visrakstur\u012bg\u0101k\u0101 iez\u012bme ir \u012bs\u0101s k\u0101jas. Vi\u0146u kauli sal\u012bdzin\u0101jum\u0101 ar \u0137erme\u0146a apm\u0113riem ir sp\u0113c\u012bg\u0101ki nek\u0101 jebkuras citas \u0161\u0137irnes su\u0146iem.","breadcrumb":{"@id":"https:\/\/www.whisker.lv\/sunu-skirnes\/basets\/#breadcrumb"},"inLanguage":"en-US","potentialAction":[{"@type":"ReadAction","target":["https:\/\/www.whisker.lv\/sunu-skirnes\/basets\/"]}]},{"@type":"BreadcrumbList","@id":"https:\/\/www.whisker.lv\/sunu-skirnes\/basets\/#breadcrumb","itemListElement":[{"@type":"ListItem","position":1,"name":"S\u0101kums","item":"https:\/\/www.whisker.lv\/"},{"@type":"ListItem","position":2,"name":"Su\u0146u \u0161\u0137irnes","item":"https:\/\/www.whisker.lv\/sunu-skirnes\/"},{"@type":"ListItem","position":3,"name":"Basets"}]},{"@type":"WebSite","@id":"https:\/\/www.whisker.lv\/#website","url":"https:\/\/www.whisker.lv\/","name":"Whisker","description":"Tavs pal\u012bgs m\u0101jdzivnieku pieskat\u012b\u0161an\u0101","potentialAction":[{"@type":"SearchAction","target":{"@type":"EntryPoint","urlTemplate":"https:\/\/www.whisker.lv\/?s={search_term_string}"},"query-input":"required name=search_term_string"}],"inLanguage":"en-US"}]}},"_links":{"self":[{"href":"https:\/\/www.whisker.lv\/en\/wp-json\/wp\/v2\/pages\/8785"}],"collection":[{"href":"https:\/\/www.whisker.lv\/en\/wp-json\/wp\/v2\/pages"}],"about":[{"href":"https:\/\/www.whisker.lv\/en\/wp-json\/wp\/v2\/types\/page"}],"author":[{"embeddable":true,"href":"https:\/\/www.whisker.lv\/en\/wp-json\/wp\/v2\/users\/1"}],"replies":[{"embeddable":true,"href":"https:\/\/www.whisker.lv\/en\/wp-json\/wp\/v2\/comments?post=8785"}],"version-history":[{"count":3,"href":"https:\/\/www.whisker.lv\/en\/wp-json\/wp\/v2\/pages\/8785\/revisions"}],"predecessor-version":[{"id":8789,"href":"https:\/\/www.whisker.lv\/en\/wp-json\/wp\/v2\/pages\/8785\/revisions\/8789"}],"up":[{"embeddable":true,"href":"https:\/\/www.whisker.lv\/en\/wp-json\/wp\/v2\/pages\/8016"}],"wp:attachment":[{"href":"https:\/\/www.whisker.lv\/en\/wp-json\/wp\/v2\/media?parent=8785"}],"curies":[{"name":"wp","href":"https:\/\/api.w.org\/{rel}","templated":true}]}}