



{"id":8810,"date":"2019-03-08T05:28:13","date_gmt":"2019-03-08T03:28:13","guid":{"rendered":"https:\/\/www.whisker.lv\/?page_id=8810"},"modified":"2019-04-03T22:11:04","modified_gmt":"2019-04-03T20:11:04","slug":"bisons-frize","status":"publish","type":"page","link":"https:\/\/www.whisker.lv\/en\/sunu-skirnes\/bisons-frize\/","title":{"rendered":"Bi\u0161ons friz\u0113"},"content":{"rendered":"[vc_row][vc_column][vc_text_separator title=&#8221;Bi\u0161ons friz\u0113&#8221; border_width=&#8221;8&#8243;][\/vc_column][\/vc_row][vc_row][vc_column width=&#8221;1\/2&#8243;][vc_single_image image=&#8221;8812&#8243; img_size=&#8221;full&#8221; alignment=&#8221;center&#8221; style=&#8221;vc_box_rounded&#8221;][\/vc_column][vc_column width=&#8221;1\/2&#8243;][vc_column_text]<span style=\"color: #000000;\"><strong>Dzimtene:<\/strong> Tenerife<\/span><\/p>\n<p><span style=\"color: #000000;\"><strong>Funkcija:<\/strong> galminieku kompanjons<\/span><\/p>\n<p><span style=\"color: #000000;\"><strong>Izcel\u0161an\u0101s:<\/strong> ap 1400. g.<\/span><\/p>\n<p><span style=\"color: #000000;\"><strong>Skausta augstums:<\/strong> 23-31 cm<\/span><\/p>\n<p><span style=\"color: #000000;\"><strong>Masa:<\/strong> 3-6 kg<\/span><\/p>\n<p><span style=\"color: #000000;\"><strong>Raksturs:<\/strong>\u00a0draudz\u012bgs, darb\u012bgs<\/span><\/p>\n<p><span style=\"color: #000000;\"><strong>Dz\u012bves ilgums:<\/strong> 14-15 gadi<\/span>[\/vc_column_text][\/vc_column][\/vc_row][vc_row][vc_column][vc_column_text]<span style=\"color: #000000;\">Bi\u0161ona friz\u0113 sniegbaltais, biezais un p\u016bkainais apmatojums ir z\u012bdains, sprogains un m\u012bksts k\u0101 d\u016bnas. Biezie akotmati un kompakt\u0101 pavillna pasarg\u0101 dz\u012bvnieku no samirk\u0161anas. Su\u0146a ka\u017eoku apc\u0113rp t\u0101, lai uzsv\u0113rtu galvas apa\u013co formu.<\/span><\/p>\n<p><span style=\"color: #000000;\"><strong>V\u0113sture.<\/strong> S\u0101kotn\u0113ji bi\u0161oni friz\u0113 bija \u013coti popul\u0101ri Eiropas kara\u013cnamos, bet no 18. gadsimta vi\u0146i zaud\u0113ja \u0161\u012bs privil\u0113\u0123ijas un bie\u017ei k\u013cuva redzami cirka ar\u0113n\u0101 un k\u0101 leijerkastnieku pavado\u0146i.<\/span><\/p>\n<p><span style=\"color: #000000;\"><strong>Piez\u012bme.<\/strong> Bi\u0161oni friz\u0113 ir \u0123imenes m\u012blu\u013ci.<\/span><\/p>\n<p><span style=\"color: #000000;\"><strong>Otrs nosaukums.<\/strong> Tenerifes suns.<\/span>[\/vc_column_text][\/vc_column][\/vc_row]\n","protected":false},"excerpt":{"rendered":"<p>[vc_row][vc_column][vc_text_separator title=&#8221;Bi\u0161ons friz\u0113&#8221; border_width=&#8221;8&#8243;][\/vc_column][\/vc_row][vc_row][vc_column width=&#8221;1\/2&#8243;][vc_single_image image=&#8221;8812&#8243; img_size=&#8221;full&#8221; alignment=&#8221;center&#8221; style=&#8221;vc_box_rounded&#8221;][\/vc_column][vc_column width=&#8221;1\/2&#8243;][vc_column_text]Dzimtene: Tenerife Funkcija: galminieku kompanjons Izcel\u0161an\u0101s: ap 1400. g. Skausta augstums: 23-31 cm Masa: 3-6 kg Raksturs:\u00a0draudz\u012bgs, darb\u012bgs Dz\u012bves ilgums: 14-15 gadi[\/vc_column_text][\/vc_column][\/vc_row][vc_row][vc_column][vc_column_text]Bi\u0161ona friz\u0113 sniegbaltais, biezais un p\u016bkainais apmatojums ir z\u012bdains, sprogains un m\u012bksts k\u0101 d\u016bnas. Biezie akotmati un kompakt\u0101 pavillna pasarg\u0101 dz\u012bvnieku no samirk\u0161anas. Su\u0146a ka\u017eoku [&hellip;]<\/p>\n","protected":false},"author":1,"featured_media":0,"parent":8016,"menu_order":0,"comment_status":"closed","ping_status":"closed","template":"page-fullwidth.php","meta":{"_acf_changed":false,"_glsr_average":0,"_glsr_ranking":0,"_glsr_reviews":0,"footnotes":""},"translation":{"provider":"WPGlobus","version":"2.12.2","language":"en","enabled_languages":["lv","en","ru"],"languages":{"lv":{"title":true,"content":true,"excerpt":false},"en":{"title":false,"content":false,"excerpt":false},"ru":{"title":false,"content":false,"excerpt":false}}},"acf":[],"yoast_head":"<!-- This site is optimized with the Yoast SEO plugin v22.5 - https:\/\/yoast.com\/wordpress\/plugins\/seo\/ -->\n<title>Bi\u0161ons friz\u0113 - Whisker.lv | Su\u0146u \u0161\u0137irnes - Bi\u0161ona friz\u0113<\/title>\n<meta name=\"robots\" content=\"index, follow, max-snippet:-1, max-image-preview:large, max-video-preview:-1\" \/>\n<link rel=\"canonical\" href=\"https:\/\/www.whisker.lv\/sunu-skirnes\/bisons-frize\/\" \/>\n<meta property=\"og:locale\" content=\"en_US\" \/>\n<meta property=\"og:type\" content=\"article\" \/>\n<meta property=\"og:title\" content=\"Bi\u0161ons friz\u0113 - Whisker\" \/>\n<meta property=\"og:url\" content=\"https:\/\/www.whisker.lv\/sunu-skirnes\/bisons-frize\/\" \/>\n<meta property=\"og:site_name\" content=\"Whisker\" \/>\n<meta property=\"article:publisher\" content=\"https:\/\/www.facebook.com\/whisker.lv\/\" \/>\n<meta property=\"article:modified_time\" content=\"2019-04-03T20:11:04+00:00\" \/>\n<meta name=\"twitter:card\" content=\"summary_large_image\" \/>\n<meta name=\"twitter:label1\" content=\"Est. reading time\" \/>\n\t<meta name=\"twitter:data1\" content=\"1 minute\" \/>\n<script type=\"application\/ld+json\" class=\"yoast-schema-graph\">{\"@context\":\"https:\/\/schema.org\",\"@graph\":[{\"@type\":\"WebPage\",\"@id\":\"https:\/\/www.whisker.lv\/sunu-skirnes\/bisons-frize\/\",\"url\":\"https:\/\/www.whisker.lv\/sunu-skirnes\/bisons-frize\/\",\"name\":\"Bi\u0161ons friz\u0113 - Whisker.lv | Su\u0146u \u0161\u0137irnes - Bi\u0161ona friz\u0113\",\"isPartOf\":{\"@id\":\"https:\/\/www.whisker.lv\/#website\"},\"datePublished\":\"2019-03-08T03:28:13+00:00\",\"dateModified\":\"2019-04-03T20:11:04+00:00\",\"description\":\"Bi\u0161ona friz\u0113 sniegbaltais un p\u016bkainais apmatojums ir z\u012bdains, sprogains un m\u012bksts k\u0101 d\u016bnas. Biezie akotmati pasarg\u0101 dz\u012bvnieku no samirk\u0161anas.\",\"breadcrumb\":{\"@id\":\"https:\/\/www.whisker.lv\/sunu-skirnes\/bisons-frize\/#breadcrumb\"},\"inLanguage\":\"en-US\",\"potentialAction\":[{\"@type\":\"ReadAction\",\"target\":[\"https:\/\/www.whisker.lv\/sunu-skirnes\/bisons-frize\/\"]}]},{\"@type\":\"BreadcrumbList\",\"@id\":\"https:\/\/www.whisker.lv\/sunu-skirnes\/bisons-frize\/#breadcrumb\",\"itemListElement\":[{\"@type\":\"ListItem\",\"position\":1,\"name\":\"S\u0101kums\",\"item\":\"https:\/\/www.whisker.lv\/\"},{\"@type\":\"ListItem\",\"position\":2,\"name\":\"Su\u0146u \u0161\u0137irnes\",\"item\":\"https:\/\/www.whisker.lv\/sunu-skirnes\/\"},{\"@type\":\"ListItem\",\"position\":3,\"name\":\"Bi\u0161ons friz\u0113\"}]},{\"@type\":\"WebSite\",\"@id\":\"https:\/\/www.whisker.lv\/#website\",\"url\":\"https:\/\/www.whisker.lv\/\",\"name\":\"Whisker\",\"description\":\"Tavs pal\u012bgs m\u0101jdzivnieku pieskat\u012b\u0161an\u0101\",\"potentialAction\":[{\"@type\":\"SearchAction\",\"target\":{\"@type\":\"EntryPoint\",\"urlTemplate\":\"https:\/\/www.whisker.lv\/?s={search_term_string}\"},\"query-input\":\"required name=search_term_string\"}],\"inLanguage\":\"en-US\"}]}<\/script>\n<!-- \/ Yoast SEO plugin. -->","yoast_head_json":{"title":"Bi\u0161ons friz\u0113 - Whisker.lv | Su\u0146u \u0161\u0137irnes - Bi\u0161ona friz\u0113","robots":{"index":"index","follow":"follow","max-snippet":"max-snippet:-1","max-image-preview":"max-image-preview:large","max-video-preview":"max-video-preview:-1"},"canonical":"https:\/\/www.whisker.lv\/sunu-skirnes\/bisons-frize\/","og_locale":"en_US","og_type":"article","og_title":"Bi\u0161ons friz\u0113 - Whisker","og_url":"https:\/\/www.whisker.lv\/sunu-skirnes\/bisons-frize\/","og_site_name":"Whisker","article_publisher":"https:\/\/www.facebook.com\/whisker.lv\/","article_modified_time":"2019-04-03T20:11:04+00:00","twitter_card":"summary_large_image","twitter_misc":{"Est. reading time":"1 minute"},"schema":{"@context":"https:\/\/schema.org","@graph":[{"@type":"WebPage","@id":"https:\/\/www.whisker.lv\/sunu-skirnes\/bisons-frize\/","url":"https:\/\/www.whisker.lv\/sunu-skirnes\/bisons-frize\/","name":"Bi\u0161ons friz\u0113 - Whisker.lv | Su\u0146u \u0161\u0137irnes - Bi\u0161ona friz\u0113","isPartOf":{"@id":"https:\/\/www.whisker.lv\/#website"},"datePublished":"2019-03-08T03:28:13+00:00","dateModified":"2019-04-03T20:11:04+00:00","description":"Bi\u0161ona friz\u0113 sniegbaltais un p\u016bkainais apmatojums ir z\u012bdains, sprogains un m\u012bksts k\u0101 d\u016bnas. Biezie akotmati pasarg\u0101 dz\u012bvnieku no samirk\u0161anas.","breadcrumb":{"@id":"https:\/\/www.whisker.lv\/sunu-skirnes\/bisons-frize\/#breadcrumb"},"inLanguage":"en-US","potentialAction":[{"@type":"ReadAction","target":["https:\/\/www.whisker.lv\/sunu-skirnes\/bisons-frize\/"]}]},{"@type":"BreadcrumbList","@id":"https:\/\/www.whisker.lv\/sunu-skirnes\/bisons-frize\/#breadcrumb","itemListElement":[{"@type":"ListItem","position":1,"name":"S\u0101kums","item":"https:\/\/www.whisker.lv\/"},{"@type":"ListItem","position":2,"name":"Su\u0146u \u0161\u0137irnes","item":"https:\/\/www.whisker.lv\/sunu-skirnes\/"},{"@type":"ListItem","position":3,"name":"Bi\u0161ons friz\u0113"}]},{"@type":"WebSite","@id":"https:\/\/www.whisker.lv\/#website","url":"https:\/\/www.whisker.lv\/","name":"Whisker","description":"Tavs pal\u012bgs m\u0101jdzivnieku pieskat\u012b\u0161an\u0101","potentialAction":[{"@type":"SearchAction","target":{"@type":"EntryPoint","urlTemplate":"https:\/\/www.whisker.lv\/?s={search_term_string}"},"query-input":"required name=search_term_string"}],"inLanguage":"en-US"}]}},"_links":{"self":[{"href":"https:\/\/www.whisker.lv\/en\/wp-json\/wp\/v2\/pages\/8810"}],"collection":[{"href":"https:\/\/www.whisker.lv\/en\/wp-json\/wp\/v2\/pages"}],"about":[{"href":"https:\/\/www.whisker.lv\/en\/wp-json\/wp\/v2\/types\/page"}],"author":[{"embeddable":true,"href":"https:\/\/www.whisker.lv\/en\/wp-json\/wp\/v2\/users\/1"}],"replies":[{"embeddable":true,"href":"https:\/\/www.whisker.lv\/en\/wp-json\/wp\/v2\/comments?post=8810"}],"version-history":[{"count":3,"href":"https:\/\/www.whisker.lv\/en\/wp-json\/wp\/v2\/pages\/8810\/revisions"}],"predecessor-version":[{"id":8814,"href":"https:\/\/www.whisker.lv\/en\/wp-json\/wp\/v2\/pages\/8810\/revisions\/8814"}],"up":[{"embeddable":true,"href":"https:\/\/www.whisker.lv\/en\/wp-json\/wp\/v2\/pages\/8016"}],"wp:attachment":[{"href":"https:\/\/www.whisker.lv\/en\/wp-json\/wp\/v2\/media?parent=8810"}],"curies":[{"name":"wp","href":"https:\/\/api.w.org\/{rel}","templated":true}]}}