



{"id":8815,"date":"2019-03-08T05:36:44","date_gmt":"2019-03-08T03:36:44","guid":{"rendered":"https:\/\/www.whisker.lv\/?page_id=8815"},"modified":"2019-04-03T22:11:41","modified_gmt":"2019-04-03T20:11:41","slug":"bigls","status":"publish","type":"page","link":"https:\/\/www.whisker.lv\/en\/sunu-skirnes\/bigls\/","title":{"rendered":"B\u012bgls"},"content":{"rendered":"[vc_row][vc_column][vc_text_separator title=&#8221;B\u012bgls&#8221; border_width=&#8221;8&#8243;][\/vc_column][\/vc_row][vc_row][vc_column width=&#8221;1\/2&#8243;][vc_single_image image=&#8221;8817&#8243; img_size=&#8221;full&#8221; alignment=&#8221;center&#8221; style=&#8221;vc_box_rounded&#8221;][\/vc_column][vc_column width=&#8221;1\/2&#8243;][vc_column_text]<span style=\"color: #000000;\"><strong>Dzimtene:<\/strong> Lielbrit\u0101nija<\/span><\/p>\n<p><span style=\"color: #000000;\"><strong>Funkcija<\/strong>: tru\u0161u un za\u0137u dzin\u0113js<\/span><\/p>\n<p><span style=\"color: #000000;\"><strong>Izcel\u0161an\u0101s:<\/strong> ap 1300. g.<\/span><\/p>\n<p><span style=\"color: #000000;\"><strong>Skausta augstums:<\/strong> 33-41 cm<\/span><\/p>\n<p><span style=\"color: #000000;\"><strong>Masa:<\/strong> 8-14 kg<\/span><\/p>\n<p><span style=\"color: #000000;\"><strong>Raksturs:<\/strong> dz\u012bvespriec\u012bgs, draudz\u012bgs<\/span><\/p>\n<p><span style=\"color: #000000;\"><strong>Dz\u012bves ilgums:<\/strong> 10-15 gadi<\/span>[\/vc_column_text][\/vc_column][\/vc_row][vc_row][vc_column][vc_column_text]<span style=\"color: #000000;\">B\u012bgls ir sp\u0113c\u012bgs, kopts med\u012bbu suns ar vid\u0113ji gar\u0101m k\u0101j\u0101m. Jau kop\u0161 seniem laikiem b\u012bgs ir izslav\u0113ts za\u0137u dzin\u0113js, kur\u0161 labpr\u0101t med\u012b kop\u0101 ar citiem su\u0146iem. \u0160is suns ir lielisks p\u0113ddzinis, neatlaid\u012bgs un iztur\u012bgs.<\/span><\/p>\n<p><span style=\"color: #000000;\"><strong>V\u0113sture.<\/strong> Iesp\u0113jams, ka b\u012bgli c\u0113lu\u0161ies no mazajiem lapsu su\u0146iem. M\u016bsdien\u0101s b\u012bglus v\u0113l arvien izmanto med\u012bb\u0101s. Vi\u0146i sp\u0113j k\u013c\u016bt sirsn\u012bgi un rota\u013c\u012bgi \u0123imenes m\u012blu\u013ci.<\/span><\/p>\n<p><span style=\"color: #000000;\"><strong>Piez\u012bme.<\/strong> L\u012bdz pat Pirmajam pasaules karam \u013coti popul\u0101rs bija b\u012bglu paveids, kuru sauc par kabatas b\u012bglu jeb poketb\u012bglu.<\/span><\/p>\n<p><span style=\"color: #000000;\"><strong>Otrs nosaukums.<\/strong> Ang\u013cu b\u012bgls.<\/span>[\/vc_column_text][\/vc_column][\/vc_row]\n","protected":false},"excerpt":{"rendered":"<p>[vc_row][vc_column][vc_text_separator title=&#8221;B\u012bgls&#8221; border_width=&#8221;8&#8243;][\/vc_column][\/vc_row][vc_row][vc_column width=&#8221;1\/2&#8243;][vc_single_image image=&#8221;8817&#8243; img_size=&#8221;full&#8221; alignment=&#8221;center&#8221; style=&#8221;vc_box_rounded&#8221;][\/vc_column][vc_column width=&#8221;1\/2&#8243;][vc_column_text]Dzimtene: Lielbrit\u0101nija Funkcija: tru\u0161u un za\u0137u dzin\u0113js Izcel\u0161an\u0101s: ap 1300. g. Skausta augstums: 33-41 cm Masa: 8-14 kg Raksturs: dz\u012bvespriec\u012bgs, draudz\u012bgs Dz\u012bves ilgums: 10-15 gadi[\/vc_column_text][\/vc_column][\/vc_row][vc_row][vc_column][vc_column_text]B\u012bgls ir sp\u0113c\u012bgs, kopts med\u012bbu suns ar vid\u0113ji gar\u0101m k\u0101j\u0101m. Jau kop\u0161 seniem laikiem b\u012bgs ir izslav\u0113ts za\u0137u dzin\u0113js, kur\u0161 labpr\u0101t med\u012b kop\u0101 [&hellip;]<\/p>\n","protected":false},"author":1,"featured_media":0,"parent":8016,"menu_order":0,"comment_status":"closed","ping_status":"closed","template":"page-fullwidth.php","meta":{"_acf_changed":false,"_glsr_average":0,"_glsr_ranking":0,"_glsr_reviews":0,"footnotes":""},"translation":{"provider":"WPGlobus","version":"2.12.2","language":"en","enabled_languages":["lv","en","ru"],"languages":{"lv":{"title":true,"content":true,"excerpt":false},"en":{"title":false,"content":false,"excerpt":false},"ru":{"title":false,"content":false,"excerpt":false}}},"acf":[],"yoast_head":"<!-- This site is optimized with the Yoast SEO plugin v22.5 - https:\/\/yoast.com\/wordpress\/plugins\/seo\/ -->\n<title>B\u012bgls - Whisker.lv | Su\u0146u \u0161\u0137irnes - B\u012bgls<\/title>\n<meta name=\"robots\" content=\"index, follow, max-snippet:-1, max-image-preview:large, max-video-preview:-1\" \/>\n<link rel=\"canonical\" href=\"https:\/\/www.whisker.lv\/sunu-skirnes\/bigls\/\" \/>\n<meta property=\"og:locale\" content=\"en_US\" \/>\n<meta property=\"og:type\" content=\"article\" \/>\n<meta property=\"og:title\" content=\"B\u012bgls - Whisker\" \/>\n<meta property=\"og:url\" content=\"https:\/\/www.whisker.lv\/sunu-skirnes\/bigls\/\" \/>\n<meta property=\"og:site_name\" content=\"Whisker\" \/>\n<meta property=\"article:publisher\" content=\"https:\/\/www.facebook.com\/whisker.lv\/\" \/>\n<meta property=\"article:modified_time\" content=\"2019-04-03T20:11:41+00:00\" \/>\n<meta name=\"twitter:card\" content=\"summary_large_image\" \/>\n<meta name=\"twitter:label1\" content=\"Est. reading time\" \/>\n\t<meta name=\"twitter:data1\" content=\"1 minute\" \/>\n<script type=\"application\/ld+json\" class=\"yoast-schema-graph\">{\"@context\":\"https:\/\/schema.org\",\"@graph\":[{\"@type\":\"WebPage\",\"@id\":\"https:\/\/www.whisker.lv\/sunu-skirnes\/bigls\/\",\"url\":\"https:\/\/www.whisker.lv\/sunu-skirnes\/bigls\/\",\"name\":\"B\u012bgls - Whisker.lv | Su\u0146u \u0161\u0137irnes - B\u012bgls\",\"isPartOf\":{\"@id\":\"https:\/\/www.whisker.lv\/#website\"},\"datePublished\":\"2019-03-08T03:36:44+00:00\",\"dateModified\":\"2019-04-03T20:11:41+00:00\",\"description\":\"B\u012bgls ir sp\u0113c\u012bgs, kopts med\u012bbu suns ar vid\u0113ji gar\u0101m k\u0101j\u0101m. Jau kop\u0161 seniem laikiem b\u012bgs ir izslav\u0113ts za\u0137u dzin\u0113js, kur\u0161 labpr\u0101t med\u012b kop\u0101 ar citiem su\u0146iem.\",\"breadcrumb\":{\"@id\":\"https:\/\/www.whisker.lv\/sunu-skirnes\/bigls\/#breadcrumb\"},\"inLanguage\":\"en-US\",\"potentialAction\":[{\"@type\":\"ReadAction\",\"target\":[\"https:\/\/www.whisker.lv\/sunu-skirnes\/bigls\/\"]}]},{\"@type\":\"BreadcrumbList\",\"@id\":\"https:\/\/www.whisker.lv\/sunu-skirnes\/bigls\/#breadcrumb\",\"itemListElement\":[{\"@type\":\"ListItem\",\"position\":1,\"name\":\"S\u0101kums\",\"item\":\"https:\/\/www.whisker.lv\/\"},{\"@type\":\"ListItem\",\"position\":2,\"name\":\"Su\u0146u \u0161\u0137irnes\",\"item\":\"https:\/\/www.whisker.lv\/sunu-skirnes\/\"},{\"@type\":\"ListItem\",\"position\":3,\"name\":\"B\u012bgls\"}]},{\"@type\":\"WebSite\",\"@id\":\"https:\/\/www.whisker.lv\/#website\",\"url\":\"https:\/\/www.whisker.lv\/\",\"name\":\"Whisker\",\"description\":\"Tavs pal\u012bgs m\u0101jdzivnieku pieskat\u012b\u0161an\u0101\",\"potentialAction\":[{\"@type\":\"SearchAction\",\"target\":{\"@type\":\"EntryPoint\",\"urlTemplate\":\"https:\/\/www.whisker.lv\/?s={search_term_string}\"},\"query-input\":\"required name=search_term_string\"}],\"inLanguage\":\"en-US\"}]}<\/script>\n<!-- \/ Yoast SEO plugin. -->","yoast_head_json":{"title":"B\u012bgls - Whisker.lv | Su\u0146u \u0161\u0137irnes - B\u012bgls","robots":{"index":"index","follow":"follow","max-snippet":"max-snippet:-1","max-image-preview":"max-image-preview:large","max-video-preview":"max-video-preview:-1"},"canonical":"https:\/\/www.whisker.lv\/sunu-skirnes\/bigls\/","og_locale":"en_US","og_type":"article","og_title":"B\u012bgls - Whisker","og_url":"https:\/\/www.whisker.lv\/sunu-skirnes\/bigls\/","og_site_name":"Whisker","article_publisher":"https:\/\/www.facebook.com\/whisker.lv\/","article_modified_time":"2019-04-03T20:11:41+00:00","twitter_card":"summary_large_image","twitter_misc":{"Est. reading time":"1 minute"},"schema":{"@context":"https:\/\/schema.org","@graph":[{"@type":"WebPage","@id":"https:\/\/www.whisker.lv\/sunu-skirnes\/bigls\/","url":"https:\/\/www.whisker.lv\/sunu-skirnes\/bigls\/","name":"B\u012bgls - Whisker.lv | Su\u0146u \u0161\u0137irnes - B\u012bgls","isPartOf":{"@id":"https:\/\/www.whisker.lv\/#website"},"datePublished":"2019-03-08T03:36:44+00:00","dateModified":"2019-04-03T20:11:41+00:00","description":"B\u012bgls ir sp\u0113c\u012bgs, kopts med\u012bbu suns ar vid\u0113ji gar\u0101m k\u0101j\u0101m. Jau kop\u0161 seniem laikiem b\u012bgs ir izslav\u0113ts za\u0137u dzin\u0113js, kur\u0161 labpr\u0101t med\u012b kop\u0101 ar citiem su\u0146iem.","breadcrumb":{"@id":"https:\/\/www.whisker.lv\/sunu-skirnes\/bigls\/#breadcrumb"},"inLanguage":"en-US","potentialAction":[{"@type":"ReadAction","target":["https:\/\/www.whisker.lv\/sunu-skirnes\/bigls\/"]}]},{"@type":"BreadcrumbList","@id":"https:\/\/www.whisker.lv\/sunu-skirnes\/bigls\/#breadcrumb","itemListElement":[{"@type":"ListItem","position":1,"name":"S\u0101kums","item":"https:\/\/www.whisker.lv\/"},{"@type":"ListItem","position":2,"name":"Su\u0146u \u0161\u0137irnes","item":"https:\/\/www.whisker.lv\/sunu-skirnes\/"},{"@type":"ListItem","position":3,"name":"B\u012bgls"}]},{"@type":"WebSite","@id":"https:\/\/www.whisker.lv\/#website","url":"https:\/\/www.whisker.lv\/","name":"Whisker","description":"Tavs pal\u012bgs m\u0101jdzivnieku pieskat\u012b\u0161an\u0101","potentialAction":[{"@type":"SearchAction","target":{"@type":"EntryPoint","urlTemplate":"https:\/\/www.whisker.lv\/?s={search_term_string}"},"query-input":"required name=search_term_string"}],"inLanguage":"en-US"}]}},"_links":{"self":[{"href":"https:\/\/www.whisker.lv\/en\/wp-json\/wp\/v2\/pages\/8815"}],"collection":[{"href":"https:\/\/www.whisker.lv\/en\/wp-json\/wp\/v2\/pages"}],"about":[{"href":"https:\/\/www.whisker.lv\/en\/wp-json\/wp\/v2\/types\/page"}],"author":[{"embeddable":true,"href":"https:\/\/www.whisker.lv\/en\/wp-json\/wp\/v2\/users\/1"}],"replies":[{"embeddable":true,"href":"https:\/\/www.whisker.lv\/en\/wp-json\/wp\/v2\/comments?post=8815"}],"version-history":[{"count":3,"href":"https:\/\/www.whisker.lv\/en\/wp-json\/wp\/v2\/pages\/8815\/revisions"}],"predecessor-version":[{"id":8819,"href":"https:\/\/www.whisker.lv\/en\/wp-json\/wp\/v2\/pages\/8815\/revisions\/8819"}],"up":[{"embeddable":true,"href":"https:\/\/www.whisker.lv\/en\/wp-json\/wp\/v2\/pages\/8016"}],"wp:attachment":[{"href":"https:\/\/www.whisker.lv\/en\/wp-json\/wp\/v2\/media?parent=8815"}],"curies":[{"name":"wp","href":"https:\/\/api.w.org\/{rel}","templated":true}]}}