



{"id":8825,"date":"2019-03-08T05:51:29","date_gmt":"2019-03-08T03:51:29","guid":{"rendered":"https:\/\/www.whisker.lv\/?page_id=8825"},"modified":"2019-04-03T22:12:13","modified_gmt":"2019-04-03T20:12:13","slug":"bladhauns","status":"publish","type":"page","link":"https:\/\/www.whisker.lv\/en\/sunu-skirnes\/bladhauns\/","title":{"rendered":"Bladhauns"},"content":{"rendered":"[vc_row][vc_column][vc_text_separator title=&#8221;Bladhauns&#8221; border_width=&#8221;8&#8243;][\/vc_column][\/vc_row][vc_row][vc_column width=&#8221;1\/2&#8243;][vc_single_image image=&#8221;8827&#8243; img_size=&#8221;full&#8221; alignment=&#8221;center&#8221; style=&#8221;vc_box_rounded&#8221;][\/vc_column][vc_column width=&#8221;1\/2&#8243;][vc_column_text]<span style=\"color: #000000;\"><strong>Dzimtene:<\/strong> Be\u013c\u0123ija<\/span><\/p>\n<p><span style=\"color: #000000;\"><strong>Funkcija:<\/strong> p\u0113ddzinis<\/span><\/p>\n<p><span style=\"color: #000000;\"><strong>Izcel\u0161an\u0101s:<\/strong> ap 800. g.<\/span><\/p>\n<p><span style=\"color: #000000;\"><strong>Skausta augstums:<\/strong> 58-69 cm<\/span><\/p>\n<p><span style=\"color: #000000;\"><strong>Masa:<\/strong> 36-41 kg<\/span><\/p>\n<p><span style=\"color: #000000;\"><strong>Raksturs:<\/strong> noteikts, ar atbild\u012bbas izj\u016btu<\/span><\/p>\n<p><span style=\"color: #000000;\"><strong>Dz\u012bves ilgums:<\/strong> 10-12 gadi<\/span>[\/vc_column_text][\/vc_column][\/vc_row][vc_row][vc_column][vc_column_text]<span style=\"color: #000000;\">Viens no liel\u0101kajiem un izcil\u0101kajiem p\u0113ddzi\u0146iem pasaul\u0113. Nokaren\u0101s \u0101das krokas uz kakla un pieres pie\u0161\u0137ir sunim \u013coti s\u0113r\u012bgu izskatu, kas paties\u012bb\u0101 neatbilst bladhaunda ros\u012bgajam un akt\u012bvajam raksturam. Suns ir \u013coti draudz\u012bgs pret cilv\u0113kiem. Vi\u0146a melodisk\u0101s, savdab\u012bg\u0101s rejas vienm\u0113r tiek iev\u0113rotas.<\/span><\/p>\n<p><span style=\"color: #000000;\"><strong>V\u0113sture.<\/strong> Dom\u0101jams, ka m\u016bsdienu bladhaunda priek\u0161tecis ir senais Sv\u0113t\u0101 H\u016bberta dzin\u0113jsuns, kas Eirop\u0101 ierad\u0101s kop\u0101 ar kareivjiem, kuri piedal\u012bju\u0161ies krusta karos.<\/span><\/p>\n<p><span style=\"color: #000000;\"><strong>Piez\u012bme.<\/strong> \u0160is nenogurdin\u0101mais suns ir nep\u0101rsp\u0113jams p\u0113ddzinis. To pier\u0101da fakts, ka reiz k\u0101ds bladhaunds sekojis upurim vair\u0101k nek\u0101 \u010detrpadsmit dienas, nenogurdin\u0101mi \u017eigl\u0101 gait\u0101 p\u0101rvarot aptuveni 220 km lielu att\u0101lumu. Bladhaundi piedal\u012bju\u0161ies k\u0101 liecinieki tiesas proces\u0101.<\/span>[\/vc_column_text][\/vc_column][\/vc_row]\n","protected":false},"excerpt":{"rendered":"<p>[vc_row][vc_column][vc_text_separator title=&#8221;Bladhauns&#8221; border_width=&#8221;8&#8243;][\/vc_column][\/vc_row][vc_row][vc_column width=&#8221;1\/2&#8243;][vc_single_image image=&#8221;8827&#8243; img_size=&#8221;full&#8221; alignment=&#8221;center&#8221; style=&#8221;vc_box_rounded&#8221;][\/vc_column][vc_column width=&#8221;1\/2&#8243;][vc_column_text]Dzimtene: Be\u013c\u0123ija Funkcija: p\u0113ddzinis Izcel\u0161an\u0101s: ap 800. g. Skausta augstums: 58-69 cm Masa: 36-41 kg Raksturs: noteikts, ar atbild\u012bbas izj\u016btu Dz\u012bves ilgums: 10-12 gadi[\/vc_column_text][\/vc_column][\/vc_row][vc_row][vc_column][vc_column_text]Viens no liel\u0101kajiem un izcil\u0101kajiem p\u0113ddzi\u0146iem pasaul\u0113. Nokaren\u0101s \u0101das krokas uz kakla un pieres pie\u0161\u0137ir sunim \u013coti s\u0113r\u012bgu izskatu, kas paties\u012bb\u0101 neatbilst bladhaunda ros\u012bgajam [&hellip;]<\/p>\n","protected":false},"author":1,"featured_media":0,"parent":8016,"menu_order":0,"comment_status":"closed","ping_status":"closed","template":"page-fullwidth.php","meta":{"_acf_changed":false,"_glsr_average":0,"_glsr_ranking":0,"_glsr_reviews":0,"footnotes":""},"translation":{"provider":"WPGlobus","version":"2.12.2","language":"en","enabled_languages":["lv","en","ru"],"languages":{"lv":{"title":true,"content":true,"excerpt":false},"en":{"title":false,"content":false,"excerpt":false},"ru":{"title":false,"content":false,"excerpt":false}}},"acf":[],"yoast_head":"<!-- This site is optimized with the Yoast SEO plugin v22.5 - https:\/\/yoast.com\/wordpress\/plugins\/seo\/ -->\n<title>Bladhauns - Whisker.lv | Su\u0146u \u0161\u0137irnes - Bladhaunds<\/title>\n<meta name=\"robots\" content=\"index, follow, max-snippet:-1, max-image-preview:large, max-video-preview:-1\" \/>\n<link rel=\"canonical\" href=\"https:\/\/www.whisker.lv\/sunu-skirnes\/bladhauns\/\" \/>\n<meta property=\"og:locale\" content=\"en_US\" \/>\n<meta property=\"og:type\" content=\"article\" \/>\n<meta property=\"og:title\" content=\"Bladhauns - Whisker\" \/>\n<meta property=\"og:url\" content=\"https:\/\/www.whisker.lv\/sunu-skirnes\/bladhauns\/\" \/>\n<meta property=\"og:site_name\" content=\"Whisker\" \/>\n<meta property=\"article:publisher\" content=\"https:\/\/www.facebook.com\/whisker.lv\/\" \/>\n<meta property=\"article:modified_time\" content=\"2019-04-03T20:12:13+00:00\" \/>\n<meta name=\"twitter:card\" content=\"summary_large_image\" \/>\n<meta name=\"twitter:label1\" content=\"Est. reading time\" \/>\n\t<meta name=\"twitter:data1\" content=\"1 minute\" \/>\n<script type=\"application\/ld+json\" class=\"yoast-schema-graph\">{\"@context\":\"https:\/\/schema.org\",\"@graph\":[{\"@type\":\"WebPage\",\"@id\":\"https:\/\/www.whisker.lv\/sunu-skirnes\/bladhauns\/\",\"url\":\"https:\/\/www.whisker.lv\/sunu-skirnes\/bladhauns\/\",\"name\":\"Bladhauns - Whisker.lv | Su\u0146u \u0161\u0137irnes - Bladhaunds\",\"isPartOf\":{\"@id\":\"https:\/\/www.whisker.lv\/#website\"},\"datePublished\":\"2019-03-08T03:51:29+00:00\",\"dateModified\":\"2019-04-03T20:12:13+00:00\",\"description\":\"Bladhaunds - viens no liel\u0101kajiem un izcil\u0101kajiem p\u0113ddzi\u0146iem pasaul\u0113. Nokaren\u0101s \u0101das krokas uz kakla un pieres pie\u0161\u0137ir sunim \u013coti s\u0113r\u012bgu izskatu.\",\"breadcrumb\":{\"@id\":\"https:\/\/www.whisker.lv\/sunu-skirnes\/bladhauns\/#breadcrumb\"},\"inLanguage\":\"en-US\",\"potentialAction\":[{\"@type\":\"ReadAction\",\"target\":[\"https:\/\/www.whisker.lv\/sunu-skirnes\/bladhauns\/\"]}]},{\"@type\":\"BreadcrumbList\",\"@id\":\"https:\/\/www.whisker.lv\/sunu-skirnes\/bladhauns\/#breadcrumb\",\"itemListElement\":[{\"@type\":\"ListItem\",\"position\":1,\"name\":\"S\u0101kums\",\"item\":\"https:\/\/www.whisker.lv\/\"},{\"@type\":\"ListItem\",\"position\":2,\"name\":\"Su\u0146u \u0161\u0137irnes\",\"item\":\"https:\/\/www.whisker.lv\/sunu-skirnes\/\"},{\"@type\":\"ListItem\",\"position\":3,\"name\":\"Bladhauns\"}]},{\"@type\":\"WebSite\",\"@id\":\"https:\/\/www.whisker.lv\/#website\",\"url\":\"https:\/\/www.whisker.lv\/\",\"name\":\"Whisker\",\"description\":\"Tavs pal\u012bgs m\u0101jdzivnieku pieskat\u012b\u0161an\u0101\",\"potentialAction\":[{\"@type\":\"SearchAction\",\"target\":{\"@type\":\"EntryPoint\",\"urlTemplate\":\"https:\/\/www.whisker.lv\/?s={search_term_string}\"},\"query-input\":\"required name=search_term_string\"}],\"inLanguage\":\"en-US\"}]}<\/script>\n<!-- \/ Yoast SEO plugin. -->","yoast_head_json":{"title":"Bladhauns - Whisker.lv | Su\u0146u \u0161\u0137irnes - Bladhaunds","robots":{"index":"index","follow":"follow","max-snippet":"max-snippet:-1","max-image-preview":"max-image-preview:large","max-video-preview":"max-video-preview:-1"},"canonical":"https:\/\/www.whisker.lv\/sunu-skirnes\/bladhauns\/","og_locale":"en_US","og_type":"article","og_title":"Bladhauns - Whisker","og_url":"https:\/\/www.whisker.lv\/sunu-skirnes\/bladhauns\/","og_site_name":"Whisker","article_publisher":"https:\/\/www.facebook.com\/whisker.lv\/","article_modified_time":"2019-04-03T20:12:13+00:00","twitter_card":"summary_large_image","twitter_misc":{"Est. reading time":"1 minute"},"schema":{"@context":"https:\/\/schema.org","@graph":[{"@type":"WebPage","@id":"https:\/\/www.whisker.lv\/sunu-skirnes\/bladhauns\/","url":"https:\/\/www.whisker.lv\/sunu-skirnes\/bladhauns\/","name":"Bladhauns - Whisker.lv | Su\u0146u \u0161\u0137irnes - Bladhaunds","isPartOf":{"@id":"https:\/\/www.whisker.lv\/#website"},"datePublished":"2019-03-08T03:51:29+00:00","dateModified":"2019-04-03T20:12:13+00:00","description":"Bladhaunds - viens no liel\u0101kajiem un izcil\u0101kajiem p\u0113ddzi\u0146iem pasaul\u0113. Nokaren\u0101s \u0101das krokas uz kakla un pieres pie\u0161\u0137ir sunim \u013coti s\u0113r\u012bgu izskatu.","breadcrumb":{"@id":"https:\/\/www.whisker.lv\/sunu-skirnes\/bladhauns\/#breadcrumb"},"inLanguage":"en-US","potentialAction":[{"@type":"ReadAction","target":["https:\/\/www.whisker.lv\/sunu-skirnes\/bladhauns\/"]}]},{"@type":"BreadcrumbList","@id":"https:\/\/www.whisker.lv\/sunu-skirnes\/bladhauns\/#breadcrumb","itemListElement":[{"@type":"ListItem","position":1,"name":"S\u0101kums","item":"https:\/\/www.whisker.lv\/"},{"@type":"ListItem","position":2,"name":"Su\u0146u \u0161\u0137irnes","item":"https:\/\/www.whisker.lv\/sunu-skirnes\/"},{"@type":"ListItem","position":3,"name":"Bladhauns"}]},{"@type":"WebSite","@id":"https:\/\/www.whisker.lv\/#website","url":"https:\/\/www.whisker.lv\/","name":"Whisker","description":"Tavs pal\u012bgs m\u0101jdzivnieku pieskat\u012b\u0161an\u0101","potentialAction":[{"@type":"SearchAction","target":{"@type":"EntryPoint","urlTemplate":"https:\/\/www.whisker.lv\/?s={search_term_string}"},"query-input":"required name=search_term_string"}],"inLanguage":"en-US"}]}},"_links":{"self":[{"href":"https:\/\/www.whisker.lv\/en\/wp-json\/wp\/v2\/pages\/8825"}],"collection":[{"href":"https:\/\/www.whisker.lv\/en\/wp-json\/wp\/v2\/pages"}],"about":[{"href":"https:\/\/www.whisker.lv\/en\/wp-json\/wp\/v2\/types\/page"}],"author":[{"embeddable":true,"href":"https:\/\/www.whisker.lv\/en\/wp-json\/wp\/v2\/users\/1"}],"replies":[{"embeddable":true,"href":"https:\/\/www.whisker.lv\/en\/wp-json\/wp\/v2\/comments?post=8825"}],"version-history":[{"count":4,"href":"https:\/\/www.whisker.lv\/en\/wp-json\/wp\/v2\/pages\/8825\/revisions"}],"predecessor-version":[{"id":11156,"href":"https:\/\/www.whisker.lv\/en\/wp-json\/wp\/v2\/pages\/8825\/revisions\/11156"}],"up":[{"embeddable":true,"href":"https:\/\/www.whisker.lv\/en\/wp-json\/wp\/v2\/pages\/8016"}],"wp:attachment":[{"href":"https:\/\/www.whisker.lv\/en\/wp-json\/wp\/v2\/media?parent=8825"}],"curies":[{"name":"wp","href":"https:\/\/api.w.org\/{rel}","templated":true}]}}