



{"id":8848,"date":"2019-03-12T01:50:49","date_gmt":"2019-03-11T23:50:49","guid":{"rendered":"https:\/\/www.whisker.lv\/?page_id=8848"},"modified":"2019-03-12T19:01:15","modified_gmt":"2019-03-12T17:01:15","slug":"ka-kaki-izvelas-savu-milako-personu","status":"publish","type":"page","link":"https:\/\/www.whisker.lv\/en\/ka-kaki-izvelas-savu-milako-personu\/","title":{"rendered":"K\u0101 ka\u0137i izv\u0113las savu m\u012b\u013c\u0101ko personu"},"content":{"rendered":"<h3 style=\"text-align: center;\">[vc_row css=&#8221;.vc_custom_1526911646432{padding-top: 65px !important;}&#8221;][vc_column][petsitter_heading_separator subtitle=&#8221;&#8221;]K\u0101 ka\u0137i izv\u0113las savu m\u012b\u013c\u0101ko personu[\/petsitter_heading_separator][\/vc_column][\/vc_row][vc_row][vc_column width=&#8221;2\/3&#8243;][vc_column_text]<\/h3>\n<p><span style=\"color: #000000;\">Bie\u017ei vien ka\u0137i ir \u013coti izv\u0113l\u012bgi attiec\u012bb\u0101 pret cilv\u0113kiem. Parasti pie\u0137eras saviem saimniekiem, bet, lai citi cilv\u0113ki ieg\u016btu ka\u0137a uztic\u012bbu, nereti ir j\u0101paiet vair\u0101kiem m\u0113ne\u0161iem.<\/span><\/p>\n<p><span style=\"color: #000000;\">At\u0161\u0137ir\u012bb\u0101 no su\u0146iem, ka\u0137i ir \u013coti izv\u0113l\u012bgi dibinot attiec\u012bbas. Vai esi k\u0101dreiz dom\u0101jis par to k\u0101 ka\u0137is izraug\u0101s savu m\u012b\u013c\u0101ko cilv\u0113ku? L\u016bk, kas sl\u0113pjas zem \u0161\u012bs izv\u0113les.<\/span><\/p>\n<h3 style=\"text-align: center;\"><strong><span style=\"color: #000000;\"><img decoding=\"async\" class=\"aligncenter wp-image-8849\" src=\"https:\/\/www.whisker.lv\/wp-content\/uploads\/2019\/03\/erik-jan-leusink-561776-unsplash-1.jpg\" alt=\"Ka\u0137is\" width=\"600\" height=\"400\" srcset=\"https:\/\/www.whisker.lv\/wp-content\/uploads\/2019\/03\/erik-jan-leusink-561776-unsplash-1.jpg 4272w, https:\/\/www.whisker.lv\/wp-content\/uploads\/2019\/03\/erik-jan-leusink-561776-unsplash-1-300x200.jpg 300w, https:\/\/www.whisker.lv\/wp-content\/uploads\/2019\/03\/erik-jan-leusink-561776-unsplash-1-768x512.jpg 768w, https:\/\/www.whisker.lv\/wp-content\/uploads\/2019\/03\/erik-jan-leusink-561776-unsplash-1-1024x683.jpg 1024w\" sizes=\"(max-width: 600px) 100vw, 600px\" \/><\/span><\/strong><\/h3>\n<h3><\/h3>\n<h3 style=\"text-align: center;\"><strong><span style=\"color: #000000;\">Kop\u0101 b\u016b\u0161ana no agra vecuma.<\/span><\/strong><\/h3>\n<p><span style=\"color: #000000;\">Kad ka\u0137i ir aptuveni \u010detras l\u012bdz se\u0161as ned\u0113\u013cas veci, vi\u0146i bailes neuztver t\u0101 k\u0101 to dara pieaugu\u0161i ka\u0137i. \u0160aj\u0101 agraj\u0101 socializ\u0101cijas period\u0101, ka\u0137\u0113na regul\u0101ra radin\u0101\u0161ana pie rok\u0101m, da\u017e\u0101du smar\u017eu un ska\u0146u iepaz\u012b\u0161ana var pal\u012bdz\u0113t ka\u0137im izaugt par \u012bstu m\u0101jas m\u012bluli, kur\u0161 pie\u0137\u0113ries savam saimniekam. Turkl\u0101t tad, kad ka\u0137\u0113ni ir pietiekami veci, lai tiktu no\u0161\u0137irti no savas mammas, vi\u0146i pa\u013caujas uz dro\u0161\u0101ko patv\u0113rumu sav\u0101 dz\u012bv\u0113 \u2013 tevi. T\u0101d\u0113\u013c ka\u0137i, kuri biju\u0161i kop\u0101 ar savu saimnieku jau no mazotnes, ar\u012b k\u013c\u016bst par vi\u0146u iecien\u012bt\u0101ko personu.<\/span><\/p>\n<p><span style=\"color: #000000;\"><img decoding=\"async\" class=\"aligncenter wp-image-8850\" src=\"https:\/\/www.whisker.lv\/wp-content\/uploads\/2019\/03\/kim-davies-528683-unsplash-1.jpg\" alt=\"Ka\u0137is\" width=\"600\" height=\"376\" srcset=\"https:\/\/www.whisker.lv\/wp-content\/uploads\/2019\/03\/kim-davies-528683-unsplash-1.jpg 5010w, https:\/\/www.whisker.lv\/wp-content\/uploads\/2019\/03\/kim-davies-528683-unsplash-1-300x188.jpg 300w, https:\/\/www.whisker.lv\/wp-content\/uploads\/2019\/03\/kim-davies-528683-unsplash-1-768x481.jpg 768w, https:\/\/www.whisker.lv\/wp-content\/uploads\/2019\/03\/kim-davies-528683-unsplash-1-1024x641.jpg 1024w\" sizes=\"(max-width: 600px) 100vw, 600px\" \/><\/span><\/p>\n<p><span style=\"color: #000000;\">Esot kop\u0101 no agr\u012bna vecuma ir tikai viens veids k\u0101 ka\u0137i izv\u0113las savas favor\u012btpersonas, bet tas noteikti nav vien\u012bgais. To var pajaut\u0101t ar\u012b jebkuram cilv\u0113kam, kur\u0161 ir <a href=\"https:\/\/www.whisker.lv\/dzivnieku-patversmes\/\" target=\"_blank\" rel=\"noopener\">adopt\u0113jis<\/a> jau pieaugu\u0161u ka\u0137i.<\/span><\/p>\n<p>&nbsp;<\/p>\n<h3 style=\"text-align: center;\"><strong><span style=\"color: #000000;\">Komunik\u0101cija ir galvenais faktors.<\/span><\/strong><\/h3>\n<p><span style=\"color: #000000;\">Neatkar\u012bgi no t\u0101, ieg\u0101d\u0101jies vai adopt\u0113ji ka\u0137i, kad bija jau pieaudzis vai v\u0113l ka\u0137\u0113ns, tev ir j\u0101m\u0101c\u0101s ar vi\u0146u komunic\u0113t un saprast vi\u0146a v\u0113lmes. Lab\u0101k\u0101s ka\u0137a un cilv\u0113ka attiec\u012bbas ir t\u0101das, kur\u0101s cilv\u0113ks piel\u0101gojas ka\u0137a v\u0113lamajam sazi\u0146as l\u012bdzeklim. <\/span><\/p>\n<p><span style=\"color: #000000;\">\u0160is komunik\u0101cijas veids var neietvert fizisku piesk\u0101rienu \u2013 b\u016bt par ka\u0137a favor\u012btpersonu nenoz\u012bm\u0113, ka ka\u0137is noteikti v\u0113las tikt gl\u0101st\u012bts. Ka\u0137a favor\u012btpersona var b\u016bt ar\u012b cilv\u0113ks, kur\u0161 ka\u0137im liek justies komfortabli vienk\u0101r\u0161i esot kop\u0101 vien\u0101 istab\u0101.<\/span><\/p>\n<p><span style=\"color: #000000;\"><img decoding=\"async\" class=\"wp-image-8851 aligncenter\" src=\"https:\/\/www.whisker.lv\/wp-content\/uploads\/2019\/03\/mariana-montes-de-oca-729507-unsplash-1.jpg\" alt=\"Ka\u0137is\" width=\"600\" height=\"450\" srcset=\"https:\/\/www.whisker.lv\/wp-content\/uploads\/2019\/03\/mariana-montes-de-oca-729507-unsplash-1.jpg 4366w, https:\/\/www.whisker.lv\/wp-content\/uploads\/2019\/03\/mariana-montes-de-oca-729507-unsplash-1-300x225.jpg 300w, https:\/\/www.whisker.lv\/wp-content\/uploads\/2019\/03\/mariana-montes-de-oca-729507-unsplash-1-768x576.jpg 768w, https:\/\/www.whisker.lv\/wp-content\/uploads\/2019\/03\/mariana-montes-de-oca-729507-unsplash-1-1024x768.jpg 1024w, https:\/\/www.whisker.lv\/wp-content\/uploads\/2019\/03\/mariana-montes-de-oca-729507-unsplash-1-560x420.jpg 560w\" sizes=\"(max-width: 600px) 100vw, 600px\" \/><\/span><\/p>\n<p><span style=\"color: #000000;\">Ar laiku tu un tavs ka\u0137is iem\u0101c\u012bsies k\u0101 vislab\u0101k vienam ar otru komunic\u0113t. Bie\u017ei vien ka\u0137is ar savu saimnieku izveido kop\u012bgus sazin\u0101\u0161an\u0101s veidus, kurus abi saprot, bet neizmanto ar citiem ka\u0137iem vai cilv\u0113kiem. Ja \u0123imen\u0113 tu esi tas cilv\u0113ks, kur\u0161 at\u0161\u0137ir \u201clabr\u012bt\u201d sveicienu no \u201cdod man \u0113st\u201d \u0146aud\u0113\u0161anas, tad tu var\u0113tu b\u016bt ka\u0137a m\u012b\u013c\u0101k\u0101 persona.<\/span><\/p>\n<p>&nbsp;<\/p>\n<h3 style=\"text-align: center;\"><strong><span style=\"color: #000000;\">Ka\u0137a person\u012bbai ir liela noz\u012bme.<\/span><\/strong><\/h3>\n<p><span style=\"color: #000000;\">Katrs cilv\u0113ks, kuram ir vair\u0101ki ka\u0137i, var notiekti piekrist, ka katrs ka\u0137is ir unik\u0101ls. Ka\u0137a priek\u0161roc\u012bbas izv\u0113le atkar\u012bga no da\u017e\u0101diem faktoriem, k\u0101, piem\u0113ram, agr\u012bn\u0101s socializ\u0101cijas, \u0161\u0137irnes un persn\u012bbas untumiem. Lab\u0101k\u0101s ka\u0137a un cilv\u0113ka attiec\u012bbas ir t\u0101das, kur\u0101s cilv\u0113ks izprot ka\u0137a individualit\u0101ti un ir piel\u0101gojies tai.<\/span><\/p>\n<p><span style=\"color: #000000;\"><img decoding=\"async\" class=\"aligncenter wp-image-8852\" src=\"https:\/\/www.whisker.lv\/wp-content\/uploads\/2019\/03\/Screen-Shot-2019-03-06-at-20.27.58-1.png\" alt=\"Ka\u0137is\" width=\"600\" height=\"398\" srcset=\"https:\/\/www.whisker.lv\/wp-content\/uploads\/2019\/03\/Screen-Shot-2019-03-06-at-20.27.58-1.png 1832w, https:\/\/www.whisker.lv\/wp-content\/uploads\/2019\/03\/Screen-Shot-2019-03-06-at-20.27.58-1-300x199.png 300w, https:\/\/www.whisker.lv\/wp-content\/uploads\/2019\/03\/Screen-Shot-2019-03-06-at-20.27.58-1-768x510.png 768w, https:\/\/www.whisker.lv\/wp-content\/uploads\/2019\/03\/Screen-Shot-2019-03-06-at-20.27.58-1-1024x680.png 1024w\" sizes=\"(max-width: 600px) 100vw, 600px\" \/><\/span><\/p>\n<p><span style=\"color: #000000;\">Citiem v\u0101rdiem sakot, ne vienm\u0113r ir iesp\u0113jams noteikt k\u0101p\u0113c ka\u0137im viens cilv\u0113ks pat\u012bk lab\u0101k k\u0101 otrs. Lab\u0101kais, ko vari dar\u012bt, ir r\u016bp\u0113ties par savu ka\u0137i, m\u0101c\u012bties komunic\u0113t, izr\u0101dot uzman\u012bbu un m\u012blest\u012bbu, un v\u0113ro z\u012bmes, kad tavs ka\u0137is ir laim\u012bgs un j\u016btas komfortabli kop\u0101 ar tevi. Ja esi cilv\u0113ks ar kuru ka\u0137is pavada visvair\u0101k laika, iesp\u0113jams, ka esi ka\u0137a favor\u012bts.<\/span><\/p>\n<p>&nbsp;<\/p>\n<p><strong><span style=\"color: #000000;\">Ja esi nesen adopt\u0113jis ka\u0137i vai centies ieg\u016bt ka\u0137\u0113na m\u012blest\u012bbu, tad \u0161eit ir da\u017ei padomi:<\/span><\/strong><\/p>\n<p><span style=\"color: #000000;\"><strong>1. Baro.<\/strong> Ka\u0137iem svar\u012bgs ir \u0113diens un dro\u0161\u012bba, t\u0101p\u0113c esi tas, kur\u0161 to nodro\u0161ina.<\/span><\/p>\n<p><span style=\"color: #000000;\"><strong>2. Sp\u0113l\u0113jies.<\/strong> Sp\u0113les apvieno gan uzman\u012bbu, gan vingrin\u0101jumus un \u0161\u012b nodarbe izstr\u0101d\u0101 hormonus, kuri atbild par labu pa\u0161saj\u016btu un t\u0101d\u0101 veid\u0101 palielina saikni starp ka\u0137i un saimnieku. Un tad, kad ka\u0137is b\u016bs noguris, visticam\u0101k, ar\u012b pieglaud\u012bsies un \u0113rti ieritin\u0101sies turpat tev blakus.<\/span><\/p>\n<p><span style=\"color: #000000;\"><strong>3. Mijiedarbojies.<\/strong> Kad ka\u0137is izdara kaut ko labu, iedod vi\u0146am k\u0101du gardumu, savuk\u0101rt, kad ka\u0137im ir nepiecie\u0161am\u012bba pab\u016bt vienatn\u0113, dod vi\u0146am t\u0101du iesp\u0113ju. Gan uzman\u012bbas apliecin\u0101jumi, gan br\u012bv\u012bbas nodro\u0161in\u0101\u0161ana var tikai pastiprin\u0101t tavas un ka\u0137a attiec\u012bbas.<\/span><\/p>\n<p><span style=\"color: #000000;\"><img decoding=\"async\" class=\"aligncenter wp-image-8853\" src=\"https:\/\/www.whisker.lv\/wp-content\/uploads\/2019\/03\/Screen-Shot-2019-03-06-at-20.30.44-1.png\" alt=\"Ka\u0137is\" width=\"600\" height=\"398\" srcset=\"https:\/\/www.whisker.lv\/wp-content\/uploads\/2019\/03\/Screen-Shot-2019-03-06-at-20.30.44-1.png 1842w, https:\/\/www.whisker.lv\/wp-content\/uploads\/2019\/03\/Screen-Shot-2019-03-06-at-20.30.44-1-300x199.png 300w, https:\/\/www.whisker.lv\/wp-content\/uploads\/2019\/03\/Screen-Shot-2019-03-06-at-20.30.44-1-768x509.png 768w, https:\/\/www.whisker.lv\/wp-content\/uploads\/2019\/03\/Screen-Shot-2019-03-06-at-20.30.44-1-1024x679.png 1024w\" sizes=\"(max-width: 600px) 100vw, 600px\" \/><\/span><\/p>\n<p><span style=\"color: #000000;\">Pie\u0137er\u0161an\u0101s starp ka\u0137iem un cilv\u0113kiem notiek dabiski. Ja pret vi\u0146iem iztur\u0113sies labi, barosi, nodro\u0161in\u0101si komfortu un respekt\u0113si vi\u0146a unik\u0101lo person\u012bbu, tad tu, ne tikai b\u016bsi lielisks saimnieks, bet ar\u012b k\u013c\u016bsi par ka\u0137a m\u012b\u013c\u0101ko personu.<\/span><\/p>\n<p><span style=\"color: #000000;\">Ja v\u0113lies iepaz\u012bt savu ka\u0137i v\u0113l vair\u0101k, izlasi rakstu<span style=\"color: #99cc00;\"> <a style=\"color: #99cc00;\" href=\"https:\/\/www.whisker.lv\/fakti-ko-nezinaji-par-savu-kaki\/\" target=\"_blank\" rel=\"noopener\">&#8220;19 fakti, ko nezin\u0101ji par savu ka\u0137i&#8221;<\/a>.<\/span><\/span><\/p>\n<p>&nbsp;<\/p>\n<p><span style=\"color: #000000;\">Par ka\u0137iem un vi\u0146u favor\u012btiem,<\/span><\/p>\n<p><em><strong><span style=\"color: #000000;\">Tavs Whisker<\/span><\/strong><\/em><\/p>\n<p><span style=\"color: #000000;\"><iframe style=\"border: none; overflow: hidden;\" src=\"https:\/\/www.facebook.com\/plugins\/like.php?href=https%3A%2F%2Fwww.whisker.lv%2Fka-kaki-izvelas-savu-milako-personu%2F&amp;width=450&amp;layout=standard&amp;action=like&amp;size=small&amp;show_faces=false&amp;share=true&amp;height=35&amp;appId=237477320393317\" width=\"450\" height=\"35\" frameborder=\"0\" scrolling=\"no\"><\/iframe><\/span><\/p>\n<h3 style=\"text-align: center;\"><span style=\"color: #99cc00;\"><a style=\"color: #99cc00;\" href=\"https:\/\/www.facebook.com\/whisker.lv\/\" target=\"_blank\" rel=\"noopener\">Seko mums Facbook<\/a><\/span><\/h3>\n","protected":false},"excerpt":{"rendered":"<p>[vc_row css=&#8221;.vc_custom_1526911646432{padding-top: 65px !important;}&#8221;][vc_column][petsitter_heading_separator subtitle=&#8221;&#8221;]K\u0101 ka\u0137i izv\u0113las savu m\u012b\u013c\u0101ko personu[\/petsitter_heading_separator][\/vc_column][\/vc_row][vc_row][vc_column width=&#8221;2\/3&#8243;][vc_column_text] Bie\u017ei vien ka\u0137i ir \u013coti izv\u0113l\u012bgi attiec\u012bb\u0101 pret cilv\u0113kiem. Parasti pie\u0137eras saviem saimniekiem, bet, lai citi cilv\u0113ki ieg\u016btu ka\u0137a uztic\u012bbu, nereti ir j\u0101paiet vair\u0101kiem m\u0113ne\u0161iem. At\u0161\u0137ir\u012bb\u0101 no su\u0146iem, ka\u0137i ir \u013coti izv\u0113l\u012bgi dibinot attiec\u012bbas. Vai esi k\u0101dreiz dom\u0101jis par to k\u0101 ka\u0137is izraug\u0101s savu [&hellip;]<\/p>\n","protected":false},"author":1,"featured_media":0,"parent":0,"menu_order":0,"comment_status":"closed","ping_status":"closed","template":"page-fullwidth.php","meta":{"_acf_changed":false,"_glsr_average":0,"_glsr_ranking":0,"_glsr_reviews":0,"footnotes":""},"translation":{"provider":"WPGlobus","version":"2.12.2","language":"en","enabled_languages":["lv","en","ru"],"languages":{"lv":{"title":true,"content":true,"excerpt":false},"en":{"title":false,"content":false,"excerpt":false},"ru":{"title":false,"content":false,"excerpt":false}}},"acf":[],"yoast_head":"<!-- This site is optimized with the Yoast SEO plugin v22.5 - https:\/\/yoast.com\/wordpress\/plugins\/seo\/ -->\n<title>K\u0101 ka\u0137i izv\u0113las savu m\u012b\u013c\u0101ko personu - Whisker.lv blogs - su\u0146iem un ka\u0137iem<\/title>\n<meta name=\"robots\" content=\"index, follow, max-snippet:-1, max-image-preview:large, max-video-preview:-1\" \/>\n<link rel=\"canonical\" href=\"https:\/\/www.whisker.lv\/ka-kaki-izvelas-savu-milako-personu\/\" \/>\n<meta property=\"og:locale\" content=\"en_US\" \/>\n<meta property=\"og:type\" content=\"article\" \/>\n<meta property=\"og:title\" content=\"K\u0101 ka\u0137i izv\u0113las savu m\u012b\u013c\u0101ko personu\" \/>\n<meta property=\"og:description\" content=\"At\u0161\u0137ir\u012bb\u0101 no su\u0146iem, ka\u0137i ir \u013coti izv\u0113l\u012bgi dibinot attiec\u012bbas. Ja esi k\u0101dreiz bijis ka\u0137a izraudz\u012bta favor\u012btpersona, tu noteikti zini, cik \u012bpa\u0161i tas ir.\" \/>\n<meta property=\"og:url\" content=\"https:\/\/www.whisker.lv\/ka-kaki-izvelas-savu-milako-personu\/\" \/>\n<meta property=\"og:site_name\" content=\"Whisker\" \/>\n<meta property=\"article:publisher\" content=\"https:\/\/www.facebook.com\/whisker.lv\/\" \/>\n<meta property=\"article:modified_time\" content=\"2019-03-12T17:01:15+00:00\" \/>\n<meta property=\"og:image\" content=\"https:\/\/www.whisker.lv\/wp-content\/uploads\/2019\/03\/mariana-montes-de-oca-729507-unsplash-1.jpg\" \/>\n\t<meta property=\"og:image:width\" content=\"4366\" \/>\n\t<meta property=\"og:image:height\" content=\"3275\" \/>\n\t<meta property=\"og:image:type\" content=\"image\/jpeg\" \/>\n<meta name=\"twitter:card\" content=\"summary_large_image\" \/>\n<meta name=\"twitter:label1\" content=\"Est. reading time\" \/>\n\t<meta name=\"twitter:data1\" content=\"4 minutes\" \/>\n<script type=\"application\/ld+json\" class=\"yoast-schema-graph\">{\"@context\":\"https:\/\/schema.org\",\"@graph\":[{\"@type\":\"WebPage\",\"@id\":\"https:\/\/www.whisker.lv\/ka-kaki-izvelas-savu-milako-personu\/\",\"url\":\"https:\/\/www.whisker.lv\/ka-kaki-izvelas-savu-milako-personu\/\",\"name\":\"K\u0101 ka\u0137i izv\u0113las savu m\u012b\u013c\u0101ko personu - Whisker.lv blogs - su\u0146iem un ka\u0137iem\",\"isPartOf\":{\"@id\":\"https:\/\/www.whisker.lv\/#website\"},\"primaryImageOfPage\":{\"@id\":\"https:\/\/www.whisker.lv\/ka-kaki-izvelas-savu-milako-personu\/#primaryimage\"},\"image\":{\"@id\":\"https:\/\/www.whisker.lv\/ka-kaki-izvelas-savu-milako-personu\/#primaryimage\"},\"thumbnailUrl\":\"https:\/\/www.whisker.lv\/wp-content\/uploads\/2019\/03\/erik-jan-leusink-561776-unsplash-1.jpg\",\"datePublished\":\"2019-03-11T23:50:49+00:00\",\"dateModified\":\"2019-03-12T17:01:15+00:00\",\"description\":\"Vai esi k\u0101dreiz dom\u0101jis par to k\u0101 ka\u0137is izv\u0113las savu m\u012b\u013c\u0101ko personu? At\u0161\u0137ir\u012bb\u0101 no su\u0146iem, ka\u0137i ir \u013coti izv\u0113l\u012bgi dibinot attiec\u012bbas.\",\"breadcrumb\":{\"@id\":\"https:\/\/www.whisker.lv\/ka-kaki-izvelas-savu-milako-personu\/#breadcrumb\"},\"inLanguage\":\"en-US\",\"potentialAction\":[{\"@type\":\"ReadAction\",\"target\":[\"https:\/\/www.whisker.lv\/ka-kaki-izvelas-savu-milako-personu\/\"]}]},{\"@type\":\"ImageObject\",\"inLanguage\":\"en-US\",\"@id\":\"https:\/\/www.whisker.lv\/ka-kaki-izvelas-savu-milako-personu\/#primaryimage\",\"url\":\"https:\/\/www.whisker.lv\/wp-content\/uploads\/2019\/03\/erik-jan-leusink-561776-unsplash-1.jpg\",\"contentUrl\":\"https:\/\/www.whisker.lv\/wp-content\/uploads\/2019\/03\/erik-jan-leusink-561776-unsplash-1.jpg\"},{\"@type\":\"BreadcrumbList\",\"@id\":\"https:\/\/www.whisker.lv\/ka-kaki-izvelas-savu-milako-personu\/#breadcrumb\",\"itemListElement\":[{\"@type\":\"ListItem\",\"position\":1,\"name\":\"S\u0101kums\",\"item\":\"https:\/\/www.whisker.lv\/\"},{\"@type\":\"ListItem\",\"position\":2,\"name\":\"K\u0101 ka\u0137i izv\u0113las savu m\u012b\u013c\u0101ko personu\"}]},{\"@type\":\"WebSite\",\"@id\":\"https:\/\/www.whisker.lv\/#website\",\"url\":\"https:\/\/www.whisker.lv\/\",\"name\":\"Whisker\",\"description\":\"Tavs pal\u012bgs m\u0101jdzivnieku pieskat\u012b\u0161an\u0101\",\"potentialAction\":[{\"@type\":\"SearchAction\",\"target\":{\"@type\":\"EntryPoint\",\"urlTemplate\":\"https:\/\/www.whisker.lv\/?s={search_term_string}\"},\"query-input\":\"required name=search_term_string\"}],\"inLanguage\":\"en-US\"}]}<\/script>\n<!-- \/ Yoast SEO plugin. -->","yoast_head_json":{"title":"K\u0101 ka\u0137i izv\u0113las savu m\u012b\u013c\u0101ko personu - Whisker.lv blogs - su\u0146iem un ka\u0137iem","robots":{"index":"index","follow":"follow","max-snippet":"max-snippet:-1","max-image-preview":"max-image-preview:large","max-video-preview":"max-video-preview:-1"},"canonical":"https:\/\/www.whisker.lv\/ka-kaki-izvelas-savu-milako-personu\/","og_locale":"en_US","og_type":"article","og_title":"K\u0101 ka\u0137i izv\u0113las savu m\u012b\u013c\u0101ko personu","og_description":"At\u0161\u0137ir\u012bb\u0101 no su\u0146iem, ka\u0137i ir \u013coti izv\u0113l\u012bgi dibinot attiec\u012bbas. Ja esi k\u0101dreiz bijis ka\u0137a izraudz\u012bta favor\u012btpersona, tu noteikti zini, cik \u012bpa\u0161i tas ir.","og_url":"https:\/\/www.whisker.lv\/ka-kaki-izvelas-savu-milako-personu\/","og_site_name":"Whisker","article_publisher":"https:\/\/www.facebook.com\/whisker.lv\/","article_modified_time":"2019-03-12T17:01:15+00:00","og_image":[{"width":4366,"height":3275,"url":"https:\/\/www.whisker.lv\/wp-content\/uploads\/2019\/03\/mariana-montes-de-oca-729507-unsplash-1.jpg","type":"image\/jpeg"}],"twitter_card":"summary_large_image","twitter_misc":{"Est. reading time":"4 minutes"},"schema":{"@context":"https:\/\/schema.org","@graph":[{"@type":"WebPage","@id":"https:\/\/www.whisker.lv\/ka-kaki-izvelas-savu-milako-personu\/","url":"https:\/\/www.whisker.lv\/ka-kaki-izvelas-savu-milako-personu\/","name":"K\u0101 ka\u0137i izv\u0113las savu m\u012b\u013c\u0101ko personu - Whisker.lv blogs - su\u0146iem un ka\u0137iem","isPartOf":{"@id":"https:\/\/www.whisker.lv\/#website"},"primaryImageOfPage":{"@id":"https:\/\/www.whisker.lv\/ka-kaki-izvelas-savu-milako-personu\/#primaryimage"},"image":{"@id":"https:\/\/www.whisker.lv\/ka-kaki-izvelas-savu-milako-personu\/#primaryimage"},"thumbnailUrl":"https:\/\/www.whisker.lv\/wp-content\/uploads\/2019\/03\/erik-jan-leusink-561776-unsplash-1.jpg","datePublished":"2019-03-11T23:50:49+00:00","dateModified":"2019-03-12T17:01:15+00:00","description":"Vai esi k\u0101dreiz dom\u0101jis par to k\u0101 ka\u0137is izv\u0113las savu m\u012b\u013c\u0101ko personu? At\u0161\u0137ir\u012bb\u0101 no su\u0146iem, ka\u0137i ir \u013coti izv\u0113l\u012bgi dibinot attiec\u012bbas.","breadcrumb":{"@id":"https:\/\/www.whisker.lv\/ka-kaki-izvelas-savu-milako-personu\/#breadcrumb"},"inLanguage":"en-US","potentialAction":[{"@type":"ReadAction","target":["https:\/\/www.whisker.lv\/ka-kaki-izvelas-savu-milako-personu\/"]}]},{"@type":"ImageObject","inLanguage":"en-US","@id":"https:\/\/www.whisker.lv\/ka-kaki-izvelas-savu-milako-personu\/#primaryimage","url":"https:\/\/www.whisker.lv\/wp-content\/uploads\/2019\/03\/erik-jan-leusink-561776-unsplash-1.jpg","contentUrl":"https:\/\/www.whisker.lv\/wp-content\/uploads\/2019\/03\/erik-jan-leusink-561776-unsplash-1.jpg"},{"@type":"BreadcrumbList","@id":"https:\/\/www.whisker.lv\/ka-kaki-izvelas-savu-milako-personu\/#breadcrumb","itemListElement":[{"@type":"ListItem","position":1,"name":"S\u0101kums","item":"https:\/\/www.whisker.lv\/"},{"@type":"ListItem","position":2,"name":"K\u0101 ka\u0137i izv\u0113las savu m\u012b\u013c\u0101ko personu"}]},{"@type":"WebSite","@id":"https:\/\/www.whisker.lv\/#website","url":"https:\/\/www.whisker.lv\/","name":"Whisker","description":"Tavs pal\u012bgs m\u0101jdzivnieku pieskat\u012b\u0161an\u0101","potentialAction":[{"@type":"SearchAction","target":{"@type":"EntryPoint","urlTemplate":"https:\/\/www.whisker.lv\/?s={search_term_string}"},"query-input":"required name=search_term_string"}],"inLanguage":"en-US"}]}},"_links":{"self":[{"href":"https:\/\/www.whisker.lv\/en\/wp-json\/wp\/v2\/pages\/8848"}],"collection":[{"href":"https:\/\/www.whisker.lv\/en\/wp-json\/wp\/v2\/pages"}],"about":[{"href":"https:\/\/www.whisker.lv\/en\/wp-json\/wp\/v2\/types\/page"}],"author":[{"embeddable":true,"href":"https:\/\/www.whisker.lv\/en\/wp-json\/wp\/v2\/users\/1"}],"replies":[{"embeddable":true,"href":"https:\/\/www.whisker.lv\/en\/wp-json\/wp\/v2\/comments?post=8848"}],"version-history":[{"count":13,"href":"https:\/\/www.whisker.lv\/en\/wp-json\/wp\/v2\/pages\/8848\/revisions"}],"predecessor-version":[{"id":8884,"href":"https:\/\/www.whisker.lv\/en\/wp-json\/wp\/v2\/pages\/8848\/revisions\/8884"}],"wp:attachment":[{"href":"https:\/\/www.whisker.lv\/en\/wp-json\/wp\/v2\/media?parent=8848"}],"curies":[{"name":"wp","href":"https:\/\/api.w.org\/{rel}","templated":true}]}}