



{"id":8890,"date":"2019-03-12T19:35:27","date_gmt":"2019-03-12T17:35:27","guid":{"rendered":"https:\/\/www.whisker.lv\/?page_id=8890"},"modified":"2019-04-03T23:37:54","modified_gmt":"2019-04-03T21:37:54","slug":"zeltainais-retrivers","status":"publish","type":"page","link":"https:\/\/www.whisker.lv\/en\/sunu-skirnes\/zeltainais-retrivers\/","title":{"rendered":"Zeltainais retr\u012bvers"},"content":{"rendered":"[vc_row][vc_column][vc_text_separator title=&#8221;Zeltainais retr\u012bvers &#8221; border_width=&#8221;8&#8243;][\/vc_column][\/vc_row][vc_row][vc_column width=&#8221;1\/2&#8243;][vc_single_image image=&#8221;8892&#8243; img_size=&#8221;full&#8221; alignment=&#8221;center&#8221; style=&#8221;vc_box_rounded&#8221;][\/vc_column][vc_column width=&#8221;1\/2&#8243;][vc_column_text]<span style=\"color: #000000;\"><strong>Dzimtene:<\/strong> Lielbrit\u0101nija<\/span><\/p>\n<p><span style=\"color: #000000;\"><strong>Funkcija:<\/strong> putnu suns<\/span><\/p>\n<p><span style=\"color: #000000;\"><strong>Izcel\u0161an\u0101s:<\/strong> ap 1800. g.<\/span><\/p>\n<p><span style=\"color: #000000;\"><strong>Skausta augstums:<\/strong> 51-61 cm<\/span><\/p>\n<p><span style=\"color: #000000;\"><strong>Masa<\/strong>: 27-36 kg<\/span><\/p>\n<p><span style=\"color: #000000;\"><strong>Raksturs:<\/strong> modrs, ir atbild\u012bbas izj\u016bta<\/span><\/p>\n<p><span style=\"color: #000000;\"><strong>Dz\u012bves ilgums:<\/strong> 10-12 gadi<\/span>[\/vc_column_text][\/vc_column][\/vc_row][vc_row][vc_column][vc_column_text]<span style=\"color: #000000;\">\u0160\u012b su\u0146u \u0161\u0137irne pla\u0161u popularit\u0101ti iemantoja neparast\u0101s ka\u017eoka kr\u0101sas d\u0113\u013c, kas vari\u0113 no kr\u0113mkr\u0101sas l\u012bdz pies\u0101tin\u0101ti dzeltanai, ta\u010du nek\u0101d\u0101 gad\u012bjum\u0101 nedr\u012bkst b\u016bt ruda. Zeltainais retr\u012bvers viegli pak\u013caujas dres\u016brai.<\/span><\/p>\n<p><span style=\"color: #000000;\"><strong>V\u0113sture.<\/strong> Ir divas versijas par dzelteno retr\u012bveru izcelsmi. P\u0113c vienas no t\u0101m, \u0161\u0137irne izveidota no krievu cirka su\u0146iem, savuk\u0101rt otra, daudz ticam\u0101ka, v\u0113sta, ka \u0161is retr\u012bvers ieg\u016bts selekcijas ce\u013c\u0101, s\u0101kotn\u0113ji krustojot gludspalvaino retr\u012bveru ar Tv\u012bda \u016bdensspanielu, bet p\u0113c tam ieg\u016btos su\u0146us krustojot ar \u012bru seteru, labdradoru un bladhaundu.<\/span><\/p>\n<p><span style=\"color: #000000;\"><strong>Piez\u012bme.<\/strong> L\u012bdz 1920. gadam \u0161\u0137irnes nosaukums bija \u201czeltainais gludspalvainais retr\u012bvers\u201d.<\/span><\/p>\n<p><span style=\"color: #000000;\"><strong>Citi nodaukumi.<\/strong> Dzeltenais retr\u012bvers, krievu retr\u012bvers.<\/span>[\/vc_column_text][\/vc_column][\/vc_row]\n","protected":false},"excerpt":{"rendered":"<p>[vc_row][vc_column][vc_text_separator title=&#8221;Zeltainais retr\u012bvers &#8221; border_width=&#8221;8&#8243;][\/vc_column][\/vc_row][vc_row][vc_column width=&#8221;1\/2&#8243;][vc_single_image image=&#8221;8892&#8243; img_size=&#8221;full&#8221; alignment=&#8221;center&#8221; style=&#8221;vc_box_rounded&#8221;][\/vc_column][vc_column width=&#8221;1\/2&#8243;][vc_column_text]Dzimtene: Lielbrit\u0101nija Funkcija: putnu suns Izcel\u0161an\u0101s: ap 1800. g. Skausta augstums: 51-61 cm Masa: 27-36 kg Raksturs: modrs, ir atbild\u012bbas izj\u016bta Dz\u012bves ilgums: 10-12 gadi[\/vc_column_text][\/vc_column][\/vc_row][vc_row][vc_column][vc_column_text]\u0160\u012b su\u0146u \u0161\u0137irne pla\u0161u popularit\u0101ti iemantoja neparast\u0101s ka\u017eoka kr\u0101sas d\u0113\u013c, kas vari\u0113 no kr\u0113mkr\u0101sas l\u012bdz pies\u0101tin\u0101ti dzeltanai, ta\u010du nek\u0101d\u0101 gad\u012bjum\u0101 nedr\u012bkst [&hellip;]<\/p>\n","protected":false},"author":1,"featured_media":0,"parent":8016,"menu_order":0,"comment_status":"closed","ping_status":"closed","template":"page-fullwidth.php","meta":{"_acf_changed":false,"_glsr_average":0,"_glsr_ranking":0,"_glsr_reviews":0,"footnotes":""},"translation":{"provider":"WPGlobus","version":"2.12.2","language":"en","enabled_languages":["lv","en","ru"],"languages":{"lv":{"title":true,"content":true,"excerpt":false},"en":{"title":false,"content":false,"excerpt":false},"ru":{"title":false,"content":false,"excerpt":false}}},"acf":[],"yoast_head":"<!-- This site is optimized with the Yoast SEO plugin v22.5 - https:\/\/yoast.com\/wordpress\/plugins\/seo\/ -->\n<title>Zeltainais retr\u012bvers - Whisker.lv | Su\u0146u \u0161\u0137irnes - Zeltainais retr\u012bvers<\/title>\n<meta name=\"robots\" content=\"index, follow, max-snippet:-1, max-image-preview:large, max-video-preview:-1\" \/>\n<link rel=\"canonical\" href=\"https:\/\/www.whisker.lv\/sunu-skirnes\/zeltainais-retrivers\/\" \/>\n<meta property=\"og:locale\" content=\"en_US\" \/>\n<meta property=\"og:type\" content=\"article\" \/>\n<meta property=\"og:title\" content=\"Zeltainais retr\u012bvers - Whisker\" \/>\n<meta property=\"og:url\" content=\"https:\/\/www.whisker.lv\/sunu-skirnes\/zeltainais-retrivers\/\" \/>\n<meta property=\"og:site_name\" content=\"Whisker\" \/>\n<meta property=\"article:publisher\" content=\"https:\/\/www.facebook.com\/whisker.lv\/\" \/>\n<meta property=\"article:modified_time\" content=\"2019-04-03T21:37:54+00:00\" \/>\n<meta name=\"twitter:card\" content=\"summary_large_image\" \/>\n<meta name=\"twitter:label1\" content=\"Est. reading time\" \/>\n\t<meta name=\"twitter:data1\" content=\"1 minute\" \/>\n<script type=\"application\/ld+json\" class=\"yoast-schema-graph\">{\"@context\":\"https:\/\/schema.org\",\"@graph\":[{\"@type\":\"WebPage\",\"@id\":\"https:\/\/www.whisker.lv\/sunu-skirnes\/zeltainais-retrivers\/\",\"url\":\"https:\/\/www.whisker.lv\/sunu-skirnes\/zeltainais-retrivers\/\",\"name\":\"Zeltainais retr\u012bvers - Whisker.lv | Su\u0146u \u0161\u0137irnes - Zeltainais retr\u012bvers\",\"isPartOf\":{\"@id\":\"https:\/\/www.whisker.lv\/#website\"},\"datePublished\":\"2019-03-12T17:35:27+00:00\",\"dateModified\":\"2019-04-03T21:37:54+00:00\",\"description\":\"Zeltainais retr\u012bvers viegli pak\u013caujas dres\u016brai. \u0160\u012b su\u0146u \u0161\u0137irne popularit\u0101ti iemantoja neparast\u0101s ka\u017eoka kr\u0101sas d\u0113\u013c, kas vari\u0113 no kr\u0113mkr\u0101sas l\u012bdz dzeltenai.\",\"breadcrumb\":{\"@id\":\"https:\/\/www.whisker.lv\/sunu-skirnes\/zeltainais-retrivers\/#breadcrumb\"},\"inLanguage\":\"en-US\",\"potentialAction\":[{\"@type\":\"ReadAction\",\"target\":[\"https:\/\/www.whisker.lv\/sunu-skirnes\/zeltainais-retrivers\/\"]}]},{\"@type\":\"BreadcrumbList\",\"@id\":\"https:\/\/www.whisker.lv\/sunu-skirnes\/zeltainais-retrivers\/#breadcrumb\",\"itemListElement\":[{\"@type\":\"ListItem\",\"position\":1,\"name\":\"S\u0101kums\",\"item\":\"https:\/\/www.whisker.lv\/\"},{\"@type\":\"ListItem\",\"position\":2,\"name\":\"Su\u0146u \u0161\u0137irnes\",\"item\":\"https:\/\/www.whisker.lv\/sunu-skirnes\/\"},{\"@type\":\"ListItem\",\"position\":3,\"name\":\"Zeltainais retr\u012bvers\"}]},{\"@type\":\"WebSite\",\"@id\":\"https:\/\/www.whisker.lv\/#website\",\"url\":\"https:\/\/www.whisker.lv\/\",\"name\":\"Whisker\",\"description\":\"Tavs pal\u012bgs m\u0101jdzivnieku pieskat\u012b\u0161an\u0101\",\"potentialAction\":[{\"@type\":\"SearchAction\",\"target\":{\"@type\":\"EntryPoint\",\"urlTemplate\":\"https:\/\/www.whisker.lv\/?s={search_term_string}\"},\"query-input\":\"required name=search_term_string\"}],\"inLanguage\":\"en-US\"}]}<\/script>\n<!-- \/ Yoast SEO plugin. -->","yoast_head_json":{"title":"Zeltainais retr\u012bvers - Whisker.lv | Su\u0146u \u0161\u0137irnes - Zeltainais retr\u012bvers","robots":{"index":"index","follow":"follow","max-snippet":"max-snippet:-1","max-image-preview":"max-image-preview:large","max-video-preview":"max-video-preview:-1"},"canonical":"https:\/\/www.whisker.lv\/sunu-skirnes\/zeltainais-retrivers\/","og_locale":"en_US","og_type":"article","og_title":"Zeltainais retr\u012bvers - Whisker","og_url":"https:\/\/www.whisker.lv\/sunu-skirnes\/zeltainais-retrivers\/","og_site_name":"Whisker","article_publisher":"https:\/\/www.facebook.com\/whisker.lv\/","article_modified_time":"2019-04-03T21:37:54+00:00","twitter_card":"summary_large_image","twitter_misc":{"Est. reading time":"1 minute"},"schema":{"@context":"https:\/\/schema.org","@graph":[{"@type":"WebPage","@id":"https:\/\/www.whisker.lv\/sunu-skirnes\/zeltainais-retrivers\/","url":"https:\/\/www.whisker.lv\/sunu-skirnes\/zeltainais-retrivers\/","name":"Zeltainais retr\u012bvers - Whisker.lv | Su\u0146u \u0161\u0137irnes - Zeltainais retr\u012bvers","isPartOf":{"@id":"https:\/\/www.whisker.lv\/#website"},"datePublished":"2019-03-12T17:35:27+00:00","dateModified":"2019-04-03T21:37:54+00:00","description":"Zeltainais retr\u012bvers viegli pak\u013caujas dres\u016brai. \u0160\u012b su\u0146u \u0161\u0137irne popularit\u0101ti iemantoja neparast\u0101s ka\u017eoka kr\u0101sas d\u0113\u013c, kas vari\u0113 no kr\u0113mkr\u0101sas l\u012bdz dzeltenai.","breadcrumb":{"@id":"https:\/\/www.whisker.lv\/sunu-skirnes\/zeltainais-retrivers\/#breadcrumb"},"inLanguage":"en-US","potentialAction":[{"@type":"ReadAction","target":["https:\/\/www.whisker.lv\/sunu-skirnes\/zeltainais-retrivers\/"]}]},{"@type":"BreadcrumbList","@id":"https:\/\/www.whisker.lv\/sunu-skirnes\/zeltainais-retrivers\/#breadcrumb","itemListElement":[{"@type":"ListItem","position":1,"name":"S\u0101kums","item":"https:\/\/www.whisker.lv\/"},{"@type":"ListItem","position":2,"name":"Su\u0146u \u0161\u0137irnes","item":"https:\/\/www.whisker.lv\/sunu-skirnes\/"},{"@type":"ListItem","position":3,"name":"Zeltainais retr\u012bvers"}]},{"@type":"WebSite","@id":"https:\/\/www.whisker.lv\/#website","url":"https:\/\/www.whisker.lv\/","name":"Whisker","description":"Tavs pal\u012bgs m\u0101jdzivnieku pieskat\u012b\u0161an\u0101","potentialAction":[{"@type":"SearchAction","target":{"@type":"EntryPoint","urlTemplate":"https:\/\/www.whisker.lv\/?s={search_term_string}"},"query-input":"required name=search_term_string"}],"inLanguage":"en-US"}]}},"_links":{"self":[{"href":"https:\/\/www.whisker.lv\/en\/wp-json\/wp\/v2\/pages\/8890"}],"collection":[{"href":"https:\/\/www.whisker.lv\/en\/wp-json\/wp\/v2\/pages"}],"about":[{"href":"https:\/\/www.whisker.lv\/en\/wp-json\/wp\/v2\/types\/page"}],"author":[{"embeddable":true,"href":"https:\/\/www.whisker.lv\/en\/wp-json\/wp\/v2\/users\/1"}],"replies":[{"embeddable":true,"href":"https:\/\/www.whisker.lv\/en\/wp-json\/wp\/v2\/comments?post=8890"}],"version-history":[{"count":3,"href":"https:\/\/www.whisker.lv\/en\/wp-json\/wp\/v2\/pages\/8890\/revisions"}],"predecessor-version":[{"id":8894,"href":"https:\/\/www.whisker.lv\/en\/wp-json\/wp\/v2\/pages\/8890\/revisions\/8894"}],"up":[{"embeddable":true,"href":"https:\/\/www.whisker.lv\/en\/wp-json\/wp\/v2\/pages\/8016"}],"wp:attachment":[{"href":"https:\/\/www.whisker.lv\/en\/wp-json\/wp\/v2\/media?parent=8890"}],"curies":[{"name":"wp","href":"https:\/\/api.w.org\/{rel}","templated":true}]}}