



{"id":8926,"date":"2019-03-12T20:37:36","date_gmt":"2019-03-12T18:37:36","guid":{"rendered":"https:\/\/www.whisker.lv\/?page_id=8926"},"modified":"2019-04-03T23:34:55","modified_gmt":"2019-04-03T21:34:55","slug":"velsas-korgijs-kardigans","status":"publish","type":"page","link":"https:\/\/www.whisker.lv\/en\/sunu-skirnes\/velsas-korgijs-kardigans\/","title":{"rendered":"Velsas korgijs kardig\u0101ns"},"content":{"rendered":"[vc_row][vc_column][vc_text_separator title=&#8221;Velsas korgijs kardig\u0101ns&#8221; border_width=&#8221;8&#8243;][\/vc_column][\/vc_row][vc_row][vc_column width=&#8221;1\/2&#8243;][vc_single_image image=&#8221;8359&#8243; img_size=&#8221;large&#8221; alignment=&#8221;center&#8221; style=&#8221;vc_box_rounded&#8221;][\/vc_column][vc_column width=&#8221;1\/2&#8243;][vc_column_text]<span style=\"color: #000000;\"><strong>Dzimtene:<\/strong> Lielbrit\u0101nija<\/span><\/p>\n<p><span style=\"color: #000000;\"><strong>Funkcija:<\/strong> ganu suns<\/span><\/p>\n<p><span style=\"color: #000000;\"><strong>Izcel\u0161an\u0101s:<\/strong> 1200. p.m.\u0113.<\/span><\/p>\n<p><span style=\"color: #000000;\"><strong>Skausta augstums:<\/strong> 27-32 cm<\/span><\/p>\n<p><span style=\"color: #000000;\"><strong>Masa:<\/strong> 11-17 kg<\/span><\/p>\n<p><span style=\"color: #000000;\"><strong>Raksturs:<\/strong> akt\u012bvs, pakalus\u012bgs<\/span><\/p>\n<p><span style=\"color: #000000;\"><strong>Dz\u012bves ilgums:<\/strong> 12-15 gadi<\/span>[\/vc_column_text][\/vc_column][\/vc_row][vc_row][vc_column][vc_column_text]<span style=\"color: #000000;\">Velsas korgijam kardig\u0101nam at\u0161\u0137ir\u012bb\u0101 no Velsas korgija pembroka ir gara aste k\u0101 lapsai. Ar\u012b ausis ir liel\u0101kas un vair\u0101k v\u0113rstas uz \u0101ru, bet p\u0113das \u2013 apa\u013c\u0101kas.<\/span><\/p>\n<p><span style=\"color: #000000;\"><strong>V\u0113sture.<\/strong> Velsas korgijs kardig\u0101ns jau izsenis paz\u012bstams k\u0101 lopu dzin\u0113js. T\u0101 k\u0101 \u0161is suns ir neliels, vi\u0146\u0161 var veikt m\u0101\u0146u kust\u012bbas un iekost lopiem tie\u0161i k\u0101j\u0101s, t\u0101 vi\u0146us dzenot vajadz\u012bgaj\u0101 virzien\u0101.<\/span><\/p>\n<p><span style=\"color: #000000;\"><strong>Piez\u012bme.<\/strong> L\u012bdz 19. gadsimta piecdesmitajiem gadiem Velsas korgiji kardig\u0101ni bija paz\u012bstami tikai da\u017eos Velsas ciematos.<\/span><\/p>\n[\/vc_column_text][\/vc_column][\/vc_row]\n","protected":false},"excerpt":{"rendered":"<p>[vc_row][vc_column][vc_text_separator title=&#8221;Velsas korgijs kardig\u0101ns&#8221; border_width=&#8221;8&#8243;][\/vc_column][\/vc_row][vc_row][vc_column width=&#8221;1\/2&#8243;][vc_single_image image=&#8221;8359&#8243; img_size=&#8221;large&#8221; alignment=&#8221;center&#8221; style=&#8221;vc_box_rounded&#8221;][\/vc_column][vc_column width=&#8221;1\/2&#8243;][vc_column_text]Dzimtene: Lielbrit\u0101nija Funkcija: ganu suns Izcel\u0161an\u0101s: 1200. p.m.\u0113. Skausta augstums: 27-32 cm Masa: 11-17 kg Raksturs: akt\u012bvs, pakalus\u012bgs Dz\u012bves ilgums: 12-15 gadi[\/vc_column_text][\/vc_column][\/vc_row][vc_row][vc_column][vc_column_text]Velsas korgijam kardig\u0101nam at\u0161\u0137ir\u012bb\u0101 no Velsas korgija pembroka ir gara aste k\u0101 lapsai. Ar\u012b ausis ir liel\u0101kas un vair\u0101k v\u0113rstas uz \u0101ru, bet p\u0113das [&hellip;]<\/p>\n","protected":false},"author":1,"featured_media":0,"parent":8016,"menu_order":0,"comment_status":"closed","ping_status":"closed","template":"page-fullwidth.php","meta":{"_acf_changed":false,"_glsr_average":0,"_glsr_ranking":0,"_glsr_reviews":0,"footnotes":""},"translation":{"provider":"WPGlobus","version":"2.12.2","language":"en","enabled_languages":["lv","en","ru"],"languages":{"lv":{"title":true,"content":true,"excerpt":false},"en":{"title":false,"content":false,"excerpt":false},"ru":{"title":false,"content":false,"excerpt":false}}},"acf":[],"yoast_head":"<!-- This site is optimized with the Yoast SEO plugin v22.5 - https:\/\/yoast.com\/wordpress\/plugins\/seo\/ -->\n<title>Velsas korgijs kardig\u0101ns - Whisker<\/title>\n<meta name=\"robots\" content=\"index, follow, max-snippet:-1, max-image-preview:large, max-video-preview:-1\" \/>\n<link rel=\"canonical\" href=\"https:\/\/www.whisker.lv\/en\/sunu-skirnes\/velsas-korgijs-kardigans\/\" \/>\n<meta property=\"og:locale\" content=\"en_US\" \/>\n<meta property=\"og:type\" content=\"article\" \/>\n<meta property=\"og:title\" content=\"Velsas korgijs kardig\u0101ns - Whisker\" \/>\n<meta property=\"og:url\" content=\"https:\/\/www.whisker.lv\/en\/sunu-skirnes\/velsas-korgijs-kardigans\/\" \/>\n<meta property=\"og:site_name\" content=\"Whisker\" \/>\n<meta property=\"article:publisher\" content=\"https:\/\/www.facebook.com\/whisker.lv\/\" \/>\n<meta property=\"article:modified_time\" content=\"2019-04-03T21:34:55+00:00\" \/>\n<meta name=\"twitter:card\" content=\"summary_large_image\" \/>\n<meta name=\"twitter:label1\" content=\"Est. reading time\" \/>\n\t<meta name=\"twitter:data1\" content=\"1 minute\" \/>\n<script type=\"application\/ld+json\" class=\"yoast-schema-graph\">{\"@context\":\"https:\/\/schema.org\",\"@graph\":[{\"@type\":\"WebPage\",\"@id\":\"https:\/\/www.whisker.lv\/en\/sunu-skirnes\/velsas-korgijs-kardigans\/\",\"url\":\"https:\/\/www.whisker.lv\/en\/sunu-skirnes\/velsas-korgijs-kardigans\/\",\"name\":\"Velsas korgijs kardig\u0101ns - Whisker\",\"isPartOf\":{\"@id\":\"https:\/\/www.whisker.lv\/#website\"},\"datePublished\":\"2019-03-12T18:37:36+00:00\",\"dateModified\":\"2019-04-03T21:34:55+00:00\",\"description\":\"Velsas korgijs kardig\u0101nas at\u0161\u0137ir\u012bb\u0101 no Velsas korgija pembroka ir ar garu asti k\u0101 lapsai. Ar\u012b ausis ir liel\u0101kas un vair\u0101k v\u0113rstas uz \u0101ru.\",\"breadcrumb\":{\"@id\":\"https:\/\/www.whisker.lv\/en\/sunu-skirnes\/velsas-korgijs-kardigans\/#breadcrumb\"},\"inLanguage\":\"en-US\",\"potentialAction\":[{\"@type\":\"ReadAction\",\"target\":[\"https:\/\/www.whisker.lv\/en\/sunu-skirnes\/velsas-korgijs-kardigans\/\"]}]},{\"@type\":\"BreadcrumbList\",\"@id\":\"https:\/\/www.whisker.lv\/en\/sunu-skirnes\/velsas-korgijs-kardigans\/#breadcrumb\",\"itemListElement\":[{\"@type\":\"ListItem\",\"position\":1,\"name\":\"S\u0101kums\",\"item\":\"https:\/\/www.whisker.lv\/\"},{\"@type\":\"ListItem\",\"position\":2,\"name\":\"Su\u0146u \u0161\u0137irnes\",\"item\":\"https:\/\/www.whisker.lv\/sunu-skirnes\/\"},{\"@type\":\"ListItem\",\"position\":3,\"name\":\"Velsas korgijs kardig\u0101ns\"}]},{\"@type\":\"WebSite\",\"@id\":\"https:\/\/www.whisker.lv\/#website\",\"url\":\"https:\/\/www.whisker.lv\/\",\"name\":\"Whisker\",\"description\":\"Tavs pal\u012bgs m\u0101jdzivnieku pieskat\u012b\u0161an\u0101\",\"potentialAction\":[{\"@type\":\"SearchAction\",\"target\":{\"@type\":\"EntryPoint\",\"urlTemplate\":\"https:\/\/www.whisker.lv\/?s={search_term_string}\"},\"query-input\":\"required name=search_term_string\"}],\"inLanguage\":\"en-US\"}]}<\/script>\n<!-- \/ Yoast SEO plugin. -->","yoast_head_json":{"title":"Velsas korgijs kardig\u0101ns - Whisker","robots":{"index":"index","follow":"follow","max-snippet":"max-snippet:-1","max-image-preview":"max-image-preview:large","max-video-preview":"max-video-preview:-1"},"canonical":"https:\/\/www.whisker.lv\/en\/sunu-skirnes\/velsas-korgijs-kardigans\/","og_locale":"en_US","og_type":"article","og_title":"Velsas korgijs kardig\u0101ns - Whisker","og_url":"https:\/\/www.whisker.lv\/en\/sunu-skirnes\/velsas-korgijs-kardigans\/","og_site_name":"Whisker","article_publisher":"https:\/\/www.facebook.com\/whisker.lv\/","article_modified_time":"2019-04-03T21:34:55+00:00","twitter_card":"summary_large_image","twitter_misc":{"Est. reading time":"1 minute"},"schema":{"@context":"https:\/\/schema.org","@graph":[{"@type":"WebPage","@id":"https:\/\/www.whisker.lv\/en\/sunu-skirnes\/velsas-korgijs-kardigans\/","url":"https:\/\/www.whisker.lv\/en\/sunu-skirnes\/velsas-korgijs-kardigans\/","name":"Velsas korgijs kardig\u0101ns - Whisker","isPartOf":{"@id":"https:\/\/www.whisker.lv\/#website"},"datePublished":"2019-03-12T18:37:36+00:00","dateModified":"2019-04-03T21:34:55+00:00","description":"Velsas korgijs kardig\u0101nas at\u0161\u0137ir\u012bb\u0101 no Velsas korgija pembroka ir ar garu asti k\u0101 lapsai. Ar\u012b ausis ir liel\u0101kas un vair\u0101k v\u0113rstas uz \u0101ru.","breadcrumb":{"@id":"https:\/\/www.whisker.lv\/en\/sunu-skirnes\/velsas-korgijs-kardigans\/#breadcrumb"},"inLanguage":"en-US","potentialAction":[{"@type":"ReadAction","target":["https:\/\/www.whisker.lv\/en\/sunu-skirnes\/velsas-korgijs-kardigans\/"]}]},{"@type":"BreadcrumbList","@id":"https:\/\/www.whisker.lv\/en\/sunu-skirnes\/velsas-korgijs-kardigans\/#breadcrumb","itemListElement":[{"@type":"ListItem","position":1,"name":"S\u0101kums","item":"https:\/\/www.whisker.lv\/"},{"@type":"ListItem","position":2,"name":"Su\u0146u \u0161\u0137irnes","item":"https:\/\/www.whisker.lv\/sunu-skirnes\/"},{"@type":"ListItem","position":3,"name":"Velsas korgijs kardig\u0101ns"}]},{"@type":"WebSite","@id":"https:\/\/www.whisker.lv\/#website","url":"https:\/\/www.whisker.lv\/","name":"Whisker","description":"Tavs pal\u012bgs m\u0101jdzivnieku pieskat\u012b\u0161an\u0101","potentialAction":[{"@type":"SearchAction","target":{"@type":"EntryPoint","urlTemplate":"https:\/\/www.whisker.lv\/?s={search_term_string}"},"query-input":"required name=search_term_string"}],"inLanguage":"en-US"}]}},"_links":{"self":[{"href":"https:\/\/www.whisker.lv\/en\/wp-json\/wp\/v2\/pages\/8926"}],"collection":[{"href":"https:\/\/www.whisker.lv\/en\/wp-json\/wp\/v2\/pages"}],"about":[{"href":"https:\/\/www.whisker.lv\/en\/wp-json\/wp\/v2\/types\/page"}],"author":[{"embeddable":true,"href":"https:\/\/www.whisker.lv\/en\/wp-json\/wp\/v2\/users\/1"}],"replies":[{"embeddable":true,"href":"https:\/\/www.whisker.lv\/en\/wp-json\/wp\/v2\/comments?post=8926"}],"version-history":[{"count":4,"href":"https:\/\/www.whisker.lv\/en\/wp-json\/wp\/v2\/pages\/8926\/revisions"}],"predecessor-version":[{"id":11100,"href":"https:\/\/www.whisker.lv\/en\/wp-json\/wp\/v2\/pages\/8926\/revisions\/11100"}],"up":[{"embeddable":true,"href":"https:\/\/www.whisker.lv\/en\/wp-json\/wp\/v2\/pages\/8016"}],"wp:attachment":[{"href":"https:\/\/www.whisker.lv\/en\/wp-json\/wp\/v2\/media?parent=8926"}],"curies":[{"name":"wp","href":"https:\/\/api.w.org\/{rel}","templated":true}]}}