



{"id":8941,"date":"2019-03-12T21:12:25","date_gmt":"2019-03-12T19:12:25","guid":{"rendered":"https:\/\/www.whisker.lv\/?page_id=8941"},"modified":"2019-04-03T23:33:18","modified_gmt":"2019-04-03T21:33:18","slug":"vacu-dogs","status":"publish","type":"page","link":"https:\/\/www.whisker.lv\/en\/sunu-skirnes\/vacu-dogs\/","title":{"rendered":"V\u0101cu dogs"},"content":{"rendered":"[vc_row][vc_column][vc_text_separator title=&#8221;V\u0101cu dogs &#8221; border_width=&#8221;8&#8243;][\/vc_column][\/vc_row][vc_row][vc_column width=&#8221;1\/2&#8243;][vc_single_image image=&#8221;8943&#8243; img_size=&#8221;full&#8221; alignment=&#8221;center&#8221; style=&#8221;vc_box_rounded&#8221;][\/vc_column][vc_column width=&#8221;1\/2&#8243;][vc_column_text]<span style=\"color: #000000;\"><strong>Dzimtene:<\/strong> V\u0101cija<\/span><\/p>\n<p><span style=\"color: #000000;\"><strong>Funkcija:<\/strong> med\u012bbu suns<\/span><\/p>\n<p><span style=\"color: #000000;\"><strong>Izcel\u0161an\u0101s:<\/strong> 2000. p.m.\u0113.<\/span><\/p>\n<p><span style=\"color: #000000;\"><strong>Skausta augstums:<\/strong> 76-81 cm<\/span><\/p>\n<p><span style=\"color: #000000;\"><strong>Masa:<\/strong> 45-55 kg<\/span><\/p>\n<p><span style=\"color: #000000;\"><strong>Raksturs:<\/strong> dz\u012bvespriec\u012bgs, modrs<\/span><\/p>\n<p><span style=\"color: #000000;\"><strong>Dz\u012bves ilgums:<\/strong> 7-10 gadi<\/span>[\/vc_column_text][\/vc_column][\/vc_row][vc_row][vc_column][vc_column_text]<span style=\"color: #000000;\">V\u0101cu dog\u0101 apvienojas gan lielums un sp\u0113ks, gan c\u0113lums un elegance. Maigajam gigantam ir garena, izteiksm\u012bgi veidota galva. Ka\u017eoks ir visda\u017e\u0101d\u0101kaj\u0101s kr\u0101s\u0101s \u2013 melns, zils, sv\u012btrains, dzeltens vai l\u0101sumains. Dogam ir sirsn\u012bgs raksturs. Lai dogs izskat\u012btos nikn\u0101ks, Zieme\u013camerik\u0101 vi\u0146am bie\u017ei vien tiek sa\u012bsin\u0101tas ausis.<\/span><\/p>\n<p><span style=\"color: #000000;\"><strong>V\u0113sture.<\/strong> \u0160\u0137irnes dzimtene ir V\u0101cija, kur no vair\u0101k\u0101m dogu l\u012bdz\u012bg\u0101m su\u0146u \u0161\u0137irn\u0113m tika ieg\u016bts m\u016bsdien\u0101s labi paz\u012bstamais v\u0101cu dogs. Dom\u0101jams, ka gr\u0101cija un veikl\u012bba p\u0101rmantota no greihaundiem, kuri ar\u012b izmantoti \u0161\u0137irnes pilveido\u0161anai.<\/span><\/p>\n<p><span style=\"color: #000000;\"><strong>Piez\u012bme.<\/strong> V\u0101cu dogs ir \u013coti ieciet\u012bgs pret b\u0113rniem, t\u012br\u012bgs un vi\u0146a ka\u017eoks ir viegli kopjams. \u0160o \u012bpa\u0161\u012bbu d\u0113\u013c dogs var k\u013c\u016bt par lielisku \u0123imenes m\u012bluli, ta\u010du j\u0101\u0146em v\u0113r\u0101, ka sunim nepiecie\u0161ams liels pla\u0161ums un vi\u0146\u0161 \u0113d atbilsto\u0161i savam augumam \u2013 t\u0101tad su\u0146a pat\u0113r\u0113tas bar\u012bbas daudzums b\u016bs iespaid\u012bgs.<\/span><\/p>\n<p><span style=\"color: #000000;\"><strong>Otrs nosaukums.<\/strong> Lielais v\u0101cu dogs.<\/span>[\/vc_column_text][\/vc_column][\/vc_row]\n","protected":false},"excerpt":{"rendered":"<p>[vc_row][vc_column][vc_text_separator title=&#8221;V\u0101cu dogs &#8221; border_width=&#8221;8&#8243;][\/vc_column][\/vc_row][vc_row][vc_column width=&#8221;1\/2&#8243;][vc_single_image image=&#8221;8943&#8243; img_size=&#8221;full&#8221; alignment=&#8221;center&#8221; style=&#8221;vc_box_rounded&#8221;][\/vc_column][vc_column width=&#8221;1\/2&#8243;][vc_column_text]Dzimtene: V\u0101cija Funkcija: med\u012bbu suns Izcel\u0161an\u0101s: 2000. p.m.\u0113. Skausta augstums: 76-81 cm Masa: 45-55 kg Raksturs: dz\u012bvespriec\u012bgs, modrs Dz\u012bves ilgums: 7-10 gadi[\/vc_column_text][\/vc_column][\/vc_row][vc_row][vc_column][vc_column_text]V\u0101cu dog\u0101 apvienojas gan lielums un sp\u0113ks, gan c\u0113lums un elegance. Maigajam gigantam ir garena, izteiksm\u012bgi veidota galva. Ka\u017eoks ir visda\u017e\u0101d\u0101kaj\u0101s kr\u0101s\u0101s \u2013 melns, [&hellip;]<\/p>\n","protected":false},"author":1,"featured_media":0,"parent":8016,"menu_order":0,"comment_status":"closed","ping_status":"closed","template":"page-fullwidth.php","meta":{"_acf_changed":false,"_glsr_average":0,"_glsr_ranking":0,"_glsr_reviews":0,"footnotes":""},"translation":{"provider":"WPGlobus","version":"2.12.2","language":"en","enabled_languages":["lv","en","ru"],"languages":{"lv":{"title":true,"content":true,"excerpt":false},"en":{"title":false,"content":false,"excerpt":false},"ru":{"title":false,"content":false,"excerpt":false}}},"acf":[],"yoast_head":"<!-- This site is optimized with the Yoast SEO plugin v22.5 - https:\/\/yoast.com\/wordpress\/plugins\/seo\/ -->\n<title>V\u0101cu dogs - Whisker.lv | Su\u0146u \u0161\u0137irnes - V\u0101cu dogs<\/title>\n<meta name=\"robots\" content=\"index, follow, max-snippet:-1, max-image-preview:large, max-video-preview:-1\" \/>\n<link rel=\"canonical\" href=\"https:\/\/www.whisker.lv\/sunu-skirnes\/vacu-dogs\/\" \/>\n<meta property=\"og:locale\" content=\"en_US\" \/>\n<meta property=\"og:type\" content=\"article\" \/>\n<meta property=\"og:title\" content=\"V\u0101cu dogs - Whisker\" \/>\n<meta property=\"og:url\" content=\"https:\/\/www.whisker.lv\/sunu-skirnes\/vacu-dogs\/\" \/>\n<meta property=\"og:site_name\" content=\"Whisker\" \/>\n<meta property=\"article:publisher\" content=\"https:\/\/www.facebook.com\/whisker.lv\/\" \/>\n<meta property=\"article:modified_time\" content=\"2019-04-03T21:33:18+00:00\" \/>\n<meta name=\"twitter:card\" content=\"summary_large_image\" \/>\n<meta name=\"twitter:label1\" content=\"Est. reading time\" \/>\n\t<meta name=\"twitter:data1\" content=\"1 minute\" \/>\n<script type=\"application\/ld+json\" class=\"yoast-schema-graph\">{\"@context\":\"https:\/\/schema.org\",\"@graph\":[{\"@type\":\"WebPage\",\"@id\":\"https:\/\/www.whisker.lv\/sunu-skirnes\/vacu-dogs\/\",\"url\":\"https:\/\/www.whisker.lv\/sunu-skirnes\/vacu-dogs\/\",\"name\":\"V\u0101cu dogs - Whisker.lv | Su\u0146u \u0161\u0137irnes - V\u0101cu dogs\",\"isPartOf\":{\"@id\":\"https:\/\/www.whisker.lv\/#website\"},\"datePublished\":\"2019-03-12T19:12:25+00:00\",\"dateModified\":\"2019-04-03T21:33:18+00:00\",\"description\":\"V\u0101cu dogs - taj\u0101 apvienojas gan lielums un sp\u0113ks, gan c\u0113lums un elegance. Ka\u017eoks ir visda\u017e\u0101d\u0101kaj\u0101s kr\u0101s\u0101s \u2013 melns, zils, sv\u012btrains, dzeltens vai l\u0101sumains.\",\"breadcrumb\":{\"@id\":\"https:\/\/www.whisker.lv\/sunu-skirnes\/vacu-dogs\/#breadcrumb\"},\"inLanguage\":\"en-US\",\"potentialAction\":[{\"@type\":\"ReadAction\",\"target\":[\"https:\/\/www.whisker.lv\/sunu-skirnes\/vacu-dogs\/\"]}]},{\"@type\":\"BreadcrumbList\",\"@id\":\"https:\/\/www.whisker.lv\/sunu-skirnes\/vacu-dogs\/#breadcrumb\",\"itemListElement\":[{\"@type\":\"ListItem\",\"position\":1,\"name\":\"S\u0101kums\",\"item\":\"https:\/\/www.whisker.lv\/\"},{\"@type\":\"ListItem\",\"position\":2,\"name\":\"Su\u0146u \u0161\u0137irnes\",\"item\":\"https:\/\/www.whisker.lv\/sunu-skirnes\/\"},{\"@type\":\"ListItem\",\"position\":3,\"name\":\"V\u0101cu dogs\"}]},{\"@type\":\"WebSite\",\"@id\":\"https:\/\/www.whisker.lv\/#website\",\"url\":\"https:\/\/www.whisker.lv\/\",\"name\":\"Whisker\",\"description\":\"Tavs pal\u012bgs m\u0101jdzivnieku pieskat\u012b\u0161an\u0101\",\"potentialAction\":[{\"@type\":\"SearchAction\",\"target\":{\"@type\":\"EntryPoint\",\"urlTemplate\":\"https:\/\/www.whisker.lv\/?s={search_term_string}\"},\"query-input\":\"required name=search_term_string\"}],\"inLanguage\":\"en-US\"}]}<\/script>\n<!-- \/ Yoast SEO plugin. -->","yoast_head_json":{"title":"V\u0101cu dogs - Whisker.lv | Su\u0146u \u0161\u0137irnes - V\u0101cu dogs","robots":{"index":"index","follow":"follow","max-snippet":"max-snippet:-1","max-image-preview":"max-image-preview:large","max-video-preview":"max-video-preview:-1"},"canonical":"https:\/\/www.whisker.lv\/sunu-skirnes\/vacu-dogs\/","og_locale":"en_US","og_type":"article","og_title":"V\u0101cu dogs - Whisker","og_url":"https:\/\/www.whisker.lv\/sunu-skirnes\/vacu-dogs\/","og_site_name":"Whisker","article_publisher":"https:\/\/www.facebook.com\/whisker.lv\/","article_modified_time":"2019-04-03T21:33:18+00:00","twitter_card":"summary_large_image","twitter_misc":{"Est. reading time":"1 minute"},"schema":{"@context":"https:\/\/schema.org","@graph":[{"@type":"WebPage","@id":"https:\/\/www.whisker.lv\/sunu-skirnes\/vacu-dogs\/","url":"https:\/\/www.whisker.lv\/sunu-skirnes\/vacu-dogs\/","name":"V\u0101cu dogs - Whisker.lv | Su\u0146u \u0161\u0137irnes - V\u0101cu dogs","isPartOf":{"@id":"https:\/\/www.whisker.lv\/#website"},"datePublished":"2019-03-12T19:12:25+00:00","dateModified":"2019-04-03T21:33:18+00:00","description":"V\u0101cu dogs - taj\u0101 apvienojas gan lielums un sp\u0113ks, gan c\u0113lums un elegance. Ka\u017eoks ir visda\u017e\u0101d\u0101kaj\u0101s kr\u0101s\u0101s \u2013 melns, zils, sv\u012btrains, dzeltens vai l\u0101sumains.","breadcrumb":{"@id":"https:\/\/www.whisker.lv\/sunu-skirnes\/vacu-dogs\/#breadcrumb"},"inLanguage":"en-US","potentialAction":[{"@type":"ReadAction","target":["https:\/\/www.whisker.lv\/sunu-skirnes\/vacu-dogs\/"]}]},{"@type":"BreadcrumbList","@id":"https:\/\/www.whisker.lv\/sunu-skirnes\/vacu-dogs\/#breadcrumb","itemListElement":[{"@type":"ListItem","position":1,"name":"S\u0101kums","item":"https:\/\/www.whisker.lv\/"},{"@type":"ListItem","position":2,"name":"Su\u0146u \u0161\u0137irnes","item":"https:\/\/www.whisker.lv\/sunu-skirnes\/"},{"@type":"ListItem","position":3,"name":"V\u0101cu dogs"}]},{"@type":"WebSite","@id":"https:\/\/www.whisker.lv\/#website","url":"https:\/\/www.whisker.lv\/","name":"Whisker","description":"Tavs pal\u012bgs m\u0101jdzivnieku pieskat\u012b\u0161an\u0101","potentialAction":[{"@type":"SearchAction","target":{"@type":"EntryPoint","urlTemplate":"https:\/\/www.whisker.lv\/?s={search_term_string}"},"query-input":"required name=search_term_string"}],"inLanguage":"en-US"}]}},"_links":{"self":[{"href":"https:\/\/www.whisker.lv\/en\/wp-json\/wp\/v2\/pages\/8941"}],"collection":[{"href":"https:\/\/www.whisker.lv\/en\/wp-json\/wp\/v2\/pages"}],"about":[{"href":"https:\/\/www.whisker.lv\/en\/wp-json\/wp\/v2\/types\/page"}],"author":[{"embeddable":true,"href":"https:\/\/www.whisker.lv\/en\/wp-json\/wp\/v2\/users\/1"}],"replies":[{"embeddable":true,"href":"https:\/\/www.whisker.lv\/en\/wp-json\/wp\/v2\/comments?post=8941"}],"version-history":[{"count":3,"href":"https:\/\/www.whisker.lv\/en\/wp-json\/wp\/v2\/pages\/8941\/revisions"}],"predecessor-version":[{"id":8945,"href":"https:\/\/www.whisker.lv\/en\/wp-json\/wp\/v2\/pages\/8941\/revisions\/8945"}],"up":[{"embeddable":true,"href":"https:\/\/www.whisker.lv\/en\/wp-json\/wp\/v2\/pages\/8016"}],"wp:attachment":[{"href":"https:\/\/www.whisker.lv\/en\/wp-json\/wp\/v2\/media?parent=8941"}],"curies":[{"name":"wp","href":"https:\/\/api.w.org\/{rel}","templated":true}]}}