



{"id":8951,"date":"2019-03-12T21:30:54","date_gmt":"2019-03-12T19:30:54","guid":{"rendered":"https:\/\/www.whisker.lv\/?page_id=8951"},"modified":"2020-01-06T01:38:08","modified_gmt":"2020-01-05T23:38:08","slug":"vacu-aitu-suns","status":"publish","type":"page","link":"https:\/\/www.whisker.lv\/en\/sunu-skirnes\/vacu-aitu-suns\/","title":{"rendered":"V\u0101cu aitu suns"},"content":{"rendered":"[vc_row][vc_column][vc_text_separator title=&#8221;V\u0101cu aitu suns&#8221; border_width=&#8221;8&#8243;][\/vc_column][\/vc_row][vc_row][vc_column width=&#8221;1\/2&#8243;][vc_single_image image=&#8221;8953&#8243; img_size=&#8221;full&#8221; alignment=&#8221;center&#8221; style=&#8221;vc_box_rounded&#8221;][\/vc_column][vc_column width=&#8221;1\/2&#8243;][vc_column_text]<span style=\"color: #000000;\"><strong>Dzimtene:<\/strong> V\u0101cija<\/span><\/p>\n<p><span style=\"color: #000000;\"><strong>Funkcija:<\/strong> aitu suns<\/span><\/p>\n<p><span style=\"color: #000000;\"><strong>Izcel\u0161an\u0101s:<\/strong> ap 1800. g.<\/span><\/p>\n<p><span style=\"color: #000000;\"><strong>Skausta augstums:<\/strong> 57-62 cm<\/span><\/p>\n<p><span style=\"color: #000000;\"><strong>Masa:<\/strong> 34-43 kg<\/span><\/p>\n<p><span style=\"color: #000000;\"><strong>Raksturs:<\/strong> inteli\u0123ents, ir atbild\u012bbas izj\u016bta<\/span><\/p>\n<p><span style=\"color: #000000;\"><strong>Dz\u012bves ilgums:<\/strong> 7-10 gadi<\/span>[\/vc_column_text][\/vc_column][\/vc_row][vc_row][vc_column][vc_column_text]<span style=\"color: #000000;\">\u0160\u012b ir viena no popul\u0101r\u0101kaj\u0101m su\u0146u \u0161\u0137irn\u0113m pasaul\u0113. V\u0101cu aitu sunim ir samer\u0101 gar\u0161, musku\u013cots un sp\u0113c\u012bgs \u0137ermenis. Sunim ir \u013coti augstas darba sp\u0113jas. Vi\u0146\u0161 labpr\u0101t veic visda\u017e\u0101d\u0101kos darbus \u2013 mekl\u0113 pazudu\u0161os un gl\u0101bj nelaim\u0113 non\u0101ku\u0161os cilv\u0113kus, k\u0101 ar\u012b kalpo par pavadoni aklajiem. K\u0101dreiz su\u0146u izst\u0101d\u0113s var\u0113ja piedal\u012bties ar\u012b gludspalvainie, asspalvainie un garspalvainie v\u0101cu aitu su\u0146i, ta\u010du m\u016bsdien\u0101s tas at\u013cauts tikai \u012bsspalvainajiem v\u0101cu aitu su\u0146iem. Tom\u0113r v\u0113l aizvien ir \u0161\u0137irnes garspalvainais paveids.<\/span><\/p>\n<p>VAS ir raupja, vid\u0113ja garuma spalva ar biezu pavilnu. Vi\u0146u ka\u017eoks ir j\u0101\u0137emm\u0113 ik p\u0113c da\u017e\u0101m dien\u0101m. V\u0101cu aitu su\u0146iem ir relat\u012bvi augsts spalvas izkri\u0161anas l\u012bmenis, ko var mazin\u0101t, regul\u0101ri kopjot ka\u017eoku. Ka\u017eoks neuzs\u016bc net\u012brumus un gru\u017eus, t\u0101d\u0113\u013c nen\u0101ksies mazg\u0101t suni vair\u0101k k\u0101 reizi m\u0113nes\u012b. Nagiem j\u0101b\u016bt apgrieztiem, lai suns var\u0113tu \u0113rti p\u0101rvietoties. B\u016btu nepiecie\u0161ams sunim uztur\u0113t labu mutes higi\u0113nu, p\u0101ris reizes ned\u0113\u013c\u0101 t\u012brot zobus. \u0160ai \u0161\u0137irnei pat\u012bk ko\u0161\u013c\u0101t un t\u0101 ir apvelt\u012bta ar sp\u0113c\u012bgiem \u017eok\u013ciem, t\u0101p\u0113c ieg\u0101d\u0101jieties iztur\u012bgas grau\u017eam\u0101s rota\u013clietas.<\/p>\n<p>V\u0101cu aitu su\u0146i da\u017ereiz var k\u013c\u016bt nemier\u012bgi vai pat agres\u012bvi, ja netiek atbilsto\u0161i apm\u0101c\u012bti un tren\u0113ti. Noteikti r\u016bp\u012bgi apm\u0101ciet savu VAS. \u0160\u0137irnes inteli\u0123ence un v\u0113lme str\u0101d\u0101t padara \u0161o \u0161\u0137irni par diezgan viegli apm\u0101c\u0101mu. Pareiza socializ\u0101cija ir nepiecie\u0161ama ar\u012b t\u0101d\u0113\u013c, lai nodro\u0161in\u0101tu, ka VAS nek\u013c\u016bst stresains vai nobijies, kad satiekas ar \u0161ve\u0161iem cilv\u0113kiem vai dz\u012bvniekiem, k\u0101 ar\u012b nok\u013c\u016bstot jaun\u0101 vid\u0113. Su\u0146i var b\u016bt distanc\u0113ti un aizdomu pilni, atrodoties starp nepaz\u012bstamiem cilv\u0113kiem.<\/p>\n<p>\u0160\u012b ir \u0161\u0137irne ar augstu ener\u0123ijas l\u012bmeni un t\u0101d\u0113\u013c ir svar\u012bgas regul\u0101ras aktivit\u0101tes.\u00a0 Ikdienas pastaiga nav pietiekama. Sunim ir j\u0101skrien, j\u0101sp\u0113l\u0113jas un j\u0101p\u0113ta apk\u0101rt\u0113j\u0101 pasaule, lai nov\u0113rstu garlaic\u012bbu un p\u0101rlieku ener\u0123ijas uzkr\u0101\u0161anos.<\/p>\n<p>Suns, kam ir garlaic\u012bgi, var iemantot t\u0101du destrukt\u012bvu uzved\u012bbu k\u0101 rie\u0161ana, rak\u0161ana un grau\u0161ana.\u00a0 Ar pien\u0101c\u012bgu apm\u0101c\u012bbu un socializ\u0101ciju, VAS var b\u016bt \u013coti maigi m\u012blu\u013ci un \u0123imenes sargi. T\u0101 ir ide\u0101la \u0161\u0137irne akt\u012bv\u0101m m\u0101jsaimniec\u012bb\u0101m. \u0160\u012bs \u0161\u0137irnes inteli\u0123ence un aizsarg\u0101jo\u0161\u0101 iztur\u0113\u0161an\u0101s var padar\u012bt vi\u0146us par labu izv\u0113li \u0123imen\u0113m ar b\u0113rniem, ja vien suns ir pareizi apm\u0101c\u012bts.<\/p>\n<p><span style=\"color: #000000;\"><strong>V\u0113sture.<\/strong> \u0160\u0137irnes sen\u010di jau sen paz\u012bstami k\u0101 lieliski darba su\u0146i. V\u0101cu aitu suns pirmo reizi piedal\u012bj\u0101s izst\u0101d\u0113 1882. gad\u0101 Hanover\u0113, V\u0101cij\u0101.<\/span><\/p>\n<p><span style=\"color: #000000;\"><strong>Piez\u012bme.<\/strong> Ka\u017eoka kr\u0101sojum\u0101 domin\u0113 tikai tum\u0161ie to\u0146i. \u0160\u0137irnes standarts pie\u013cauj da\u017e\u0101dus gai\u0161us plankumi\u0146us.<\/span>[\/vc_column_text][\/vc_column][\/vc_row]\n","protected":false},"excerpt":{"rendered":"<p>[vc_row][vc_column][vc_text_separator title=&#8221;V\u0101cu aitu suns&#8221; border_width=&#8221;8&#8243;][\/vc_column][\/vc_row][vc_row][vc_column width=&#8221;1\/2&#8243;][vc_single_image image=&#8221;8953&#8243; img_size=&#8221;full&#8221; alignment=&#8221;center&#8221; style=&#8221;vc_box_rounded&#8221;][\/vc_column][vc_column width=&#8221;1\/2&#8243;][vc_column_text]Dzimtene: V\u0101cija Funkcija: aitu suns Izcel\u0161an\u0101s: ap 1800. g. Skausta augstums: 57-62 cm Masa: 34-43 kg Raksturs: inteli\u0123ents, ir atbild\u012bbas izj\u016bta Dz\u012bves ilgums: 7-10 gadi[\/vc_column_text][\/vc_column][\/vc_row][vc_row][vc_column][vc_column_text]\u0160\u012b ir viena no popul\u0101r\u0101kaj\u0101m su\u0146u \u0161\u0137irn\u0113m pasaul\u0113. V\u0101cu aitu sunim ir samer\u0101 gar\u0161, musku\u013cots un sp\u0113c\u012bgs \u0137ermenis. Sunim ir \u013coti [&hellip;]<\/p>\n","protected":false},"author":1,"featured_media":0,"parent":8016,"menu_order":0,"comment_status":"closed","ping_status":"closed","template":"page-fullwidth.php","meta":{"_acf_changed":false,"_glsr_average":0,"_glsr_ranking":0,"_glsr_reviews":0,"footnotes":""},"translation":{"provider":"WPGlobus","version":"2.12.2","language":"en","enabled_languages":["lv","en","ru"],"languages":{"lv":{"title":true,"content":true,"excerpt":false},"en":{"title":false,"content":false,"excerpt":false},"ru":{"title":false,"content":false,"excerpt":false}}},"acf":[],"yoast_head":"<!-- This site is optimized with the Yoast SEO plugin v22.5 - https:\/\/yoast.com\/wordpress\/plugins\/seo\/ -->\n<title>V\u0101cu aitu suns - Whisker.lv | Su\u0146u \u0161\u0137irnes - V\u0101cu aitu suns<\/title>\n<meta name=\"robots\" content=\"index, follow, max-snippet:-1, max-image-preview:large, max-video-preview:-1\" \/>\n<link rel=\"canonical\" href=\"https:\/\/www.whisker.lv\/sunu-skirnes\/vacu-aitu-suns\/\" \/>\n<meta property=\"og:locale\" content=\"en_US\" \/>\n<meta property=\"og:type\" content=\"article\" \/>\n<meta property=\"og:title\" content=\"V\u0101cu aitu suns - Whisker\" \/>\n<meta property=\"og:url\" content=\"https:\/\/www.whisker.lv\/sunu-skirnes\/vacu-aitu-suns\/\" \/>\n<meta property=\"og:site_name\" content=\"Whisker\" \/>\n<meta property=\"article:publisher\" content=\"https:\/\/www.facebook.com\/whisker.lv\/\" \/>\n<meta property=\"article:modified_time\" content=\"2020-01-05T23:38:08+00:00\" \/>\n<meta name=\"twitter:card\" content=\"summary_large_image\" \/>\n<meta name=\"twitter:label1\" content=\"Est. reading time\" \/>\n\t<meta name=\"twitter:data1\" content=\"3 minutes\" \/>\n<script type=\"application\/ld+json\" class=\"yoast-schema-graph\">{\"@context\":\"https:\/\/schema.org\",\"@graph\":[{\"@type\":\"WebPage\",\"@id\":\"https:\/\/www.whisker.lv\/sunu-skirnes\/vacu-aitu-suns\/\",\"url\":\"https:\/\/www.whisker.lv\/sunu-skirnes\/vacu-aitu-suns\/\",\"name\":\"V\u0101cu aitu suns - Whisker.lv | Su\u0146u \u0161\u0137irnes - V\u0101cu aitu suns\",\"isPartOf\":{\"@id\":\"https:\/\/www.whisker.lv\/#website\"},\"datePublished\":\"2019-03-12T19:30:54+00:00\",\"dateModified\":\"2020-01-05T23:38:08+00:00\",\"description\":\"V\u0101cu aitu suns ir viena no popul\u0101r\u0101kaj\u0101m su\u0146u \u0161\u0137irn\u0113m pasaul\u0113. V\u0101cu aitu sunim ir samer\u0101 gar\u0161, musku\u013cots un sp\u0113c\u012bgs \u0137ermenis.\",\"breadcrumb\":{\"@id\":\"https:\/\/www.whisker.lv\/sunu-skirnes\/vacu-aitu-suns\/#breadcrumb\"},\"inLanguage\":\"en-US\",\"potentialAction\":[{\"@type\":\"ReadAction\",\"target\":[\"https:\/\/www.whisker.lv\/sunu-skirnes\/vacu-aitu-suns\/\"]}]},{\"@type\":\"BreadcrumbList\",\"@id\":\"https:\/\/www.whisker.lv\/sunu-skirnes\/vacu-aitu-suns\/#breadcrumb\",\"itemListElement\":[{\"@type\":\"ListItem\",\"position\":1,\"name\":\"S\u0101kums\",\"item\":\"https:\/\/www.whisker.lv\/\"},{\"@type\":\"ListItem\",\"position\":2,\"name\":\"Su\u0146u \u0161\u0137irnes\",\"item\":\"https:\/\/www.whisker.lv\/sunu-skirnes\/\"},{\"@type\":\"ListItem\",\"position\":3,\"name\":\"V\u0101cu aitu suns\"}]},{\"@type\":\"WebSite\",\"@id\":\"https:\/\/www.whisker.lv\/#website\",\"url\":\"https:\/\/www.whisker.lv\/\",\"name\":\"Whisker\",\"description\":\"Tavs pal\u012bgs m\u0101jdzivnieku pieskat\u012b\u0161an\u0101\",\"potentialAction\":[{\"@type\":\"SearchAction\",\"target\":{\"@type\":\"EntryPoint\",\"urlTemplate\":\"https:\/\/www.whisker.lv\/?s={search_term_string}\"},\"query-input\":\"required name=search_term_string\"}],\"inLanguage\":\"en-US\"}]}<\/script>\n<!-- \/ Yoast SEO plugin. -->","yoast_head_json":{"title":"V\u0101cu aitu suns - Whisker.lv | Su\u0146u \u0161\u0137irnes - V\u0101cu aitu suns","robots":{"index":"index","follow":"follow","max-snippet":"max-snippet:-1","max-image-preview":"max-image-preview:large","max-video-preview":"max-video-preview:-1"},"canonical":"https:\/\/www.whisker.lv\/sunu-skirnes\/vacu-aitu-suns\/","og_locale":"en_US","og_type":"article","og_title":"V\u0101cu aitu suns - Whisker","og_url":"https:\/\/www.whisker.lv\/sunu-skirnes\/vacu-aitu-suns\/","og_site_name":"Whisker","article_publisher":"https:\/\/www.facebook.com\/whisker.lv\/","article_modified_time":"2020-01-05T23:38:08+00:00","twitter_card":"summary_large_image","twitter_misc":{"Est. reading time":"3 minutes"},"schema":{"@context":"https:\/\/schema.org","@graph":[{"@type":"WebPage","@id":"https:\/\/www.whisker.lv\/sunu-skirnes\/vacu-aitu-suns\/","url":"https:\/\/www.whisker.lv\/sunu-skirnes\/vacu-aitu-suns\/","name":"V\u0101cu aitu suns - Whisker.lv | Su\u0146u \u0161\u0137irnes - V\u0101cu aitu suns","isPartOf":{"@id":"https:\/\/www.whisker.lv\/#website"},"datePublished":"2019-03-12T19:30:54+00:00","dateModified":"2020-01-05T23:38:08+00:00","description":"V\u0101cu aitu suns ir viena no popul\u0101r\u0101kaj\u0101m su\u0146u \u0161\u0137irn\u0113m pasaul\u0113. V\u0101cu aitu sunim ir samer\u0101 gar\u0161, musku\u013cots un sp\u0113c\u012bgs \u0137ermenis.","breadcrumb":{"@id":"https:\/\/www.whisker.lv\/sunu-skirnes\/vacu-aitu-suns\/#breadcrumb"},"inLanguage":"en-US","potentialAction":[{"@type":"ReadAction","target":["https:\/\/www.whisker.lv\/sunu-skirnes\/vacu-aitu-suns\/"]}]},{"@type":"BreadcrumbList","@id":"https:\/\/www.whisker.lv\/sunu-skirnes\/vacu-aitu-suns\/#breadcrumb","itemListElement":[{"@type":"ListItem","position":1,"name":"S\u0101kums","item":"https:\/\/www.whisker.lv\/"},{"@type":"ListItem","position":2,"name":"Su\u0146u \u0161\u0137irnes","item":"https:\/\/www.whisker.lv\/sunu-skirnes\/"},{"@type":"ListItem","position":3,"name":"V\u0101cu aitu suns"}]},{"@type":"WebSite","@id":"https:\/\/www.whisker.lv\/#website","url":"https:\/\/www.whisker.lv\/","name":"Whisker","description":"Tavs pal\u012bgs m\u0101jdzivnieku pieskat\u012b\u0161an\u0101","potentialAction":[{"@type":"SearchAction","target":{"@type":"EntryPoint","urlTemplate":"https:\/\/www.whisker.lv\/?s={search_term_string}"},"query-input":"required name=search_term_string"}],"inLanguage":"en-US"}]}},"_links":{"self":[{"href":"https:\/\/www.whisker.lv\/en\/wp-json\/wp\/v2\/pages\/8951"}],"collection":[{"href":"https:\/\/www.whisker.lv\/en\/wp-json\/wp\/v2\/pages"}],"about":[{"href":"https:\/\/www.whisker.lv\/en\/wp-json\/wp\/v2\/types\/page"}],"author":[{"embeddable":true,"href":"https:\/\/www.whisker.lv\/en\/wp-json\/wp\/v2\/users\/1"}],"replies":[{"embeddable":true,"href":"https:\/\/www.whisker.lv\/en\/wp-json\/wp\/v2\/comments?post=8951"}],"version-history":[{"count":5,"href":"https:\/\/www.whisker.lv\/en\/wp-json\/wp\/v2\/pages\/8951\/revisions"}],"predecessor-version":[{"id":22446,"href":"https:\/\/www.whisker.lv\/en\/wp-json\/wp\/v2\/pages\/8951\/revisions\/22446"}],"up":[{"embeddable":true,"href":"https:\/\/www.whisker.lv\/en\/wp-json\/wp\/v2\/pages\/8016"}],"wp:attachment":[{"href":"https:\/\/www.whisker.lv\/en\/wp-json\/wp\/v2\/media?parent=8951"}],"curies":[{"name":"wp","href":"https:\/\/api.w.org\/{rel}","templated":true}]}}