



{"id":8973,"date":"2019-03-12T22:20:07","date_gmt":"2019-03-12T20:20:07","guid":{"rendered":"https:\/\/www.whisker.lv\/?page_id=8973"},"modified":"2019-04-03T23:30:04","modified_gmt":"2019-04-03T21:30:04","slug":"tibetas-terjers","status":"publish","type":"page","link":"https:\/\/www.whisker.lv\/en\/sunu-skirnes\/tibetas-terjers\/","title":{"rendered":"Tibetas terjers"},"content":{"rendered":"[vc_row][vc_column][vc_text_separator title=&#8221;Tibetas terjers &#8221; border_width=&#8221;8&#8243;][\/vc_column][\/vc_row][vc_row][vc_column width=&#8221;1\/2&#8243;][vc_single_image image=&#8221;8975&#8243; img_size=&#8221;full&#8221; alignment=&#8221;center&#8221; style=&#8221;vc_box_rounded&#8221;][\/vc_column][vc_column width=&#8221;1\/2&#8243;][vc_column_text]<span style=\"color: #000000;\"><strong>Dzimtene:<\/strong> Tibeta<\/span><\/p>\n<p><span style=\"color: #000000;\"><strong>Funkcija:<\/strong> gan\u0101mpulka uzraugs<\/span><\/p>\n<p><span style=\"color: #000000;\"><strong>Izcel\u0161an\u0101s:<\/strong> ap 1700. g.<\/span><\/p>\n<p><span style=\"color: #000000;\"><strong>Skausta augstums:<\/strong> 36-41 cm<\/span><\/p>\n<p><span style=\"color: #000000;\"><strong>Masa:<\/strong> 8-14 kg<\/span><\/p>\n<p><span style=\"color: #000000;\"><strong>Raksturs:<\/strong> draudz\u012bgs, modrs<\/span><\/p>\n<p><span style=\"color: #000000;\"><strong>Dz\u012bves ilgums:<\/strong> 15-16 gadi<\/span>[\/vc_column_text][\/vc_column][\/vc_row][vc_row][vc_column][vc_column_text]<span style=\"color: #000000;\">Lai gan \u0161is suns ir neliels, Tibet\u0101 gan\u0101mpulkus vi\u0146\u0161 uzrauga ar\u012b m\u016bsdien\u0101s. \u0160\u012b ir viena no terjeru tipa \u0161\u0137irn\u0113m, lai gan p\u0113c eksterjera su\u0146i atg\u0101dina bobteilus.<\/span><\/p>\n<p><span style=\"color: #000000;\"><strong>V\u0113sture.<\/strong> Eirop\u0101 Tibetas terjerus iepazina 1930. gad\u0101, kad vienu \u0161o su\u0146u p\u0101ri uz Lielbrit\u0101niju atveda doktors Greigs.<\/span><\/p>\n<p><span style=\"color: #000000;\"><strong>Piez\u012bme.<\/strong> Par \u0161\u0137irnes priek\u0161te\u010diem Eirop\u0101 tiek uzskat\u012bts Greiga atvestais terjeru p\u0101ris.<\/span>[\/vc_column_text][\/vc_column][\/vc_row]\n","protected":false},"excerpt":{"rendered":"<p>[vc_row][vc_column][vc_text_separator title=&#8221;Tibetas terjers &#8221; border_width=&#8221;8&#8243;][\/vc_column][\/vc_row][vc_row][vc_column width=&#8221;1\/2&#8243;][vc_single_image image=&#8221;8975&#8243; img_size=&#8221;full&#8221; alignment=&#8221;center&#8221; style=&#8221;vc_box_rounded&#8221;][\/vc_column][vc_column width=&#8221;1\/2&#8243;][vc_column_text]Dzimtene: Tibeta Funkcija: gan\u0101mpulka uzraugs Izcel\u0161an\u0101s: ap 1700. g. Skausta augstums: 36-41 cm Masa: 8-14 kg Raksturs: draudz\u012bgs, modrs Dz\u012bves ilgums: 15-16 gadi[\/vc_column_text][\/vc_column][\/vc_row][vc_row][vc_column][vc_column_text]Lai gan \u0161is suns ir neliels, Tibet\u0101 gan\u0101mpulkus vi\u0146\u0161 uzrauga ar\u012b m\u016bsdien\u0101s. \u0160\u012b ir viena no terjeru tipa \u0161\u0137irn\u0113m, lai gan p\u0113c eksterjera [&hellip;]<\/p>\n","protected":false},"author":1,"featured_media":0,"parent":8016,"menu_order":0,"comment_status":"closed","ping_status":"closed","template":"page-fullwidth.php","meta":{"_acf_changed":false,"_glsr_average":0,"_glsr_ranking":0,"_glsr_reviews":0,"footnotes":""},"translation":{"provider":"WPGlobus","version":"2.12.2","language":"en","enabled_languages":["lv","en","ru"],"languages":{"lv":{"title":true,"content":true,"excerpt":false},"en":{"title":false,"content":false,"excerpt":false},"ru":{"title":false,"content":false,"excerpt":false}}},"acf":[],"yoast_head":"<!-- This site is optimized with the Yoast SEO plugin v22.5 - https:\/\/yoast.com\/wordpress\/plugins\/seo\/ -->\n<title>Tibetas terjers - Whisker.lv | Su\u0146u \u0161\u0137irnes - Tibetas terjers<\/title>\n<meta name=\"robots\" content=\"index, follow, max-snippet:-1, max-image-preview:large, max-video-preview:-1\" \/>\n<link rel=\"canonical\" href=\"https:\/\/www.whisker.lv\/sunu-skirnes\/tibetas-terjers\/\" \/>\n<meta property=\"og:locale\" content=\"en_US\" \/>\n<meta property=\"og:type\" content=\"article\" \/>\n<meta property=\"og:title\" content=\"Tibetas terjers - Whisker\" \/>\n<meta property=\"og:url\" content=\"https:\/\/www.whisker.lv\/sunu-skirnes\/tibetas-terjers\/\" \/>\n<meta property=\"og:site_name\" content=\"Whisker\" \/>\n<meta property=\"article:publisher\" content=\"https:\/\/www.facebook.com\/whisker.lv\/\" \/>\n<meta property=\"article:modified_time\" content=\"2019-04-03T21:30:04+00:00\" \/>\n<meta name=\"twitter:card\" content=\"summary_large_image\" \/>\n<meta name=\"twitter:label1\" content=\"Est. reading time\" \/>\n\t<meta name=\"twitter:data1\" content=\"1 minute\" \/>\n<script type=\"application\/ld+json\" class=\"yoast-schema-graph\">{\"@context\":\"https:\/\/schema.org\",\"@graph\":[{\"@type\":\"WebPage\",\"@id\":\"https:\/\/www.whisker.lv\/sunu-skirnes\/tibetas-terjers\/\",\"url\":\"https:\/\/www.whisker.lv\/sunu-skirnes\/tibetas-terjers\/\",\"name\":\"Tibetas terjers - Whisker.lv | Su\u0146u \u0161\u0137irnes - Tibetas terjers\",\"isPartOf\":{\"@id\":\"https:\/\/www.whisker.lv\/#website\"},\"datePublished\":\"2019-03-12T20:20:07+00:00\",\"dateModified\":\"2019-04-03T21:30:04+00:00\",\"description\":\"Tibetas terjers ir suns ir neliels, gan\u0101mpulkus uzrauga ar\u012b m\u016bsdien\u0101s. \u0160\u012b ir viena no terjeru tipa \u0161\u0137irn\u0113m, lai gan p\u0113c eksterjera su\u0146i atg\u0101dina bobteilus,\",\"breadcrumb\":{\"@id\":\"https:\/\/www.whisker.lv\/sunu-skirnes\/tibetas-terjers\/#breadcrumb\"},\"inLanguage\":\"en-US\",\"potentialAction\":[{\"@type\":\"ReadAction\",\"target\":[\"https:\/\/www.whisker.lv\/sunu-skirnes\/tibetas-terjers\/\"]}]},{\"@type\":\"BreadcrumbList\",\"@id\":\"https:\/\/www.whisker.lv\/sunu-skirnes\/tibetas-terjers\/#breadcrumb\",\"itemListElement\":[{\"@type\":\"ListItem\",\"position\":1,\"name\":\"S\u0101kums\",\"item\":\"https:\/\/www.whisker.lv\/\"},{\"@type\":\"ListItem\",\"position\":2,\"name\":\"Su\u0146u \u0161\u0137irnes\",\"item\":\"https:\/\/www.whisker.lv\/sunu-skirnes\/\"},{\"@type\":\"ListItem\",\"position\":3,\"name\":\"Tibetas terjers\"}]},{\"@type\":\"WebSite\",\"@id\":\"https:\/\/www.whisker.lv\/#website\",\"url\":\"https:\/\/www.whisker.lv\/\",\"name\":\"Whisker\",\"description\":\"Tavs pal\u012bgs m\u0101jdzivnieku pieskat\u012b\u0161an\u0101\",\"potentialAction\":[{\"@type\":\"SearchAction\",\"target\":{\"@type\":\"EntryPoint\",\"urlTemplate\":\"https:\/\/www.whisker.lv\/?s={search_term_string}\"},\"query-input\":\"required name=search_term_string\"}],\"inLanguage\":\"en-US\"}]}<\/script>\n<!-- \/ Yoast SEO plugin. -->","yoast_head_json":{"title":"Tibetas terjers - Whisker.lv | Su\u0146u \u0161\u0137irnes - Tibetas terjers","robots":{"index":"index","follow":"follow","max-snippet":"max-snippet:-1","max-image-preview":"max-image-preview:large","max-video-preview":"max-video-preview:-1"},"canonical":"https:\/\/www.whisker.lv\/sunu-skirnes\/tibetas-terjers\/","og_locale":"en_US","og_type":"article","og_title":"Tibetas terjers - Whisker","og_url":"https:\/\/www.whisker.lv\/sunu-skirnes\/tibetas-terjers\/","og_site_name":"Whisker","article_publisher":"https:\/\/www.facebook.com\/whisker.lv\/","article_modified_time":"2019-04-03T21:30:04+00:00","twitter_card":"summary_large_image","twitter_misc":{"Est. reading time":"1 minute"},"schema":{"@context":"https:\/\/schema.org","@graph":[{"@type":"WebPage","@id":"https:\/\/www.whisker.lv\/sunu-skirnes\/tibetas-terjers\/","url":"https:\/\/www.whisker.lv\/sunu-skirnes\/tibetas-terjers\/","name":"Tibetas terjers - Whisker.lv | Su\u0146u \u0161\u0137irnes - Tibetas terjers","isPartOf":{"@id":"https:\/\/www.whisker.lv\/#website"},"datePublished":"2019-03-12T20:20:07+00:00","dateModified":"2019-04-03T21:30:04+00:00","description":"Tibetas terjers ir suns ir neliels, gan\u0101mpulkus uzrauga ar\u012b m\u016bsdien\u0101s. \u0160\u012b ir viena no terjeru tipa \u0161\u0137irn\u0113m, lai gan p\u0113c eksterjera su\u0146i atg\u0101dina bobteilus,","breadcrumb":{"@id":"https:\/\/www.whisker.lv\/sunu-skirnes\/tibetas-terjers\/#breadcrumb"},"inLanguage":"en-US","potentialAction":[{"@type":"ReadAction","target":["https:\/\/www.whisker.lv\/sunu-skirnes\/tibetas-terjers\/"]}]},{"@type":"BreadcrumbList","@id":"https:\/\/www.whisker.lv\/sunu-skirnes\/tibetas-terjers\/#breadcrumb","itemListElement":[{"@type":"ListItem","position":1,"name":"S\u0101kums","item":"https:\/\/www.whisker.lv\/"},{"@type":"ListItem","position":2,"name":"Su\u0146u \u0161\u0137irnes","item":"https:\/\/www.whisker.lv\/sunu-skirnes\/"},{"@type":"ListItem","position":3,"name":"Tibetas terjers"}]},{"@type":"WebSite","@id":"https:\/\/www.whisker.lv\/#website","url":"https:\/\/www.whisker.lv\/","name":"Whisker","description":"Tavs pal\u012bgs m\u0101jdzivnieku pieskat\u012b\u0161an\u0101","potentialAction":[{"@type":"SearchAction","target":{"@type":"EntryPoint","urlTemplate":"https:\/\/www.whisker.lv\/?s={search_term_string}"},"query-input":"required name=search_term_string"}],"inLanguage":"en-US"}]}},"_links":{"self":[{"href":"https:\/\/www.whisker.lv\/en\/wp-json\/wp\/v2\/pages\/8973"}],"collection":[{"href":"https:\/\/www.whisker.lv\/en\/wp-json\/wp\/v2\/pages"}],"about":[{"href":"https:\/\/www.whisker.lv\/en\/wp-json\/wp\/v2\/types\/page"}],"author":[{"embeddable":true,"href":"https:\/\/www.whisker.lv\/en\/wp-json\/wp\/v2\/users\/1"}],"replies":[{"embeddable":true,"href":"https:\/\/www.whisker.lv\/en\/wp-json\/wp\/v2\/comments?post=8973"}],"version-history":[{"count":3,"href":"https:\/\/www.whisker.lv\/en\/wp-json\/wp\/v2\/pages\/8973\/revisions"}],"predecessor-version":[{"id":8977,"href":"https:\/\/www.whisker.lv\/en\/wp-json\/wp\/v2\/pages\/8973\/revisions\/8977"}],"up":[{"embeddable":true,"href":"https:\/\/www.whisker.lv\/en\/wp-json\/wp\/v2\/pages\/8016"}],"wp:attachment":[{"href":"https:\/\/www.whisker.lv\/en\/wp-json\/wp\/v2\/media?parent=8973"}],"curies":[{"name":"wp","href":"https:\/\/api.w.org\/{rel}","templated":true}]}}