



{"id":8978,"date":"2019-03-12T22:29:11","date_gmt":"2019-03-12T20:29:11","guid":{"rendered":"https:\/\/www.whisker.lv\/?page_id=8978"},"modified":"2019-04-03T23:29:37","modified_gmt":"2019-04-03T21:29:37","slug":"tibetas-spaniels","status":"publish","type":"page","link":"https:\/\/www.whisker.lv\/en\/sunu-skirnes\/tibetas-spaniels\/","title":{"rendered":"Tibetas spaniels"},"content":{"rendered":"[vc_row][vc_column][vc_text_separator title=&#8221;Tibetas spaniels&#8221; border_width=&#8221;8&#8243;][\/vc_column][\/vc_row][vc_row][vc_column width=&#8221;1\/2&#8243;][vc_single_image image=&#8221;8348&#8243; img_size=&#8221;large&#8221; alignment=&#8221;center&#8221; style=&#8221;vc_box_rounded&#8221;][\/vc_column][vc_column width=&#8221;1\/2&#8243;][vc_column_text]<span style=\"color: #000000;\"><strong>Dzimtene:<\/strong> Tibeta<\/span><\/p>\n<p><span style=\"color: #000000;\"><strong>Funkcija:<\/strong> m\u016bku pavadonis<\/span><\/p>\n<p><span style=\"color: #000000;\"><strong>Izcel\u0161an\u0101s:<\/strong> ap 1600. g.<\/span><\/p>\n<p><span style=\"color: #000000;\"><strong>Skausta augstums:<\/strong> 25 cm<\/span><\/p>\n<p><span style=\"color: #000000;\"><strong>Masa:<\/strong> 4-7 kg<\/span><\/p>\n<p><span style=\"color: #000000;\"><strong>Raksturs:<\/strong> inteli\u0123ents, pa\u0161p\u0101rliecin\u0101ts<\/span><\/p>\n<p><span style=\"color: #000000;\"><strong>Dz\u012bves ilgums:<\/strong> 12-15 gadi<\/span>[\/vc_column_text][\/vc_column][\/vc_row][vc_row][vc_column][vc_column_text]<span style=\"color: #000000;\">Speci\u0101listi uzskata, ka \u0161\u0137irnes nosaukums ir maldino\u0161s, jo p\u0113c fiziskaj\u0101m \u012bpatn\u012bb\u0101m \u0161ie su\u0146i vair\u0101k l\u012bdzin\u0101s pekinie\u0161iem nek\u0101 spanieliem. Tibetas spaniela purni\u0146\u0161 ir nedaudz saplacin\u0101ts un ka\u017eoks nav sevi\u0161\u0137i kupls.<\/span><\/p>\n<p><span style=\"color: #000000;\"><strong>V\u0113sture.<\/strong> \u0160is inteli\u0123entais suns dz\u012bvoja Tibetas klosteros un piedal\u012bj\u0101s ritu\u0101los k\u0101 starpnieks star l\u016bdz\u0113jiem un Dievu.<\/span><\/p>\n<p><span style=\"color: #000000;\"><strong>Piez\u012bme.<\/strong> Tibetas spaniels ir uzticams, sirsn\u012bgs un \u013coti ener\u0123isks suns.<\/span>[\/vc_column_text][\/vc_column][\/vc_row]\n","protected":false},"excerpt":{"rendered":"<p>[vc_row][vc_column][vc_text_separator title=&#8221;Tibetas spaniels&#8221; border_width=&#8221;8&#8243;][\/vc_column][\/vc_row][vc_row][vc_column width=&#8221;1\/2&#8243;][vc_single_image image=&#8221;8348&#8243; img_size=&#8221;large&#8221; alignment=&#8221;center&#8221; style=&#8221;vc_box_rounded&#8221;][\/vc_column][vc_column width=&#8221;1\/2&#8243;][vc_column_text]Dzimtene: Tibeta Funkcija: m\u016bku pavadonis Izcel\u0161an\u0101s: ap 1600. g. Skausta augstums: 25 cm Masa: 4-7 kg Raksturs: inteli\u0123ents, pa\u0161p\u0101rliecin\u0101ts Dz\u012bves ilgums: 12-15 gadi[\/vc_column_text][\/vc_column][\/vc_row][vc_row][vc_column][vc_column_text]Speci\u0101listi uzskata, ka \u0161\u0137irnes nosaukums ir maldino\u0161s, jo p\u0113c fiziskaj\u0101m \u012bpatn\u012bb\u0101m \u0161ie su\u0146i vair\u0101k l\u012bdzin\u0101s pekinie\u0161iem nek\u0101 spanieliem. Tibetas spaniela purni\u0146\u0161 ir nedaudz saplacin\u0101ts [&hellip;]<\/p>\n","protected":false},"author":1,"featured_media":0,"parent":8016,"menu_order":0,"comment_status":"closed","ping_status":"closed","template":"page-fullwidth.php","meta":{"_acf_changed":false,"_glsr_average":0,"_glsr_ranking":0,"_glsr_reviews":0,"footnotes":""},"translation":{"provider":"WPGlobus","version":"2.12.2","language":"en","enabled_languages":["lv","en","ru"],"languages":{"lv":{"title":true,"content":true,"excerpt":false},"en":{"title":false,"content":false,"excerpt":false},"ru":{"title":false,"content":false,"excerpt":false}}},"acf":[],"yoast_head":"<!-- This site is optimized with the Yoast SEO plugin v22.5 - https:\/\/yoast.com\/wordpress\/plugins\/seo\/ -->\n<title>Tibetas spaniels - Whisker.lv | Su\u0146u \u0161\u0137irnes - Tibetas spaniels<\/title>\n<meta name=\"robots\" content=\"index, follow, max-snippet:-1, max-image-preview:large, max-video-preview:-1\" \/>\n<link rel=\"canonical\" href=\"https:\/\/www.whisker.lv\/sunu-skirnes\/tibetas-spaniels\/\" \/>\n<meta property=\"og:locale\" content=\"en_US\" \/>\n<meta property=\"og:type\" content=\"article\" \/>\n<meta property=\"og:title\" content=\"Tibetas spaniels - Whisker\" \/>\n<meta property=\"og:url\" content=\"https:\/\/www.whisker.lv\/sunu-skirnes\/tibetas-spaniels\/\" \/>\n<meta property=\"og:site_name\" content=\"Whisker\" \/>\n<meta property=\"article:publisher\" content=\"https:\/\/www.facebook.com\/whisker.lv\/\" \/>\n<meta property=\"article:modified_time\" content=\"2019-04-03T21:29:37+00:00\" \/>\n<meta name=\"twitter:card\" content=\"summary_large_image\" \/>\n<meta name=\"twitter:label1\" content=\"Est. reading time\" \/>\n\t<meta name=\"twitter:data1\" content=\"1 minute\" \/>\n<script type=\"application\/ld+json\" class=\"yoast-schema-graph\">{\"@context\":\"https:\/\/schema.org\",\"@graph\":[{\"@type\":\"WebPage\",\"@id\":\"https:\/\/www.whisker.lv\/sunu-skirnes\/tibetas-spaniels\/\",\"url\":\"https:\/\/www.whisker.lv\/sunu-skirnes\/tibetas-spaniels\/\",\"name\":\"Tibetas spaniels - Whisker.lv | Su\u0146u \u0161\u0137irnes - Tibetas spaniels\",\"isPartOf\":{\"@id\":\"https:\/\/www.whisker.lv\/#website\"},\"datePublished\":\"2019-03-12T20:29:11+00:00\",\"dateModified\":\"2019-04-03T21:29:37+00:00\",\"description\":\"Tibetas spaniels - speci\u0101listi uzskata, ka \u0161\u0137irnes nosaukums ir maldino\u0161s, jo p\u0113c fiziskaj\u0101m \u012bpatn\u012bb\u0101m \u0161ie su\u0146i vair\u0101k l\u012bdzin\u0101s pekinie\u0161iem nek\u0101 spanieliem.\",\"breadcrumb\":{\"@id\":\"https:\/\/www.whisker.lv\/sunu-skirnes\/tibetas-spaniels\/#breadcrumb\"},\"inLanguage\":\"en-US\",\"potentialAction\":[{\"@type\":\"ReadAction\",\"target\":[\"https:\/\/www.whisker.lv\/sunu-skirnes\/tibetas-spaniels\/\"]}]},{\"@type\":\"BreadcrumbList\",\"@id\":\"https:\/\/www.whisker.lv\/sunu-skirnes\/tibetas-spaniels\/#breadcrumb\",\"itemListElement\":[{\"@type\":\"ListItem\",\"position\":1,\"name\":\"S\u0101kums\",\"item\":\"https:\/\/www.whisker.lv\/\"},{\"@type\":\"ListItem\",\"position\":2,\"name\":\"Su\u0146u \u0161\u0137irnes\",\"item\":\"https:\/\/www.whisker.lv\/sunu-skirnes\/\"},{\"@type\":\"ListItem\",\"position\":3,\"name\":\"Tibetas spaniels\"}]},{\"@type\":\"WebSite\",\"@id\":\"https:\/\/www.whisker.lv\/#website\",\"url\":\"https:\/\/www.whisker.lv\/\",\"name\":\"Whisker\",\"description\":\"Tavs pal\u012bgs m\u0101jdzivnieku pieskat\u012b\u0161an\u0101\",\"potentialAction\":[{\"@type\":\"SearchAction\",\"target\":{\"@type\":\"EntryPoint\",\"urlTemplate\":\"https:\/\/www.whisker.lv\/?s={search_term_string}\"},\"query-input\":\"required name=search_term_string\"}],\"inLanguage\":\"en-US\"}]}<\/script>\n<!-- \/ Yoast SEO plugin. -->","yoast_head_json":{"title":"Tibetas spaniels - Whisker.lv | Su\u0146u \u0161\u0137irnes - Tibetas spaniels","robots":{"index":"index","follow":"follow","max-snippet":"max-snippet:-1","max-image-preview":"max-image-preview:large","max-video-preview":"max-video-preview:-1"},"canonical":"https:\/\/www.whisker.lv\/sunu-skirnes\/tibetas-spaniels\/","og_locale":"en_US","og_type":"article","og_title":"Tibetas spaniels - Whisker","og_url":"https:\/\/www.whisker.lv\/sunu-skirnes\/tibetas-spaniels\/","og_site_name":"Whisker","article_publisher":"https:\/\/www.facebook.com\/whisker.lv\/","article_modified_time":"2019-04-03T21:29:37+00:00","twitter_card":"summary_large_image","twitter_misc":{"Est. reading time":"1 minute"},"schema":{"@context":"https:\/\/schema.org","@graph":[{"@type":"WebPage","@id":"https:\/\/www.whisker.lv\/sunu-skirnes\/tibetas-spaniels\/","url":"https:\/\/www.whisker.lv\/sunu-skirnes\/tibetas-spaniels\/","name":"Tibetas spaniels - Whisker.lv | Su\u0146u \u0161\u0137irnes - Tibetas spaniels","isPartOf":{"@id":"https:\/\/www.whisker.lv\/#website"},"datePublished":"2019-03-12T20:29:11+00:00","dateModified":"2019-04-03T21:29:37+00:00","description":"Tibetas spaniels - speci\u0101listi uzskata, ka \u0161\u0137irnes nosaukums ir maldino\u0161s, jo p\u0113c fiziskaj\u0101m \u012bpatn\u012bb\u0101m \u0161ie su\u0146i vair\u0101k l\u012bdzin\u0101s pekinie\u0161iem nek\u0101 spanieliem.","breadcrumb":{"@id":"https:\/\/www.whisker.lv\/sunu-skirnes\/tibetas-spaniels\/#breadcrumb"},"inLanguage":"en-US","potentialAction":[{"@type":"ReadAction","target":["https:\/\/www.whisker.lv\/sunu-skirnes\/tibetas-spaniels\/"]}]},{"@type":"BreadcrumbList","@id":"https:\/\/www.whisker.lv\/sunu-skirnes\/tibetas-spaniels\/#breadcrumb","itemListElement":[{"@type":"ListItem","position":1,"name":"S\u0101kums","item":"https:\/\/www.whisker.lv\/"},{"@type":"ListItem","position":2,"name":"Su\u0146u \u0161\u0137irnes","item":"https:\/\/www.whisker.lv\/sunu-skirnes\/"},{"@type":"ListItem","position":3,"name":"Tibetas spaniels"}]},{"@type":"WebSite","@id":"https:\/\/www.whisker.lv\/#website","url":"https:\/\/www.whisker.lv\/","name":"Whisker","description":"Tavs pal\u012bgs m\u0101jdzivnieku pieskat\u012b\u0161an\u0101","potentialAction":[{"@type":"SearchAction","target":{"@type":"EntryPoint","urlTemplate":"https:\/\/www.whisker.lv\/?s={search_term_string}"},"query-input":"required name=search_term_string"}],"inLanguage":"en-US"}]}},"_links":{"self":[{"href":"https:\/\/www.whisker.lv\/en\/wp-json\/wp\/v2\/pages\/8978"}],"collection":[{"href":"https:\/\/www.whisker.lv\/en\/wp-json\/wp\/v2\/pages"}],"about":[{"href":"https:\/\/www.whisker.lv\/en\/wp-json\/wp\/v2\/types\/page"}],"author":[{"embeddable":true,"href":"https:\/\/www.whisker.lv\/en\/wp-json\/wp\/v2\/users\/1"}],"replies":[{"embeddable":true,"href":"https:\/\/www.whisker.lv\/en\/wp-json\/wp\/v2\/comments?post=8978"}],"version-history":[{"count":4,"href":"https:\/\/www.whisker.lv\/en\/wp-json\/wp\/v2\/pages\/8978\/revisions"}],"predecessor-version":[{"id":11097,"href":"https:\/\/www.whisker.lv\/en\/wp-json\/wp\/v2\/pages\/8978\/revisions\/11097"}],"up":[{"embeddable":true,"href":"https:\/\/www.whisker.lv\/en\/wp-json\/wp\/v2\/pages\/8016"}],"wp:attachment":[{"href":"https:\/\/www.whisker.lv\/en\/wp-json\/wp\/v2\/media?parent=8978"}],"curies":[{"name":"wp","href":"https:\/\/api.w.org\/{rel}","templated":true}]}}