



{"id":8983,"date":"2019-03-12T22:35:34","date_gmt":"2019-03-12T20:35:34","guid":{"rendered":"https:\/\/www.whisker.lv\/?page_id=8983"},"modified":"2019-04-03T23:29:08","modified_gmt":"2019-04-03T21:29:08","slug":"tibetas-mastifs","status":"publish","type":"page","link":"https:\/\/www.whisker.lv\/en\/sunu-skirnes\/tibetas-mastifs\/","title":{"rendered":"Tibetas mastifs"},"content":{"rendered":"[vc_row][vc_column][vc_text_separator title=&#8221;Tibetas mastifs &#8221; border_width=&#8221;8&#8243;][\/vc_column][\/vc_row][vc_row][vc_column width=&#8221;1\/2&#8243;][vc_single_image image=&#8221;8985&#8243; img_size=&#8221;full&#8221; alignment=&#8221;center&#8221; style=&#8221;vc_box_rounded&#8221;][\/vc_column][vc_column width=&#8221;1\/2&#8243;][vc_column_text]<span style=\"color: #000000;\"><strong>Dzimtene:<\/strong> Tibeta<\/span><\/p>\n<p><span style=\"color: #000000;\"><strong>Funkcija:<\/strong> s\u012bklopu sargs<\/span><\/p>\n<p><span style=\"color: #000000;\"><strong>Izcel\u0161an\u0101s:<\/strong> ap 900. g.<\/span><\/p>\n<p><span style=\"color: #000000;\"><strong>Skausta augstums:<\/strong> 61-71 cm<\/span><\/p>\n<p><span style=\"color: #000000;\"><strong>Masa:<\/strong> 64-82 kg<\/span><\/p>\n<p><span style=\"color: #000000;\"><strong>Raksturs:<\/strong> drosm\u012bgs, uzticams<\/span><\/p>\n<p><span style=\"color: #000000;\"><strong>Dz\u012bves ilgums:<\/strong> 10-12 gadi<\/span>[\/vc_column_text][\/vc_column][\/vc_row][vc_row][vc_column][vc_column_text]<span style=\"color: #000000;\">Suns labpr\u0101t veic fiziskus vingrin\u0101jumus un vienm\u0113r ir maigs pret saimnieku, k\u0101 ar\u012b pret b\u0113rniem. Tibet\u0101 su\u0146iem vienm\u0113r ir sarkanbr\u016bnas kaklasiksnas, kas izgatavotas no jaka matiem. T\u0101 ir z\u012bme, ka sunim ir \u012bpa\u0161s statuss.<\/span><\/p>\n<p><span style=\"color: #000000;\"><strong>V\u0113sture.<\/strong> Iesp\u0113jams, ka Tibetas mastifs ir daudzu Eiropas m\u016bsdienu mastifu \u0161\u0137ir\u0146u pamat\u0101. \u0160o \u0161kirni Eirop\u0101 esot ievedis Aleksandra Liel\u0101 karasp\u0113ks.<\/span><\/p>\n<p><span style=\"color: #000000;\"><strong>Piez\u012bme.<\/strong> Tibetas mastifu kuces mekl\u0113jas tikai reizi gad\u0101, nevis divas k\u0101 citu \u0161\u0137ir\u0146u kuces.<\/span>[\/vc_column_text][\/vc_column][\/vc_row]\n","protected":false},"excerpt":{"rendered":"<p>[vc_row][vc_column][vc_text_separator title=&#8221;Tibetas mastifs &#8221; border_width=&#8221;8&#8243;][\/vc_column][\/vc_row][vc_row][vc_column width=&#8221;1\/2&#8243;][vc_single_image image=&#8221;8985&#8243; img_size=&#8221;full&#8221; alignment=&#8221;center&#8221; style=&#8221;vc_box_rounded&#8221;][\/vc_column][vc_column width=&#8221;1\/2&#8243;][vc_column_text]Dzimtene: Tibeta Funkcija: s\u012bklopu sargs Izcel\u0161an\u0101s: ap 900. g. Skausta augstums: 61-71 cm Masa: 64-82 kg Raksturs: drosm\u012bgs, uzticams Dz\u012bves ilgums: 10-12 gadi[\/vc_column_text][\/vc_column][\/vc_row][vc_row][vc_column][vc_column_text]Suns labpr\u0101t veic fiziskus vingrin\u0101jumus un vienm\u0113r ir maigs pret saimnieku, k\u0101 ar\u012b pret b\u0113rniem. Tibet\u0101 su\u0146iem vienm\u0113r ir sarkanbr\u016bnas kaklasiksnas, kas izgatavotas [&hellip;]<\/p>\n","protected":false},"author":1,"featured_media":0,"parent":8016,"menu_order":0,"comment_status":"closed","ping_status":"closed","template":"page-fullwidth.php","meta":{"_acf_changed":false,"_glsr_average":0,"_glsr_ranking":0,"_glsr_reviews":0,"footnotes":""},"translation":{"provider":"WPGlobus","version":"2.12.2","language":"en","enabled_languages":["lv","en","ru"],"languages":{"lv":{"title":true,"content":true,"excerpt":false},"en":{"title":false,"content":false,"excerpt":false},"ru":{"title":false,"content":false,"excerpt":false}}},"acf":[],"yoast_head":"<!-- This site is optimized with the Yoast SEO plugin v22.5 - https:\/\/yoast.com\/wordpress\/plugins\/seo\/ -->\n<title>Tibetas mastifs - Whisker<\/title>\n<meta name=\"robots\" content=\"index, follow, max-snippet:-1, max-image-preview:large, max-video-preview:-1\" \/>\n<link rel=\"canonical\" href=\"https:\/\/www.whisker.lv\/en\/sunu-skirnes\/tibetas-mastifs\/\" \/>\n<meta property=\"og:locale\" content=\"en_US\" \/>\n<meta property=\"og:type\" content=\"article\" \/>\n<meta property=\"og:title\" content=\"Tibetas mastifs - Whisker\" \/>\n<meta property=\"og:url\" content=\"https:\/\/www.whisker.lv\/en\/sunu-skirnes\/tibetas-mastifs\/\" \/>\n<meta property=\"og:site_name\" content=\"Whisker\" \/>\n<meta property=\"article:publisher\" content=\"https:\/\/www.facebook.com\/whisker.lv\/\" \/>\n<meta property=\"article:modified_time\" content=\"2019-04-03T21:29:08+00:00\" \/>\n<meta name=\"twitter:card\" content=\"summary_large_image\" \/>\n<meta name=\"twitter:label1\" content=\"Est. reading time\" \/>\n\t<meta name=\"twitter:data1\" content=\"1 minute\" \/>\n<script type=\"application\/ld+json\" class=\"yoast-schema-graph\">{\"@context\":\"https:\/\/schema.org\",\"@graph\":[{\"@type\":\"WebPage\",\"@id\":\"https:\/\/www.whisker.lv\/en\/sunu-skirnes\/tibetas-mastifs\/\",\"url\":\"https:\/\/www.whisker.lv\/en\/sunu-skirnes\/tibetas-mastifs\/\",\"name\":\"Tibetas mastifs - Whisker\",\"isPartOf\":{\"@id\":\"https:\/\/www.whisker.lv\/#website\"},\"datePublished\":\"2019-03-12T20:35:34+00:00\",\"dateModified\":\"2019-04-03T21:29:08+00:00\",\"description\":\"Tibetas mastifs - Tibet\u0101 su\u0146iem vienm\u0113r ir sarkanbr\u016bnas kaklasiksnas, kas izgatavotas no jaka matiem. T\u0101 ir z\u012bme, ka sunim ir \u012bpa\u0161s statuss.\",\"breadcrumb\":{\"@id\":\"https:\/\/www.whisker.lv\/en\/sunu-skirnes\/tibetas-mastifs\/#breadcrumb\"},\"inLanguage\":\"en-US\",\"potentialAction\":[{\"@type\":\"ReadAction\",\"target\":[\"https:\/\/www.whisker.lv\/en\/sunu-skirnes\/tibetas-mastifs\/\"]}]},{\"@type\":\"BreadcrumbList\",\"@id\":\"https:\/\/www.whisker.lv\/en\/sunu-skirnes\/tibetas-mastifs\/#breadcrumb\",\"itemListElement\":[{\"@type\":\"ListItem\",\"position\":1,\"name\":\"S\u0101kums\",\"item\":\"https:\/\/www.whisker.lv\/\"},{\"@type\":\"ListItem\",\"position\":2,\"name\":\"Su\u0146u \u0161\u0137irnes\",\"item\":\"https:\/\/www.whisker.lv\/sunu-skirnes\/\"},{\"@type\":\"ListItem\",\"position\":3,\"name\":\"Tibetas mastifs\"}]},{\"@type\":\"WebSite\",\"@id\":\"https:\/\/www.whisker.lv\/#website\",\"url\":\"https:\/\/www.whisker.lv\/\",\"name\":\"Whisker\",\"description\":\"Tavs pal\u012bgs m\u0101jdzivnieku pieskat\u012b\u0161an\u0101\",\"potentialAction\":[{\"@type\":\"SearchAction\",\"target\":{\"@type\":\"EntryPoint\",\"urlTemplate\":\"https:\/\/www.whisker.lv\/?s={search_term_string}\"},\"query-input\":\"required name=search_term_string\"}],\"inLanguage\":\"en-US\"}]}<\/script>\n<!-- \/ Yoast SEO plugin. -->","yoast_head_json":{"title":"Tibetas mastifs - Whisker","robots":{"index":"index","follow":"follow","max-snippet":"max-snippet:-1","max-image-preview":"max-image-preview:large","max-video-preview":"max-video-preview:-1"},"canonical":"https:\/\/www.whisker.lv\/en\/sunu-skirnes\/tibetas-mastifs\/","og_locale":"en_US","og_type":"article","og_title":"Tibetas mastifs - Whisker","og_url":"https:\/\/www.whisker.lv\/en\/sunu-skirnes\/tibetas-mastifs\/","og_site_name":"Whisker","article_publisher":"https:\/\/www.facebook.com\/whisker.lv\/","article_modified_time":"2019-04-03T21:29:08+00:00","twitter_card":"summary_large_image","twitter_misc":{"Est. reading time":"1 minute"},"schema":{"@context":"https:\/\/schema.org","@graph":[{"@type":"WebPage","@id":"https:\/\/www.whisker.lv\/en\/sunu-skirnes\/tibetas-mastifs\/","url":"https:\/\/www.whisker.lv\/en\/sunu-skirnes\/tibetas-mastifs\/","name":"Tibetas mastifs - Whisker","isPartOf":{"@id":"https:\/\/www.whisker.lv\/#website"},"datePublished":"2019-03-12T20:35:34+00:00","dateModified":"2019-04-03T21:29:08+00:00","description":"Tibetas mastifs - Tibet\u0101 su\u0146iem vienm\u0113r ir sarkanbr\u016bnas kaklasiksnas, kas izgatavotas no jaka matiem. T\u0101 ir z\u012bme, ka sunim ir \u012bpa\u0161s statuss.","breadcrumb":{"@id":"https:\/\/www.whisker.lv\/en\/sunu-skirnes\/tibetas-mastifs\/#breadcrumb"},"inLanguage":"en-US","potentialAction":[{"@type":"ReadAction","target":["https:\/\/www.whisker.lv\/en\/sunu-skirnes\/tibetas-mastifs\/"]}]},{"@type":"BreadcrumbList","@id":"https:\/\/www.whisker.lv\/en\/sunu-skirnes\/tibetas-mastifs\/#breadcrumb","itemListElement":[{"@type":"ListItem","position":1,"name":"S\u0101kums","item":"https:\/\/www.whisker.lv\/"},{"@type":"ListItem","position":2,"name":"Su\u0146u \u0161\u0137irnes","item":"https:\/\/www.whisker.lv\/sunu-skirnes\/"},{"@type":"ListItem","position":3,"name":"Tibetas mastifs"}]},{"@type":"WebSite","@id":"https:\/\/www.whisker.lv\/#website","url":"https:\/\/www.whisker.lv\/","name":"Whisker","description":"Tavs pal\u012bgs m\u0101jdzivnieku pieskat\u012b\u0161an\u0101","potentialAction":[{"@type":"SearchAction","target":{"@type":"EntryPoint","urlTemplate":"https:\/\/www.whisker.lv\/?s={search_term_string}"},"query-input":"required name=search_term_string"}],"inLanguage":"en-US"}]}},"_links":{"self":[{"href":"https:\/\/www.whisker.lv\/en\/wp-json\/wp\/v2\/pages\/8983"}],"collection":[{"href":"https:\/\/www.whisker.lv\/en\/wp-json\/wp\/v2\/pages"}],"about":[{"href":"https:\/\/www.whisker.lv\/en\/wp-json\/wp\/v2\/types\/page"}],"author":[{"embeddable":true,"href":"https:\/\/www.whisker.lv\/en\/wp-json\/wp\/v2\/users\/1"}],"replies":[{"embeddable":true,"href":"https:\/\/www.whisker.lv\/en\/wp-json\/wp\/v2\/comments?post=8983"}],"version-history":[{"count":3,"href":"https:\/\/www.whisker.lv\/en\/wp-json\/wp\/v2\/pages\/8983\/revisions"}],"predecessor-version":[{"id":8987,"href":"https:\/\/www.whisker.lv\/en\/wp-json\/wp\/v2\/pages\/8983\/revisions\/8987"}],"up":[{"embeddable":true,"href":"https:\/\/www.whisker.lv\/en\/wp-json\/wp\/v2\/pages\/8016"}],"wp:attachment":[{"href":"https:\/\/www.whisker.lv\/en\/wp-json\/wp\/v2\/media?parent=8983"}],"curies":[{"name":"wp","href":"https:\/\/api.w.org\/{rel}","templated":true}]}}