



{"id":9019,"date":"2019-03-13T02:59:48","date_gmt":"2019-03-13T00:59:48","guid":{"rendered":"https:\/\/www.whisker.lv\/?page_id=9019"},"modified":"2019-04-03T23:26:18","modified_gmt":"2019-04-03T21:26:18","slug":"stafordsiras-bulterjers","status":"publish","type":"page","link":"https:\/\/www.whisker.lv\/en\/sunu-skirnes\/stafordsiras-bulterjers\/","title":{"rendered":"Staford\u0161\u012bras bulterjers"},"content":{"rendered":"[vc_row][vc_column][vc_text_separator title=&#8221;Staford\u0161\u012bras bulterjers&#8221; border_width=&#8221;8&#8243;][\/vc_column][\/vc_row][vc_row][vc_column width=&#8221;1\/2&#8243;][vc_single_image image=&#8221;8340&#8243; img_size=&#8221;large&#8221; alignment=&#8221;center&#8221; style=&#8221;vc_box_rounded&#8221;][\/vc_column][vc_column width=&#8221;1\/2&#8243;][vc_column_text]\n<p><span style=\"color: #000000;\"><strong>Dzimtene:<\/strong> Lielbrit\u0101nija<\/span><\/p>\n<p><span style=\"color: #000000;\"><strong>Funkcija:<\/strong> \u017eurku \u0137\u0113r\u0101js, c\u012b\u0146u suns<\/span><\/p>\n<p><span style=\"color: #000000;\"><strong>Izcel\u0161an\u0101s:<\/strong> ap 1800. g.<\/span><\/p>\n<p><span style=\"color: #000000;\"><strong>Skausta augstums:<\/strong> 36-41 cm<\/span><\/p>\n<p><span style=\"color: #000000;\"><strong>Masa:<\/strong> 11-17 kg<\/span><\/p>\n<p><span style=\"color: #000000;\"><strong>Raksturs:<\/strong> drosm\u012bgs, neatlaid\u012bgs<\/span><\/p>\n<p><span style=\"color: #000000;\"><strong>Dz\u012bves ilgums:<\/strong> 12-14 gadi<\/span>[\/vc_column_text][\/vc_column][\/vc_row][vc_row][vc_column][vc_column_text]<span style=\"color: #000000;\">\u0160\u012bs gludspalvainais, atl\u0113tiskais suns iemieso \u0101rk\u0101rt\u012bgi lielu sp\u0113ku, iztur\u012bbu un pa\u0161apzi\u0146u. Apmatojums var b\u016bt da\u017e\u0101d\u0101s kr\u0101s\u0101s.<\/span><\/p>\n<p><span style=\"color: #000000;\"><strong>V\u0113sture.<\/strong> \u0160\u012b sp\u0113c\u012bg\u0101 su\u0146a dzimtene ir Staford\u0161\u012bras gr\u0101fiste Anglij\u0101. \u0160\u0137irne ieg\u016bta krustojot buldogu un da\u017eadu \u0161\u0137ir\u0146u terjerus.<\/span><\/p>\n<p><span style=\"color: #000000;\"><strong>Piez\u012bme.<\/strong> Lai ar\u012b bulterjers tika izveidots speci\u0101li su\u0146u c\u012b\u0146\u0101m, vi\u0146a uztic\u012bba un padev\u012bba cilv\u0113kam ir apbr\u012bnas v\u0113rta.<\/span><\/p>\n[\/vc_column_text][\/vc_column][\/vc_row]\n","protected":false},"excerpt":{"rendered":"<p>[vc_row][vc_column][vc_text_separator title=&#8221;Staford\u0161\u012bras bulterjers&#8221; border_width=&#8221;8&#8243;][\/vc_column][\/vc_row][vc_row][vc_column width=&#8221;1\/2&#8243;][vc_single_image image=&#8221;8340&#8243; img_size=&#8221;large&#8221; alignment=&#8221;center&#8221; style=&#8221;vc_box_rounded&#8221;][\/vc_column][vc_column width=&#8221;1\/2&#8243;][vc_column_text] Dzimtene: Lielbrit\u0101nija Funkcija: \u017eurku \u0137\u0113r\u0101js, c\u012b\u0146u suns Izcel\u0161an\u0101s: ap 1800. g. Skausta augstums: 36-41 cm Masa: 11-17 kg Raksturs: drosm\u012bgs, neatlaid\u012bgs Dz\u012bves ilgums: 12-14 gadi[\/vc_column_text][\/vc_column][\/vc_row][vc_row][vc_column][vc_column_text]\u0160\u012bs gludspalvainais, atl\u0113tiskais suns iemieso \u0101rk\u0101rt\u012bgi lielu sp\u0113ku, iztur\u012bbu un pa\u0161apzi\u0146u. Apmatojums var b\u016bt da\u017e\u0101d\u0101s kr\u0101s\u0101s. V\u0113sture. \u0160\u012b sp\u0113c\u012bg\u0101 su\u0146a dzimtene [&hellip;]<\/p>\n","protected":false},"author":1,"featured_media":0,"parent":8016,"menu_order":0,"comment_status":"closed","ping_status":"closed","template":"page-fullwidth.php","meta":{"_acf_changed":false,"_glsr_average":0,"_glsr_ranking":0,"_glsr_reviews":0,"footnotes":""},"translation":{"provider":"WPGlobus","version":"2.12.2","language":"en","enabled_languages":["lv","en","ru"],"languages":{"lv":{"title":true,"content":true,"excerpt":false},"en":{"title":false,"content":false,"excerpt":false},"ru":{"title":false,"content":false,"excerpt":false}}},"acf":[],"yoast_head":"<!-- This site is optimized with the Yoast SEO plugin v22.5 - https:\/\/yoast.com\/wordpress\/plugins\/seo\/ -->\n<title>Staford\u0161\u012bras bulterjers - Whisker.lv | Su\u0146u \u0161\u0137irnes - Staford\u0161\u012bras bulterjers<\/title>\n<meta name=\"robots\" content=\"index, follow, max-snippet:-1, max-image-preview:large, max-video-preview:-1\" \/>\n<link rel=\"canonical\" href=\"https:\/\/www.whisker.lv\/sunu-skirnes\/stafordsiras-bulterjers\/\" \/>\n<meta property=\"og:locale\" content=\"en_US\" \/>\n<meta property=\"og:type\" content=\"article\" \/>\n<meta property=\"og:title\" content=\"Staford\u0161\u012bras bulterjers - Whisker\" \/>\n<meta property=\"og:url\" content=\"https:\/\/www.whisker.lv\/sunu-skirnes\/stafordsiras-bulterjers\/\" \/>\n<meta property=\"og:site_name\" content=\"Whisker\" \/>\n<meta property=\"article:publisher\" content=\"https:\/\/www.facebook.com\/whisker.lv\/\" \/>\n<meta property=\"article:modified_time\" content=\"2019-04-03T21:26:18+00:00\" \/>\n<meta name=\"twitter:card\" content=\"summary_large_image\" \/>\n<meta name=\"twitter:label1\" content=\"Est. reading time\" \/>\n\t<meta name=\"twitter:data1\" content=\"1 minute\" \/>\n<script type=\"application\/ld+json\" class=\"yoast-schema-graph\">{\"@context\":\"https:\/\/schema.org\",\"@graph\":[{\"@type\":\"WebPage\",\"@id\":\"https:\/\/www.whisker.lv\/sunu-skirnes\/stafordsiras-bulterjers\/\",\"url\":\"https:\/\/www.whisker.lv\/sunu-skirnes\/stafordsiras-bulterjers\/\",\"name\":\"Staford\u0161\u012bras bulterjers - Whisker.lv | Su\u0146u \u0161\u0137irnes - Staford\u0161\u012bras bulterjers\",\"isPartOf\":{\"@id\":\"https:\/\/www.whisker.lv\/#website\"},\"datePublished\":\"2019-03-13T00:59:48+00:00\",\"dateModified\":\"2019-04-03T21:26:18+00:00\",\"description\":\"Staford\u0161\u012bras bulterjers - \u0161\u012bs gludspalvainais, atl\u0113tiskais suns iemieso \u0101rk\u0101rt\u012bgi lielu sp\u0113ku, iztur\u012bbu un pa\u0161apzi\u0146u. Apmatojums var b\u016bt da\u017e\u0101d\u0101s kr\u0101s\u0101s.\",\"breadcrumb\":{\"@id\":\"https:\/\/www.whisker.lv\/sunu-skirnes\/stafordsiras-bulterjers\/#breadcrumb\"},\"inLanguage\":\"en-US\",\"potentialAction\":[{\"@type\":\"ReadAction\",\"target\":[\"https:\/\/www.whisker.lv\/sunu-skirnes\/stafordsiras-bulterjers\/\"]}]},{\"@type\":\"BreadcrumbList\",\"@id\":\"https:\/\/www.whisker.lv\/sunu-skirnes\/stafordsiras-bulterjers\/#breadcrumb\",\"itemListElement\":[{\"@type\":\"ListItem\",\"position\":1,\"name\":\"S\u0101kums\",\"item\":\"https:\/\/www.whisker.lv\/\"},{\"@type\":\"ListItem\",\"position\":2,\"name\":\"Su\u0146u \u0161\u0137irnes\",\"item\":\"https:\/\/www.whisker.lv\/sunu-skirnes\/\"},{\"@type\":\"ListItem\",\"position\":3,\"name\":\"Staford\u0161\u012bras bulterjers\"}]},{\"@type\":\"WebSite\",\"@id\":\"https:\/\/www.whisker.lv\/#website\",\"url\":\"https:\/\/www.whisker.lv\/\",\"name\":\"Whisker\",\"description\":\"Tavs pal\u012bgs m\u0101jdzivnieku pieskat\u012b\u0161an\u0101\",\"potentialAction\":[{\"@type\":\"SearchAction\",\"target\":{\"@type\":\"EntryPoint\",\"urlTemplate\":\"https:\/\/www.whisker.lv\/?s={search_term_string}\"},\"query-input\":\"required name=search_term_string\"}],\"inLanguage\":\"en-US\"}]}<\/script>\n<!-- \/ Yoast SEO plugin. -->","yoast_head_json":{"title":"Staford\u0161\u012bras bulterjers - Whisker.lv | Su\u0146u \u0161\u0137irnes - Staford\u0161\u012bras bulterjers","robots":{"index":"index","follow":"follow","max-snippet":"max-snippet:-1","max-image-preview":"max-image-preview:large","max-video-preview":"max-video-preview:-1"},"canonical":"https:\/\/www.whisker.lv\/sunu-skirnes\/stafordsiras-bulterjers\/","og_locale":"en_US","og_type":"article","og_title":"Staford\u0161\u012bras bulterjers - Whisker","og_url":"https:\/\/www.whisker.lv\/sunu-skirnes\/stafordsiras-bulterjers\/","og_site_name":"Whisker","article_publisher":"https:\/\/www.facebook.com\/whisker.lv\/","article_modified_time":"2019-04-03T21:26:18+00:00","twitter_card":"summary_large_image","twitter_misc":{"Est. reading time":"1 minute"},"schema":{"@context":"https:\/\/schema.org","@graph":[{"@type":"WebPage","@id":"https:\/\/www.whisker.lv\/sunu-skirnes\/stafordsiras-bulterjers\/","url":"https:\/\/www.whisker.lv\/sunu-skirnes\/stafordsiras-bulterjers\/","name":"Staford\u0161\u012bras bulterjers - Whisker.lv | Su\u0146u \u0161\u0137irnes - Staford\u0161\u012bras bulterjers","isPartOf":{"@id":"https:\/\/www.whisker.lv\/#website"},"datePublished":"2019-03-13T00:59:48+00:00","dateModified":"2019-04-03T21:26:18+00:00","description":"Staford\u0161\u012bras bulterjers - \u0161\u012bs gludspalvainais, atl\u0113tiskais suns iemieso \u0101rk\u0101rt\u012bgi lielu sp\u0113ku, iztur\u012bbu un pa\u0161apzi\u0146u. Apmatojums var b\u016bt da\u017e\u0101d\u0101s kr\u0101s\u0101s.","breadcrumb":{"@id":"https:\/\/www.whisker.lv\/sunu-skirnes\/stafordsiras-bulterjers\/#breadcrumb"},"inLanguage":"en-US","potentialAction":[{"@type":"ReadAction","target":["https:\/\/www.whisker.lv\/sunu-skirnes\/stafordsiras-bulterjers\/"]}]},{"@type":"BreadcrumbList","@id":"https:\/\/www.whisker.lv\/sunu-skirnes\/stafordsiras-bulterjers\/#breadcrumb","itemListElement":[{"@type":"ListItem","position":1,"name":"S\u0101kums","item":"https:\/\/www.whisker.lv\/"},{"@type":"ListItem","position":2,"name":"Su\u0146u \u0161\u0137irnes","item":"https:\/\/www.whisker.lv\/sunu-skirnes\/"},{"@type":"ListItem","position":3,"name":"Staford\u0161\u012bras bulterjers"}]},{"@type":"WebSite","@id":"https:\/\/www.whisker.lv\/#website","url":"https:\/\/www.whisker.lv\/","name":"Whisker","description":"Tavs pal\u012bgs m\u0101jdzivnieku pieskat\u012b\u0161an\u0101","potentialAction":[{"@type":"SearchAction","target":{"@type":"EntryPoint","urlTemplate":"https:\/\/www.whisker.lv\/?s={search_term_string}"},"query-input":"required name=search_term_string"}],"inLanguage":"en-US"}]}},"_links":{"self":[{"href":"https:\/\/www.whisker.lv\/en\/wp-json\/wp\/v2\/pages\/9019"}],"collection":[{"href":"https:\/\/www.whisker.lv\/en\/wp-json\/wp\/v2\/pages"}],"about":[{"href":"https:\/\/www.whisker.lv\/en\/wp-json\/wp\/v2\/types\/page"}],"author":[{"embeddable":true,"href":"https:\/\/www.whisker.lv\/en\/wp-json\/wp\/v2\/users\/1"}],"replies":[{"embeddable":true,"href":"https:\/\/www.whisker.lv\/en\/wp-json\/wp\/v2\/comments?post=9019"}],"version-history":[{"count":5,"href":"https:\/\/www.whisker.lv\/en\/wp-json\/wp\/v2\/pages\/9019\/revisions"}],"predecessor-version":[{"id":11111,"href":"https:\/\/www.whisker.lv\/en\/wp-json\/wp\/v2\/pages\/9019\/revisions\/11111"}],"up":[{"embeddable":true,"href":"https:\/\/www.whisker.lv\/en\/wp-json\/wp\/v2\/pages\/8016"}],"wp:attachment":[{"href":"https:\/\/www.whisker.lv\/en\/wp-json\/wp\/v2\/media?parent=9019"}],"curies":[{"name":"wp","href":"https:\/\/api.w.org\/{rel}","templated":true}]}}