



{"id":9024,"date":"2019-03-13T03:07:04","date_gmt":"2019-03-13T01:07:04","guid":{"rendered":"https:\/\/www.whisker.lv\/?page_id=9024"},"modified":"2019-04-03T23:25:52","modified_gmt":"2019-04-03T21:25:52","slug":"sprogainais-retrivers","status":"publish","type":"page","link":"https:\/\/www.whisker.lv\/en\/sunu-skirnes\/sprogainais-retrivers\/","title":{"rendered":"Sprogainais retr\u012bvers"},"content":{"rendered":"[vc_row][vc_column][vc_text_separator title=&#8221; Sprogainais retr\u012bvers &#8221; border_width=&#8221;8&#8243;][\/vc_column][\/vc_row][vc_row][vc_column width=&#8221;1\/2&#8243;][vc_single_image image=&#8221;9026&#8243; img_size=&#8221;full&#8221; alignment=&#8221;center&#8221; style=&#8221;vc_box_rounded&#8221;][\/vc_column][vc_column width=&#8221;1\/2&#8243;][vc_column_text]<span style=\"color: #000000;\"><strong>Dzimtene:<\/strong> Lielbrit\u0101nija<\/span><\/p>\n<p><span style=\"color: #000000;\"><strong>Funkcija:<\/strong> \u016bdensputnu suns<\/span><\/p>\n<p><span style=\"color: #000000;\"><strong>Izcel\u0161an\u0101s:<\/strong> ap 1800. g.<\/span><\/p>\n<p><span style=\"color: #000000;\"><strong>Skausta augstums:<\/strong> 64-69 cm<\/span><\/p>\n<p><span style=\"color: #000000;\"><strong>Masa:<\/strong> 32-36 kg<\/span><\/p>\n<p><span style=\"color: #000000;\"><strong>Raksturs:<\/strong> draudz\u012bgs, apzin\u012bgs<\/span><\/p>\n<p><span style=\"color: #000000;\"><strong>Dz\u012bves ilgums:<\/strong> 10-12 gadi<\/span>[\/vc_column_text][\/vc_column][\/vc_row][vc_row][vc_column][vc_column_text]<span style=\"color: #000000;\">Sprogainajiem retr\u012bveriem piem\u012bt sp\u0113ks un veikl\u012bba. Gandr\u012bz visu \u0137ermeni kl\u0101j melns vai sarkanbr\u016bns sprogains apmatojums, bet uz purna ir gludi un taisni mati\u0146i. Retr\u012bvera ka\u017eoks nav j\u0101trimm\u0113.<\/span><\/p>\n<p><span style=\"color: #000000;\"><strong>V\u0113sture.<\/strong> V\u0113l l\u012bdz \u0161ai dienai nav skaidrs, kas biju\u0161i sprogain\u0101 retr\u012bvera priek\u0161te\u010di. Dom\u0101jams, ka sprogainais ka\u017eoks mantots no \u016bdensspaniela. Iesp\u0113jams, ka \u0161\u0137irnes veido\u0161an\u0101 piedal\u012bju\u0161ies senie labradori un p\u016bde\u013ci.<\/span><\/p>\n<p><span style=\"color: #000000;\"><strong>Piez\u012bme.<\/strong> Sprogainais retr\u012bvers ir viena no vec\u0101kaj\u0101m retr\u012bveru \u0161\u0137irn\u0113m. T\u0101 v\u0113l arvien ir \u013coti popul\u0101ra Austr\u0101lij\u0101 un Jaunz\u0113land\u0113, kur to izmanto paipalu un \u016bdensputnu med\u012bb\u0101s. \u0160ie su\u0146i bez vilcin\u0101\u0161an\u0101s metas \u016bden\u012b. Vi\u0146u necaurlaid\u012bgais ka\u017eoks \u013coti \u0101tri iz\u017e\u016bst.<\/span><\/p>\n[\/vc_column_text][\/vc_column][\/vc_row]\n","protected":false},"excerpt":{"rendered":"<p>[vc_row][vc_column][vc_text_separator title=&#8221; Sprogainais retr\u012bvers &#8221; border_width=&#8221;8&#8243;][\/vc_column][\/vc_row][vc_row][vc_column width=&#8221;1\/2&#8243;][vc_single_image image=&#8221;9026&#8243; img_size=&#8221;full&#8221; alignment=&#8221;center&#8221; style=&#8221;vc_box_rounded&#8221;][\/vc_column][vc_column width=&#8221;1\/2&#8243;][vc_column_text]Dzimtene: Lielbrit\u0101nija Funkcija: \u016bdensputnu suns Izcel\u0161an\u0101s: ap 1800. g. Skausta augstums: 64-69 cm Masa: 32-36 kg Raksturs: draudz\u012bgs, apzin\u012bgs Dz\u012bves ilgums: 10-12 gadi[\/vc_column_text][\/vc_column][\/vc_row][vc_row][vc_column][vc_column_text]Sprogainajiem retr\u012bveriem piem\u012bt sp\u0113ks un veikl\u012bba. Gandr\u012bz visu \u0137ermeni kl\u0101j melns vai sarkanbr\u016bns sprogains apmatojums, bet uz purna ir gludi un taisni [&hellip;]<\/p>\n","protected":false},"author":1,"featured_media":0,"parent":8016,"menu_order":0,"comment_status":"closed","ping_status":"closed","template":"page-fullwidth.php","meta":{"_acf_changed":false,"_glsr_average":0,"_glsr_ranking":0,"_glsr_reviews":0,"footnotes":""},"translation":{"provider":"WPGlobus","version":"2.12.2","language":"en","enabled_languages":["lv","en","ru"],"languages":{"lv":{"title":true,"content":true,"excerpt":false},"en":{"title":false,"content":false,"excerpt":false},"ru":{"title":false,"content":false,"excerpt":false}}},"acf":[],"yoast_head":"<!-- This site is optimized with the Yoast SEO plugin v22.5 - https:\/\/yoast.com\/wordpress\/plugins\/seo\/ -->\n<title>Sprogainais retr\u012bvers - Whisker.lv | Su\u0146u \u0161\u0137irnes - Sprogainais retr\u012bvers<\/title>\n<meta name=\"robots\" content=\"index, follow, max-snippet:-1, max-image-preview:large, max-video-preview:-1\" \/>\n<link rel=\"canonical\" href=\"https:\/\/www.whisker.lv\/sunu-skirnes\/sprogainais-retrivers\/\" \/>\n<meta property=\"og:locale\" content=\"en_US\" \/>\n<meta property=\"og:type\" content=\"article\" \/>\n<meta property=\"og:title\" content=\"Sprogainais retr\u012bvers - Whisker\" \/>\n<meta property=\"og:url\" content=\"https:\/\/www.whisker.lv\/sunu-skirnes\/sprogainais-retrivers\/\" \/>\n<meta property=\"og:site_name\" content=\"Whisker\" \/>\n<meta property=\"article:publisher\" content=\"https:\/\/www.facebook.com\/whisker.lv\/\" \/>\n<meta property=\"article:modified_time\" content=\"2019-04-03T21:25:52+00:00\" \/>\n<meta name=\"twitter:card\" content=\"summary_large_image\" \/>\n<meta name=\"twitter:label1\" content=\"Est. reading time\" \/>\n\t<meta name=\"twitter:data1\" content=\"1 minute\" \/>\n<script type=\"application\/ld+json\" class=\"yoast-schema-graph\">{\"@context\":\"https:\/\/schema.org\",\"@graph\":[{\"@type\":\"WebPage\",\"@id\":\"https:\/\/www.whisker.lv\/sunu-skirnes\/sprogainais-retrivers\/\",\"url\":\"https:\/\/www.whisker.lv\/sunu-skirnes\/sprogainais-retrivers\/\",\"name\":\"Sprogainais retr\u012bvers - Whisker.lv | Su\u0146u \u0161\u0137irnes - Sprogainais retr\u012bvers\",\"isPartOf\":{\"@id\":\"https:\/\/www.whisker.lv\/#website\"},\"datePublished\":\"2019-03-13T01:07:04+00:00\",\"dateModified\":\"2019-04-03T21:25:52+00:00\",\"description\":\"Sprogainais retr\u012bvers - tam piem\u012bt sp\u0113ks un veikl\u012bba.Gandr\u012bz visu \u0137ermeni kl\u0101j melns vai sarkanbr\u016bns sprogains apmatojums,uz purna ir gludi un taisni mati\u0146i\",\"breadcrumb\":{\"@id\":\"https:\/\/www.whisker.lv\/sunu-skirnes\/sprogainais-retrivers\/#breadcrumb\"},\"inLanguage\":\"en-US\",\"potentialAction\":[{\"@type\":\"ReadAction\",\"target\":[\"https:\/\/www.whisker.lv\/sunu-skirnes\/sprogainais-retrivers\/\"]}]},{\"@type\":\"BreadcrumbList\",\"@id\":\"https:\/\/www.whisker.lv\/sunu-skirnes\/sprogainais-retrivers\/#breadcrumb\",\"itemListElement\":[{\"@type\":\"ListItem\",\"position\":1,\"name\":\"S\u0101kums\",\"item\":\"https:\/\/www.whisker.lv\/\"},{\"@type\":\"ListItem\",\"position\":2,\"name\":\"Su\u0146u \u0161\u0137irnes\",\"item\":\"https:\/\/www.whisker.lv\/sunu-skirnes\/\"},{\"@type\":\"ListItem\",\"position\":3,\"name\":\"Sprogainais retr\u012bvers\"}]},{\"@type\":\"WebSite\",\"@id\":\"https:\/\/www.whisker.lv\/#website\",\"url\":\"https:\/\/www.whisker.lv\/\",\"name\":\"Whisker\",\"description\":\"Tavs pal\u012bgs m\u0101jdzivnieku pieskat\u012b\u0161an\u0101\",\"potentialAction\":[{\"@type\":\"SearchAction\",\"target\":{\"@type\":\"EntryPoint\",\"urlTemplate\":\"https:\/\/www.whisker.lv\/?s={search_term_string}\"},\"query-input\":\"required name=search_term_string\"}],\"inLanguage\":\"en-US\"}]}<\/script>\n<!-- \/ Yoast SEO plugin. -->","yoast_head_json":{"title":"Sprogainais retr\u012bvers - Whisker.lv | Su\u0146u \u0161\u0137irnes - Sprogainais retr\u012bvers","robots":{"index":"index","follow":"follow","max-snippet":"max-snippet:-1","max-image-preview":"max-image-preview:large","max-video-preview":"max-video-preview:-1"},"canonical":"https:\/\/www.whisker.lv\/sunu-skirnes\/sprogainais-retrivers\/","og_locale":"en_US","og_type":"article","og_title":"Sprogainais retr\u012bvers - Whisker","og_url":"https:\/\/www.whisker.lv\/sunu-skirnes\/sprogainais-retrivers\/","og_site_name":"Whisker","article_publisher":"https:\/\/www.facebook.com\/whisker.lv\/","article_modified_time":"2019-04-03T21:25:52+00:00","twitter_card":"summary_large_image","twitter_misc":{"Est. reading time":"1 minute"},"schema":{"@context":"https:\/\/schema.org","@graph":[{"@type":"WebPage","@id":"https:\/\/www.whisker.lv\/sunu-skirnes\/sprogainais-retrivers\/","url":"https:\/\/www.whisker.lv\/sunu-skirnes\/sprogainais-retrivers\/","name":"Sprogainais retr\u012bvers - Whisker.lv | Su\u0146u \u0161\u0137irnes - Sprogainais retr\u012bvers","isPartOf":{"@id":"https:\/\/www.whisker.lv\/#website"},"datePublished":"2019-03-13T01:07:04+00:00","dateModified":"2019-04-03T21:25:52+00:00","description":"Sprogainais retr\u012bvers - tam piem\u012bt sp\u0113ks un veikl\u012bba.Gandr\u012bz visu \u0137ermeni kl\u0101j melns vai sarkanbr\u016bns sprogains apmatojums,uz purna ir gludi un taisni mati\u0146i","breadcrumb":{"@id":"https:\/\/www.whisker.lv\/sunu-skirnes\/sprogainais-retrivers\/#breadcrumb"},"inLanguage":"en-US","potentialAction":[{"@type":"ReadAction","target":["https:\/\/www.whisker.lv\/sunu-skirnes\/sprogainais-retrivers\/"]}]},{"@type":"BreadcrumbList","@id":"https:\/\/www.whisker.lv\/sunu-skirnes\/sprogainais-retrivers\/#breadcrumb","itemListElement":[{"@type":"ListItem","position":1,"name":"S\u0101kums","item":"https:\/\/www.whisker.lv\/"},{"@type":"ListItem","position":2,"name":"Su\u0146u \u0161\u0137irnes","item":"https:\/\/www.whisker.lv\/sunu-skirnes\/"},{"@type":"ListItem","position":3,"name":"Sprogainais retr\u012bvers"}]},{"@type":"WebSite","@id":"https:\/\/www.whisker.lv\/#website","url":"https:\/\/www.whisker.lv\/","name":"Whisker","description":"Tavs pal\u012bgs m\u0101jdzivnieku pieskat\u012b\u0161an\u0101","potentialAction":[{"@type":"SearchAction","target":{"@type":"EntryPoint","urlTemplate":"https:\/\/www.whisker.lv\/?s={search_term_string}"},"query-input":"required name=search_term_string"}],"inLanguage":"en-US"}]}},"_links":{"self":[{"href":"https:\/\/www.whisker.lv\/en\/wp-json\/wp\/v2\/pages\/9024"}],"collection":[{"href":"https:\/\/www.whisker.lv\/en\/wp-json\/wp\/v2\/pages"}],"about":[{"href":"https:\/\/www.whisker.lv\/en\/wp-json\/wp\/v2\/types\/page"}],"author":[{"embeddable":true,"href":"https:\/\/www.whisker.lv\/en\/wp-json\/wp\/v2\/users\/1"}],"replies":[{"embeddable":true,"href":"https:\/\/www.whisker.lv\/en\/wp-json\/wp\/v2\/comments?post=9024"}],"version-history":[{"count":3,"href":"https:\/\/www.whisker.lv\/en\/wp-json\/wp\/v2\/pages\/9024\/revisions"}],"predecessor-version":[{"id":9028,"href":"https:\/\/www.whisker.lv\/en\/wp-json\/wp\/v2\/pages\/9024\/revisions\/9028"}],"up":[{"embeddable":true,"href":"https:\/\/www.whisker.lv\/en\/wp-json\/wp\/v2\/pages\/8016"}],"wp:attachment":[{"href":"https:\/\/www.whisker.lv\/en\/wp-json\/wp\/v2\/media?parent=9024"}],"curies":[{"name":"wp","href":"https:\/\/api.w.org\/{rel}","templated":true}]}}