



{"id":9054,"date":"2019-03-13T03:41:45","date_gmt":"2019-03-13T01:41:45","guid":{"rendered":"https:\/\/www.whisker.lv\/?page_id=9054"},"modified":"2019-04-03T23:23:03","modified_gmt":"2019-04-03T21:23:03","slug":"sibirijas-haskijs","status":"publish","type":"page","link":"https:\/\/www.whisker.lv\/en\/sunu-skirnes\/sibirijas-haskijs\/","title":{"rendered":"Sib\u012brijas haskijs"},"content":{"rendered":"[vc_row][vc_column][vc_text_separator title=&#8221;Sib\u012brijas haskijs&#8221; border_width=&#8221;8&#8243;][\/vc_column][\/vc_row][vc_row][vc_column width=&#8221;1\/2&#8243;][vc_single_image image=&#8221;8333&#8243; img_size=&#8221;large&#8221; alignment=&#8221;center&#8221; style=&#8221;vc_box_rounded&#8221;][\/vc_column][vc_column width=&#8221;1\/2&#8243;][vc_column_text]<span style=\"color: #000000;\"><strong>Dzimtene:<\/strong> Krievija<\/span><\/p>\n<p><span style=\"color: #000000;\"><strong>Funkcija:<\/strong> nartu vilc\u0113js<\/span><\/p>\n<p><span style=\"color: #000000;\"><strong>Izcel\u0161an\u0101s:<\/strong> ap 1800. g.<\/span><\/p>\n<p><span style=\"color: #000000;\"><strong>Skausta augstums:<\/strong> 51-60 cm<\/span><\/p>\n<p><span style=\"color: #000000;\"><strong>Masa:<\/strong> 16-27 kg<\/span><\/p>\n<p><span style=\"color: #000000;\"><strong>Raksturs:<\/strong> ener\u0123isks, uzticams<\/span><\/p>\n<p><span style=\"color: #000000;\"><strong>Dz\u012bves ilgums:<\/strong> 12-14 gadi<\/span>[\/vc_column_text][\/vc_column][\/vc_row][vc_row][vc_column][vc_column_text]<span style=\"color: #000000;\">Haskijs ir veikls, atl\u0113tisks, sp\u0113c\u012bgs un nenogurdin\u0101ms suns. Sal\u012bdzin\u0101jum\u0101 ar citiem su\u0146iem, kuri velk nartas, Sib\u012brijas haskiji ir maz\u0101ki un trausl\u0101ki. Vid\u0113ji lielam sunim ka\u017eoku veido raupji akomati un bieza, m\u012bksta pavilna. Ka\u017eoks lieliski pasarg\u0101 su\u0146a \u0137ermeni no atdzi\u0161anas skarbaj\u0101s Sib\u012brijas ziem\u0101s.<\/span><\/p>\n<p><span style=\"color: #000000;\"><strong>V\u0113sture.<\/strong> Sib\u012brijas haskiju izveidoju\u0161i \u0100zijas zieme\u013cda\u013c\u0101 m\u012bto\u0161ie \u010duk\u010di. Vi\u0146i haskijus izmantoja tikai nartu vilk\u0161anai.<\/span><\/p>\n<p><span style=\"color: #000000;\"><strong>Piez\u012bme.<\/strong> Bar\u0101 esot, su\u0146i m\u0113dz gaudot. Haskija ka\u017eoks vari\u0113 visda\u017e\u0101d\u0101kajos kr\u0101su to\u0146os.<\/span><\/p>\n<p><span style=\"color: #000000;\"><strong>Otrs nosaukums.<\/strong> Arktikas haskijs.<\/span><\/p>\n[\/vc_column_text][\/vc_column][\/vc_row]\n","protected":false},"excerpt":{"rendered":"<p>[vc_row][vc_column][vc_text_separator title=&#8221;Sib\u012brijas haskijs&#8221; border_width=&#8221;8&#8243;][\/vc_column][\/vc_row][vc_row][vc_column width=&#8221;1\/2&#8243;][vc_single_image image=&#8221;8333&#8243; img_size=&#8221;large&#8221; alignment=&#8221;center&#8221; style=&#8221;vc_box_rounded&#8221;][\/vc_column][vc_column width=&#8221;1\/2&#8243;][vc_column_text]Dzimtene: Krievija Funkcija: nartu vilc\u0113js Izcel\u0161an\u0101s: ap 1800. g. Skausta augstums: 51-60 cm Masa: 16-27 kg Raksturs: ener\u0123isks, uzticams Dz\u012bves ilgums: 12-14 gadi[\/vc_column_text][\/vc_column][\/vc_row][vc_row][vc_column][vc_column_text]Haskijs ir veikls, atl\u0113tisks, sp\u0113c\u012bgs un nenogurdin\u0101ms suns. Sal\u012bdzin\u0101jum\u0101 ar citiem su\u0146iem, kuri velk nartas, Sib\u012brijas haskiji ir maz\u0101ki un trausl\u0101ki. Vid\u0113ji lielam sunim [&hellip;]<\/p>\n","protected":false},"author":1,"featured_media":0,"parent":8016,"menu_order":0,"comment_status":"closed","ping_status":"closed","template":"page-fullwidth.php","meta":{"_acf_changed":false,"_glsr_average":0,"_glsr_ranking":0,"_glsr_reviews":0,"footnotes":""},"translation":{"provider":"WPGlobus","version":"2.12.2","language":"en","enabled_languages":["lv","en","ru"],"languages":{"lv":{"title":true,"content":true,"excerpt":false},"en":{"title":false,"content":false,"excerpt":false},"ru":{"title":false,"content":false,"excerpt":false}}},"acf":[],"yoast_head":"<!-- This site is optimized with the Yoast SEO plugin v22.5 - https:\/\/yoast.com\/wordpress\/plugins\/seo\/ -->\n<title>Sib\u012brijas haskijs - Whisker<\/title>\n<meta name=\"robots\" content=\"index, follow, max-snippet:-1, max-image-preview:large, max-video-preview:-1\" \/>\n<link rel=\"canonical\" href=\"https:\/\/www.whisker.lv\/ru\/sunu-skirnes\/sibirijas-haskijs\/\" \/>\n<meta property=\"og:locale\" content=\"en_US\" \/>\n<meta property=\"og:type\" content=\"article\" \/>\n<meta property=\"og:title\" content=\"Sib\u012brijas haskijs - Whisker\" \/>\n<meta property=\"og:url\" content=\"https:\/\/www.whisker.lv\/ru\/sunu-skirnes\/sibirijas-haskijs\/\" \/>\n<meta property=\"og:site_name\" content=\"Whisker\" \/>\n<meta property=\"article:publisher\" content=\"https:\/\/www.facebook.com\/whisker.lv\/\" \/>\n<meta property=\"article:modified_time\" content=\"2019-04-03T21:23:03+00:00\" \/>\n<meta name=\"twitter:card\" content=\"summary_large_image\" \/>\n<meta name=\"twitter:label1\" content=\"Est. reading time\" \/>\n\t<meta name=\"twitter:data1\" content=\"1 minute\" \/>\n<script type=\"application\/ld+json\" class=\"yoast-schema-graph\">{\"@context\":\"https:\/\/schema.org\",\"@graph\":[{\"@type\":\"WebPage\",\"@id\":\"https:\/\/www.whisker.lv\/ru\/sunu-skirnes\/sibirijas-haskijs\/\",\"url\":\"https:\/\/www.whisker.lv\/ru\/sunu-skirnes\/sibirijas-haskijs\/\",\"name\":\"Sib\u012brijas haskijs - Whisker\",\"isPartOf\":{\"@id\":\"https:\/\/www.whisker.lv\/#website\"},\"datePublished\":\"2019-03-13T01:41:45+00:00\",\"dateModified\":\"2019-04-03T21:23:03+00:00\",\"description\":\"Sib\u012brijas haskijs ir veikls, sp\u0113c\u012bgs un nenogurdin\u0101ms suns. Sal\u012bdzin\u0101jum\u0101 ar citiem su\u0146iem, kuri velk nartas, Sib\u012brijas haskiji ir maz\u0101ki un trausl\u0101ki.\",\"breadcrumb\":{\"@id\":\"https:\/\/www.whisker.lv\/ru\/sunu-skirnes\/sibirijas-haskijs\/#breadcrumb\"},\"inLanguage\":\"en-US\",\"potentialAction\":[{\"@type\":\"ReadAction\",\"target\":[\"https:\/\/www.whisker.lv\/ru\/sunu-skirnes\/sibirijas-haskijs\/\"]}]},{\"@type\":\"BreadcrumbList\",\"@id\":\"https:\/\/www.whisker.lv\/ru\/sunu-skirnes\/sibirijas-haskijs\/#breadcrumb\",\"itemListElement\":[{\"@type\":\"ListItem\",\"position\":1,\"name\":\"S\u0101kums\",\"item\":\"https:\/\/www.whisker.lv\/\"},{\"@type\":\"ListItem\",\"position\":2,\"name\":\"Su\u0146u \u0161\u0137irnes\",\"item\":\"https:\/\/www.whisker.lv\/sunu-skirnes\/\"},{\"@type\":\"ListItem\",\"position\":3,\"name\":\"Sib\u012brijas haskijs\"}]},{\"@type\":\"WebSite\",\"@id\":\"https:\/\/www.whisker.lv\/#website\",\"url\":\"https:\/\/www.whisker.lv\/\",\"name\":\"Whisker\",\"description\":\"Tavs pal\u012bgs m\u0101jdzivnieku pieskat\u012b\u0161an\u0101\",\"potentialAction\":[{\"@type\":\"SearchAction\",\"target\":{\"@type\":\"EntryPoint\",\"urlTemplate\":\"https:\/\/www.whisker.lv\/?s={search_term_string}\"},\"query-input\":\"required name=search_term_string\"}],\"inLanguage\":\"en-US\"}]}<\/script>\n<!-- \/ Yoast SEO plugin. -->","yoast_head_json":{"title":"Sib\u012brijas haskijs - Whisker","robots":{"index":"index","follow":"follow","max-snippet":"max-snippet:-1","max-image-preview":"max-image-preview:large","max-video-preview":"max-video-preview:-1"},"canonical":"https:\/\/www.whisker.lv\/ru\/sunu-skirnes\/sibirijas-haskijs\/","og_locale":"en_US","og_type":"article","og_title":"Sib\u012brijas haskijs - Whisker","og_url":"https:\/\/www.whisker.lv\/ru\/sunu-skirnes\/sibirijas-haskijs\/","og_site_name":"Whisker","article_publisher":"https:\/\/www.facebook.com\/whisker.lv\/","article_modified_time":"2019-04-03T21:23:03+00:00","twitter_card":"summary_large_image","twitter_misc":{"Est. reading time":"1 minute"},"schema":{"@context":"https:\/\/schema.org","@graph":[{"@type":"WebPage","@id":"https:\/\/www.whisker.lv\/ru\/sunu-skirnes\/sibirijas-haskijs\/","url":"https:\/\/www.whisker.lv\/ru\/sunu-skirnes\/sibirijas-haskijs\/","name":"Sib\u012brijas haskijs - Whisker","isPartOf":{"@id":"https:\/\/www.whisker.lv\/#website"},"datePublished":"2019-03-13T01:41:45+00:00","dateModified":"2019-04-03T21:23:03+00:00","description":"Sib\u012brijas haskijs ir veikls, sp\u0113c\u012bgs un nenogurdin\u0101ms suns. Sal\u012bdzin\u0101jum\u0101 ar citiem su\u0146iem, kuri velk nartas, Sib\u012brijas haskiji ir maz\u0101ki un trausl\u0101ki.","breadcrumb":{"@id":"https:\/\/www.whisker.lv\/ru\/sunu-skirnes\/sibirijas-haskijs\/#breadcrumb"},"inLanguage":"en-US","potentialAction":[{"@type":"ReadAction","target":["https:\/\/www.whisker.lv\/ru\/sunu-skirnes\/sibirijas-haskijs\/"]}]},{"@type":"BreadcrumbList","@id":"https:\/\/www.whisker.lv\/ru\/sunu-skirnes\/sibirijas-haskijs\/#breadcrumb","itemListElement":[{"@type":"ListItem","position":1,"name":"S\u0101kums","item":"https:\/\/www.whisker.lv\/"},{"@type":"ListItem","position":2,"name":"Su\u0146u \u0161\u0137irnes","item":"https:\/\/www.whisker.lv\/sunu-skirnes\/"},{"@type":"ListItem","position":3,"name":"Sib\u012brijas haskijs"}]},{"@type":"WebSite","@id":"https:\/\/www.whisker.lv\/#website","url":"https:\/\/www.whisker.lv\/","name":"Whisker","description":"Tavs pal\u012bgs m\u0101jdzivnieku pieskat\u012b\u0161an\u0101","potentialAction":[{"@type":"SearchAction","target":{"@type":"EntryPoint","urlTemplate":"https:\/\/www.whisker.lv\/?s={search_term_string}"},"query-input":"required name=search_term_string"}],"inLanguage":"en-US"}]}},"_links":{"self":[{"href":"https:\/\/www.whisker.lv\/en\/wp-json\/wp\/v2\/pages\/9054"}],"collection":[{"href":"https:\/\/www.whisker.lv\/en\/wp-json\/wp\/v2\/pages"}],"about":[{"href":"https:\/\/www.whisker.lv\/en\/wp-json\/wp\/v2\/types\/page"}],"author":[{"embeddable":true,"href":"https:\/\/www.whisker.lv\/en\/wp-json\/wp\/v2\/users\/1"}],"replies":[{"embeddable":true,"href":"https:\/\/www.whisker.lv\/en\/wp-json\/wp\/v2\/comments?post=9054"}],"version-history":[{"count":5,"href":"https:\/\/www.whisker.lv\/en\/wp-json\/wp\/v2\/pages\/9054\/revisions"}],"predecessor-version":[{"id":11318,"href":"https:\/\/www.whisker.lv\/en\/wp-json\/wp\/v2\/pages\/9054\/revisions\/11318"}],"up":[{"embeddable":true,"href":"https:\/\/www.whisker.lv\/en\/wp-json\/wp\/v2\/pages\/8016"}],"wp:attachment":[{"href":"https:\/\/www.whisker.lv\/en\/wp-json\/wp\/v2\/media?parent=9054"}],"curies":[{"name":"wp","href":"https:\/\/api.w.org\/{rel}","templated":true}]}}