



{"id":9064,"date":"2019-03-13T03:53:06","date_gmt":"2019-03-13T01:53:06","guid":{"rendered":"https:\/\/www.whisker.lv\/?page_id=9064"},"modified":"2019-04-03T23:22:11","modified_gmt":"2019-04-03T21:22:11","slug":"saseksas-spaniels","status":"publish","type":"page","link":"https:\/\/www.whisker.lv\/en\/sunu-skirnes\/saseksas-spaniels\/","title":{"rendered":"Saseksas spaniels"},"content":{"rendered":"[vc_row][vc_column][vc_text_separator title=&#8221;Saseksas spaniels &#8221; border_width=&#8221;8&#8243;][\/vc_column][\/vc_row][vc_row][vc_column width=&#8221;1\/2&#8243;][vc_single_image image=&#8221;9066&#8243; img_size=&#8221;full&#8221; alignment=&#8221;center&#8221; style=&#8221;vc_box_rounded&#8221;][\/vc_column][vc_column width=&#8221;1\/2&#8243;][vc_column_text]<span style=\"color: #000000;\"><strong>Dzimtene:<\/strong> Lielbrit\u0101nija<\/span><\/p>\n<p><span style=\"color: #000000;\"><strong>Funkcija:<\/strong> p\u0113ddzinis<\/span><\/p>\n<p><span style=\"color: #000000;\"><strong>Izcel\u0161an\u0101s:<\/strong> ap 1700. g.<\/span><\/p>\n<p><span style=\"color: #000000;\"><strong>Skausta augstums:<\/strong> 38-41 cm<\/span><\/p>\n<p><span style=\"color: #000000;\"><strong>Masa:<\/strong> 18-23 kg<\/span><\/p>\n<p><span style=\"color: #000000;\"><strong>Raksturs:<\/strong> draudz\u012bgs, nosv\u0113rts<\/span><\/p>\n<p><span style=\"color: #000000;\"><strong>Dz\u012bves ilgums:<\/strong> 13-15 gadi<\/span>[\/vc_column_text][\/vc_column][\/vc_row][vc_row][vc_column][vc_column_text]<span style=\"color: #000000;\">At\u0161\u0137ir\u012bb\u0101 no p\u0101r\u0113jiem spanieliem Saseksas spaniels ir gar\u0101ks, ar \u012bs\u0101k\u0101m k\u0101j\u0101m un gaus\u0101ks. Kr\u0101\u0161\u0146ais, gludais ka\u017eoks ir zeltaini br\u016bns, lai gan zeltaini ir tikai matu gali\u0146i.<\/span><\/p>\n<p><span style=\"color: #000000;\"><strong>V\u0113sture.<\/strong> \u0160\u012b ir viena no vec\u0101kaj\u0101m spanielu \u0161\u0137irn\u0113m, kas atsevi\u0161\u0137i izdal\u012bta 1855. gad\u0101.<\/span><\/p>\n<p><span style=\"color: #000000;\"><strong>Piez\u012bme.<\/strong> T\u0101pat k\u0101 p\u0101r\u0113jie spanieli, ar\u012b \u0161is spaniels, saodis med\u012bjuma p\u0113das, ska\u013ci rej.<\/span>[\/vc_column_text][\/vc_column][\/vc_row]\n","protected":false},"excerpt":{"rendered":"<p>[vc_row][vc_column][vc_text_separator title=&#8221;Saseksas spaniels &#8221; border_width=&#8221;8&#8243;][\/vc_column][\/vc_row][vc_row][vc_column width=&#8221;1\/2&#8243;][vc_single_image image=&#8221;9066&#8243; img_size=&#8221;full&#8221; alignment=&#8221;center&#8221; style=&#8221;vc_box_rounded&#8221;][\/vc_column][vc_column width=&#8221;1\/2&#8243;][vc_column_text]Dzimtene: Lielbrit\u0101nija Funkcija: p\u0113ddzinis Izcel\u0161an\u0101s: ap 1700. g. Skausta augstums: 38-41 cm Masa: 18-23 kg Raksturs: draudz\u012bgs, nosv\u0113rts Dz\u012bves ilgums: 13-15 gadi[\/vc_column_text][\/vc_column][\/vc_row][vc_row][vc_column][vc_column_text]At\u0161\u0137ir\u012bb\u0101 no p\u0101r\u0113jiem spanieliem Saseksas spaniels ir gar\u0101ks, ar \u012bs\u0101k\u0101m k\u0101j\u0101m un gaus\u0101ks. Kr\u0101\u0161\u0146ais, gludais ka\u017eoks ir zeltaini br\u016bns, lai gan zeltaini ir tikai [&hellip;]<\/p>\n","protected":false},"author":1,"featured_media":0,"parent":8016,"menu_order":0,"comment_status":"closed","ping_status":"closed","template":"page-fullwidth.php","meta":{"_acf_changed":false,"_glsr_average":0,"_glsr_ranking":0,"_glsr_reviews":0,"footnotes":""},"translation":{"provider":"WPGlobus","version":"2.12.2","language":"en","enabled_languages":["lv","en","ru"],"languages":{"lv":{"title":true,"content":true,"excerpt":false},"en":{"title":false,"content":false,"excerpt":false},"ru":{"title":false,"content":false,"excerpt":false}}},"acf":[],"yoast_head":"<!-- This site is optimized with the Yoast SEO plugin v22.5 - https:\/\/yoast.com\/wordpress\/plugins\/seo\/ -->\n<title>Saseksas spaniels - Whisker<\/title>\n<meta name=\"robots\" content=\"index, follow, max-snippet:-1, max-image-preview:large, max-video-preview:-1\" \/>\n<link rel=\"canonical\" href=\"https:\/\/www.whisker.lv\/ru\/sunu-skirnes\/saseksas-spaniels\/\" \/>\n<meta property=\"og:locale\" content=\"en_US\" \/>\n<meta property=\"og:type\" content=\"article\" \/>\n<meta property=\"og:title\" content=\"Saseksas spaniels - Whisker\" \/>\n<meta property=\"og:url\" content=\"https:\/\/www.whisker.lv\/ru\/sunu-skirnes\/saseksas-spaniels\/\" \/>\n<meta property=\"og:site_name\" content=\"Whisker\" \/>\n<meta property=\"article:publisher\" content=\"https:\/\/www.facebook.com\/whisker.lv\/\" \/>\n<meta property=\"article:modified_time\" content=\"2019-04-03T21:22:11+00:00\" \/>\n<meta name=\"twitter:card\" content=\"summary_large_image\" \/>\n<meta name=\"twitter:label1\" content=\"Est. reading time\" \/>\n\t<meta name=\"twitter:data1\" content=\"1 minute\" \/>\n<script type=\"application\/ld+json\" class=\"yoast-schema-graph\">{\"@context\":\"https:\/\/schema.org\",\"@graph\":[{\"@type\":\"WebPage\",\"@id\":\"https:\/\/www.whisker.lv\/ru\/sunu-skirnes\/saseksas-spaniels\/\",\"url\":\"https:\/\/www.whisker.lv\/ru\/sunu-skirnes\/saseksas-spaniels\/\",\"name\":\"Saseksas spaniels - Whisker\",\"isPartOf\":{\"@id\":\"https:\/\/www.whisker.lv\/#website\"},\"datePublished\":\"2019-03-13T01:53:06+00:00\",\"dateModified\":\"2019-04-03T21:22:11+00:00\",\"description\":\"At\u0161\u0137ir\u012bb\u0101 no p\u0101r\u0113jiem spanieliem Saseksas spaniels ir gar\u0101ks, ar \u012bs\u0101k\u0101m k\u0101j\u0101m un gaus\u0101ks. Kr\u0101\u0161\u0146ais, gludais ka\u017eoks ir zeltaini br\u016bns.\",\"breadcrumb\":{\"@id\":\"https:\/\/www.whisker.lv\/ru\/sunu-skirnes\/saseksas-spaniels\/#breadcrumb\"},\"inLanguage\":\"en-US\",\"potentialAction\":[{\"@type\":\"ReadAction\",\"target\":[\"https:\/\/www.whisker.lv\/ru\/sunu-skirnes\/saseksas-spaniels\/\"]}]},{\"@type\":\"BreadcrumbList\",\"@id\":\"https:\/\/www.whisker.lv\/ru\/sunu-skirnes\/saseksas-spaniels\/#breadcrumb\",\"itemListElement\":[{\"@type\":\"ListItem\",\"position\":1,\"name\":\"S\u0101kums\",\"item\":\"https:\/\/www.whisker.lv\/\"},{\"@type\":\"ListItem\",\"position\":2,\"name\":\"Su\u0146u \u0161\u0137irnes\",\"item\":\"https:\/\/www.whisker.lv\/sunu-skirnes\/\"},{\"@type\":\"ListItem\",\"position\":3,\"name\":\"Saseksas spaniels\"}]},{\"@type\":\"WebSite\",\"@id\":\"https:\/\/www.whisker.lv\/#website\",\"url\":\"https:\/\/www.whisker.lv\/\",\"name\":\"Whisker\",\"description\":\"Tavs pal\u012bgs m\u0101jdzivnieku pieskat\u012b\u0161an\u0101\",\"potentialAction\":[{\"@type\":\"SearchAction\",\"target\":{\"@type\":\"EntryPoint\",\"urlTemplate\":\"https:\/\/www.whisker.lv\/?s={search_term_string}\"},\"query-input\":\"required name=search_term_string\"}],\"inLanguage\":\"en-US\"}]}<\/script>\n<!-- \/ Yoast SEO plugin. -->","yoast_head_json":{"title":"Saseksas spaniels - Whisker","robots":{"index":"index","follow":"follow","max-snippet":"max-snippet:-1","max-image-preview":"max-image-preview:large","max-video-preview":"max-video-preview:-1"},"canonical":"https:\/\/www.whisker.lv\/ru\/sunu-skirnes\/saseksas-spaniels\/","og_locale":"en_US","og_type":"article","og_title":"Saseksas spaniels - Whisker","og_url":"https:\/\/www.whisker.lv\/ru\/sunu-skirnes\/saseksas-spaniels\/","og_site_name":"Whisker","article_publisher":"https:\/\/www.facebook.com\/whisker.lv\/","article_modified_time":"2019-04-03T21:22:11+00:00","twitter_card":"summary_large_image","twitter_misc":{"Est. reading time":"1 minute"},"schema":{"@context":"https:\/\/schema.org","@graph":[{"@type":"WebPage","@id":"https:\/\/www.whisker.lv\/ru\/sunu-skirnes\/saseksas-spaniels\/","url":"https:\/\/www.whisker.lv\/ru\/sunu-skirnes\/saseksas-spaniels\/","name":"Saseksas spaniels - Whisker","isPartOf":{"@id":"https:\/\/www.whisker.lv\/#website"},"datePublished":"2019-03-13T01:53:06+00:00","dateModified":"2019-04-03T21:22:11+00:00","description":"At\u0161\u0137ir\u012bb\u0101 no p\u0101r\u0113jiem spanieliem Saseksas spaniels ir gar\u0101ks, ar \u012bs\u0101k\u0101m k\u0101j\u0101m un gaus\u0101ks. Kr\u0101\u0161\u0146ais, gludais ka\u017eoks ir zeltaini br\u016bns.","breadcrumb":{"@id":"https:\/\/www.whisker.lv\/ru\/sunu-skirnes\/saseksas-spaniels\/#breadcrumb"},"inLanguage":"en-US","potentialAction":[{"@type":"ReadAction","target":["https:\/\/www.whisker.lv\/ru\/sunu-skirnes\/saseksas-spaniels\/"]}]},{"@type":"BreadcrumbList","@id":"https:\/\/www.whisker.lv\/ru\/sunu-skirnes\/saseksas-spaniels\/#breadcrumb","itemListElement":[{"@type":"ListItem","position":1,"name":"S\u0101kums","item":"https:\/\/www.whisker.lv\/"},{"@type":"ListItem","position":2,"name":"Su\u0146u \u0161\u0137irnes","item":"https:\/\/www.whisker.lv\/sunu-skirnes\/"},{"@type":"ListItem","position":3,"name":"Saseksas spaniels"}]},{"@type":"WebSite","@id":"https:\/\/www.whisker.lv\/#website","url":"https:\/\/www.whisker.lv\/","name":"Whisker","description":"Tavs pal\u012bgs m\u0101jdzivnieku pieskat\u012b\u0161an\u0101","potentialAction":[{"@type":"SearchAction","target":{"@type":"EntryPoint","urlTemplate":"https:\/\/www.whisker.lv\/?s={search_term_string}"},"query-input":"required name=search_term_string"}],"inLanguage":"en-US"}]}},"_links":{"self":[{"href":"https:\/\/www.whisker.lv\/en\/wp-json\/wp\/v2\/pages\/9064"}],"collection":[{"href":"https:\/\/www.whisker.lv\/en\/wp-json\/wp\/v2\/pages"}],"about":[{"href":"https:\/\/www.whisker.lv\/en\/wp-json\/wp\/v2\/types\/page"}],"author":[{"embeddable":true,"href":"https:\/\/www.whisker.lv\/en\/wp-json\/wp\/v2\/users\/1"}],"replies":[{"embeddable":true,"href":"https:\/\/www.whisker.lv\/en\/wp-json\/wp\/v2\/comments?post=9064"}],"version-history":[{"count":3,"href":"https:\/\/www.whisker.lv\/en\/wp-json\/wp\/v2\/pages\/9064\/revisions"}],"predecessor-version":[{"id":9068,"href":"https:\/\/www.whisker.lv\/en\/wp-json\/wp\/v2\/pages\/9064\/revisions\/9068"}],"up":[{"embeddable":true,"href":"https:\/\/www.whisker.lv\/en\/wp-json\/wp\/v2\/pages\/8016"}],"wp:attachment":[{"href":"https:\/\/www.whisker.lv\/en\/wp-json\/wp\/v2\/media?parent=9064"}],"curies":[{"name":"wp","href":"https:\/\/api.w.org\/{rel}","templated":true}]}}